{"id":1573,"date":"2023-07-13T05:36:17","date_gmt":"2023-07-13T05:36:17","guid":{"rendered":"https:\/\/chemuza.org\/pt\/foiemorio\/"},"modified":"2023-07-13T05:36:17","modified_gmt":"2023-07-13T05:36:17","slug":"foiemorio","status":"publish","type":"page","link":"https:\/\/chemuza.org\/pt\/foiemorio\/","title":{"rendered":"Liverm\u00f3rio"},"content":{"rendered":"<p>Livermorio \u00e9 um elemento sint\u00e9tico, de natureza radioativa, que n\u00e3o est\u00e1 presente no meio ambiente. \u00c9 composto por 4 is\u00f3topos que exibem decaimento alfa de curto prazo. O 293 Lv \u00e9 um dos mais est\u00e1veis, com dura\u00e7\u00e3o de 53 milissegundos. Por ser relativamente novo, suas aplica\u00e7\u00f5es \u00fateis s\u00e3o desconhecidas. No entanto, iremos contar-lhe as suas principais caracter\u00edsticas e outras informa\u00e7\u00f5es interessantes.<\/p>\n<h2> <strong>O que \u00e9 Liverm\u00f3rio?<\/strong><\/h2>\n<p> \u00c9 um elemento qu\u00edmico localizado na tabela peri\u00f3dica nos metais do bloco P com n\u00famero at\u00f4mico 116. Anteriormente era conhecido como Ununhexium, \u00e9 radioativo e transactin\u00eddeo, por possuir n\u00famero at\u00f4mico maior que 92 e possuir propriedades semelhantes aos metais. Acredita-se que seu estado natural seja s\u00f3lido e seus is\u00f3topos sejam t\u00e3o inst\u00e1veis que uma an\u00e1lise completa se mostra imposs\u00edvel.<\/p>\n<h3> <strong>S\u00edmbolo de Liverm\u00f3rio<\/strong><\/h3>\n<p> <span class=\"content-chemical-element\" style=\"float: left;width: 65px;height: 65px;border: 3px solid #666; display:flex;\n    justify-content: center;align-items: center;margin-right: 15px;\"><span style=\"font-size: 38px;\">Lv<\/span><\/span> recebeu esse nome ap\u00f3s ser descoberto no Laborat\u00f3rio Nacional Lawrence Livermore, na Calif\u00f3rnia. A princ\u00edpio chamava-se Ununhexium, mas alguns qu\u00edmicos sugeriram que recebesse o nome de Flerovio, em homenagem a G. Flyrov, pois ao obt\u00ea-lo alguns de seus \u00e1tomos se desintegram e se transformam neste elemento. Finalmente, em 2011, o nome Livermorio foi confirmado.<\/p>\n<h2> <strong>Caracter\u00edsticas do Livemorio<\/strong><\/h2>\n<p> O elemento Livermorium est\u00e1 localizado no grupo 16, per\u00edodo 7 da tabela peri\u00f3dica. \u00c9 um transactin\u00eddeo por natureza, inst\u00e1vel e radioativo, emitindo raios alfa, beta e gama, por isso se decomp\u00f5e rapidamente. Al\u00e9m disso, \u00e9 muito pesado e \u00e9 classificado como metal. Outras caracter\u00edsticas deste elemento s\u00e3o:<\/p>\n<ul>\n<li> <strong>Condi\u00e7\u00e3o<\/strong> : Supostamente s\u00f3lida.<\/li>\n<li> <strong>Cor<\/strong> : Sem dados.<\/li>\n<li> <strong>Sabor e odor<\/strong> : N\u00e3o determinado.<\/li>\n<li> <strong>Toxicidade<\/strong> : Alta considerando a radia\u00e7\u00e3o que emite.<\/li>\n<li> <strong>Radioatividade<\/strong> : Alta, em seu decaimento produz raios gama, beta e alfa.<\/li>\n<li> <strong>Composi\u00e7\u00e3o<\/strong> : Possui n\u00facleo composto por 116 el\u00e9trons e pr\u00f3tons e 177 n\u00eautrons.<\/li>\n<li> <strong>Solubilidade<\/strong> : N\u00e3o estabelecido.<\/li>\n<li> <strong>Estrutura<\/strong> : Sem dados.<\/li>\n<li> <strong>Is\u00f3topos<\/strong> : Possui 4, inst\u00e1veis, com massas at\u00f4micas de 290 a 293.<\/li>\n<\/ul>\n<h2> <strong>Propriedades qu\u00edmicas e f\u00edsicas do Livermorium<\/strong><\/h2>\n<ol>\n<li> <strong>N\u00famero at\u00f4mico<\/strong> : 116<\/li>\n<li> <strong>Per\u00edodo<\/strong> : 7<\/li>\n<li> <strong>Bloquear<\/strong> \ud83d\ude1b<\/li>\n<li> <strong>Grupo<\/strong> : 16<\/li>\n<li> <strong>Raio at\u00f4mico:<\/strong> 183 pm<\/li>\n<li> <strong>Eletronegatividade:<\/strong> 1,61<\/li>\n<li> <strong>Densidade:<\/strong> 12,9 g\/cm\u00b3<\/li>\n<li> <strong>Estado de oxida\u00e7\u00e3o<\/strong> : 2,2, 4<\/li>\n<li> <strong>Raio covalente (\u00c5):<\/strong> 175<\/li>\n<li> <strong>Raio m\u00e9dio:<\/strong> desconhecido <strong>.<\/strong><\/li>\n<li> <strong>Massa at\u00f4mica (g\/mol):<\/strong> 291u<\/li>\n<li> <strong>Ponto de fus\u00e3o:<\/strong> 364-507\u00b0C<\/li>\n<li> <strong>Ponto de ebuli\u00e7\u00e3o:<\/strong> 762-862<strong> <\/strong>\u00b0C<\/li>\n<li> <strong>El\u00e9trons por camada<\/strong> : 2, 8, 18, 32, 32, 18, 6<\/li>\n<li> <strong>Configura\u00e7\u00e3o eletr\u00f4nica:<\/strong> [Rn] 5f14 6d10 7s2 7p4<\/li>\n<li> <strong>Primeiro potencial de ioniza\u00e7\u00e3o<\/strong> (eV): 723,6 kJ\/mol<\/li>\n<li> <strong>Condutividade t\u00e9rmica:<\/strong> N\u00e3o calculada.<\/li>\n<\/ol>\n<h2> <strong>Origem de<\/strong><strong><\/strong> <strong>Liverm\u00f3rio<\/strong><\/h2>\n<p> O elemento foi descoberto em 2000 no Laborat\u00f3rio Nacional Lawrence, na Calif\u00f3rnia. L\u00e1, os cientistas bombardearam o is\u00f3topo Californium 248 com \u00edons C\u00e1lcio 48 em um ciclotron. No processo, foram obtidos 4 n\u00eautrons de vida curta, onde 292 Lv demora um pouco mais para decair. Posteriormente, dois segundos depois, o elemento decai em outros \u00e1tomos pesados, Flerovio 288, raz\u00e3o pela qual pensamos em dar-lhe este nome.<\/p>\n<h2> <strong>Para que \u00e9 utilizado o Livermorio?<\/strong><\/h2>\n<p> O elemento qu\u00edmico Livermorium \u00e9 muito inst\u00e1vel, de curta dura\u00e7\u00e3o e dif\u00edcil de obter, deixando poucos usos pr\u00e1ticos atualmente. As poucas amostras obtidas s\u00e3o pass\u00edveis de an\u00e1lise em instala\u00e7\u00f5es cient\u00edficas.<\/p>\n<h2> <strong>Efeitos do Livermorio na sa\u00fade<\/strong><\/h2>\n<p> Como as propriedades do Livermorium s\u00e3o radioativas e sint\u00e9ticas, \u00e9 necess\u00e1rio tomar precau\u00e7\u00f5es de seguran\u00e7a no seu manuseio. \u00c9 prov\u00e1vel que as an\u00e1lises determinem a sua toxicidade, pelo que n\u00e3o deve ser utilizado na vida quotidiana, mas apenas em instala\u00e7\u00f5es nucleares especiais.<\/p>\n<h2> <strong>Fatos interessantes sobre Livermorio<\/strong><\/h2>\n<p> Este elemento foi criado em julho de 2000 por um grupo de cientistas do Laborat\u00f3rio Nacional Lawrence Livermore. Qu\u00edmicos do Dubna Nuclear Research Institute participaram da descoberta. L\u00e1, eles notaram que o bombardeio de 248 Californium com \u00edons C\u00e1lcio 48 resultou na forma\u00e7\u00e3o de Livermorium atrav\u00e9s do decaimento alfa. Conhe\u00e7a outros dados relevantes:<\/p>\n<ul>\n<li> Dada a sua localiza\u00e7\u00e3o na tabela peri\u00f3dica, estima-se que \u00e0 temperatura ambiente seja um metal de apar\u00eancia s\u00f3lida, apresentando vantagens semelhantes ao pol\u00f4nio.<\/li>\n<li> Provavelmente compartilha propriedades com enxofre, oxig\u00eanio, tel\u00fario e sel\u00eanio.<\/li>\n<li> Com os estudos constantes realizados, espera-se que o elemento apresente estado de oxida\u00e7\u00e3o de +2,+4, sem atingir +6.<\/li>\n<li> Estima-se que tenha um ponto de ebuli\u00e7\u00e3o baixo e um ponto de fus\u00e3o alto.<\/li>\n<li> O elemento aproxima-se da estabilidade nuclear, na medida em que os seus \u00e1tomos em decomposi\u00e7\u00e3o emitem radia\u00e7\u00e3o, sugerindo que pode ser \u00fatil na cria\u00e7\u00e3o deste tipo de energia.<\/li>\n<\/ul>\n<p> Resumindo, este elemento \u00e9 totalmente artificial e radioativo. Sua produ\u00e7\u00e3o s\u00f3 \u00e9 poss\u00edvel em acelerador ou ciclotron para part\u00edculas de elementos superpesados. Os \u00e1tomos resultantes morrem em segundos, portanto os usos do Livermorium s\u00e3o muito limitados.<\/p>\n","protected":false},"excerpt":{"rendered":"<p>Livermorio \u00e9 um elemento sint\u00e9tico, de natureza radioativa, que n\u00e3o est\u00e1 presente no meio ambiente. \u00c9 composto por 4 is\u00f3topos que exibem decaimento alfa de curto prazo. O 293 Lv \u00e9 um dos mais est\u00e1veis, com dura\u00e7\u00e3o de 53 milissegundos. Por ser relativamente novo, suas aplica\u00e7\u00f5es \u00fateis s\u00e3o desconhecidas. No entanto, iremos contar-lhe as suas &#8230; <a title=\"Liverm\u00f3rio\" class=\"read-more\" href=\"https:\/\/chemuza.org\/pt\/foiemorio\/\" aria-label=\"Mais em Liverm\u00f3rio\">Ler mais<\/a><\/p>\n","protected":false},"author":1,"featured_media":0,"parent":0,"menu_order":0,"comment_status":"closed","ping_status":"closed","template":"","meta":{"footnotes":""},"class_list":["post-1573","page","type-page","status-publish"],"yoast_head":"<!-- This site is optimized with the Yoast SEO plugin v21.4 - https:\/\/yoast.com\/wordpress\/plugins\/seo\/ -->\n<title>Liverm\u00f3rio - Chemuza<\/title>\n<meta name=\"robots\" content=\"index, follow, max-snippet:-1, max-image-preview:large, max-video-preview:-1\" \/>\n<link rel=\"canonical\" href=\"https:\/\/chemuza.org\/pt\/foiemorio\/\" \/>\n<meta property=\"og:locale\" content=\"pt_PT\" \/>\n<meta property=\"og:type\" content=\"article\" \/>\n<meta property=\"og:title\" content=\"Liverm\u00f3rio - Chemuza\" \/>\n<meta property=\"og:description\" content=\"Livermorio \u00e9 um elemento sint\u00e9tico, de natureza radioativa, que n\u00e3o est\u00e1 presente no meio ambiente. \u00c9 composto por 4 is\u00f3topos que exibem decaimento alfa de curto prazo. O 293 Lv \u00e9 um dos mais est\u00e1veis, com dura\u00e7\u00e3o de 53 milissegundos. Por ser relativamente novo, suas aplica\u00e7\u00f5es \u00fateis s\u00e3o desconhecidas. No entanto, iremos contar-lhe as suas ... Ler mais\" \/>\n<meta property=\"og:url\" content=\"https:\/\/chemuza.org\/pt\/foiemorio\/\" \/>\n<meta property=\"og:site_name\" content=\"Statorials\" \/>\n<meta name=\"twitter:card\" content=\"summary_large_image\" \/>\n<meta name=\"twitter:label1\" content=\"Tempo estimado de leitura\" \/>\n\t<meta name=\"twitter:data1\" content=\"4 minutos\" \/>\n<script type=\"application\/ld+json\" class=\"yoast-schema-graph\">{\"@context\":\"https:\/\/schema.org\",\"@graph\":[{\"@type\":\"WebPage\",\"@id\":\"https:\/\/chemuza.org\/pt\/foiemorio\/\",\"url\":\"https:\/\/chemuza.org\/pt\/foiemorio\/\",\"name\":\"Liverm\u00f3rio - Chemuza\",\"isPartOf\":{\"@id\":\"https:\/\/chemuza.org\/pt\/#website\"},\"datePublished\":\"2023-07-13T05:36:17+00:00\",\"dateModified\":\"2023-07-13T05:36:17+00:00\",\"breadcrumb\":{\"@id\":\"https:\/\/chemuza.org\/pt\/foiemorio\/#breadcrumb\"},\"inLanguage\":\"pt-PT\",\"potentialAction\":[{\"@type\":\"ReadAction\",\"target\":[\"https:\/\/chemuza.org\/pt\/foiemorio\/\"]}]},{\"@type\":\"BreadcrumbList\",\"@id\":\"https:\/\/chemuza.org\/pt\/foiemorio\/#breadcrumb\",\"itemListElement\":[{\"@type\":\"ListItem\",\"position\":1,\"name\":\"Lar\",\"item\":\"https:\/\/chemuza.org\/pt\/\"},{\"@type\":\"ListItem\",\"position\":2,\"name\":\"Liverm\u00f3rio\"}]},{\"@type\":\"WebSite\",\"@id\":\"https:\/\/chemuza.org\/pt\/#website\",\"url\":\"https:\/\/chemuza.org\/pt\/\",\"name\":\"Chemuza\",\"description\":\"Sua porta de entrada para a descoberta qu\u00edmica!\",\"publisher\":{\"@id\":\"https:\/\/chemuza.org\/pt\/#organization\"},\"potentialAction\":[{\"@type\":\"SearchAction\",\"target\":{\"@type\":\"EntryPoint\",\"urlTemplate\":\"https:\/\/chemuza.org\/pt\/?s={search_term_string}\"},\"query-input\":\"required name=search_term_string\"}],\"inLanguage\":\"pt-PT\"},{\"@type\":\"Organization\",\"@id\":\"https:\/\/chemuza.org\/pt\/#organization\",\"name\":\"Chemuza\",\"url\":\"https:\/\/chemuza.org\/pt\/\",\"logo\":{\"@type\":\"ImageObject\",\"inLanguage\":\"pt-PT\",\"@id\":\"https:\/\/chemuza.org\/pt\/#\/schema\/logo\/image\/\",\"url\":\"https:\/\/chemuza.org\/pt\/wp-content\/uploads\/2023\/10\/chemuza-logo.png\",\"contentUrl\":\"https:\/\/chemuza.org\/pt\/wp-content\/uploads\/2023\/10\/chemuza-logo.png\",\"width\":387,\"height\":70,\"caption\":\"Chemuza\"},\"image\":{\"@id\":\"https:\/\/chemuza.org\/pt\/#\/schema\/logo\/image\/\"}}]}<\/script>\n<!-- \/ Yoast SEO plugin. -->","yoast_head_json":{"title":"Liverm\u00f3rio - Chemuza","robots":{"index":"index","follow":"follow","max-snippet":"max-snippet:-1","max-image-preview":"max-image-preview:large","max-video-preview":"max-video-preview:-1"},"canonical":"https:\/\/chemuza.org\/pt\/foiemorio\/","og_locale":"pt_PT","og_type":"article","og_title":"Liverm\u00f3rio - Chemuza","og_description":"Livermorio \u00e9 um elemento sint\u00e9tico, de natureza radioativa, que n\u00e3o est\u00e1 presente no meio ambiente. \u00c9 composto por 4 is\u00f3topos que exibem decaimento alfa de curto prazo. O 293 Lv \u00e9 um dos mais est\u00e1veis, com dura\u00e7\u00e3o de 53 milissegundos. Por ser relativamente novo, suas aplica\u00e7\u00f5es \u00fateis s\u00e3o desconhecidas. No entanto, iremos contar-lhe as suas ... Ler mais","og_url":"https:\/\/chemuza.org\/pt\/foiemorio\/","og_site_name":"Statorials","twitter_card":"summary_large_image","twitter_misc":{"Tempo estimado de leitura":"4 minutos"},"schema":{"@context":"https:\/\/schema.org","@graph":[{"@type":"WebPage","@id":"https:\/\/chemuza.org\/pt\/foiemorio\/","url":"https:\/\/chemuza.org\/pt\/foiemorio\/","name":"Liverm\u00f3rio - Chemuza","isPartOf":{"@id":"https:\/\/chemuza.org\/pt\/#website"},"datePublished":"2023-07-13T05:36:17+00:00","dateModified":"2023-07-13T05:36:17+00:00","breadcrumb":{"@id":"https:\/\/chemuza.org\/pt\/foiemorio\/#breadcrumb"},"inLanguage":"pt-PT","potentialAction":[{"@type":"ReadAction","target":["https:\/\/chemuza.org\/pt\/foiemorio\/"]}]},{"@type":"BreadcrumbList","@id":"https:\/\/chemuza.org\/pt\/foiemorio\/#breadcrumb","itemListElement":[{"@type":"ListItem","position":1,"name":"Lar","item":"https:\/\/chemuza.org\/pt\/"},{"@type":"ListItem","position":2,"name":"Liverm\u00f3rio"}]},{"@type":"WebSite","@id":"https:\/\/chemuza.org\/pt\/#website","url":"https:\/\/chemuza.org\/pt\/","name":"Chemuza","description":"Sua porta de entrada para a descoberta qu\u00edmica!","publisher":{"@id":"https:\/\/chemuza.org\/pt\/#organization"},"potentialAction":[{"@type":"SearchAction","target":{"@type":"EntryPoint","urlTemplate":"https:\/\/chemuza.org\/pt\/?s={search_term_string}"},"query-input":"required name=search_term_string"}],"inLanguage":"pt-PT"},{"@type":"Organization","@id":"https:\/\/chemuza.org\/pt\/#organization","name":"Chemuza","url":"https:\/\/chemuza.org\/pt\/","logo":{"@type":"ImageObject","inLanguage":"pt-PT","@id":"https:\/\/chemuza.org\/pt\/#\/schema\/logo\/image\/","url":"https:\/\/chemuza.org\/pt\/wp-content\/uploads\/2023\/10\/chemuza-logo.png","contentUrl":"https:\/\/chemuza.org\/pt\/wp-content\/uploads\/2023\/10\/chemuza-logo.png","width":387,"height":70,"caption":"Chemuza"},"image":{"@id":"https:\/\/chemuza.org\/pt\/#\/schema\/logo\/image\/"}}]}},"yoast_meta":{"yoast_wpseo_title":"","yoast_wpseo_metadesc":"","yoast_wpseo_canonical":""},"_links":{"self":[{"href":"https:\/\/chemuza.org\/pt\/wp-json\/wp\/v2\/pages\/1573","targetHints":{"allow":["GET"]}}],"collection":[{"href":"https:\/\/chemuza.org\/pt\/wp-json\/wp\/v2\/pages"}],"about":[{"href":"https:\/\/chemuza.org\/pt\/wp-json\/wp\/v2\/types\/page"}],"author":[{"embeddable":true,"href":"https:\/\/chemuza.org\/pt\/wp-json\/wp\/v2\/users\/1"}],"replies":[{"embeddable":true,"href":"https:\/\/chemuza.org\/pt\/wp-json\/wp\/v2\/comments?post=1573"}],"version-history":[{"count":0,"href":"https:\/\/chemuza.org\/pt\/wp-json\/wp\/v2\/pages\/1573\/revisions"}],"wp:attachment":[{"href":"https:\/\/chemuza.org\/pt\/wp-json\/wp\/v2\/media?parent=1573"}],"curies":[{"name":"wp","href":"https:\/\/api.w.org\/{rel}","templated":true}]}}