{"id":1572,"date":"2023-07-13T06:01:53","date_gmt":"2023-07-13T06:01:53","guid":{"rendered":"https:\/\/chemuza.org\/pt\/flerovio\/"},"modified":"2023-07-13T06:01:53","modified_gmt":"2023-07-13T06:01:53","slug":"flerovio","status":"publish","type":"page","link":"https:\/\/chemuza.org\/pt\/flerovio\/","title":{"rendered":"Fler\u00f3vio"},"content":{"rendered":"<p>Fler\u00f3vio \u00e9 um elemento radioativo sint\u00e9tico que n\u00e3o est\u00e1 presente na crosta terrestre. Sua produ\u00e7\u00e3o \u00e9 artificial e rara, pois s\u00e3o obtidos apenas alguns \u00e1tomos do elemento. Estima-se que seja composto por 7 is\u00f3topos com n\u00fameros de massa entre 286 e 289, mas que s\u00e3o inst\u00e1veis e de curta dura\u00e7\u00e3o. Descubra mais de seus recursos e dados interessantes.<\/p>\n<h2> <strong>O que \u00e9 Fler\u00f3vio?<\/strong><\/h2>\n<p> Como elemento qu\u00edmico, \u00e9 encontrado na tabela peri\u00f3dica sob o n\u00famero at\u00f4mico 114 em metais do bloco P. \u00c9 um elemento transactin\u00eddeo altamente radioativo que s\u00f3 \u00e9 gerado em laborat\u00f3rios especiais. Al\u00e9m disso, entre seus 7 is\u00f3topos, apenas o 289Fl \u00e9 um pouco mais est\u00e1vel, com meia-vida de 2,6 segundos. Al\u00e9m disso, acredita-se que dentro de seu n\u00facleo exista um is\u00f4mero ou mol\u00e9cula que dura 66 segundos, que \u00e9 o mais longo desses elementos artificiais.<\/p>\n<h3> <strong>S\u00edmbolo do Fler\u00f3vio<\/strong><\/h3>\n<p> <span class=\"content-chemical-element\" style=\"float: left;width: 65px;height: 65px;border: 3px solid #666; display:flex;\n    justify-content: center;align-items: center;margin-right: 15px;\"><span style=\"font-size: 38px;\">Fl<\/span><\/span> Seu nome \u00e9 uma homenagem a Georgi Flerov, f\u00edsico nuclear, fundador do laborat\u00f3rio Flerov em Dubna. Antes do seu nome oficial, era conhecido como Ununquadio, em refer\u00eancia ao seu n\u00famero at\u00f4mico 114.<\/p>\n<h2> <strong>Caracter\u00edsticas do Fler\u00f3vio<\/strong><\/h2>\n<p> O elemento qu\u00edmico Flerovium est\u00e1 localizado no grupo 17 sob o s\u00edmbolo Fl da tabela peri\u00f3dica. \u00c9 considerado o mais pesado de sua s\u00e9rie, abaixo do Lead. Al\u00e9m disso, estima-se que seja um metal \u00e0 temperatura ambiente, com 7 is\u00f3topos conhecidos. Mais recursos do Flerovium:<\/p>\n<ul>\n<li> <strong>Condi\u00e7\u00e3o<\/strong> : S\u00f3lido.<\/li>\n<li> <strong>Cor<\/strong> : Desconhecida.<\/li>\n<li> <strong>Sabor e odor<\/strong> : N\u00e3o determinado.<\/li>\n<li> <strong>Toxicidade<\/strong> : Alta, porque \u00e9 de natureza radioativa.<\/li>\n<li> <strong>Composi\u00e7\u00e3o<\/strong> : Composto por 114 el\u00e9trons e pr\u00f3tons.<\/li>\n<li> <strong>Solubilidade<\/strong> : Sem dados.<\/li>\n<li> <strong>Estrutura<\/strong> : Desconhecida.<\/li>\n<li> <strong>Reatividade qu\u00edmica<\/strong> : Ainda est\u00e1 em fase de estudo.<\/li>\n<\/ul>\n<h2> <strong>Propriedades qu\u00edmicas e f\u00edsicas do Flerovium<\/strong><\/h2>\n<ol>\n<li> <strong>N\u00famero at\u00f4mico<\/strong> : 114<\/li>\n<li> <strong>Per\u00edodo<\/strong> : 7<\/li>\n<li> <strong>Bloco<\/strong> : P<\/li>\n<li> <strong>Grupo<\/strong> : 14<\/li>\n<li> <strong>Estado de oxida\u00e7\u00e3o<\/strong> : 2, 4<\/li>\n<li> <strong>Raio covalente (\u00c5):<\/strong> 142 pm<\/li>\n<li> <strong>Raio m\u00e9dio:<\/strong> Desconhecido. <strong>&nbsp;<\/strong><\/li>\n<li> <strong>Massa at\u00f4mica (g\/mol):<\/strong> 287 u<\/li>\n<li> <strong>Densidade:<\/strong> 14 g\/cm\u00b3<\/li>\n<li> <strong>Ponto de fus\u00e3o:<\/strong> 67\u00b0C<\/li>\n<li> <strong>Raio at\u00f4mico:<\/strong> Sem dados.<\/li>\n<li> <strong>Ponto de ebuli\u00e7\u00e3o:<\/strong> 147\u00b0C<\/li>\n<li> <strong>Primeiro potencial de ioniza\u00e7\u00e3o<\/strong> (eV): 820 kJ\/mol<\/li>\n<li> <strong>Segundo potencial de ioniza\u00e7\u00e3o:<\/strong> 1620<\/li>\n<li> <strong>Configura\u00e7\u00e3o eletr\u00f4nica:<\/strong> [Rn] 5f14 6d10 7s2 7p2<\/li>\n<li> <strong>El\u00e9trons por camada:<\/strong> 2, 8, 18, 32, 32, 18, 4<\/li>\n<li> <strong>Eletronegatividade:<\/strong> Desconhecida <strong>.<\/strong><\/li>\n<li> <strong>Condutividade t\u00e9rmica:<\/strong> N\u00e3o calculada.<\/li>\n<\/ol>\n<h2> <strong>Origem do Fler\u00f3vio<\/strong><\/h2>\n<p> Este elemento foi descoberto em 1998 no Joint Research Institute da R\u00fassia. Especialistas bombardearam o is\u00f3topo 244 Pu com \u00edons C\u00e1lcio 48, resultando em um \u00fanico \u00e1tomo do elemento chamado 289 Fl, que decaiu em menos de 10 segundos. As conclus\u00f5es do experimento foram publicadas, mas a fase de decaimento observada n\u00e3o se repetiu da mesma forma. Suspeita-se que isso se deva ao is\u00f4mero central, que causa certas altera\u00e7\u00f5es.<\/p>\n<p> Depois, para produzir mais is\u00f3topos, os mesmos cientistas utilizaram o plut\u00f4nio 242 com o elemento Ca 48. Foram obtidos mais dois is\u00f3topos, que deca\u00edram a uma velocidade de 10 Mev ou el\u00e9tron-volts, emitindo radia\u00e7\u00e3o alfa. Finalmente, em junho de 1999, sua descoberta foi confirmada repetindo o primeiro procedimento onde foi poss\u00edvel obter 2 \u00e1tomos adicionais com dura\u00e7\u00e3o m\u00e9dia de 2,6 segundos.<\/p>\n<h2> <strong>Para que serve o Flerovio?<\/strong><\/h2>\n<p> As aplica\u00e7\u00f5es do Flerovium ainda est\u00e3o em fase de an\u00e1lise devido ao seu curto tempo de vida no meio ambiente. Acredita-se que possa formar compostos devido \u00e0 sua semelhan\u00e7a com o chumbo, mas isso tem sido dif\u00edcil de verificar devido \u00e0 sua instabilidade. As poucas amostras obtidas s\u00e3o, portanto, reservadas para fins cient\u00edficos.<\/p>\n<h2> <strong>Onde est\u00e1 localizado o Fler\u00f3vio<\/strong> ?<\/h2>\n<p> O elemento Flerovium \u00e9 radioativo e de natureza artificial, ou seja, n\u00e3o pode ser encontrado na natureza. Portanto, \u00e9 produzido por humanos atrav\u00e9s do bombardeio de n\u00facleos pesados de outros elementos em um acelerador de part\u00edculas e s\u00f3 \u00e9 encontrado em laborat\u00f3rios especializados em radia\u00e7\u00e3o.<\/p>\n<h2> <strong>Curiosidades sobre o Fler\u00f3vio<\/strong><\/h2>\n<p> A instabilidade do elemento \u00e9 impressionante, pois todas as quantidades produzidas se desintegram em menos de um minuto. \u00c9 altamente radioativo, pois seus is\u00f3topos emitem part\u00edculas alfa quando decaem. Outros dados interessantes s\u00e3o resumidos a seguir:<\/p>\n<ul>\n<li> \u00c9 classificado como um metal superpesado devido \u00e0 sua composi\u00e7\u00e3o at\u00f4mica.<\/li>\n<li> At\u00e9 o momento, foram reconhecidos 7 is\u00f3topos, todos de curta dura\u00e7\u00e3o.<\/li>\n<li> Apenas um de seus is\u00f3topos sobrevive \u00e0 vida por 19 segundos.<\/li>\n<li> Em temperatura ambiente fica em torno de 20\u00baC, passa para o estado gasoso e assim permanece.<\/li>\n<li> Suas caracter\u00edsticas s\u00e3o semelhantes \u00e0s de outros gases raros como o Copernicium.<\/li>\n<\/ul>\n<p> Concluindo, este elemento \u00e9 superpesado, radioativo e muito inst\u00e1vel no meio ambiente. \u00c9 classificado na s\u00e9rie dos metais devido ao seu n\u00facleo pesado e \u00e0 sua capacidade de transi\u00e7\u00e3o para o estado gasoso. Atualmente, o uso do Flerovio est\u00e1 limitado \u00e0 pesquisa cient\u00edfica, pois ainda est\u00e1 em fase de an\u00e1lise.<\/p>\n","protected":false},"excerpt":{"rendered":"<p>Fler\u00f3vio \u00e9 um elemento radioativo sint\u00e9tico que n\u00e3o est\u00e1 presente na crosta terrestre. Sua produ\u00e7\u00e3o \u00e9 artificial e rara, pois s\u00e3o obtidos apenas alguns \u00e1tomos do elemento. Estima-se que seja composto por 7 is\u00f3topos com n\u00fameros de massa entre 286 e 289, mas que s\u00e3o inst\u00e1veis e de curta dura\u00e7\u00e3o. Descubra mais de seus recursos &#8230; <a title=\"Fler\u00f3vio\" class=\"read-more\" href=\"https:\/\/chemuza.org\/pt\/flerovio\/\" aria-label=\"Mais em Fler\u00f3vio\">Ler mais<\/a><\/p>\n","protected":false},"author":1,"featured_media":0,"parent":0,"menu_order":0,"comment_status":"closed","ping_status":"closed","template":"","meta":{"footnotes":""},"class_list":["post-1572","page","type-page","status-publish"],"yoast_head":"<!-- This site is optimized with the Yoast SEO plugin v21.4 - https:\/\/yoast.com\/wordpress\/plugins\/seo\/ -->\n<title>Fler\u00f3vio - Chemuza<\/title>\n<meta name=\"robots\" content=\"index, follow, max-snippet:-1, max-image-preview:large, max-video-preview:-1\" \/>\n<link rel=\"canonical\" href=\"https:\/\/chemuza.org\/pt\/flerovio\/\" \/>\n<meta property=\"og:locale\" content=\"pt_PT\" \/>\n<meta property=\"og:type\" content=\"article\" \/>\n<meta property=\"og:title\" content=\"Fler\u00f3vio - Chemuza\" \/>\n<meta property=\"og:description\" content=\"Fler\u00f3vio \u00e9 um elemento radioativo sint\u00e9tico que n\u00e3o est\u00e1 presente na crosta terrestre. Sua produ\u00e7\u00e3o \u00e9 artificial e rara, pois s\u00e3o obtidos apenas alguns \u00e1tomos do elemento. Estima-se que seja composto por 7 is\u00f3topos com n\u00fameros de massa entre 286 e 289, mas que s\u00e3o inst\u00e1veis e de curta dura\u00e7\u00e3o. Descubra mais de seus recursos ... Ler mais\" \/>\n<meta property=\"og:url\" content=\"https:\/\/chemuza.org\/pt\/flerovio\/\" \/>\n<meta property=\"og:site_name\" content=\"Statorials\" \/>\n<meta name=\"twitter:card\" content=\"summary_large_image\" \/>\n<meta name=\"twitter:label1\" content=\"Tempo estimado de leitura\" \/>\n\t<meta name=\"twitter:data1\" content=\"4 minutos\" \/>\n<script type=\"application\/ld+json\" class=\"yoast-schema-graph\">{\"@context\":\"https:\/\/schema.org\",\"@graph\":[{\"@type\":\"WebPage\",\"@id\":\"https:\/\/chemuza.org\/pt\/flerovio\/\",\"url\":\"https:\/\/chemuza.org\/pt\/flerovio\/\",\"name\":\"Fler\u00f3vio - Chemuza\",\"isPartOf\":{\"@id\":\"https:\/\/chemuza.org\/pt\/#website\"},\"datePublished\":\"2023-07-13T06:01:53+00:00\",\"dateModified\":\"2023-07-13T06:01:53+00:00\",\"breadcrumb\":{\"@id\":\"https:\/\/chemuza.org\/pt\/flerovio\/#breadcrumb\"},\"inLanguage\":\"pt-PT\",\"potentialAction\":[{\"@type\":\"ReadAction\",\"target\":[\"https:\/\/chemuza.org\/pt\/flerovio\/\"]}]},{\"@type\":\"BreadcrumbList\",\"@id\":\"https:\/\/chemuza.org\/pt\/flerovio\/#breadcrumb\",\"itemListElement\":[{\"@type\":\"ListItem\",\"position\":1,\"name\":\"Lar\",\"item\":\"https:\/\/chemuza.org\/pt\/\"},{\"@type\":\"ListItem\",\"position\":2,\"name\":\"Fler\u00f3vio\"}]},{\"@type\":\"WebSite\",\"@id\":\"https:\/\/chemuza.org\/pt\/#website\",\"url\":\"https:\/\/chemuza.org\/pt\/\",\"name\":\"Chemuza\",\"description\":\"Sua porta de entrada para a descoberta qu\u00edmica!\",\"publisher\":{\"@id\":\"https:\/\/chemuza.org\/pt\/#organization\"},\"potentialAction\":[{\"@type\":\"SearchAction\",\"target\":{\"@type\":\"EntryPoint\",\"urlTemplate\":\"https:\/\/chemuza.org\/pt\/?s={search_term_string}\"},\"query-input\":\"required name=search_term_string\"}],\"inLanguage\":\"pt-PT\"},{\"@type\":\"Organization\",\"@id\":\"https:\/\/chemuza.org\/pt\/#organization\",\"name\":\"Chemuza\",\"url\":\"https:\/\/chemuza.org\/pt\/\",\"logo\":{\"@type\":\"ImageObject\",\"inLanguage\":\"pt-PT\",\"@id\":\"https:\/\/chemuza.org\/pt\/#\/schema\/logo\/image\/\",\"url\":\"https:\/\/chemuza.org\/pt\/wp-content\/uploads\/2023\/10\/chemuza-logo.png\",\"contentUrl\":\"https:\/\/chemuza.org\/pt\/wp-content\/uploads\/2023\/10\/chemuza-logo.png\",\"width\":387,\"height\":70,\"caption\":\"Chemuza\"},\"image\":{\"@id\":\"https:\/\/chemuza.org\/pt\/#\/schema\/logo\/image\/\"}}]}<\/script>\n<!-- \/ Yoast SEO plugin. -->","yoast_head_json":{"title":"Fler\u00f3vio - Chemuza","robots":{"index":"index","follow":"follow","max-snippet":"max-snippet:-1","max-image-preview":"max-image-preview:large","max-video-preview":"max-video-preview:-1"},"canonical":"https:\/\/chemuza.org\/pt\/flerovio\/","og_locale":"pt_PT","og_type":"article","og_title":"Fler\u00f3vio - Chemuza","og_description":"Fler\u00f3vio \u00e9 um elemento radioativo sint\u00e9tico que n\u00e3o est\u00e1 presente na crosta terrestre. Sua produ\u00e7\u00e3o \u00e9 artificial e rara, pois s\u00e3o obtidos apenas alguns \u00e1tomos do elemento. Estima-se que seja composto por 7 is\u00f3topos com n\u00fameros de massa entre 286 e 289, mas que s\u00e3o inst\u00e1veis e de curta dura\u00e7\u00e3o. Descubra mais de seus recursos ... Ler mais","og_url":"https:\/\/chemuza.org\/pt\/flerovio\/","og_site_name":"Statorials","twitter_card":"summary_large_image","twitter_misc":{"Tempo estimado de leitura":"4 minutos"},"schema":{"@context":"https:\/\/schema.org","@graph":[{"@type":"WebPage","@id":"https:\/\/chemuza.org\/pt\/flerovio\/","url":"https:\/\/chemuza.org\/pt\/flerovio\/","name":"Fler\u00f3vio - Chemuza","isPartOf":{"@id":"https:\/\/chemuza.org\/pt\/#website"},"datePublished":"2023-07-13T06:01:53+00:00","dateModified":"2023-07-13T06:01:53+00:00","breadcrumb":{"@id":"https:\/\/chemuza.org\/pt\/flerovio\/#breadcrumb"},"inLanguage":"pt-PT","potentialAction":[{"@type":"ReadAction","target":["https:\/\/chemuza.org\/pt\/flerovio\/"]}]},{"@type":"BreadcrumbList","@id":"https:\/\/chemuza.org\/pt\/flerovio\/#breadcrumb","itemListElement":[{"@type":"ListItem","position":1,"name":"Lar","item":"https:\/\/chemuza.org\/pt\/"},{"@type":"ListItem","position":2,"name":"Fler\u00f3vio"}]},{"@type":"WebSite","@id":"https:\/\/chemuza.org\/pt\/#website","url":"https:\/\/chemuza.org\/pt\/","name":"Chemuza","description":"Sua porta de entrada para a descoberta qu\u00edmica!","publisher":{"@id":"https:\/\/chemuza.org\/pt\/#organization"},"potentialAction":[{"@type":"SearchAction","target":{"@type":"EntryPoint","urlTemplate":"https:\/\/chemuza.org\/pt\/?s={search_term_string}"},"query-input":"required name=search_term_string"}],"inLanguage":"pt-PT"},{"@type":"Organization","@id":"https:\/\/chemuza.org\/pt\/#organization","name":"Chemuza","url":"https:\/\/chemuza.org\/pt\/","logo":{"@type":"ImageObject","inLanguage":"pt-PT","@id":"https:\/\/chemuza.org\/pt\/#\/schema\/logo\/image\/","url":"https:\/\/chemuza.org\/pt\/wp-content\/uploads\/2023\/10\/chemuza-logo.png","contentUrl":"https:\/\/chemuza.org\/pt\/wp-content\/uploads\/2023\/10\/chemuza-logo.png","width":387,"height":70,"caption":"Chemuza"},"image":{"@id":"https:\/\/chemuza.org\/pt\/#\/schema\/logo\/image\/"}}]}},"yoast_meta":{"yoast_wpseo_title":"","yoast_wpseo_metadesc":"","yoast_wpseo_canonical":""},"_links":{"self":[{"href":"https:\/\/chemuza.org\/pt\/wp-json\/wp\/v2\/pages\/1572","targetHints":{"allow":["GET"]}}],"collection":[{"href":"https:\/\/chemuza.org\/pt\/wp-json\/wp\/v2\/pages"}],"about":[{"href":"https:\/\/chemuza.org\/pt\/wp-json\/wp\/v2\/types\/page"}],"author":[{"embeddable":true,"href":"https:\/\/chemuza.org\/pt\/wp-json\/wp\/v2\/users\/1"}],"replies":[{"embeddable":true,"href":"https:\/\/chemuza.org\/pt\/wp-json\/wp\/v2\/comments?post=1572"}],"version-history":[{"count":0,"href":"https:\/\/chemuza.org\/pt\/wp-json\/wp\/v2\/pages\/1572\/revisions"}],"wp:attachment":[{"href":"https:\/\/chemuza.org\/pt\/wp-json\/wp\/v2\/media?parent=1572"}],"curies":[{"name":"wp","href":"https:\/\/api.w.org\/{rel}","templated":true}]}}