{"id":1569,"date":"2023-07-13T07:29:06","date_gmt":"2023-07-13T07:29:06","guid":{"rendered":"https:\/\/chemuza.org\/pt\/meitnerio\/"},"modified":"2023-07-13T07:29:06","modified_gmt":"2023-07-13T07:29:06","slug":"meitnerio","status":"publish","type":"page","link":"https:\/\/chemuza.org\/pt\/meitnerio\/","title":{"rendered":"Meitn\u00e9rio"},"content":{"rendered":"<p>Meitnerium \u00e9 um elemento criado artificialmente pelo homem, utilizando o m\u00e9todo de radioatividade induzida. Possui propriedades semelhantes \u00e0s do transactin\u00eddeo, ou seja, possui caracter\u00edsticas de actin\u00eddeo e de transi\u00e7\u00e3o. Al\u00e9m disso, \u00e9 classificado como metal, pois \u00e0 temperatura ambiente \u00e9 considerado s\u00f3lido. Conhe\u00e7a a seguir como \u00e9, suas principais caracter\u00edsticas, quem o descobriu e seus usos mais comuns.<\/p>\n<h2> <strong>O que \u00e9 Meitn\u00e9rio?<\/strong><\/h2>\n<p> Como elemento qu\u00edmico, est\u00e1 localizado na tabela peri\u00f3dica na quarta s\u00e9rie de elementos de transi\u00e7\u00e3o. Assinado com n\u00famero at\u00f4mico 109, \u00e9 totalmente sint\u00e9tico e radioativo. Al\u00e9m disso, possui mais de 7 is\u00f3topos inst\u00e1veis e de r\u00e1pida decomposi\u00e7\u00e3o, onde 278 Mt duram pouco mais de 8 segundos. Essas caracter\u00edsticas fazem com que suas aplica\u00e7\u00f5es na \u00e1rea industrial ou qu\u00edmica sejam desconhecidas.<\/p>\n<h3> <strong>S\u00edmbolo Meitn\u00e9rio<\/strong><\/h3>\n<p> <span class=\"content-chemical-element\" style=\"float: left;width: 65px;height: 65px;border: 3px solid #666; display:flex;\n    justify-content: center;align-items: center;margin-right: 15px;\"><span style=\"font-size: 38px;\">Mt<\/span><\/span> deve seu nome a Lise Meitner, f\u00edsica e matem\u00e1tica, que fez grandes progressos no campo nuclear. Por\u00e9m, antes do seu nome houve pol\u00eamicas, pois a princ\u00edpio era chamado de Unnilennium, s\u00edmbolo Um, que se referia ao seu n\u00famero at\u00f4mico 109. Mais tarde, em 1997, foi oficialmente chamado de Meitnerium.<\/p>\n<h2> <strong>Caracter\u00edsticas do Meitn\u00e9rio<\/strong><\/h2>\n<p> O elemento qu\u00edmico Meitnerium est\u00e1 localizado no grupo 9 e no per\u00edodo 7 da tabela peri\u00f3dica. \u00c9 um metal de transi\u00e7\u00e3o constitu\u00eddo por uma configura\u00e7\u00e3o eletr\u00f4nica localizada no orbital D. Por ser sint\u00e9tico, s\u00f3 \u00e9 obtido com a fus\u00e3o de 2 n\u00facleos unidos ou com a decomposi\u00e7\u00e3o de elementos pesados. Outras caracter\u00edsticas do Meitnerium s\u00e3o:<\/p>\n<ul>\n<li> <strong>Condi\u00e7\u00e3o<\/strong> : Presume-se que seja metal s\u00f3lido.<\/li>\n<li> <strong>Cor<\/strong> : Branco prateado, com reflexos cinza.<\/li>\n<li> <strong>Sabor e odor<\/strong> : N\u00e3o determinado.<\/li>\n<li> <strong>Composi\u00e7\u00e3o:<\/strong> Formada por 109 el\u00e9trons e pr\u00f3tons, sendo 157 n\u00eautrons.<\/li>\n<li> <strong>Reatividade:<\/strong> Por ter comportamento semelhante ao Iridium, acredita-se que possa reagir com outros elementos.<\/li>\n<li> <strong>Radioatividade<\/strong> : Alta, considerada como tendo caracter\u00edsticas nucleares.<\/li>\n<li> <strong>Magnetismo<\/strong> : Acredita-se que seja paramagn\u00e9tico.<\/li>\n<li> <strong>Solubilidade<\/strong> : N\u00e3o calculado.<\/li>\n<li> <strong>Is\u00f3topos<\/strong> : Possui 15 is\u00f3topos que s\u00e3o inst\u00e1veis no meio ambiente. Os primeiros 8 t\u00eam vida curta, com massas at\u00f4micas de 266 a 279. Os outros sofrem r\u00e1pido decaimento alfa na natureza.<\/li>\n<li> <strong>Estrutura<\/strong> : Estima-se que seja c\u00fabica centrada nas faces do corpo.<\/li>\n<\/ul>\n<h2> <strong>Propriedades qu\u00edmicas e f\u00edsicas do Meitnerium<\/strong><\/h2>\n<ol>\n<li> <strong>N\u00famero at\u00f4mico<\/strong> : 109<\/li>\n<li> <strong>Per\u00edodo<\/strong> : 7<\/li>\n<li> <strong>Bloquear<\/strong> \ud83d\ude00<\/li>\n<li> <strong>Grupo<\/strong> : 9<\/li>\n<li> <strong>Raio covalente (\u00c5):<\/strong> 129<\/li>\n<li> <strong>Raio m\u00e9dio:<\/strong> desconhecido<\/li>\n<li> <strong>Massa at\u00f4mica (g\/mol):<\/strong> 268 u<\/li>\n<li> <strong>Densidade:<\/strong> 37,4 g\/cm\u00b3.<\/li>\n<li> <strong>Ponto de ebuli\u00e7\u00e3o:<\/strong> N\u00e3o calculado.<strong> <\/strong><\/li>\n<li><strong>Ponto de fus\u00e3o:<\/strong> N\u00e3o calculado. <strong>&nbsp;<\/strong><\/li>\n<li> <strong>Eletronegatividade:<\/strong> Sem dados.<\/li>\n<li> <strong>Estado de oxida\u00e7\u00e3o<\/strong> : 3, 4, 6, 3.<\/li>\n<li> <strong>Configura\u00e7\u00e3o eletr\u00f4nica:<\/strong> [Rn] 7s2 5f14 6d7<\/li>\n<li> <strong>El\u00e9trons por camada:<\/strong> 2, 8, 18, 32, 32, 15, 2<\/li>\n<li> <strong>Primeiro potencial de ioniza\u00e7\u00e3o<\/strong> <strong>(eV):<\/strong> 840 kJ\/mol<\/li>\n<li> <strong>Condutividade t\u00e9rmica:<\/strong> considerada baixa.<\/li>\n<\/ol>\n<h2> <strong>Origem do Meitn\u00e9rio<\/strong><\/h2>\n<p> A hist\u00f3ria do Meitnerium se passa em 1982, quando Peter Armbruster e Gottfried M\u00fcnzenberg o descobriram no Instituto de \u00cdons Pesados em Darmstadt. Eles o obtiveram bombardeando o is\u00f3topo Bismuto 209 com n\u00facleos acelerados de ferro 58. Nesse processo, a energia dos n\u00facleos aumenta, a repuls\u00e3o \u00e9 eliminada e ocorre a fus\u00e3o, dando origem ao elemento.<\/p>\n<h2> <strong>Para que \u00e9 utilizado o Meitn\u00e9rio?<\/strong><\/h2>\n<p> Os usos do Meitnerium s\u00e3o praticamente nulos, pois sua produ\u00e7\u00e3o \u00e9 artificial e apenas foram obtidos 10 \u00e1tomos de vida curta. Por esta raz\u00e3o, \u00e9 dif\u00edcil verificar as suas aplica\u00e7\u00f5es comerciais ou biol\u00f3gicas. As poucas an\u00e1lises realizadas s\u00e3o reservadas \u00e0 pesquisa cient\u00edfica.<\/p>\n<h2> <strong>Efeitos do Meitnerium na sa\u00fade<\/strong><\/h2>\n<p> \u00c9 bem sabido que o elemento Meitnerium possui propriedades radioativas, com is\u00f3topos que decaem rapidamente. Ao se desintegrarem, liberam energia, o que tem a vantagem de recuperar a energia utilizada no setor nuclear. No entanto, pode ser t\u00f3xico para os seres humanos se n\u00e3o for utilizado equipamento de prote\u00e7\u00e3o contra radia\u00e7\u00f5es adequado.<\/p>\n<h2> <strong>Fatos interessantes sobre Meitn\u00e9rio<\/strong><\/h2>\n<p> Acredita-se que este elemento seja um metal de transi\u00e7\u00e3o radioativo, s\u00f3lido \u00e0 temperatura ambiente. Por ser raro, muitas de suas caracter\u00edsticas f\u00edsicas e qu\u00edmicas s\u00e3o desconhecidas. Por\u00e9m, devido ao seu comportamento, foi colocado na tabela peri\u00f3dica junto com os metais de transi\u00e7\u00e3o. Al\u00e9m disso, os demais dados deste elemento s\u00e3o:<\/p>\n<ul>\n<li> \u00c9 um elemento sint\u00e9tico e artificial, n\u00e3o presente no meio ambiente.<\/li>\n<li> Sua produ\u00e7\u00e3o por bombardeio de bismuto-209 produziu apenas o is\u00f3topo 266Mt, que foi uma prova bem-sucedida do uso da fus\u00e3o na s\u00edntese de novos n\u00facleos pesados.<\/li>\n<li> Antes de seu nome oficial, chamava-se Unnilenio e Eka-iridium. Ent\u00e3o Meitnerio foi proposto em homenagem a Lise Meitner.<\/li>\n<li> \u00c9 o segundo elemento a receber o nome de uma mulher, como \u00e9 o caso do Curium, batizado em homenagem a Marie Curie.<\/li>\n<\/ul>\n<p> Concluindo, o Mt \u00e9 um elemento transactin\u00eddeo com alta radioatividade e curta vida \u00fatil na natureza. \u00c9 classificado como metal devido ao seu comportamento, semelhante ao ir\u00eddio e ao cobalto. Como os is\u00f3topos s\u00e3o muito inst\u00e1veis, suas aplica\u00e7\u00f5es ainda s\u00e3o desconhecidas.<\/p>\n","protected":false},"excerpt":{"rendered":"<p>Meitnerium \u00e9 um elemento criado artificialmente pelo homem, utilizando o m\u00e9todo de radioatividade induzida. Possui propriedades semelhantes \u00e0s do transactin\u00eddeo, ou seja, possui caracter\u00edsticas de actin\u00eddeo e de transi\u00e7\u00e3o. Al\u00e9m disso, \u00e9 classificado como metal, pois \u00e0 temperatura ambiente \u00e9 considerado s\u00f3lido. Conhe\u00e7a a seguir como \u00e9, suas principais caracter\u00edsticas, quem o descobriu e seus &#8230; <a title=\"Meitn\u00e9rio\" class=\"read-more\" href=\"https:\/\/chemuza.org\/pt\/meitnerio\/\" aria-label=\"Mais em Meitn\u00e9rio\">Ler mais<\/a><\/p>\n","protected":false},"author":1,"featured_media":0,"parent":0,"menu_order":0,"comment_status":"closed","ping_status":"closed","template":"","meta":{"footnotes":""},"class_list":["post-1569","page","type-page","status-publish"],"yoast_head":"<!-- This site is optimized with the Yoast SEO plugin v21.4 - https:\/\/yoast.com\/wordpress\/plugins\/seo\/ -->\n<title>Meitn\u00e9rio - Chemuza<\/title>\n<meta name=\"robots\" content=\"index, follow, max-snippet:-1, max-image-preview:large, max-video-preview:-1\" \/>\n<link rel=\"canonical\" href=\"https:\/\/chemuza.org\/pt\/meitnerio\/\" \/>\n<meta property=\"og:locale\" content=\"pt_PT\" \/>\n<meta property=\"og:type\" content=\"article\" \/>\n<meta property=\"og:title\" content=\"Meitn\u00e9rio - Chemuza\" \/>\n<meta property=\"og:description\" content=\"Meitnerium \u00e9 um elemento criado artificialmente pelo homem, utilizando o m\u00e9todo de radioatividade induzida. Possui propriedades semelhantes \u00e0s do transactin\u00eddeo, ou seja, possui caracter\u00edsticas de actin\u00eddeo e de transi\u00e7\u00e3o. Al\u00e9m disso, \u00e9 classificado como metal, pois \u00e0 temperatura ambiente \u00e9 considerado s\u00f3lido. Conhe\u00e7a a seguir como \u00e9, suas principais caracter\u00edsticas, quem o descobriu e seus ... Ler mais\" \/>\n<meta property=\"og:url\" content=\"https:\/\/chemuza.org\/pt\/meitnerio\/\" \/>\n<meta property=\"og:site_name\" content=\"Statorials\" \/>\n<meta name=\"twitter:card\" content=\"summary_large_image\" \/>\n<meta name=\"twitter:label1\" content=\"Tempo estimado de leitura\" \/>\n\t<meta name=\"twitter:data1\" content=\"4 minutos\" \/>\n<script type=\"application\/ld+json\" class=\"yoast-schema-graph\">{\"@context\":\"https:\/\/schema.org\",\"@graph\":[{\"@type\":\"WebPage\",\"@id\":\"https:\/\/chemuza.org\/pt\/meitnerio\/\",\"url\":\"https:\/\/chemuza.org\/pt\/meitnerio\/\",\"name\":\"Meitn\u00e9rio - Chemuza\",\"isPartOf\":{\"@id\":\"https:\/\/chemuza.org\/pt\/#website\"},\"datePublished\":\"2023-07-13T07:29:06+00:00\",\"dateModified\":\"2023-07-13T07:29:06+00:00\",\"breadcrumb\":{\"@id\":\"https:\/\/chemuza.org\/pt\/meitnerio\/#breadcrumb\"},\"inLanguage\":\"pt-PT\",\"potentialAction\":[{\"@type\":\"ReadAction\",\"target\":[\"https:\/\/chemuza.org\/pt\/meitnerio\/\"]}]},{\"@type\":\"BreadcrumbList\",\"@id\":\"https:\/\/chemuza.org\/pt\/meitnerio\/#breadcrumb\",\"itemListElement\":[{\"@type\":\"ListItem\",\"position\":1,\"name\":\"Lar\",\"item\":\"https:\/\/chemuza.org\/pt\/\"},{\"@type\":\"ListItem\",\"position\":2,\"name\":\"Meitn\u00e9rio\"}]},{\"@type\":\"WebSite\",\"@id\":\"https:\/\/chemuza.org\/pt\/#website\",\"url\":\"https:\/\/chemuza.org\/pt\/\",\"name\":\"Chemuza\",\"description\":\"Sua porta de entrada para a descoberta qu\u00edmica!\",\"publisher\":{\"@id\":\"https:\/\/chemuza.org\/pt\/#organization\"},\"potentialAction\":[{\"@type\":\"SearchAction\",\"target\":{\"@type\":\"EntryPoint\",\"urlTemplate\":\"https:\/\/chemuza.org\/pt\/?s={search_term_string}\"},\"query-input\":\"required name=search_term_string\"}],\"inLanguage\":\"pt-PT\"},{\"@type\":\"Organization\",\"@id\":\"https:\/\/chemuza.org\/pt\/#organization\",\"name\":\"Chemuza\",\"url\":\"https:\/\/chemuza.org\/pt\/\",\"logo\":{\"@type\":\"ImageObject\",\"inLanguage\":\"pt-PT\",\"@id\":\"https:\/\/chemuza.org\/pt\/#\/schema\/logo\/image\/\",\"url\":\"https:\/\/chemuza.org\/pt\/wp-content\/uploads\/2023\/10\/chemuza-logo.png\",\"contentUrl\":\"https:\/\/chemuza.org\/pt\/wp-content\/uploads\/2023\/10\/chemuza-logo.png\",\"width\":387,\"height\":70,\"caption\":\"Chemuza\"},\"image\":{\"@id\":\"https:\/\/chemuza.org\/pt\/#\/schema\/logo\/image\/\"}}]}<\/script>\n<!-- \/ Yoast SEO plugin. -->","yoast_head_json":{"title":"Meitn\u00e9rio - Chemuza","robots":{"index":"index","follow":"follow","max-snippet":"max-snippet:-1","max-image-preview":"max-image-preview:large","max-video-preview":"max-video-preview:-1"},"canonical":"https:\/\/chemuza.org\/pt\/meitnerio\/","og_locale":"pt_PT","og_type":"article","og_title":"Meitn\u00e9rio - Chemuza","og_description":"Meitnerium \u00e9 um elemento criado artificialmente pelo homem, utilizando o m\u00e9todo de radioatividade induzida. Possui propriedades semelhantes \u00e0s do transactin\u00eddeo, ou seja, possui caracter\u00edsticas de actin\u00eddeo e de transi\u00e7\u00e3o. Al\u00e9m disso, \u00e9 classificado como metal, pois \u00e0 temperatura ambiente \u00e9 considerado s\u00f3lido. Conhe\u00e7a a seguir como \u00e9, suas principais caracter\u00edsticas, quem o descobriu e seus ... Ler mais","og_url":"https:\/\/chemuza.org\/pt\/meitnerio\/","og_site_name":"Statorials","twitter_card":"summary_large_image","twitter_misc":{"Tempo estimado de leitura":"4 minutos"},"schema":{"@context":"https:\/\/schema.org","@graph":[{"@type":"WebPage","@id":"https:\/\/chemuza.org\/pt\/meitnerio\/","url":"https:\/\/chemuza.org\/pt\/meitnerio\/","name":"Meitn\u00e9rio - Chemuza","isPartOf":{"@id":"https:\/\/chemuza.org\/pt\/#website"},"datePublished":"2023-07-13T07:29:06+00:00","dateModified":"2023-07-13T07:29:06+00:00","breadcrumb":{"@id":"https:\/\/chemuza.org\/pt\/meitnerio\/#breadcrumb"},"inLanguage":"pt-PT","potentialAction":[{"@type":"ReadAction","target":["https:\/\/chemuza.org\/pt\/meitnerio\/"]}]},{"@type":"BreadcrumbList","@id":"https:\/\/chemuza.org\/pt\/meitnerio\/#breadcrumb","itemListElement":[{"@type":"ListItem","position":1,"name":"Lar","item":"https:\/\/chemuza.org\/pt\/"},{"@type":"ListItem","position":2,"name":"Meitn\u00e9rio"}]},{"@type":"WebSite","@id":"https:\/\/chemuza.org\/pt\/#website","url":"https:\/\/chemuza.org\/pt\/","name":"Chemuza","description":"Sua porta de entrada para a descoberta qu\u00edmica!","publisher":{"@id":"https:\/\/chemuza.org\/pt\/#organization"},"potentialAction":[{"@type":"SearchAction","target":{"@type":"EntryPoint","urlTemplate":"https:\/\/chemuza.org\/pt\/?s={search_term_string}"},"query-input":"required name=search_term_string"}],"inLanguage":"pt-PT"},{"@type":"Organization","@id":"https:\/\/chemuza.org\/pt\/#organization","name":"Chemuza","url":"https:\/\/chemuza.org\/pt\/","logo":{"@type":"ImageObject","inLanguage":"pt-PT","@id":"https:\/\/chemuza.org\/pt\/#\/schema\/logo\/image\/","url":"https:\/\/chemuza.org\/pt\/wp-content\/uploads\/2023\/10\/chemuza-logo.png","contentUrl":"https:\/\/chemuza.org\/pt\/wp-content\/uploads\/2023\/10\/chemuza-logo.png","width":387,"height":70,"caption":"Chemuza"},"image":{"@id":"https:\/\/chemuza.org\/pt\/#\/schema\/logo\/image\/"}}]}},"yoast_meta":{"yoast_wpseo_title":"","yoast_wpseo_metadesc":"","yoast_wpseo_canonical":""},"_links":{"self":[{"href":"https:\/\/chemuza.org\/pt\/wp-json\/wp\/v2\/pages\/1569","targetHints":{"allow":["GET"]}}],"collection":[{"href":"https:\/\/chemuza.org\/pt\/wp-json\/wp\/v2\/pages"}],"about":[{"href":"https:\/\/chemuza.org\/pt\/wp-json\/wp\/v2\/types\/page"}],"author":[{"embeddable":true,"href":"https:\/\/chemuza.org\/pt\/wp-json\/wp\/v2\/users\/1"}],"replies":[{"embeddable":true,"href":"https:\/\/chemuza.org\/pt\/wp-json\/wp\/v2\/comments?post=1569"}],"version-history":[{"count":0,"href":"https:\/\/chemuza.org\/pt\/wp-json\/wp\/v2\/pages\/1569\/revisions"}],"wp:attachment":[{"href":"https:\/\/chemuza.org\/pt\/wp-json\/wp\/v2\/media?parent=1569"}],"curies":[{"name":"wp","href":"https:\/\/api.w.org\/{rel}","templated":true}]}}