{"id":1568,"date":"2023-07-13T07:51:19","date_gmt":"2023-07-13T07:51:19","guid":{"rendered":"https:\/\/chemuza.org\/pt\/hassio\/"},"modified":"2023-07-13T07:51:19","modified_gmt":"2023-07-13T07:51:19","slug":"hassio","status":"publish","type":"page","link":"https:\/\/chemuza.org\/pt\/hassio\/","title":{"rendered":"Hassio"},"content":{"rendered":"<p>H\u00e1ssio \u00e9 um elemento sint\u00e9tico criado artificialmente pelo homem. Todos os seus is\u00f3topos s\u00e3o inst\u00e1veis e de curta dura\u00e7\u00e3o, o que resultou na cria\u00e7\u00e3o de alguns \u00e1tomos. Acredita-se que possua propriedades transactin\u00eddicas, com base no comportamento de outros elementos do seu grupo ou metais de transi\u00e7\u00e3o. Embora todas as suas funcionalidades e aplica\u00e7\u00f5es sejam desconhecidas, aqui contaremos tudo o que se sabe at\u00e9 agora.<\/p>\n<h2> <strong>O que \u00e9 h\u00e1ssio?<\/strong><\/h2>\n<p> \u00c9 um elemento qu\u00edmico radioativo, localizado na tabela peri\u00f3dica no grupo dos metais de transi\u00e7\u00e3o. Sob o n\u00famero at\u00f4mico 108, sua natureza \u00e9 de origem transactin\u00eddeo, ou seja, se comporta tanto como um metal quanto como um actin\u00eddeo. Como seus is\u00f3topos decaem rapidamente, em menos de 269 Hs, seu estado natural e poss\u00edveis aplica\u00e7\u00f5es s\u00e3o desconhecidos.<\/p>\n<h3> <strong>S\u00edmbolo de h\u00e1ssio<\/strong><\/h3>\n<p> <span class=\"content-chemical-element\" style=\"float: left;width: 65px;height: 65px;border: 3px solid #666; display:flex;\n    justify-content: center;align-items: center;margin-right: 15px;\"><span style=\"font-size: 38px;\">Hs<\/span><\/span> Recebeu este nome em homenagem ao estado de Hesse, na Alemanha, j\u00e1 que foi descoberto por f\u00edsicos daquele pa\u00eds. Este nome vem do latim Hassias. Antes de seu nome oficial, houve pol\u00eamicas para identific\u00e1-lo, j\u00e1 que foi temporariamente chamado de Unniloctio. A IUPAC sugeriu cham\u00e1-lo de Hahnio em 1994, at\u00e9 que em 1997 foi estabelecido que ele se chamaria Hassio.<\/p>\n<h2> <strong>Caracter\u00edsticas do h\u00e1ssio<\/strong><\/h2>\n<p> O elemento Hassium est\u00e1 localizado no grupo 8, bloco D da tabela peri\u00f3dica. Sua massa at\u00f4mica \u00e9 269 e sua vida \u00fatil \u00e9 extremamente curta, dificultando sua an\u00e1lise completa. \u00c9 radioativo e artificial, raz\u00e3o pela qual poucas amostras foram produzidas. Outras caracter\u00edsticas do Hassio s\u00e3o:<\/p>\n<ul>\n<li> <strong>Condi\u00e7\u00e3o<\/strong> : Acredita-se que seja um s\u00f3lido met\u00e1lico.<\/li>\n<li> <strong>Cor<\/strong> : Branco ou prata acinzentada \u00e0 temperatura ambiente.<\/li>\n<li> <strong>Sabor e odor<\/strong> : N\u00e3o determinado.<\/li>\n<li> <strong>Composi\u00e7\u00e3o:<\/strong> \u00c9 composto por 108 pr\u00f3tons e el\u00e9trons <strong>.<\/strong><\/li>\n<li> <strong>Toxicidade<\/strong> : Acredita-se que seja alta devido \u00e0 sua natureza radioativa.<\/li>\n<li> <strong>Radioatividade<\/strong> : Alta.<\/li>\n<li> <strong>Estrutura<\/strong> : Estima-se que uma vez cristalizado seja hexagonal.<\/li>\n<li> <strong>Solubilidade<\/strong> : N\u00e3o calculado.<\/li>\n<\/ul>\n<h2> <strong>Propriedades qu\u00edmicas e f\u00edsicas do H\u00e1ssio<\/strong><\/h2>\n<ol>\n<li> <strong>N\u00famero at\u00f4mico<\/strong> : 108<\/li>\n<li> <strong>Per\u00edodo<\/strong> : 7<\/li>\n<li> <strong>Bloco<\/strong> : D<\/li>\n<li> <strong>Grupo<\/strong> : 8<\/li>\n<li> <strong>Estado de oxida\u00e7\u00e3o<\/strong> : 8<\/li>\n<li> <strong>Raio covalente (\u00c5):<\/strong> 134.<\/li>\n<li> <strong>Raio m\u00e9dio:<\/strong> desconhecido. <strong>&nbsp;<\/strong><\/li>\n<li> <strong>Massa at\u00f4mica (g\/mol):<\/strong> 269 u<\/li>\n<li> <strong>Densidade:<\/strong> 41 g\/cm\u00b3, esperada.<\/li>\n<li> <strong>Ponto de fus\u00e3o:<\/strong> N\u00e3o calculado.<\/li>\n<li> <strong>Raio at\u00f4mico:<\/strong> Desconhecido.<\/li>\n<li> <strong>Configura\u00e7\u00e3o eletr\u00f4nica:<\/strong> [Rn] 5f14 6d6 7s2<\/li>\n<li> <strong>El\u00e9trons por camada:<\/strong> 2, 8, 16, 32, 32, 16, 2<\/li>\n<li> <strong>Primeiro potencial de ioniza\u00e7\u00e3o:<\/strong> (eV) 750<\/li>\n<li> <strong>Ponto de ebuli\u00e7\u00e3o:<\/strong> N\u00e3o especificado.<\/li>\n<li> <strong>Eletronegatividade:<\/strong> N\u00e3o calculada.<\/li>\n<li> <strong>Condutividade t\u00e9rmica:<\/strong> Sem dados.<\/li>\n<\/ol>\n<h2> <strong>Origem do h\u00e1ssio<\/strong><\/h2>\n<p> O elemento qu\u00edmico Hassium foi criado e sintetizado em 1984 no centro de pesquisa alem\u00e3o Gesellschaft f\u00fcr Schwerionenforschung. O is\u00f3topo 265 Hs foi produzido em uma rea\u00e7\u00e3o qu\u00edmica, bombardeando o chumbo-208 com feixes de proj\u00e9teis de ferro-58. No processo, foi obtido um \u00e1tomo do elemento de vida curta.<\/p>\n<h2> <strong>Para que \u00e9 usado o H\u00e1ssio?<\/strong><\/h2>\n<p> Os usos do h\u00e1ssio s\u00e3o desconhecidos neste momento, pois seus is\u00f3topos se decomp\u00f5em rapidamente no meio ambiente. Foram obtidos apenas alguns \u00e1tomos do elemento, que s\u00e3o analisados em instala\u00e7\u00f5es especiais de radia\u00e7\u00e3o para fins de pesquisa.<\/p>\n<h2> <strong>Obtenha H\u00e1ssio<\/strong><\/h2>\n<p> Por ser um elemento totalmente artificial, \u00e9 produzido em laborat\u00f3rio bombardeando is\u00f3topos de chumbo-208 com \u00edons de ferro-58. O processo \u00e9 realizado em acelerador linear, at\u00e9 que os \u00e1tomos do elemento se isolem, mas eles se desintegram ap\u00f3s alguns segundos.<\/p>\n<h2> <strong>Efeitos do H\u00e1ssio na sa\u00fade<\/strong><\/h2>\n<p> Embora este elemento n\u00e3o seja encontrado naturalmente no meio ambiente, apresenta, no entanto, um risco para a sa\u00fade devido \u00e0 sua natureza radioativa. Por isso \u00e9 recomendado manuse\u00e1-lo com extrema seguran\u00e7a e com equipamentos especiais de radia\u00e7\u00e3o nos laborat\u00f3rios onde \u00e9 sintetizado.<\/p>\n<h2> <strong>Curiosidades sobre H\u00e1ssio<\/strong><\/h2>\n<p> O elemento Hassium foi sintetizado pela primeira vez em 1978 no Joint Institute for Nuclear Research em Dubna. No entanto, os seus dados s\u00f3 foram conclusivos 5 anos mais tarde, quando foi produzido com sucesso num centro de investiga\u00e7\u00e3o alem\u00e3o em 1984. Ap\u00f3s a sua descoberta, 3 dos seus is\u00f3topos foram reconhecidos, nomeadamente 270 Hs, 264 Hs e 263 Hs. Outros dados relacionados ao elemento s\u00e3o:<\/p>\n<ul>\n<li> Nome: Antes de seu nome oficial era denominado elemento 108, Unniloctium e eka-\u00f3smium. Somente em 1992 o trabalho da equipe cient\u00edfica alem\u00e3 foi reconhecido e foi proposto batiz\u00e1-lo de Hassio.<\/li>\n<li> Apar\u00eancia F\u00edsica: Estima-se que seja um metal s\u00f3lido \u00e0 temperatura ambiente. Os cientistas acreditam que se fosse produzido um pouco mais, seria met\u00e1lico brilhante, mais pesado e mais denso que o \u00f3smio.<\/li>\n<li> Propriedades: Pode reagir com o ar formando compostos vol\u00e1teis. De acordo com as leis peri\u00f3dicas, \u00e9 o elemento mais pesado do seu grupo e acredita-se que tenha um alto ponto de fus\u00e3o.<\/li>\n<li> Classifica\u00e7\u00e3o: Est\u00e1 localizado no grupo dos metais de transi\u00e7\u00e3o, com vantagens semelhantes ao \u00d3smio. Seu estado de oxida\u00e7\u00e3o \u00e9 estimado em 8, est\u00e1vel.<\/li>\n<\/ul>\n<p> Em resumo, este elemento transactin\u00eddeo, de natureza sint\u00e9tica, \u00e9 produzido em pequenas quantidades devido \u00e0 sua curta vida \u00fatil. As propriedades do H\u00e1ssio ainda s\u00e3o estudadas em grandes laborat\u00f3rios, equipados com a melhor tecnologia para poder utiliz\u00e1-lo em diversas \u00e1reas.<\/p>\n","protected":false},"excerpt":{"rendered":"<p>H\u00e1ssio \u00e9 um elemento sint\u00e9tico criado artificialmente pelo homem. Todos os seus is\u00f3topos s\u00e3o inst\u00e1veis e de curta dura\u00e7\u00e3o, o que resultou na cria\u00e7\u00e3o de alguns \u00e1tomos. Acredita-se que possua propriedades transactin\u00eddicas, com base no comportamento de outros elementos do seu grupo ou metais de transi\u00e7\u00e3o. Embora todas as suas funcionalidades e aplica\u00e7\u00f5es sejam desconhecidas, &#8230; <a title=\"Hassio\" class=\"read-more\" href=\"https:\/\/chemuza.org\/pt\/hassio\/\" aria-label=\"Mais em Hassio\">Ler mais<\/a><\/p>\n","protected":false},"author":1,"featured_media":0,"parent":0,"menu_order":0,"comment_status":"closed","ping_status":"closed","template":"","meta":{"footnotes":""},"class_list":["post-1568","page","type-page","status-publish"],"yoast_head":"<!-- This site is optimized with the Yoast SEO plugin v21.4 - https:\/\/yoast.com\/wordpress\/plugins\/seo\/ -->\n<title>Hassio-Chemuza<\/title>\n<meta name=\"robots\" content=\"index, follow, max-snippet:-1, max-image-preview:large, max-video-preview:-1\" \/>\n<link rel=\"canonical\" href=\"https:\/\/chemuza.org\/pt\/hassio\/\" \/>\n<meta property=\"og:locale\" content=\"pt_PT\" \/>\n<meta property=\"og:type\" content=\"article\" \/>\n<meta property=\"og:title\" content=\"Hassio-Chemuza\" \/>\n<meta property=\"og:description\" content=\"H\u00e1ssio \u00e9 um elemento sint\u00e9tico criado artificialmente pelo homem. Todos os seus is\u00f3topos s\u00e3o inst\u00e1veis e de curta dura\u00e7\u00e3o, o que resultou na cria\u00e7\u00e3o de alguns \u00e1tomos. Acredita-se que possua propriedades transactin\u00eddicas, com base no comportamento de outros elementos do seu grupo ou metais de transi\u00e7\u00e3o. Embora todas as suas funcionalidades e aplica\u00e7\u00f5es sejam desconhecidas, ... Ler mais\" \/>\n<meta property=\"og:url\" content=\"https:\/\/chemuza.org\/pt\/hassio\/\" \/>\n<meta property=\"og:site_name\" content=\"Statorials\" \/>\n<meta name=\"twitter:card\" content=\"summary_large_image\" \/>\n<meta name=\"twitter:label1\" content=\"Tempo estimado de leitura\" \/>\n\t<meta name=\"twitter:data1\" content=\"4 minutos\" \/>\n<script type=\"application\/ld+json\" class=\"yoast-schema-graph\">{\"@context\":\"https:\/\/schema.org\",\"@graph\":[{\"@type\":\"WebPage\",\"@id\":\"https:\/\/chemuza.org\/pt\/hassio\/\",\"url\":\"https:\/\/chemuza.org\/pt\/hassio\/\",\"name\":\"Hassio-Chemuza\",\"isPartOf\":{\"@id\":\"https:\/\/chemuza.org\/pt\/#website\"},\"datePublished\":\"2023-07-13T07:51:19+00:00\",\"dateModified\":\"2023-07-13T07:51:19+00:00\",\"breadcrumb\":{\"@id\":\"https:\/\/chemuza.org\/pt\/hassio\/#breadcrumb\"},\"inLanguage\":\"pt-PT\",\"potentialAction\":[{\"@type\":\"ReadAction\",\"target\":[\"https:\/\/chemuza.org\/pt\/hassio\/\"]}]},{\"@type\":\"BreadcrumbList\",\"@id\":\"https:\/\/chemuza.org\/pt\/hassio\/#breadcrumb\",\"itemListElement\":[{\"@type\":\"ListItem\",\"position\":1,\"name\":\"Lar\",\"item\":\"https:\/\/chemuza.org\/pt\/\"},{\"@type\":\"ListItem\",\"position\":2,\"name\":\"Hassio\"}]},{\"@type\":\"WebSite\",\"@id\":\"https:\/\/chemuza.org\/pt\/#website\",\"url\":\"https:\/\/chemuza.org\/pt\/\",\"name\":\"Chemuza\",\"description\":\"Sua porta de entrada para a descoberta qu\u00edmica!\",\"publisher\":{\"@id\":\"https:\/\/chemuza.org\/pt\/#organization\"},\"potentialAction\":[{\"@type\":\"SearchAction\",\"target\":{\"@type\":\"EntryPoint\",\"urlTemplate\":\"https:\/\/chemuza.org\/pt\/?s={search_term_string}\"},\"query-input\":\"required name=search_term_string\"}],\"inLanguage\":\"pt-PT\"},{\"@type\":\"Organization\",\"@id\":\"https:\/\/chemuza.org\/pt\/#organization\",\"name\":\"Chemuza\",\"url\":\"https:\/\/chemuza.org\/pt\/\",\"logo\":{\"@type\":\"ImageObject\",\"inLanguage\":\"pt-PT\",\"@id\":\"https:\/\/chemuza.org\/pt\/#\/schema\/logo\/image\/\",\"url\":\"https:\/\/chemuza.org\/pt\/wp-content\/uploads\/2023\/10\/chemuza-logo.png\",\"contentUrl\":\"https:\/\/chemuza.org\/pt\/wp-content\/uploads\/2023\/10\/chemuza-logo.png\",\"width\":387,\"height\":70,\"caption\":\"Chemuza\"},\"image\":{\"@id\":\"https:\/\/chemuza.org\/pt\/#\/schema\/logo\/image\/\"}}]}<\/script>\n<!-- \/ Yoast SEO plugin. -->","yoast_head_json":{"title":"Hassio-Chemuza","robots":{"index":"index","follow":"follow","max-snippet":"max-snippet:-1","max-image-preview":"max-image-preview:large","max-video-preview":"max-video-preview:-1"},"canonical":"https:\/\/chemuza.org\/pt\/hassio\/","og_locale":"pt_PT","og_type":"article","og_title":"Hassio-Chemuza","og_description":"H\u00e1ssio \u00e9 um elemento sint\u00e9tico criado artificialmente pelo homem. Todos os seus is\u00f3topos s\u00e3o inst\u00e1veis e de curta dura\u00e7\u00e3o, o que resultou na cria\u00e7\u00e3o de alguns \u00e1tomos. Acredita-se que possua propriedades transactin\u00eddicas, com base no comportamento de outros elementos do seu grupo ou metais de transi\u00e7\u00e3o. Embora todas as suas funcionalidades e aplica\u00e7\u00f5es sejam desconhecidas, ... Ler mais","og_url":"https:\/\/chemuza.org\/pt\/hassio\/","og_site_name":"Statorials","twitter_card":"summary_large_image","twitter_misc":{"Tempo estimado de leitura":"4 minutos"},"schema":{"@context":"https:\/\/schema.org","@graph":[{"@type":"WebPage","@id":"https:\/\/chemuza.org\/pt\/hassio\/","url":"https:\/\/chemuza.org\/pt\/hassio\/","name":"Hassio-Chemuza","isPartOf":{"@id":"https:\/\/chemuza.org\/pt\/#website"},"datePublished":"2023-07-13T07:51:19+00:00","dateModified":"2023-07-13T07:51:19+00:00","breadcrumb":{"@id":"https:\/\/chemuza.org\/pt\/hassio\/#breadcrumb"},"inLanguage":"pt-PT","potentialAction":[{"@type":"ReadAction","target":["https:\/\/chemuza.org\/pt\/hassio\/"]}]},{"@type":"BreadcrumbList","@id":"https:\/\/chemuza.org\/pt\/hassio\/#breadcrumb","itemListElement":[{"@type":"ListItem","position":1,"name":"Lar","item":"https:\/\/chemuza.org\/pt\/"},{"@type":"ListItem","position":2,"name":"Hassio"}]},{"@type":"WebSite","@id":"https:\/\/chemuza.org\/pt\/#website","url":"https:\/\/chemuza.org\/pt\/","name":"Chemuza","description":"Sua porta de entrada para a descoberta qu\u00edmica!","publisher":{"@id":"https:\/\/chemuza.org\/pt\/#organization"},"potentialAction":[{"@type":"SearchAction","target":{"@type":"EntryPoint","urlTemplate":"https:\/\/chemuza.org\/pt\/?s={search_term_string}"},"query-input":"required name=search_term_string"}],"inLanguage":"pt-PT"},{"@type":"Organization","@id":"https:\/\/chemuza.org\/pt\/#organization","name":"Chemuza","url":"https:\/\/chemuza.org\/pt\/","logo":{"@type":"ImageObject","inLanguage":"pt-PT","@id":"https:\/\/chemuza.org\/pt\/#\/schema\/logo\/image\/","url":"https:\/\/chemuza.org\/pt\/wp-content\/uploads\/2023\/10\/chemuza-logo.png","contentUrl":"https:\/\/chemuza.org\/pt\/wp-content\/uploads\/2023\/10\/chemuza-logo.png","width":387,"height":70,"caption":"Chemuza"},"image":{"@id":"https:\/\/chemuza.org\/pt\/#\/schema\/logo\/image\/"}}]}},"yoast_meta":{"yoast_wpseo_title":"","yoast_wpseo_metadesc":"","yoast_wpseo_canonical":""},"_links":{"self":[{"href":"https:\/\/chemuza.org\/pt\/wp-json\/wp\/v2\/pages\/1568","targetHints":{"allow":["GET"]}}],"collection":[{"href":"https:\/\/chemuza.org\/pt\/wp-json\/wp\/v2\/pages"}],"about":[{"href":"https:\/\/chemuza.org\/pt\/wp-json\/wp\/v2\/types\/page"}],"author":[{"embeddable":true,"href":"https:\/\/chemuza.org\/pt\/wp-json\/wp\/v2\/users\/1"}],"replies":[{"embeddable":true,"href":"https:\/\/chemuza.org\/pt\/wp-json\/wp\/v2\/comments?post=1568"}],"version-history":[{"count":0,"href":"https:\/\/chemuza.org\/pt\/wp-json\/wp\/v2\/pages\/1568\/revisions"}],"wp:attachment":[{"href":"https:\/\/chemuza.org\/pt\/wp-json\/wp\/v2\/media?parent=1568"}],"curies":[{"name":"wp","href":"https:\/\/api.w.org\/{rel}","templated":true}]}}