{"id":1567,"date":"2023-07-13T08:27:32","date_gmt":"2023-07-13T08:27:32","guid":{"rendered":"https:\/\/chemuza.org\/pt\/bohrio\/"},"modified":"2023-07-13T08:27:32","modified_gmt":"2023-07-13T08:27:32","slug":"bohrio","status":"publish","type":"page","link":"https:\/\/chemuza.org\/pt\/bohrio\/","title":{"rendered":"Bohrio"},"content":{"rendered":"<p>O b\u00f3rio \u00e9 um elemento artificial da tabela peri\u00f3dica que n\u00e3o ocorre naturalmente na natureza. \u00c9 outro metal de baixa produ\u00e7\u00e3o e s\u00f3 \u00e9 criado sinteticamente em laborat\u00f3rio. Conhe\u00e7a um pouco mais sobre sua descoberta, propriedades e caracter\u00edsticas.<\/p>\n<h2> <strong>O que \u00e9 Bohrio:<\/strong><\/h2>\n<p> A tabela peri\u00f3dica Bohrio anteriormente chamada de Unnilseptio ou Nielsbohrio \u00e9 um elemento qu\u00edmico met\u00e1lico sint\u00e9tico, radioativo. Al\u00e9m disso, em seu estado natural pode ser s\u00f3lido e, como todos os do grupo dos metais de transi\u00e7\u00e3o, sua cor pode ser branca, cinza ou prata.<\/p>\n<p> Atualmente s\u00e3o conhecidos 10 is\u00f3topos, sendo o mais est\u00e1vel o Bohrium <sup>270<\/sup> , que tem meia-vida de um minuto. Al\u00e9m disso, seu n\u00facleo possui alta concentra\u00e7\u00e3o de pr\u00f3tons e n\u00eautrons, o que o torna extremamente poderoso.<\/p>\n<h2> <strong>S\u00edmbolo de B\u00f3hrio<\/strong><\/h2>\n<p> <span class=\"content-chemical-element\" style=\"float: left;width: 65px;height: 65px;border: 3px solid #666; display:flex;\n    justify-content: center;align-items: center;margin-right: 15px;\"><span style=\"font-size: 38px;\">Bh<\/span><\/span> Est\u00e1 localizado no grupo 7 da tabela peri\u00f3dica com n\u00famero at\u00f4mico 107 e sua massa at\u00f4mica \u00e9 262. Pertence ao bloco d, per\u00edodo 7, de metais de transi\u00e7\u00e3o. Pode ter as mesmas propriedades do R\u00eanio, pois est\u00e1 em posi\u00e7\u00e3o pr\u00f3xima.<\/p>\n<h2> <strong>Caracter\u00edsticas do Bohrium<\/strong><\/h2>\n<p> O elemento qu\u00edmico Bohrium, como todos os elementos do grupo 7, \u00e9 considerado um bom condutor de calor e eletricidade. Al\u00e9m disso, possui altos pontos de fus\u00e3o e ebuli\u00e7\u00e3o e extrema dureza. Descubra as outras caracter\u00edsticas deste elemento:<\/p>\n<ul>\n<li> <strong>Condi\u00e7\u00e3o:<\/strong> Desconhecida, embora possa ser s\u00f3lida.<\/li>\n<li> <strong>Apar\u00eancia:<\/strong> Desconhecida, possivelmente met\u00e1lica, branca, prateada ou cinza.<\/li>\n<li> <strong>Estrutura cristalina:<\/strong> Hexagonal compacto.<\/li>\n<\/ul>\n<h2> <strong>Propriedades qu\u00edmicas e f\u00edsicas do bohrium<\/strong><\/h2>\n<ol>\n<li> <strong>N\u00famero at\u00f4mico<\/strong> : 107<\/li>\n<li> <strong>Raio at\u00f4mico:<\/strong> esperado 128<\/li>\n<li> <strong>Densidade:<\/strong> 37,1 g\/cm\u00b3<\/li>\n<li> <strong>Raio covalente:<\/strong> 141<\/li>\n<li> <strong>Ocorr\u00eancia natural:<\/strong> sint\u00e9tico<\/li>\n<li> <strong>Configura\u00e7\u00e3o eletr\u00f4nica:<\/strong> [Rn] 5f <sup>14<\/sup> 6d <sup>5<\/sup> 7s <sup>2<\/sup><\/li>\n<li> <strong>Energias de ioniza\u00e7\u00e3o:<\/strong> 1\u00b0: 740 kJ\/mol. 2\u00ba: 1690 kJ\/mol e 3\u00ba: 2570 Kj\/mol.<\/li>\n<li> <strong>Estados de oxida\u00e7\u00e3o:<\/strong> +3, +4, +5, +7<\/li>\n<\/ol>\n<h2> <strong>Origem do Bohrium<\/strong><\/h2>\n<p> Em 1976, uma equipe de pesquisa sovi\u00e9tica liderada pelo f\u00edsico nuclear russo Yuri Oganessian relatou isso pela primeira vez. Ao bombardear os alvos Bismuto 209 e Chumbo 208 com n\u00facleos acelerados de Cromo 54 e Mangan\u00eas 55. Eles observaram diferentes n\u00edveis de atividade, onde um tinha meia-vida de 1 ou 2 milissegundos e o outro uma vida \u00fatil de aproximadamente 5 segundos. .<\/p>\n<p> Durante o experimento, a intensidade foi constante e foi proposto que o primeiro fosse o is\u00f3topo Bohrium <sup>261<\/sup> e o segundo fosse o Dubnium 257. Posteriormente foi alterado para Dubnium 258, que possui meia-vida curta superior a 257. Por\u00e9m, a metade -a vida observada no \u00e1tomo 262 foi mais curta do que a resultante da descoberta de 1981 em Darmstadt.<\/p>\n<p> Em 1981, um grupo de pesquisa alem\u00e3o liderado pelos f\u00edsicos Gottfried Munzenberg e Peter Armbruster do Centro Helmholtz para Pesquisa de \u00cdons Pesados (GSI) na cidade de Darmstadt, bombardeou um alvo do elemento Bismuto 209 com n\u00facleos acelerados de cromo 54 para produzir 5 \u00e1tomos de Bohrium <sup>262<\/sup> . A For\u00e7a-Tarefa da Uni\u00e3o Internacional de Qu\u00edmica Pura e Aplicada (IUPAC) reconheceu a colabora\u00e7\u00e3o da equipe GSI como descobridora oficial em 1992.<\/p>\n<h2> <strong>Para que \u00e9 utilizado o Bohrio?<\/strong><\/h2>\n<p> Este elemento \u00e9 muito particular em compara\u00e7\u00e3o com outros metais, pois o Bohrium n\u00e3o tem aplica\u00e7\u00f5es. Em outras palavras, n\u00e3o tem utilidade na ci\u00eancia, na ind\u00fastria ou na vida cotidiana.<\/p>\n<h2> <strong>Origem do nome Bohrio<\/strong><\/h2>\n<p> Recebe este nome em homenagem ao f\u00edsico dinamarqu\u00eas Niels Bohr, ganhador do Pr\u00eamio Nobel de F\u00edsica em 1922. Seu trabalho se concentrou em estudos e contribui\u00e7\u00f5es para a compreens\u00e3o da mec\u00e2nica qu\u00e2ntica e da estrutura do \u00e1tomo.<\/p>\n<h2> <strong>T\u00e9cnica para identificar Bohrium<\/strong><\/h2>\n<p> Para identificar um novo is\u00f3topo de Bohrium \u00e9 necess\u00e1rio realizar uma correla\u00e7\u00e3o gen\u00e9tica com outros is\u00f3topos conhecidos atrav\u00e9s de uma cadeia de decaimento radioativo interrompida por fiss\u00e3o espont\u00e2nea. Para realizar esta an\u00e1lise de decaimento, devem ser produzidos is\u00f3topos mais est\u00e1veis, ou seja, aqueles que contenham um n\u00famero \u00edmpar de n\u00eautrons e pr\u00f3tons.<\/p>\n<h2> <strong>Efeitos do Bohrium na sa\u00fade<\/strong><\/h2>\n<p> Este elemento \u00e9 inst\u00e1vel, o que o torna um metal que se decomp\u00f5e rapidamente quando misturado com outros metais. Portanto, os efeitos que pode ter no corpo n\u00e3o foram estudados.<\/p>\n<h2> <strong>Efeitos do bohrium no meio ambiente<\/strong><\/h2>\n<p> Ainda n\u00e3o se sabe o efeito que pode causar no meio ambiente, pois n\u00e3o \u00e9 encontrado na natureza e sua meia-vida \u00e9 curta, em torno de 0,44 segundos. Por\u00e9m, possui propriedades reativas e portanto seus poss\u00edveis usos ainda precisam ser confirmados.<\/p>\n<p> Concluindo, \u00e9 um elemento sint\u00e9tico da tabela peri\u00f3dica, criado em laborat\u00f3rio e pertence ao grupo 7 dos metais de transi\u00e7\u00e3o. Como sua meia-vida \u00e9 curta, n\u00e3o h\u00e1 uso ou aplica\u00e7\u00e3o.<\/p>\n","protected":false},"excerpt":{"rendered":"<p>O b\u00f3rio \u00e9 um elemento artificial da tabela peri\u00f3dica que n\u00e3o ocorre naturalmente na natureza. \u00c9 outro metal de baixa produ\u00e7\u00e3o e s\u00f3 \u00e9 criado sinteticamente em laborat\u00f3rio. Conhe\u00e7a um pouco mais sobre sua descoberta, propriedades e caracter\u00edsticas. O que \u00e9 Bohrio: A tabela peri\u00f3dica Bohrio anteriormente chamada de Unnilseptio ou Nielsbohrio \u00e9 um elemento &#8230; <a title=\"Bohrio\" class=\"read-more\" href=\"https:\/\/chemuza.org\/pt\/bohrio\/\" aria-label=\"Mais em Bohrio\">Ler mais<\/a><\/p>\n","protected":false},"author":1,"featured_media":0,"parent":0,"menu_order":0,"comment_status":"closed","ping_status":"closed","template":"","meta":{"footnotes":""},"class_list":["post-1567","page","type-page","status-publish"],"yoast_head":"<!-- This site is optimized with the Yoast SEO plugin v21.4 - https:\/\/yoast.com\/wordpress\/plugins\/seo\/ -->\n<title>Bohrio-Chemuza<\/title>\n<meta name=\"robots\" content=\"index, follow, max-snippet:-1, max-image-preview:large, max-video-preview:-1\" \/>\n<link rel=\"canonical\" href=\"https:\/\/chemuza.org\/pt\/bohrio\/\" \/>\n<meta property=\"og:locale\" content=\"pt_PT\" \/>\n<meta property=\"og:type\" content=\"article\" \/>\n<meta property=\"og:title\" content=\"Bohrio-Chemuza\" \/>\n<meta property=\"og:description\" content=\"O b\u00f3rio \u00e9 um elemento artificial da tabela peri\u00f3dica que n\u00e3o ocorre naturalmente na natureza. \u00c9 outro metal de baixa produ\u00e7\u00e3o e s\u00f3 \u00e9 criado sinteticamente em laborat\u00f3rio. Conhe\u00e7a um pouco mais sobre sua descoberta, propriedades e caracter\u00edsticas. O que \u00e9 Bohrio: A tabela peri\u00f3dica Bohrio anteriormente chamada de Unnilseptio ou Nielsbohrio \u00e9 um elemento ... Ler mais\" \/>\n<meta property=\"og:url\" content=\"https:\/\/chemuza.org\/pt\/bohrio\/\" \/>\n<meta property=\"og:site_name\" content=\"Statorials\" \/>\n<meta name=\"twitter:card\" content=\"summary_large_image\" \/>\n<meta name=\"twitter:label1\" content=\"Tempo estimado de leitura\" \/>\n\t<meta name=\"twitter:data1\" content=\"4 minutos\" \/>\n<script type=\"application\/ld+json\" class=\"yoast-schema-graph\">{\"@context\":\"https:\/\/schema.org\",\"@graph\":[{\"@type\":\"WebPage\",\"@id\":\"https:\/\/chemuza.org\/pt\/bohrio\/\",\"url\":\"https:\/\/chemuza.org\/pt\/bohrio\/\",\"name\":\"Bohrio-Chemuza\",\"isPartOf\":{\"@id\":\"https:\/\/chemuza.org\/pt\/#website\"},\"datePublished\":\"2023-07-13T08:27:32+00:00\",\"dateModified\":\"2023-07-13T08:27:32+00:00\",\"breadcrumb\":{\"@id\":\"https:\/\/chemuza.org\/pt\/bohrio\/#breadcrumb\"},\"inLanguage\":\"pt-PT\",\"potentialAction\":[{\"@type\":\"ReadAction\",\"target\":[\"https:\/\/chemuza.org\/pt\/bohrio\/\"]}]},{\"@type\":\"BreadcrumbList\",\"@id\":\"https:\/\/chemuza.org\/pt\/bohrio\/#breadcrumb\",\"itemListElement\":[{\"@type\":\"ListItem\",\"position\":1,\"name\":\"Lar\",\"item\":\"https:\/\/chemuza.org\/pt\/\"},{\"@type\":\"ListItem\",\"position\":2,\"name\":\"Bohrio\"}]},{\"@type\":\"WebSite\",\"@id\":\"https:\/\/chemuza.org\/pt\/#website\",\"url\":\"https:\/\/chemuza.org\/pt\/\",\"name\":\"Chemuza\",\"description\":\"Sua porta de entrada para a descoberta qu\u00edmica!\",\"publisher\":{\"@id\":\"https:\/\/chemuza.org\/pt\/#organization\"},\"potentialAction\":[{\"@type\":\"SearchAction\",\"target\":{\"@type\":\"EntryPoint\",\"urlTemplate\":\"https:\/\/chemuza.org\/pt\/?s={search_term_string}\"},\"query-input\":\"required name=search_term_string\"}],\"inLanguage\":\"pt-PT\"},{\"@type\":\"Organization\",\"@id\":\"https:\/\/chemuza.org\/pt\/#organization\",\"name\":\"Chemuza\",\"url\":\"https:\/\/chemuza.org\/pt\/\",\"logo\":{\"@type\":\"ImageObject\",\"inLanguage\":\"pt-PT\",\"@id\":\"https:\/\/chemuza.org\/pt\/#\/schema\/logo\/image\/\",\"url\":\"https:\/\/chemuza.org\/pt\/wp-content\/uploads\/2023\/10\/chemuza-logo.png\",\"contentUrl\":\"https:\/\/chemuza.org\/pt\/wp-content\/uploads\/2023\/10\/chemuza-logo.png\",\"width\":387,\"height\":70,\"caption\":\"Chemuza\"},\"image\":{\"@id\":\"https:\/\/chemuza.org\/pt\/#\/schema\/logo\/image\/\"}}]}<\/script>\n<!-- \/ Yoast SEO plugin. -->","yoast_head_json":{"title":"Bohrio-Chemuza","robots":{"index":"index","follow":"follow","max-snippet":"max-snippet:-1","max-image-preview":"max-image-preview:large","max-video-preview":"max-video-preview:-1"},"canonical":"https:\/\/chemuza.org\/pt\/bohrio\/","og_locale":"pt_PT","og_type":"article","og_title":"Bohrio-Chemuza","og_description":"O b\u00f3rio \u00e9 um elemento artificial da tabela peri\u00f3dica que n\u00e3o ocorre naturalmente na natureza. \u00c9 outro metal de baixa produ\u00e7\u00e3o e s\u00f3 \u00e9 criado sinteticamente em laborat\u00f3rio. Conhe\u00e7a um pouco mais sobre sua descoberta, propriedades e caracter\u00edsticas. O que \u00e9 Bohrio: A tabela peri\u00f3dica Bohrio anteriormente chamada de Unnilseptio ou Nielsbohrio \u00e9 um elemento ... Ler mais","og_url":"https:\/\/chemuza.org\/pt\/bohrio\/","og_site_name":"Statorials","twitter_card":"summary_large_image","twitter_misc":{"Tempo estimado de leitura":"4 minutos"},"schema":{"@context":"https:\/\/schema.org","@graph":[{"@type":"WebPage","@id":"https:\/\/chemuza.org\/pt\/bohrio\/","url":"https:\/\/chemuza.org\/pt\/bohrio\/","name":"Bohrio-Chemuza","isPartOf":{"@id":"https:\/\/chemuza.org\/pt\/#website"},"datePublished":"2023-07-13T08:27:32+00:00","dateModified":"2023-07-13T08:27:32+00:00","breadcrumb":{"@id":"https:\/\/chemuza.org\/pt\/bohrio\/#breadcrumb"},"inLanguage":"pt-PT","potentialAction":[{"@type":"ReadAction","target":["https:\/\/chemuza.org\/pt\/bohrio\/"]}]},{"@type":"BreadcrumbList","@id":"https:\/\/chemuza.org\/pt\/bohrio\/#breadcrumb","itemListElement":[{"@type":"ListItem","position":1,"name":"Lar","item":"https:\/\/chemuza.org\/pt\/"},{"@type":"ListItem","position":2,"name":"Bohrio"}]},{"@type":"WebSite","@id":"https:\/\/chemuza.org\/pt\/#website","url":"https:\/\/chemuza.org\/pt\/","name":"Chemuza","description":"Sua porta de entrada para a descoberta qu\u00edmica!","publisher":{"@id":"https:\/\/chemuza.org\/pt\/#organization"},"potentialAction":[{"@type":"SearchAction","target":{"@type":"EntryPoint","urlTemplate":"https:\/\/chemuza.org\/pt\/?s={search_term_string}"},"query-input":"required name=search_term_string"}],"inLanguage":"pt-PT"},{"@type":"Organization","@id":"https:\/\/chemuza.org\/pt\/#organization","name":"Chemuza","url":"https:\/\/chemuza.org\/pt\/","logo":{"@type":"ImageObject","inLanguage":"pt-PT","@id":"https:\/\/chemuza.org\/pt\/#\/schema\/logo\/image\/","url":"https:\/\/chemuza.org\/pt\/wp-content\/uploads\/2023\/10\/chemuza-logo.png","contentUrl":"https:\/\/chemuza.org\/pt\/wp-content\/uploads\/2023\/10\/chemuza-logo.png","width":387,"height":70,"caption":"Chemuza"},"image":{"@id":"https:\/\/chemuza.org\/pt\/#\/schema\/logo\/image\/"}}]}},"yoast_meta":{"yoast_wpseo_title":"","yoast_wpseo_metadesc":"","yoast_wpseo_canonical":""},"_links":{"self":[{"href":"https:\/\/chemuza.org\/pt\/wp-json\/wp\/v2\/pages\/1567","targetHints":{"allow":["GET"]}}],"collection":[{"href":"https:\/\/chemuza.org\/pt\/wp-json\/wp\/v2\/pages"}],"about":[{"href":"https:\/\/chemuza.org\/pt\/wp-json\/wp\/v2\/types\/page"}],"author":[{"embeddable":true,"href":"https:\/\/chemuza.org\/pt\/wp-json\/wp\/v2\/users\/1"}],"replies":[{"embeddable":true,"href":"https:\/\/chemuza.org\/pt\/wp-json\/wp\/v2\/comments?post=1567"}],"version-history":[{"count":0,"href":"https:\/\/chemuza.org\/pt\/wp-json\/wp\/v2\/pages\/1567\/revisions"}],"wp:attachment":[{"href":"https:\/\/chemuza.org\/pt\/wp-json\/wp\/v2\/media?parent=1567"}],"curies":[{"name":"wp","href":"https:\/\/api.w.org\/{rel}","templated":true}]}}