{"id":1566,"date":"2023-07-13T08:49:46","date_gmt":"2023-07-13T08:49:46","guid":{"rendered":"https:\/\/chemuza.org\/pt\/tenso\/"},"modified":"2023-07-13T08:49:46","modified_gmt":"2023-07-13T08:49:46","slug":"tenso","status":"publish","type":"page","link":"https:\/\/chemuza.org\/pt\/tenso\/","title":{"rendered":"Teneso"},"content":{"rendered":"<p>Voc\u00ea sabia que esse elemento era anteriormente chamado <em>de Ef\u00e9lio<\/em> com o s\u00edmbolo qu\u00edmico <em>Ef<\/em> ? Al\u00e9m disso, foi reconhecido pelas autoridades da Uni\u00e3o Internacional de Qu\u00edmica Pura e Aplicada IUPAC como <em>Ununseptium<\/em> . Na verdade, a sua recente descoberta no s\u00e9culo XXI torna-o um metal pouco conhecido em termos de aplica\u00e7\u00f5es. Em qualquer caso, deixamos-lhe os dados mais relevantes sobre Teneso como caracter\u00edsticas, propriedades e origem.<\/p>\n<h2> <strong>O que \u00e9 Teneso:<\/strong><\/h2>\n<p> Trata-se do elemento sint\u00e9tico 117, integrante da s\u00e9rie qu\u00edmica hal\u00f3gena, superpesada, radioativa, transactin\u00eddica, met\u00e1lica e pen\u00faltimo do per\u00edodo 7 da tabela peri\u00f3dica. Al\u00e9m disso, possui vida \u00fatil m\u00e9dia de alguns milissegundos, cor escura e apar\u00eancia s\u00f3lida.<\/p>\n<h3> <strong>S\u00edmbolo de Teneso<\/strong><\/h3>\n<p> <span class=\"content-chemical-element\" style=\"float: left; width: 65px; height: 65px; border: 3px solid #666; display: flex; justify-content: center; align-items: center; margin-right: 15px;\"><span style=\"font-size: 38px;\">Ts<\/span><\/span> As iniciais do elemento qu\u00edmico Teneso s\u00e3o uma abreviatura de seu nome, que homenageia o estado do Tennessee, nos Estados Unidos. Os seus descobridores propuseram esta simbologia porque \u00e9 l\u00e1 que est\u00e1 localizado o Laborat\u00f3rio Nacional de Oak Ridge, local que deu origem ao metal marcado com o n\u00famero 117.<\/p>\n<h2> <strong>Caracter\u00edsticas do Teneso<\/strong><\/h2>\n<p> Basicamente, as propriedades e caracter\u00edsticas do Teneso s\u00e3o previs\u00f5es de cientistas, que acompanham a tend\u00eancia peri\u00f3dica para conhecer esses dados. Por outro lado, seus is\u00f3topos sintetizados at\u00e9 o momento s\u00e3o <sup>293<\/sup> Ts e <sup>294<\/sup> Ts. Al\u00e9m disso, poucos \u00e1tomos do elemento foram criados. Conhe\u00e7a abaixo suas principais qualidades:<\/p>\n<ul>\n<li> <strong>Condi\u00e7\u00e3o<\/strong> : Segundo os cientistas, \u00e9 s\u00f3lido.<\/li>\n<li> <strong>Apar\u00eancia<\/strong> : Sua apar\u00eancia e tonalidade s\u00e3o desconhecidas, embora se acredite que tenha uma cor escura.<\/li>\n<li> <strong>Radioatividade<\/strong> : \u00c9 um elemento radioativo.<\/li>\n<li> <strong>Estabilidade Nuclear<\/strong> : Este elemento possui is\u00f3topos est\u00e1veis, embora elementos com n\u00fameros at\u00f4micos maiores n\u00e3o possuam estabilidade.<\/li>\n<li> <strong>Peso<\/strong> : \u00c9 o segundo elemento superpesado criado artificialmente, j\u00e1 que \u00e9 40% mais pesado que o chumbo.<\/li>\n<li> <strong>Propriedades Met\u00e1licas<\/strong> : Os cientistas prev\u00eaem que possui caracter\u00edsticas semimet\u00e1licas.<\/li>\n<li> <strong>Meia-vida<\/strong> : O tempo necess\u00e1rio para decair \u00e9 de alguns milissegundos, como o is\u00f3topo <sup>294<\/sup> Ts cuja meia-vida \u00e9 de 78 milissegundos.<\/li>\n<li> <strong>Is\u00f3topos<\/strong> : Seus is\u00f3topos conhecidos incluem <sup>291<\/sup> Ts, <sup>292<\/sup> Ts, <sup>293<\/sup> Ts e <sup>294<\/sup> Ts, sendo este \u00faltimo o mais est\u00e1vel.<\/li>\n<\/ul>\n<h2> <strong>Propriedades qu\u00edmicas e f\u00edsicas do Teneso<\/strong><\/h2>\n<ol>\n<li> <strong>N\u00famero at\u00f4mico<\/strong> : 117<\/li>\n<li> <strong>Ferrugem<\/strong> : Desconhecido<\/li>\n<li> <strong>Densidade (g\/ml)<\/strong> : Sem dados<\/li>\n<li> <strong>Raio covalente (\u00c5)<\/strong> : 165 pm<\/li>\n<li> <strong>Volume at\u00f4mico<\/strong> : Sem dados<\/li>\n<li> <strong>Raio at\u00f4mico (\u00c5)<\/strong> : Sem dados<\/li>\n<li> <strong>Calor espec\u00edfico<\/strong> : Sem dados<\/li>\n<li> <strong>Massa at\u00f4mica (g\/mol)<\/strong> : 294 u<\/li>\n<li> <strong>Velocidade do som<\/strong> : Sem dados<\/li>\n<li> <strong>Eletronegatividade<\/strong> : Sem dados<\/li>\n<li> <strong>Entalpia de fus\u00e3o<\/strong> : Sem dados<\/li>\n<li> <strong>Configura\u00e7\u00e3o eletr\u00f4nica<\/strong> : [Rn] 5f <sup>14<\/sup> 6d <sup>10<\/sup> 7s <sup>2<\/sup> 7p <sup>5<\/sup><\/li>\n<li> <strong>Primeira energia de ioniza\u00e7\u00e3o (eV)<\/strong> : 742,9 kJ\/mol<\/li>\n<li> <strong>N\u00edvel de el\u00e9tron<\/strong> : 2, 8, 18, 32, 32, 18 e 7<\/li>\n<li> <strong>Estados de oxida\u00e7\u00e3o<\/strong> : \u22121, +1, +3, +5<\/li>\n<li> <strong>Ponto de fus\u00e3o<\/strong> : 300 \u2013 500 \u00b0C (573 \u2013 773 K)<\/li>\n<li> <strong>Ponto de ebuli\u00e7\u00e3o<\/strong> : 550\u00b0C (823K)<\/li>\n<\/ol>\n<h2> <strong>Origem do<\/strong> <strong>Teneso<\/strong><\/h2>\n<p> A descoberta de Teneso \u00e9 um tanto controversa porque foi resultado da colabora\u00e7\u00e3o de dois grupos cient\u00edficos, os americanos e os russos. No in\u00edcio de 2010, o Instituto Conjunto de Pesquisa Nuclear em Dubna, na R\u00fassia, e o Laborat\u00f3rio Nacional de Oak Ridge, no Tennessee, nos Estados Unidos, divulgaram um comunicado anunciando a descoberta ao p\u00fablico. Por outro lado, Teneso \u00e9 obtido pela fus\u00e3o nuclear do is\u00f3topo <sup>249<\/sup> Bk com \u00edons <sup>48<\/sup> Ca.<\/p>\n<h2> <strong>Para que serve o Teneso?<\/strong><\/h2>\n<p> Considerando a sua recente descoberta, \u00e9 cedo para conhecer as suas aplica\u00e7\u00f5es, raz\u00e3o pela qual n\u00e3o \u00e9 utilizado nas ind\u00fastrias comercial, m\u00e9dica, metal\u00fargica ou qu\u00edmica. At\u00e9 porque sua produ\u00e7\u00e3o \u00e9 dif\u00edcil e rara. No entanto, os usos do Teneso s\u00e3o limitados a fins de pesquisa cient\u00edfica.<\/p>\n<h2> <strong>Nomea\u00e7\u00e3o de Teneso<\/strong><\/h2>\n<p> De acordo com a nomenclatura de Mendeleev, usada para elementos n\u00e3o descobertos, este elemento deveria ser reconhecido como <em>eka-astatina<\/em> ou <em>dvi-iodo<\/em> . Por\u00e9m, a IUPAC publicou uma s\u00e9rie de sugest\u00f5es em 1979, onde o resultado de sua terminologia foi <em>Ununseptio<\/em> e o s\u00edmbolo <em>Uus<\/em> .<\/p>\n<p> Esta foi uma forma tempor\u00e1ria de se referir ao elemento at\u00e9 que lhe fosse dado um nome permanente. Al\u00e9m disso, a <em>nomenclatura sistem\u00e1tica dos elementos<\/em> criou esta combina\u00e7\u00e3o que significa literalmente um, um, sete na l\u00edngua latina. No entanto, estas recomenda\u00e7\u00f5es foram ignoradas pelos cientistas, que as rotularam como 117.<\/p>\n<p> Por outro lado, as autoridades da IUPAC concederam aos seus descobridores o direito de nome\u00e1-lo <em>Tennessine<\/em> em homenagem ao ORNL, traduzido como <em>Tenesino<\/em> ou <em>T\u00e9neso<\/em> . Posteriormente, a IUPAC aceitou o nome, cuja tradu\u00e7\u00e3o \u00e9 <em>Teneso<\/em> gra\u00e7as ao RAC, RSEQ, Fund\u00e9u e RAE.<\/p>\n<h2> <strong>Quais s\u00e3o os efeitos do Teneso na sa\u00fade?<\/strong><\/h2>\n<p> Atualmente, nenhum efeito adverso do Teneso \u00e0 sa\u00fade foi observado. No entanto, \u00e9 um halog\u00eanio radioativo e todas as medidas de seguran\u00e7a necess\u00e1rias devem ser tomadas ao utiliz\u00e1-lo em testes laboratoriais.<\/p>\n<h2> <strong>Efeitos do Teneso no meio ambiente<\/strong><\/h2>\n<p> Atualmente n\u00e3o foram observados efeitos nocivos ao meio ambiente, devido \u00e0 baixa produ\u00e7\u00e3o do metal 117. Por\u00e9m, \u00e9 suficientemente reativo para n\u00e3o ser exposto \u00e0 natureza.<\/p>\n<p> Concluindo, Teneso \u00e9 um elemento qu\u00edmico artificial, halog\u00eanio, radioativo, met\u00e1lico, superpesado, s\u00f3lido e de cor escura. Al\u00e9m disso, possui vida \u00fatil m\u00e9dia de alguns milissegundos, is\u00f3topos est\u00e1veis e inst\u00e1veis. Por outro lado, n\u00e3o tem aplica\u00e7\u00f5es reconhecidas porque a sua descoberta \u00e9 nova.<\/p>\n","protected":false},"excerpt":{"rendered":"<p>Voc\u00ea sabia que esse elemento era anteriormente chamado de Ef\u00e9lio com o s\u00edmbolo qu\u00edmico Ef ? Al\u00e9m disso, foi reconhecido pelas autoridades da Uni\u00e3o Internacional de Qu\u00edmica Pura e Aplicada IUPAC como Ununseptium . Na verdade, a sua recente descoberta no s\u00e9culo XXI torna-o um metal pouco conhecido em termos de aplica\u00e7\u00f5es. Em qualquer caso, &#8230; <a title=\"Teneso\" class=\"read-more\" href=\"https:\/\/chemuza.org\/pt\/tenso\/\" aria-label=\"Mais em Teneso\">Ler mais<\/a><\/p>\n","protected":false},"author":1,"featured_media":0,"parent":0,"menu_order":0,"comment_status":"closed","ping_status":"closed","template":"","meta":{"footnotes":""},"class_list":["post-1566","page","type-page","status-publish"],"yoast_head":"<!-- This site is optimized with the Yoast SEO plugin v21.4 - https:\/\/yoast.com\/wordpress\/plugins\/seo\/ -->\n<title>Tenesus - Chemuza<\/title>\n<meta name=\"robots\" content=\"index, follow, max-snippet:-1, max-image-preview:large, max-video-preview:-1\" \/>\n<link rel=\"canonical\" href=\"https:\/\/chemuza.org\/pt\/tenso\/\" \/>\n<meta property=\"og:locale\" content=\"pt_PT\" \/>\n<meta property=\"og:type\" content=\"article\" \/>\n<meta property=\"og:title\" content=\"Tenesus - Chemuza\" \/>\n<meta property=\"og:description\" content=\"Voc\u00ea sabia que esse elemento era anteriormente chamado de Ef\u00e9lio com o s\u00edmbolo qu\u00edmico Ef ? Al\u00e9m disso, foi reconhecido pelas autoridades da Uni\u00e3o Internacional de Qu\u00edmica Pura e Aplicada IUPAC como Ununseptium . Na verdade, a sua recente descoberta no s\u00e9culo XXI torna-o um metal pouco conhecido em termos de aplica\u00e7\u00f5es. Em qualquer caso, ... Ler mais\" \/>\n<meta property=\"og:url\" content=\"https:\/\/chemuza.org\/pt\/tenso\/\" \/>\n<meta property=\"og:site_name\" content=\"Statorials\" \/>\n<meta name=\"twitter:card\" content=\"summary_large_image\" \/>\n<meta name=\"twitter:label1\" content=\"Tempo estimado de leitura\" \/>\n\t<meta name=\"twitter:data1\" content=\"4 minutos\" \/>\n<script type=\"application\/ld+json\" class=\"yoast-schema-graph\">{\"@context\":\"https:\/\/schema.org\",\"@graph\":[{\"@type\":\"WebPage\",\"@id\":\"https:\/\/chemuza.org\/pt\/tenso\/\",\"url\":\"https:\/\/chemuza.org\/pt\/tenso\/\",\"name\":\"Tenesus - Chemuza\",\"isPartOf\":{\"@id\":\"https:\/\/chemuza.org\/pt\/#website\"},\"datePublished\":\"2023-07-13T08:49:46+00:00\",\"dateModified\":\"2023-07-13T08:49:46+00:00\",\"breadcrumb\":{\"@id\":\"https:\/\/chemuza.org\/pt\/tenso\/#breadcrumb\"},\"inLanguage\":\"pt-PT\",\"potentialAction\":[{\"@type\":\"ReadAction\",\"target\":[\"https:\/\/chemuza.org\/pt\/tenso\/\"]}]},{\"@type\":\"BreadcrumbList\",\"@id\":\"https:\/\/chemuza.org\/pt\/tenso\/#breadcrumb\",\"itemListElement\":[{\"@type\":\"ListItem\",\"position\":1,\"name\":\"Lar\",\"item\":\"https:\/\/chemuza.org\/pt\/\"},{\"@type\":\"ListItem\",\"position\":2,\"name\":\"Teneso\"}]},{\"@type\":\"WebSite\",\"@id\":\"https:\/\/chemuza.org\/pt\/#website\",\"url\":\"https:\/\/chemuza.org\/pt\/\",\"name\":\"Chemuza\",\"description\":\"Sua porta de entrada para a descoberta qu\u00edmica!\",\"publisher\":{\"@id\":\"https:\/\/chemuza.org\/pt\/#organization\"},\"potentialAction\":[{\"@type\":\"SearchAction\",\"target\":{\"@type\":\"EntryPoint\",\"urlTemplate\":\"https:\/\/chemuza.org\/pt\/?s={search_term_string}\"},\"query-input\":\"required name=search_term_string\"}],\"inLanguage\":\"pt-PT\"},{\"@type\":\"Organization\",\"@id\":\"https:\/\/chemuza.org\/pt\/#organization\",\"name\":\"Chemuza\",\"url\":\"https:\/\/chemuza.org\/pt\/\",\"logo\":{\"@type\":\"ImageObject\",\"inLanguage\":\"pt-PT\",\"@id\":\"https:\/\/chemuza.org\/pt\/#\/schema\/logo\/image\/\",\"url\":\"https:\/\/chemuza.org\/pt\/wp-content\/uploads\/2023\/10\/chemuza-logo.png\",\"contentUrl\":\"https:\/\/chemuza.org\/pt\/wp-content\/uploads\/2023\/10\/chemuza-logo.png\",\"width\":387,\"height\":70,\"caption\":\"Chemuza\"},\"image\":{\"@id\":\"https:\/\/chemuza.org\/pt\/#\/schema\/logo\/image\/\"}}]}<\/script>\n<!-- \/ Yoast SEO plugin. -->","yoast_head_json":{"title":"Tenesus - Chemuza","robots":{"index":"index","follow":"follow","max-snippet":"max-snippet:-1","max-image-preview":"max-image-preview:large","max-video-preview":"max-video-preview:-1"},"canonical":"https:\/\/chemuza.org\/pt\/tenso\/","og_locale":"pt_PT","og_type":"article","og_title":"Tenesus - Chemuza","og_description":"Voc\u00ea sabia que esse elemento era anteriormente chamado de Ef\u00e9lio com o s\u00edmbolo qu\u00edmico Ef ? Al\u00e9m disso, foi reconhecido pelas autoridades da Uni\u00e3o Internacional de Qu\u00edmica Pura e Aplicada IUPAC como Ununseptium . Na verdade, a sua recente descoberta no s\u00e9culo XXI torna-o um metal pouco conhecido em termos de aplica\u00e7\u00f5es. Em qualquer caso, ... Ler mais","og_url":"https:\/\/chemuza.org\/pt\/tenso\/","og_site_name":"Statorials","twitter_card":"summary_large_image","twitter_misc":{"Tempo estimado de leitura":"4 minutos"},"schema":{"@context":"https:\/\/schema.org","@graph":[{"@type":"WebPage","@id":"https:\/\/chemuza.org\/pt\/tenso\/","url":"https:\/\/chemuza.org\/pt\/tenso\/","name":"Tenesus - Chemuza","isPartOf":{"@id":"https:\/\/chemuza.org\/pt\/#website"},"datePublished":"2023-07-13T08:49:46+00:00","dateModified":"2023-07-13T08:49:46+00:00","breadcrumb":{"@id":"https:\/\/chemuza.org\/pt\/tenso\/#breadcrumb"},"inLanguage":"pt-PT","potentialAction":[{"@type":"ReadAction","target":["https:\/\/chemuza.org\/pt\/tenso\/"]}]},{"@type":"BreadcrumbList","@id":"https:\/\/chemuza.org\/pt\/tenso\/#breadcrumb","itemListElement":[{"@type":"ListItem","position":1,"name":"Lar","item":"https:\/\/chemuza.org\/pt\/"},{"@type":"ListItem","position":2,"name":"Teneso"}]},{"@type":"WebSite","@id":"https:\/\/chemuza.org\/pt\/#website","url":"https:\/\/chemuza.org\/pt\/","name":"Chemuza","description":"Sua porta de entrada para a descoberta qu\u00edmica!","publisher":{"@id":"https:\/\/chemuza.org\/pt\/#organization"},"potentialAction":[{"@type":"SearchAction","target":{"@type":"EntryPoint","urlTemplate":"https:\/\/chemuza.org\/pt\/?s={search_term_string}"},"query-input":"required name=search_term_string"}],"inLanguage":"pt-PT"},{"@type":"Organization","@id":"https:\/\/chemuza.org\/pt\/#organization","name":"Chemuza","url":"https:\/\/chemuza.org\/pt\/","logo":{"@type":"ImageObject","inLanguage":"pt-PT","@id":"https:\/\/chemuza.org\/pt\/#\/schema\/logo\/image\/","url":"https:\/\/chemuza.org\/pt\/wp-content\/uploads\/2023\/10\/chemuza-logo.png","contentUrl":"https:\/\/chemuza.org\/pt\/wp-content\/uploads\/2023\/10\/chemuza-logo.png","width":387,"height":70,"caption":"Chemuza"},"image":{"@id":"https:\/\/chemuza.org\/pt\/#\/schema\/logo\/image\/"}}]}},"yoast_meta":{"yoast_wpseo_title":"","yoast_wpseo_metadesc":"","yoast_wpseo_canonical":""},"_links":{"self":[{"href":"https:\/\/chemuza.org\/pt\/wp-json\/wp\/v2\/pages\/1566","targetHints":{"allow":["GET"]}}],"collection":[{"href":"https:\/\/chemuza.org\/pt\/wp-json\/wp\/v2\/pages"}],"about":[{"href":"https:\/\/chemuza.org\/pt\/wp-json\/wp\/v2\/types\/page"}],"author":[{"embeddable":true,"href":"https:\/\/chemuza.org\/pt\/wp-json\/wp\/v2\/users\/1"}],"replies":[{"embeddable":true,"href":"https:\/\/chemuza.org\/pt\/wp-json\/wp\/v2\/comments?post=1566"}],"version-history":[{"count":0,"href":"https:\/\/chemuza.org\/pt\/wp-json\/wp\/v2\/pages\/1566\/revisions"}],"wp:attachment":[{"href":"https:\/\/chemuza.org\/pt\/wp-json\/wp\/v2\/media?parent=1566"}],"curies":[{"name":"wp","href":"https:\/\/api.w.org\/{rel}","templated":true}]}}