{"id":1564,"date":"2023-07-13T10:04:29","date_gmt":"2023-07-13T10:04:29","guid":{"rendered":"https:\/\/chemuza.org\/pt\/oganeson\/"},"modified":"2023-07-13T10:04:29","modified_gmt":"2023-07-13T10:04:29","slug":"oganeson","status":"publish","type":"page","link":"https:\/\/chemuza.org\/pt\/oganeson\/","title":{"rendered":"Oganeson"},"content":{"rendered":"<p>Atualmente \u00e9 o \u00faltimo elemento qu\u00edmico da tabela peri\u00f3dica, o \u00fanico do grupo 18 a ser formado artificialmente e, al\u00e9m disso, possui a maior massa e n\u00famero at\u00f4mico de todos. Descubra agora quais s\u00e3o as propriedades do Oganeson, quem foi seu descobridor e para que serve.<\/p>\n<h2> <strong>O que \u00e9 Oganeson:<\/strong><\/h2>\n<p> \u00c9 um elemento qu\u00edmico, sint\u00e9tico, transur\u00e2nico, transactin\u00eddeo, muito radioativo, superpesado e inst\u00e1vel. Al\u00e9m disso, tem meia-vida extremamente curta, val\u00eancia zero e alguma reatividade em condi\u00e7\u00f5es normais. Al\u00e9m disso, provavelmente n\u00e3o \u00e9 um g\u00e1s, embora fa\u00e7a parte da s\u00e9rie qu\u00edmica dos gases nobres.<\/p>\n<h3> <strong>S\u00edmbolo Oganeson<\/strong><\/h3>\n<p> <span class=\"content-chemical-element\" style=\"float: left;width: 65px;height: 65px;border: 3px solid #666; display:flex;\n    justify-content: center;align-items: center;margin-right: 15px;\"><span style=\"font-size: 38px;\">Og<\/span><\/span> O s\u00edmbolo atual do elemento Oganeson \u00e9 a sigla de seu nome, dada em homenagem ao f\u00edsico nuclear russo Yuri Tsolakovich Oganessian. Ele recebeu esta homenagem porque liderou o grupo de cientistas do Laborat\u00f3rio Russo de Rea\u00e7\u00f5es Nucleares. Por\u00e9m, a princ\u00edpio era chamado de Ununoctio, com a simbologia Uuo, palavra latina que significa um, um, oito, ou seja, 118.<\/p>\n<h2> <strong>Caracter\u00edsticas de Oganeson<\/strong><\/h2>\n<p> Segundo as previs\u00f5es dos cientistas, Oganeson possui 118 n\u00eautrons, alta eletronegatividade e afinidade eletr\u00f4nica positiva, ao contr\u00e1rio de outros gases nobres. Da mesma forma, possui baixa energia de ioniza\u00e7\u00e3o e, at\u00e9 o momento, foram sintetizados 3 ou 4 \u00e1tomos de Oganeson. Confira os outros recursos abaixo:<\/p>\n<ul>\n<li> <strong>Reatividade Qu\u00edmica<\/strong> : Os c\u00e1lculos da teoria qu\u00e2ntica prev\u00eaem que ele pode reagir em condi\u00e7\u00f5es normais, ao contr\u00e1rio de outros elementos do seu grupo.<\/li>\n<li> <strong>Estado<\/strong> Embora se pensasse que fosse um g\u00e1s, acredita-se agora que, sob press\u00f5es e temperaturas normais, apresenta um estado s\u00f3lido.<\/li>\n<li> <strong>Apar\u00eancia<\/strong> : Destina-se a exibir uma estrutura incomum e apar\u00eancia uniforme.<\/li>\n<li> <strong>Radioatividade<\/strong> : \u00c9 altamente radioativo.<\/li>\n<li> <strong>Estabilidade nuclear<\/strong> : Apresenta forte instabilidade.<\/li>\n<li> <strong>Peso<\/strong> : Este \u00e9 um item muito pesado.<\/li>\n<li> <strong>Meia-vida<\/strong> : Tem meia-vida muito curta, menos de um milissegundo.<\/li>\n<li> <strong>Is\u00f3topos<\/strong> : Hoje, apenas um is\u00f3topo \u00e9 conhecido, <sup>o 294<\/sup> Og, cuja meia-vida \u00e9 de 0,89 milissegundos, que \u00e9 convertida em <sup>290<\/sup> Lv por decaimento alfa.<\/li>\n<\/ul>\n<h2> <strong>Propriedades qu\u00edmicas e f\u00edsicas do Oganeson<\/strong><\/h2>\n<ol>\n<li> <strong>N\u00famero at\u00f4mico<\/strong> : 118<\/li>\n<li> <strong>Ferrugem<\/strong> : Desconhecido<\/li>\n<li> <strong>Estados de oxida\u00e7\u00e3o<\/strong> : 0, +2, +4<\/li>\n<li> <strong>Densidade (g\/ml)<\/strong> : 13.650 kg\/m\u00b3<\/li>\n<li> <strong>Raio covalente (\u00c5)<\/strong> : 230 pm<\/li>\n<li> <strong>Massa at\u00f4mica (g\/mol)<\/strong> : 294 u <strong>&nbsp;<\/strong><\/li>\n<li> <strong>Calor espec\u00edfico<\/strong> : Sem dados<\/li>\n<li> <strong>Configura\u00e7\u00e3o eletr\u00f4nica<\/strong> : [Rn] 5f <sup>14<\/sup> 6d <sup>10<\/sup> 7s <sup>2<\/sup> 7p <sup>6<\/sup><\/li>\n<li> <strong>Velocidade do som<\/strong> : Sem dados<\/li>\n<li> <strong>Eletronegatividade<\/strong> : Sem dados<\/li>\n<li> <strong>Ponto de fus\u00e3o<\/strong> : Sem dados<\/li>\n<li> <strong>Entalpia de fus\u00e3o<\/strong> : 23,5 kJ\/mol<\/li>\n<li> <strong>N\u00edvel de el\u00e9trons<\/strong> : 2,8,18,32,32,18 e 8<\/li>\n<li> <strong>Entalpia de vaporiza\u00e7\u00e3o<\/strong> : 19,4 kJ\/mol<\/li>\n<li> <strong>Primeira energia de ioniza\u00e7\u00e3o (eV)<\/strong> : 820-1130 kJ\/mol<\/li>\n<li> <strong>Raio at\u00f4mico (\u00c5)<\/strong> : 152 pm (raio de Bohr)<\/li>\n<li> <strong>Ponto de ebuli\u00e7\u00e3o<\/strong> : 47 a 107\u00b0C (320 a 380 K)<\/li>\n<\/ol>\n<h2> <strong>Origem de Oganeson<\/strong><\/h2>\n<p> H\u00e1 alguma controv\u00e9rsia sobre quem descobriu Oganeson. Segundo a hist\u00f3ria, o polon\u00eas Robert Smola\u0144czuk anunciou seus c\u00e1lculos para a produ\u00e7\u00e3o desse elemento no final de 1998. A publica\u00e7\u00e3o do f\u00edsico sugere que o chumbo deve ser fundido com o cript\u00f4nio sob condi\u00e7\u00f5es cuidadosamente controladas.<\/p>\n<p> Em 1999, uma equipe de cientistas americanos do Laborat\u00f3rio Nacional de Berkeley usou os c\u00e1lculos de Smola\u0144czuk e proclamou sua descoberta nas revistas <em>Physical Review Letters<\/em> e Science. Eles teriam sido capazes de separar e identificar 3 \u00e1tomos de Oganeson. No entanto, eles o retiraram porque outros laborat\u00f3rios n\u00e3o conseguiram repetir o experimento.<\/p>\n<p> Em 2002, o primeiro grupo de \u00e1tomos deste elemento foi observado no Instituto Central de Pesquisa Nuclear em Dubna, na R\u00fassia. Ent\u00e3o, em outubro de 2006, uma equipe do JINR e de pesquisadores americanos detectaram 3 ou 4 n\u00facleos de <sup>294<\/sup> Og. Mais tarde, em 2005, encontraram mais dois quando \u00edons de <sup>48<\/sup> Ca e <sup>249<\/sup> Cf colidiram.<\/p>\n<h2> <strong>Para que \u00e9 utilizado o Oganeson?<\/strong><\/h2>\n<p> Na realidade, os usos do Oganeson n\u00e3o s\u00e3o conhecidos hoje, por se tratar de um elemento novo. Al\u00e9m disso, por ser radioativo, n\u00e3o seria \u00fatil em ambiente comercial ou dom\u00e9stico, embora seja utilizado para pesquisas cient\u00edficas.<\/p>\n<h2> <strong>Origem do nome Oganeson<\/strong><\/h2>\n<p> At\u00e9 1960, era chamado de <em>eka-emana\u00e7\u00e3o<\/em> ou <em>eka-rad\u00f4nio<\/em> . Um ano depois, a Uni\u00e3o Internacional de Qu\u00edmica Pura e Aplicada, IUPAC, recomendou a palavra <em>Ununoctium<\/em> para este elemento. Este nome tem sido utilizado, embora seu nome oficial tenha sido confirmado.<\/p>\n<p> Antes de 2002, cientistas do Berkeley Lab propuseram o nome <em>Ghiorsium<\/em> , com o s\u00edmbolo Gh, em homenagem ao qu\u00edmico Albert Ghiorso. Da mesma forma, durante 2007, o diretor russo do JINR, o Instituto Central de Pesquisa Nuclear, anunciou que estava considerando dois t\u00edtulos: <em>Flyorium<\/em> e <em>Moskovium<\/em> .<\/p>\n<p> O primeiro nome foi proposto pelo fundador do instituto, Georgy Flyorov, enquanto o segundo em homenagem ao Oblast de Moscou, onde est\u00e1 localizada Dubna, na R\u00fassia. Al\u00e9m disso, o diretor do JINR argumentou que deveria ter um nome russo, pois seu laborat\u00f3rio era a \u00fanica instala\u00e7\u00e3o onde foi sintetizado. Em resumo, Oganeson \u00e9 atualmente o \u00faltimo elemento sint\u00e9tico da tabela peri\u00f3dica. \u00c9 um transactin\u00eddeo, radioativo, superpesado, inst\u00e1vel e sua meia-vida \u00e9 de alguns milissegundos. Al\u00e9m disso, possui apenas um is\u00f3topo conhecido at\u00e9 o momento, <sup>294<\/sup> Og. \u00c9 usado apenas para pesquisas cient\u00edficas.<\/p>\n","protected":false},"excerpt":{"rendered":"<p>Atualmente \u00e9 o \u00faltimo elemento qu\u00edmico da tabela peri\u00f3dica, o \u00fanico do grupo 18 a ser formado artificialmente e, al\u00e9m disso, possui a maior massa e n\u00famero at\u00f4mico de todos. Descubra agora quais s\u00e3o as propriedades do Oganeson, quem foi seu descobridor e para que serve. O que \u00e9 Oganeson: \u00c9 um elemento qu\u00edmico, sint\u00e9tico, &#8230; <a title=\"Oganeson\" class=\"read-more\" href=\"https:\/\/chemuza.org\/pt\/oganeson\/\" aria-label=\"Mais em Oganeson\">Ler mais<\/a><\/p>\n","protected":false},"author":1,"featured_media":0,"parent":0,"menu_order":0,"comment_status":"closed","ping_status":"closed","template":"","meta":{"footnotes":""},"class_list":["post-1564","page","type-page","status-publish"],"yoast_head":"<!-- This site is optimized with the Yoast SEO plugin v21.4 - https:\/\/yoast.com\/wordpress\/plugins\/seo\/ -->\n<title>Oganeson-Chemuza<\/title>\n<meta name=\"robots\" content=\"index, follow, max-snippet:-1, max-image-preview:large, max-video-preview:-1\" \/>\n<link rel=\"canonical\" href=\"https:\/\/chemuza.org\/pt\/oganeson\/\" \/>\n<meta property=\"og:locale\" content=\"pt_PT\" \/>\n<meta property=\"og:type\" content=\"article\" \/>\n<meta property=\"og:title\" content=\"Oganeson-Chemuza\" \/>\n<meta property=\"og:description\" content=\"Atualmente \u00e9 o \u00faltimo elemento qu\u00edmico da tabela peri\u00f3dica, o \u00fanico do grupo 18 a ser formado artificialmente e, al\u00e9m disso, possui a maior massa e n\u00famero at\u00f4mico de todos. Descubra agora quais s\u00e3o as propriedades do Oganeson, quem foi seu descobridor e para que serve. O que \u00e9 Oganeson: \u00c9 um elemento qu\u00edmico, sint\u00e9tico, ... Ler mais\" \/>\n<meta property=\"og:url\" content=\"https:\/\/chemuza.org\/pt\/oganeson\/\" \/>\n<meta property=\"og:site_name\" content=\"Statorials\" \/>\n<meta name=\"twitter:card\" content=\"summary_large_image\" \/>\n<meta name=\"twitter:label1\" content=\"Tempo estimado de leitura\" \/>\n\t<meta name=\"twitter:data1\" content=\"4 minutos\" \/>\n<script type=\"application\/ld+json\" class=\"yoast-schema-graph\">{\"@context\":\"https:\/\/schema.org\",\"@graph\":[{\"@type\":\"WebPage\",\"@id\":\"https:\/\/chemuza.org\/pt\/oganeson\/\",\"url\":\"https:\/\/chemuza.org\/pt\/oganeson\/\",\"name\":\"Oganeson-Chemuza\",\"isPartOf\":{\"@id\":\"https:\/\/chemuza.org\/pt\/#website\"},\"datePublished\":\"2023-07-13T10:04:29+00:00\",\"dateModified\":\"2023-07-13T10:04:29+00:00\",\"breadcrumb\":{\"@id\":\"https:\/\/chemuza.org\/pt\/oganeson\/#breadcrumb\"},\"inLanguage\":\"pt-PT\",\"potentialAction\":[{\"@type\":\"ReadAction\",\"target\":[\"https:\/\/chemuza.org\/pt\/oganeson\/\"]}]},{\"@type\":\"BreadcrumbList\",\"@id\":\"https:\/\/chemuza.org\/pt\/oganeson\/#breadcrumb\",\"itemListElement\":[{\"@type\":\"ListItem\",\"position\":1,\"name\":\"Lar\",\"item\":\"https:\/\/chemuza.org\/pt\/\"},{\"@type\":\"ListItem\",\"position\":2,\"name\":\"Oganeson\"}]},{\"@type\":\"WebSite\",\"@id\":\"https:\/\/chemuza.org\/pt\/#website\",\"url\":\"https:\/\/chemuza.org\/pt\/\",\"name\":\"Chemuza\",\"description\":\"Sua porta de entrada para a descoberta qu\u00edmica!\",\"publisher\":{\"@id\":\"https:\/\/chemuza.org\/pt\/#organization\"},\"potentialAction\":[{\"@type\":\"SearchAction\",\"target\":{\"@type\":\"EntryPoint\",\"urlTemplate\":\"https:\/\/chemuza.org\/pt\/?s={search_term_string}\"},\"query-input\":\"required name=search_term_string\"}],\"inLanguage\":\"pt-PT\"},{\"@type\":\"Organization\",\"@id\":\"https:\/\/chemuza.org\/pt\/#organization\",\"name\":\"Chemuza\",\"url\":\"https:\/\/chemuza.org\/pt\/\",\"logo\":{\"@type\":\"ImageObject\",\"inLanguage\":\"pt-PT\",\"@id\":\"https:\/\/chemuza.org\/pt\/#\/schema\/logo\/image\/\",\"url\":\"https:\/\/chemuza.org\/pt\/wp-content\/uploads\/2023\/10\/chemuza-logo.png\",\"contentUrl\":\"https:\/\/chemuza.org\/pt\/wp-content\/uploads\/2023\/10\/chemuza-logo.png\",\"width\":387,\"height\":70,\"caption\":\"Chemuza\"},\"image\":{\"@id\":\"https:\/\/chemuza.org\/pt\/#\/schema\/logo\/image\/\"}}]}<\/script>\n<!-- \/ Yoast SEO plugin. -->","yoast_head_json":{"title":"Oganeson-Chemuza","robots":{"index":"index","follow":"follow","max-snippet":"max-snippet:-1","max-image-preview":"max-image-preview:large","max-video-preview":"max-video-preview:-1"},"canonical":"https:\/\/chemuza.org\/pt\/oganeson\/","og_locale":"pt_PT","og_type":"article","og_title":"Oganeson-Chemuza","og_description":"Atualmente \u00e9 o \u00faltimo elemento qu\u00edmico da tabela peri\u00f3dica, o \u00fanico do grupo 18 a ser formado artificialmente e, al\u00e9m disso, possui a maior massa e n\u00famero at\u00f4mico de todos. Descubra agora quais s\u00e3o as propriedades do Oganeson, quem foi seu descobridor e para que serve. O que \u00e9 Oganeson: \u00c9 um elemento qu\u00edmico, sint\u00e9tico, ... Ler mais","og_url":"https:\/\/chemuza.org\/pt\/oganeson\/","og_site_name":"Statorials","twitter_card":"summary_large_image","twitter_misc":{"Tempo estimado de leitura":"4 minutos"},"schema":{"@context":"https:\/\/schema.org","@graph":[{"@type":"WebPage","@id":"https:\/\/chemuza.org\/pt\/oganeson\/","url":"https:\/\/chemuza.org\/pt\/oganeson\/","name":"Oganeson-Chemuza","isPartOf":{"@id":"https:\/\/chemuza.org\/pt\/#website"},"datePublished":"2023-07-13T10:04:29+00:00","dateModified":"2023-07-13T10:04:29+00:00","breadcrumb":{"@id":"https:\/\/chemuza.org\/pt\/oganeson\/#breadcrumb"},"inLanguage":"pt-PT","potentialAction":[{"@type":"ReadAction","target":["https:\/\/chemuza.org\/pt\/oganeson\/"]}]},{"@type":"BreadcrumbList","@id":"https:\/\/chemuza.org\/pt\/oganeson\/#breadcrumb","itemListElement":[{"@type":"ListItem","position":1,"name":"Lar","item":"https:\/\/chemuza.org\/pt\/"},{"@type":"ListItem","position":2,"name":"Oganeson"}]},{"@type":"WebSite","@id":"https:\/\/chemuza.org\/pt\/#website","url":"https:\/\/chemuza.org\/pt\/","name":"Chemuza","description":"Sua porta de entrada para a descoberta qu\u00edmica!","publisher":{"@id":"https:\/\/chemuza.org\/pt\/#organization"},"potentialAction":[{"@type":"SearchAction","target":{"@type":"EntryPoint","urlTemplate":"https:\/\/chemuza.org\/pt\/?s={search_term_string}"},"query-input":"required name=search_term_string"}],"inLanguage":"pt-PT"},{"@type":"Organization","@id":"https:\/\/chemuza.org\/pt\/#organization","name":"Chemuza","url":"https:\/\/chemuza.org\/pt\/","logo":{"@type":"ImageObject","inLanguage":"pt-PT","@id":"https:\/\/chemuza.org\/pt\/#\/schema\/logo\/image\/","url":"https:\/\/chemuza.org\/pt\/wp-content\/uploads\/2023\/10\/chemuza-logo.png","contentUrl":"https:\/\/chemuza.org\/pt\/wp-content\/uploads\/2023\/10\/chemuza-logo.png","width":387,"height":70,"caption":"Chemuza"},"image":{"@id":"https:\/\/chemuza.org\/pt\/#\/schema\/logo\/image\/"}}]}},"yoast_meta":{"yoast_wpseo_title":"","yoast_wpseo_metadesc":"","yoast_wpseo_canonical":""},"_links":{"self":[{"href":"https:\/\/chemuza.org\/pt\/wp-json\/wp\/v2\/pages\/1564","targetHints":{"allow":["GET"]}}],"collection":[{"href":"https:\/\/chemuza.org\/pt\/wp-json\/wp\/v2\/pages"}],"about":[{"href":"https:\/\/chemuza.org\/pt\/wp-json\/wp\/v2\/types\/page"}],"author":[{"embeddable":true,"href":"https:\/\/chemuza.org\/pt\/wp-json\/wp\/v2\/users\/1"}],"replies":[{"embeddable":true,"href":"https:\/\/chemuza.org\/pt\/wp-json\/wp\/v2\/comments?post=1564"}],"version-history":[{"count":0,"href":"https:\/\/chemuza.org\/pt\/wp-json\/wp\/v2\/pages\/1564\/revisions"}],"wp:attachment":[{"href":"https:\/\/chemuza.org\/pt\/wp-json\/wp\/v2\/media?parent=1564"}],"curies":[{"name":"wp","href":"https:\/\/api.w.org\/{rel}","templated":true}]}}