{"id":1563,"date":"2023-07-13T10:29:28","date_gmt":"2023-07-13T10:29:28","guid":{"rendered":"https:\/\/chemuza.org\/pt\/nionio\/"},"modified":"2023-07-13T10:29:28","modified_gmt":"2023-07-13T10:29:28","slug":"nionio","status":"publish","type":"page","link":"https:\/\/chemuza.org\/pt\/nionio\/","title":{"rendered":"Ni\u00f4nio"},"content":{"rendered":"<p>Voc\u00ea sabia que esse nome se refere a uma localiza\u00e7\u00e3o geogr\u00e1fica? Na verdade, lembra o Jap\u00e3o e constitui o primeiro elemento descoberto no continente asi\u00e1tico. Por outro lado, tamb\u00e9m corresponde aos metais mais recentes atualizados na tabela peri\u00f3dica e muito pouco ainda se sabe sobre este elemento qu\u00edmico. Em qualquer caso, aqui iremos contar-lhe as principais caracter\u00edsticas e propriedades do Nihonium.<\/p>\n<h2> <strong>O que \u00e9 ni\u00f4nio?<\/strong><\/h2>\n<p> O elemento Nihonium \u00e9 um transactin\u00eddeo, transur\u00e2nico, um produto qu\u00edmico criado artificialmente que \u00e9 altamente radioativo e tem meia-vida muito curta. Est\u00e1 localizado entre os metais do bloco p, no per\u00edodo 7 e grupo 13 ou na s\u00e9rie qu\u00edmica do boro. \u00c9 um metal s\u00f3lido que pode conter caracter\u00edsticas semelhantes ao G\u00e1lio, Alum\u00ednio, T\u00e1lio e \u00cdndio, segundo estimativas cient\u00edficas. No entanto, outros estudos sugerem que \u00e9 mais semelhante aos metais de transi\u00e7\u00e3o.<\/p>\n<h3> <strong>S\u00edmbolo de ni\u00f4nio<\/strong><\/h3>\n<p> <span class=\"content-chemical-element\" style=\"float: left;width: 65px;height: 65px;border: 3px solid #666; display:flex;\n    justify-content: center;align-items: center;margin-right: 15px;\"><span style=\"font-size: 38px;\">Nh<\/span><\/span> O s\u00edmbolo do elemento qu\u00edmico \u00e9 uma abreviatura de seu nome, que vem da palavra japonesa <em>Nihon<\/em> para Jap\u00e3o. Por\u00e9m, antes disso, a IUPAC recomendou cham\u00e1-lo provisoriamente de <em>Ununtrio<\/em> , cuja sigla era Uut. Este nome vem do latim e significa um, um, tr\u00eas, o que significa 113.<\/p>\n<h2> <strong>Caracter\u00edsticas do Ni\u00f4nio<\/strong><\/h2>\n<p> Este elemento possui 113 el\u00e9trons em sua camada e o mesmo n\u00famero de pr\u00f3tons em seu n\u00facleo. Al\u00e9m disso, tem peso at\u00f4mico de 286 u, funde a 427 \u00b0C e ferve a 1.127 \u00b0C. Contudo, seus processos de redu\u00e7\u00e3o e oxida\u00e7\u00e3o ainda n\u00e3o foram medidos. As outras propriedades do Nihonium s\u00e3o:<\/p>\n<ul>\n<li> <strong>Status<\/strong> : Acredita-se que seja um material s\u00f3lido \u00e0 temperatura ambiente.<\/li>\n<li> <strong>Apar\u00eancia<\/strong> : Apar\u00eancia desconhecida, embora se presuma que seja prateada, cinza ou branca.<\/li>\n<li> <strong>Estabilidade Nuclear<\/strong> : Apresenta alguma instabilidade, mas acredita-se que um processo denominado ilha de estabilidade ocorra dentro do elemento.<\/li>\n<li> <strong>Radioatividade<\/strong> : \u00c9 muito radioativo.<\/li>\n<li> <strong>Peso<\/strong> : \u00c9 classificado como superpesado.<\/li>\n<li> <strong>Propriedades Met\u00e1licas<\/strong> : Provavelmente \u00e9 um elemento met\u00e1lico, outras an\u00e1lises indicam que se trata de um metal de transi\u00e7\u00e3o.<\/li>\n<li> <strong>Meia-vida<\/strong> : Sua meia-vida \u00e9 muito curta, entre 0,34 milissegundos e 20 segundos.<\/li>\n<li> <strong>Is\u00f3topos<\/strong> : Atualmente s\u00e3o conhecidos 6 is\u00f3topos do elemento, com massas at\u00f4micas de 278 a 286, sendo <sup>286<\/sup> Nh o mais est\u00e1vel de todos.<\/li>\n<\/ul>\n<h2> <strong>Propriedades qu\u00edmicas e f\u00edsicas do Nih\u00f4nio<\/strong><\/h2>\n<ol>\n<li> <strong>N\u00famero at\u00f4mico<\/strong> : 113 <strong>&nbsp;<\/strong><\/li>\n<li> <strong>Densidade (g\/ml)<\/strong> : 16 kg\/m\u00b3<\/li>\n<li> <strong>Ferrugem<\/strong> : Desconhecido<\/li>\n<li> <strong>Raio covalente (\u00c5)<\/strong> : 136 pm<\/li>\n<li> <strong>Estados de oxida\u00e7\u00e3o<\/strong> : +1, +3, +5<\/li>\n<li> <strong>Primeira energia de ioniza\u00e7\u00e3o (eV)<\/strong> : 710 kJ\/mol<\/li>\n<li> <strong>Raio at\u00f4mico (\u00c5)<\/strong> : Sem dados <strong>&nbsp;<\/strong><\/li>\n<li> <strong>Configura\u00e7\u00e3o eletr\u00f4nica<\/strong> : [Rn] 5f <sup>14<\/sup> 6d <sup>10<\/sup> 7s <sup>2<\/sup> 7p <sup>1<\/sup> <strong>&nbsp;<\/strong><\/li>\n<li> <strong>Ponto de ebuli\u00e7\u00e3o<\/strong> : 1127\u00b0C (1400 K)<\/li>\n<li> <strong>El\u00e9trons por n\u00edvel<\/strong> : 2, 8, 18, 32, 32, 18, 3<\/li>\n<li> <strong>Entalpia de vaporiza\u00e7\u00e3o<\/strong> : 130 kJ\/mol<\/li>\n<li> <strong>Eletronegatividade<\/strong> : Sem dados <strong>&nbsp;<\/strong><\/li>\n<li> <strong>Ponto de fus\u00e3o<\/strong> : 427\u00b0C (700K)<\/li>\n<li> <strong>Calor espec\u00edfico<\/strong> : Sem dados<\/li>\n<li> <strong>Massa at\u00f4mica (g\/mol)<\/strong> : 286 u<\/li>\n<li> <strong>Entalpia de fus\u00e3o<\/strong> : Sem dados<\/li>\n<\/ol>\n<h2> <strong>Origem do Ni\u00f4nio<\/strong><\/h2>\n<p> Sua descoberta gerou pol\u00eamica, j\u00e1 que inicialmente um grupo de pesquisadores americanos do centro FFRDC reivindicou a autoria. Seu trabalho foi realizado em colabora\u00e7\u00e3o com uma equipe de qu\u00edmicos russos entre 2003 e 2004. Da mesma forma, fizeram cientistas japoneses do laborat\u00f3rio RIKEN, que conseguiram sintetizar o elemento no final de 2015.<\/p>\n<p> De acordo com a hist\u00f3ria do Nihonium, os cientistas japoneses conseguiram formar uma cadeia de 6 decaimentos alfa consecutivos como resultado de experi\u00eancias que geraram radiois\u00f3topos RIKEN. Al\u00e9m disso, eles identificaram-no conclusivamente atrav\u00e9s de decaimentos em nucl\u00eddeos reconhecidos. A pesquisa foi conduzida no Instituto RIKEN Nishina <em>Center for Accelerator-based Science<\/em> . Os resultados foram posteriormente publicados na edi\u00e7\u00e3o japonesa do <em>Journal of Physical Society<\/em> .<\/p>\n<h2> <strong>Para que \u00e9 usado o Ni\u00f4nio?<\/strong><\/h2>\n<p> Hoje n\u00e3o h\u00e1 uso ou aplica\u00e7\u00e3o do Nic\u00f4nio a n\u00edvel comercial, dom\u00e9stico ou industrial por se tratar de um elemento cuja meia-vida \u00e9 reduzida a alguns milissegundos ou segundos. Al\u00e9m disso, \u00e9 inst\u00e1vel e altamente radioativo, relegando sua utilidade apenas \u00e0 pesquisa cient\u00edfica.<\/p>\n<h2> <strong>Origem do nome Nihonio<\/strong><\/h2>\n<p> De acordo com a nomenclatura de Mendeleev para elementos sem nome, deveria ser designado <em>dvi-\u00edndio<\/em> ou <em>eka-t\u00e1lio<\/em> . Por\u00e9m, segundo sugest\u00f5es da IUPAC de 1979, chamaram-no de <em>Ununtrio<\/em> , que foi como foi identificado at\u00e9 que um nome oficial fosse encontrado.<\/p>\n<p> Contudo, a m\u00eddia cient\u00edfica ignorou estas sugest\u00f5es e de fato chamou-o de <em>elemento 113<\/em> ou simplesmente 113. Tamb\u00e9m era conhecido como <em>Tusfrano<\/em> ou <em>Trustano<\/em> . Posteriormente, o nome <em>Nihonium<\/em> para o elemento foi aprovado legalmente em novembro de 2016 como uma clara homenagem ao pa\u00eds japon\u00eas.<\/p>\n<p> Em resumo, o Ni\u00f4nio \u00e9 um elemento qu\u00edmico artificial, transur\u00e2nico, transactin\u00eddeo, radioativo, superpesado e com meia-vida muito curta e inst\u00e1vel. Segundo estudos cient\u00edficos, \u00e9 um s\u00f3lido de cor met\u00e1lica com caracter\u00edsticas semelhantes ao grupo do Boro. Possui aplica\u00e7\u00f5es apenas para fins de pesquisa.<\/p>\n","protected":false},"excerpt":{"rendered":"<p>Voc\u00ea sabia que esse nome se refere a uma localiza\u00e7\u00e3o geogr\u00e1fica? Na verdade, lembra o Jap\u00e3o e constitui o primeiro elemento descoberto no continente asi\u00e1tico. Por outro lado, tamb\u00e9m corresponde aos metais mais recentes atualizados na tabela peri\u00f3dica e muito pouco ainda se sabe sobre este elemento qu\u00edmico. Em qualquer caso, aqui iremos contar-lhe as &#8230; <a title=\"Ni\u00f4nio\" class=\"read-more\" href=\"https:\/\/chemuza.org\/pt\/nionio\/\" aria-label=\"Mais em Ni\u00f4nio\">Ler mais<\/a><\/p>\n","protected":false},"author":1,"featured_media":0,"parent":0,"menu_order":0,"comment_status":"closed","ping_status":"closed","template":"","meta":{"footnotes":""},"class_list":["post-1563","page","type-page","status-publish"],"yoast_head":"<!-- This site is optimized with the Yoast SEO plugin v21.4 - https:\/\/yoast.com\/wordpress\/plugins\/seo\/ -->\n<title>Ni\u00f4nio - Chemuza<\/title>\n<meta name=\"robots\" content=\"index, follow, max-snippet:-1, max-image-preview:large, max-video-preview:-1\" \/>\n<link rel=\"canonical\" href=\"https:\/\/chemuza.org\/pt\/nionio\/\" \/>\n<meta property=\"og:locale\" content=\"pt_PT\" \/>\n<meta property=\"og:type\" content=\"article\" \/>\n<meta property=\"og:title\" content=\"Ni\u00f4nio - Chemuza\" \/>\n<meta property=\"og:description\" content=\"Voc\u00ea sabia que esse nome se refere a uma localiza\u00e7\u00e3o geogr\u00e1fica? Na verdade, lembra o Jap\u00e3o e constitui o primeiro elemento descoberto no continente asi\u00e1tico. Por outro lado, tamb\u00e9m corresponde aos metais mais recentes atualizados na tabela peri\u00f3dica e muito pouco ainda se sabe sobre este elemento qu\u00edmico. Em qualquer caso, aqui iremos contar-lhe as ... Ler mais\" \/>\n<meta property=\"og:url\" content=\"https:\/\/chemuza.org\/pt\/nionio\/\" \/>\n<meta property=\"og:site_name\" content=\"Statorials\" \/>\n<meta name=\"twitter:card\" content=\"summary_large_image\" \/>\n<meta name=\"twitter:label1\" content=\"Tempo estimado de leitura\" \/>\n\t<meta name=\"twitter:data1\" content=\"4 minutos\" \/>\n<script type=\"application\/ld+json\" class=\"yoast-schema-graph\">{\"@context\":\"https:\/\/schema.org\",\"@graph\":[{\"@type\":\"WebPage\",\"@id\":\"https:\/\/chemuza.org\/pt\/nionio\/\",\"url\":\"https:\/\/chemuza.org\/pt\/nionio\/\",\"name\":\"Ni\u00f4nio - Chemuza\",\"isPartOf\":{\"@id\":\"https:\/\/chemuza.org\/pt\/#website\"},\"datePublished\":\"2023-07-13T10:29:28+00:00\",\"dateModified\":\"2023-07-13T10:29:28+00:00\",\"breadcrumb\":{\"@id\":\"https:\/\/chemuza.org\/pt\/nionio\/#breadcrumb\"},\"inLanguage\":\"pt-PT\",\"potentialAction\":[{\"@type\":\"ReadAction\",\"target\":[\"https:\/\/chemuza.org\/pt\/nionio\/\"]}]},{\"@type\":\"BreadcrumbList\",\"@id\":\"https:\/\/chemuza.org\/pt\/nionio\/#breadcrumb\",\"itemListElement\":[{\"@type\":\"ListItem\",\"position\":1,\"name\":\"Lar\",\"item\":\"https:\/\/chemuza.org\/pt\/\"},{\"@type\":\"ListItem\",\"position\":2,\"name\":\"Ni\u00f4nio\"}]},{\"@type\":\"WebSite\",\"@id\":\"https:\/\/chemuza.org\/pt\/#website\",\"url\":\"https:\/\/chemuza.org\/pt\/\",\"name\":\"Chemuza\",\"description\":\"Sua porta de entrada para a descoberta qu\u00edmica!\",\"publisher\":{\"@id\":\"https:\/\/chemuza.org\/pt\/#organization\"},\"potentialAction\":[{\"@type\":\"SearchAction\",\"target\":{\"@type\":\"EntryPoint\",\"urlTemplate\":\"https:\/\/chemuza.org\/pt\/?s={search_term_string}\"},\"query-input\":\"required name=search_term_string\"}],\"inLanguage\":\"pt-PT\"},{\"@type\":\"Organization\",\"@id\":\"https:\/\/chemuza.org\/pt\/#organization\",\"name\":\"Chemuza\",\"url\":\"https:\/\/chemuza.org\/pt\/\",\"logo\":{\"@type\":\"ImageObject\",\"inLanguage\":\"pt-PT\",\"@id\":\"https:\/\/chemuza.org\/pt\/#\/schema\/logo\/image\/\",\"url\":\"https:\/\/chemuza.org\/pt\/wp-content\/uploads\/2023\/10\/chemuza-logo.png\",\"contentUrl\":\"https:\/\/chemuza.org\/pt\/wp-content\/uploads\/2023\/10\/chemuza-logo.png\",\"width\":387,\"height\":70,\"caption\":\"Chemuza\"},\"image\":{\"@id\":\"https:\/\/chemuza.org\/pt\/#\/schema\/logo\/image\/\"}}]}<\/script>\n<!-- \/ Yoast SEO plugin. -->","yoast_head_json":{"title":"Ni\u00f4nio - Chemuza","robots":{"index":"index","follow":"follow","max-snippet":"max-snippet:-1","max-image-preview":"max-image-preview:large","max-video-preview":"max-video-preview:-1"},"canonical":"https:\/\/chemuza.org\/pt\/nionio\/","og_locale":"pt_PT","og_type":"article","og_title":"Ni\u00f4nio - Chemuza","og_description":"Voc\u00ea sabia que esse nome se refere a uma localiza\u00e7\u00e3o geogr\u00e1fica? Na verdade, lembra o Jap\u00e3o e constitui o primeiro elemento descoberto no continente asi\u00e1tico. Por outro lado, tamb\u00e9m corresponde aos metais mais recentes atualizados na tabela peri\u00f3dica e muito pouco ainda se sabe sobre este elemento qu\u00edmico. Em qualquer caso, aqui iremos contar-lhe as ... Ler mais","og_url":"https:\/\/chemuza.org\/pt\/nionio\/","og_site_name":"Statorials","twitter_card":"summary_large_image","twitter_misc":{"Tempo estimado de leitura":"4 minutos"},"schema":{"@context":"https:\/\/schema.org","@graph":[{"@type":"WebPage","@id":"https:\/\/chemuza.org\/pt\/nionio\/","url":"https:\/\/chemuza.org\/pt\/nionio\/","name":"Ni\u00f4nio - Chemuza","isPartOf":{"@id":"https:\/\/chemuza.org\/pt\/#website"},"datePublished":"2023-07-13T10:29:28+00:00","dateModified":"2023-07-13T10:29:28+00:00","breadcrumb":{"@id":"https:\/\/chemuza.org\/pt\/nionio\/#breadcrumb"},"inLanguage":"pt-PT","potentialAction":[{"@type":"ReadAction","target":["https:\/\/chemuza.org\/pt\/nionio\/"]}]},{"@type":"BreadcrumbList","@id":"https:\/\/chemuza.org\/pt\/nionio\/#breadcrumb","itemListElement":[{"@type":"ListItem","position":1,"name":"Lar","item":"https:\/\/chemuza.org\/pt\/"},{"@type":"ListItem","position":2,"name":"Ni\u00f4nio"}]},{"@type":"WebSite","@id":"https:\/\/chemuza.org\/pt\/#website","url":"https:\/\/chemuza.org\/pt\/","name":"Chemuza","description":"Sua porta de entrada para a descoberta qu\u00edmica!","publisher":{"@id":"https:\/\/chemuza.org\/pt\/#organization"},"potentialAction":[{"@type":"SearchAction","target":{"@type":"EntryPoint","urlTemplate":"https:\/\/chemuza.org\/pt\/?s={search_term_string}"},"query-input":"required name=search_term_string"}],"inLanguage":"pt-PT"},{"@type":"Organization","@id":"https:\/\/chemuza.org\/pt\/#organization","name":"Chemuza","url":"https:\/\/chemuza.org\/pt\/","logo":{"@type":"ImageObject","inLanguage":"pt-PT","@id":"https:\/\/chemuza.org\/pt\/#\/schema\/logo\/image\/","url":"https:\/\/chemuza.org\/pt\/wp-content\/uploads\/2023\/10\/chemuza-logo.png","contentUrl":"https:\/\/chemuza.org\/pt\/wp-content\/uploads\/2023\/10\/chemuza-logo.png","width":387,"height":70,"caption":"Chemuza"},"image":{"@id":"https:\/\/chemuza.org\/pt\/#\/schema\/logo\/image\/"}}]}},"yoast_meta":{"yoast_wpseo_title":"","yoast_wpseo_metadesc":"","yoast_wpseo_canonical":""},"_links":{"self":[{"href":"https:\/\/chemuza.org\/pt\/wp-json\/wp\/v2\/pages\/1563","targetHints":{"allow":["GET"]}}],"collection":[{"href":"https:\/\/chemuza.org\/pt\/wp-json\/wp\/v2\/pages"}],"about":[{"href":"https:\/\/chemuza.org\/pt\/wp-json\/wp\/v2\/types\/page"}],"author":[{"embeddable":true,"href":"https:\/\/chemuza.org\/pt\/wp-json\/wp\/v2\/users\/1"}],"replies":[{"embeddable":true,"href":"https:\/\/chemuza.org\/pt\/wp-json\/wp\/v2\/comments?post=1563"}],"version-history":[{"count":0,"href":"https:\/\/chemuza.org\/pt\/wp-json\/wp\/v2\/pages\/1563\/revisions"}],"wp:attachment":[{"href":"https:\/\/chemuza.org\/pt\/wp-json\/wp\/v2\/media?parent=1563"}],"curies":[{"name":"wp","href":"https:\/\/api.w.org\/{rel}","templated":true}]}}