{"id":1562,"date":"2023-07-13T11:01:29","date_gmt":"2023-07-13T11:01:29","guid":{"rendered":"https:\/\/chemuza.org\/pt\/moscovia\/"},"modified":"2023-07-13T11:01:29","modified_gmt":"2023-07-13T11:01:29","slug":"moscovia","status":"publish","type":"page","link":"https:\/\/chemuza.org\/pt\/moscovia\/","title":{"rendered":"Mosc\u00f3via"},"content":{"rendered":"<p>O mosc\u00f3vio \u00e9 um elemento sint\u00e9tico superpesado que n\u00e3o est\u00e1 dispon\u00edvel na crosta terrestre e foi descoberto recentemente. Ele se enquadra na categoria de elementos transur\u00e2nicos por possuir n\u00famero at\u00f4mico maior que 92. \u00c9 obtido em um acelerador de part\u00edculas, com poucas amostras que decaem rapidamente. Saiba mais sobre suas caracter\u00edsticas e propriedades agora.<\/p>\n<h2> <strong>O que \u00e9 Mosc\u00f3vio?<\/strong><\/h2>\n<p> \u00c9 um elemento qu\u00edmico relativamente novo localizado em metais do bloco P com n\u00famero at\u00f4mico 115. \u00c9 radioativo e de natureza sint\u00e9tica, anteriormente conhecido como Unumpentium. Al\u00e9m disso, consiste em uma composi\u00e7\u00e3o at\u00f4mica pesada, semelhante ao Nihonium e ao Flerovium. Possui 4 is\u00f3topos, de 287 a 290, onde 289 \u00e9 o mais est\u00e1vel com 184 n\u00eautrons, que vive alguns segundos.<\/p>\n<h3> <strong>S\u00edmbolo da Mosc\u00f3via<\/strong><\/h3>\n<p> <span class=\"content-chemical-element\" style=\"float: left; width: 65px; height: 65px; border: 3px solid #666; display: flex; justify-content: center; align-items: center; margin-right: 15px;\"><span style=\"font-size: 38px;\">Mc<\/span><\/span> Recebe este nome em homenagem \u00e0 capital russa, Moscou, j\u00e1 que foi descoberto em Dubna no Laborat\u00f3rio de Fiss\u00e3o Nuclear. L\u00e1 foram realizados experimentos que consistiram em sintetizar apenas 4 \u00e1tomos do elemento, que inicialmente chamaram de Unumpentio, por ser composto por 115 pr\u00f3tons no n\u00facleo. A palavra vem do latim unos e do grego pente, que significa cinco ou pent\u00e1gono.<\/p>\n<h2> <strong>Caracter\u00edsticas do Mosc\u00f3vio<\/strong><\/h2>\n<p> O elemento Muscovium tem massa at\u00f4mica de 288 e est\u00e1 localizado no grupo 15 da tabela peri\u00f3dica. \u00c9 altamente radioativo e vive apenas alguns minutos no ar. Em seu n\u00facleo, apenas 4 is\u00f3topos s\u00e3o conhecidos, pois \u00e9 muito ef\u00eamero. \u00c9 um metal pesado e inst\u00e1vel que n\u00e3o \u00e9 encontrado na natureza. As outras caracter\u00edsticas do Moscovium s\u00e3o:<\/p>\n<ul>\n<li> <strong>Condi\u00e7\u00e3o<\/strong> : Presumidamente s\u00f3lida e met\u00e1lica.<\/li>\n<li> <strong>Cor:<\/strong> Acinzentada com tons brancos e prateados.<\/li>\n<li> <strong>Radioatividade<\/strong> : Alta.<\/li>\n<li> <strong>Solubilidade<\/strong> : N\u00e3o especificado.<\/li>\n<li> <strong>Reactividade:<\/strong> Presume-se alta, dada a sua natureza radioactiva.<\/li>\n<li> <strong>Estrutura cristalina<\/strong> : N\u00e3o estabelecida.<\/li>\n<li> <strong>Composi\u00e7\u00e3o<\/strong> : Pesado, pois possui 115 el\u00e9trons e pr\u00f3tons, com 175 n\u00eautrons.<\/li>\n<li> <strong>Is\u00f3topos<\/strong> : Existem quatro, mas inst\u00e1veis e de curta dura\u00e7\u00e3o.<\/li>\n<\/ul>\n<h2> <strong>Propriedades qu\u00edmicas e f\u00edsicas do Moscovium<\/strong><\/h2>\n<ol>\n<li> <strong>N\u00famero at\u00f4mico<\/strong> : 115<\/li>\n<li> <strong>Grupo<\/strong> : 15<\/li>\n<li> <strong>Per\u00edodo<\/strong> : 7<\/li>\n<li> <strong>Bloquear<\/strong> \ud83d\ude1b<\/li>\n<li> <strong>Densidade (g\/ml)<\/strong> : N\u00e3o calculada.<\/li>\n<li> <strong>Estados de oxida\u00e7\u00e3o<\/strong> : 1,3<\/li>\n<li> <strong>Massa at\u00f4mica (g\/mol)<\/strong> : 288 u<\/li>\n<li> <strong>Condi\u00e7\u00e3o normal<\/strong> : S\u00f3lido.<\/li>\n<li> <strong>Raio covalente<\/strong> : 162<\/li>\n<li> <strong>Calor espec\u00edfico<\/strong> : Sem dados <strong>&nbsp;<\/strong><\/li>\n<li> <strong>Eletronegatividade<\/strong> : Sem dados.<\/li>\n<li> <strong>Ponto de fus\u00e3o<\/strong> : Desconhecido.<\/li>\n<li> <strong>El\u00e9trons por n\u00edvel<\/strong> : 2, 8, 18, 32, 32, 18, 5.<\/li>\n<li> <strong>Ponto de ebuli\u00e7\u00e3o<\/strong> : N\u00e3o calculado.<\/li>\n<li> <strong>Primeiro potencial de ioniza\u00e7\u00e3o (eV)<\/strong> : Desconhecido.<\/li>\n<li> <strong>Velocidade do som<\/strong> : N\u00e3o especificado.<\/li>\n<li> <strong>Configura\u00e7\u00e3o eletr\u00f4nica<\/strong> : [Rn] 5f14 6d10 7s2 7p3<\/li>\n<\/ol>\n<h2> <strong>Origem da Mosc\u00f3via<\/strong><\/h2>\n<p> O elemento Moscovium foi descoberto em 2004 no Instituto Central de Pesquisa Nuclear em Dubna, R\u00fassia. Os cientistas respons\u00e1veis bombardearam o is\u00f3topo Amer\u00edcio 243 com C\u00e1lcio 48, para produzir \u00e1tomos do elemento. O resultado obtido foram quatro part\u00edculas que se desintegraram pela emiss\u00e3o de gotas alfa no Ni\u00f4nio em aproximadamente 100 milissegundos.<\/p>\n<p> Posteriormente, em 2013, outra equipe de pesquisadores suecos verificou a exist\u00eancia do elemento por meio de um experimento fot\u00f4nico, ou seja, um processo que libera um ou mais el\u00e9trons. Finalmente, em dezembro de 2016, a Uni\u00e3o de Qu\u00edmica Pura e Aplicada aprovou a sua natureza qu\u00edmica e a sua inclus\u00e3o na tabela peri\u00f3dica com outros elementos.<\/p>\n<h2> <strong>Para que \u00e9 utilizado o Moscovium?<\/strong><\/h2>\n<p> Os usos do Moscovium s\u00e3o zero, pois \u00e9 um elemento praticamente novo. Como durante sua produ\u00e7\u00e3o s\u00e3o obtidos apenas 4 \u00e1tomos, que se desintegram rapidamente, suas aplica\u00e7\u00f5es ficam reservadas \u00e0 pesquisa cient\u00edfica. Al\u00e9m disso, pode ser usado para criar outros compostos sint\u00e9ticos, como o Nihonium.<\/p>\n<h2> <strong>Obtendo Moscovium<\/strong><\/h2>\n<p> O elemento qu\u00edmico Muscovium \u00e9 produzido em laborat\u00f3rios de radia\u00e7\u00e3o especiais, bombardeando is\u00f3topos de amer\u00edcio com \u00edons c\u00e1lcio 48. O procedimento \u00e9 realizado em ciclotron ou acelerador de part\u00edculas, com separador de gases especial. Durante o processo s\u00e3o obtidos 4 is\u00f3topos inst\u00e1veis que se decomp\u00f5em, dando origem ao metal sint\u00e9tico.<\/p>\n<h2> <strong>Onde est\u00e1 localizado o Mosc\u00f3vio?<\/strong><\/h2>\n<p> Por ser obtido bombardeando o Amer\u00edcio com \u00edons C\u00e1lcio, as poucas amostras existentes est\u00e3o em instala\u00e7\u00f5es especiais de radia\u00e7\u00e3o. Seus \u00e1tomos t\u00eam uma vida muito curta, por isso tem sido imposs\u00edvel estud\u00e1-los completamente.<\/p>\n<h2> <strong>Efeitos adversos \u00e0 sa\u00fade e ao meio ambiente<\/strong><\/h2>\n<p> Este elemento \u00e9 altamente radioativo e considera-se que deve ser manuseado sob rigorosas medidas de seguran\u00e7a em laborat\u00f3rios, a fim de evitar poss\u00edveis danos. Por\u00e9m, por ser sint\u00e9tico e por haver poucas amostras, \u00e9 pouco prov\u00e1vel que fa\u00e7a mal \u00e0 sa\u00fade ou ao meio ambiente.<\/p>\n<p> Em resumo, o elemento qu\u00edmico Muscovium \u00e9 de natureza transur\u00e2nica devido \u00e0 sua pesada composi\u00e7\u00e3o at\u00f4mica. Continua a ser objeto de estudo devido \u00e0 sua recente descoberta. Por ser sint\u00e9tico e se desintegrar rapidamente, suas aplica\u00e7\u00f5es no dia a dia, nos setores qu\u00edmico e industrial s\u00e3o desconhecidas.<\/p>\n","protected":false},"excerpt":{"rendered":"<p>O mosc\u00f3vio \u00e9 um elemento sint\u00e9tico superpesado que n\u00e3o est\u00e1 dispon\u00edvel na crosta terrestre e foi descoberto recentemente. Ele se enquadra na categoria de elementos transur\u00e2nicos por possuir n\u00famero at\u00f4mico maior que 92. \u00c9 obtido em um acelerador de part\u00edculas, com poucas amostras que decaem rapidamente. Saiba mais sobre suas caracter\u00edsticas e propriedades agora. O &#8230; <a title=\"Mosc\u00f3via\" class=\"read-more\" href=\"https:\/\/chemuza.org\/pt\/moscovia\/\" aria-label=\"Mais em Mosc\u00f3via\">Ler mais<\/a><\/p>\n","protected":false},"author":1,"featured_media":0,"parent":0,"menu_order":0,"comment_status":"closed","ping_status":"closed","template":"","meta":{"footnotes":""},"class_list":["post-1562","page","type-page","status-publish"],"yoast_head":"<!-- This site is optimized with the Yoast SEO plugin v21.4 - https:\/\/yoast.com\/wordpress\/plugins\/seo\/ -->\n<title>Mosc\u00f3via - Chemuza<\/title>\n<meta name=\"robots\" content=\"index, follow, max-snippet:-1, max-image-preview:large, max-video-preview:-1\" \/>\n<link rel=\"canonical\" href=\"https:\/\/chemuza.org\/pt\/moscovia\/\" \/>\n<meta property=\"og:locale\" content=\"pt_PT\" \/>\n<meta property=\"og:type\" content=\"article\" \/>\n<meta property=\"og:title\" content=\"Mosc\u00f3via - Chemuza\" \/>\n<meta property=\"og:description\" content=\"O mosc\u00f3vio \u00e9 um elemento sint\u00e9tico superpesado que n\u00e3o est\u00e1 dispon\u00edvel na crosta terrestre e foi descoberto recentemente. Ele se enquadra na categoria de elementos transur\u00e2nicos por possuir n\u00famero at\u00f4mico maior que 92. \u00c9 obtido em um acelerador de part\u00edculas, com poucas amostras que decaem rapidamente. Saiba mais sobre suas caracter\u00edsticas e propriedades agora. O ... Ler mais\" \/>\n<meta property=\"og:url\" content=\"https:\/\/chemuza.org\/pt\/moscovia\/\" \/>\n<meta property=\"og:site_name\" content=\"Statorials\" \/>\n<meta name=\"twitter:card\" content=\"summary_large_image\" \/>\n<meta name=\"twitter:label1\" content=\"Tempo estimado de leitura\" \/>\n\t<meta name=\"twitter:data1\" content=\"4 minutos\" \/>\n<script type=\"application\/ld+json\" class=\"yoast-schema-graph\">{\"@context\":\"https:\/\/schema.org\",\"@graph\":[{\"@type\":\"WebPage\",\"@id\":\"https:\/\/chemuza.org\/pt\/moscovia\/\",\"url\":\"https:\/\/chemuza.org\/pt\/moscovia\/\",\"name\":\"Mosc\u00f3via - Chemuza\",\"isPartOf\":{\"@id\":\"https:\/\/chemuza.org\/pt\/#website\"},\"datePublished\":\"2023-07-13T11:01:29+00:00\",\"dateModified\":\"2023-07-13T11:01:29+00:00\",\"breadcrumb\":{\"@id\":\"https:\/\/chemuza.org\/pt\/moscovia\/#breadcrumb\"},\"inLanguage\":\"pt-PT\",\"potentialAction\":[{\"@type\":\"ReadAction\",\"target\":[\"https:\/\/chemuza.org\/pt\/moscovia\/\"]}]},{\"@type\":\"BreadcrumbList\",\"@id\":\"https:\/\/chemuza.org\/pt\/moscovia\/#breadcrumb\",\"itemListElement\":[{\"@type\":\"ListItem\",\"position\":1,\"name\":\"Lar\",\"item\":\"https:\/\/chemuza.org\/pt\/\"},{\"@type\":\"ListItem\",\"position\":2,\"name\":\"Mosc\u00f3via\"}]},{\"@type\":\"WebSite\",\"@id\":\"https:\/\/chemuza.org\/pt\/#website\",\"url\":\"https:\/\/chemuza.org\/pt\/\",\"name\":\"Chemuza\",\"description\":\"Sua porta de entrada para a descoberta qu\u00edmica!\",\"publisher\":{\"@id\":\"https:\/\/chemuza.org\/pt\/#organization\"},\"potentialAction\":[{\"@type\":\"SearchAction\",\"target\":{\"@type\":\"EntryPoint\",\"urlTemplate\":\"https:\/\/chemuza.org\/pt\/?s={search_term_string}\"},\"query-input\":\"required name=search_term_string\"}],\"inLanguage\":\"pt-PT\"},{\"@type\":\"Organization\",\"@id\":\"https:\/\/chemuza.org\/pt\/#organization\",\"name\":\"Chemuza\",\"url\":\"https:\/\/chemuza.org\/pt\/\",\"logo\":{\"@type\":\"ImageObject\",\"inLanguage\":\"pt-PT\",\"@id\":\"https:\/\/chemuza.org\/pt\/#\/schema\/logo\/image\/\",\"url\":\"https:\/\/chemuza.org\/pt\/wp-content\/uploads\/2023\/10\/chemuza-logo.png\",\"contentUrl\":\"https:\/\/chemuza.org\/pt\/wp-content\/uploads\/2023\/10\/chemuza-logo.png\",\"width\":387,\"height\":70,\"caption\":\"Chemuza\"},\"image\":{\"@id\":\"https:\/\/chemuza.org\/pt\/#\/schema\/logo\/image\/\"}}]}<\/script>\n<!-- \/ Yoast SEO plugin. -->","yoast_head_json":{"title":"Mosc\u00f3via - Chemuza","robots":{"index":"index","follow":"follow","max-snippet":"max-snippet:-1","max-image-preview":"max-image-preview:large","max-video-preview":"max-video-preview:-1"},"canonical":"https:\/\/chemuza.org\/pt\/moscovia\/","og_locale":"pt_PT","og_type":"article","og_title":"Mosc\u00f3via - Chemuza","og_description":"O mosc\u00f3vio \u00e9 um elemento sint\u00e9tico superpesado que n\u00e3o est\u00e1 dispon\u00edvel na crosta terrestre e foi descoberto recentemente. Ele se enquadra na categoria de elementos transur\u00e2nicos por possuir n\u00famero at\u00f4mico maior que 92. \u00c9 obtido em um acelerador de part\u00edculas, com poucas amostras que decaem rapidamente. Saiba mais sobre suas caracter\u00edsticas e propriedades agora. O ... Ler mais","og_url":"https:\/\/chemuza.org\/pt\/moscovia\/","og_site_name":"Statorials","twitter_card":"summary_large_image","twitter_misc":{"Tempo estimado de leitura":"4 minutos"},"schema":{"@context":"https:\/\/schema.org","@graph":[{"@type":"WebPage","@id":"https:\/\/chemuza.org\/pt\/moscovia\/","url":"https:\/\/chemuza.org\/pt\/moscovia\/","name":"Mosc\u00f3via - Chemuza","isPartOf":{"@id":"https:\/\/chemuza.org\/pt\/#website"},"datePublished":"2023-07-13T11:01:29+00:00","dateModified":"2023-07-13T11:01:29+00:00","breadcrumb":{"@id":"https:\/\/chemuza.org\/pt\/moscovia\/#breadcrumb"},"inLanguage":"pt-PT","potentialAction":[{"@type":"ReadAction","target":["https:\/\/chemuza.org\/pt\/moscovia\/"]}]},{"@type":"BreadcrumbList","@id":"https:\/\/chemuza.org\/pt\/moscovia\/#breadcrumb","itemListElement":[{"@type":"ListItem","position":1,"name":"Lar","item":"https:\/\/chemuza.org\/pt\/"},{"@type":"ListItem","position":2,"name":"Mosc\u00f3via"}]},{"@type":"WebSite","@id":"https:\/\/chemuza.org\/pt\/#website","url":"https:\/\/chemuza.org\/pt\/","name":"Chemuza","description":"Sua porta de entrada para a descoberta qu\u00edmica!","publisher":{"@id":"https:\/\/chemuza.org\/pt\/#organization"},"potentialAction":[{"@type":"SearchAction","target":{"@type":"EntryPoint","urlTemplate":"https:\/\/chemuza.org\/pt\/?s={search_term_string}"},"query-input":"required name=search_term_string"}],"inLanguage":"pt-PT"},{"@type":"Organization","@id":"https:\/\/chemuza.org\/pt\/#organization","name":"Chemuza","url":"https:\/\/chemuza.org\/pt\/","logo":{"@type":"ImageObject","inLanguage":"pt-PT","@id":"https:\/\/chemuza.org\/pt\/#\/schema\/logo\/image\/","url":"https:\/\/chemuza.org\/pt\/wp-content\/uploads\/2023\/10\/chemuza-logo.png","contentUrl":"https:\/\/chemuza.org\/pt\/wp-content\/uploads\/2023\/10\/chemuza-logo.png","width":387,"height":70,"caption":"Chemuza"},"image":{"@id":"https:\/\/chemuza.org\/pt\/#\/schema\/logo\/image\/"}}]}},"yoast_meta":{"yoast_wpseo_title":"","yoast_wpseo_metadesc":"","yoast_wpseo_canonical":""},"_links":{"self":[{"href":"https:\/\/chemuza.org\/pt\/wp-json\/wp\/v2\/pages\/1562","targetHints":{"allow":["GET"]}}],"collection":[{"href":"https:\/\/chemuza.org\/pt\/wp-json\/wp\/v2\/pages"}],"about":[{"href":"https:\/\/chemuza.org\/pt\/wp-json\/wp\/v2\/types\/page"}],"author":[{"embeddable":true,"href":"https:\/\/chemuza.org\/pt\/wp-json\/wp\/v2\/users\/1"}],"replies":[{"embeddable":true,"href":"https:\/\/chemuza.org\/pt\/wp-json\/wp\/v2\/comments?post=1562"}],"version-history":[{"count":0,"href":"https:\/\/chemuza.org\/pt\/wp-json\/wp\/v2\/pages\/1562\/revisions"}],"wp:attachment":[{"href":"https:\/\/chemuza.org\/pt\/wp-json\/wp\/v2\/media?parent=1562"}],"curies":[{"name":"wp","href":"https:\/\/api.w.org\/{rel}","templated":true}]}}