{"id":1561,"date":"2023-07-13T11:28:39","date_gmt":"2023-07-13T11:28:39","guid":{"rendered":"https:\/\/chemuza.org\/pt\/seborgio\/"},"modified":"2023-07-13T11:28:39","modified_gmt":"2023-07-13T11:28:39","slug":"seborgio","status":"publish","type":"page","link":"https:\/\/chemuza.org\/pt\/seborgio\/","title":{"rendered":"Seaborgio"},"content":{"rendered":"<p>\u00c9 um elemento que n\u00e3o existe naturalmente, mas \u00e9 produzido artificialmente. Na verdade, para consegui-lo, eles precisam bombardear outros elementos que aceitem prontamente part\u00edculas at\u00f4micas. Al\u00e9m disso, tem algumas semelhan\u00e7as com o Wolfram. Conhe\u00e7a a seguir quem descobriu o Seaborgium, quais s\u00e3o suas propriedades e a origem do seu nome.<\/p>\n<h2> <strong>O que \u00e9 Seab\u00f3rgio?<\/strong><\/h2>\n<p> \u00c9 o elemento com n\u00famero at\u00f4mico 106, \u00e9 transactin\u00eddeo, sint\u00e9tico, transur\u00e2nico, radioativo e faz parte da s\u00e9rie qu\u00edmica dos metais de transi\u00e7\u00e3o. Al\u00e9m disso, segundo os cientistas, \u00e9 provavelmente s\u00f3lido, met\u00e1lico e prateado, de tonalidade acinzentada ou branca.<\/p>\n<h3> <strong>S\u00edmbolo do Seab\u00f3rgio<\/strong><\/h3>\n<p> <span class=\"content-chemical-element\" style=\"float: left;width: 65px;height: 65px;border: 3px solid #666; display:flex;\n    justify-content: center;align-items: center;margin-right: 15px;\"><span style=\"font-size: 38px;\">Sg<\/span><\/span> Simbologia \u00e9 a sigla derivada de seu nome, que foi dada em homenagem ao qu\u00edmico Glenn Seaborg, gra\u00e7as \u00e0 sua participa\u00e7\u00e3o direta na descoberta de muitos elementos actin\u00eddeos.<\/p>\n<h2> <strong>Caracter\u00edsticas do Seab\u00f3rgio<\/strong><\/h2>\n<p> Entre as propriedades do Seaborgium est\u00e3o uma massa at\u00f4mica de 269 amu, 106 el\u00e9trons em seu n\u00facleo e uma liga\u00e7\u00e3o covalente. No entanto, pouco se sabe sobre os seus pontos de fus\u00e3o e ebuli\u00e7\u00e3o. Saiba mais sobre o item abaixo:<\/p>\n<ul>\n<li> <strong>Condi\u00e7\u00e3o<\/strong> : Seu estado agregado normal \u00e9 considerado s\u00f3lido.<\/li>\n<li> <strong>Apar\u00eancia<\/strong> : Embora desconhecido, \u00e9 prov\u00e1vel que tenha um tom branco, prateado ou cinza.<\/li>\n<li> <strong>Radioatividade<\/strong> : \u00c9 um elemento muito radioativo.<\/li>\n<li> <strong>Estabilidade nuclear<\/strong> : \u00c9 inst\u00e1vel, seu n\u00facleo decai e n\u00e3o consegue manter pr\u00f3tons e n\u00eautrons juntos.<\/li>\n<li> <strong>Posi\u00e7\u00e3o<\/strong> : Devido \u00e0 sua posi\u00e7\u00e3o na tabela peri\u00f3dica, espera-se que tenha propriedades semelhantes \u00e0s do tungst\u00eanio.<\/li>\n<li> <strong>Propriedades met\u00e1licas<\/strong> : Pode ser met\u00e1lico.<\/li>\n<li> <strong>Meia-vida<\/strong> : Sua meia-vida \u00e9 muito curta, por exemplo, o is\u00f3topo <sup>271<\/sup> Sg vive aproximadamente 2,4 minutos.<\/li>\n<li> <strong>Is\u00f3topos<\/strong> : Hoje s\u00e3o conhecidos 12 is\u00f3topos, incluindo <sup>259<\/sup> Sg, <sup>260<\/sup> Sg, <sup>263<\/sup> Sg e <sup>271<\/sup> Sg, sendo este \u00faltimo o mais est\u00e1vel de todos.<\/li>\n<\/ul>\n<h2> <strong>Propriedades qu\u00edmicas e f\u00edsicas do Seaborgium<\/strong><\/h2>\n<ol>\n<li> <strong>N\u00famero at\u00f4mico<\/strong> : 106<\/li>\n<li> <strong>Ferrugem<\/strong> : Desconhecido<\/li>\n<li> <strong>Estados de oxida\u00e7\u00e3o<\/strong> : +6<\/li>\n<li> <strong>Densidade (g\/ml)<\/strong> : 35.000 g\/cm\u00b3<\/li>\n<li> <strong>Raio covalente (\u00c5)<\/strong> : 143 pm<\/li>\n<li> <strong>Raio at\u00f4mico (\u00c5)<\/strong> : Sem dados<\/li>\n<li> <strong>Ponto de ebuli\u00e7\u00e3o<\/strong> : Sem dados<\/li>\n<li> <strong>Calor espec\u00edfico<\/strong> : Sem dados<\/li>\n<li> <strong>Massa at\u00f4mica (g\/mol)<\/strong> : 269 u<\/li>\n<li> <strong>Velocidade do som<\/strong> : Sem dados<\/li>\n<li> <strong>Eletronegatividade<\/strong> : Sem dados<\/li>\n<li> <strong>Volume at\u00f4mico<\/strong> : Sem dados<\/li>\n<li> <strong>Configura\u00e7\u00e3o eletr\u00f4nica<\/strong> : [Rn] 7s <sup>2<\/sup> 5f <sup>14<\/sup> 6d <sup>4<\/sup><\/li>\n<li> <strong>El\u00e9trons por n\u00edvel<\/strong> : 2, 8, 18, 32, 32, 12, 2<\/li>\n<li> <strong>Ponto de fus\u00e3o<\/strong> : Sem dados<\/li>\n<li> <strong>Entalpia de fus\u00e3o<\/strong> : Sem dados<\/li>\n<li> <strong>Primeira energia de ioniza\u00e7\u00e3o (eV)<\/strong> : 730 kJ\/mol<\/li>\n<\/ol>\n<h2> <strong>Origem do Seab\u00f3rgio<\/strong><\/h2>\n<p> O elemento Seaborgium foi descoberto simultaneamente por dois grupos cient\u00edficos diferentes. A primeira equipe foi formada por pesquisadores americanos liderados por Albert Ghiorso, do Laborat\u00f3rio Lawrence Berkeley da Universidade da Calif\u00f3rnia, em junho de 1974. Foi l\u00e1 que foi criado o is\u00f3topo <sup>263<\/sup> Sg, que tem meia-vida 0. 0,48 segundos.<\/p>\n<p> Da mesma forma, o outro grupo era formado por qu\u00edmicos liderados por Georgii Flerov, que fizeram sua descoberta em setembro de 1974. Al\u00e9m disso, eles produziram o is\u00f3topo <sup>259<\/sup> Sg, com meia-vida de 0,48 segundos, no Instituto Conjunto de Pesquisa Nuclear em Dubna, R\u00fassia. .<\/p>\n<p> A descoberta gerou diversas pol\u00eamicas quanto ao seu reconhecimento. Por outro lado, foi confirmado que a sele\u00e7\u00e3o americana daria nome ao elemento. Contudo, em 1992, um comit\u00e9 internacional determinou que os dois laborat\u00f3rios, Berkeley e Dubna, deveriam partilhar o cr\u00e9dito pela descoberta.<\/p>\n<h2> <strong>Para que \u00e9 utilizado o Seaborgium?<\/strong><\/h2>\n<p> Atualmente, n\u00e3o h\u00e1 muitos usos para o Seaborgium. Seu estado reativo o torna muito t\u00f3xico aos organismos e, por isso, n\u00e3o apresenta qualquer fun\u00e7\u00e3o biol\u00f3gica. Por\u00e9m, n\u00e3o tem tempo para ter aplica\u00e7\u00e3o comercial, devido \u00e0 sua meia-vida muito curta. No entanto, \u00e9 geralmente utilizado no campo cient\u00edfico para fins de pesquisa, experimenta\u00e7\u00e3o e fabrica\u00e7\u00e3o.<\/p>\n<h2> <strong>Obtendo Seab\u00f3rgio<\/strong><\/h2>\n<p> O primeiro m\u00e9todo foi o dos russos, que bombardearam is\u00f3topos de chumbo com \u00edons de cromo de alta energia. Por outro lado, no caso dos norte-americanos, os \u00edons Californium colidiram com os \u00edons Oxig\u00eanio. O resultado foi que ambos os grupos de cientistas tiveram sucesso e produziram is\u00f3topos de Seaborgium. Por\u00e9m, a forma mais comum de produzi-lo \u00e9 realizar o segundo teste bombardeando o <sup>249<\/sup> Cf com <sup>18<\/sup> O.<\/p>\n<h2> <strong>Nome de Seab\u00f3rgio<\/strong><\/h2>\n<p> Surgiu a controv\u00e9rsia sobre quem o descobriu, ent\u00e3o a IUPAC aprovou temporariamente o nome Unnilhexio, cujo s\u00edmbolo era Unh, de acordo com <em>a nomenclatura sistem\u00e1tica dos elementos<\/em> . Ent\u00e3o, um comit\u00ea da IUPAC sugeriu em 1994 que o elemento 106 fosse chamado de Rutherf\u00f3rdio.<\/p>\n<p> Al\u00e9m disso, adotou a regra de que nenhum item pode receber o nome de uma pessoa viva. Esta decis\u00e3o foi fortemente criticada pela American Chemical Society. Consequentemente, o nome Seaborgio foi reconhecido internacionalmente, no \u00e2mbito de uma conven\u00e7\u00e3o envolvendo os elementos 104 a 108.<\/p>\n<p> Em resumo, Seaborgium \u00e9 um elemento qu\u00edmico transur\u00e2nico artificial, transactin\u00eddeo, radioativo. Al\u00e9m disso, os cientistas prev\u00eaem que se trata de um s\u00f3lido com apar\u00eancia met\u00e1lica, cinza, branco ou prateado. N\u00e3o possui aplica\u00e7\u00f5es comerciais, mas possui aplica\u00e7\u00f5es em pesquisas cient\u00edficas.<\/p>\n","protected":false},"excerpt":{"rendered":"<p>\u00c9 um elemento que n\u00e3o existe naturalmente, mas \u00e9 produzido artificialmente. Na verdade, para consegui-lo, eles precisam bombardear outros elementos que aceitem prontamente part\u00edculas at\u00f4micas. Al\u00e9m disso, tem algumas semelhan\u00e7as com o Wolfram. Conhe\u00e7a a seguir quem descobriu o Seaborgium, quais s\u00e3o suas propriedades e a origem do seu nome. O que \u00e9 Seab\u00f3rgio? \u00c9 &#8230; <a title=\"Seaborgio\" class=\"read-more\" href=\"https:\/\/chemuza.org\/pt\/seborgio\/\" aria-label=\"Mais em Seaborgio\">Ler mais<\/a><\/p>\n","protected":false},"author":1,"featured_media":0,"parent":0,"menu_order":0,"comment_status":"closed","ping_status":"closed","template":"","meta":{"footnotes":""},"class_list":["post-1561","page","type-page","status-publish"],"yoast_head":"<!-- This site is optimized with the Yoast SEO plugin v21.4 - https:\/\/yoast.com\/wordpress\/plugins\/seo\/ -->\n<title>Seaborgio - Chemuza<\/title>\n<meta name=\"robots\" content=\"index, follow, max-snippet:-1, max-image-preview:large, max-video-preview:-1\" \/>\n<link rel=\"canonical\" href=\"https:\/\/chemuza.org\/pt\/seborgio\/\" \/>\n<meta property=\"og:locale\" content=\"pt_PT\" \/>\n<meta property=\"og:type\" content=\"article\" \/>\n<meta property=\"og:title\" content=\"Seaborgio - Chemuza\" \/>\n<meta property=\"og:description\" content=\"\u00c9 um elemento que n\u00e3o existe naturalmente, mas \u00e9 produzido artificialmente. Na verdade, para consegui-lo, eles precisam bombardear outros elementos que aceitem prontamente part\u00edculas at\u00f4micas. Al\u00e9m disso, tem algumas semelhan\u00e7as com o Wolfram. Conhe\u00e7a a seguir quem descobriu o Seaborgium, quais s\u00e3o suas propriedades e a origem do seu nome. O que \u00e9 Seab\u00f3rgio? \u00c9 ... Ler mais\" \/>\n<meta property=\"og:url\" content=\"https:\/\/chemuza.org\/pt\/seborgio\/\" \/>\n<meta property=\"og:site_name\" content=\"Statorials\" \/>\n<meta name=\"twitter:card\" content=\"summary_large_image\" \/>\n<meta name=\"twitter:label1\" content=\"Tempo estimado de leitura\" \/>\n\t<meta name=\"twitter:data1\" content=\"4 minutos\" \/>\n<script type=\"application\/ld+json\" class=\"yoast-schema-graph\">{\"@context\":\"https:\/\/schema.org\",\"@graph\":[{\"@type\":\"WebPage\",\"@id\":\"https:\/\/chemuza.org\/pt\/seborgio\/\",\"url\":\"https:\/\/chemuza.org\/pt\/seborgio\/\",\"name\":\"Seaborgio - Chemuza\",\"isPartOf\":{\"@id\":\"https:\/\/chemuza.org\/pt\/#website\"},\"datePublished\":\"2023-07-13T11:28:39+00:00\",\"dateModified\":\"2023-07-13T11:28:39+00:00\",\"breadcrumb\":{\"@id\":\"https:\/\/chemuza.org\/pt\/seborgio\/#breadcrumb\"},\"inLanguage\":\"pt-PT\",\"potentialAction\":[{\"@type\":\"ReadAction\",\"target\":[\"https:\/\/chemuza.org\/pt\/seborgio\/\"]}]},{\"@type\":\"BreadcrumbList\",\"@id\":\"https:\/\/chemuza.org\/pt\/seborgio\/#breadcrumb\",\"itemListElement\":[{\"@type\":\"ListItem\",\"position\":1,\"name\":\"Lar\",\"item\":\"https:\/\/chemuza.org\/pt\/\"},{\"@type\":\"ListItem\",\"position\":2,\"name\":\"Seaborgio\"}]},{\"@type\":\"WebSite\",\"@id\":\"https:\/\/chemuza.org\/pt\/#website\",\"url\":\"https:\/\/chemuza.org\/pt\/\",\"name\":\"Chemuza\",\"description\":\"Sua porta de entrada para a descoberta qu\u00edmica!\",\"publisher\":{\"@id\":\"https:\/\/chemuza.org\/pt\/#organization\"},\"potentialAction\":[{\"@type\":\"SearchAction\",\"target\":{\"@type\":\"EntryPoint\",\"urlTemplate\":\"https:\/\/chemuza.org\/pt\/?s={search_term_string}\"},\"query-input\":\"required name=search_term_string\"}],\"inLanguage\":\"pt-PT\"},{\"@type\":\"Organization\",\"@id\":\"https:\/\/chemuza.org\/pt\/#organization\",\"name\":\"Chemuza\",\"url\":\"https:\/\/chemuza.org\/pt\/\",\"logo\":{\"@type\":\"ImageObject\",\"inLanguage\":\"pt-PT\",\"@id\":\"https:\/\/chemuza.org\/pt\/#\/schema\/logo\/image\/\",\"url\":\"https:\/\/chemuza.org\/pt\/wp-content\/uploads\/2023\/10\/chemuza-logo.png\",\"contentUrl\":\"https:\/\/chemuza.org\/pt\/wp-content\/uploads\/2023\/10\/chemuza-logo.png\",\"width\":387,\"height\":70,\"caption\":\"Chemuza\"},\"image\":{\"@id\":\"https:\/\/chemuza.org\/pt\/#\/schema\/logo\/image\/\"}}]}<\/script>\n<!-- \/ Yoast SEO plugin. -->","yoast_head_json":{"title":"Seaborgio - Chemuza","robots":{"index":"index","follow":"follow","max-snippet":"max-snippet:-1","max-image-preview":"max-image-preview:large","max-video-preview":"max-video-preview:-1"},"canonical":"https:\/\/chemuza.org\/pt\/seborgio\/","og_locale":"pt_PT","og_type":"article","og_title":"Seaborgio - Chemuza","og_description":"\u00c9 um elemento que n\u00e3o existe naturalmente, mas \u00e9 produzido artificialmente. Na verdade, para consegui-lo, eles precisam bombardear outros elementos que aceitem prontamente part\u00edculas at\u00f4micas. Al\u00e9m disso, tem algumas semelhan\u00e7as com o Wolfram. Conhe\u00e7a a seguir quem descobriu o Seaborgium, quais s\u00e3o suas propriedades e a origem do seu nome. O que \u00e9 Seab\u00f3rgio? \u00c9 ... Ler mais","og_url":"https:\/\/chemuza.org\/pt\/seborgio\/","og_site_name":"Statorials","twitter_card":"summary_large_image","twitter_misc":{"Tempo estimado de leitura":"4 minutos"},"schema":{"@context":"https:\/\/schema.org","@graph":[{"@type":"WebPage","@id":"https:\/\/chemuza.org\/pt\/seborgio\/","url":"https:\/\/chemuza.org\/pt\/seborgio\/","name":"Seaborgio - Chemuza","isPartOf":{"@id":"https:\/\/chemuza.org\/pt\/#website"},"datePublished":"2023-07-13T11:28:39+00:00","dateModified":"2023-07-13T11:28:39+00:00","breadcrumb":{"@id":"https:\/\/chemuza.org\/pt\/seborgio\/#breadcrumb"},"inLanguage":"pt-PT","potentialAction":[{"@type":"ReadAction","target":["https:\/\/chemuza.org\/pt\/seborgio\/"]}]},{"@type":"BreadcrumbList","@id":"https:\/\/chemuza.org\/pt\/seborgio\/#breadcrumb","itemListElement":[{"@type":"ListItem","position":1,"name":"Lar","item":"https:\/\/chemuza.org\/pt\/"},{"@type":"ListItem","position":2,"name":"Seaborgio"}]},{"@type":"WebSite","@id":"https:\/\/chemuza.org\/pt\/#website","url":"https:\/\/chemuza.org\/pt\/","name":"Chemuza","description":"Sua porta de entrada para a descoberta qu\u00edmica!","publisher":{"@id":"https:\/\/chemuza.org\/pt\/#organization"},"potentialAction":[{"@type":"SearchAction","target":{"@type":"EntryPoint","urlTemplate":"https:\/\/chemuza.org\/pt\/?s={search_term_string}"},"query-input":"required name=search_term_string"}],"inLanguage":"pt-PT"},{"@type":"Organization","@id":"https:\/\/chemuza.org\/pt\/#organization","name":"Chemuza","url":"https:\/\/chemuza.org\/pt\/","logo":{"@type":"ImageObject","inLanguage":"pt-PT","@id":"https:\/\/chemuza.org\/pt\/#\/schema\/logo\/image\/","url":"https:\/\/chemuza.org\/pt\/wp-content\/uploads\/2023\/10\/chemuza-logo.png","contentUrl":"https:\/\/chemuza.org\/pt\/wp-content\/uploads\/2023\/10\/chemuza-logo.png","width":387,"height":70,"caption":"Chemuza"},"image":{"@id":"https:\/\/chemuza.org\/pt\/#\/schema\/logo\/image\/"}}]}},"yoast_meta":{"yoast_wpseo_title":"","yoast_wpseo_metadesc":"","yoast_wpseo_canonical":""},"_links":{"self":[{"href":"https:\/\/chemuza.org\/pt\/wp-json\/wp\/v2\/pages\/1561","targetHints":{"allow":["GET"]}}],"collection":[{"href":"https:\/\/chemuza.org\/pt\/wp-json\/wp\/v2\/pages"}],"about":[{"href":"https:\/\/chemuza.org\/pt\/wp-json\/wp\/v2\/types\/page"}],"author":[{"embeddable":true,"href":"https:\/\/chemuza.org\/pt\/wp-json\/wp\/v2\/users\/1"}],"replies":[{"embeddable":true,"href":"https:\/\/chemuza.org\/pt\/wp-json\/wp\/v2\/comments?post=1561"}],"version-history":[{"count":0,"href":"https:\/\/chemuza.org\/pt\/wp-json\/wp\/v2\/pages\/1561\/revisions"}],"wp:attachment":[{"href":"https:\/\/chemuza.org\/pt\/wp-json\/wp\/v2\/media?parent=1561"}],"curies":[{"name":"wp","href":"https:\/\/api.w.org\/{rel}","templated":true}]}}