{"id":1559,"date":"2023-07-13T12:08:29","date_gmt":"2023-07-13T12:08:29","guid":{"rendered":"https:\/\/chemuza.org\/pt\/mendelevio\/"},"modified":"2023-07-13T12:08:29","modified_gmt":"2023-07-13T12:08:29","slug":"mendelevio","status":"publish","type":"page","link":"https:\/\/chemuza.org\/pt\/mendelevio\/","title":{"rendered":"Mendelevi\u00e3o"},"content":{"rendered":"<p>O Mendelevion<strong> <\/strong>\u00c9 um elemento qu\u00edmico que n\u00e3o \u00e9 encontrado na natureza, por isso sua produ\u00e7\u00e3o \u00e9 rara. Fora do laborat\u00f3rio n\u00e3o serve para nada, s\u00f3 \u00e9 utilizado em pesquisas cient\u00edficas. Saiba tudo sobre este elemento da tabela peri\u00f3dica.<\/p>\n<h2> <strong>O que \u00e9 Mendelevion?<\/strong><\/h2>\n<p> A apar\u00eancia do elemento qu\u00edmico Mendel\u00e9vio \u00e9 desconhecida, \u00e9 prov\u00e1vel que sua cor seja branca, cinza ou prateada. Pertence ao grupo dos actin\u00eddeos do per\u00edodo 7 e variando de Actinium a Lawrencium. Estes, juntamente com o grupo dos lantan\u00eddeos, s\u00e3o chamados de elementos de transi\u00e7\u00e3o interna. Seu estado natural \u00e9 desconhecido.<\/p>\n<h3> <strong>S\u00edmbolo Mendeleviano<\/strong><\/h3>\n<p> <span class=\"content-chemical-element\" style=\"float: left;width: 65px;height: 65px;border: 3px solid #666; display:flex;\n    justify-content: center;align-items: center;margin-right: 15px;\"><span style=\"font-size: 38px;\">H<\/span><\/span> Visto na tabla peri\u00f3dica com o n\u00famero at\u00f4mico 101 e um n\u00famero at\u00f4mico de 258. Conta com 16 is\u00f3topos los estables, desde o 245 at\u00e9 o 260. O is\u00f3topo com vida media mais larga \u00e9 o 259 Mendelevio que \u00e9 de 51 dias. Em seguida vem o 260 Md com 31,8 dias e o 259 Mendelevio com apenas 96 minutos de vida.<\/p>\n<h2> <strong>Caracter\u00edsticas do mendel\u00e9vio<\/strong><\/h2>\n<p> O elemento Mendel\u00e9vio \u00e9 um metal sint\u00e9tico radioativo e \u00e0 temperatura ambiente seu estado \u00e9 s\u00f3lido. Atinge um alto grau de fus\u00e3o, pois \u00e9 capaz de atingir cerca de 1.521 graus. Al\u00e9m disso, possui apenas um estado de oxida\u00e7\u00e3o 3, embora tamb\u00e9m tenha demonstrado ser est\u00e1vel na oxida\u00e7\u00e3o 2. Algumas das caracter\u00edsticas not\u00e1veis deste metal s\u00e3o:<\/p>\n<ul>\n<li> <strong>Solubilidade:<\/strong> Quando imerso em solu\u00e7\u00e3o aquosa, oxida.<\/li>\n<li> <strong>Brilho:<\/strong> met\u00e1lico.<\/li>\n<li> <strong>Estrutura cristalina:<\/strong> C\u00fabica centrada.<\/li>\n<li> <strong>Condi\u00e7\u00e3o:<\/strong> \u00c9 s\u00f3lido em seu estado natural.<\/li>\n<\/ul>\n<h2> <strong>Propriedades qu\u00edmicas e f\u00edsicas do mendel\u00e9vio<\/strong><\/h2>\n<ol>\n<li> <strong>N\u00famero at\u00f4mico<\/strong> : 101<\/li>\n<li> <strong>Per\u00edodo:<\/strong> 7<\/li>\n<li> <strong>bloco:<\/strong> f<\/li>\n<li> <strong>Ponto de fus\u00e3o:<\/strong> 1100K<\/li>\n<li> <strong>Ponto de ebuli\u00e7\u00e3o:<\/strong> Desconhecido.<\/li>\n<li> <strong>Configura\u00e7\u00e3o eletr\u00f4nica:<\/strong> [Rn] 5f <sup>13<\/sup> 7s <sup>2<\/sup><\/li>\n<li> <strong>Densidade:<\/strong> aproximadamente 10,3<\/li>\n<li> <strong>Eletronegatividade:<\/strong> 1,3<\/li>\n<\/ol>\n<h2> <strong>Origem do Mendel\u00e9vio<\/strong><\/h2>\n<p> Ocupa o nono lugar entre os elementos transuranidos descobertos no grupo dos actin\u00eddeos, ao lado dos elementos qu\u00edmicos Calif\u00f3rnio, F\u00e9rmio, C\u00fario e Einsteinio. Foi identificado pela primeira vez pelo cientista nuclear Albert Ghiorso e pelos qu\u00edmicos Stanley G. Thompson, Bernard G. Harvey, Gregory R. Choppin e Glenn T. Seaborg.<\/p>\n<p> Em 1955, na Universidade da Calif\u00f3rnia, este grupo de cientistas bombardeou o is\u00f3topo 2530 Einsteinium com \u00edons de h\u00e9lio em um acelerador de part\u00edculas de aproximadamente 60 polegadas chamado ciclotron. Naquela \u00e9poca, eles produziram o is\u00f3topo 256 Mendel\u00e9vio com vida \u00fatil de 76 minutos. Posteriormente, o is\u00f3topo 258 de cerca de 55 dias tamb\u00e9m foi obtido a partir do bombardeio do is\u00f3topo Einsteinium com \u00edons h\u00e9lio, utilizado para estudar as propriedades f\u00edsicas e qu\u00edmicas do elemento.<\/p>\n<h2> <strong>Para que \u00e9 usado o Mendel\u00e9vio?<\/strong><\/h2>\n<p> N\u00e3o h\u00e1 usos conhecidos para o Mendel\u00e9vio, pois este elemento em sua forma natural \u00e9 muito raro, radioativo e t\u00f3xico. Portanto, n\u00e3o \u00e9 poss\u00edvel cri\u00e1-lo em quantidades que possam ser comercializados. Atualmente, \u00e9 usado apenas em aplica\u00e7\u00f5es de pesquisa cient\u00edfica. Independentemente disso, o is\u00f3topo 256 foi utilizado para compreender completamente as suas propriedades qu\u00edmicas em solu\u00e7\u00e3o aquosa. Acredita-se que com o tempo ele poder\u00e1 ser utilizado para capta\u00e7\u00e3o de energia e em aplica\u00e7\u00f5es tecnol\u00f3gicas, como acontece com outros metais actin\u00eddeos.<\/p>\n<h2> <strong>Origem do nome Mendel\u00e9vio<\/strong><\/h2>\n<p> No passado era conhecido como Unnilunio, mas foi alterado para Mendel\u00e9vio em homenagem a Dmitri Mendeleyev, o qu\u00edmico russo que desenvolveu a tabela peri\u00f3dica. Como a descoberta ocorreu em plena Guerra Fria entre os Estados Unidos e a R\u00fassia, foi necess\u00e1rio pedir permiss\u00e3o ao governo norte-americano para divulgar o nome do metal rec\u00e9m-descoberto. Este pedido s\u00f3 foi aceite em 1955, quando a IUPAC aceitou a designa\u00e7\u00e3o sob o s\u00edmbolo Mv, que mais tarde foi alterado para Md em 1957.<\/p>\n<h3> <strong>Efeitos do Mendel\u00e9vio na sa\u00fade e no meio ambiente<\/strong><\/h3>\n<p> Dado que o Mendel\u00e9vio n\u00e3o ocorre naturalmente na natureza e n\u00e3o h\u00e1 provas da sua presen\u00e7a na crosta terrestre, considera-se que n\u00e3o h\u00e1 base para afirmar que tenha quaisquer efeitos contraproducentes no ambiente. Por\u00e9m, se n\u00e3o for manuseado adequadamente, pode ser prejudicial \u00e0 sa\u00fade por se tratar de um elemento radioativo.<\/p>\n<h2> <strong>Toxicidade do mendel\u00e9vio<\/strong><\/h2>\n<p> Embora muito poucas pessoas entrem em contacto direto com este elemento, a Comiss\u00e3o Internacional de Prote\u00e7\u00e3o Radiol\u00f3gica especificou certos limites de exposi\u00e7\u00e3o anual para o is\u00f3topo mais est\u00e1vel. No caso do is\u00f3topo 258 Mendel\u00e9vio, seu limite de inala\u00e7\u00e3o \u00e9 de 6.000 Becquerel e o limite de ingest\u00e3o \u00e9 de 9 x 10 <sup>5<\/sup> bq.<\/p>\n<p> Resumindo, o mendel\u00e9vio \u00e9 raro de ser encontrado na natureza e na crosta terrestre. Foi produzido artificialmente, mas em pequenas quantidades. Embora n\u00e3o haja efeitos adversos conhecidos \u00e0 sa\u00fade, deve ser manuseado adequadamente, pois \u00e9 altamente radioativo.<\/p>\n","protected":false},"excerpt":{"rendered":"<p>O Mendelevion \u00c9 um elemento qu\u00edmico que n\u00e3o \u00e9 encontrado na natureza, por isso sua produ\u00e7\u00e3o \u00e9 rara. Fora do laborat\u00f3rio n\u00e3o serve para nada, s\u00f3 \u00e9 utilizado em pesquisas cient\u00edficas. Saiba tudo sobre este elemento da tabela peri\u00f3dica. O que \u00e9 Mendelevion? A apar\u00eancia do elemento qu\u00edmico Mendel\u00e9vio \u00e9 desconhecida, \u00e9 prov\u00e1vel que sua &#8230; <a title=\"Mendelevi\u00e3o\" class=\"read-more\" href=\"https:\/\/chemuza.org\/pt\/mendelevio\/\" aria-label=\"Mais em Mendelevi\u00e3o\">Ler mais<\/a><\/p>\n","protected":false},"author":1,"featured_media":0,"parent":0,"menu_order":0,"comment_status":"closed","ping_status":"closed","template":"","meta":{"footnotes":""},"class_list":["post-1559","page","type-page","status-publish"],"yoast_head":"<!-- This site is optimized with the Yoast SEO plugin v21.4 - https:\/\/yoast.com\/wordpress\/plugins\/seo\/ -->\n<title>Mendelevion-Chemuza<\/title>\n<meta name=\"robots\" content=\"index, follow, max-snippet:-1, max-image-preview:large, max-video-preview:-1\" \/>\n<link rel=\"canonical\" href=\"https:\/\/chemuza.org\/pt\/mendelevio\/\" \/>\n<meta property=\"og:locale\" content=\"pt_PT\" \/>\n<meta property=\"og:type\" content=\"article\" \/>\n<meta property=\"og:title\" content=\"Mendelevion-Chemuza\" \/>\n<meta property=\"og:description\" content=\"O Mendelevion \u00c9 um elemento qu\u00edmico que n\u00e3o \u00e9 encontrado na natureza, por isso sua produ\u00e7\u00e3o \u00e9 rara. Fora do laborat\u00f3rio n\u00e3o serve para nada, s\u00f3 \u00e9 utilizado em pesquisas cient\u00edficas. Saiba tudo sobre este elemento da tabela peri\u00f3dica. O que \u00e9 Mendelevion? A apar\u00eancia do elemento qu\u00edmico Mendel\u00e9vio \u00e9 desconhecida, \u00e9 prov\u00e1vel que sua ... Ler mais\" \/>\n<meta property=\"og:url\" content=\"https:\/\/chemuza.org\/pt\/mendelevio\/\" \/>\n<meta property=\"og:site_name\" content=\"Statorials\" \/>\n<meta name=\"twitter:card\" content=\"summary_large_image\" \/>\n<meta name=\"twitter:label1\" content=\"Tempo estimado de leitura\" \/>\n\t<meta name=\"twitter:data1\" content=\"4 minutos\" \/>\n<script type=\"application\/ld+json\" class=\"yoast-schema-graph\">{\"@context\":\"https:\/\/schema.org\",\"@graph\":[{\"@type\":\"WebPage\",\"@id\":\"https:\/\/chemuza.org\/pt\/mendelevio\/\",\"url\":\"https:\/\/chemuza.org\/pt\/mendelevio\/\",\"name\":\"Mendelevion-Chemuza\",\"isPartOf\":{\"@id\":\"https:\/\/chemuza.org\/pt\/#website\"},\"datePublished\":\"2023-07-13T12:08:29+00:00\",\"dateModified\":\"2023-07-13T12:08:29+00:00\",\"breadcrumb\":{\"@id\":\"https:\/\/chemuza.org\/pt\/mendelevio\/#breadcrumb\"},\"inLanguage\":\"pt-PT\",\"potentialAction\":[{\"@type\":\"ReadAction\",\"target\":[\"https:\/\/chemuza.org\/pt\/mendelevio\/\"]}]},{\"@type\":\"BreadcrumbList\",\"@id\":\"https:\/\/chemuza.org\/pt\/mendelevio\/#breadcrumb\",\"itemListElement\":[{\"@type\":\"ListItem\",\"position\":1,\"name\":\"Lar\",\"item\":\"https:\/\/chemuza.org\/pt\/\"},{\"@type\":\"ListItem\",\"position\":2,\"name\":\"Mendelevi\u00e3o\"}]},{\"@type\":\"WebSite\",\"@id\":\"https:\/\/chemuza.org\/pt\/#website\",\"url\":\"https:\/\/chemuza.org\/pt\/\",\"name\":\"Chemuza\",\"description\":\"Sua porta de entrada para a descoberta qu\u00edmica!\",\"publisher\":{\"@id\":\"https:\/\/chemuza.org\/pt\/#organization\"},\"potentialAction\":[{\"@type\":\"SearchAction\",\"target\":{\"@type\":\"EntryPoint\",\"urlTemplate\":\"https:\/\/chemuza.org\/pt\/?s={search_term_string}\"},\"query-input\":\"required name=search_term_string\"}],\"inLanguage\":\"pt-PT\"},{\"@type\":\"Organization\",\"@id\":\"https:\/\/chemuza.org\/pt\/#organization\",\"name\":\"Chemuza\",\"url\":\"https:\/\/chemuza.org\/pt\/\",\"logo\":{\"@type\":\"ImageObject\",\"inLanguage\":\"pt-PT\",\"@id\":\"https:\/\/chemuza.org\/pt\/#\/schema\/logo\/image\/\",\"url\":\"https:\/\/chemuza.org\/pt\/wp-content\/uploads\/2023\/10\/chemuza-logo.png\",\"contentUrl\":\"https:\/\/chemuza.org\/pt\/wp-content\/uploads\/2023\/10\/chemuza-logo.png\",\"width\":387,\"height\":70,\"caption\":\"Chemuza\"},\"image\":{\"@id\":\"https:\/\/chemuza.org\/pt\/#\/schema\/logo\/image\/\"}}]}<\/script>\n<!-- \/ Yoast SEO plugin. -->","yoast_head_json":{"title":"Mendelevion-Chemuza","robots":{"index":"index","follow":"follow","max-snippet":"max-snippet:-1","max-image-preview":"max-image-preview:large","max-video-preview":"max-video-preview:-1"},"canonical":"https:\/\/chemuza.org\/pt\/mendelevio\/","og_locale":"pt_PT","og_type":"article","og_title":"Mendelevion-Chemuza","og_description":"O Mendelevion \u00c9 um elemento qu\u00edmico que n\u00e3o \u00e9 encontrado na natureza, por isso sua produ\u00e7\u00e3o \u00e9 rara. Fora do laborat\u00f3rio n\u00e3o serve para nada, s\u00f3 \u00e9 utilizado em pesquisas cient\u00edficas. Saiba tudo sobre este elemento da tabela peri\u00f3dica. O que \u00e9 Mendelevion? A apar\u00eancia do elemento qu\u00edmico Mendel\u00e9vio \u00e9 desconhecida, \u00e9 prov\u00e1vel que sua ... Ler mais","og_url":"https:\/\/chemuza.org\/pt\/mendelevio\/","og_site_name":"Statorials","twitter_card":"summary_large_image","twitter_misc":{"Tempo estimado de leitura":"4 minutos"},"schema":{"@context":"https:\/\/schema.org","@graph":[{"@type":"WebPage","@id":"https:\/\/chemuza.org\/pt\/mendelevio\/","url":"https:\/\/chemuza.org\/pt\/mendelevio\/","name":"Mendelevion-Chemuza","isPartOf":{"@id":"https:\/\/chemuza.org\/pt\/#website"},"datePublished":"2023-07-13T12:08:29+00:00","dateModified":"2023-07-13T12:08:29+00:00","breadcrumb":{"@id":"https:\/\/chemuza.org\/pt\/mendelevio\/#breadcrumb"},"inLanguage":"pt-PT","potentialAction":[{"@type":"ReadAction","target":["https:\/\/chemuza.org\/pt\/mendelevio\/"]}]},{"@type":"BreadcrumbList","@id":"https:\/\/chemuza.org\/pt\/mendelevio\/#breadcrumb","itemListElement":[{"@type":"ListItem","position":1,"name":"Lar","item":"https:\/\/chemuza.org\/pt\/"},{"@type":"ListItem","position":2,"name":"Mendelevi\u00e3o"}]},{"@type":"WebSite","@id":"https:\/\/chemuza.org\/pt\/#website","url":"https:\/\/chemuza.org\/pt\/","name":"Chemuza","description":"Sua porta de entrada para a descoberta qu\u00edmica!","publisher":{"@id":"https:\/\/chemuza.org\/pt\/#organization"},"potentialAction":[{"@type":"SearchAction","target":{"@type":"EntryPoint","urlTemplate":"https:\/\/chemuza.org\/pt\/?s={search_term_string}"},"query-input":"required name=search_term_string"}],"inLanguage":"pt-PT"},{"@type":"Organization","@id":"https:\/\/chemuza.org\/pt\/#organization","name":"Chemuza","url":"https:\/\/chemuza.org\/pt\/","logo":{"@type":"ImageObject","inLanguage":"pt-PT","@id":"https:\/\/chemuza.org\/pt\/#\/schema\/logo\/image\/","url":"https:\/\/chemuza.org\/pt\/wp-content\/uploads\/2023\/10\/chemuza-logo.png","contentUrl":"https:\/\/chemuza.org\/pt\/wp-content\/uploads\/2023\/10\/chemuza-logo.png","width":387,"height":70,"caption":"Chemuza"},"image":{"@id":"https:\/\/chemuza.org\/pt\/#\/schema\/logo\/image\/"}}]}},"yoast_meta":{"yoast_wpseo_title":"","yoast_wpseo_metadesc":"","yoast_wpseo_canonical":""},"_links":{"self":[{"href":"https:\/\/chemuza.org\/pt\/wp-json\/wp\/v2\/pages\/1559","targetHints":{"allow":["GET"]}}],"collection":[{"href":"https:\/\/chemuza.org\/pt\/wp-json\/wp\/v2\/pages"}],"about":[{"href":"https:\/\/chemuza.org\/pt\/wp-json\/wp\/v2\/types\/page"}],"author":[{"embeddable":true,"href":"https:\/\/chemuza.org\/pt\/wp-json\/wp\/v2\/users\/1"}],"replies":[{"embeddable":true,"href":"https:\/\/chemuza.org\/pt\/wp-json\/wp\/v2\/comments?post=1559"}],"version-history":[{"count":0,"href":"https:\/\/chemuza.org\/pt\/wp-json\/wp\/v2\/pages\/1559\/revisions"}],"wp:attachment":[{"href":"https:\/\/chemuza.org\/pt\/wp-json\/wp\/v2\/media?parent=1559"}],"curies":[{"name":"wp","href":"https:\/\/api.w.org\/{rel}","templated":true}]}}