{"id":1556,"date":"2023-07-13T13:43:00","date_gmt":"2023-07-13T13:43:00","guid":{"rendered":"https:\/\/chemuza.org\/pt\/dubnio\/"},"modified":"2023-07-13T13:43:00","modified_gmt":"2023-07-13T13:43:00","slug":"dubnio","status":"publish","type":"page","link":"https:\/\/chemuza.org\/pt\/dubnio\/","title":{"rendered":"D\u00fabnio"},"content":{"rendered":"<p>Dubnium \u00e9 um elemento sint\u00e9tico radioativo que n\u00e3o est\u00e1 presente na crosta terrestre. Tem uma vida \u00fatil m\u00e9dia de 34 segundos, portanto seus efeitos nos seres humanos e no meio ambiente s\u00e3o desconhecidos. Al\u00e9m disso, \u00e9 muito inst\u00e1vel na presen\u00e7a de outros elementos, o que impede a forma\u00e7\u00e3o de compostos. Descubra com este artigo suas caracter\u00edsticas, suas propriedades e porque sua descoberta gerou pol\u00eamica.<\/p>\n<h2> <strong>O que \u00e9 D\u00fabnio?<\/strong><\/h2>\n<p> \u00c9 um elemento qu\u00edmico assinado com o n\u00famero at\u00f4mico 105 que faz parte dos metais de transi\u00e7\u00e3o da tabela peri\u00f3dica. \u00c9 um elemento transactin\u00eddeo, o que significa que possui propriedades met\u00e1licas e actin\u00eddicas. Cont\u00e9m 12 is\u00f3topos inst\u00e1veis, incluindo 2.568 dB, \u00e9 o mais est\u00e1vel com vida \u00fatil de 25 horas.<\/p>\n<h3> <strong>S\u00edmbolo de D\u00fabnio<\/strong><\/h3>\n<p> <span class=\"content-chemical-element\" style=\"float: left;width: 65px;height: 65px;border: 3px solid #666; display:flex;\n    justify-content: center;align-items: center;margin-right: 15px;\"><span style=\"font-size: 38px;\">Db<\/span><\/span> Recebe esse nome porque suas caracter\u00edsticas qu\u00edmicas foram anotadas no Instituto Central de Pesquisa Nuclear em Dubna, na R\u00fassia. Ao ser descoberto, seu nome causou pol\u00eamica, pois o grupo de cientistas sovi\u00e9ticos quis cham\u00e1-lo de Nielsbohrio e os americanos escolheram o t\u00edtulo Hahnio.<\/p>\n<h2> <strong>Caracter\u00edsticas do D\u00fabnio<\/strong><\/h2>\n<p> O elemento qu\u00edmico Dubnium est\u00e1 localizado no Grupo D e no Grupo 5 da tabela peri\u00f3dica. \u00c9 um metal de transi\u00e7\u00e3o que possui propriedades semelhantes ao t\u00e2ntalo. Al\u00e9m disso, seus is\u00f3topos decaem em segundos, emitindo part\u00edculas alfa com energia suficiente. \u00c9 muito pesado e radioativo. Outros recursos s\u00e3o:<\/p>\n<ul>\n<li> <strong>Condi\u00e7\u00e3o<\/strong> : Presumidamente s\u00f3lida e pesada.<\/li>\n<li> <strong>Cor<\/strong> : Branco prateado.<\/li>\n<li> <strong>Sabor e odor<\/strong> : Dada a sua baixa presen\u00e7a, estas propriedades n\u00e3o puderam ser verificadas.<\/li>\n<li> <strong>Toxicidade<\/strong> : Alta, pois \u00e9 radioativo e emite part\u00edculas alfa.<\/li>\n<li> <strong>Reactividade<\/strong> : Moderada.<\/li>\n<li> <strong>Estrutura<\/strong> : Possui uma estrutura cristalina centrada.<\/li>\n<li> <strong>Composi\u00e7\u00e3o<\/strong> : Formada por 105 pr\u00f3tons e el\u00e9trons que apresenta 7 altos n\u00edveis de energia, al\u00e9m de 163 n\u00eautrons.<\/li>\n<li> <strong>Solubilidade<\/strong> : N\u00e3o conhecido com certeza.<\/li>\n<\/ul>\n<h2> <strong>Propriedades qu\u00edmicas e f\u00edsicas do Dubnium<\/strong><\/h2>\n<ol>\n<li> <strong>N\u00famero at\u00f4mico<\/strong> : 105<\/li>\n<li> <strong>Per\u00edodo<\/strong> : 7<\/li>\n<li> <strong>Bloquear<\/strong> \ud83d\ude00<\/li>\n<li> <strong>Grupo<\/strong> : 5<\/li>\n<li> <strong>Ponto de fus\u00e3o:<\/strong> 3000\u00b0C<\/li>\n<li> <strong>Raio at\u00f4mico:<\/strong> 139h<\/li>\n<li> <strong>Estado de oxida\u00e7\u00e3o<\/strong> : 5, 4, 3<\/li>\n<li> <strong>Raio covalente (\u00c5):<\/strong> 149<strong> <\/strong>tarde<\/li>\n<li> <strong>Raio m\u00e9dio:<\/strong> Desconhecido.<\/li>\n<li> <strong>Massa at\u00f4mica (g\/mol):<\/strong> 262 u<\/li>\n<li> <strong>Densidade:<\/strong> 29300 Kg\/m\u00b3<\/li>\n<li> <strong>Ponto de ebuli\u00e7\u00e3o:<\/strong> 5700\u00b0C<\/li>\n<li> <strong>Configura\u00e7\u00e3o eletr\u00f4nica:<\/strong> [Rn] 5f14 6d3 7s2<\/li>\n<li> <strong>Primeiro potencial de ioniza\u00e7\u00e3o<\/strong> (eV): N\u00e3o especificado <strong>.<\/strong><\/li>\n<li> <strong>El\u00e9trons por camada:<\/strong> 2, 8, 18, 32, 32, 11, 2<\/li>\n<li> <strong>Eletronegatividade:<\/strong> Desconhecida.<\/li>\n<li> <strong>Condutividade t\u00e9rmica:<\/strong> N\u00e3o calculada.<\/li>\n<\/ol>\n<h2> <strong>Origem do D\u00fabnio<\/strong><\/h2>\n<p> O elemento Dubnium foi descoberto entre 1967 e 1970 por Albert Ghiorso e Georgii Flerov respectivamente. O evento aconteceu no Instituto Central de Pesquisa Nuclear em Dubna, na R\u00fassia. L\u00e1, os cientistas bombardearam um is\u00f3topo de Amer\u00edcio 243 com \u00edons Neon22. O resultado foi a emiss\u00e3o de atividade alfa de aproximadamente 9,40 e 9,60 Mev ou megael\u00e9tron-volt. Eles verificaram que essas varia\u00e7\u00f5es provinham dos is\u00f3topos do elemento.<\/p>\n<p> Quando o elemento foi descoberto, surgiram pol\u00eamicas em rela\u00e7\u00e3o ao seu nome, pois americanos e russos tinham ideias diferentes. No entanto, a Uni\u00e3o Internacional de Qu\u00edmica Pura nomeou-o oficialmente como Dubnium em 1997.<\/p>\n<h2> <strong>Para que \u00e9 usado o Dubnium?<\/strong><\/h2>\n<p> Os usos do Dubnium s\u00e3o limitados, pois h\u00e1 poucas por\u00e7\u00f5es dispon\u00edveis no meio ambiente. Seus is\u00f3topos s\u00e3o t\u00e3o inst\u00e1veis que as poucas an\u00e1lises realizadas foram destinadas \u00e0 pesquisa cient\u00edfica experimental.<\/p>\n<h2> <strong>Onde o Dubnium \u00e9 encontrado?<\/strong><\/h2>\n<p> As raras amostras deste elemento sintetizadas no planeta encontram-se em infraestruturas cient\u00edficas especializadas em radia\u00e7\u00e3o. Nestes locais s\u00e3o realizadas colis\u00f5es nucleares com aceleradores de part\u00edculas para an\u00e1lise de seus is\u00f3topos. Todos eles decaem rapidamente em outros elementos leves, onde liberam energia.<\/p>\n<h2> <strong>Obtendo D\u00fabnio<\/strong><\/h2>\n<p> \u00c9 obtido bombardeando o is\u00f3topo Californium 249 com \u00edons Nitrog\u00eanio 15, o que d\u00e1 uma amostra m\u00ednima. Al\u00e9m disso, outro m\u00e9todo \u00e9 utilizar o C\u00e1lcio 48, para obter mais is\u00f3topos do elemento e sintetiz\u00e1-lo por mais tempo.<\/p>\n<h2> <strong>Efeitos do Dubnium na sa\u00fade<\/strong><\/h2>\n<p> Dada a instabilidade do elemento e o facto de se desintegrar em segundos, \u00e9 pouco prov\u00e1vel que afecte a sa\u00fade humana ou seja um agente poluente na natureza. O \u00fanico cuidado a ter em conta \u00e9 a utiliza\u00e7\u00e3o de equipamento especial no manuseamento das suas amostras radioactivas no laborat\u00f3rio.<\/p>\n<h2> <strong>Fatos sobre o elemento Dubnium<\/strong><\/h2>\n<p> Antes da disputa pelo nome, o elemento era denominado Eka-T\u00e2ntalo, por compartilhar propriedades semelhantes. Os poucos estudos realizados prov\u00eam de vest\u00edgios m\u00ednimos. Outros dados interessantes s\u00e3o:<\/p>\n<ul>\n<li> A equipe sovi\u00e9tica o nomeou Nielsbohrio, s\u00edmbolo Ns, em homenagem ao cientista Niels Bohr em meados da d\u00e9cada de 1970.<\/li>\n<li> A American Chemical Society nomeou-o Hahnio em homenagem ao cientista alem\u00e3o Otto Hahn.<\/li>\n<li> Em abril de 1970, os qu\u00edmicos confirmaram todas as propriedades qu\u00edmicas do elemento estudando seus diferentes tipos de decomposi\u00e7\u00e3o.<\/li>\n<li> Estudos dos \u00e1tomos deste elemento mostraram que os n\u00facleos de nitrog\u00eanio emitem 4 n\u00eautrons que decaem em apenas 2 segundos.<\/li>\n<\/ul>\n<p> Por fim, este elemento \u00e9 um metal de transi\u00e7\u00e3o com propriedades actin\u00eddicas, por isso \u00e9 denominado transactin\u00eddeo. As aplica\u00e7\u00f5es do Dubnium s\u00e3o poucas, pois ainda \u00e9 objeto de an\u00e1lises para conhecer exatamente todas as suas propriedades.<\/p>\n","protected":false},"excerpt":{"rendered":"<p>Dubnium \u00e9 um elemento sint\u00e9tico radioativo que n\u00e3o est\u00e1 presente na crosta terrestre. Tem uma vida \u00fatil m\u00e9dia de 34 segundos, portanto seus efeitos nos seres humanos e no meio ambiente s\u00e3o desconhecidos. Al\u00e9m disso, \u00e9 muito inst\u00e1vel na presen\u00e7a de outros elementos, o que impede a forma\u00e7\u00e3o de compostos. Descubra com este artigo suas &#8230; <a title=\"D\u00fabnio\" class=\"read-more\" href=\"https:\/\/chemuza.org\/pt\/dubnio\/\" aria-label=\"Mais em D\u00fabnio\">Ler mais<\/a><\/p>\n","protected":false},"author":1,"featured_media":0,"parent":0,"menu_order":0,"comment_status":"closed","ping_status":"closed","template":"","meta":{"footnotes":""},"class_list":["post-1556","page","type-page","status-publish"],"yoast_head":"<!-- This site is optimized with the Yoast SEO plugin v21.4 - https:\/\/yoast.com\/wordpress\/plugins\/seo\/ -->\n<title>D\u00fabnio - Chemuza<\/title>\n<meta name=\"robots\" content=\"index, follow, max-snippet:-1, max-image-preview:large, max-video-preview:-1\" \/>\n<link rel=\"canonical\" href=\"https:\/\/chemuza.org\/pt\/dubnio\/\" \/>\n<meta property=\"og:locale\" content=\"pt_PT\" \/>\n<meta property=\"og:type\" content=\"article\" \/>\n<meta property=\"og:title\" content=\"D\u00fabnio - Chemuza\" \/>\n<meta property=\"og:description\" content=\"Dubnium \u00e9 um elemento sint\u00e9tico radioativo que n\u00e3o est\u00e1 presente na crosta terrestre. Tem uma vida \u00fatil m\u00e9dia de 34 segundos, portanto seus efeitos nos seres humanos e no meio ambiente s\u00e3o desconhecidos. Al\u00e9m disso, \u00e9 muito inst\u00e1vel na presen\u00e7a de outros elementos, o que impede a forma\u00e7\u00e3o de compostos. Descubra com este artigo suas ... Ler mais\" \/>\n<meta property=\"og:url\" content=\"https:\/\/chemuza.org\/pt\/dubnio\/\" \/>\n<meta property=\"og:site_name\" content=\"Statorials\" \/>\n<meta name=\"twitter:card\" content=\"summary_large_image\" \/>\n<meta name=\"twitter:label1\" content=\"Tempo estimado de leitura\" \/>\n\t<meta name=\"twitter:data1\" content=\"4 minutos\" \/>\n<script type=\"application\/ld+json\" class=\"yoast-schema-graph\">{\"@context\":\"https:\/\/schema.org\",\"@graph\":[{\"@type\":\"WebPage\",\"@id\":\"https:\/\/chemuza.org\/pt\/dubnio\/\",\"url\":\"https:\/\/chemuza.org\/pt\/dubnio\/\",\"name\":\"D\u00fabnio - Chemuza\",\"isPartOf\":{\"@id\":\"https:\/\/chemuza.org\/pt\/#website\"},\"datePublished\":\"2023-07-13T13:43:00+00:00\",\"dateModified\":\"2023-07-13T13:43:00+00:00\",\"breadcrumb\":{\"@id\":\"https:\/\/chemuza.org\/pt\/dubnio\/#breadcrumb\"},\"inLanguage\":\"pt-PT\",\"potentialAction\":[{\"@type\":\"ReadAction\",\"target\":[\"https:\/\/chemuza.org\/pt\/dubnio\/\"]}]},{\"@type\":\"BreadcrumbList\",\"@id\":\"https:\/\/chemuza.org\/pt\/dubnio\/#breadcrumb\",\"itemListElement\":[{\"@type\":\"ListItem\",\"position\":1,\"name\":\"Lar\",\"item\":\"https:\/\/chemuza.org\/pt\/\"},{\"@type\":\"ListItem\",\"position\":2,\"name\":\"D\u00fabnio\"}]},{\"@type\":\"WebSite\",\"@id\":\"https:\/\/chemuza.org\/pt\/#website\",\"url\":\"https:\/\/chemuza.org\/pt\/\",\"name\":\"Chemuza\",\"description\":\"Sua porta de entrada para a descoberta qu\u00edmica!\",\"publisher\":{\"@id\":\"https:\/\/chemuza.org\/pt\/#organization\"},\"potentialAction\":[{\"@type\":\"SearchAction\",\"target\":{\"@type\":\"EntryPoint\",\"urlTemplate\":\"https:\/\/chemuza.org\/pt\/?s={search_term_string}\"},\"query-input\":\"required name=search_term_string\"}],\"inLanguage\":\"pt-PT\"},{\"@type\":\"Organization\",\"@id\":\"https:\/\/chemuza.org\/pt\/#organization\",\"name\":\"Chemuza\",\"url\":\"https:\/\/chemuza.org\/pt\/\",\"logo\":{\"@type\":\"ImageObject\",\"inLanguage\":\"pt-PT\",\"@id\":\"https:\/\/chemuza.org\/pt\/#\/schema\/logo\/image\/\",\"url\":\"https:\/\/chemuza.org\/pt\/wp-content\/uploads\/2023\/10\/chemuza-logo.png\",\"contentUrl\":\"https:\/\/chemuza.org\/pt\/wp-content\/uploads\/2023\/10\/chemuza-logo.png\",\"width\":387,\"height\":70,\"caption\":\"Chemuza\"},\"image\":{\"@id\":\"https:\/\/chemuza.org\/pt\/#\/schema\/logo\/image\/\"}}]}<\/script>\n<!-- \/ Yoast SEO plugin. -->","yoast_head_json":{"title":"D\u00fabnio - Chemuza","robots":{"index":"index","follow":"follow","max-snippet":"max-snippet:-1","max-image-preview":"max-image-preview:large","max-video-preview":"max-video-preview:-1"},"canonical":"https:\/\/chemuza.org\/pt\/dubnio\/","og_locale":"pt_PT","og_type":"article","og_title":"D\u00fabnio - Chemuza","og_description":"Dubnium \u00e9 um elemento sint\u00e9tico radioativo que n\u00e3o est\u00e1 presente na crosta terrestre. Tem uma vida \u00fatil m\u00e9dia de 34 segundos, portanto seus efeitos nos seres humanos e no meio ambiente s\u00e3o desconhecidos. Al\u00e9m disso, \u00e9 muito inst\u00e1vel na presen\u00e7a de outros elementos, o que impede a forma\u00e7\u00e3o de compostos. Descubra com este artigo suas ... Ler mais","og_url":"https:\/\/chemuza.org\/pt\/dubnio\/","og_site_name":"Statorials","twitter_card":"summary_large_image","twitter_misc":{"Tempo estimado de leitura":"4 minutos"},"schema":{"@context":"https:\/\/schema.org","@graph":[{"@type":"WebPage","@id":"https:\/\/chemuza.org\/pt\/dubnio\/","url":"https:\/\/chemuza.org\/pt\/dubnio\/","name":"D\u00fabnio - Chemuza","isPartOf":{"@id":"https:\/\/chemuza.org\/pt\/#website"},"datePublished":"2023-07-13T13:43:00+00:00","dateModified":"2023-07-13T13:43:00+00:00","breadcrumb":{"@id":"https:\/\/chemuza.org\/pt\/dubnio\/#breadcrumb"},"inLanguage":"pt-PT","potentialAction":[{"@type":"ReadAction","target":["https:\/\/chemuza.org\/pt\/dubnio\/"]}]},{"@type":"BreadcrumbList","@id":"https:\/\/chemuza.org\/pt\/dubnio\/#breadcrumb","itemListElement":[{"@type":"ListItem","position":1,"name":"Lar","item":"https:\/\/chemuza.org\/pt\/"},{"@type":"ListItem","position":2,"name":"D\u00fabnio"}]},{"@type":"WebSite","@id":"https:\/\/chemuza.org\/pt\/#website","url":"https:\/\/chemuza.org\/pt\/","name":"Chemuza","description":"Sua porta de entrada para a descoberta qu\u00edmica!","publisher":{"@id":"https:\/\/chemuza.org\/pt\/#organization"},"potentialAction":[{"@type":"SearchAction","target":{"@type":"EntryPoint","urlTemplate":"https:\/\/chemuza.org\/pt\/?s={search_term_string}"},"query-input":"required name=search_term_string"}],"inLanguage":"pt-PT"},{"@type":"Organization","@id":"https:\/\/chemuza.org\/pt\/#organization","name":"Chemuza","url":"https:\/\/chemuza.org\/pt\/","logo":{"@type":"ImageObject","inLanguage":"pt-PT","@id":"https:\/\/chemuza.org\/pt\/#\/schema\/logo\/image\/","url":"https:\/\/chemuza.org\/pt\/wp-content\/uploads\/2023\/10\/chemuza-logo.png","contentUrl":"https:\/\/chemuza.org\/pt\/wp-content\/uploads\/2023\/10\/chemuza-logo.png","width":387,"height":70,"caption":"Chemuza"},"image":{"@id":"https:\/\/chemuza.org\/pt\/#\/schema\/logo\/image\/"}}]}},"yoast_meta":{"yoast_wpseo_title":"","yoast_wpseo_metadesc":"","yoast_wpseo_canonical":""},"_links":{"self":[{"href":"https:\/\/chemuza.org\/pt\/wp-json\/wp\/v2\/pages\/1556","targetHints":{"allow":["GET"]}}],"collection":[{"href":"https:\/\/chemuza.org\/pt\/wp-json\/wp\/v2\/pages"}],"about":[{"href":"https:\/\/chemuza.org\/pt\/wp-json\/wp\/v2\/types\/page"}],"author":[{"embeddable":true,"href":"https:\/\/chemuza.org\/pt\/wp-json\/wp\/v2\/users\/1"}],"replies":[{"embeddable":true,"href":"https:\/\/chemuza.org\/pt\/wp-json\/wp\/v2\/comments?post=1556"}],"version-history":[{"count":0,"href":"https:\/\/chemuza.org\/pt\/wp-json\/wp\/v2\/pages\/1556\/revisions"}],"wp:attachment":[{"href":"https:\/\/chemuza.org\/pt\/wp-json\/wp\/v2\/media?parent=1556"}],"curies":[{"name":"wp","href":"https:\/\/api.w.org\/{rel}","templated":true}]}}