{"id":1555,"date":"2023-07-13T14:10:29","date_gmt":"2023-07-13T14:10:29","guid":{"rendered":"https:\/\/chemuza.org\/pt\/rutherfordio\/"},"modified":"2023-07-13T14:10:29","modified_gmt":"2023-07-13T14:10:29","slug":"rutherfordio","status":"publish","type":"page","link":"https:\/\/chemuza.org\/pt\/rutherfordio\/","title":{"rendered":"Rutherf\u00f3rdio"},"content":{"rendered":"<p>\u00c9 um elemento sint\u00e9tico da tabela peri\u00f3dica que n\u00e3o \u00e9 encontrado naturalmente na natureza. S\u00f3 pode ser criado em laborat\u00f3rio atrav\u00e9s do bombardeio nuclear de n\u00facleos de carbono 12 e do elemento calif\u00f3rnio 249. Descubra suas caracter\u00edsticas, propriedades e se \u00e9 \u00fatil hoje.<\/p>\n<h2> <strong>O que \u00e9 Rutherf\u00f3rdio?<\/strong><\/h2>\n<p> Rutherf\u00f3rdio era anteriormente chamado de Kurchatovioy e \u00e9 o segundo elemento dos 66 metais de transi\u00e7\u00e3o da tabela peri\u00f3dica. N\u00e3o possui is\u00f3topos de origem natural, mas 12 is\u00f3topos foram sintetizados em laborat\u00f3rio e os mais est\u00e1veis s\u00e3o <sup>261<\/sup> Rf, <sup>265<\/sup> Rf e <sup>263<\/sup> Rf, que possuem meia-vida de 10 minutos. Sua apar\u00eancia \u00e9 met\u00e1lica e prateada, de cor branca ou cinza. Entre os elementos transactin\u00eddeos, \u00e9 o primeiro e talvez compartilhe algumas semelhan\u00e7as com o H\u00e1fnio.<\/p>\n<h3> <strong>S\u00edmbolo de Rutherf\u00f3rdio<\/strong><\/h3>\n<p> <span class=\"content-chemical-element\" style=\"float: left;width: 65px;height: 65px;border: 3px solid #666; display:flex;\n    justify-content: center;align-items: center;margin-right: 15px;\"><span style=\"font-size: 38px;\">Rf<\/span><\/span> Est\u00e1 localizado no grupo 4 da tabela peri\u00f3dica com n\u00famero at\u00f4mico 104 e massa at\u00f4mica 261. Pertence ao bloco d e per\u00edodo 7 e como elemento sofre decaimento radioativo de pr\u00f3tons, betas, alfas e fiss\u00e3o espont\u00e2nea.<\/p>\n<h2> <strong>Caracter\u00edsticas do Rutherf\u00f3rdio<\/strong><\/h2>\n<p> Apresenta alta reatividade, alta dureza e \u00e9 um bom condutor de calor e eletricidade. Al\u00e9m disso, seus pontos de ebuli\u00e7\u00e3o e fus\u00e3o s\u00e3o elevados. Outros recursos s\u00e3o:<\/p>\n<ul>\n<li> <strong>Is\u00f3topos<\/strong> : Todos s\u00e3o sint\u00e9ticos e radioativos.<\/li>\n<li> <strong>Condi\u00e7\u00e3o normal:<\/strong> Talvez s\u00f3lido.<\/li>\n<li> <strong>Apar\u00eancia<\/strong> : \u00c9 um sint\u00e9tico radioativo, \u00e0 press\u00e3o e temperatura ambiente \u00e9 s\u00f3lido.<\/li>\n<li> <strong>Estrutura cristalina<\/strong> : Hexagonal compacto como o H\u00e1fnio.<\/li>\n<li> <strong>Toxicidade<\/strong> : Devido \u00e0 sua reatividade \u00e9 prejudicial \u00e0 sa\u00fade.<\/li>\n<\/ul>\n<h2> <strong>Propriedades qu\u00edmicas e f\u00edsicas do Rutherf\u00f3rdio<\/strong><\/h2>\n<ol>\n<li> <strong>N\u00famero at\u00f4mico<\/strong> : 104<\/li>\n<li> <strong>N\u00fameros de oxida\u00e7\u00e3o:<\/strong> +3, +4<\/li>\n<li> <strong>Densidade:<\/strong> estimada em 23.000<\/li>\n<li> <strong>N\u00eautrons:<\/strong> 157<\/li>\n<li> <strong>El\u00e9trons:<\/strong> 104<\/li>\n<li> <strong>Pr\u00f3tons:<\/strong> 104<\/li>\n<li> <strong>Ponto de fus\u00e3o:<\/strong> 2100\u00b0C<\/li>\n<li> <strong>Ponto de ebuli\u00e7\u00e3o:<\/strong> 5500\u00b0C<\/li>\n<li> <strong>Energia de ioniza\u00e7\u00e3o:<\/strong> estimada em 490<\/li>\n<li> <strong>Configura\u00e7\u00e3o eletr\u00f4nica:<\/strong> Provavelmente [Rn] 5f <sup>14<\/sup> 6d <sup>2<\/sup> 7s <sup>2<\/sup><\/li>\n<\/ol>\n<h2> <strong>Origem do Rutherf\u00f3rdio<\/strong><\/h2>\n<p> A descoberta deste metal, como de outros, tem sido motivo de pol\u00eamica. Em 1964, em Dubna, na R\u00fassia, foi sintetizado pela primeira vez, quando alguns cientistas come\u00e7aram a bombardear o Plut\u00f4nio 242 com \u00edons Neon 22. Posteriormente, relataram que foram encontrados vest\u00edgios de fiss\u00e3o nuclear em um vidro especial, o que indicava que havia um novo elemento. Foi identificado como o is\u00f3topo <sup>260<\/sup> Rf com vida \u00fatil m\u00ednima de aproximadamente 0,3 segundos, que posteriormente foi aumentada para 0,15.<\/p>\n<h2> <strong>Para que \u00e9 usado o Rutherf\u00f3rdio?<\/strong><\/h2>\n<p> Hoje em dia, este elemento sint\u00e9tico n\u00e3o tem aplica\u00e7\u00e3o, pelo que a sua utiliza\u00e7\u00e3o est\u00e1 limitada \u00e0 investiga\u00e7\u00e3o cient\u00edfica em laborat\u00f3rio. Al\u00e9m disso, sabe-se muito pouco sobre ele porque n\u00e3o \u00e9 encontrado na natureza e seus is\u00f3topos sint\u00e9ticos t\u00eam meia-vida muito curta. No entanto, continuam a ser realizados estudos sobre is\u00f3topos para procurar a sua extens\u00e3o e mistura com outros metais para determinar o seu comportamento.<\/p>\n<h2> <strong>Origem do nome Rutherford<\/strong><\/h2>\n<p> A princ\u00edpio o nome causou pol\u00eamica, j\u00e1 que os sovi\u00e9ticos que o sintetizaram em Dubna propuseram cham\u00e1-lo de Dubnio em homenagem a Igor Vasilievich Kurchatov. Em vez disso, os americanos propuseram o Rutherf\u00f3rdio em homenagem a Ernest Rutherford, o famoso f\u00edsico nuclear e pai da f\u00edsica nuclear. Por fim, no ano de 1997, recebeu o t\u00edtulo de Rutherfordio.<\/p>\n<h2> <strong>Como o Rutherf\u00f3rdio \u00e9 obtido<\/strong><\/h2>\n<p> Este elemento n\u00e3o \u00e9 encontrado naturalmente na natureza, s\u00f3 \u00e9 obtido em laborat\u00f3rio bombardeando o Plut\u00f4nio com \u00edons n\u00e9on acelerados entre 113 e 115 MeV. Por isso \u00e9 considerado um elemento sint\u00e9tico com propriedades ainda desconhecidas.<\/p>\n<h2> <strong>Quem descobriu o Rutherf\u00f3rdio?<\/strong><\/h2>\n<p> Em 1969, na Universidade da Calif\u00f3rnia, Berkeley, os pesquisadores Nurmia, Kay Eskola, Albert Ghiorso e Pl Eskola anunciaram a cria\u00e7\u00e3o de dois is\u00f3topos do elemento 104, diferentes daquele encontrado em Dubna. Ent\u00e3o, eles sintetizaram o elemento adicionando carbono-12 e calif\u00f3rnio-249 durante certas colis\u00f5es de alta energia. Esta experi\u00eancia resultou num primeiro is\u00f3topo com uma meia-vida de 4,5 segundos e no segundo um is\u00f3topo com uma meia-vida de 3 a 4 segundos.<\/p>\n<h2> <strong>Efeitos produzidos pelo Rutherfordium no meio ambiente e na sa\u00fade<\/strong><\/h2>\n<p> Dado que a sua vida \u00fatil \u00e9 muito curta e os seus is\u00f3topos s\u00e3o muito inst\u00e1veis, \u00e9 dif\u00edcil determinar com exactid\u00e3o os seus poss\u00edveis efeitos no ambiente ou no corpo humano. Mesmo qualquer quantidade formada se decomp\u00f5e rapidamente com outros elementos. No entanto, durante os experimentos de laborat\u00f3rio, s\u00e3o tomadas as precau\u00e7\u00f5es necess\u00e1rias durante o manuseio.<\/p>\n<p> Concluindo, trata-se de um elemento artificial criado em laborat\u00f3rios de pesquisa cient\u00edfica. N\u00e3o \u00e9 poss\u00edvel encontr\u00e1-lo na natureza e a cria\u00e7\u00e3o de is\u00f3topos apresenta grande instabilidade e vida \u00fatil curta. Portanto, as aplica\u00e7\u00f5es do Rutherf\u00f3rdio ainda s\u00e3o desconhecidas, embora experimentos ainda estejam em andamento.<\/p>\n","protected":false},"excerpt":{"rendered":"<p>\u00c9 um elemento sint\u00e9tico da tabela peri\u00f3dica que n\u00e3o \u00e9 encontrado naturalmente na natureza. S\u00f3 pode ser criado em laborat\u00f3rio atrav\u00e9s do bombardeio nuclear de n\u00facleos de carbono 12 e do elemento calif\u00f3rnio 249. Descubra suas caracter\u00edsticas, propriedades e se \u00e9 \u00fatil hoje. O que \u00e9 Rutherf\u00f3rdio? Rutherf\u00f3rdio era anteriormente chamado de Kurchatovioy e \u00e9 &#8230; <a title=\"Rutherf\u00f3rdio\" class=\"read-more\" href=\"https:\/\/chemuza.org\/pt\/rutherfordio\/\" aria-label=\"Mais em Rutherf\u00f3rdio\">Ler mais<\/a><\/p>\n","protected":false},"author":1,"featured_media":0,"parent":0,"menu_order":0,"comment_status":"closed","ping_status":"closed","template":"","meta":{"footnotes":""},"class_list":["post-1555","page","type-page","status-publish"],"yoast_head":"<!-- This site is optimized with the Yoast SEO plugin v21.4 - https:\/\/yoast.com\/wordpress\/plugins\/seo\/ -->\n<title>Rutherf\u00f3rdio - Chemuza<\/title>\n<meta name=\"robots\" content=\"index, follow, max-snippet:-1, max-image-preview:large, max-video-preview:-1\" \/>\n<link rel=\"canonical\" href=\"https:\/\/chemuza.org\/pt\/rutherfordio\/\" \/>\n<meta property=\"og:locale\" content=\"pt_PT\" \/>\n<meta property=\"og:type\" content=\"article\" \/>\n<meta property=\"og:title\" content=\"Rutherf\u00f3rdio - Chemuza\" \/>\n<meta property=\"og:description\" content=\"\u00c9 um elemento sint\u00e9tico da tabela peri\u00f3dica que n\u00e3o \u00e9 encontrado naturalmente na natureza. S\u00f3 pode ser criado em laborat\u00f3rio atrav\u00e9s do bombardeio nuclear de n\u00facleos de carbono 12 e do elemento calif\u00f3rnio 249. Descubra suas caracter\u00edsticas, propriedades e se \u00e9 \u00fatil hoje. O que \u00e9 Rutherf\u00f3rdio? Rutherf\u00f3rdio era anteriormente chamado de Kurchatovioy e \u00e9 ... Ler mais\" \/>\n<meta property=\"og:url\" content=\"https:\/\/chemuza.org\/pt\/rutherfordio\/\" \/>\n<meta property=\"og:site_name\" content=\"Statorials\" \/>\n<meta name=\"twitter:card\" content=\"summary_large_image\" \/>\n<meta name=\"twitter:label1\" content=\"Tempo estimado de leitura\" \/>\n\t<meta name=\"twitter:data1\" content=\"4 minutos\" \/>\n<script type=\"application\/ld+json\" class=\"yoast-schema-graph\">{\"@context\":\"https:\/\/schema.org\",\"@graph\":[{\"@type\":\"WebPage\",\"@id\":\"https:\/\/chemuza.org\/pt\/rutherfordio\/\",\"url\":\"https:\/\/chemuza.org\/pt\/rutherfordio\/\",\"name\":\"Rutherf\u00f3rdio - Chemuza\",\"isPartOf\":{\"@id\":\"https:\/\/chemuza.org\/pt\/#website\"},\"datePublished\":\"2023-07-13T14:10:29+00:00\",\"dateModified\":\"2023-07-13T14:10:29+00:00\",\"breadcrumb\":{\"@id\":\"https:\/\/chemuza.org\/pt\/rutherfordio\/#breadcrumb\"},\"inLanguage\":\"pt-PT\",\"potentialAction\":[{\"@type\":\"ReadAction\",\"target\":[\"https:\/\/chemuza.org\/pt\/rutherfordio\/\"]}]},{\"@type\":\"BreadcrumbList\",\"@id\":\"https:\/\/chemuza.org\/pt\/rutherfordio\/#breadcrumb\",\"itemListElement\":[{\"@type\":\"ListItem\",\"position\":1,\"name\":\"Lar\",\"item\":\"https:\/\/chemuza.org\/pt\/\"},{\"@type\":\"ListItem\",\"position\":2,\"name\":\"Rutherf\u00f3rdio\"}]},{\"@type\":\"WebSite\",\"@id\":\"https:\/\/chemuza.org\/pt\/#website\",\"url\":\"https:\/\/chemuza.org\/pt\/\",\"name\":\"Chemuza\",\"description\":\"Sua porta de entrada para a descoberta qu\u00edmica!\",\"publisher\":{\"@id\":\"https:\/\/chemuza.org\/pt\/#organization\"},\"potentialAction\":[{\"@type\":\"SearchAction\",\"target\":{\"@type\":\"EntryPoint\",\"urlTemplate\":\"https:\/\/chemuza.org\/pt\/?s={search_term_string}\"},\"query-input\":\"required name=search_term_string\"}],\"inLanguage\":\"pt-PT\"},{\"@type\":\"Organization\",\"@id\":\"https:\/\/chemuza.org\/pt\/#organization\",\"name\":\"Chemuza\",\"url\":\"https:\/\/chemuza.org\/pt\/\",\"logo\":{\"@type\":\"ImageObject\",\"inLanguage\":\"pt-PT\",\"@id\":\"https:\/\/chemuza.org\/pt\/#\/schema\/logo\/image\/\",\"url\":\"https:\/\/chemuza.org\/pt\/wp-content\/uploads\/2023\/10\/chemuza-logo.png\",\"contentUrl\":\"https:\/\/chemuza.org\/pt\/wp-content\/uploads\/2023\/10\/chemuza-logo.png\",\"width\":387,\"height\":70,\"caption\":\"Chemuza\"},\"image\":{\"@id\":\"https:\/\/chemuza.org\/pt\/#\/schema\/logo\/image\/\"}}]}<\/script>\n<!-- \/ Yoast SEO plugin. -->","yoast_head_json":{"title":"Rutherf\u00f3rdio - Chemuza","robots":{"index":"index","follow":"follow","max-snippet":"max-snippet:-1","max-image-preview":"max-image-preview:large","max-video-preview":"max-video-preview:-1"},"canonical":"https:\/\/chemuza.org\/pt\/rutherfordio\/","og_locale":"pt_PT","og_type":"article","og_title":"Rutherf\u00f3rdio - Chemuza","og_description":"\u00c9 um elemento sint\u00e9tico da tabela peri\u00f3dica que n\u00e3o \u00e9 encontrado naturalmente na natureza. S\u00f3 pode ser criado em laborat\u00f3rio atrav\u00e9s do bombardeio nuclear de n\u00facleos de carbono 12 e do elemento calif\u00f3rnio 249. Descubra suas caracter\u00edsticas, propriedades e se \u00e9 \u00fatil hoje. O que \u00e9 Rutherf\u00f3rdio? Rutherf\u00f3rdio era anteriormente chamado de Kurchatovioy e \u00e9 ... Ler mais","og_url":"https:\/\/chemuza.org\/pt\/rutherfordio\/","og_site_name":"Statorials","twitter_card":"summary_large_image","twitter_misc":{"Tempo estimado de leitura":"4 minutos"},"schema":{"@context":"https:\/\/schema.org","@graph":[{"@type":"WebPage","@id":"https:\/\/chemuza.org\/pt\/rutherfordio\/","url":"https:\/\/chemuza.org\/pt\/rutherfordio\/","name":"Rutherf\u00f3rdio - Chemuza","isPartOf":{"@id":"https:\/\/chemuza.org\/pt\/#website"},"datePublished":"2023-07-13T14:10:29+00:00","dateModified":"2023-07-13T14:10:29+00:00","breadcrumb":{"@id":"https:\/\/chemuza.org\/pt\/rutherfordio\/#breadcrumb"},"inLanguage":"pt-PT","potentialAction":[{"@type":"ReadAction","target":["https:\/\/chemuza.org\/pt\/rutherfordio\/"]}]},{"@type":"BreadcrumbList","@id":"https:\/\/chemuza.org\/pt\/rutherfordio\/#breadcrumb","itemListElement":[{"@type":"ListItem","position":1,"name":"Lar","item":"https:\/\/chemuza.org\/pt\/"},{"@type":"ListItem","position":2,"name":"Rutherf\u00f3rdio"}]},{"@type":"WebSite","@id":"https:\/\/chemuza.org\/pt\/#website","url":"https:\/\/chemuza.org\/pt\/","name":"Chemuza","description":"Sua porta de entrada para a descoberta qu\u00edmica!","publisher":{"@id":"https:\/\/chemuza.org\/pt\/#organization"},"potentialAction":[{"@type":"SearchAction","target":{"@type":"EntryPoint","urlTemplate":"https:\/\/chemuza.org\/pt\/?s={search_term_string}"},"query-input":"required name=search_term_string"}],"inLanguage":"pt-PT"},{"@type":"Organization","@id":"https:\/\/chemuza.org\/pt\/#organization","name":"Chemuza","url":"https:\/\/chemuza.org\/pt\/","logo":{"@type":"ImageObject","inLanguage":"pt-PT","@id":"https:\/\/chemuza.org\/pt\/#\/schema\/logo\/image\/","url":"https:\/\/chemuza.org\/pt\/wp-content\/uploads\/2023\/10\/chemuza-logo.png","contentUrl":"https:\/\/chemuza.org\/pt\/wp-content\/uploads\/2023\/10\/chemuza-logo.png","width":387,"height":70,"caption":"Chemuza"},"image":{"@id":"https:\/\/chemuza.org\/pt\/#\/schema\/logo\/image\/"}}]}},"yoast_meta":{"yoast_wpseo_title":"","yoast_wpseo_metadesc":"","yoast_wpseo_canonical":""},"_links":{"self":[{"href":"https:\/\/chemuza.org\/pt\/wp-json\/wp\/v2\/pages\/1555","targetHints":{"allow":["GET"]}}],"collection":[{"href":"https:\/\/chemuza.org\/pt\/wp-json\/wp\/v2\/pages"}],"about":[{"href":"https:\/\/chemuza.org\/pt\/wp-json\/wp\/v2\/types\/page"}],"author":[{"embeddable":true,"href":"https:\/\/chemuza.org\/pt\/wp-json\/wp\/v2\/users\/1"}],"replies":[{"embeddable":true,"href":"https:\/\/chemuza.org\/pt\/wp-json\/wp\/v2\/comments?post=1555"}],"version-history":[{"count":0,"href":"https:\/\/chemuza.org\/pt\/wp-json\/wp\/v2\/pages\/1555\/revisions"}],"wp:attachment":[{"href":"https:\/\/chemuza.org\/pt\/wp-json\/wp\/v2\/media?parent=1555"}],"curies":[{"name":"wp","href":"https:\/\/api.w.org\/{rel}","templated":true}]}}