{"id":1554,"date":"2023-07-13T14:37:58","date_gmt":"2023-07-13T14:37:58","guid":{"rendered":"https:\/\/chemuza.org\/pt\/laurent\/"},"modified":"2023-07-13T14:37:58","modified_gmt":"2023-07-13T14:37:58","slug":"laurent","status":"publish","type":"page","link":"https:\/\/chemuza.org\/pt\/laurent\/","title":{"rendered":"Laurence"},"content":{"rendered":"<p>Laurentium \u00e9 um elemento sint\u00e9tico n\u00e3o encontrado na crosta terrestre e \u00e9 inst\u00e1vel, por isso decai na presen\u00e7a de outros compostos. Destaca-se pela alta radioatividade, por isso tem poucas aplica\u00e7\u00f5es no dia a dia. Al\u00e9m disso, seus efeitos na sa\u00fade n\u00e3o s\u00e3o conhecidos com certeza. No entanto, podemos aprender mais descrevendo suas propriedades, caracter\u00edsticas e formas de obt\u00ea-lo.<\/p>\n<h2> <strong>O que \u00e9 Laurencio?<\/strong><\/h2>\n<p> Pertence ao grupo dos actin\u00eddeos da tabela peri\u00f3dica como elemento qu\u00edmico radioativo. \u00c9 sint\u00e9tico, o que significa que n\u00e3o \u00e9 encontrado naturalmente no meio ambiente. Al\u00e9m disso, possui aspecto met\u00e1lico e \u00e9 o mais pesado de seu grupo. \u00c9 composto por 10 is\u00f3topos, todos radioativos, que se desintegram no meio ambiente em menos de 3 minutos, com exce\u00e7\u00e3o do 266Lr, que se desintegra em 11 horas.<\/p>\n<h3> <strong>S\u00edmbolo de Laurentius<\/strong><\/h3>\n<p> <span class=\"content-chemical-element\" style=\"float: left;width: 65px;height: 65px;border: 3px solid #666; display:flex;\n    justify-content: center;align-items: center;margin-right: 15px;\"><span style=\"font-size: 38px;\">Lr<\/span><\/span> \u00c9 chamado assim porque foi descoberto no Laborat\u00f3rio de Radia\u00e7\u00e3o Lawrence da Universidade da Calif\u00f3rnia. Inicialmente foi atribu\u00eddo o s\u00edmbolo Lw, mas em 1997 a Uni\u00e3o Internacional de Qu\u00edmica confirmou seu nome, Laurencio, com o s\u00edmbolo Lr.<\/p>\n<h2> <strong>Caracter\u00edsticas de Laurencio<\/strong><\/h2>\n<p> O elemento Laurentium est\u00e1 localizado no grupo 3, bloco D da tabela peri\u00f3dica. Assinado com o n\u00famero at\u00f4mico 103, apresenta comportamento radioativo semelhante ao lut\u00e9cio. Possui propriedades met\u00e1licas de transi\u00e7\u00e3o e \u00e9 muito pesado dada a sua composi\u00e7\u00e3o at\u00f4mica. Gra\u00e7as a isso, \u00e9 o \u00fanico elemento capaz de transformar um \u00e1tomo em um \u00edon, o que permite que seus el\u00e9trons sejam facilmente extra\u00eddos. Outros recursos s\u00e3o:<\/p>\n<ul>\n<li> <strong>Estado<\/strong> : S\u00f3lido, embora possa passar para a fase l\u00edquida e gasosa.<\/li>\n<li> <strong>Cor<\/strong> : Branco acinzentado, com tons prateados.<\/li>\n<li> <strong>Sabor e odor<\/strong> : \u00c9 inodoro e n\u00e3o h\u00e1 refer\u00eancia ao seu sabor.<\/li>\n<li> <strong>Composi\u00e7\u00e3o:<\/strong> Formada por 103 pr\u00f3tons e el\u00e9trons, sendo 157 n\u00eautrons.<\/li>\n<li> <strong>Reatividade:<\/strong> Alta, desintegra-se facilmente no ar e na \u00e1gua.<\/li>\n<li> <strong>Radioatividade<\/strong> : Alta, por isso s\u00f3 tem uso nuclear.<\/li>\n<li> <strong>Solubilidade<\/strong> : \u00c9 sol\u00favel em \u00e1gua e outros compostos.<\/li>\n<li> <strong>Dureza<\/strong> : \u00c9 duro e resistente.<\/li>\n<li> <strong>Condutividade<\/strong> : Moderada.<\/li>\n<\/ul>\n<h2> <strong>Propriedades qu\u00edmicas e f\u00edsicas do Laurentium<\/strong><\/h2>\n<ol>\n<li> <strong>N\u00famero at\u00f4mico<\/strong> : 103<\/li>\n<li> <strong>Per\u00edodo<\/strong> : 7<\/li>\n<li> <strong>Bloquear<\/strong> \ud83d\ude00<\/li>\n<li> <strong>Grupo<\/strong> : 3<\/li>\n<li> <strong>Estado de oxida\u00e7\u00e3o<\/strong> : 3<\/li>\n<li> <strong>Eletronegatividade:<\/strong> 1,3<\/li>\n<li> <strong>Densidade: 293K<\/strong><\/li>\n<li> <strong>Ponto de fus\u00e3o:<\/strong> 1627\u00b0C<\/li>\n<li> <strong>Raio at\u00f4mico:<\/strong> desconhecido<\/li>\n<li> <strong>Raio m\u00e9dio:<\/strong> desconhecido<\/li>\n<li> <strong>Massa at\u00f4mica (g\/mol):<\/strong> 262 u<\/li>\n<li> <strong>Configura\u00e7\u00e3o eletr\u00f4nica:<\/strong> [Rn]5f14 7s27 p1<\/li>\n<li> <strong>Primeiro potencial de ioniza\u00e7\u00e3o<\/strong> (eV): 443,8 kJ\/mol<\/li>\n<li> <strong>Ponto de ebuli\u00e7\u00e3o:<\/strong> N\u00e3o calculado<strong> <\/strong><\/li>\n<li><strong>El\u00e9trons por camada:<\/strong> 2,8,18,32, 32, 8, 3<\/li>\n<li> <strong>Condutividade t\u00e9rmica:<\/strong> 0,1 W\/cmK<\/li>\n<\/ol>\n<h2> <strong>Origem de Laurencio<\/strong><\/h2>\n<p> Foi descoberto por Albert Ghiorso em 1961 no Lawrence Radiation Laboratory, na Calif\u00f3rnia. Este cientista e seus colegas bombardearam uma combina\u00e7\u00e3o de is\u00f3topos de Californium com \u00edons de boro para obter is\u00f3topos do elemento. O resultado foi um \u00e1tomo do elemento Lr 256, com n\u00facleo composto por 103 el\u00e9trons e pr\u00f3tons. Al\u00e9m disso, estes estudos confirmaram a curta vida \u00fatil de quase todos os seus is\u00f3topos, uma vez que se decomp\u00f5em em tr\u00eas minutos.<\/p>\n<h2> <strong>Para que serve Laurencio?<\/strong><\/h2>\n<p> Os usos do Laurentium s\u00e3o limitados porque \u00e9 um elemento radioativo e raramente ocorre naturalmente. As poucas amostras existentes s\u00e3o manuseadas em laborat\u00f3rios especializados em pesquisa nuclear. Como seu is\u00f3topo 266 emite radia\u00e7\u00e3o alfa, \u00e9 utilizado em estudos cient\u00edficos relacionados \u00e0 produ\u00e7\u00e3o de energia.<\/p>\n<h2> <strong>Obtendo o Laurencio<\/strong><\/h2>\n<p> O elemento qu\u00edmico Laurentium s\u00f3 \u00e9 obtido artificialmente e produzido apenas em quantidades m\u00ednimas. O processo consiste em bombardear is\u00f3topos de Californium utilizando \u00edons de boro e um acelerador linear. Durante o procedimento, partes do elemento s\u00e3o isoladas, todas radioativas e inst\u00e1veis que se decomp\u00f5em rapidamente.<\/p>\n<h2> <strong>Laurentium e sua localiza\u00e7\u00e3o na tabela peri\u00f3dica<\/strong><\/h2>\n<p> O grupo tr\u00eas da tabela peri\u00f3dica deve ser composto por apenas 4 elementos, Esc\u00e2ndio, \u00cdtrio, Lant\u00e2nio e Lut\u00e9cio. A inclus\u00e3o do Laurentium n\u00e3o \u00e9 clara, mas \u00e9 poss\u00edvel que isso se deva \u00e0 sua produ\u00e7\u00e3o artificial, curta vida \u00fatil e composi\u00e7\u00e3o at\u00f4mica pesada, aspectos tamb\u00e9m comuns aos elementos j\u00e1 mencionados. Al\u00e9m disso, s\u00e3o todos fortes, brilhantes, eletricamente condutivos e reativos, com poucas aplica\u00e7\u00f5es no setor qu\u00edmico e industrial.<\/p>\n<h2> <strong>Efeitos do Laurentium na sa\u00fade<\/strong><\/h2>\n<p> Como este elemento possui caracter\u00edsticas radioativas e \u00e9 produzido em quantidades m\u00ednimas, n\u00e3o s\u00e3o conhecidos efeitos adversos \u00e0 sa\u00fade. Portanto, deve ser utilizado com cautela, pois seus is\u00f3topos s\u00e3o inst\u00e1veis, e acredita-se que tenha feito parte de um projeto nuclear durante a Segunda Guerra Mundial, em 1939.<\/p>\n<p> Em resumo, este elemento qu\u00edmico \u00e9 o mais pesado dos actin\u00eddeos devido ao seu n\u00facleo de 103 pr\u00f3tons e el\u00e9trons. Dada a sua elevada radioatividade, o uso do Laurentium est\u00e1 limitado no campo nuclear experimental a propor\u00e7\u00f5es m\u00ednimas. Al\u00e9m disso, \u00e9 composto por 10 is\u00f3topos, sendo 266 o mais est\u00e1vel de todos.<\/p>\n","protected":false},"excerpt":{"rendered":"<p>Laurentium \u00e9 um elemento sint\u00e9tico n\u00e3o encontrado na crosta terrestre e \u00e9 inst\u00e1vel, por isso decai na presen\u00e7a de outros compostos. Destaca-se pela alta radioatividade, por isso tem poucas aplica\u00e7\u00f5es no dia a dia. Al\u00e9m disso, seus efeitos na sa\u00fade n\u00e3o s\u00e3o conhecidos com certeza. No entanto, podemos aprender mais descrevendo suas propriedades, caracter\u00edsticas e &#8230; <a title=\"Laurence\" class=\"read-more\" href=\"https:\/\/chemuza.org\/pt\/laurent\/\" aria-label=\"Mais em Laurence\">Ler mais<\/a><\/p>\n","protected":false},"author":1,"featured_media":0,"parent":0,"menu_order":0,"comment_status":"closed","ping_status":"closed","template":"","meta":{"footnotes":""},"class_list":["post-1554","page","type-page","status-publish"],"yoast_head":"<!-- This site is optimized with the Yoast SEO plugin v21.4 - https:\/\/yoast.com\/wordpress\/plugins\/seo\/ -->\n<title>Laurence - Chemuza<\/title>\n<meta name=\"robots\" content=\"index, follow, max-snippet:-1, max-image-preview:large, max-video-preview:-1\" \/>\n<link rel=\"canonical\" href=\"https:\/\/chemuza.org\/pt\/laurent\/\" \/>\n<meta property=\"og:locale\" content=\"pt_PT\" \/>\n<meta property=\"og:type\" content=\"article\" \/>\n<meta property=\"og:title\" content=\"Laurence - Chemuza\" \/>\n<meta property=\"og:description\" content=\"Laurentium \u00e9 um elemento sint\u00e9tico n\u00e3o encontrado na crosta terrestre e \u00e9 inst\u00e1vel, por isso decai na presen\u00e7a de outros compostos. Destaca-se pela alta radioatividade, por isso tem poucas aplica\u00e7\u00f5es no dia a dia. Al\u00e9m disso, seus efeitos na sa\u00fade n\u00e3o s\u00e3o conhecidos com certeza. No entanto, podemos aprender mais descrevendo suas propriedades, caracter\u00edsticas e ... Ler mais\" \/>\n<meta property=\"og:url\" content=\"https:\/\/chemuza.org\/pt\/laurent\/\" \/>\n<meta property=\"og:site_name\" content=\"Statorials\" \/>\n<meta name=\"twitter:card\" content=\"summary_large_image\" \/>\n<meta name=\"twitter:label1\" content=\"Tempo estimado de leitura\" \/>\n\t<meta name=\"twitter:data1\" content=\"4 minutos\" \/>\n<script type=\"application\/ld+json\" class=\"yoast-schema-graph\">{\"@context\":\"https:\/\/schema.org\",\"@graph\":[{\"@type\":\"WebPage\",\"@id\":\"https:\/\/chemuza.org\/pt\/laurent\/\",\"url\":\"https:\/\/chemuza.org\/pt\/laurent\/\",\"name\":\"Laurence - Chemuza\",\"isPartOf\":{\"@id\":\"https:\/\/chemuza.org\/pt\/#website\"},\"datePublished\":\"2023-07-13T14:37:58+00:00\",\"dateModified\":\"2023-07-13T14:37:58+00:00\",\"breadcrumb\":{\"@id\":\"https:\/\/chemuza.org\/pt\/laurent\/#breadcrumb\"},\"inLanguage\":\"pt-PT\",\"potentialAction\":[{\"@type\":\"ReadAction\",\"target\":[\"https:\/\/chemuza.org\/pt\/laurent\/\"]}]},{\"@type\":\"BreadcrumbList\",\"@id\":\"https:\/\/chemuza.org\/pt\/laurent\/#breadcrumb\",\"itemListElement\":[{\"@type\":\"ListItem\",\"position\":1,\"name\":\"Lar\",\"item\":\"https:\/\/chemuza.org\/pt\/\"},{\"@type\":\"ListItem\",\"position\":2,\"name\":\"Laurence\"}]},{\"@type\":\"WebSite\",\"@id\":\"https:\/\/chemuza.org\/pt\/#website\",\"url\":\"https:\/\/chemuza.org\/pt\/\",\"name\":\"Chemuza\",\"description\":\"Sua porta de entrada para a descoberta qu\u00edmica!\",\"publisher\":{\"@id\":\"https:\/\/chemuza.org\/pt\/#organization\"},\"potentialAction\":[{\"@type\":\"SearchAction\",\"target\":{\"@type\":\"EntryPoint\",\"urlTemplate\":\"https:\/\/chemuza.org\/pt\/?s={search_term_string}\"},\"query-input\":\"required name=search_term_string\"}],\"inLanguage\":\"pt-PT\"},{\"@type\":\"Organization\",\"@id\":\"https:\/\/chemuza.org\/pt\/#organization\",\"name\":\"Chemuza\",\"url\":\"https:\/\/chemuza.org\/pt\/\",\"logo\":{\"@type\":\"ImageObject\",\"inLanguage\":\"pt-PT\",\"@id\":\"https:\/\/chemuza.org\/pt\/#\/schema\/logo\/image\/\",\"url\":\"https:\/\/chemuza.org\/pt\/wp-content\/uploads\/2023\/10\/chemuza-logo.png\",\"contentUrl\":\"https:\/\/chemuza.org\/pt\/wp-content\/uploads\/2023\/10\/chemuza-logo.png\",\"width\":387,\"height\":70,\"caption\":\"Chemuza\"},\"image\":{\"@id\":\"https:\/\/chemuza.org\/pt\/#\/schema\/logo\/image\/\"}}]}<\/script>\n<!-- \/ Yoast SEO plugin. -->","yoast_head_json":{"title":"Laurence - Chemuza","robots":{"index":"index","follow":"follow","max-snippet":"max-snippet:-1","max-image-preview":"max-image-preview:large","max-video-preview":"max-video-preview:-1"},"canonical":"https:\/\/chemuza.org\/pt\/laurent\/","og_locale":"pt_PT","og_type":"article","og_title":"Laurence - Chemuza","og_description":"Laurentium \u00e9 um elemento sint\u00e9tico n\u00e3o encontrado na crosta terrestre e \u00e9 inst\u00e1vel, por isso decai na presen\u00e7a de outros compostos. Destaca-se pela alta radioatividade, por isso tem poucas aplica\u00e7\u00f5es no dia a dia. Al\u00e9m disso, seus efeitos na sa\u00fade n\u00e3o s\u00e3o conhecidos com certeza. No entanto, podemos aprender mais descrevendo suas propriedades, caracter\u00edsticas e ... Ler mais","og_url":"https:\/\/chemuza.org\/pt\/laurent\/","og_site_name":"Statorials","twitter_card":"summary_large_image","twitter_misc":{"Tempo estimado de leitura":"4 minutos"},"schema":{"@context":"https:\/\/schema.org","@graph":[{"@type":"WebPage","@id":"https:\/\/chemuza.org\/pt\/laurent\/","url":"https:\/\/chemuza.org\/pt\/laurent\/","name":"Laurence - Chemuza","isPartOf":{"@id":"https:\/\/chemuza.org\/pt\/#website"},"datePublished":"2023-07-13T14:37:58+00:00","dateModified":"2023-07-13T14:37:58+00:00","breadcrumb":{"@id":"https:\/\/chemuza.org\/pt\/laurent\/#breadcrumb"},"inLanguage":"pt-PT","potentialAction":[{"@type":"ReadAction","target":["https:\/\/chemuza.org\/pt\/laurent\/"]}]},{"@type":"BreadcrumbList","@id":"https:\/\/chemuza.org\/pt\/laurent\/#breadcrumb","itemListElement":[{"@type":"ListItem","position":1,"name":"Lar","item":"https:\/\/chemuza.org\/pt\/"},{"@type":"ListItem","position":2,"name":"Laurence"}]},{"@type":"WebSite","@id":"https:\/\/chemuza.org\/pt\/#website","url":"https:\/\/chemuza.org\/pt\/","name":"Chemuza","description":"Sua porta de entrada para a descoberta qu\u00edmica!","publisher":{"@id":"https:\/\/chemuza.org\/pt\/#organization"},"potentialAction":[{"@type":"SearchAction","target":{"@type":"EntryPoint","urlTemplate":"https:\/\/chemuza.org\/pt\/?s={search_term_string}"},"query-input":"required name=search_term_string"}],"inLanguage":"pt-PT"},{"@type":"Organization","@id":"https:\/\/chemuza.org\/pt\/#organization","name":"Chemuza","url":"https:\/\/chemuza.org\/pt\/","logo":{"@type":"ImageObject","inLanguage":"pt-PT","@id":"https:\/\/chemuza.org\/pt\/#\/schema\/logo\/image\/","url":"https:\/\/chemuza.org\/pt\/wp-content\/uploads\/2023\/10\/chemuza-logo.png","contentUrl":"https:\/\/chemuza.org\/pt\/wp-content\/uploads\/2023\/10\/chemuza-logo.png","width":387,"height":70,"caption":"Chemuza"},"image":{"@id":"https:\/\/chemuza.org\/pt\/#\/schema\/logo\/image\/"}}]}},"yoast_meta":{"yoast_wpseo_title":"","yoast_wpseo_metadesc":"","yoast_wpseo_canonical":""},"_links":{"self":[{"href":"https:\/\/chemuza.org\/pt\/wp-json\/wp\/v2\/pages\/1554","targetHints":{"allow":["GET"]}}],"collection":[{"href":"https:\/\/chemuza.org\/pt\/wp-json\/wp\/v2\/pages"}],"about":[{"href":"https:\/\/chemuza.org\/pt\/wp-json\/wp\/v2\/types\/page"}],"author":[{"embeddable":true,"href":"https:\/\/chemuza.org\/pt\/wp-json\/wp\/v2\/users\/1"}],"replies":[{"embeddable":true,"href":"https:\/\/chemuza.org\/pt\/wp-json\/wp\/v2\/comments?post=1554"}],"version-history":[{"count":0,"href":"https:\/\/chemuza.org\/pt\/wp-json\/wp\/v2\/pages\/1554\/revisions"}],"wp:attachment":[{"href":"https:\/\/chemuza.org\/pt\/wp-json\/wp\/v2\/media?parent=1554"}],"curies":[{"name":"wp","href":"https:\/\/api.w.org\/{rel}","templated":true}]}}