{"id":1552,"date":"2023-07-13T15:36:14","date_gmt":"2023-07-13T15:36:14","guid":{"rendered":"https:\/\/chemuza.org\/pt\/einstenio\/"},"modified":"2023-07-13T15:36:14","modified_gmt":"2023-07-13T15:36:14","slug":"einstenio","status":"publish","type":"page","link":"https:\/\/chemuza.org\/pt\/einstenio\/","title":{"rendered":"Einsteinio"},"content":{"rendered":"<p>Einsteinium \u00e9 um elemento radioativo n\u00e3o encontrado naturalmente no planeta. \u00c9 produzido artificialmente por procedimentos nucleares, onde s\u00e3o obtidas por\u00e7\u00f5es microsc\u00f3picas. Al\u00e9m disso, desintegra-se rapidamente na natureza, pelo que a sua capacidade de formar compostos \u00e9 desconhecida. Saiba mais sobre suas caracter\u00edsticas, sua origem e suas poucas aplica\u00e7\u00f5es atualmente.<\/p>\n<h2> <strong>O que \u00e9 Einsteinio?<\/strong><\/h2>\n<p> \u00c9 um actin\u00eddeo, de natureza sint\u00e9tica, marcado com n\u00famero at\u00f4mico 99 na tabela peri\u00f3dica. Consiste em uma apar\u00eancia cinza met\u00e1lica s\u00f3lida com tons brancos e possui propriedades de irradia\u00e7\u00e3o. Al\u00e9m disso, \u00e9 composto por 16 is\u00f3topos e tr\u00eas is\u00f4meros, ou seja, mol\u00e9culas que possuem o mesmo n\u00famero de \u00e1tomos. Is\u00f3topos e is\u00f4meros diferem em sua massa at\u00f4mica e em seu tempo de vida ambiental.<\/p>\n<h3> <strong>S\u00edmbolo de Einsteinium<\/strong><\/h3>\n<p> <span class=\"content-chemical-element\" style=\"float: left;width: 65px;height: 65px;border: 3px solid #666; display:flex;\n    justify-content: center;align-items: center;margin-right: 15px;\"><span style=\"font-size: 38px;\">Recebeu<\/span><\/span> este nome em homenagem ao cientista Albert Einstein, embora ele n\u00e3o tenha participado de sua descoberta. Foi descoberto nos restos de uma explos\u00e3o nuclear no Pac\u00edfico em 1952, por um grupo de qu\u00edmicos sob a dire\u00e7\u00e3o de Albert Ghiorso.<\/p>\n<h2> <strong>Caracter\u00edsticas do Einsteinio<\/strong><\/h2>\n<p> O elemento Einsteinium \u00e9 sint\u00e9tico, portanto s\u00f3 \u00e9 obtido por transmuta\u00e7\u00e3o ou bombardeio de n\u00facleos mais est\u00e1veis, dotados de part\u00edculas r\u00e1pidas. Al\u00e9m disso, \u00e9 um metal divalente, pois possui 2 el\u00e9trons de liga\u00e7\u00e3o e n\u00e3o tr\u00eas como outros actin\u00eddeos. Localizado no per\u00edodo 7 da tabela peri\u00f3dica, as demais propriedades f\u00edsicas deste elemento s\u00e3o:<\/p>\n<ul>\n<li> <strong>Condi\u00e7\u00e3o<\/strong> : S\u00f3lido met\u00e1lico.<\/li>\n<li> <strong>Cor<\/strong> : Cinza prateado brilhante, com tons brancos.<\/li>\n<li> <strong>Sabor e odor<\/strong> : \u00c9 inodoro, sem sabor caracter\u00edstico.<\/li>\n<li> <strong>Radioatividade:<\/strong> Alta e apresenta caracter\u00edsticas de auto-irradia\u00e7\u00e3o.<\/li>\n<li> <strong>Reactividade<\/strong> : Alta, reage violentamente com oxig\u00e9nio, \u00e1cidos e vapor de \u00e1gua.<\/li>\n<li> <strong>Estrutura<\/strong> : Desconhecida.<\/li>\n<li> <strong>Composi\u00e7\u00e3o<\/strong> : Composto por 99 el\u00e9trons e pr\u00f3tons.<\/li>\n<\/ul>\n<h2> <strong>Propriedades qu\u00edmicas e f\u00edsicas do Einsteinium<\/strong><\/h2>\n<ol>\n<li> <strong>N\u00famero at\u00f4mico<\/strong> : 99<\/li>\n<li> <strong>Per\u00edodo<\/strong> : 7<\/li>\n<li> <strong>Bloco<\/strong> : F<\/li>\n<li> <strong>Grupo<\/strong> : 3<\/li>\n<li> <strong>Eletronegatividade:<\/strong> 1,3<\/li>\n<li> <strong>Ponto de fus\u00e3o:<\/strong> 860\u00b0C<\/li>\n<li> <strong>Raio at\u00f4mico:<\/strong> 14h03<\/li>\n<li> <strong>Raio i\u00f4nico:<\/strong> 0. 98<\/li>\n<li> <strong>Massa at\u00f4mica (g\/mol):<\/strong> 252 u<\/li>\n<li> <strong>Densidade:<\/strong> 8,84 Kg\/m3<\/li>\n<li> <strong>Raio m\u00e9dio:<\/strong> desconhecido<\/li>\n<li> <strong>Estado de oxida\u00e7\u00e3o<\/strong> : 2, 3, 4<\/li>\n<li> <strong>Raio covalente (\u00c5):<\/strong> desconhecido <strong>&nbsp;<\/strong><\/li>\n<li> <strong>Configura\u00e7\u00e3o eletr\u00f4nica:<\/strong> [Rn] 5f11 7s2<\/li>\n<li> <strong>Primeiro potencial de ioniza\u00e7\u00e3o<\/strong> (eV): 619 kJ\/mol<\/li>\n<li> <strong>Ponto de ebuli\u00e7\u00e3o:<\/strong> 996<strong> <\/strong>\u00b0C<\/li>\n<li> <strong>El\u00e9trons por camada:<\/strong> 2, 8, 18, 32, 29, 8, 2<\/li>\n<li> <strong>Condutividade t\u00e9rmica:<\/strong> Desconhecida.<\/li>\n<\/ol>\n<h2> <strong>Origem do Einsteinio<\/strong><\/h2>\n<p> Foi descoberto em 1952 depois que uma bomba nuclear de 10 megatons explodiu no Pac\u00edfico Sul. Analisando os res\u00edduos, Albert Ghiorso e sua equipe encontraram o is\u00f3topo 253Es, que isolaram, verificaram suas propriedades e classificaram-no como elemento transur\u00e2nico, j\u00e1 que possui mais de 92 el\u00e9trons e pr\u00f3tons em seu n\u00facleo.<\/p>\n<h2> <strong>Para que \u00e9 usado o Einsteinium?<\/strong><\/h2>\n<p> Os usos do Einsteinium s\u00e3o praticamente nulos dadas as quantidades m\u00ednimas dispon\u00edveis at\u00e9 o momento. Seu \u00fanico uso conhecido \u00e9 a produ\u00e7\u00e3o do elemento qu\u00edmico Mendel\u00e9vio, gra\u00e7as \u00e0 estabilidade de seu is\u00f3topo 253Es. Como s\u00e3o poucas amostras, elas s\u00e3o utilizadas para pesquisas cient\u00edficas b\u00e1sicas.<\/p>\n<h2> <strong>Como obter Einsteinium?<\/strong><\/h2>\n<p> O einsteinio \u00e9 obtido pela irradia\u00e7\u00e3o de 1 quilograma de Pu239, um is\u00f3topo de plut\u00f4nio, em um reator gerador de Pu242. O referido is\u00f3topo \u00e9 introduzido em c\u00edrculos de plut\u00f4nio pulverizado e \u00f3xido de alum\u00ednio. Eles s\u00e3o ent\u00e3o colocados em palitos e irradiados. As hastes s\u00e3o ent\u00e3o colocadas em um reator isot\u00f3pico de alto fluxo para permitir a separa\u00e7\u00e3o entre o elemento e o Californium.<\/p>\n<h2> <strong>Estudos recentes sobre Einsteinium<\/strong><\/h2>\n<p> Embora poucas amostras puras estejam dispon\u00edveis, novos aspectos de seu comportamento foram descobertos. Primeiro, uma an\u00e1lise de raios X mostrou que sua liga\u00e7\u00e3o \u00e9 longa e consegue manter 2 \u00e1tomos juntos, a\u00e7\u00e3o que o diferencia dos demais actin\u00eddeos. Al\u00e9m disso, isso tamb\u00e9m permite articular-se com outros objetos pr\u00f3ximos. Outra descoberta \u00e9 que ao ser exposto \u00e0 luz ele se ilumina, mudando sua apar\u00eancia, diferentemente do seu grupo.<\/p>\n<h2> <strong>Efeitos do Einsteinium na sa\u00fade<\/strong><\/h2>\n<p> Este elemento faz parte da s\u00e9rie qu\u00edmica dos actin\u00eddeos devido \u00e0s suas propriedades radioativas. N\u00e3o se sabe ao certo quais os efeitos adversos para a sa\u00fade que poder\u00e1 ter devido \u00e0 sua baixa presen\u00e7a no ambiente. Por\u00e9m, por emitir part\u00edculas radioativas, \u00e9 aconselh\u00e1vel utilizar equipamentos de prote\u00e7\u00e3o especiais no manuseio de suas amostras em laborat\u00f3rio.<\/p>\n<h2> <strong>3 curiosidades sobre o Einsteinium<\/strong><\/h2>\n<p> Quando descoberto, esse elemento recebeu o nome de Athenium, em homenagem \u00e0 capital da Gr\u00e9cia, Atenas. Mais tarde, foi renomeado como Einstein em homenagem a Einstein. Outros dados interessantes s\u00e3o:<\/p>\n<ul>\n<li> O elemento reage com vapor de \u00e1gua e oxig\u00eanio, mas resiste ao ataque de metais alcalinos.<\/li>\n<li> A sua r\u00e1pida decomposi\u00e7\u00e3o n\u00e3o permite uma an\u00e1lise completa.<\/li>\n<li> Seu is\u00f3topo 253 tem a vida \u00fatil mais longa, cerca de 20 horas.<\/li>\n<\/ul>\n<p> Em resumo, o elemento qu\u00edmico \u00e9 um metal sint\u00e9tico altamente radioativo, obtido apenas por irradia\u00e7\u00e3o nuclear de amostras de um is\u00f3topo de plut\u00f4nio. Ainda est\u00e1 em fase de an\u00e1lise em grandes laborat\u00f3rios nucleares equipados com equipamentos especializados em radia\u00e7\u00e3o, para descobrir outras aplica\u00e7\u00f5es pr\u00e1ticas.<\/p>\n","protected":false},"excerpt":{"rendered":"<p>Einsteinium \u00e9 um elemento radioativo n\u00e3o encontrado naturalmente no planeta. \u00c9 produzido artificialmente por procedimentos nucleares, onde s\u00e3o obtidas por\u00e7\u00f5es microsc\u00f3picas. Al\u00e9m disso, desintegra-se rapidamente na natureza, pelo que a sua capacidade de formar compostos \u00e9 desconhecida. Saiba mais sobre suas caracter\u00edsticas, sua origem e suas poucas aplica\u00e7\u00f5es atualmente. O que \u00e9 Einsteinio? \u00c9 um &#8230; <a title=\"Einsteinio\" class=\"read-more\" href=\"https:\/\/chemuza.org\/pt\/einstenio\/\" aria-label=\"Mais em Einsteinio\">Ler mais<\/a><\/p>\n","protected":false},"author":1,"featured_media":0,"parent":0,"menu_order":0,"comment_status":"closed","ping_status":"closed","template":"","meta":{"footnotes":""},"class_list":["post-1552","page","type-page","status-publish"],"yoast_head":"<!-- This site is optimized with the Yoast SEO plugin v21.4 - https:\/\/yoast.com\/wordpress\/plugins\/seo\/ -->\n<title>Einsteinium - Chemuza<\/title>\n<meta name=\"robots\" content=\"index, follow, max-snippet:-1, max-image-preview:large, max-video-preview:-1\" \/>\n<link rel=\"canonical\" href=\"https:\/\/chemuza.org\/pt\/einstenio\/\" \/>\n<meta property=\"og:locale\" content=\"pt_PT\" \/>\n<meta property=\"og:type\" content=\"article\" \/>\n<meta property=\"og:title\" content=\"Einsteinium - Chemuza\" \/>\n<meta property=\"og:description\" content=\"Einsteinium \u00e9 um elemento radioativo n\u00e3o encontrado naturalmente no planeta. \u00c9 produzido artificialmente por procedimentos nucleares, onde s\u00e3o obtidas por\u00e7\u00f5es microsc\u00f3picas. Al\u00e9m disso, desintegra-se rapidamente na natureza, pelo que a sua capacidade de formar compostos \u00e9 desconhecida. Saiba mais sobre suas caracter\u00edsticas, sua origem e suas poucas aplica\u00e7\u00f5es atualmente. O que \u00e9 Einsteinio? \u00c9 um ... Ler mais\" \/>\n<meta property=\"og:url\" content=\"https:\/\/chemuza.org\/pt\/einstenio\/\" \/>\n<meta property=\"og:site_name\" content=\"Statorials\" \/>\n<meta name=\"twitter:card\" content=\"summary_large_image\" \/>\n<meta name=\"twitter:label1\" content=\"Tempo estimado de leitura\" \/>\n\t<meta name=\"twitter:data1\" content=\"4 minutos\" \/>\n<script type=\"application\/ld+json\" class=\"yoast-schema-graph\">{\"@context\":\"https:\/\/schema.org\",\"@graph\":[{\"@type\":\"WebPage\",\"@id\":\"https:\/\/chemuza.org\/pt\/einstenio\/\",\"url\":\"https:\/\/chemuza.org\/pt\/einstenio\/\",\"name\":\"Einsteinium - Chemuza\",\"isPartOf\":{\"@id\":\"https:\/\/chemuza.org\/pt\/#website\"},\"datePublished\":\"2023-07-13T15:36:14+00:00\",\"dateModified\":\"2023-07-13T15:36:14+00:00\",\"breadcrumb\":{\"@id\":\"https:\/\/chemuza.org\/pt\/einstenio\/#breadcrumb\"},\"inLanguage\":\"pt-PT\",\"potentialAction\":[{\"@type\":\"ReadAction\",\"target\":[\"https:\/\/chemuza.org\/pt\/einstenio\/\"]}]},{\"@type\":\"BreadcrumbList\",\"@id\":\"https:\/\/chemuza.org\/pt\/einstenio\/#breadcrumb\",\"itemListElement\":[{\"@type\":\"ListItem\",\"position\":1,\"name\":\"Lar\",\"item\":\"https:\/\/chemuza.org\/pt\/\"},{\"@type\":\"ListItem\",\"position\":2,\"name\":\"Einsteinio\"}]},{\"@type\":\"WebSite\",\"@id\":\"https:\/\/chemuza.org\/pt\/#website\",\"url\":\"https:\/\/chemuza.org\/pt\/\",\"name\":\"Chemuza\",\"description\":\"Sua porta de entrada para a descoberta qu\u00edmica!\",\"publisher\":{\"@id\":\"https:\/\/chemuza.org\/pt\/#organization\"},\"potentialAction\":[{\"@type\":\"SearchAction\",\"target\":{\"@type\":\"EntryPoint\",\"urlTemplate\":\"https:\/\/chemuza.org\/pt\/?s={search_term_string}\"},\"query-input\":\"required name=search_term_string\"}],\"inLanguage\":\"pt-PT\"},{\"@type\":\"Organization\",\"@id\":\"https:\/\/chemuza.org\/pt\/#organization\",\"name\":\"Chemuza\",\"url\":\"https:\/\/chemuza.org\/pt\/\",\"logo\":{\"@type\":\"ImageObject\",\"inLanguage\":\"pt-PT\",\"@id\":\"https:\/\/chemuza.org\/pt\/#\/schema\/logo\/image\/\",\"url\":\"https:\/\/chemuza.org\/pt\/wp-content\/uploads\/2023\/10\/chemuza-logo.png\",\"contentUrl\":\"https:\/\/chemuza.org\/pt\/wp-content\/uploads\/2023\/10\/chemuza-logo.png\",\"width\":387,\"height\":70,\"caption\":\"Chemuza\"},\"image\":{\"@id\":\"https:\/\/chemuza.org\/pt\/#\/schema\/logo\/image\/\"}}]}<\/script>\n<!-- \/ Yoast SEO plugin. -->","yoast_head_json":{"title":"Einsteinium - Chemuza","robots":{"index":"index","follow":"follow","max-snippet":"max-snippet:-1","max-image-preview":"max-image-preview:large","max-video-preview":"max-video-preview:-1"},"canonical":"https:\/\/chemuza.org\/pt\/einstenio\/","og_locale":"pt_PT","og_type":"article","og_title":"Einsteinium - Chemuza","og_description":"Einsteinium \u00e9 um elemento radioativo n\u00e3o encontrado naturalmente no planeta. \u00c9 produzido artificialmente por procedimentos nucleares, onde s\u00e3o obtidas por\u00e7\u00f5es microsc\u00f3picas. Al\u00e9m disso, desintegra-se rapidamente na natureza, pelo que a sua capacidade de formar compostos \u00e9 desconhecida. Saiba mais sobre suas caracter\u00edsticas, sua origem e suas poucas aplica\u00e7\u00f5es atualmente. O que \u00e9 Einsteinio? \u00c9 um ... Ler mais","og_url":"https:\/\/chemuza.org\/pt\/einstenio\/","og_site_name":"Statorials","twitter_card":"summary_large_image","twitter_misc":{"Tempo estimado de leitura":"4 minutos"},"schema":{"@context":"https:\/\/schema.org","@graph":[{"@type":"WebPage","@id":"https:\/\/chemuza.org\/pt\/einstenio\/","url":"https:\/\/chemuza.org\/pt\/einstenio\/","name":"Einsteinium - Chemuza","isPartOf":{"@id":"https:\/\/chemuza.org\/pt\/#website"},"datePublished":"2023-07-13T15:36:14+00:00","dateModified":"2023-07-13T15:36:14+00:00","breadcrumb":{"@id":"https:\/\/chemuza.org\/pt\/einstenio\/#breadcrumb"},"inLanguage":"pt-PT","potentialAction":[{"@type":"ReadAction","target":["https:\/\/chemuza.org\/pt\/einstenio\/"]}]},{"@type":"BreadcrumbList","@id":"https:\/\/chemuza.org\/pt\/einstenio\/#breadcrumb","itemListElement":[{"@type":"ListItem","position":1,"name":"Lar","item":"https:\/\/chemuza.org\/pt\/"},{"@type":"ListItem","position":2,"name":"Einsteinio"}]},{"@type":"WebSite","@id":"https:\/\/chemuza.org\/pt\/#website","url":"https:\/\/chemuza.org\/pt\/","name":"Chemuza","description":"Sua porta de entrada para a descoberta qu\u00edmica!","publisher":{"@id":"https:\/\/chemuza.org\/pt\/#organization"},"potentialAction":[{"@type":"SearchAction","target":{"@type":"EntryPoint","urlTemplate":"https:\/\/chemuza.org\/pt\/?s={search_term_string}"},"query-input":"required name=search_term_string"}],"inLanguage":"pt-PT"},{"@type":"Organization","@id":"https:\/\/chemuza.org\/pt\/#organization","name":"Chemuza","url":"https:\/\/chemuza.org\/pt\/","logo":{"@type":"ImageObject","inLanguage":"pt-PT","@id":"https:\/\/chemuza.org\/pt\/#\/schema\/logo\/image\/","url":"https:\/\/chemuza.org\/pt\/wp-content\/uploads\/2023\/10\/chemuza-logo.png","contentUrl":"https:\/\/chemuza.org\/pt\/wp-content\/uploads\/2023\/10\/chemuza-logo.png","width":387,"height":70,"caption":"Chemuza"},"image":{"@id":"https:\/\/chemuza.org\/pt\/#\/schema\/logo\/image\/"}}]}},"yoast_meta":{"yoast_wpseo_title":"","yoast_wpseo_metadesc":"","yoast_wpseo_canonical":""},"_links":{"self":[{"href":"https:\/\/chemuza.org\/pt\/wp-json\/wp\/v2\/pages\/1552","targetHints":{"allow":["GET"]}}],"collection":[{"href":"https:\/\/chemuza.org\/pt\/wp-json\/wp\/v2\/pages"}],"about":[{"href":"https:\/\/chemuza.org\/pt\/wp-json\/wp\/v2\/types\/page"}],"author":[{"embeddable":true,"href":"https:\/\/chemuza.org\/pt\/wp-json\/wp\/v2\/users\/1"}],"replies":[{"embeddable":true,"href":"https:\/\/chemuza.org\/pt\/wp-json\/wp\/v2\/comments?post=1552"}],"version-history":[{"count":0,"href":"https:\/\/chemuza.org\/pt\/wp-json\/wp\/v2\/pages\/1552\/revisions"}],"wp:attachment":[{"href":"https:\/\/chemuza.org\/pt\/wp-json\/wp\/v2\/media?parent=1552"}],"curies":[{"name":"wp","href":"https:\/\/api.w.org\/{rel}","templated":true}]}}