{"id":1551,"date":"2023-07-13T16:15:18","date_gmt":"2023-07-13T16:15:18","guid":{"rendered":"https:\/\/chemuza.org\/pt\/californiano\/"},"modified":"2023-07-13T16:15:18","modified_gmt":"2023-07-13T16:15:18","slug":"californiano","status":"publish","type":"page","link":"https:\/\/chemuza.org\/pt\/californiano\/","title":{"rendered":"Calif\u00f3rnia"},"content":{"rendered":"<p>\u00c9 o sexto elemento qu\u00edmico da tabela peri\u00f3dica transur\u00e2nica a ser sintetizado. Al\u00e9m disso, cont\u00e9m a segunda maior massa at\u00f4mica entre todos os elementos produzidos. Da mesma forma, \u00e9 o mais pesado que existe naturalmente. Ent\u00e3o vamos ver quais s\u00e3o as propriedades, caracter\u00edsticas e utiliza\u00e7\u00f5es do Californio.<\/p>\n<h2> <strong>O que \u00e9 Calif\u00f3rnia?<\/strong><\/h2>\n<p> O elemento Californium \u00e9 um metal trivalente, artificial, male\u00e1vel, cont\u00e9m alta radioatividade e pertence ao grupo qu\u00edmico dos actin\u00eddeos. Al\u00e9m disso, possui cor branco prateado, duas formas cristalinas e reage quando aquecido. Al\u00e9m disso, acredita-se que as propriedades do Californium apresentam alguma semelhan\u00e7a com outros actin\u00eddeos de val\u00eancia +3.<\/p>\n<h3> <strong>S\u00edmbolo da Calif\u00f3rnia<\/strong><\/h3>\n<p> <span class=\"content-chemical-element\" style=\"float: left;width: 65px;height: 65px;border: 3px solid #666; display:flex;\n    justify-content: center;align-items: center;margin-right: 15px;\"><span style=\"font-size: 38px;\">Cf<\/span><\/span> Seu s\u00edmbolo qu\u00edmico \u00e9 uma forma abreviada do nome, batizado em homenagem ao estado da Calif\u00f3rnia. Tamb\u00e9m pela Universidade que ostenta o referido t\u00edtulo. Segundo a hist\u00f3ria, esse nome rompeu com um acordo para nomear os elementos numerados de 95 a 97. Por\u00e9m, os pesquisadores deixaram esse acordo de lado e o chamaram de Californio.<\/p>\n<h2> <strong>Caracter\u00edsticas da Calif\u00f3rnia<\/strong><\/h2>\n<p> S\u00f3 \u00e9 sol\u00favel em \u00e1gua quando est\u00e1 na forma do c\u00e1tion calif\u00f3rnio III. Por outro lado, as tentativas de rea\u00e7\u00e3o Redox do \u00edon +3 falharam. No entanto, precipita quando encontrado como hidr\u00f3xido, fl\u00faor ou oxalato. Conhe\u00e7a as outras qualidades do elemento qu\u00edmico:<\/p>\n<ul>\n<li> <strong>Reatividade Qu\u00edmica<\/strong> : Reage quando aquecido com uma mistura de nitrog\u00eanio, hidrog\u00eanio, calcog\u00eanio e \u00e1cidos minerais.<\/li>\n<li> <strong>Condi\u00e7\u00e3o<\/strong> : Sua forma ordin\u00e1ria \u00e9 s\u00f3lida.<\/li>\n<li> <strong>Apar\u00eancia<\/strong> : Possui cor branco prateado, enquanto seus compostos podem ter aspecto amarelo, verde, roxo ou marrom.<\/li>\n<li> <strong>Radioatividade<\/strong> : \u00c9 t\u00e3o radioativo que representa um perigo para os seres humanos.<\/li>\n<li> <strong>Desenvolvimentos<\/strong> : Em contato com o ar \u00e0 temperatura ambiente perde gradativamente o brilho.<\/li>\n<li> <strong>Maleabilidade<\/strong> : \u00c9 t\u00e3o male\u00e1vel que pode ser facilmente cortado com faca ou navalha.<\/li>\n<li> <strong>Ordem magn\u00e9tica<\/strong> : A -220\u00b0 C \u00e9 ferromagn\u00e9tico, entre -225,1\u00b0 C e -207,1\u00b0 C \u00e9 antiferromagn\u00e9tico, enquanto acima de -110\u00b0 C \u00e9 paramagn\u00e9tico.<\/li>\n<li> <strong>Estrutura cristalina<\/strong> : Apresenta duas formas \u00e0 press\u00e3o atmosf\u00e9rica, compacta dupla hexagonal e c\u00fabica de face centrada.<\/li>\n<li> <strong>Is\u00f3topos<\/strong> : Apresenta 20 radiois\u00f3topos existentes, com n\u00fameros de massa entre 237 e 256, a maioria dos quais com vida m\u00e9dia inferior a um ano.<\/li>\n<\/ul>\n<h2> <strong>Propriedades qu\u00edmicas e f\u00edsicas do Californio<\/strong><\/h2>\n<ol>\n<li> <strong>N\u00famero at\u00f4mico<\/strong> : 98<\/li>\n<li> <strong>Ferrugem<\/strong> : Desconhecido<\/li>\n<li> <strong>Raio i\u00f4nico (\u00c5)<\/strong> : 0,98<\/li>\n<li> <strong>Raio at\u00f4mico (\u00c5)<\/strong> : 186 pm<\/li>\n<li> <strong>Calor espec\u00edfico<\/strong> : Sem dados<\/li>\n<li> <strong>Massa at\u00f4mica (g\/mol)<\/strong> : 251 u<\/li>\n<li> <strong>Velocidade do som<\/strong> : Sem dados<\/li>\n<li> <strong>Volume at\u00f4mico<\/strong> : Sem dados<\/li>\n<li> <strong>Ponto de fus\u00e3o<\/strong> : 900\u00b0C (1173K)<\/li>\n<li> <strong>Entalpia de fus\u00e3o<\/strong> : Sem dados<\/li>\n<li> <strong>Estados de oxida\u00e7\u00e3o<\/strong> : +2, +3, +4<\/li>\n<li> <strong>Densidade (g\/ml)<\/strong> : 15.100 kg\/m\u00b3<\/li>\n<li> <strong>Configura\u00e7\u00e3o eletr\u00f4nica<\/strong> : [Rn]5f <sup>10<\/sup> 7s <sup>2<\/sup><\/li>\n<li> <strong>El\u00e9trons por n\u00edvel<\/strong> : 2,8,18,32,28,8,2<\/li>\n<li> <strong>Ponto de ebuli\u00e7\u00e3o<\/strong> : 1470\u00b0C (1743 K)<\/li>\n<li> <strong>Primeiro potencial de ioniza\u00e7\u00e3o (eV)<\/strong> : 608 kJ\/mol<\/li>\n<li> <strong>Eletronegatividade<\/strong> : 1,3 (escala Pauling)<\/li>\n<\/ol>\n<h2> <strong>Origem da Calif\u00f3rnia<\/strong><\/h2>\n<p> Segundo a hist\u00f3ria, sua descoberta foi resultado dos esfor\u00e7os conjuntos dos qu\u00edmicos Kenneth Street, Stanley G. Thompson, Albert Ghiorso e Glenn T. Seaborg. Esses cientistas sintetizaram o elemento pela primeira vez em 9 de fevereiro de 1950 na Universidade da Calif\u00f3rnia. No entanto, foi em 17 de mar\u00e7o de 1950 que anunciaram sua descoberta.<\/p>\n<p> Para produzi-lo, eles bombardearam uma amostra de <sup>242<\/sup> cm de di\u00e2metro com part\u00edculas alfa de 35 MeV. Al\u00e9m disso, utilizaram um ciclotron com di\u00e2metro de 1.500 mm. Assim, obtiveram o is\u00f3topo <sup>245<\/sup> Cf e formaram-se cerca de 5.000 \u00e1tomos do elemento, que permaneceram por 44 minutos.<\/p>\n<h2> <strong>Para que \u00e9 usado o Calif\u00f3rnio?<\/strong><\/h2>\n<p> Entre as aplica\u00e7\u00f5es do elemento Californium est\u00e1 sua utilidade na medi\u00e7\u00e3o de umidade e na determina\u00e7\u00e3o de camadas de \u00e1gua no \u00f3leo. Outros usos do metal incluem:<\/p>\n<ul>\n<li> <sup>252<\/sup> Cf \u00e9 usado como fonte de n\u00eautrons para certos reatores nucleares.<\/li>\n<li> Utilizado como fonte port\u00e1til de n\u00eautrons em an\u00e1lises de ativa\u00e7\u00e3o para encontrar metais, ouro, prata, entre outros.<\/li>\n<li> \u00c9 usado para tratar tumores cerebrais e certos tipos de c\u00e2ncer cervical.<\/li>\n<li> Na ind\u00fastria de cimento e carv\u00e3o, \u00e9 utilizado para analisadores de carbono e materiais a granel.<\/li>\n<li> \u00c9 \u00fatil na detec\u00e7\u00e3o de materiais como scanners de barras de combust\u00edvel nuclear.<\/li>\n<li> \u00c9 ben\u00e9fico para componentes de armas que detectam corros\u00e3o de materiais.<\/li>\n<li> Ele trabalha em radiografia de n\u00eautrons de aeronaves.<\/li>\n<li> Com sua ajuda, formam-se outros elementos transur\u00e2nicos como Lawrencio ou Oganeson.<\/li>\n<\/ul>\n<h2> <strong>Efeitos do Californio em humanos<\/strong><\/h2>\n<p> Devido \u00e0 sua alta radioatividade, emite n\u00eautrons muito potentes e prejudiciais \u00e0 sa\u00fade. Al\u00e9m disso, bioacumula-se no sistema esquel\u00e9tico e exp\u00f5e-se a uma radia\u00e7\u00e3o t\u00e3o forte que interrompe a produ\u00e7\u00e3o de gl\u00f3bulos vermelhos. Da mesma forma, causa danos aos tecidos externos devido aos raios gama. Finalmente, pode danificar material gen\u00e9tico e causar c\u00e2ncer.<\/p>\n<p> Em resumo, voc\u00ea j\u00e1 conhece o elemento Californium, um metal actin\u00eddeo, artificial e muito radioativo. Al\u00e9m disso, \u00e9 male\u00e1vel, forte, possui cor branco prateado e 20 is\u00f3topos conhecidos. Tamb\u00e9m \u00e9 utilizado para pesquisas cient\u00edficas, medi\u00e7\u00e3o de umidade, minera\u00e7\u00e3o de ouro e na ind\u00fastria petrol\u00edfera.<\/p>\n","protected":false},"excerpt":{"rendered":"<p>\u00c9 o sexto elemento qu\u00edmico da tabela peri\u00f3dica transur\u00e2nica a ser sintetizado. Al\u00e9m disso, cont\u00e9m a segunda maior massa at\u00f4mica entre todos os elementos produzidos. Da mesma forma, \u00e9 o mais pesado que existe naturalmente. Ent\u00e3o vamos ver quais s\u00e3o as propriedades, caracter\u00edsticas e utiliza\u00e7\u00f5es do Californio. O que \u00e9 Calif\u00f3rnia? O elemento Californium \u00e9 &#8230; <a title=\"Calif\u00f3rnia\" class=\"read-more\" href=\"https:\/\/chemuza.org\/pt\/californiano\/\" aria-label=\"Mais em Calif\u00f3rnia\">Ler mais<\/a><\/p>\n","protected":false},"author":1,"featured_media":0,"parent":0,"menu_order":0,"comment_status":"closed","ping_status":"closed","template":"","meta":{"footnotes":""},"class_list":["post-1551","page","type-page","status-publish"],"yoast_head":"<!-- This site is optimized with the Yoast SEO plugin v21.4 - https:\/\/yoast.com\/wordpress\/plugins\/seo\/ -->\n<title>Calif\u00f3rnia - Chemuza<\/title>\n<meta name=\"robots\" content=\"index, follow, max-snippet:-1, max-image-preview:large, max-video-preview:-1\" \/>\n<link rel=\"canonical\" href=\"https:\/\/chemuza.org\/pt\/californiano\/\" \/>\n<meta property=\"og:locale\" content=\"pt_PT\" \/>\n<meta property=\"og:type\" content=\"article\" \/>\n<meta property=\"og:title\" content=\"Calif\u00f3rnia - Chemuza\" \/>\n<meta property=\"og:description\" content=\"\u00c9 o sexto elemento qu\u00edmico da tabela peri\u00f3dica transur\u00e2nica a ser sintetizado. Al\u00e9m disso, cont\u00e9m a segunda maior massa at\u00f4mica entre todos os elementos produzidos. Da mesma forma, \u00e9 o mais pesado que existe naturalmente. Ent\u00e3o vamos ver quais s\u00e3o as propriedades, caracter\u00edsticas e utiliza\u00e7\u00f5es do Californio. O que \u00e9 Calif\u00f3rnia? O elemento Californium \u00e9 ... Ler mais\" \/>\n<meta property=\"og:url\" content=\"https:\/\/chemuza.org\/pt\/californiano\/\" \/>\n<meta property=\"og:site_name\" content=\"Statorials\" \/>\n<meta name=\"twitter:card\" content=\"summary_large_image\" \/>\n<meta name=\"twitter:label1\" content=\"Tempo estimado de leitura\" \/>\n\t<meta name=\"twitter:data1\" content=\"4 minutos\" \/>\n<script type=\"application\/ld+json\" class=\"yoast-schema-graph\">{\"@context\":\"https:\/\/schema.org\",\"@graph\":[{\"@type\":\"WebPage\",\"@id\":\"https:\/\/chemuza.org\/pt\/californiano\/\",\"url\":\"https:\/\/chemuza.org\/pt\/californiano\/\",\"name\":\"Calif\u00f3rnia - Chemuza\",\"isPartOf\":{\"@id\":\"https:\/\/chemuza.org\/pt\/#website\"},\"datePublished\":\"2023-07-13T16:15:18+00:00\",\"dateModified\":\"2023-07-13T16:15:18+00:00\",\"breadcrumb\":{\"@id\":\"https:\/\/chemuza.org\/pt\/californiano\/#breadcrumb\"},\"inLanguage\":\"pt-PT\",\"potentialAction\":[{\"@type\":\"ReadAction\",\"target\":[\"https:\/\/chemuza.org\/pt\/californiano\/\"]}]},{\"@type\":\"BreadcrumbList\",\"@id\":\"https:\/\/chemuza.org\/pt\/californiano\/#breadcrumb\",\"itemListElement\":[{\"@type\":\"ListItem\",\"position\":1,\"name\":\"Lar\",\"item\":\"https:\/\/chemuza.org\/pt\/\"},{\"@type\":\"ListItem\",\"position\":2,\"name\":\"Calif\u00f3rnia\"}]},{\"@type\":\"WebSite\",\"@id\":\"https:\/\/chemuza.org\/pt\/#website\",\"url\":\"https:\/\/chemuza.org\/pt\/\",\"name\":\"Chemuza\",\"description\":\"Sua porta de entrada para a descoberta qu\u00edmica!\",\"publisher\":{\"@id\":\"https:\/\/chemuza.org\/pt\/#organization\"},\"potentialAction\":[{\"@type\":\"SearchAction\",\"target\":{\"@type\":\"EntryPoint\",\"urlTemplate\":\"https:\/\/chemuza.org\/pt\/?s={search_term_string}\"},\"query-input\":\"required name=search_term_string\"}],\"inLanguage\":\"pt-PT\"},{\"@type\":\"Organization\",\"@id\":\"https:\/\/chemuza.org\/pt\/#organization\",\"name\":\"Chemuza\",\"url\":\"https:\/\/chemuza.org\/pt\/\",\"logo\":{\"@type\":\"ImageObject\",\"inLanguage\":\"pt-PT\",\"@id\":\"https:\/\/chemuza.org\/pt\/#\/schema\/logo\/image\/\",\"url\":\"https:\/\/chemuza.org\/pt\/wp-content\/uploads\/2023\/10\/chemuza-logo.png\",\"contentUrl\":\"https:\/\/chemuza.org\/pt\/wp-content\/uploads\/2023\/10\/chemuza-logo.png\",\"width\":387,\"height\":70,\"caption\":\"Chemuza\"},\"image\":{\"@id\":\"https:\/\/chemuza.org\/pt\/#\/schema\/logo\/image\/\"}}]}<\/script>\n<!-- \/ Yoast SEO plugin. -->","yoast_head_json":{"title":"Calif\u00f3rnia - Chemuza","robots":{"index":"index","follow":"follow","max-snippet":"max-snippet:-1","max-image-preview":"max-image-preview:large","max-video-preview":"max-video-preview:-1"},"canonical":"https:\/\/chemuza.org\/pt\/californiano\/","og_locale":"pt_PT","og_type":"article","og_title":"Calif\u00f3rnia - Chemuza","og_description":"\u00c9 o sexto elemento qu\u00edmico da tabela peri\u00f3dica transur\u00e2nica a ser sintetizado. Al\u00e9m disso, cont\u00e9m a segunda maior massa at\u00f4mica entre todos os elementos produzidos. Da mesma forma, \u00e9 o mais pesado que existe naturalmente. Ent\u00e3o vamos ver quais s\u00e3o as propriedades, caracter\u00edsticas e utiliza\u00e7\u00f5es do Californio. O que \u00e9 Calif\u00f3rnia? O elemento Californium \u00e9 ... Ler mais","og_url":"https:\/\/chemuza.org\/pt\/californiano\/","og_site_name":"Statorials","twitter_card":"summary_large_image","twitter_misc":{"Tempo estimado de leitura":"4 minutos"},"schema":{"@context":"https:\/\/schema.org","@graph":[{"@type":"WebPage","@id":"https:\/\/chemuza.org\/pt\/californiano\/","url":"https:\/\/chemuza.org\/pt\/californiano\/","name":"Calif\u00f3rnia - Chemuza","isPartOf":{"@id":"https:\/\/chemuza.org\/pt\/#website"},"datePublished":"2023-07-13T16:15:18+00:00","dateModified":"2023-07-13T16:15:18+00:00","breadcrumb":{"@id":"https:\/\/chemuza.org\/pt\/californiano\/#breadcrumb"},"inLanguage":"pt-PT","potentialAction":[{"@type":"ReadAction","target":["https:\/\/chemuza.org\/pt\/californiano\/"]}]},{"@type":"BreadcrumbList","@id":"https:\/\/chemuza.org\/pt\/californiano\/#breadcrumb","itemListElement":[{"@type":"ListItem","position":1,"name":"Lar","item":"https:\/\/chemuza.org\/pt\/"},{"@type":"ListItem","position":2,"name":"Calif\u00f3rnia"}]},{"@type":"WebSite","@id":"https:\/\/chemuza.org\/pt\/#website","url":"https:\/\/chemuza.org\/pt\/","name":"Chemuza","description":"Sua porta de entrada para a descoberta qu\u00edmica!","publisher":{"@id":"https:\/\/chemuza.org\/pt\/#organization"},"potentialAction":[{"@type":"SearchAction","target":{"@type":"EntryPoint","urlTemplate":"https:\/\/chemuza.org\/pt\/?s={search_term_string}"},"query-input":"required name=search_term_string"}],"inLanguage":"pt-PT"},{"@type":"Organization","@id":"https:\/\/chemuza.org\/pt\/#organization","name":"Chemuza","url":"https:\/\/chemuza.org\/pt\/","logo":{"@type":"ImageObject","inLanguage":"pt-PT","@id":"https:\/\/chemuza.org\/pt\/#\/schema\/logo\/image\/","url":"https:\/\/chemuza.org\/pt\/wp-content\/uploads\/2023\/10\/chemuza-logo.png","contentUrl":"https:\/\/chemuza.org\/pt\/wp-content\/uploads\/2023\/10\/chemuza-logo.png","width":387,"height":70,"caption":"Chemuza"},"image":{"@id":"https:\/\/chemuza.org\/pt\/#\/schema\/logo\/image\/"}}]}},"yoast_meta":{"yoast_wpseo_title":"","yoast_wpseo_metadesc":"","yoast_wpseo_canonical":""},"_links":{"self":[{"href":"https:\/\/chemuza.org\/pt\/wp-json\/wp\/v2\/pages\/1551","targetHints":{"allow":["GET"]}}],"collection":[{"href":"https:\/\/chemuza.org\/pt\/wp-json\/wp\/v2\/pages"}],"about":[{"href":"https:\/\/chemuza.org\/pt\/wp-json\/wp\/v2\/types\/page"}],"author":[{"embeddable":true,"href":"https:\/\/chemuza.org\/pt\/wp-json\/wp\/v2\/users\/1"}],"replies":[{"embeddable":true,"href":"https:\/\/chemuza.org\/pt\/wp-json\/wp\/v2\/comments?post=1551"}],"version-history":[{"count":0,"href":"https:\/\/chemuza.org\/pt\/wp-json\/wp\/v2\/pages\/1551\/revisions"}],"wp:attachment":[{"href":"https:\/\/chemuza.org\/pt\/wp-json\/wp\/v2\/media?parent=1551"}],"curies":[{"name":"wp","href":"https:\/\/api.w.org\/{rel}","templated":true}]}}