{"id":1550,"date":"2023-07-13T16:20:11","date_gmt":"2023-07-13T16:20:11","guid":{"rendered":"https:\/\/chemuza.org\/pt\/berquelio\/"},"modified":"2023-07-13T16:20:11","modified_gmt":"2023-07-13T16:20:11","slug":"berquelio","status":"publish","type":"page","link":"https:\/\/chemuza.org\/pt\/berquelio\/","title":{"rendered":"Berqu\u00e9lio"},"content":{"rendered":"<p>\u00c9 o d\u00e9cimo oitavo membro da s\u00e9rie qu\u00edmica Actinide. Al\u00e9m disso, pertence ao grupo dos elementos transur\u00e2nicos. Por outro lado, o elemento Berqu\u00e9lio n\u00e3o \u00e9 encontrado na crosta terrestre, pois n\u00e3o possui is\u00f3topos est\u00e1veis. Descubra quais s\u00e3o as caracter\u00edsticas e propriedades.<\/p>\n<h2> <strong>O que \u00e9 Berqu\u00e9lio?<\/strong><\/h2>\n<p> \u00c9 o elemento qu\u00edmico com n\u00famero at\u00f4mico 97, que \u00e9 um actin\u00eddeo, s\u00f3lido, sint\u00e9tico, met\u00e1lico, altamente radioativo, fr\u00e1gil e macio. Al\u00e9m disso, possui uma cor branco prateado. Al\u00e9m disso, tende a formar ferrugem, pois em altas temperaturas oxida na presen\u00e7a de ar.<\/p>\n<h2> <strong>S\u00edmbolo do Berqu\u00e9lio<\/strong><\/h2>\n<p> <span class=\"content-chemical-element\" style=\"float: left;width: 65px;height: 65px;border: 3px solid #666; display:flex;\n    justify-content: center;align-items: center;margin-right: 15px;\"><span style=\"font-size: 38px;\">Bk<\/span><\/span> \u00e9 uma abreviatura de seu nome. Embora a princ\u00edpio tenham sugerido que recebeu o nome do descobridor Glen Seaborg, a IUPAC decidiu atribuir-lhe o berqu\u00e9lio. Ele recebe esse apelido em homenagem \u00e0 universidade e \u00e0 cidade de Berkeley, onde foi obtido. Este t\u00edtulo, por sua vez, deriva do fil\u00f3sofo irland\u00eas George Barkeley.<\/p>\n<h2> <strong>Caracter\u00edsticas do Berqu\u00e9lio<\/strong><\/h2>\n<p> Algumas de suas propriedades apresentam certa semelhan\u00e7a com as do T\u00e9rbio. Al\u00e9m disso, derrete a 986\u00baC, \u00e9 atra\u00eddo por campos magn\u00e9ticos e pesa 14,78 g\/cm\u00b3. Contudo, isso n\u00e3o foi conseguido de forma elementar. Outros recursos s\u00e3o:<\/p>\n<ul>\n<li> <strong>Reatividade qu\u00edmica<\/strong> : Oxida rapidamente na presen\u00e7a de ar ou oxig\u00eanio em altas temperaturas.<\/li>\n<li> <strong>Condi\u00e7\u00e3o<\/strong> : \u00c9 s\u00f3lido em sua forma natural.<\/li>\n<li> <strong>Apar\u00eancia<\/strong> : Possui aspecto met\u00e1lico branco prateado.<\/li>\n<li> <strong>Radioatividade<\/strong> : Apresenta alta radioatividade.<\/li>\n<li> <strong>Polarizabilidade:<\/strong> 22,7 \u00c5 <sup>3<\/sup><\/li>\n<li> <strong>Solubilidade<\/strong> : \u00c9 muito sol\u00favel com \u00e1cidos minerais.<\/li>\n<li> <strong>Ordem Magn\u00e9tica<\/strong> : Mostra propriedades paramagn\u00e9ticas.<\/li>\n<li> <strong>Estrutura cristalina<\/strong> : Cont\u00e9m duas formas cristalinas, uma hexagonal dupla compacta e outra c\u00fabica de face centrada.<\/li>\n<li> <strong>Is\u00f3topos<\/strong> : Possui 14 is\u00f3topos conhecidos, cujas massas at\u00f4micas variam de 238 a 251.<\/li>\n<\/ul>\n<h2> <strong>Propriedades qu\u00edmicas e f\u00edsicas do berqu\u00e9lio<\/strong><\/h2>\n<ol>\n<li> <strong>N\u00famero at\u00f4mico<\/strong> : 97 <strong>&nbsp;<\/strong><\/li>\n<li> <strong>Ferrugem<\/strong> : Desconhecido<\/li>\n<li> <strong>Raio i\u00f4nico (\u00c5)<\/strong> : 0,97 <strong>&nbsp;<\/strong><\/li>\n<li> <strong>Raio at\u00f4mico (\u00c5)<\/strong> : 1,7 <strong>&nbsp;<\/strong><\/li>\n<li> <strong>Massa at\u00f4mica (g\/mol)<\/strong> : 247 u<\/li>\n<li> <strong>Velocidade do som<\/strong> : Sem dados<\/li>\n<li> <strong>Calor espec\u00edfico<\/strong> : Sem dados <strong>&nbsp;<\/strong><\/li>\n<li> <strong>Ponto de ebuli\u00e7\u00e3o<\/strong> : 2627\u00b0C<\/li>\n<li> <strong>Eletronegatividade<\/strong> : 1,3 (escala Pauling)<\/li>\n<li> <strong>El\u00e9trons por n\u00edvel<\/strong> : 2, 8, 18, 32, 26, 9, 2<\/li>\n<li> <strong>Volume at\u00f4mico<\/strong> : 16,7 cm\u00b3\/mol<\/li>\n<li> <strong>Estados de oxida\u00e7\u00e3o<\/strong> : +2, +3, +4<\/li>\n<li> <strong>Primeiro potencial de ioniza\u00e7\u00e3o (eV)<\/strong> : 601 kJ\/mol<\/li>\n<li> <strong>Configura\u00e7\u00e3o eletr\u00f4nica<\/strong> : [Rn] 5f <sup>8<\/sup> 6d <sup>1<\/sup> 7s <sup>2<\/sup><\/li>\n<li> <strong>Entalpia de vaporiza\u00e7\u00e3o<\/strong> : 310 kJ\/mol<\/li>\n<li> <strong>Ponto de fus\u00e3o<\/strong> : 1050\u00b0C (1219K)<\/li>\n<li> <strong>Densidade (g\/ml)<\/strong> : 14790 kg\/m\u00b3<\/li>\n<\/ol>\n<h2> <strong>Origem do Berqu\u00e9lio<\/strong><\/h2>\n<p> Se voc\u00ea n\u00e3o sabe quem descobriu o Berqu\u00e9lio, foram os cientistas Glen Seaborg, Al Ghiorso e Stanley G. Thompson. Esta descoberta ocorreu durante o ano de 1949 na Universidade de Berkeley, Calif\u00f3rnia. Para sintetizar, eles usaram um ciclotron para bombardear Am <sup>241<\/sup> com part\u00edculas alfa de alta tecnologia.<\/p>\n<p> Imediatamente ap\u00f3s a irradia\u00e7\u00e3o, o material dissolveu-se adequadamente. Eles ent\u00e3o o passaram por uma coluna de resina de troca i\u00f4nica usando citrato de am\u00f4nio como solu\u00e7\u00e3o eluente. Obtiveram assim um is\u00f3topo cuja vida \u00fatil m\u00e9dia era de 4,5 horas.<\/p>\n<h2> <strong>Para que \u00e9 usado o Berqu\u00e9lio?<\/strong><\/h2>\n<p> O elemento qu\u00edmico Berqu\u00e9lio n\u00e3o cont\u00e9m aplica\u00e7\u00f5es comerciais. No entanto, embora sejam obtidas quantidades muito pequenas, \u00e9 frequentemente utilizado para investiga\u00e7\u00e3o cient\u00edfica. Descubra seus usos interessantes:<\/p>\n<h3> <strong>Obten\u00e7\u00e3o de elementos mais pesados<\/strong><\/h3>\n<p> Um de seus is\u00f3topos, <sup>249<\/sup> Bk, tem vida m\u00e9dia de 314 dias e pode ser obtido em pequenas quantidades. \u00c9, portanto, usado para sintetizar elementos mais pesados, bombardeando seus \u00e1tomos com part\u00edculas carregadas. O Laborat\u00f3rio Nacional de Oak Ridge, nos Estados Unidos, e o Instituto de Pesquisa de Reatores At\u00f4micos, na R\u00fassia, costumam us\u00e1-lo.<\/p>\n<h3> <strong>Estudos f\u00edsico-qu\u00edmicos<\/strong><\/h3>\n<p> Segundo pesquisas cient\u00edficas, permite extrapola\u00e7\u00f5es precisas sobre as caracter\u00edsticas, propriedades e comportamentos de outros elementos actin\u00eddeos. Isso ocorre porque os mais pesados s\u00e3o dif\u00edceis de obter, t\u00eam vida \u00fatil curta e s\u00e3o radioativos.<\/p>\n<h2> <strong>Obten\u00e7\u00e3o de Berqu\u00e9lio<\/strong><\/h2>\n<p> Em 1969, foi preparada a primeira amostra do elemento, obtida pela redu\u00e7\u00e3o do fl\u00faor, ou BkF <sub>3<\/sub> , com L\u00edtio a 1026,85\u00ba C. Por outro lado, hoje, para preparar l\u00e2minas finas, reduzimos o \u00f3xido BkO <sub>2<\/sub> com Lant\u00e2nio. ouro Met\u00e1lico T\u00f3rio.<\/p>\n<h2> <strong>Berqu\u00e9lio \u00c9 prejudicial \u00e0 sa\u00fade?<\/strong><\/h2>\n<p> Ao liberar sua intensa radioatividade no meio ambiente, prejudica todos os seres vivos, sejam animais, plantas ou humanos. Acumula-se at\u00e9 ao longo da cadeia alimentar e \u00e9 transmitido de uma gera\u00e7\u00e3o para outra. A sua radia\u00e7\u00e3o danifica, portanto, o material gen\u00e9tico de todas as esp\u00e9cies. Al\u00e9m disso, a exposi\u00e7\u00e3o prolongada pode ser cancer\u00edgena. Al\u00e9m disso, causa esterilidade, falhas no sistema imunol\u00f3gico, abortos espont\u00e2neos, leucemia, malforma\u00e7\u00f5es, entre outros danos.<\/p>\n<h2> <strong>Novo estado de oxida\u00e7\u00e3o do berqu\u00e9lio<\/strong><\/h2>\n<p> Durante 2018, um grupo de pesquisadores descobriu o estado de oxida\u00e7\u00e3o +5 do Berqu\u00e9lio. A descoberta ocorreu atrav\u00e9s da cria\u00e7\u00e3o de um complexo de nitrato com Bk <sup>5+<\/sup> , atrav\u00e9s da remo\u00e7\u00e3o de duas mol\u00e9culas de di\u00f3xido de nitrog\u00eanio. Al\u00e9m disso, foi confirmado que apresenta maior estabilidade.<\/p>\n<p> Concluindo, o Berqu\u00e9lio \u00e9 um elemento actin\u00eddeo, sint\u00e9tico, radioativo, met\u00e1lico, macio e quebradi\u00e7o. Possui tonalidade branco prateado, oxida\u00e7\u00e3o na presen\u00e7a de ar ou oxig\u00eanio, duas formas cristalinas e propriedades paramagn\u00e9ticas. Suas aplica\u00e7\u00f5es s\u00e3o apenas para fins cient\u00edficos.<\/p>\n","protected":false},"excerpt":{"rendered":"<p>\u00c9 o d\u00e9cimo oitavo membro da s\u00e9rie qu\u00edmica Actinide. Al\u00e9m disso, pertence ao grupo dos elementos transur\u00e2nicos. Por outro lado, o elemento Berqu\u00e9lio n\u00e3o \u00e9 encontrado na crosta terrestre, pois n\u00e3o possui is\u00f3topos est\u00e1veis. Descubra quais s\u00e3o as caracter\u00edsticas e propriedades. O que \u00e9 Berqu\u00e9lio? \u00c9 o elemento qu\u00edmico com n\u00famero at\u00f4mico 97, que \u00e9 &#8230; <a title=\"Berqu\u00e9lio\" class=\"read-more\" href=\"https:\/\/chemuza.org\/pt\/berquelio\/\" aria-label=\"Mais em Berqu\u00e9lio\">Ler mais<\/a><\/p>\n","protected":false},"author":1,"featured_media":0,"parent":0,"menu_order":0,"comment_status":"closed","ping_status":"closed","template":"","meta":{"footnotes":""},"class_list":["post-1550","page","type-page","status-publish"],"yoast_head":"<!-- This site is optimized with the Yoast SEO plugin v21.4 - https:\/\/yoast.com\/wordpress\/plugins\/seo\/ -->\n<title>Berqu\u00e9lio - Chemuza<\/title>\n<meta name=\"robots\" content=\"index, follow, max-snippet:-1, max-image-preview:large, max-video-preview:-1\" \/>\n<link rel=\"canonical\" href=\"https:\/\/chemuza.org\/pt\/berquelio\/\" \/>\n<meta property=\"og:locale\" content=\"pt_PT\" \/>\n<meta property=\"og:type\" content=\"article\" \/>\n<meta property=\"og:title\" content=\"Berqu\u00e9lio - Chemuza\" \/>\n<meta property=\"og:description\" content=\"\u00c9 o d\u00e9cimo oitavo membro da s\u00e9rie qu\u00edmica Actinide. Al\u00e9m disso, pertence ao grupo dos elementos transur\u00e2nicos. Por outro lado, o elemento Berqu\u00e9lio n\u00e3o \u00e9 encontrado na crosta terrestre, pois n\u00e3o possui is\u00f3topos est\u00e1veis. Descubra quais s\u00e3o as caracter\u00edsticas e propriedades. O que \u00e9 Berqu\u00e9lio? \u00c9 o elemento qu\u00edmico com n\u00famero at\u00f4mico 97, que \u00e9 ... Ler mais\" \/>\n<meta property=\"og:url\" content=\"https:\/\/chemuza.org\/pt\/berquelio\/\" \/>\n<meta property=\"og:site_name\" content=\"Statorials\" \/>\n<meta name=\"twitter:card\" content=\"summary_large_image\" \/>\n<meta name=\"twitter:label1\" content=\"Tempo estimado de leitura\" \/>\n\t<meta name=\"twitter:data1\" content=\"4 minutos\" \/>\n<script type=\"application\/ld+json\" class=\"yoast-schema-graph\">{\"@context\":\"https:\/\/schema.org\",\"@graph\":[{\"@type\":\"WebPage\",\"@id\":\"https:\/\/chemuza.org\/pt\/berquelio\/\",\"url\":\"https:\/\/chemuza.org\/pt\/berquelio\/\",\"name\":\"Berqu\u00e9lio - Chemuza\",\"isPartOf\":{\"@id\":\"https:\/\/chemuza.org\/pt\/#website\"},\"datePublished\":\"2023-07-13T16:20:11+00:00\",\"dateModified\":\"2023-07-13T16:20:11+00:00\",\"breadcrumb\":{\"@id\":\"https:\/\/chemuza.org\/pt\/berquelio\/#breadcrumb\"},\"inLanguage\":\"pt-PT\",\"potentialAction\":[{\"@type\":\"ReadAction\",\"target\":[\"https:\/\/chemuza.org\/pt\/berquelio\/\"]}]},{\"@type\":\"BreadcrumbList\",\"@id\":\"https:\/\/chemuza.org\/pt\/berquelio\/#breadcrumb\",\"itemListElement\":[{\"@type\":\"ListItem\",\"position\":1,\"name\":\"Lar\",\"item\":\"https:\/\/chemuza.org\/pt\/\"},{\"@type\":\"ListItem\",\"position\":2,\"name\":\"Berqu\u00e9lio\"}]},{\"@type\":\"WebSite\",\"@id\":\"https:\/\/chemuza.org\/pt\/#website\",\"url\":\"https:\/\/chemuza.org\/pt\/\",\"name\":\"Chemuza\",\"description\":\"Sua porta de entrada para a descoberta qu\u00edmica!\",\"publisher\":{\"@id\":\"https:\/\/chemuza.org\/pt\/#organization\"},\"potentialAction\":[{\"@type\":\"SearchAction\",\"target\":{\"@type\":\"EntryPoint\",\"urlTemplate\":\"https:\/\/chemuza.org\/pt\/?s={search_term_string}\"},\"query-input\":\"required name=search_term_string\"}],\"inLanguage\":\"pt-PT\"},{\"@type\":\"Organization\",\"@id\":\"https:\/\/chemuza.org\/pt\/#organization\",\"name\":\"Chemuza\",\"url\":\"https:\/\/chemuza.org\/pt\/\",\"logo\":{\"@type\":\"ImageObject\",\"inLanguage\":\"pt-PT\",\"@id\":\"https:\/\/chemuza.org\/pt\/#\/schema\/logo\/image\/\",\"url\":\"https:\/\/chemuza.org\/pt\/wp-content\/uploads\/2023\/10\/chemuza-logo.png\",\"contentUrl\":\"https:\/\/chemuza.org\/pt\/wp-content\/uploads\/2023\/10\/chemuza-logo.png\",\"width\":387,\"height\":70,\"caption\":\"Chemuza\"},\"image\":{\"@id\":\"https:\/\/chemuza.org\/pt\/#\/schema\/logo\/image\/\"}}]}<\/script>\n<!-- \/ Yoast SEO plugin. -->","yoast_head_json":{"title":"Berqu\u00e9lio - Chemuza","robots":{"index":"index","follow":"follow","max-snippet":"max-snippet:-1","max-image-preview":"max-image-preview:large","max-video-preview":"max-video-preview:-1"},"canonical":"https:\/\/chemuza.org\/pt\/berquelio\/","og_locale":"pt_PT","og_type":"article","og_title":"Berqu\u00e9lio - Chemuza","og_description":"\u00c9 o d\u00e9cimo oitavo membro da s\u00e9rie qu\u00edmica Actinide. Al\u00e9m disso, pertence ao grupo dos elementos transur\u00e2nicos. Por outro lado, o elemento Berqu\u00e9lio n\u00e3o \u00e9 encontrado na crosta terrestre, pois n\u00e3o possui is\u00f3topos est\u00e1veis. Descubra quais s\u00e3o as caracter\u00edsticas e propriedades. O que \u00e9 Berqu\u00e9lio? \u00c9 o elemento qu\u00edmico com n\u00famero at\u00f4mico 97, que \u00e9 ... Ler mais","og_url":"https:\/\/chemuza.org\/pt\/berquelio\/","og_site_name":"Statorials","twitter_card":"summary_large_image","twitter_misc":{"Tempo estimado de leitura":"4 minutos"},"schema":{"@context":"https:\/\/schema.org","@graph":[{"@type":"WebPage","@id":"https:\/\/chemuza.org\/pt\/berquelio\/","url":"https:\/\/chemuza.org\/pt\/berquelio\/","name":"Berqu\u00e9lio - Chemuza","isPartOf":{"@id":"https:\/\/chemuza.org\/pt\/#website"},"datePublished":"2023-07-13T16:20:11+00:00","dateModified":"2023-07-13T16:20:11+00:00","breadcrumb":{"@id":"https:\/\/chemuza.org\/pt\/berquelio\/#breadcrumb"},"inLanguage":"pt-PT","potentialAction":[{"@type":"ReadAction","target":["https:\/\/chemuza.org\/pt\/berquelio\/"]}]},{"@type":"BreadcrumbList","@id":"https:\/\/chemuza.org\/pt\/berquelio\/#breadcrumb","itemListElement":[{"@type":"ListItem","position":1,"name":"Lar","item":"https:\/\/chemuza.org\/pt\/"},{"@type":"ListItem","position":2,"name":"Berqu\u00e9lio"}]},{"@type":"WebSite","@id":"https:\/\/chemuza.org\/pt\/#website","url":"https:\/\/chemuza.org\/pt\/","name":"Chemuza","description":"Sua porta de entrada para a descoberta qu\u00edmica!","publisher":{"@id":"https:\/\/chemuza.org\/pt\/#organization"},"potentialAction":[{"@type":"SearchAction","target":{"@type":"EntryPoint","urlTemplate":"https:\/\/chemuza.org\/pt\/?s={search_term_string}"},"query-input":"required name=search_term_string"}],"inLanguage":"pt-PT"},{"@type":"Organization","@id":"https:\/\/chemuza.org\/pt\/#organization","name":"Chemuza","url":"https:\/\/chemuza.org\/pt\/","logo":{"@type":"ImageObject","inLanguage":"pt-PT","@id":"https:\/\/chemuza.org\/pt\/#\/schema\/logo\/image\/","url":"https:\/\/chemuza.org\/pt\/wp-content\/uploads\/2023\/10\/chemuza-logo.png","contentUrl":"https:\/\/chemuza.org\/pt\/wp-content\/uploads\/2023\/10\/chemuza-logo.png","width":387,"height":70,"caption":"Chemuza"},"image":{"@id":"https:\/\/chemuza.org\/pt\/#\/schema\/logo\/image\/"}}]}},"yoast_meta":{"yoast_wpseo_title":"","yoast_wpseo_metadesc":"","yoast_wpseo_canonical":""},"_links":{"self":[{"href":"https:\/\/chemuza.org\/pt\/wp-json\/wp\/v2\/pages\/1550","targetHints":{"allow":["GET"]}}],"collection":[{"href":"https:\/\/chemuza.org\/pt\/wp-json\/wp\/v2\/pages"}],"about":[{"href":"https:\/\/chemuza.org\/pt\/wp-json\/wp\/v2\/types\/page"}],"author":[{"embeddable":true,"href":"https:\/\/chemuza.org\/pt\/wp-json\/wp\/v2\/users\/1"}],"replies":[{"embeddable":true,"href":"https:\/\/chemuza.org\/pt\/wp-json\/wp\/v2\/comments?post=1550"}],"version-history":[{"count":0,"href":"https:\/\/chemuza.org\/pt\/wp-json\/wp\/v2\/pages\/1550\/revisions"}],"wp:attachment":[{"href":"https:\/\/chemuza.org\/pt\/wp-json\/wp\/v2\/media?parent=1550"}],"curies":[{"name":"wp","href":"https:\/\/api.w.org\/{rel}","templated":true}]}}