{"id":1547,"date":"2023-07-13T17:53:42","date_gmt":"2023-07-13T17:53:42","guid":{"rendered":"https:\/\/chemuza.org\/pt\/plutonio\/"},"modified":"2023-07-13T17:53:42","modified_gmt":"2023-07-13T17:53:42","slug":"plutonio","status":"publish","type":"page","link":"https:\/\/chemuza.org\/pt\/plutonio\/","title":{"rendered":"Plut\u00f4nio"},"content":{"rendered":"<p>Como elemento qu\u00edmico \u00e9 muito raro na Terra, por isso \u00e9 mais conhecido pela sua origem artificial. Seus usos mais comuns s\u00e3o na fabrica\u00e7\u00e3o de combust\u00edvel nuclear ou em empresas de armas nucleares. Pertence \u00e0 categoria dos metais actin\u00eddeos e todos os seus is\u00f3topos s\u00e3o radioativos. Voc\u00ea tem mais informa\u00e7\u00f5es sobre o plut\u00f4nio, como propriedades, origem e caracter\u00edsticas aqui.<\/p>\n<h2> <strong>O que \u00e9 plut\u00f4nio?<\/strong><\/h2>\n<p> \u00c9 um elemento qu\u00edmico transur\u00e2nico, o que significa que vai al\u00e9m do ur\u00e2nio. Sua cor \u00e9 cinza prateado, mas quando exposto ao ar \u00e9 escuro e quando oxidado forma uma camada amarela opaca, tamb\u00e9m conhecida como plut\u00f4nio verde. Normalmente, possui 6 estados alotr\u00f3picos e 4 estados de oxida\u00e7\u00e3o. Al\u00e9m disso, pode reagir com nitrog\u00eanio, carbono, sil\u00edcio e halog\u00eanios.<\/p>\n<h3> <strong>S\u00edmbolo de plut\u00f4nio<\/strong><\/h3>\n<p> <span class=\"content-chemical-element\" style=\"float: left;width: 65px;height: 65px;border: 3px solid #666; display:flex;\n    justify-content: center;align-items: center;margin-right: 15px;\"><span style=\"font-size: 38px;\">Pu<\/span><\/span> Seu n\u00famero at\u00f4mico \u00e9 94 e sua massa at\u00f4mica \u00e9 244. Possui 16 variantes at\u00f4micas est\u00e1veis, ou seja, is\u00f3topos reativos. O plut\u00f4nio-239 \u00e9 de maior interesse qu\u00edmico devido \u00e0s suas propriedades f\u00edsseis, mas tamb\u00e9m pode capturar n\u00eautrons para criar is\u00f3topos mais elevados.<\/p>\n<h2> <strong>Caracter\u00edsticas do plut\u00f4nio<\/strong><\/h2>\n<p> O plut\u00f4nio se dissolve facilmente em \u00e1cido percl\u00f3rico e \u00e1cido iod\u00eddrico. Devido \u00e0 energia que libera durante o decaimento alfa, \u00e9 capaz de emitir muito calor. \u00c0 temperatura ambiente, \u00e9 um elemento duro e quebradi\u00e7o semelhante ao ferro fundido. As outras caracter\u00edsticas do plut\u00f4nio s\u00e3o:<\/p>\n<ul>\n<li> <strong>Condutividade:<\/strong> N\u00e3o \u00e9 um bom condutor de calor e eletricidade.<\/li>\n<li> <strong>Solubilidade:<\/strong> dissolve-se em \u00e1cidos e reage com \u00e1gua r\u00e9gia.<\/li>\n<li> <strong>Resistividade:<\/strong> Alta em temperatura ambiente e ainda maior em baixas temperaturas.<\/li>\n<li> <strong>Alotropia:<\/strong> Possui 6 al\u00f3tropos com n\u00edveis de energia semelhantes.<\/li>\n<li> <strong>Brilho:<\/strong> Brilha poderosamente.<\/li>\n<li> <strong>Estrutura:<\/strong> Monocl\u00ednica.<\/li>\n<\/ul>\n<h2> <strong>Propriedades qu\u00edmicas e f\u00edsicas do plut\u00f4nio<\/strong><\/h2>\n<ol>\n<li> <strong>N\u00famero at\u00f4mico<\/strong> : 94<\/li>\n<li> <strong>Per\u00edodo:<\/strong> 7<\/li>\n<li> <strong>Bloco:<\/strong> f<\/li>\n<li> <strong>Raio covalente:<\/strong> 187+-1<\/li>\n<li> <strong>Raio at\u00f4mico:<\/strong> 159<\/li>\n<li> <strong>Raio m\u00e9dio:<\/strong> 135<\/li>\n<li> <strong>Densidade:<\/strong> 19.816 kg\/m\u00b3<\/li>\n<li> <strong>Ponto de fus\u00e3o:<\/strong> 912,5K<\/li>\n<li> <strong>Calor espec\u00edfico:<\/strong> 35,5 J<\/li>\n<li> <strong>M\u00f3dulo el\u00e1stico:<\/strong> 96 GPa<\/li>\n<li> <strong>Ponto de ebuli\u00e7\u00e3o:<\/strong> 3505K<\/li>\n<li> <strong>Eletronegatividade:<\/strong> 1,28<\/li>\n<li> <strong>Velocidade do som:<\/strong> 2.260 m\/s a 293,15 K<\/li>\n<li> <strong>Press\u00e3o de vapor:<\/strong> 10,00 Pa a 2.926 K<\/li>\n<li> <strong>Configura\u00e7\u00e3o eletr\u00f4nica:<\/strong> [Rn] 5f <sup>6<\/sup> 7s <sup>2<\/sup><\/li>\n<li> <strong>Entalpia de vaporiza\u00e7\u00e3o:<\/strong> 333,5 kJ\/mol<\/li>\n<li> <strong>Entalpia de fus\u00e3o:<\/strong> 2,82 Kj\/mol<\/li>\n<li> <strong>Condutividade t\u00e9rmica:<\/strong> 6,74 W<\/li>\n<li> <strong>M\u00f3dulo de cisalhamento:<\/strong> 43 GPa<\/li>\n<\/ol>\n<h2> <strong>Origem do plut\u00f4nio<\/strong><\/h2>\n<p> Em 1934, o f\u00edsico italiano Enrico Fermi e v\u00e1rios cientistas da Universidade de Roma anunciaram que haviam descoberto o elemento 94, que chamaram de Hesperium. Era feito de uma mistura de cript\u00f4nio, b\u00e1rio e outros elementos, mas sem a descoberta da fiss\u00e3o nuclear os experimentos foram inconclusivos.<\/p>\n<p> Mais tarde, em 14 de dezembro de 1940, o Plut\u00f4nio 238 foi isolado pela primeira vez e no ano seguinte foi reconhecido quimicamente gra\u00e7as a Edwin McMillan, AC Wahl, Glenn T Seaborg e JW Kennedy. Esses cientistas bombardearam o elemento Ur\u00e2nio com Deut\u00e9rio em um acelerador de part\u00edculas chamado Cycloton, que \u00e9 um is\u00f3topo de hidrog\u00eanio que possui um pr\u00f3ton e um n\u00eautron em seu n\u00facleo.<\/p>\n<p> O resultado do bombardeio produziu o elemento Nept\u00fanio 238, que decai por emiss\u00e3o beta com uma vida \u00fatil curta de dois dias. Ent\u00e3o, Edwin McMillan prop\u00f4s que o elemento 94 recebesse o nome de Plut\u00e3o, porque era o planeta que o seguia. Glenn Seaborg mais tarde sugeriu que fosse chamado de Plutio, depois o chamou de Plut\u00f4nio.<\/p>\n<h2> <strong>Para que \u00e9 usado o plut\u00f4nio?<\/strong><\/h2>\n<p> Seus usos mais importantes dependem em grande parte de duas de suas propriedades, que s\u00e3o a energia t\u00e9rmica que faz com que este elemento emita grande quantidade de calor. O segundo aspecto \u00e9 a energia el\u00e9trica em ve\u00edculos e sondas espaciais. Aqui est\u00e3o algumas das aplica\u00e7\u00f5es deste elemento:<\/p>\n<h3> <strong>Ind\u00fastria<\/strong><\/h3>\n<p> A capacidade deste elemento da tabela peri\u00f3dica de gerar calor o torna ideal para uso em aplica\u00e7\u00f5es de geradores termoel\u00e9tricos. Esses transformadores t\u00eam a capacidade de converter calor em eletricidade. Tamb\u00e9m \u00e9 utilizado como combust\u00edvel na fabrica\u00e7\u00e3o de bombas at\u00f4micas e usinas nucleares. O is\u00f3topo usado para isso \u00e9 o Plut\u00f4nio 239, que sofre fiss\u00e3o nuclear.<\/p>\n<h3> <strong>Medicamento<\/strong><\/h3>\n<p> A energia que gera permite que o plut\u00f3nio seja utilizado para fabricar pacemakers artificiais, necess\u00e1rios a pessoas que sofrem de doen\u00e7as card\u00edacas. O is\u00f3topo mais utilizado para esse fim \u00e9 o plut\u00f4nio-238, pois emite um tipo de radia\u00e7\u00e3o que n\u00e3o \u00e9 perigosa \u00e0 sa\u00fade humana.<\/p>\n<p> Concluindo, o plut\u00f4nio \u00e9 um elemento qu\u00edmico que pertence aos actin\u00eddeos, \u00e9 de cor prateada e possui diferentes estruturas cristalinas. Al\u00e9m disso, \u00e9 usado para fabricar armas nucleares e combust\u00edvel nuclear. \u00c9 fabricado sinteticamente e raro na natureza. Al\u00e9m disso, \u00e9 t\u00f3xico e radioativo; se ingerido ou inalado, pode causar doen\u00e7a ou morte.<\/p>\n","protected":false},"excerpt":{"rendered":"<p>Como elemento qu\u00edmico \u00e9 muito raro na Terra, por isso \u00e9 mais conhecido pela sua origem artificial. Seus usos mais comuns s\u00e3o na fabrica\u00e7\u00e3o de combust\u00edvel nuclear ou em empresas de armas nucleares. Pertence \u00e0 categoria dos metais actin\u00eddeos e todos os seus is\u00f3topos s\u00e3o radioativos. Voc\u00ea tem mais informa\u00e7\u00f5es sobre o plut\u00f4nio, como propriedades, &#8230; <a title=\"Plut\u00f4nio\" class=\"read-more\" href=\"https:\/\/chemuza.org\/pt\/plutonio\/\" aria-label=\"Mais em Plut\u00f4nio\">Ler mais<\/a><\/p>\n","protected":false},"author":1,"featured_media":0,"parent":0,"menu_order":0,"comment_status":"closed","ping_status":"closed","template":"","meta":{"footnotes":""},"class_list":["post-1547","page","type-page","status-publish"],"yoast_head":"<!-- This site is optimized with the Yoast SEO plugin v21.4 - https:\/\/yoast.com\/wordpress\/plugins\/seo\/ -->\n<title>Plut\u00f4nio - Chemuza<\/title>\n<meta name=\"robots\" content=\"index, follow, max-snippet:-1, max-image-preview:large, max-video-preview:-1\" \/>\n<link rel=\"canonical\" href=\"https:\/\/chemuza.org\/pt\/plutonio\/\" \/>\n<meta property=\"og:locale\" content=\"pt_PT\" \/>\n<meta property=\"og:type\" content=\"article\" \/>\n<meta property=\"og:title\" content=\"Plut\u00f4nio - Chemuza\" \/>\n<meta property=\"og:description\" content=\"Como elemento qu\u00edmico \u00e9 muito raro na Terra, por isso \u00e9 mais conhecido pela sua origem artificial. Seus usos mais comuns s\u00e3o na fabrica\u00e7\u00e3o de combust\u00edvel nuclear ou em empresas de armas nucleares. Pertence \u00e0 categoria dos metais actin\u00eddeos e todos os seus is\u00f3topos s\u00e3o radioativos. Voc\u00ea tem mais informa\u00e7\u00f5es sobre o plut\u00f4nio, como propriedades, ... Ler mais\" \/>\n<meta property=\"og:url\" content=\"https:\/\/chemuza.org\/pt\/plutonio\/\" \/>\n<meta property=\"og:site_name\" content=\"Statorials\" \/>\n<meta name=\"twitter:card\" content=\"summary_large_image\" \/>\n<meta name=\"twitter:label1\" content=\"Tempo estimado de leitura\" \/>\n\t<meta name=\"twitter:data1\" content=\"4 minutos\" \/>\n<script type=\"application\/ld+json\" class=\"yoast-schema-graph\">{\"@context\":\"https:\/\/schema.org\",\"@graph\":[{\"@type\":\"WebPage\",\"@id\":\"https:\/\/chemuza.org\/pt\/plutonio\/\",\"url\":\"https:\/\/chemuza.org\/pt\/plutonio\/\",\"name\":\"Plut\u00f4nio - Chemuza\",\"isPartOf\":{\"@id\":\"https:\/\/chemuza.org\/pt\/#website\"},\"datePublished\":\"2023-07-13T17:53:42+00:00\",\"dateModified\":\"2023-07-13T17:53:42+00:00\",\"breadcrumb\":{\"@id\":\"https:\/\/chemuza.org\/pt\/plutonio\/#breadcrumb\"},\"inLanguage\":\"pt-PT\",\"potentialAction\":[{\"@type\":\"ReadAction\",\"target\":[\"https:\/\/chemuza.org\/pt\/plutonio\/\"]}]},{\"@type\":\"BreadcrumbList\",\"@id\":\"https:\/\/chemuza.org\/pt\/plutonio\/#breadcrumb\",\"itemListElement\":[{\"@type\":\"ListItem\",\"position\":1,\"name\":\"Lar\",\"item\":\"https:\/\/chemuza.org\/pt\/\"},{\"@type\":\"ListItem\",\"position\":2,\"name\":\"Plut\u00f4nio\"}]},{\"@type\":\"WebSite\",\"@id\":\"https:\/\/chemuza.org\/pt\/#website\",\"url\":\"https:\/\/chemuza.org\/pt\/\",\"name\":\"Chemuza\",\"description\":\"Sua porta de entrada para a descoberta qu\u00edmica!\",\"publisher\":{\"@id\":\"https:\/\/chemuza.org\/pt\/#organization\"},\"potentialAction\":[{\"@type\":\"SearchAction\",\"target\":{\"@type\":\"EntryPoint\",\"urlTemplate\":\"https:\/\/chemuza.org\/pt\/?s={search_term_string}\"},\"query-input\":\"required name=search_term_string\"}],\"inLanguage\":\"pt-PT\"},{\"@type\":\"Organization\",\"@id\":\"https:\/\/chemuza.org\/pt\/#organization\",\"name\":\"Chemuza\",\"url\":\"https:\/\/chemuza.org\/pt\/\",\"logo\":{\"@type\":\"ImageObject\",\"inLanguage\":\"pt-PT\",\"@id\":\"https:\/\/chemuza.org\/pt\/#\/schema\/logo\/image\/\",\"url\":\"https:\/\/chemuza.org\/pt\/wp-content\/uploads\/2023\/10\/chemuza-logo.png\",\"contentUrl\":\"https:\/\/chemuza.org\/pt\/wp-content\/uploads\/2023\/10\/chemuza-logo.png\",\"width\":387,\"height\":70,\"caption\":\"Chemuza\"},\"image\":{\"@id\":\"https:\/\/chemuza.org\/pt\/#\/schema\/logo\/image\/\"}}]}<\/script>\n<!-- \/ Yoast SEO plugin. -->","yoast_head_json":{"title":"Plut\u00f4nio - Chemuza","robots":{"index":"index","follow":"follow","max-snippet":"max-snippet:-1","max-image-preview":"max-image-preview:large","max-video-preview":"max-video-preview:-1"},"canonical":"https:\/\/chemuza.org\/pt\/plutonio\/","og_locale":"pt_PT","og_type":"article","og_title":"Plut\u00f4nio - Chemuza","og_description":"Como elemento qu\u00edmico \u00e9 muito raro na Terra, por isso \u00e9 mais conhecido pela sua origem artificial. Seus usos mais comuns s\u00e3o na fabrica\u00e7\u00e3o de combust\u00edvel nuclear ou em empresas de armas nucleares. Pertence \u00e0 categoria dos metais actin\u00eddeos e todos os seus is\u00f3topos s\u00e3o radioativos. Voc\u00ea tem mais informa\u00e7\u00f5es sobre o plut\u00f4nio, como propriedades, ... Ler mais","og_url":"https:\/\/chemuza.org\/pt\/plutonio\/","og_site_name":"Statorials","twitter_card":"summary_large_image","twitter_misc":{"Tempo estimado de leitura":"4 minutos"},"schema":{"@context":"https:\/\/schema.org","@graph":[{"@type":"WebPage","@id":"https:\/\/chemuza.org\/pt\/plutonio\/","url":"https:\/\/chemuza.org\/pt\/plutonio\/","name":"Plut\u00f4nio - Chemuza","isPartOf":{"@id":"https:\/\/chemuza.org\/pt\/#website"},"datePublished":"2023-07-13T17:53:42+00:00","dateModified":"2023-07-13T17:53:42+00:00","breadcrumb":{"@id":"https:\/\/chemuza.org\/pt\/plutonio\/#breadcrumb"},"inLanguage":"pt-PT","potentialAction":[{"@type":"ReadAction","target":["https:\/\/chemuza.org\/pt\/plutonio\/"]}]},{"@type":"BreadcrumbList","@id":"https:\/\/chemuza.org\/pt\/plutonio\/#breadcrumb","itemListElement":[{"@type":"ListItem","position":1,"name":"Lar","item":"https:\/\/chemuza.org\/pt\/"},{"@type":"ListItem","position":2,"name":"Plut\u00f4nio"}]},{"@type":"WebSite","@id":"https:\/\/chemuza.org\/pt\/#website","url":"https:\/\/chemuza.org\/pt\/","name":"Chemuza","description":"Sua porta de entrada para a descoberta qu\u00edmica!","publisher":{"@id":"https:\/\/chemuza.org\/pt\/#organization"},"potentialAction":[{"@type":"SearchAction","target":{"@type":"EntryPoint","urlTemplate":"https:\/\/chemuza.org\/pt\/?s={search_term_string}"},"query-input":"required name=search_term_string"}],"inLanguage":"pt-PT"},{"@type":"Organization","@id":"https:\/\/chemuza.org\/pt\/#organization","name":"Chemuza","url":"https:\/\/chemuza.org\/pt\/","logo":{"@type":"ImageObject","inLanguage":"pt-PT","@id":"https:\/\/chemuza.org\/pt\/#\/schema\/logo\/image\/","url":"https:\/\/chemuza.org\/pt\/wp-content\/uploads\/2023\/10\/chemuza-logo.png","contentUrl":"https:\/\/chemuza.org\/pt\/wp-content\/uploads\/2023\/10\/chemuza-logo.png","width":387,"height":70,"caption":"Chemuza"},"image":{"@id":"https:\/\/chemuza.org\/pt\/#\/schema\/logo\/image\/"}}]}},"yoast_meta":{"yoast_wpseo_title":"","yoast_wpseo_metadesc":"","yoast_wpseo_canonical":""},"_links":{"self":[{"href":"https:\/\/chemuza.org\/pt\/wp-json\/wp\/v2\/pages\/1547","targetHints":{"allow":["GET"]}}],"collection":[{"href":"https:\/\/chemuza.org\/pt\/wp-json\/wp\/v2\/pages"}],"about":[{"href":"https:\/\/chemuza.org\/pt\/wp-json\/wp\/v2\/types\/page"}],"author":[{"embeddable":true,"href":"https:\/\/chemuza.org\/pt\/wp-json\/wp\/v2\/users\/1"}],"replies":[{"embeddable":true,"href":"https:\/\/chemuza.org\/pt\/wp-json\/wp\/v2\/comments?post=1547"}],"version-history":[{"count":0,"href":"https:\/\/chemuza.org\/pt\/wp-json\/wp\/v2\/pages\/1547\/revisions"}],"wp:attachment":[{"href":"https:\/\/chemuza.org\/pt\/wp-json\/wp\/v2\/media?parent=1547"}],"curies":[{"name":"wp","href":"https:\/\/api.w.org\/{rel}","templated":true}]}}