{"id":1546,"date":"2023-07-13T18:30:03","date_gmt":"2023-07-13T18:30:03","guid":{"rendered":"https:\/\/chemuza.org\/pt\/uranio\/"},"modified":"2023-07-13T18:30:03","modified_gmt":"2023-07-13T18:30:03","slug":"uranio","status":"publish","type":"page","link":"https:\/\/chemuza.org\/pt\/uranio\/","title":{"rendered":"Ur\u00e2nio"},"content":{"rendered":"<p>O ur\u00e2nio ocorre naturalmente, embora em baixas concentra\u00e7\u00f5es nas rochas, na \u00e1gua, no solo e nos seres vivos. Al\u00e9m disso, no mar \u00e9 encontrado na forma de sais complexos como metais e carbonatos. Algumas de suas aplica\u00e7\u00f5es modernas est\u00e3o nas \u00e1reas de tecnologia, militar, ind\u00fastrias nucleares e medicina. Conhe\u00e7a agora mais detalhes sobre esse elemento qu\u00edmico.<\/p>\n<h2> <strong>O que \u00e9 ur\u00e2nio?<\/strong><\/h2>\n<p> \u00c9 um elemento qu\u00edmico da tabela peri\u00f3dica que pertence ao grupo dos actin\u00eddeos, de cor acinzentada prateada. Seus compostos incluem nitrato de ur\u00e2nio, hexafluoreto de ur\u00e2nio, di\u00f3xido de ur\u00e2nio, \u00f3xido de ur\u00e2nio e tetrafluoreto de ur\u00e2nio.<\/p>\n<h3> <strong>S\u00edmbolo de ur\u00e2nio<\/strong><\/h3>\n<p> <span class=\"content-chemical-element\" style=\"float: left;width: 65px;height: 65px;border: 3px solid #666; display:flex;\n    justify-content: center;align-items: center;margin-right: 15px;\"><span style=\"font-size: 38px;\">U<\/span><\/span> Est\u00e1 localizado no grupo 3, per\u00edodo 7 da tabela qu\u00edmica com n\u00famero at\u00f4mico 92 e massa 238,03. \u00c9 uma mistura de tr\u00eas is\u00f3topos chamados Ur\u00e2nio 234, Ur\u00e2nio 235 e Ur\u00e2nio 238, que possuem a mesma carga qu\u00edmica, mas com propriedades radioativas diferentes.<\/p>\n<h2> <strong>Caracter\u00edsticas do ur\u00e2nio<\/strong><\/h2>\n<p> \u00c9 um metal denso, male\u00e1vel e d\u00factil, mas \u00e9 um mau condutor de eletricidade. Pode ser dissolvido em \u00e1cido n\u00edtrico e \u00e1cido clor\u00eddrico. No entanto, em \u00e1cidos n\u00e3o oxidantes, como os \u00e1cidos fluor\u00eddrico e sulf\u00farico, dissolve-se lentamente. As outras caracter\u00edsticas do ur\u00e2nio s\u00e3o:<\/p>\n<ul>\n<li> <strong>Magnetismo:<\/strong> \u00c9 um metal paramagn\u00e9tico.<\/li>\n<li> <strong>Reatividade Qu\u00edmica:<\/strong> Reage com a maioria dos elementos met\u00e1licos e compostos bin\u00e1rios.<\/li>\n<li> <strong>Alotropia:<\/strong> Possui 3 formas que incluem Alfa Ur\u00e2nio que possui geometria cristalina ortorr\u00f4mbica, Ur\u00e2nio Gama com geometria c\u00fabica e Ur\u00e2nio Beta com geometria tetragonal.<\/li>\n<li> <strong>Densidade:<\/strong> Depois do chumbo, sua densidade \u00e9 70% maior, mas em n\u00edvel inferior ao Wolfram.<\/li>\n<\/ul>\n<h2> <strong>Propriedades qu\u00edmicas e f\u00edsicas do ur\u00e2nio<\/strong><\/h2>\n<ol>\n<li> <strong>N\u00famero at\u00f4mico<\/strong> : 92<\/li>\n<li> <strong>Per\u00edodo:<\/strong> 6<\/li>\n<li> <strong>Bloco:<\/strong> f<\/li>\n<li> <strong>Raio covalente:<\/strong> 196<\/li>\n<li> <strong>Expans\u00e3o t\u00e9rmica:<\/strong> 13,9<\/li>\n<li> <strong>M\u00f3dulo de cisalhamento:<\/strong> 111 GPa<\/li>\n<li> <strong>Ponto de fus\u00e3o:<\/strong> 1405,3K<\/li>\n<li> <strong>Ponto de ebuli\u00e7\u00e3o:<\/strong> 4404K<\/li>\n<li> <strong>Eletronegatividade:<\/strong> 1,38<\/li>\n<li> <strong>M\u00f3dulo de Young:<\/strong> 208 GPa<\/li>\n<li> <strong>M\u00f3dulo de volume:<\/strong> 100 GPa<\/li>\n<li> <strong>Raio at\u00f4mico:<\/strong> 156 emp\u00edrico<\/li>\n<li> <strong>Velocidade do som:<\/strong> 3155 m\/s a 20\u00b0C<\/li>\n<li> <strong>Calor de vaporiza\u00e7\u00e3o: 417,1<\/strong> Kj\/mol<\/li>\n<li> <strong>Configura\u00e7\u00e3o eletr\u00f4nica:<\/strong> [Rn] 5f <sup>3<\/sup> 6d <sup>1<\/sup> 7s <sup>2<\/sup><\/li>\n<li> <strong>Condutividade t\u00e9rmica:<\/strong> 27,5W<\/li>\n<li> <strong>Calor de fus\u00e3o:<\/strong> 9,14 Kj\/mol<\/li>\n<\/ol>\n<h2> <strong>Origem do ur\u00e2nio<\/strong><\/h2>\n<p> Foi descoberto em 1789 pelo qu\u00edmico alem\u00e3o Martin Heinrich Klaproth, enquanto trabalhava em seu laborat\u00f3rio. Ao mesmo tempo, uma subst\u00e2ncia amarela foi precipitada dissolvendo pechblenda ou uraninita em \u00e1cido n\u00edtrico e neutralizando esta solu\u00e7\u00e3o com hidr\u00f3xido de s\u00f3dio. Ao v\u00ea-lo, presumiu que pertencia ao \u00f3xido de um elemento ainda n\u00e3o descoberto e come\u00e7ou a aquec\u00ea-lo. O resultado foi uma p\u00f3lvora negra ou \u00f3xido de ur\u00e2nio. O nome se deve ao planeta Urano, em homenagem ao m\u00edtico deus grego do c\u00e9u.<\/p>\n<h2> <strong>Para que \u00e9 usado o ur\u00e2nio?<\/strong><\/h2>\n<p> Este metal fornece o combust\u00edvel necess\u00e1rio para produzir eletricidade em usinas nucleares. Embora seja um metal comum, \u00e9 considerado uma fonte de energia n\u00e3o renov\u00e1vel. Aqui est\u00e3o alguns de seus aplicativos mais populares:<\/p>\n<h3> <strong>Ind\u00fastria<\/strong><\/h3>\n<p> O ur\u00e2nio empobrecido \u00e9 usado para fabricar m\u00e1quinas de perfura\u00e7\u00e3o e muni\u00e7\u00f5es pesadas. Tamb\u00e9m \u00e9 \u00fatil na fabrica\u00e7\u00e3o de armaduras em tanques de guerra e m\u00edsseis. Devido \u00e0 sua alta densidade, \u00e9 utilizado como estabilizador e lastro para veleiros, sat\u00e9lites artificiais e navios. Para estabilizar e garantir a capacidade de voo das aeronaves, o ur\u00e2nio empobrecido serve como elemento de contrapeso.<\/p>\n<p> O plut\u00f4nio \u00e9 obtido a partir do is\u00f3topo <sup>238<\/sup> U, utilizado na fabrica\u00e7\u00e3o de armas at\u00f4micas. Al\u00e9m disso, ajuda a alimentar reatores nucleares. Al\u00e9m disso, muitos cientistas e ge\u00f3logos usam o ur\u00e2nio-238 para estudar a idade da Terra. Da mesma forma, \u00e9 usado para fazer cristais brilhantes verdes ou amarelos. Suas ligas s\u00e3o necess\u00e1rias em dilui\u00e7\u00f5es de ur\u00e2nio enriquecido no abastecimento de combust\u00edvel l\u00edquido.<\/p>\n<h3> <strong>Vida cotidiana<\/strong><\/h3>\n<p> Embora suas aplica\u00e7\u00f5es sejam limitadas, tem sido utilizado para fazer esmaltes coloridos e revestir objetos cer\u00e2micos decorativos para lhes conferir brilho, cor e resist\u00eancia. Al\u00e9m disso, \u00e9 utilizado na fabrica\u00e7\u00e3o de fertilizantes que fornecem nutrientes ao solo e fazem as plantas crescerem.<\/p>\n<h3> <strong>Medicamento<\/strong><\/h3>\n<p> Os profissionais de sa\u00fade devem proteger-se dos equipamentos emissores de raios X para diagnosticar doen\u00e7as. \u00c9 por isso que s\u00e3o feitos trajes de prote\u00e7\u00e3o especiais \u00e0 base de ur\u00e2nio, pois esse elemento impede a penetra\u00e7\u00e3o dos raios no corpo. Por outro lado, tamb\u00e9m \u00e9 utilizado para esterilizar instrumentos cir\u00fargicos e para tratamento quimioter\u00e1pico.<\/p>\n<h2> <strong>Como o ur\u00e2nio \u00e9 extra\u00eddo?<\/strong><\/h2>\n<p> Isto \u00e9 conseguido atrav\u00e9s do uso de tecnologia de minera\u00e7\u00e3o. Quando est\u00e1 pr\u00f3ximo \u00e0 superf\u00edcie, \u00e9 realizado a c\u00e9u aberto, enquanto em maiores profundidades \u00e9 utilizada a minera\u00e7\u00e3o subterr\u00e2nea. No entanto, deve-se ter cuidado ao realizar este trabalho em \u00e1reas ventiladas para que os trabalhadores n\u00e3o fiquem diretamente expostos ao g\u00e1s rad\u00f4nio, produzido pelo<strong> <\/strong>decad\u00eancia do ur\u00e2nio.<\/p>\n<p> Concluindo, o ur\u00e2nio \u00e9 encontrado na crosta terrestre, incluindo rochas, solo e \u00e1gua. \u00c9 mais abundante que ber\u00edlio, merc\u00fario, prata, volfr\u00e2mio e ouro. Al\u00e9m disso, \u00e9 extra\u00eddo de outros minerais, como a uraninita, por meio do processo de minera\u00e7\u00e3o.<\/p>\n","protected":false},"excerpt":{"rendered":"<p>O ur\u00e2nio ocorre naturalmente, embora em baixas concentra\u00e7\u00f5es nas rochas, na \u00e1gua, no solo e nos seres vivos. Al\u00e9m disso, no mar \u00e9 encontrado na forma de sais complexos como metais e carbonatos. Algumas de suas aplica\u00e7\u00f5es modernas est\u00e3o nas \u00e1reas de tecnologia, militar, ind\u00fastrias nucleares e medicina. Conhe\u00e7a agora mais detalhes sobre esse elemento &#8230; <a title=\"Ur\u00e2nio\" class=\"read-more\" href=\"https:\/\/chemuza.org\/pt\/uranio\/\" aria-label=\"Mais em Ur\u00e2nio\">Ler mais<\/a><\/p>\n","protected":false},"author":1,"featured_media":0,"parent":0,"menu_order":0,"comment_status":"closed","ping_status":"closed","template":"","meta":{"footnotes":""},"class_list":["post-1546","page","type-page","status-publish"],"yoast_head":"<!-- This site is optimized with the Yoast SEO plugin v21.4 - https:\/\/yoast.com\/wordpress\/plugins\/seo\/ -->\n<title>Ur\u00e2nio - Chemuza<\/title>\n<meta name=\"robots\" content=\"index, follow, max-snippet:-1, max-image-preview:large, max-video-preview:-1\" \/>\n<link rel=\"canonical\" href=\"https:\/\/chemuza.org\/pt\/uranio\/\" \/>\n<meta property=\"og:locale\" content=\"pt_PT\" \/>\n<meta property=\"og:type\" content=\"article\" \/>\n<meta property=\"og:title\" content=\"Ur\u00e2nio - Chemuza\" \/>\n<meta property=\"og:description\" content=\"O ur\u00e2nio ocorre naturalmente, embora em baixas concentra\u00e7\u00f5es nas rochas, na \u00e1gua, no solo e nos seres vivos. Al\u00e9m disso, no mar \u00e9 encontrado na forma de sais complexos como metais e carbonatos. Algumas de suas aplica\u00e7\u00f5es modernas est\u00e3o nas \u00e1reas de tecnologia, militar, ind\u00fastrias nucleares e medicina. Conhe\u00e7a agora mais detalhes sobre esse elemento ... Ler mais\" \/>\n<meta property=\"og:url\" content=\"https:\/\/chemuza.org\/pt\/uranio\/\" \/>\n<meta property=\"og:site_name\" content=\"Statorials\" \/>\n<meta name=\"twitter:card\" content=\"summary_large_image\" \/>\n<meta name=\"twitter:label1\" content=\"Tempo estimado de leitura\" \/>\n\t<meta name=\"twitter:data1\" content=\"4 minutos\" \/>\n<script type=\"application\/ld+json\" class=\"yoast-schema-graph\">{\"@context\":\"https:\/\/schema.org\",\"@graph\":[{\"@type\":\"WebPage\",\"@id\":\"https:\/\/chemuza.org\/pt\/uranio\/\",\"url\":\"https:\/\/chemuza.org\/pt\/uranio\/\",\"name\":\"Ur\u00e2nio - Chemuza\",\"isPartOf\":{\"@id\":\"https:\/\/chemuza.org\/pt\/#website\"},\"datePublished\":\"2023-07-13T18:30:03+00:00\",\"dateModified\":\"2023-07-13T18:30:03+00:00\",\"breadcrumb\":{\"@id\":\"https:\/\/chemuza.org\/pt\/uranio\/#breadcrumb\"},\"inLanguage\":\"pt-PT\",\"potentialAction\":[{\"@type\":\"ReadAction\",\"target\":[\"https:\/\/chemuza.org\/pt\/uranio\/\"]}]},{\"@type\":\"BreadcrumbList\",\"@id\":\"https:\/\/chemuza.org\/pt\/uranio\/#breadcrumb\",\"itemListElement\":[{\"@type\":\"ListItem\",\"position\":1,\"name\":\"Lar\",\"item\":\"https:\/\/chemuza.org\/pt\/\"},{\"@type\":\"ListItem\",\"position\":2,\"name\":\"Ur\u00e2nio\"}]},{\"@type\":\"WebSite\",\"@id\":\"https:\/\/chemuza.org\/pt\/#website\",\"url\":\"https:\/\/chemuza.org\/pt\/\",\"name\":\"Chemuza\",\"description\":\"Sua porta de entrada para a descoberta qu\u00edmica!\",\"publisher\":{\"@id\":\"https:\/\/chemuza.org\/pt\/#organization\"},\"potentialAction\":[{\"@type\":\"SearchAction\",\"target\":{\"@type\":\"EntryPoint\",\"urlTemplate\":\"https:\/\/chemuza.org\/pt\/?s={search_term_string}\"},\"query-input\":\"required name=search_term_string\"}],\"inLanguage\":\"pt-PT\"},{\"@type\":\"Organization\",\"@id\":\"https:\/\/chemuza.org\/pt\/#organization\",\"name\":\"Chemuza\",\"url\":\"https:\/\/chemuza.org\/pt\/\",\"logo\":{\"@type\":\"ImageObject\",\"inLanguage\":\"pt-PT\",\"@id\":\"https:\/\/chemuza.org\/pt\/#\/schema\/logo\/image\/\",\"url\":\"https:\/\/chemuza.org\/pt\/wp-content\/uploads\/2023\/10\/chemuza-logo.png\",\"contentUrl\":\"https:\/\/chemuza.org\/pt\/wp-content\/uploads\/2023\/10\/chemuza-logo.png\",\"width\":387,\"height\":70,\"caption\":\"Chemuza\"},\"image\":{\"@id\":\"https:\/\/chemuza.org\/pt\/#\/schema\/logo\/image\/\"}}]}<\/script>\n<!-- \/ Yoast SEO plugin. -->","yoast_head_json":{"title":"Ur\u00e2nio - Chemuza","robots":{"index":"index","follow":"follow","max-snippet":"max-snippet:-1","max-image-preview":"max-image-preview:large","max-video-preview":"max-video-preview:-1"},"canonical":"https:\/\/chemuza.org\/pt\/uranio\/","og_locale":"pt_PT","og_type":"article","og_title":"Ur\u00e2nio - Chemuza","og_description":"O ur\u00e2nio ocorre naturalmente, embora em baixas concentra\u00e7\u00f5es nas rochas, na \u00e1gua, no solo e nos seres vivos. Al\u00e9m disso, no mar \u00e9 encontrado na forma de sais complexos como metais e carbonatos. Algumas de suas aplica\u00e7\u00f5es modernas est\u00e3o nas \u00e1reas de tecnologia, militar, ind\u00fastrias nucleares e medicina. Conhe\u00e7a agora mais detalhes sobre esse elemento ... Ler mais","og_url":"https:\/\/chemuza.org\/pt\/uranio\/","og_site_name":"Statorials","twitter_card":"summary_large_image","twitter_misc":{"Tempo estimado de leitura":"4 minutos"},"schema":{"@context":"https:\/\/schema.org","@graph":[{"@type":"WebPage","@id":"https:\/\/chemuza.org\/pt\/uranio\/","url":"https:\/\/chemuza.org\/pt\/uranio\/","name":"Ur\u00e2nio - Chemuza","isPartOf":{"@id":"https:\/\/chemuza.org\/pt\/#website"},"datePublished":"2023-07-13T18:30:03+00:00","dateModified":"2023-07-13T18:30:03+00:00","breadcrumb":{"@id":"https:\/\/chemuza.org\/pt\/uranio\/#breadcrumb"},"inLanguage":"pt-PT","potentialAction":[{"@type":"ReadAction","target":["https:\/\/chemuza.org\/pt\/uranio\/"]}]},{"@type":"BreadcrumbList","@id":"https:\/\/chemuza.org\/pt\/uranio\/#breadcrumb","itemListElement":[{"@type":"ListItem","position":1,"name":"Lar","item":"https:\/\/chemuza.org\/pt\/"},{"@type":"ListItem","position":2,"name":"Ur\u00e2nio"}]},{"@type":"WebSite","@id":"https:\/\/chemuza.org\/pt\/#website","url":"https:\/\/chemuza.org\/pt\/","name":"Chemuza","description":"Sua porta de entrada para a descoberta qu\u00edmica!","publisher":{"@id":"https:\/\/chemuza.org\/pt\/#organization"},"potentialAction":[{"@type":"SearchAction","target":{"@type":"EntryPoint","urlTemplate":"https:\/\/chemuza.org\/pt\/?s={search_term_string}"},"query-input":"required name=search_term_string"}],"inLanguage":"pt-PT"},{"@type":"Organization","@id":"https:\/\/chemuza.org\/pt\/#organization","name":"Chemuza","url":"https:\/\/chemuza.org\/pt\/","logo":{"@type":"ImageObject","inLanguage":"pt-PT","@id":"https:\/\/chemuza.org\/pt\/#\/schema\/logo\/image\/","url":"https:\/\/chemuza.org\/pt\/wp-content\/uploads\/2023\/10\/chemuza-logo.png","contentUrl":"https:\/\/chemuza.org\/pt\/wp-content\/uploads\/2023\/10\/chemuza-logo.png","width":387,"height":70,"caption":"Chemuza"},"image":{"@id":"https:\/\/chemuza.org\/pt\/#\/schema\/logo\/image\/"}}]}},"yoast_meta":{"yoast_wpseo_title":"","yoast_wpseo_metadesc":"","yoast_wpseo_canonical":""},"_links":{"self":[{"href":"https:\/\/chemuza.org\/pt\/wp-json\/wp\/v2\/pages\/1546","targetHints":{"allow":["GET"]}}],"collection":[{"href":"https:\/\/chemuza.org\/pt\/wp-json\/wp\/v2\/pages"}],"about":[{"href":"https:\/\/chemuza.org\/pt\/wp-json\/wp\/v2\/types\/page"}],"author":[{"embeddable":true,"href":"https:\/\/chemuza.org\/pt\/wp-json\/wp\/v2\/users\/1"}],"replies":[{"embeddable":true,"href":"https:\/\/chemuza.org\/pt\/wp-json\/wp\/v2\/comments?post=1546"}],"version-history":[{"count":0,"href":"https:\/\/chemuza.org\/pt\/wp-json\/wp\/v2\/pages\/1546\/revisions"}],"wp:attachment":[{"href":"https:\/\/chemuza.org\/pt\/wp-json\/wp\/v2\/media?parent=1546"}],"curies":[{"name":"wp","href":"https:\/\/api.w.org\/{rel}","templated":true}]}}