{"id":1545,"date":"2023-07-13T19:10:45","date_gmt":"2023-07-13T19:10:45","guid":{"rendered":"https:\/\/chemuza.org\/pt\/mercurio\/"},"modified":"2023-07-13T19:10:45","modified_gmt":"2023-07-13T19:10:45","slug":"mercurio","status":"publish","type":"page","link":"https:\/\/chemuza.org\/pt\/mercurio\/","title":{"rendered":"Merc\u00fario"},"content":{"rendered":"<p>\u00c9 encontrado em dep\u00f3sitos de carv\u00e3o ao redor do mundo e \u00e9 muito raro encontr\u00e1-lo na superf\u00edcie da Terra, onde aparece na forma de \u00f3xidos e sais. Estamos falando de Merc\u00fario, que \u00e9 usado na fabrica\u00e7\u00e3o de produtos qu\u00edmicos, em aplica\u00e7\u00f5es el\u00e9tricas, na medicina e na vida di\u00e1ria. Aprenda tudo o que voc\u00ea precisa saber sobre esse elemento qu\u00edmico.<\/p>\n<h2> <strong>O que \u00e9 Merc\u00fario?<\/strong><\/h2>\n<p> \u00c9 um elemento qu\u00edmico da categoria de metais de transi\u00e7\u00e3o da tabela peri\u00f3dica. Tamb\u00e9m conhecido como Hydrargiro ou Prata L\u00edquida e como Merc\u00fario. \u00c9 de cor prata brilhante com tons perolados. Os estados de oxida\u00e7\u00e3o de alguns de seus compostos variam de +2, +1 no caso do cloreto merc\u00farico e do cloreto mercuroso. Outros s\u00e3o os sais de nitrato de merc\u00fario, perclorato de merc\u00fario e dimetilmerc\u00fario, um composto cujos \u00e1tomos est\u00e3o ligados a part\u00edculas de nitrog\u00eanio ou carbono.<\/p>\n<h3> <strong>S\u00edmbolo de Merc\u00fario<\/strong><\/h3>\n<p> <span class=\"content-chemical-element\" style=\"float: left;width: 65px;height: 65px;border: 3px solid #666; display:flex;\n    justify-content: center;align-items: center;margin-right: 15px;\"><span style=\"font-size: 38px;\">Hg<\/span><\/span> Est\u00e1 localizado no grupo 12 da tabela peri\u00f3dica com n\u00famero at\u00f4mico 80 e massa de 200,59. Existem 7 variantes ou is\u00f3topos, alguns reativos com um longo per\u00edodo de decaimento que varia de 46 dias a cerca de 444 anos.<\/p>\n<h2> <strong>Caracter\u00edsticas do merc\u00fario<\/strong><\/h2>\n<p> Na forma s\u00f3lida, \u00e9 macio e n\u00e3o corr\u00f3i em ambientes temperados. Por\u00e9m, quando permanece exposto ao ar \u00famido por muito tempo, fica coberto por uma fina camada de ferrugem. Embora n\u00e3o seja condutor de calor, \u00e9 condutor de eletricidade. Conhe\u00e7a as outras caracter\u00edsticas do metal:<\/p>\n<ul>\n<li> <strong>Solubilidade:<\/strong> \u00c9 insol\u00favel em \u00e1gua e sol\u00favel em \u00e1cido n\u00edtrico.<\/li>\n<li> <strong>Estado:<\/strong> L\u00edquido.<\/li>\n<li> <strong>Reactividade qu\u00edmica:<\/strong> Baixa reactividade.<\/li>\n<li> <strong>Brilho:<\/strong> met\u00e1lico.<\/li>\n<li> <strong>Estrutura:<\/strong> hexagonal, rombo\u00e9drica.<\/li>\n<li> <strong>Ponto de ebuli\u00e7\u00e3o:<\/strong> Baixo.<\/li>\n<\/ul>\n<h2> <strong>Propriedades qu\u00edmicas e f\u00edsicas do merc\u00fario<\/strong><\/h2>\n<ol>\n<li> <strong>N\u00famero at\u00f4mico<\/strong> : 80<\/li>\n<li> <strong>Per\u00edodo:<\/strong> 6<\/li>\n<li> <strong>Bloco:<\/strong> d<\/li>\n<li> <strong>Raio covalente:<\/strong> 149<\/li>\n<li> <strong>Raio at\u00f4mico:<\/strong> 171<\/li>\n<li> <strong>Raio m\u00e9dio:<\/strong> 150<\/li>\n<li> <strong>Ponto de fus\u00e3o:<\/strong> 234,32K<\/li>\n<li> <strong>Eletronegatividade:<\/strong> 2,00<\/li>\n<li> <strong>Entalpia de vaporiza\u00e7\u00e3o:<\/strong> 59.229 kJ\/mol<\/li>\n<li> <strong>Entalpia de fus\u00e3o:<\/strong> 2,295 Kj\/mol<\/li>\n<li> <strong>Configura\u00e7\u00e3o eletr\u00f4nica:<\/strong> [Xe] 4f <sup>14<\/sup> 5d <sup>10<\/sup> 6s <sup>2<\/sup><\/li>\n<li> <strong>Velocidade do som:<\/strong> 1407 m\/s a 293,15 K<\/li>\n<li> <strong>Ponto de ebuli\u00e7\u00e3o:<\/strong> 629,88K<\/li>\n<li> <strong>Condutividade t\u00e9rmica:<\/strong> 8,34 W<\/li>\n<li> <strong>Densidade:<\/strong> 13534 kg\/m\u00b3<\/li>\n<li> <strong>Calor espec\u00edfico:<\/strong> 140 J<\/li>\n<li> <strong>Press\u00e3o de vapor:<\/strong> 0,0002 Pa a 234 K<\/li>\n<\/ol>\n<h2> <strong>Origem de Merc\u00fario<\/strong><\/h2>\n<p> O nome vem da palavra latina <em>hydrargyrum,<\/em> que significa \u00e1gua prateada. Na verdade, isso \u00e9 apropriado, porque \u00e9 um l\u00edquido como a \u00e1gua e brilha como a prata, por isso tamb\u00e9m est\u00e1 associado ao planeta Merc\u00fario.<\/p>\n<p> Quanto \u00e0 sua antiguidade, \u00e9 encontrado em alguns t\u00famulos eg\u00edpcios que datam de 1.500 a.C., e em outras Teotihuacanas que datam de 1.800 anos. Suas propriedades foram muito apreciadas pelo ser humano, pois era considerado um elemento nativo, original e puro do qual nasceram outros. Por isso foi considerado um metal capaz de prolongar a vida.<\/p>\n<h2> <strong>Para que serve Merc\u00fario?<\/strong><\/h2>\n<p> \u00c9 utilizado na fabrica\u00e7\u00e3o de produtos qu\u00edmicos industriais ou para aplica\u00e7\u00f5es el\u00e9tricas. Da mesma forma, term\u00f4metros de merc\u00fario amplamente utilizados na \u00e1rea de sa\u00fade hospitalar s\u00e3o fabricados com esse metal. Aqui est\u00e3o algumas de suas outras aplica\u00e7\u00f5es:<\/p>\n<h3> <strong>Medicamento<\/strong><\/h3>\n<p> Os compostos de merc\u00fario s\u00e3o \u00fateis na \u00e1rea m\u00e9dica, embora sejam um elemento t\u00f3xico para os humanos. Por\u00e9m, hoje \u00e9 utilizado como mat\u00e9ria-prima na prepara\u00e7\u00e3o de am\u00e1lgamas dent\u00e1rias. Al\u00e9m disso, o composto Merbromin \u00e9 eficaz como anti-s\u00e9ptico t\u00f3pico para pequenos cortes ou arranh\u00f5es.<\/p>\n<p> Por outro lado, existem medicamentos com baixas doses de compostos de merc\u00fario, como antiss\u00e9pticos, laxantes, col\u00edrios, sprays nasais, cremes para dermatites, antidepressivos e para tratamento de s\u00edfilis.<\/p>\n<h3> <strong>Ind\u00fastrias<\/strong><\/h3>\n<p> Bar\u00f4metros de merc\u00fario, eletrodos, interruptores l\u00edquidos e l\u00e2mpadas de vapor de merc\u00fario est\u00e3o entre os usos industriais comuns desse metal. Al\u00e9m disso, \u00e9 usado como catalisador em baterias, pesticidas e pigmentos em ceras e tintas. O Fulminato de Merc\u00fario \u00e9 usado como detonador de explosivos e na produ\u00e7\u00e3o de soda c\u00e1ustica e ouro. Da mesma forma, na forma l\u00edquida, serve como agente de resfriamento em reatores nucleares.<\/p>\n<p> Al\u00e9m disso, \u00e9 utilizado na preserva\u00e7\u00e3o de madeira, em espelhos de prata e em tintas especiais para evitar a ades\u00e3o de organismos ao casco dos navios. Al\u00e9m disso, \u00e9 poss\u00edvel encontrar vest\u00edgios de merc\u00fario em objetos do cotidiano, como calculadoras de bolso, balan\u00e7as de cozinha e luzes em cal\u00e7ados infantis.<\/p>\n<h2> <strong>Toxicidade de merc\u00fario<\/strong><\/h2>\n<p> A forma t\u00f3xica mais comum de merc\u00fario ocorre quando ele \u00e9 liberado no meio ambiente e convertido em metilmerc\u00fario. Depois acumula-se na vida marinha, como mariscos e peixes. Portanto, pessoas que comem peixes contaminados podem ser envenenadas por esses alimentos. Os trabalhadores que inalam seus vapores durante determinados processos industriais que utilizam merc\u00fario tamb\u00e9m correm risco.<\/p>\n<p> Concluindo, Merc\u00fario \u00e9 um metal de transi\u00e7\u00e3o raramente encontrado na crosta terrestre. \u00c9 muito mais pesado que a \u00e1gua, tem uma cor prateada brilhante e \u00e9 comumente usado na ind\u00fastria e na medicina. No entanto, \u00e9 um elemento altamente t\u00f3xico para os humanos.<\/p>\n","protected":false},"excerpt":{"rendered":"<p>\u00c9 encontrado em dep\u00f3sitos de carv\u00e3o ao redor do mundo e \u00e9 muito raro encontr\u00e1-lo na superf\u00edcie da Terra, onde aparece na forma de \u00f3xidos e sais. Estamos falando de Merc\u00fario, que \u00e9 usado na fabrica\u00e7\u00e3o de produtos qu\u00edmicos, em aplica\u00e7\u00f5es el\u00e9tricas, na medicina e na vida di\u00e1ria. Aprenda tudo o que voc\u00ea precisa saber &#8230; <a title=\"Merc\u00fario\" class=\"read-more\" href=\"https:\/\/chemuza.org\/pt\/mercurio\/\" aria-label=\"Mais em Merc\u00fario\">Ler mais<\/a><\/p>\n","protected":false},"author":1,"featured_media":0,"parent":0,"menu_order":0,"comment_status":"closed","ping_status":"closed","template":"","meta":{"footnotes":""},"class_list":["post-1545","page","type-page","status-publish"],"yoast_head":"<!-- This site is optimized with the Yoast SEO plugin v21.4 - https:\/\/yoast.com\/wordpress\/plugins\/seo\/ -->\n<title>Merc\u00fario - Chemuza<\/title>\n<meta name=\"robots\" content=\"index, follow, max-snippet:-1, max-image-preview:large, max-video-preview:-1\" \/>\n<link rel=\"canonical\" href=\"https:\/\/chemuza.org\/pt\/mercurio\/\" \/>\n<meta property=\"og:locale\" content=\"pt_PT\" \/>\n<meta property=\"og:type\" content=\"article\" \/>\n<meta property=\"og:title\" content=\"Merc\u00fario - Chemuza\" \/>\n<meta property=\"og:description\" content=\"\u00c9 encontrado em dep\u00f3sitos de carv\u00e3o ao redor do mundo e \u00e9 muito raro encontr\u00e1-lo na superf\u00edcie da Terra, onde aparece na forma de \u00f3xidos e sais. Estamos falando de Merc\u00fario, que \u00e9 usado na fabrica\u00e7\u00e3o de produtos qu\u00edmicos, em aplica\u00e7\u00f5es el\u00e9tricas, na medicina e na vida di\u00e1ria. Aprenda tudo o que voc\u00ea precisa saber ... Ler mais\" \/>\n<meta property=\"og:url\" content=\"https:\/\/chemuza.org\/pt\/mercurio\/\" \/>\n<meta property=\"og:site_name\" content=\"Statorials\" \/>\n<meta name=\"twitter:card\" content=\"summary_large_image\" \/>\n<meta name=\"twitter:label1\" content=\"Tempo estimado de leitura\" \/>\n\t<meta name=\"twitter:data1\" content=\"4 minutos\" \/>\n<script type=\"application\/ld+json\" class=\"yoast-schema-graph\">{\"@context\":\"https:\/\/schema.org\",\"@graph\":[{\"@type\":\"WebPage\",\"@id\":\"https:\/\/chemuza.org\/pt\/mercurio\/\",\"url\":\"https:\/\/chemuza.org\/pt\/mercurio\/\",\"name\":\"Merc\u00fario - Chemuza\",\"isPartOf\":{\"@id\":\"https:\/\/chemuza.org\/pt\/#website\"},\"datePublished\":\"2023-07-13T19:10:45+00:00\",\"dateModified\":\"2023-07-13T19:10:45+00:00\",\"breadcrumb\":{\"@id\":\"https:\/\/chemuza.org\/pt\/mercurio\/#breadcrumb\"},\"inLanguage\":\"pt-PT\",\"potentialAction\":[{\"@type\":\"ReadAction\",\"target\":[\"https:\/\/chemuza.org\/pt\/mercurio\/\"]}]},{\"@type\":\"BreadcrumbList\",\"@id\":\"https:\/\/chemuza.org\/pt\/mercurio\/#breadcrumb\",\"itemListElement\":[{\"@type\":\"ListItem\",\"position\":1,\"name\":\"Lar\",\"item\":\"https:\/\/chemuza.org\/pt\/\"},{\"@type\":\"ListItem\",\"position\":2,\"name\":\"Merc\u00fario\"}]},{\"@type\":\"WebSite\",\"@id\":\"https:\/\/chemuza.org\/pt\/#website\",\"url\":\"https:\/\/chemuza.org\/pt\/\",\"name\":\"Chemuza\",\"description\":\"Sua porta de entrada para a descoberta qu\u00edmica!\",\"publisher\":{\"@id\":\"https:\/\/chemuza.org\/pt\/#organization\"},\"potentialAction\":[{\"@type\":\"SearchAction\",\"target\":{\"@type\":\"EntryPoint\",\"urlTemplate\":\"https:\/\/chemuza.org\/pt\/?s={search_term_string}\"},\"query-input\":\"required name=search_term_string\"}],\"inLanguage\":\"pt-PT\"},{\"@type\":\"Organization\",\"@id\":\"https:\/\/chemuza.org\/pt\/#organization\",\"name\":\"Chemuza\",\"url\":\"https:\/\/chemuza.org\/pt\/\",\"logo\":{\"@type\":\"ImageObject\",\"inLanguage\":\"pt-PT\",\"@id\":\"https:\/\/chemuza.org\/pt\/#\/schema\/logo\/image\/\",\"url\":\"https:\/\/chemuza.org\/pt\/wp-content\/uploads\/2023\/10\/chemuza-logo.png\",\"contentUrl\":\"https:\/\/chemuza.org\/pt\/wp-content\/uploads\/2023\/10\/chemuza-logo.png\",\"width\":387,\"height\":70,\"caption\":\"Chemuza\"},\"image\":{\"@id\":\"https:\/\/chemuza.org\/pt\/#\/schema\/logo\/image\/\"}}]}<\/script>\n<!-- \/ Yoast SEO plugin. -->","yoast_head_json":{"title":"Merc\u00fario - Chemuza","robots":{"index":"index","follow":"follow","max-snippet":"max-snippet:-1","max-image-preview":"max-image-preview:large","max-video-preview":"max-video-preview:-1"},"canonical":"https:\/\/chemuza.org\/pt\/mercurio\/","og_locale":"pt_PT","og_type":"article","og_title":"Merc\u00fario - Chemuza","og_description":"\u00c9 encontrado em dep\u00f3sitos de carv\u00e3o ao redor do mundo e \u00e9 muito raro encontr\u00e1-lo na superf\u00edcie da Terra, onde aparece na forma de \u00f3xidos e sais. Estamos falando de Merc\u00fario, que \u00e9 usado na fabrica\u00e7\u00e3o de produtos qu\u00edmicos, em aplica\u00e7\u00f5es el\u00e9tricas, na medicina e na vida di\u00e1ria. Aprenda tudo o que voc\u00ea precisa saber ... Ler mais","og_url":"https:\/\/chemuza.org\/pt\/mercurio\/","og_site_name":"Statorials","twitter_card":"summary_large_image","twitter_misc":{"Tempo estimado de leitura":"4 minutos"},"schema":{"@context":"https:\/\/schema.org","@graph":[{"@type":"WebPage","@id":"https:\/\/chemuza.org\/pt\/mercurio\/","url":"https:\/\/chemuza.org\/pt\/mercurio\/","name":"Merc\u00fario - Chemuza","isPartOf":{"@id":"https:\/\/chemuza.org\/pt\/#website"},"datePublished":"2023-07-13T19:10:45+00:00","dateModified":"2023-07-13T19:10:45+00:00","breadcrumb":{"@id":"https:\/\/chemuza.org\/pt\/mercurio\/#breadcrumb"},"inLanguage":"pt-PT","potentialAction":[{"@type":"ReadAction","target":["https:\/\/chemuza.org\/pt\/mercurio\/"]}]},{"@type":"BreadcrumbList","@id":"https:\/\/chemuza.org\/pt\/mercurio\/#breadcrumb","itemListElement":[{"@type":"ListItem","position":1,"name":"Lar","item":"https:\/\/chemuza.org\/pt\/"},{"@type":"ListItem","position":2,"name":"Merc\u00fario"}]},{"@type":"WebSite","@id":"https:\/\/chemuza.org\/pt\/#website","url":"https:\/\/chemuza.org\/pt\/","name":"Chemuza","description":"Sua porta de entrada para a descoberta qu\u00edmica!","publisher":{"@id":"https:\/\/chemuza.org\/pt\/#organization"},"potentialAction":[{"@type":"SearchAction","target":{"@type":"EntryPoint","urlTemplate":"https:\/\/chemuza.org\/pt\/?s={search_term_string}"},"query-input":"required name=search_term_string"}],"inLanguage":"pt-PT"},{"@type":"Organization","@id":"https:\/\/chemuza.org\/pt\/#organization","name":"Chemuza","url":"https:\/\/chemuza.org\/pt\/","logo":{"@type":"ImageObject","inLanguage":"pt-PT","@id":"https:\/\/chemuza.org\/pt\/#\/schema\/logo\/image\/","url":"https:\/\/chemuza.org\/pt\/wp-content\/uploads\/2023\/10\/chemuza-logo.png","contentUrl":"https:\/\/chemuza.org\/pt\/wp-content\/uploads\/2023\/10\/chemuza-logo.png","width":387,"height":70,"caption":"Chemuza"},"image":{"@id":"https:\/\/chemuza.org\/pt\/#\/schema\/logo\/image\/"}}]}},"yoast_meta":{"yoast_wpseo_title":"","yoast_wpseo_metadesc":"","yoast_wpseo_canonical":""},"_links":{"self":[{"href":"https:\/\/chemuza.org\/pt\/wp-json\/wp\/v2\/pages\/1545","targetHints":{"allow":["GET"]}}],"collection":[{"href":"https:\/\/chemuza.org\/pt\/wp-json\/wp\/v2\/pages"}],"about":[{"href":"https:\/\/chemuza.org\/pt\/wp-json\/wp\/v2\/types\/page"}],"author":[{"embeddable":true,"href":"https:\/\/chemuza.org\/pt\/wp-json\/wp\/v2\/users\/1"}],"replies":[{"embeddable":true,"href":"https:\/\/chemuza.org\/pt\/wp-json\/wp\/v2\/comments?post=1545"}],"version-history":[{"count":0,"href":"https:\/\/chemuza.org\/pt\/wp-json\/wp\/v2\/pages\/1545\/revisions"}],"wp:attachment":[{"href":"https:\/\/chemuza.org\/pt\/wp-json\/wp\/v2\/media?parent=1545"}],"curies":[{"name":"wp","href":"https:\/\/api.w.org\/{rel}","templated":true}]}}