{"id":1544,"date":"2023-07-13T19:24:54","date_gmt":"2023-07-13T19:24:54","guid":{"rendered":"https:\/\/chemuza.org\/pt\/actinio\/"},"modified":"2023-07-13T19:24:54","modified_gmt":"2023-07-13T19:24:54","slug":"actinio","status":"publish","type":"page","link":"https:\/\/chemuza.org\/pt\/actinio\/","title":{"rendered":"Act\u00ednio"},"content":{"rendered":"<p>\u00c9 o elemento que encabe\u00e7a a s\u00e9rie qu\u00edmica denominada Actin\u00eddeos ou Actin\u00f3ides. Seu comportamento \u00e9 semelhante ao do lant\u00e2nio, geralmente \u00e9 encontrado em vest\u00edgios de minerais de ur\u00e2nio e apresenta alta radioatividade. Ent\u00e3o descubra mais caracter\u00edsticas e propriedades do Actinium.<\/p>\n<h2> <strong>O que \u00e9 Act\u00ednio?<\/strong><\/h2>\n<p> \u00c9 um elemento met\u00e1lico de transi\u00e7\u00e3o interna com a s\u00e9rie Lanthanidos, ou seja, uma terra rara. Act\u00ednio exibe radioatividade intensa, apar\u00eancia prateada e brilho azulado no escuro. Al\u00e9m disso, \u00e9 macio, pesado, inodoro e dif\u00edcil de extrair e separar de suas fontes minerais.<\/p>\n<h3> <strong>S\u00edmbolo de act\u00ednio<\/strong><\/h3>\n<p> <span class=\"content-chemical-element\" style=\"float: left;width: 65px;height: 65px;border: 3px solid #666; display:flex;\n    justify-content: center;align-items: center;margin-right: 15px;\"><span style=\"font-size: 38px;\">Ac<\/span><\/span> O s\u00edmbolo qu\u00edmico do Act\u00ednio \u00e9 uma abreviatura do seu nome, que vem etimologicamente da palavra grega <em>aktis<\/em> , por sua vez da express\u00e3o <em>aktinos<\/em> , cujo significado \u00e9 <em>feixe<\/em> ou <em>raio de luz<\/em> . Esta designa\u00e7\u00e3o \u00e9 apropriada porque alude \u00e0s qualidades radioativas do elemento.<\/p>\n<h2> <strong>Caracter\u00edsticas do Act\u00ednio<\/strong><\/h2>\n<p> Entre as suas propriedades organol\u00e9pticas, observamos que \u00e9 um elemento macio, inodoro, pesado e brilhante. Por outro lado, de uma tonelada de min\u00e9rio de ur\u00e2nio pode-se extrair 0,1 grama do elemento. Ac <sup>+3<\/sup> \u00e9 o maior c\u00e1tion que existe, al\u00e9m disso, pode conter aproximadamente 11 mol\u00e9culas de H\u2082O. Descubra as outras caracter\u00edsticas do Actinium:<\/p>\n<ul>\n<li> <strong>Reatividade qu\u00edmica<\/strong> : Reage rapidamente na presen\u00e7a de oxig\u00eanio atmosf\u00e9rico formando uma pel\u00edcula ou camada de \u00f3xido, evitando assim uma poss\u00edvel oxida\u00e7\u00e3o.<\/li>\n<li> <strong>Cor<\/strong> : Possui tonalidade branca, prateada e brilhante.<\/li>\n<li> <strong>Estado<\/strong> : Em condi\u00e7\u00f5es ambientais normais, encontra-se no estado s\u00f3lido.<\/li>\n<li> <strong>Derretimento e ebuli\u00e7\u00e3o<\/strong> : Caracteriza-se por um alto ponto de fus\u00e3o e ebuli\u00e7\u00e3o.<\/li>\n<li> <strong>Estados de oxida\u00e7\u00e3o<\/strong> : Devido ao seu estado de oxida\u00e7\u00e3o +3, comporta-se como um \u00f3xido b\u00e1sico ou met\u00e1lico forte.<\/li>\n<li> <strong>Radioatividade<\/strong> : \u00c9 um elemento radioativo intenso, cuja radioatividade \u00e9 geralmente 150 vezes maior que a do R\u00e1dio.<\/li>\n<li> <strong>Estrutura cristalina<\/strong> : Possui estrutura c\u00fabica de face centrada.<\/li>\n<li> <strong>Composi\u00e7\u00e3o at\u00f4mica<\/strong> : \u00c9 composta por 138 n\u00eautrons, 89 pr\u00f3tons e 89 el\u00e9trons. <strong>&nbsp;<\/strong><\/li>\n<li> <strong>Is\u00f3topos<\/strong> : Cont\u00e9m 30 is\u00f3topos, 22 dos quais s\u00e3o artificiais e todos t\u00eam meia-vida curta.<\/li>\n<\/ul>\n<h2> <strong>Propriedades qu\u00edmicas e f\u00edsicas do Act\u00ednio<\/strong><\/h2>\n<ol>\n<li> <strong>N\u00famero at\u00f4mico<\/strong> : 89<\/li>\n<li> <strong>\u00d3xido<\/strong> : Neutro<\/li>\n<li> <strong>Estados de oxida\u00e7\u00e3o<\/strong> : +3<\/li>\n<li> <strong>Densidade (g\/ml)<\/strong> : 10.070 kg\/m <sup>3<\/sup><\/li>\n<li> <strong>Raio m\u00e9dio (\u00c5)<\/strong> : 195 pm<\/li>\n<li> <strong>Raio at\u00f4mico (\u00c5)<\/strong> : 188 pm<\/li>\n<li> <strong>Calor espec\u00edfico<\/strong> : Sem dados<\/li>\n<li> <strong>Massa at\u00f4mica (g\/mol)<\/strong> : 227 u<\/li>\n<li> <strong>Ponto de fus\u00e3o<\/strong> : 1050\u00b0C (1323K)<\/li>\n<li> <strong>Primeiro potencial de ioniza\u00e7\u00e3o (eV)<\/strong> : 499 kJ\/mol<\/li>\n<li> <strong>Ponto de ebuli\u00e7\u00e3o<\/strong> : 3198\u00b0C (3471 K)<\/li>\n<li> <strong>Configura\u00e7\u00e3o eletr\u00f4nica<\/strong> : [Rn] 6d <sup>1<\/sup> 7s <sup>2<\/sup><\/li>\n<li> <strong>El\u00e9trons por n\u00edvel<\/strong> : 2, 8, 18, 32, 18, 9, 2<\/li>\n<li> <strong>Entalpia de vaporiza\u00e7\u00e3o<\/strong> : 418 kJ\/mol<\/li>\n<li> <strong>Eletronegatividade<\/strong> : 1,1 (escala Pauling)<\/li>\n<li> <strong>Entalpia de fus\u00e3o<\/strong> : 62 kJ\/mol<\/li>\n<li> <strong>Velocidade do som<\/strong> : Sem dados<\/li>\n<\/ol>\n<h2> <strong>Origem do Act\u00ednio<\/strong><\/h2>\n<p> Segundo a hist\u00f3ria do Actinium, este elemento foi descoberto de forma independente por dois cientistas. O primeiro caso foi devido ao qu\u00edmico Andr\u00e9-Louis Debierne em 1899, que o obteve a partir do mineral Uraninite. No mesmo ano, classificou-o como uma subst\u00e2ncia semelhante ao tit\u00e2nio e, em 1900, semelhante ao t\u00f3rio. Mais tarde, entre 1900 e 1904, realizou novos estudos sobre o metal ao qual deu o nome de <em>Actinium<\/em> .<\/p>\n<p> O segundo caso \u00e9 o do qu\u00edmico alem\u00e3o Friedrich Oscar Giesel, que o comparou a uma subst\u00e2ncia semelhante ao lant\u00e2nio e em 1904 o chamou de <em>Emanium<\/em> . Os dois resultados foram comparados e concluiu-se que eram id\u00eanticos. No entanto, \u00e9 o nome proposto por Andr\u00e9-Louis Debierne, considerado o seu descobridor oficial, que foi mantido.<\/p>\n<h2> <strong>Para que \u00e9 utilizado o Act\u00ednio?<\/strong><\/h2>\n<p> A utilidade do elemento Act\u00ednio \u00e9 principalmente para pesquisas cient\u00edficas. No entanto, gra\u00e7as \u00e0 sua alta radioatividade, pode ser \u00fatil como fonte de n\u00eautrons. Apesar disso, n\u00e3o cont\u00e9m aplica\u00e7\u00f5es comerciais e industriais significativas al\u00e9m das aqui consideradas:<\/p>\n<h3> <strong>Usos m\u00e9dicos<\/strong><\/h3>\n<p> O elemento qu\u00edmico Act\u00ednio por ser altamente radioativo, \u00e9 utilizado em pesquisas na \u00e1rea m\u00e9dica. Por exemplo, para poss\u00edveis tratamentos contra o c\u00e2ncer, j\u00e1 que seu processo de produ\u00e7\u00e3o envolve a irradia\u00e7\u00e3o de n\u00eautrons e is\u00f3topos <sup>226<\/sup> Ra em reatores nucleares.<\/p>\n<h3> <strong>Na espa\u00e7onave da NASA<\/strong><\/h3>\n<p> Os cientistas concordam que esse metal tem grande potencial, tanto para uso na fabrica\u00e7\u00e3o de futuros geradores termoel\u00e9tricos de is\u00f3topos radioativos. Eles s\u00e3o \u00fateis para fornecer maior pot\u00eancia aos navios.<\/p>\n<h3> <strong>Calcule a mistura vertical no oceano<\/strong><\/h3>\n<p> O \u00fanico is\u00f3topo identificado naturalmente no Act\u00ednio \u00e9 <sup>o 227<\/sup> Ac, cuja principal qualidade \u00e9 ter uma vida \u00fatil m\u00e9dia de 21,77 anos. \u00c9, portanto, um recurso ideal para uso em processos limnol\u00f3gicos, como a estimativa e c\u00e1lculo da mistura vertical em \u00e1guas oce\u00e2nicas.<\/p>\n<p> Concluindo, o metal Act\u00ednio \u00e9 o elemento que domina a s\u00e9rie qu\u00edmica dos Actin\u00eddeos. \u00c9 altamente radioativo, de cor prateada, pesado, inodoro e macio. Al\u00e9m disso, caracteriza-se por apresentar uma luz azulada brilhante no escuro e n\u00e3o tem aplica\u00e7\u00e3o comercial, mas sim para pesquisas cient\u00edficas.<\/p>\n","protected":false},"excerpt":{"rendered":"<p>\u00c9 o elemento que encabe\u00e7a a s\u00e9rie qu\u00edmica denominada Actin\u00eddeos ou Actin\u00f3ides. Seu comportamento \u00e9 semelhante ao do lant\u00e2nio, geralmente \u00e9 encontrado em vest\u00edgios de minerais de ur\u00e2nio e apresenta alta radioatividade. Ent\u00e3o descubra mais caracter\u00edsticas e propriedades do Actinium. O que \u00e9 Act\u00ednio? \u00c9 um elemento met\u00e1lico de transi\u00e7\u00e3o interna com a s\u00e9rie Lanthanidos, &#8230; <a title=\"Act\u00ednio\" class=\"read-more\" href=\"https:\/\/chemuza.org\/pt\/actinio\/\" aria-label=\"Mais em Act\u00ednio\">Ler mais<\/a><\/p>\n","protected":false},"author":1,"featured_media":0,"parent":0,"menu_order":0,"comment_status":"closed","ping_status":"closed","template":"","meta":{"footnotes":""},"class_list":["post-1544","page","type-page","status-publish"],"yoast_head":"<!-- This site is optimized with the Yoast SEO plugin v21.4 - https:\/\/yoast.com\/wordpress\/plugins\/seo\/ -->\n<title>Act\u00ednio - Chemuza<\/title>\n<meta name=\"robots\" content=\"index, follow, max-snippet:-1, max-image-preview:large, max-video-preview:-1\" \/>\n<link rel=\"canonical\" href=\"https:\/\/chemuza.org\/pt\/actinio\/\" \/>\n<meta property=\"og:locale\" content=\"pt_PT\" \/>\n<meta property=\"og:type\" content=\"article\" \/>\n<meta property=\"og:title\" content=\"Act\u00ednio - Chemuza\" \/>\n<meta property=\"og:description\" content=\"\u00c9 o elemento que encabe\u00e7a a s\u00e9rie qu\u00edmica denominada Actin\u00eddeos ou Actin\u00f3ides. Seu comportamento \u00e9 semelhante ao do lant\u00e2nio, geralmente \u00e9 encontrado em vest\u00edgios de minerais de ur\u00e2nio e apresenta alta radioatividade. Ent\u00e3o descubra mais caracter\u00edsticas e propriedades do Actinium. O que \u00e9 Act\u00ednio? \u00c9 um elemento met\u00e1lico de transi\u00e7\u00e3o interna com a s\u00e9rie Lanthanidos, ... Ler mais\" \/>\n<meta property=\"og:url\" content=\"https:\/\/chemuza.org\/pt\/actinio\/\" \/>\n<meta property=\"og:site_name\" content=\"Statorials\" \/>\n<meta name=\"twitter:card\" content=\"summary_large_image\" \/>\n<meta name=\"twitter:label1\" content=\"Tempo estimado de leitura\" \/>\n\t<meta name=\"twitter:data1\" content=\"4 minutos\" \/>\n<script type=\"application\/ld+json\" class=\"yoast-schema-graph\">{\"@context\":\"https:\/\/schema.org\",\"@graph\":[{\"@type\":\"WebPage\",\"@id\":\"https:\/\/chemuza.org\/pt\/actinio\/\",\"url\":\"https:\/\/chemuza.org\/pt\/actinio\/\",\"name\":\"Act\u00ednio - Chemuza\",\"isPartOf\":{\"@id\":\"https:\/\/chemuza.org\/pt\/#website\"},\"datePublished\":\"2023-07-13T19:24:54+00:00\",\"dateModified\":\"2023-07-13T19:24:54+00:00\",\"breadcrumb\":{\"@id\":\"https:\/\/chemuza.org\/pt\/actinio\/#breadcrumb\"},\"inLanguage\":\"pt-PT\",\"potentialAction\":[{\"@type\":\"ReadAction\",\"target\":[\"https:\/\/chemuza.org\/pt\/actinio\/\"]}]},{\"@type\":\"BreadcrumbList\",\"@id\":\"https:\/\/chemuza.org\/pt\/actinio\/#breadcrumb\",\"itemListElement\":[{\"@type\":\"ListItem\",\"position\":1,\"name\":\"Lar\",\"item\":\"https:\/\/chemuza.org\/pt\/\"},{\"@type\":\"ListItem\",\"position\":2,\"name\":\"Act\u00ednio\"}]},{\"@type\":\"WebSite\",\"@id\":\"https:\/\/chemuza.org\/pt\/#website\",\"url\":\"https:\/\/chemuza.org\/pt\/\",\"name\":\"Chemuza\",\"description\":\"Sua porta de entrada para a descoberta qu\u00edmica!\",\"publisher\":{\"@id\":\"https:\/\/chemuza.org\/pt\/#organization\"},\"potentialAction\":[{\"@type\":\"SearchAction\",\"target\":{\"@type\":\"EntryPoint\",\"urlTemplate\":\"https:\/\/chemuza.org\/pt\/?s={search_term_string}\"},\"query-input\":\"required name=search_term_string\"}],\"inLanguage\":\"pt-PT\"},{\"@type\":\"Organization\",\"@id\":\"https:\/\/chemuza.org\/pt\/#organization\",\"name\":\"Chemuza\",\"url\":\"https:\/\/chemuza.org\/pt\/\",\"logo\":{\"@type\":\"ImageObject\",\"inLanguage\":\"pt-PT\",\"@id\":\"https:\/\/chemuza.org\/pt\/#\/schema\/logo\/image\/\",\"url\":\"https:\/\/chemuza.org\/pt\/wp-content\/uploads\/2023\/10\/chemuza-logo.png\",\"contentUrl\":\"https:\/\/chemuza.org\/pt\/wp-content\/uploads\/2023\/10\/chemuza-logo.png\",\"width\":387,\"height\":70,\"caption\":\"Chemuza\"},\"image\":{\"@id\":\"https:\/\/chemuza.org\/pt\/#\/schema\/logo\/image\/\"}}]}<\/script>\n<!-- \/ Yoast SEO plugin. -->","yoast_head_json":{"title":"Act\u00ednio - Chemuza","robots":{"index":"index","follow":"follow","max-snippet":"max-snippet:-1","max-image-preview":"max-image-preview:large","max-video-preview":"max-video-preview:-1"},"canonical":"https:\/\/chemuza.org\/pt\/actinio\/","og_locale":"pt_PT","og_type":"article","og_title":"Act\u00ednio - Chemuza","og_description":"\u00c9 o elemento que encabe\u00e7a a s\u00e9rie qu\u00edmica denominada Actin\u00eddeos ou Actin\u00f3ides. Seu comportamento \u00e9 semelhante ao do lant\u00e2nio, geralmente \u00e9 encontrado em vest\u00edgios de minerais de ur\u00e2nio e apresenta alta radioatividade. Ent\u00e3o descubra mais caracter\u00edsticas e propriedades do Actinium. O que \u00e9 Act\u00ednio? \u00c9 um elemento met\u00e1lico de transi\u00e7\u00e3o interna com a s\u00e9rie Lanthanidos, ... Ler mais","og_url":"https:\/\/chemuza.org\/pt\/actinio\/","og_site_name":"Statorials","twitter_card":"summary_large_image","twitter_misc":{"Tempo estimado de leitura":"4 minutos"},"schema":{"@context":"https:\/\/schema.org","@graph":[{"@type":"WebPage","@id":"https:\/\/chemuza.org\/pt\/actinio\/","url":"https:\/\/chemuza.org\/pt\/actinio\/","name":"Act\u00ednio - Chemuza","isPartOf":{"@id":"https:\/\/chemuza.org\/pt\/#website"},"datePublished":"2023-07-13T19:24:54+00:00","dateModified":"2023-07-13T19:24:54+00:00","breadcrumb":{"@id":"https:\/\/chemuza.org\/pt\/actinio\/#breadcrumb"},"inLanguage":"pt-PT","potentialAction":[{"@type":"ReadAction","target":["https:\/\/chemuza.org\/pt\/actinio\/"]}]},{"@type":"BreadcrumbList","@id":"https:\/\/chemuza.org\/pt\/actinio\/#breadcrumb","itemListElement":[{"@type":"ListItem","position":1,"name":"Lar","item":"https:\/\/chemuza.org\/pt\/"},{"@type":"ListItem","position":2,"name":"Act\u00ednio"}]},{"@type":"WebSite","@id":"https:\/\/chemuza.org\/pt\/#website","url":"https:\/\/chemuza.org\/pt\/","name":"Chemuza","description":"Sua porta de entrada para a descoberta qu\u00edmica!","publisher":{"@id":"https:\/\/chemuza.org\/pt\/#organization"},"potentialAction":[{"@type":"SearchAction","target":{"@type":"EntryPoint","urlTemplate":"https:\/\/chemuza.org\/pt\/?s={search_term_string}"},"query-input":"required name=search_term_string"}],"inLanguage":"pt-PT"},{"@type":"Organization","@id":"https:\/\/chemuza.org\/pt\/#organization","name":"Chemuza","url":"https:\/\/chemuza.org\/pt\/","logo":{"@type":"ImageObject","inLanguage":"pt-PT","@id":"https:\/\/chemuza.org\/pt\/#\/schema\/logo\/image\/","url":"https:\/\/chemuza.org\/pt\/wp-content\/uploads\/2023\/10\/chemuza-logo.png","contentUrl":"https:\/\/chemuza.org\/pt\/wp-content\/uploads\/2023\/10\/chemuza-logo.png","width":387,"height":70,"caption":"Chemuza"},"image":{"@id":"https:\/\/chemuza.org\/pt\/#\/schema\/logo\/image\/"}}]}},"yoast_meta":{"yoast_wpseo_title":"","yoast_wpseo_metadesc":"","yoast_wpseo_canonical":""},"_links":{"self":[{"href":"https:\/\/chemuza.org\/pt\/wp-json\/wp\/v2\/pages\/1544","targetHints":{"allow":["GET"]}}],"collection":[{"href":"https:\/\/chemuza.org\/pt\/wp-json\/wp\/v2\/pages"}],"about":[{"href":"https:\/\/chemuza.org\/pt\/wp-json\/wp\/v2\/types\/page"}],"author":[{"embeddable":true,"href":"https:\/\/chemuza.org\/pt\/wp-json\/wp\/v2\/users\/1"}],"replies":[{"embeddable":true,"href":"https:\/\/chemuza.org\/pt\/wp-json\/wp\/v2\/comments?post=1544"}],"version-history":[{"count":0,"href":"https:\/\/chemuza.org\/pt\/wp-json\/wp\/v2\/pages\/1544\/revisions"}],"wp:attachment":[{"href":"https:\/\/chemuza.org\/pt\/wp-json\/wp\/v2\/media?parent=1544"}],"curies":[{"name":"wp","href":"https:\/\/api.w.org\/{rel}","templated":true}]}}