{"id":1543,"date":"2023-07-13T19:49:27","date_gmt":"2023-07-13T19:49:27","guid":{"rendered":"https:\/\/chemuza.org\/pt\/radio\/"},"modified":"2023-07-13T19:49:27","modified_gmt":"2023-07-13T19:49:27","slug":"radio","status":"publish","type":"page","link":"https:\/\/chemuza.org\/pt\/radio\/","title":{"rendered":"R\u00e1dio"},"content":{"rendered":"<p>O elemento qu\u00edmico R\u00e1dio est\u00e1 distribu\u00eddo em pequenas propor\u00e7\u00f5es nas rochas e no solo, produto da decomposi\u00e7\u00e3o radioativa do Ur\u00e2nio e do T\u00f3rio. Ele viaja pelo ar e pela \u00e1gua, onde entra em contato com plantas e animais, expondo o homem a esse metal. Suas caracter\u00edsticas incluem sua alta radioatividade, dividida em 13 is\u00f3topos. Saiba mais sobre esse elemento, sua origem, como \u00e9 obtido e sua utiliza\u00e7\u00e3o para o ser humano.<\/p>\n<h2> <strong>O que \u00e9 raio?<\/strong><\/h2>\n<p> \u00c9 um metal alcalino-terroso marcado com o n\u00famero 88 na tabela peri\u00f3dica. Embora sejam de cor branca, se entrarem em contato com o ar tornam-se pretos. Caracteriza-se por ser um metal macio, inflam\u00e1vel e muito radioativo, mais que o ur\u00e2nio. \u00c9 composto por 13 is\u00f3topos, entre os quais o Ra-226 \u00e9 o mais est\u00e1vel e a partir do qual \u00e9 produzido o elemento Radon.<\/p>\n<h3> <strong>S\u00edmbolo de raio<\/strong><\/h3>\n<p> <span class=\"content-chemical-element\" style=\"float: left;width: 65px;height: 65px;border: 3px solid #666; display:flex;\n    justify-content: center;align-items: center;margin-right: 15px;\"><span style=\"font-size: 38px;\">Ra<\/span><\/span> Seu nome vem do latim radius, que significa rel\u00e2mpago. Recebeu esse nome por causa da poderosa radioatividade emitida conforme vista por seus descobridores. Os cientistas Curie fizeram uma jun\u00e7\u00e3o radioativa de b\u00e1rio que refletia uma chama vermelha brilhante, com linhas espectrais nunca antes vistas.<\/p>\n<h2> <strong>Recursos de r\u00e1dio<\/strong><\/h2>\n<p> \u00c9 o alcalino-terroso mais pesado deste grupo, que emite radia\u00e7\u00e3o de tr\u00eas maneiras. Seus raios beta, alfa e gama formam compostos que permanecem em altas temperaturas. Outras caracter\u00edsticas deste elemento s\u00e3o:<\/p>\n<ul>\n<li> <strong>Condi\u00e7\u00e3o<\/strong> : S\u00f3lido met\u00e1lico brilhante e macio.<\/li>\n<li> <strong>Cor<\/strong> : Branco brilhante, mas fica preto no ar.<\/li>\n<li> <strong>Sabor e odor<\/strong> : \u00c9 inodoro e sem sabor caracter\u00edstico.<\/li>\n<li> <strong>Toxicidade<\/strong> : Moderada, mas em grandes quantidades afeta significativamente os seres humanos.<\/li>\n<li> <strong>Reatividade<\/strong> : Alta, reage rapidamente com \u00e1gua formando hidr\u00f3xidos. Al\u00e9m disso, \u00e9 explosivo na presen\u00e7a de b\u00e1rio.<\/li>\n<li> <strong>Estrutura<\/strong> : C\u00fabica, centrada em todo o corpo.<\/li>\n<li> <strong>Solubilidade<\/strong> : \u00c9 sol\u00favel em \u00e1gua, mas os sais que forma apresentam baixa solubilidade.<\/li>\n<li> <strong>Composi\u00e7\u00e3o:<\/strong> \u00c9 composto por 88 el\u00e9trons e pr\u00f3tons, com 138 n\u00eautrons no n\u00facleo.<\/li>\n<\/ul>\n<h2> <strong>Propriedades qu\u00edmicas e f\u00edsicas do r\u00e1dio<\/strong><\/h2>\n<ol>\n<li> <strong>N\u00famero at\u00f4mico<\/strong> : 88<\/li>\n<li> <strong>Per\u00edodo<\/strong> : 7<\/li>\n<li> <strong>Bloco<\/strong> : S<\/li>\n<li> <strong>Grupo<\/strong> : 2<\/li>\n<li> <strong>Estado de oxida\u00e7\u00e3o<\/strong> : 2<\/li>\n<li> <strong>Densidade:<\/strong> 5500 Kg\/m <sup>3<\/sup><\/li>\n<li> <strong>Ponto de fus\u00e3o:<\/strong> 700\u00b0C<\/li>\n<li> <strong>Raio at\u00f4mico:<\/strong> 215h<\/li>\n<li> <strong>Eletronegatividade:<\/strong> 0,9<\/li>\n<li> <strong>Calor espec\u00edfico:<\/strong> 94 J \/ (K kg)<\/li>\n<li> <strong>Raio covalente (\u00c5):<\/strong> 221<strong> <\/strong>tarde<\/li>\n<li> <strong>Ponto de ebuli\u00e7\u00e3o:<\/strong> 1737\u00b0C<\/li>\n<li> <strong>Configura\u00e7\u00e3o eletr\u00f4nica:<\/strong> [Rn] 7s2<\/li>\n<li> <strong>Massa at\u00f4mica (g\/mol):<\/strong> 226,0254 u<\/li>\n<li> <strong>Primeiro potencial de ioniza\u00e7\u00e3o<\/strong> (eV): 509,3 kJ\/mol<\/li>\n<li> <strong>El\u00e9trons por camada:<\/strong> 2, 8, 18, 32, 18, 8, 2<\/li>\n<li> <strong>Condutividade t\u00e9rmica:<\/strong> 18,6 W\/(Km)<\/li>\n<\/ol>\n<h2> <strong>Raio original<\/strong><\/h2>\n<p> O r\u00e1dio foi descoberto pelo casal Marie e Pierre Curie em 1898 no norte da Bo\u00eamia. O casal, ao estudar o mineral Uraninita, se deparou com material radioativo. Depois realizaram uma combina\u00e7\u00e3o com b\u00e1rio que resultou em raios vermelhos brilhantes. Em 1910, Marie Curie isolou o elemento por eletr\u00f3lise de cloreto puro e obteve uma amostra do metal puro.<\/p>\n<h2> <strong>Para que serve o r\u00e1dio?<\/strong><\/h2>\n<p> O uso do R\u00e1dio \u00e9 reduzido devido \u00e0 sua alta radioatividade. No passado, era utilizado em tintas luminescentes para rel\u00f3gios, mas foi abandonado devido aos seus efeitos negativos na sa\u00fade dos trabalhadores. Por\u00e9m, ap\u00f3s anos de pesquisas sobre o correto manuseio do elemento, ele \u00e9 utilizado no setor de f\u00edsica junto com o ber\u00edlio na cria\u00e7\u00e3o de n\u00eautrons e suas emiss\u00f5es.<\/p>\n<p> Al\u00e9m disso, o cloreto de r\u00e1dio \u00e9 usado na \u00e1rea m\u00e9dica como tratamento de radioterapia para o c\u00e2ncer. \u00c9 usado para erradicar gradualmente as c\u00e9lulas malignas. Al\u00e9m disso, \u00e9 comum utiliz\u00e1-lo na confec\u00e7\u00e3o de cristais para colori-los de um verde brilhante que reflete no escuro.<\/p>\n<h2> <strong>Como obter o raio?<\/strong><\/h2>\n<p> \u00c9 obtido pela decomposi\u00e7\u00e3o dos minerais Ur\u00e2nio e T\u00f3rio. \u00c9 realizada uma lavagem para extrair o metal, o que permite a obten\u00e7\u00e3o do elemento Brometo. Em seguida, \u00e9 isolado at\u00e9 que uma amostra pura seja obtida.<\/p>\n<p> Al\u00e9m disso, outra forma de obt\u00ea-lo \u00e9 atrav\u00e9s da eletr\u00f3lise dissolvida do radiocloreto puro em c\u00e1todo ou eletrodo de merc\u00fario reduzido. Durante o processo, obt\u00e9m-se um am\u00e1lgama que \u00e9 destilado em atmosfera de hidrog\u00eanio, resultando em uma amostra pura do metal.<\/p>\n<h2> <strong>Quais s\u00e3o os efeitos do R\u00e1dio na sa\u00fade?<\/strong><\/h2>\n<p> Este elemento est\u00e1 presente no meio ambiente em quantidades m\u00ednimas, o que n\u00e3o causa efeitos adversos \u00e0 sa\u00fade. No entanto, a exposi\u00e7\u00e3o prolongada causa c\u00e2ncer, anemia, catarata, fraturas dent\u00e1rias e at\u00e9 morte. Os efeitos demoram a aparecer porque a radia\u00e7\u00e3o gama se espalha gradualmente pelo ar.<\/p>\n<p> Em resumo, este metal alcalino-terroso \u00e9 um elemento altamente radioativo presente na crosta terrestre em propor\u00e7\u00f5es m\u00ednimas. Dada a radia\u00e7\u00e3o que emite, \u00e9 utilizado como radioterapia contra o c\u00e2ncer em baixas doses at\u00e9 a elimina\u00e7\u00e3o dos tumores.<\/p>\n","protected":false},"excerpt":{"rendered":"<p>O elemento qu\u00edmico R\u00e1dio est\u00e1 distribu\u00eddo em pequenas propor\u00e7\u00f5es nas rochas e no solo, produto da decomposi\u00e7\u00e3o radioativa do Ur\u00e2nio e do T\u00f3rio. Ele viaja pelo ar e pela \u00e1gua, onde entra em contato com plantas e animais, expondo o homem a esse metal. Suas caracter\u00edsticas incluem sua alta radioatividade, dividida em 13 is\u00f3topos. Saiba &#8230; <a title=\"R\u00e1dio\" class=\"read-more\" href=\"https:\/\/chemuza.org\/pt\/radio\/\" aria-label=\"Mais em R\u00e1dio\">Ler mais<\/a><\/p>\n","protected":false},"author":1,"featured_media":0,"parent":0,"menu_order":0,"comment_status":"closed","ping_status":"closed","template":"","meta":{"footnotes":""},"class_list":["post-1543","page","type-page","status-publish"],"yoast_head":"<!-- This site is optimized with the Yoast SEO plugin v21.4 - https:\/\/yoast.com\/wordpress\/plugins\/seo\/ -->\n<title>R\u00e1dio - Chemuza<\/title>\n<meta name=\"robots\" content=\"index, follow, max-snippet:-1, max-image-preview:large, max-video-preview:-1\" \/>\n<link rel=\"canonical\" href=\"https:\/\/chemuza.org\/pt\/radio\/\" \/>\n<meta property=\"og:locale\" content=\"pt_PT\" \/>\n<meta property=\"og:type\" content=\"article\" \/>\n<meta property=\"og:title\" content=\"R\u00e1dio - Chemuza\" \/>\n<meta property=\"og:description\" content=\"O elemento qu\u00edmico R\u00e1dio est\u00e1 distribu\u00eddo em pequenas propor\u00e7\u00f5es nas rochas e no solo, produto da decomposi\u00e7\u00e3o radioativa do Ur\u00e2nio e do T\u00f3rio. Ele viaja pelo ar e pela \u00e1gua, onde entra em contato com plantas e animais, expondo o homem a esse metal. Suas caracter\u00edsticas incluem sua alta radioatividade, dividida em 13 is\u00f3topos. Saiba ... Ler mais\" \/>\n<meta property=\"og:url\" content=\"https:\/\/chemuza.org\/pt\/radio\/\" \/>\n<meta property=\"og:site_name\" content=\"Statorials\" \/>\n<meta name=\"twitter:card\" content=\"summary_large_image\" \/>\n<meta name=\"twitter:label1\" content=\"Tempo estimado de leitura\" \/>\n\t<meta name=\"twitter:data1\" content=\"4 minutos\" \/>\n<script type=\"application\/ld+json\" class=\"yoast-schema-graph\">{\"@context\":\"https:\/\/schema.org\",\"@graph\":[{\"@type\":\"WebPage\",\"@id\":\"https:\/\/chemuza.org\/pt\/radio\/\",\"url\":\"https:\/\/chemuza.org\/pt\/radio\/\",\"name\":\"R\u00e1dio - Chemuza\",\"isPartOf\":{\"@id\":\"https:\/\/chemuza.org\/pt\/#website\"},\"datePublished\":\"2023-07-13T19:49:27+00:00\",\"dateModified\":\"2023-07-13T19:49:27+00:00\",\"breadcrumb\":{\"@id\":\"https:\/\/chemuza.org\/pt\/radio\/#breadcrumb\"},\"inLanguage\":\"pt-PT\",\"potentialAction\":[{\"@type\":\"ReadAction\",\"target\":[\"https:\/\/chemuza.org\/pt\/radio\/\"]}]},{\"@type\":\"BreadcrumbList\",\"@id\":\"https:\/\/chemuza.org\/pt\/radio\/#breadcrumb\",\"itemListElement\":[{\"@type\":\"ListItem\",\"position\":1,\"name\":\"Lar\",\"item\":\"https:\/\/chemuza.org\/pt\/\"},{\"@type\":\"ListItem\",\"position\":2,\"name\":\"R\u00e1dio\"}]},{\"@type\":\"WebSite\",\"@id\":\"https:\/\/chemuza.org\/pt\/#website\",\"url\":\"https:\/\/chemuza.org\/pt\/\",\"name\":\"Chemuza\",\"description\":\"Sua porta de entrada para a descoberta qu\u00edmica!\",\"publisher\":{\"@id\":\"https:\/\/chemuza.org\/pt\/#organization\"},\"potentialAction\":[{\"@type\":\"SearchAction\",\"target\":{\"@type\":\"EntryPoint\",\"urlTemplate\":\"https:\/\/chemuza.org\/pt\/?s={search_term_string}\"},\"query-input\":\"required name=search_term_string\"}],\"inLanguage\":\"pt-PT\"},{\"@type\":\"Organization\",\"@id\":\"https:\/\/chemuza.org\/pt\/#organization\",\"name\":\"Chemuza\",\"url\":\"https:\/\/chemuza.org\/pt\/\",\"logo\":{\"@type\":\"ImageObject\",\"inLanguage\":\"pt-PT\",\"@id\":\"https:\/\/chemuza.org\/pt\/#\/schema\/logo\/image\/\",\"url\":\"https:\/\/chemuza.org\/pt\/wp-content\/uploads\/2023\/10\/chemuza-logo.png\",\"contentUrl\":\"https:\/\/chemuza.org\/pt\/wp-content\/uploads\/2023\/10\/chemuza-logo.png\",\"width\":387,\"height\":70,\"caption\":\"Chemuza\"},\"image\":{\"@id\":\"https:\/\/chemuza.org\/pt\/#\/schema\/logo\/image\/\"}}]}<\/script>\n<!-- \/ Yoast SEO plugin. -->","yoast_head_json":{"title":"R\u00e1dio - Chemuza","robots":{"index":"index","follow":"follow","max-snippet":"max-snippet:-1","max-image-preview":"max-image-preview:large","max-video-preview":"max-video-preview:-1"},"canonical":"https:\/\/chemuza.org\/pt\/radio\/","og_locale":"pt_PT","og_type":"article","og_title":"R\u00e1dio - Chemuza","og_description":"O elemento qu\u00edmico R\u00e1dio est\u00e1 distribu\u00eddo em pequenas propor\u00e7\u00f5es nas rochas e no solo, produto da decomposi\u00e7\u00e3o radioativa do Ur\u00e2nio e do T\u00f3rio. Ele viaja pelo ar e pela \u00e1gua, onde entra em contato com plantas e animais, expondo o homem a esse metal. Suas caracter\u00edsticas incluem sua alta radioatividade, dividida em 13 is\u00f3topos. Saiba ... Ler mais","og_url":"https:\/\/chemuza.org\/pt\/radio\/","og_site_name":"Statorials","twitter_card":"summary_large_image","twitter_misc":{"Tempo estimado de leitura":"4 minutos"},"schema":{"@context":"https:\/\/schema.org","@graph":[{"@type":"WebPage","@id":"https:\/\/chemuza.org\/pt\/radio\/","url":"https:\/\/chemuza.org\/pt\/radio\/","name":"R\u00e1dio - Chemuza","isPartOf":{"@id":"https:\/\/chemuza.org\/pt\/#website"},"datePublished":"2023-07-13T19:49:27+00:00","dateModified":"2023-07-13T19:49:27+00:00","breadcrumb":{"@id":"https:\/\/chemuza.org\/pt\/radio\/#breadcrumb"},"inLanguage":"pt-PT","potentialAction":[{"@type":"ReadAction","target":["https:\/\/chemuza.org\/pt\/radio\/"]}]},{"@type":"BreadcrumbList","@id":"https:\/\/chemuza.org\/pt\/radio\/#breadcrumb","itemListElement":[{"@type":"ListItem","position":1,"name":"Lar","item":"https:\/\/chemuza.org\/pt\/"},{"@type":"ListItem","position":2,"name":"R\u00e1dio"}]},{"@type":"WebSite","@id":"https:\/\/chemuza.org\/pt\/#website","url":"https:\/\/chemuza.org\/pt\/","name":"Chemuza","description":"Sua porta de entrada para a descoberta qu\u00edmica!","publisher":{"@id":"https:\/\/chemuza.org\/pt\/#organization"},"potentialAction":[{"@type":"SearchAction","target":{"@type":"EntryPoint","urlTemplate":"https:\/\/chemuza.org\/pt\/?s={search_term_string}"},"query-input":"required name=search_term_string"}],"inLanguage":"pt-PT"},{"@type":"Organization","@id":"https:\/\/chemuza.org\/pt\/#organization","name":"Chemuza","url":"https:\/\/chemuza.org\/pt\/","logo":{"@type":"ImageObject","inLanguage":"pt-PT","@id":"https:\/\/chemuza.org\/pt\/#\/schema\/logo\/image\/","url":"https:\/\/chemuza.org\/pt\/wp-content\/uploads\/2023\/10\/chemuza-logo.png","contentUrl":"https:\/\/chemuza.org\/pt\/wp-content\/uploads\/2023\/10\/chemuza-logo.png","width":387,"height":70,"caption":"Chemuza"},"image":{"@id":"https:\/\/chemuza.org\/pt\/#\/schema\/logo\/image\/"}}]}},"yoast_meta":{"yoast_wpseo_title":"","yoast_wpseo_metadesc":"","yoast_wpseo_canonical":""},"_links":{"self":[{"href":"https:\/\/chemuza.org\/pt\/wp-json\/wp\/v2\/pages\/1543","targetHints":{"allow":["GET"]}}],"collection":[{"href":"https:\/\/chemuza.org\/pt\/wp-json\/wp\/v2\/pages"}],"about":[{"href":"https:\/\/chemuza.org\/pt\/wp-json\/wp\/v2\/types\/page"}],"author":[{"embeddable":true,"href":"https:\/\/chemuza.org\/pt\/wp-json\/wp\/v2\/users\/1"}],"replies":[{"embeddable":true,"href":"https:\/\/chemuza.org\/pt\/wp-json\/wp\/v2\/comments?post=1543"}],"version-history":[{"count":0,"href":"https:\/\/chemuza.org\/pt\/wp-json\/wp\/v2\/pages\/1543\/revisions"}],"wp:attachment":[{"href":"https:\/\/chemuza.org\/pt\/wp-json\/wp\/v2\/media?parent=1543"}],"curies":[{"name":"wp","href":"https:\/\/api.w.org\/{rel}","templated":true}]}}