{"id":1542,"date":"2023-07-13T20:13:19","date_gmt":"2023-07-13T20:13:19","guid":{"rendered":"https:\/\/chemuza.org\/pt\/francio\/"},"modified":"2023-07-13T20:13:19","modified_gmt":"2023-07-13T20:13:19","slug":"francio","status":"publish","type":"page","link":"https:\/\/chemuza.org\/pt\/francio\/","title":{"rendered":"Francium"},"content":{"rendered":"<p>Voc\u00ea sabia que Francium \u00e9 o \u00faltimo elemento descoberto na natureza? Al\u00e9m disso, \u00e9 o segundo elemento qu\u00edmico menos abundante na crosta terrestre. Por outro lado, cont\u00e9m a eletronegatividade mais baixa de todas. Saiba mais sobre este composto qu\u00edmico e sua utilidade para os humanos.<\/p>\n<h2> <strong>O que \u00e9 Francium?<\/strong><\/h2>\n<p> O elemento qu\u00edmico Francium \u00e9 um metal que faz parte do grupo alcalino, localizado na s\u00e9tima linha ou per\u00edodo da tabela peri\u00f3dica e no grupo <em>s<\/em> . Possui alta radioatividade e reatividade qu\u00edmica. Al\u00e9m disso, possui extrema instabilidade, apenas um el\u00e9tron em sua camada de val\u00eancia, maior massa equivalente e menor eletronegatividade.<\/p>\n<h3> <strong>S\u00edmbolo de Francium<\/strong><\/h3>\n<p> <span class=\"content-chemical-element\" style=\"float: left;width: 65px;height: 65px;border: 3px solid #666; display:flex;\n    justify-content: center;align-items: center;margin-right: 15px;\"><span style=\"font-size: 38px;\">En<\/span><\/span> A abreviatura do elemento qu\u00edmico, ou seja, o s\u00edmbolo de Francium vem da palavra latina <em>Francium<\/em> . Deve o seu nome \u00e0 Fran\u00e7a, pa\u00eds onde foi descoberto. Por\u00e9m, inicialmente o seu descobridor designou-o <em>act\u00ednio K<\/em> e <em>Catio<\/em> . Al\u00e9m disso, era anteriormente conhecido como <em>eka-c\u00e9sio<\/em> , <em>mold\u00e1vio<\/em> ou <em>virginiano<\/em> . Da mesma forma, foi atribu\u00edda a simbologia da Lei, mas posteriormente foi substitu\u00edda pela simbologia atual.<\/p>\n<h2> <strong>Caracter\u00edsticas do Francium<\/strong><\/h2>\n<p> \u200bEntre as caracter\u00edsticas do Francium, encontramos uma composi\u00e7\u00e3o at\u00f4mica de 136 n\u00eautrons, 87 pr\u00f3tons e 87 el\u00e9trons. Por outro lado, realiza a coprecipita\u00e7\u00e3o interagindo com o \u00e1cido sil\u00edcico t\u00fangstico, o \u00e1cido percl\u00f3rico e com m\u00faltiplos sais de c\u00e9sio, sem a presen\u00e7a de qualquer outro metal. Conhe\u00e7a as outras propriedades do elemento:<\/p>\n<ul>\n<li> <strong>Reatividade qu\u00edmica<\/strong> : Sua reatividade \u00e9 muito alta.<\/li>\n<li> <strong>Derretimento e ebuli\u00e7\u00e3o<\/strong> : Passa do estado s\u00f3lido para l\u00edquido a 27\u00b0C, enquanto a uma temperatura de 667\u00b0C passa do estado l\u00edquido para gasoso.<\/li>\n<li> <strong>Radioatividade<\/strong> : Possui alto n\u00edvel radioativo, tanto que pode formar explos\u00f5es perigosas e violentas na presen\u00e7a de corpo aquoso.<\/li>\n<li> <strong>Estado<\/strong> : Seu estado normal \u00e9 l\u00edquido \u00e0 temperatura ambiente.<\/li>\n<li> <strong>Solubilidade<\/strong> : A maioria de seus sais \u00e9 sol\u00favel em \u00e1gua.<\/li>\n<li> <strong>Mudan\u00e7as<\/strong> : Ap\u00f3s a decad\u00eancia, este elemento produz Raio, Astato e Radon.<\/li>\n<li> <strong>Ordem magn\u00e9tica<\/strong> : \u00c9 um metal paramagn\u00e9tico.<\/li>\n<li> <strong>Instabilidade<\/strong> : S\u00f3 existe em formas radioativas que t\u00eam vida \u00fatil aproximada de 21 minutos.<\/li>\n<li> <strong>Estrutura cristalina<\/strong> : \u00c9 um corpo c\u00fabico centrado.<\/li>\n<li> <strong>Is\u00f3topos<\/strong> : s\u00e3o conhecidos 34 is\u00f3topos, dos quais 32 s\u00e3o sint\u00e9ticos e todos decaem. Os <sup>223<\/sup> Fr e <sup>221<\/sup> Fr est\u00e3o na natureza.<\/li>\n<\/ul>\n<h2> <strong>Propriedades qu\u00edmicas e f\u00edsicas do Francium<\/strong><\/h2>\n<ol>\n<li> <strong>N\u00famero at\u00f4mico<\/strong> : 87<\/li>\n<li> <strong>\u00d3xido<\/strong> : Base forte<\/li>\n<li> <strong>Estados de oxida\u00e7\u00e3o<\/strong> : +1<\/li>\n<li> <strong>Densidade (g\/ml)<\/strong> : 1870 kg\/m <sup>3<\/sup><\/li>\n<li> <strong>Raio covalente (\u00c5)<\/strong> : 260 pm<\/li>\n<li> <strong>Calor espec\u00edfico<\/strong> : N\u00e3o possui<\/li>\n<li> <strong>Massa at\u00f4mica (g\/mol)<\/strong> : 223 u<\/li>\n<li> <strong>Ponto de fus\u00e3o<\/strong> : 27\u00b0C (300K)<\/li>\n<li> <strong>Configura\u00e7\u00e3o eletr\u00f4nica<\/strong> : [Rn]7s <sup>1<\/sup><\/li>\n<li> <strong>El\u00e9trons por n\u00edvel<\/strong> : 2, 8, 18, 32, 18, 8, 1<\/li>\n<li> <strong>Entalpia de vaporiza\u00e7\u00e3o<\/strong> : 65 kJ\/mol<\/li>\n<li> <strong>Primeiro potencial de ioniza\u00e7\u00e3o (eV)<\/strong> : 380 kJ\/mol<\/li>\n<li> <strong>Raio at\u00f4mico (\u00c5)<\/strong> : 270 pm (raio de Bohr)<\/li>\n<li> <strong>Ponto de ebuli\u00e7\u00e3o<\/strong> : 677\u00b0C (950K)<\/li>\n<li> <strong>Entalpia de fus\u00e3o<\/strong> : 2 kJ\/mol<\/li>\n<li> <strong>Velocidade do som<\/strong> : N\u00e3o possui<\/li>\n<li> <strong>Eletronegatividade<\/strong> : 0,7 (escala Pauling)<\/li>\n<\/ol>\n<h2> <strong>Origem do fr\u00e2ncio<\/strong><\/h2>\n<p> Se voc\u00ea est\u00e1 se perguntando quem descobriu o Francium, foi a francesa Marguerite Perey em 1939. No entanto, em 1870, muitos qu\u00edmicos suspeitaram que existia um metal alcalino antes do C\u00e9sio. Al\u00e9m disso, o suposto elemento recebeu o nome de <em>eka-c\u00e9sio<\/em> e o n\u00famero at\u00f4mico 87. Mais tarde, entre 1870 e 1937, muitas tentativas foram feitas para descobri-lo e isol\u00e1-lo, mas o resultado n\u00e3o teve sucesso. considerada incompleta ou errada.<\/p>\n<p> S\u00f3 depois que o f\u00edsico franc\u00eas Perey observou uma incompatibilidade na energia de decaimento em uma amostra de act\u00ednio-227. Foi ele quem descartou prov\u00e1veis \u200b\u200bfontes de altera\u00e7\u00e3o e obteve a resolu\u00e7\u00e3o de que se tratava <em>do eka-c\u00e9sio<\/em> , o novo metal alcalino. Por\u00e9m, ele teve que provar \u00e0 comunidade cient\u00edfica que o feito lhe pertencia, j\u00e1 que os qu\u00edmicos Horia Hulubei e Yvette Cauchois garantiram sua descoberta. Por\u00e9m, Marguerite Perey recebeu o t\u00edtulo de descobridora e atribuiu um nome ao elemento.<\/p>\n<h2> <strong>Para que \u00e9 usado o Francium?<\/strong><\/h2>\n<p> N\u00e3o h\u00e1 uso comercial para o fr\u00e2ncio por ser um material muito raro na natureza e por sua alta instabilidade nuclear. No entanto, no campo cient\u00edfico \u00e9 utilizado para trabalhos de investiga\u00e7\u00e3o como qu\u00edmica, biologia ou estrutura at\u00f3mica.<\/p>\n<p> A capacidade de sintetizar, capturar e resfriar o elemento Francium o torna protagonista de experimentos especializados em espectroscopia. Isso leva a uma melhor compreens\u00e3o das constantes de acoplamento entre part\u00edculas subat\u00f4micas, bem como dos n\u00edveis de energia.<\/p>\n<p> Por outro lado, estudos sobre a luz emitida pelos \u00edons <sup>210<\/sup> Fr mostram resultados espec\u00edficos de transi\u00e7\u00f5es entre n\u00edveis de energia at\u00f4mica. Al\u00e9m disso, verificou-se que os dados obtidos nestes experimentos s\u00e3o semelhantes aos previstos pela teoria qu\u00e2ntica.<\/p>\n<p> Em resumo, Francium \u00e9 um metal alcalino, super radioativo e inst\u00e1vel. Al\u00e9m disso, possui o maior peso ou massa equivalente entre outros elementos qu\u00edmicos. Por outro lado, possui a menor eletronegatividade e n\u00e3o tem aplica\u00e7\u00f5es comerciais, mas \u00e9 utilizado para estudos cient\u00edficos.<\/p>\n","protected":false},"excerpt":{"rendered":"<p>Voc\u00ea sabia que Francium \u00e9 o \u00faltimo elemento descoberto na natureza? Al\u00e9m disso, \u00e9 o segundo elemento qu\u00edmico menos abundante na crosta terrestre. Por outro lado, cont\u00e9m a eletronegatividade mais baixa de todas. Saiba mais sobre este composto qu\u00edmico e sua utilidade para os humanos. O que \u00e9 Francium? O elemento qu\u00edmico Francium \u00e9 um &#8230; <a title=\"Francium\" class=\"read-more\" href=\"https:\/\/chemuza.org\/pt\/francio\/\" aria-label=\"Mais em Francium\">Ler mais<\/a><\/p>\n","protected":false},"author":1,"featured_media":0,"parent":0,"menu_order":0,"comment_status":"closed","ping_status":"closed","template":"","meta":{"footnotes":""},"class_list":["post-1542","page","type-page","status-publish"],"yoast_head":"<!-- This site is optimized with the Yoast SEO plugin v21.4 - https:\/\/yoast.com\/wordpress\/plugins\/seo\/ -->\n<title>Francium - Chemuza<\/title>\n<meta name=\"robots\" content=\"index, follow, max-snippet:-1, max-image-preview:large, max-video-preview:-1\" \/>\n<link rel=\"canonical\" href=\"https:\/\/chemuza.org\/pt\/francio\/\" \/>\n<meta property=\"og:locale\" content=\"pt_PT\" \/>\n<meta property=\"og:type\" content=\"article\" \/>\n<meta property=\"og:title\" content=\"Francium - Chemuza\" \/>\n<meta property=\"og:description\" content=\"Voc\u00ea sabia que Francium \u00e9 o \u00faltimo elemento descoberto na natureza? Al\u00e9m disso, \u00e9 o segundo elemento qu\u00edmico menos abundante na crosta terrestre. Por outro lado, cont\u00e9m a eletronegatividade mais baixa de todas. Saiba mais sobre este composto qu\u00edmico e sua utilidade para os humanos. O que \u00e9 Francium? O elemento qu\u00edmico Francium \u00e9 um ... Ler mais\" \/>\n<meta property=\"og:url\" content=\"https:\/\/chemuza.org\/pt\/francio\/\" \/>\n<meta property=\"og:site_name\" content=\"Statorials\" \/>\n<meta name=\"twitter:card\" content=\"summary_large_image\" \/>\n<meta name=\"twitter:label1\" content=\"Tempo estimado de leitura\" \/>\n\t<meta name=\"twitter:data1\" content=\"4 minutos\" \/>\n<script type=\"application\/ld+json\" class=\"yoast-schema-graph\">{\"@context\":\"https:\/\/schema.org\",\"@graph\":[{\"@type\":\"WebPage\",\"@id\":\"https:\/\/chemuza.org\/pt\/francio\/\",\"url\":\"https:\/\/chemuza.org\/pt\/francio\/\",\"name\":\"Francium - Chemuza\",\"isPartOf\":{\"@id\":\"https:\/\/chemuza.org\/pt\/#website\"},\"datePublished\":\"2023-07-13T20:13:19+00:00\",\"dateModified\":\"2023-07-13T20:13:19+00:00\",\"breadcrumb\":{\"@id\":\"https:\/\/chemuza.org\/pt\/francio\/#breadcrumb\"},\"inLanguage\":\"pt-PT\",\"potentialAction\":[{\"@type\":\"ReadAction\",\"target\":[\"https:\/\/chemuza.org\/pt\/francio\/\"]}]},{\"@type\":\"BreadcrumbList\",\"@id\":\"https:\/\/chemuza.org\/pt\/francio\/#breadcrumb\",\"itemListElement\":[{\"@type\":\"ListItem\",\"position\":1,\"name\":\"Lar\",\"item\":\"https:\/\/chemuza.org\/pt\/\"},{\"@type\":\"ListItem\",\"position\":2,\"name\":\"Francium\"}]},{\"@type\":\"WebSite\",\"@id\":\"https:\/\/chemuza.org\/pt\/#website\",\"url\":\"https:\/\/chemuza.org\/pt\/\",\"name\":\"Chemuza\",\"description\":\"Sua porta de entrada para a descoberta qu\u00edmica!\",\"publisher\":{\"@id\":\"https:\/\/chemuza.org\/pt\/#organization\"},\"potentialAction\":[{\"@type\":\"SearchAction\",\"target\":{\"@type\":\"EntryPoint\",\"urlTemplate\":\"https:\/\/chemuza.org\/pt\/?s={search_term_string}\"},\"query-input\":\"required name=search_term_string\"}],\"inLanguage\":\"pt-PT\"},{\"@type\":\"Organization\",\"@id\":\"https:\/\/chemuza.org\/pt\/#organization\",\"name\":\"Chemuza\",\"url\":\"https:\/\/chemuza.org\/pt\/\",\"logo\":{\"@type\":\"ImageObject\",\"inLanguage\":\"pt-PT\",\"@id\":\"https:\/\/chemuza.org\/pt\/#\/schema\/logo\/image\/\",\"url\":\"https:\/\/chemuza.org\/pt\/wp-content\/uploads\/2023\/10\/chemuza-logo.png\",\"contentUrl\":\"https:\/\/chemuza.org\/pt\/wp-content\/uploads\/2023\/10\/chemuza-logo.png\",\"width\":387,\"height\":70,\"caption\":\"Chemuza\"},\"image\":{\"@id\":\"https:\/\/chemuza.org\/pt\/#\/schema\/logo\/image\/\"}}]}<\/script>\n<!-- \/ Yoast SEO plugin. -->","yoast_head_json":{"title":"Francium - Chemuza","robots":{"index":"index","follow":"follow","max-snippet":"max-snippet:-1","max-image-preview":"max-image-preview:large","max-video-preview":"max-video-preview:-1"},"canonical":"https:\/\/chemuza.org\/pt\/francio\/","og_locale":"pt_PT","og_type":"article","og_title":"Francium - Chemuza","og_description":"Voc\u00ea sabia que Francium \u00e9 o \u00faltimo elemento descoberto na natureza? Al\u00e9m disso, \u00e9 o segundo elemento qu\u00edmico menos abundante na crosta terrestre. Por outro lado, cont\u00e9m a eletronegatividade mais baixa de todas. Saiba mais sobre este composto qu\u00edmico e sua utilidade para os humanos. O que \u00e9 Francium? O elemento qu\u00edmico Francium \u00e9 um ... Ler mais","og_url":"https:\/\/chemuza.org\/pt\/francio\/","og_site_name":"Statorials","twitter_card":"summary_large_image","twitter_misc":{"Tempo estimado de leitura":"4 minutos"},"schema":{"@context":"https:\/\/schema.org","@graph":[{"@type":"WebPage","@id":"https:\/\/chemuza.org\/pt\/francio\/","url":"https:\/\/chemuza.org\/pt\/francio\/","name":"Francium - Chemuza","isPartOf":{"@id":"https:\/\/chemuza.org\/pt\/#website"},"datePublished":"2023-07-13T20:13:19+00:00","dateModified":"2023-07-13T20:13:19+00:00","breadcrumb":{"@id":"https:\/\/chemuza.org\/pt\/francio\/#breadcrumb"},"inLanguage":"pt-PT","potentialAction":[{"@type":"ReadAction","target":["https:\/\/chemuza.org\/pt\/francio\/"]}]},{"@type":"BreadcrumbList","@id":"https:\/\/chemuza.org\/pt\/francio\/#breadcrumb","itemListElement":[{"@type":"ListItem","position":1,"name":"Lar","item":"https:\/\/chemuza.org\/pt\/"},{"@type":"ListItem","position":2,"name":"Francium"}]},{"@type":"WebSite","@id":"https:\/\/chemuza.org\/pt\/#website","url":"https:\/\/chemuza.org\/pt\/","name":"Chemuza","description":"Sua porta de entrada para a descoberta qu\u00edmica!","publisher":{"@id":"https:\/\/chemuza.org\/pt\/#organization"},"potentialAction":[{"@type":"SearchAction","target":{"@type":"EntryPoint","urlTemplate":"https:\/\/chemuza.org\/pt\/?s={search_term_string}"},"query-input":"required name=search_term_string"}],"inLanguage":"pt-PT"},{"@type":"Organization","@id":"https:\/\/chemuza.org\/pt\/#organization","name":"Chemuza","url":"https:\/\/chemuza.org\/pt\/","logo":{"@type":"ImageObject","inLanguage":"pt-PT","@id":"https:\/\/chemuza.org\/pt\/#\/schema\/logo\/image\/","url":"https:\/\/chemuza.org\/pt\/wp-content\/uploads\/2023\/10\/chemuza-logo.png","contentUrl":"https:\/\/chemuza.org\/pt\/wp-content\/uploads\/2023\/10\/chemuza-logo.png","width":387,"height":70,"caption":"Chemuza"},"image":{"@id":"https:\/\/chemuza.org\/pt\/#\/schema\/logo\/image\/"}}]}},"yoast_meta":{"yoast_wpseo_title":"","yoast_wpseo_metadesc":"","yoast_wpseo_canonical":""},"_links":{"self":[{"href":"https:\/\/chemuza.org\/pt\/wp-json\/wp\/v2\/pages\/1542","targetHints":{"allow":["GET"]}}],"collection":[{"href":"https:\/\/chemuza.org\/pt\/wp-json\/wp\/v2\/pages"}],"about":[{"href":"https:\/\/chemuza.org\/pt\/wp-json\/wp\/v2\/types\/page"}],"author":[{"embeddable":true,"href":"https:\/\/chemuza.org\/pt\/wp-json\/wp\/v2\/users\/1"}],"replies":[{"embeddable":true,"href":"https:\/\/chemuza.org\/pt\/wp-json\/wp\/v2\/comments?post=1542"}],"version-history":[{"count":0,"href":"https:\/\/chemuza.org\/pt\/wp-json\/wp\/v2\/pages\/1542\/revisions"}],"wp:attachment":[{"href":"https:\/\/chemuza.org\/pt\/wp-json\/wp\/v2\/media?parent=1542"}],"curies":[{"name":"wp","href":"https:\/\/api.w.org\/{rel}","templated":true}]}}