{"id":1541,"date":"2023-07-13T20:51:31","date_gmt":"2023-07-13T20:51:31","guid":{"rendered":"https:\/\/chemuza.org\/pt\/radonio\/"},"modified":"2023-07-13T20:51:31","modified_gmt":"2023-07-13T20:51:31","slug":"radonio","status":"publish","type":"page","link":"https:\/\/chemuza.org\/pt\/radonio\/","title":{"rendered":"Rad\u00f4nio"},"content":{"rendered":"<p>O rad\u00f4nio \u00e9 um g\u00e1s natural resultante da decomposi\u00e7\u00e3o radioativa do ur\u00e2nio presente na \u00e1gua, no solo e nas rochas. No exterior est\u00e1 presente em concentra\u00e7\u00f5es m\u00ednimas, embora em \u00e1reas mal ventiladas como minas e resid\u00eancias seja capaz de se acumular em grandes quantidades, aumentando o risco de cancro do pulm\u00e3o. Al\u00e9m disso, \u00e9 composto por recursos e aplicativos exclusivos, como voc\u00ea ver\u00e1 a seguir.<\/p>\n<h2> <strong>O que \u00e9 rad\u00f4nio?<\/strong><\/h2>\n<p> \u00c9 um elemento qu\u00edmico localizado na fam\u00edlia dos gases raros da tabela peri\u00f3dica. \u00c9 um g\u00e1s ins\u00edpido, inodoro e incolor, mas quando se solidifica fica avermelhado. Al\u00e9m disso, dentre os elementos do seu grupo, \u00e9 o mais radioativo, respondendo por aproximadamente 50% da radia\u00e7\u00e3o do ambiente. Sua massa at\u00f4mica \u00e9 222, o que indica que seu n\u00facleo \u00e9 est\u00e1vel com 136 el\u00e9trons.<\/p>\n<h3> <strong>S\u00edmbolo de rad\u00f4nio<\/strong><\/h3>\n<p> <span class=\"content-chemical-element\" style=\"float: left;width: 65px;height: 65px;border: 3px solid #666; display:flex;\n    justify-content: center;align-items: center;margin-right: 15px;\"><span style=\"font-size: 38px;\">Rn<\/span><\/span> \u00c9 assim chamado porque foi obtido a partir do decaimento do is\u00f3topo 226Ra do r\u00e1dio, que vem do raio latino. Por\u00e9m, na \u00e9poca era chamado de niton, em latim niteo ou brilhante, porque em seu estado s\u00f3lido reflete a luz dourada.<\/p>\n<h2> <strong>Caracter\u00edsticas do rad\u00f4nio<\/strong><\/h2>\n<p> O elemento Radon \u00e9 um g\u00e1s nobre assinado com n\u00famero at\u00f4mico 86, \u00e9 invis\u00edvel e est\u00e1 localizado no bloco P da tabela peri\u00f3dica. Consiste em 35 is\u00f3topos altamente radioativos, com meias-vidas m\u00ednimas. Al\u00e9m disso, \u00e9 o mais pesado dos gases raros e se dissolve rapidamente no ar, em pequenas propor\u00e7\u00f5es. Outros recursos s\u00e3o:<\/p>\n<ul>\n<li> <strong>Estado<\/strong> : Gasoso.<\/li>\n<li> <strong>Cor<\/strong> : Na forma gasosa \u00e9 incolor, mas quando forma compostos s\u00f3lidos \u00e9 vermelho.<\/li>\n<li> <strong>Sabor e odor<\/strong> : Ins\u00edpido e inodoro.<\/li>\n<li> <strong>Toxicidade<\/strong> : Alta, sua inala\u00e7\u00e3o em grandes quantidades causa c\u00e2ncer de pulm\u00e3o, por causa da radia\u00e7\u00e3o que emite.<\/li>\n<li> <strong>Reatividade<\/strong> : Baixa porque \u00e9 um g\u00e1s inerte.<\/li>\n<li> <strong>Estrutura<\/strong> : Quando se torna s\u00f3lido, \u00e9 c\u00fabico, centrado nas faces do corpo.<\/li>\n<li> <strong>Solubilidade<\/strong> : Alta, na forma gasosa move-se rapidamente pela \u00e1gua at\u00e9 atingir o solo.<\/li>\n<li> <strong>Composi\u00e7\u00e3o do Radon<\/strong> : \u00c9 composto por 86 pr\u00f3tons e el\u00e9trons, incluindo 136 n\u00eautrons.<\/li>\n<\/ul>\n<h2> <strong>Propriedades qu\u00edmicas e f\u00edsicas do rad\u00f4nio<\/strong><\/h2>\n<ol>\n<li> <strong>N\u00famero at\u00f4mico<\/strong> : 86<\/li>\n<li> <strong>Per\u00edodo<\/strong> : 6<\/li>\n<li> <strong>Bloco<\/strong> : P<\/li>\n<li> <strong>Grupo<\/strong> : 18<\/li>\n<li> <strong>Estado de oxida\u00e7\u00e3o<\/strong> : 0<\/li>\n<li> <strong>Densidade:<\/strong> 9,73 Kg\/m <sup>3<\/sup><\/li>\n<li> <strong>Ponto de fus\u00e3o:<\/strong> -71<strong> <\/strong>\u00b0C<\/li>\n<li> <strong>Raio at\u00f4mico:<\/strong> 120h<\/li>\n<li> <strong>Eletronegatividade:<\/strong> -2,06<\/li>\n<li> <strong>Calor espec\u00edfico:<\/strong> 94 J \/ (K kg)<\/li>\n<li> <strong>Raio covalente (\u00c5):<\/strong> 145h<\/li>\n<li> <strong>Massa at\u00f4mica (g\/mol):<\/strong> 222 u<\/li>\n<li> <strong>Configura\u00e7\u00e3o eletr\u00f4nica:<\/strong> [Xe] 4f14 5d10 6s2 6p6<\/li>\n<li> <strong>El\u00e9trons por camada:<\/strong> 2, 8, 18, 32, 18, 8<\/li>\n<li> <strong>Primeiro potencial de ioniza\u00e7\u00e3o<\/strong> (eV): 1037<\/li>\n<li> <strong>Condutividade t\u00e9rmica:<\/strong> 0,00364 W\/(Km)<\/li>\n<li> <strong>Ponto de ebuli\u00e7\u00e3o:<\/strong> -62\u00b0C<\/li>\n<\/ol>\n<h2> <strong>Origem do rad\u00f4nio<\/strong><\/h2>\n<p> O elemento qu\u00edmico Radon foi descoberto pelo cientista Friedrich Ernst Dorn em 1900. Naquele ano, Dorn percebeu que durante alguns testes com o R\u00e1dio emanava um g\u00e1s radioativo, que ele chamou de emana\u00e7\u00e3o do R\u00e1dio. Anteriormente, em 1899, os qu\u00edmicos Marie e Pierre Curie observaram que as emiss\u00f5es gasosas de r\u00e1dio demoravam um m\u00eas para desaparecer. Finalmente, em 1901, Robert Owens demonstrou que tais emana\u00e7\u00f5es indicam a presen\u00e7a de outro elemento, que chamaram de Radon devido \u00e0 sua proximidade com o R\u00e1dio.<\/p>\n<h2> <strong>Para que \u00e9 usado o Radon?<\/strong><\/h2>\n<p> Embora tenha poucas aplica\u00e7\u00f5es, o g\u00e1s rad\u00f4nio \u00e9 usado na \u00e1rea m\u00e9dica como tratamento de radia\u00e7\u00e3o para artrite e c\u00e2ncer. Os pacientes s\u00e3o expostos a baixas concentra\u00e7\u00f5es de radia\u00e7\u00e3o para fortalecer o sistema imunol\u00f3gico. Al\u00e9m disso, o rad\u00f4nio tamb\u00e9m \u00e9 utilizado no setor geol\u00f3gico, quando utilizado como medidor geot\u00e9rmico ou de gradiente de temperatura nas profundezas da crosta terrestre. Assim, \u00e9 poss\u00edvel detectar falhas tect\u00f4nicas ou terremotos e verificar a estabilidade atmosf\u00e9rica.<\/p>\n<p> Da mesma forma, \u00e9 utilizado como tra\u00e7ador de ar, para verificar a presen\u00e7a de outros gases, o que permite determinar seu peso e pureza.<\/p>\n<h2> <strong>Efeitos do rad\u00f4nio na sa\u00fade<\/strong><\/h2>\n<p> Esse g\u00e1s emana livremente do solo e atinge o ar, desintegrando-se em pequenas part\u00edculas radioativas. Quando inalados, alojam-se nas vias respirat\u00f3rias, causando c\u00e2ncer de pulm\u00e3o. Al\u00e9m disso, afeta o DNA e o RNA e causa danos celulares irrepar\u00e1veis, afetando os processos metab\u00f3licos naturais das c\u00e9lulas.<\/p>\n<h2> <strong>Onde o rad\u00f4nio \u00e9 encontrado?<\/strong><\/h2>\n<p> \u00c9 produzido naturalmente atrav\u00e9s da desintegra\u00e7\u00e3o do r\u00e1dio 226 presente nas rochas. Sua maior concentra\u00e7\u00e3o ocorre no subsolo, na profundidade m\u00e1xima de 1 metro, de onde sai para a atmosfera pelos poros. Al\u00e9m disso, \u00e9 encontrado em propor\u00e7\u00f5es elevadas em solos arenosos, em compara\u00e7\u00e3o com solos argilosos ou compactos.<\/p>\n<p> Concluindo, o elemento qu\u00edmico Radon \u00e9 um g\u00e1s inerte que n\u00e3o possui sabor, odor ou cor distintos. Ele se move rapidamente na \u00e1gua e no ar e \u00e9 um dos gases raros mais radioativos e pesados da tabela peri\u00f3dica. Se inalado em grandes quantidades, causa c\u00e2ncer de pulm\u00e3o e s\u00e9rios danos celulares vis\u00edveis ao longo dos anos.<\/p>\n","protected":false},"excerpt":{"rendered":"<p>O rad\u00f4nio \u00e9 um g\u00e1s natural resultante da decomposi\u00e7\u00e3o radioativa do ur\u00e2nio presente na \u00e1gua, no solo e nas rochas. No exterior est\u00e1 presente em concentra\u00e7\u00f5es m\u00ednimas, embora em \u00e1reas mal ventiladas como minas e resid\u00eancias seja capaz de se acumular em grandes quantidades, aumentando o risco de cancro do pulm\u00e3o. Al\u00e9m disso, \u00e9 composto &#8230; <a title=\"Rad\u00f4nio\" class=\"read-more\" href=\"https:\/\/chemuza.org\/pt\/radonio\/\" aria-label=\"Mais em Rad\u00f4nio\">Ler mais<\/a><\/p>\n","protected":false},"author":1,"featured_media":0,"parent":0,"menu_order":0,"comment_status":"closed","ping_status":"closed","template":"","meta":{"footnotes":""},"class_list":["post-1541","page","type-page","status-publish"],"yoast_head":"<!-- This site is optimized with the Yoast SEO plugin v21.4 - https:\/\/yoast.com\/wordpress\/plugins\/seo\/ -->\n<title>Rad\u00e3o - Chemuza<\/title>\n<meta name=\"robots\" content=\"index, follow, max-snippet:-1, max-image-preview:large, max-video-preview:-1\" \/>\n<link rel=\"canonical\" href=\"https:\/\/chemuza.org\/pt\/radonio\/\" \/>\n<meta property=\"og:locale\" content=\"pt_PT\" \/>\n<meta property=\"og:type\" content=\"article\" \/>\n<meta property=\"og:title\" content=\"Rad\u00e3o - Chemuza\" \/>\n<meta property=\"og:description\" content=\"O rad\u00f4nio \u00e9 um g\u00e1s natural resultante da decomposi\u00e7\u00e3o radioativa do ur\u00e2nio presente na \u00e1gua, no solo e nas rochas. No exterior est\u00e1 presente em concentra\u00e7\u00f5es m\u00ednimas, embora em \u00e1reas mal ventiladas como minas e resid\u00eancias seja capaz de se acumular em grandes quantidades, aumentando o risco de cancro do pulm\u00e3o. Al\u00e9m disso, \u00e9 composto ... Ler mais\" \/>\n<meta property=\"og:url\" content=\"https:\/\/chemuza.org\/pt\/radonio\/\" \/>\n<meta property=\"og:site_name\" content=\"Statorials\" \/>\n<meta name=\"twitter:card\" content=\"summary_large_image\" \/>\n<meta name=\"twitter:label1\" content=\"Tempo estimado de leitura\" \/>\n\t<meta name=\"twitter:data1\" content=\"4 minutos\" \/>\n<script type=\"application\/ld+json\" class=\"yoast-schema-graph\">{\"@context\":\"https:\/\/schema.org\",\"@graph\":[{\"@type\":\"WebPage\",\"@id\":\"https:\/\/chemuza.org\/pt\/radonio\/\",\"url\":\"https:\/\/chemuza.org\/pt\/radonio\/\",\"name\":\"Rad\u00e3o - Chemuza\",\"isPartOf\":{\"@id\":\"https:\/\/chemuza.org\/pt\/#website\"},\"datePublished\":\"2023-07-13T20:51:31+00:00\",\"dateModified\":\"2023-07-13T20:51:31+00:00\",\"breadcrumb\":{\"@id\":\"https:\/\/chemuza.org\/pt\/radonio\/#breadcrumb\"},\"inLanguage\":\"pt-PT\",\"potentialAction\":[{\"@type\":\"ReadAction\",\"target\":[\"https:\/\/chemuza.org\/pt\/radonio\/\"]}]},{\"@type\":\"BreadcrumbList\",\"@id\":\"https:\/\/chemuza.org\/pt\/radonio\/#breadcrumb\",\"itemListElement\":[{\"@type\":\"ListItem\",\"position\":1,\"name\":\"Lar\",\"item\":\"https:\/\/chemuza.org\/pt\/\"},{\"@type\":\"ListItem\",\"position\":2,\"name\":\"Rad\u00f4nio\"}]},{\"@type\":\"WebSite\",\"@id\":\"https:\/\/chemuza.org\/pt\/#website\",\"url\":\"https:\/\/chemuza.org\/pt\/\",\"name\":\"Chemuza\",\"description\":\"Sua porta de entrada para a descoberta qu\u00edmica!\",\"publisher\":{\"@id\":\"https:\/\/chemuza.org\/pt\/#organization\"},\"potentialAction\":[{\"@type\":\"SearchAction\",\"target\":{\"@type\":\"EntryPoint\",\"urlTemplate\":\"https:\/\/chemuza.org\/pt\/?s={search_term_string}\"},\"query-input\":\"required name=search_term_string\"}],\"inLanguage\":\"pt-PT\"},{\"@type\":\"Organization\",\"@id\":\"https:\/\/chemuza.org\/pt\/#organization\",\"name\":\"Chemuza\",\"url\":\"https:\/\/chemuza.org\/pt\/\",\"logo\":{\"@type\":\"ImageObject\",\"inLanguage\":\"pt-PT\",\"@id\":\"https:\/\/chemuza.org\/pt\/#\/schema\/logo\/image\/\",\"url\":\"https:\/\/chemuza.org\/pt\/wp-content\/uploads\/2023\/10\/chemuza-logo.png\",\"contentUrl\":\"https:\/\/chemuza.org\/pt\/wp-content\/uploads\/2023\/10\/chemuza-logo.png\",\"width\":387,\"height\":70,\"caption\":\"Chemuza\"},\"image\":{\"@id\":\"https:\/\/chemuza.org\/pt\/#\/schema\/logo\/image\/\"}}]}<\/script>\n<!-- \/ Yoast SEO plugin. -->","yoast_head_json":{"title":"Rad\u00e3o - Chemuza","robots":{"index":"index","follow":"follow","max-snippet":"max-snippet:-1","max-image-preview":"max-image-preview:large","max-video-preview":"max-video-preview:-1"},"canonical":"https:\/\/chemuza.org\/pt\/radonio\/","og_locale":"pt_PT","og_type":"article","og_title":"Rad\u00e3o - Chemuza","og_description":"O rad\u00f4nio \u00e9 um g\u00e1s natural resultante da decomposi\u00e7\u00e3o radioativa do ur\u00e2nio presente na \u00e1gua, no solo e nas rochas. No exterior est\u00e1 presente em concentra\u00e7\u00f5es m\u00ednimas, embora em \u00e1reas mal ventiladas como minas e resid\u00eancias seja capaz de se acumular em grandes quantidades, aumentando o risco de cancro do pulm\u00e3o. Al\u00e9m disso, \u00e9 composto ... Ler mais","og_url":"https:\/\/chemuza.org\/pt\/radonio\/","og_site_name":"Statorials","twitter_card":"summary_large_image","twitter_misc":{"Tempo estimado de leitura":"4 minutos"},"schema":{"@context":"https:\/\/schema.org","@graph":[{"@type":"WebPage","@id":"https:\/\/chemuza.org\/pt\/radonio\/","url":"https:\/\/chemuza.org\/pt\/radonio\/","name":"Rad\u00e3o - Chemuza","isPartOf":{"@id":"https:\/\/chemuza.org\/pt\/#website"},"datePublished":"2023-07-13T20:51:31+00:00","dateModified":"2023-07-13T20:51:31+00:00","breadcrumb":{"@id":"https:\/\/chemuza.org\/pt\/radonio\/#breadcrumb"},"inLanguage":"pt-PT","potentialAction":[{"@type":"ReadAction","target":["https:\/\/chemuza.org\/pt\/radonio\/"]}]},{"@type":"BreadcrumbList","@id":"https:\/\/chemuza.org\/pt\/radonio\/#breadcrumb","itemListElement":[{"@type":"ListItem","position":1,"name":"Lar","item":"https:\/\/chemuza.org\/pt\/"},{"@type":"ListItem","position":2,"name":"Rad\u00f4nio"}]},{"@type":"WebSite","@id":"https:\/\/chemuza.org\/pt\/#website","url":"https:\/\/chemuza.org\/pt\/","name":"Chemuza","description":"Sua porta de entrada para a descoberta qu\u00edmica!","publisher":{"@id":"https:\/\/chemuza.org\/pt\/#organization"},"potentialAction":[{"@type":"SearchAction","target":{"@type":"EntryPoint","urlTemplate":"https:\/\/chemuza.org\/pt\/?s={search_term_string}"},"query-input":"required name=search_term_string"}],"inLanguage":"pt-PT"},{"@type":"Organization","@id":"https:\/\/chemuza.org\/pt\/#organization","name":"Chemuza","url":"https:\/\/chemuza.org\/pt\/","logo":{"@type":"ImageObject","inLanguage":"pt-PT","@id":"https:\/\/chemuza.org\/pt\/#\/schema\/logo\/image\/","url":"https:\/\/chemuza.org\/pt\/wp-content\/uploads\/2023\/10\/chemuza-logo.png","contentUrl":"https:\/\/chemuza.org\/pt\/wp-content\/uploads\/2023\/10\/chemuza-logo.png","width":387,"height":70,"caption":"Chemuza"},"image":{"@id":"https:\/\/chemuza.org\/pt\/#\/schema\/logo\/image\/"}}]}},"yoast_meta":{"yoast_wpseo_title":"","yoast_wpseo_metadesc":"","yoast_wpseo_canonical":""},"_links":{"self":[{"href":"https:\/\/chemuza.org\/pt\/wp-json\/wp\/v2\/pages\/1541","targetHints":{"allow":["GET"]}}],"collection":[{"href":"https:\/\/chemuza.org\/pt\/wp-json\/wp\/v2\/pages"}],"about":[{"href":"https:\/\/chemuza.org\/pt\/wp-json\/wp\/v2\/types\/page"}],"author":[{"embeddable":true,"href":"https:\/\/chemuza.org\/pt\/wp-json\/wp\/v2\/users\/1"}],"replies":[{"embeddable":true,"href":"https:\/\/chemuza.org\/pt\/wp-json\/wp\/v2\/comments?post=1541"}],"version-history":[{"count":0,"href":"https:\/\/chemuza.org\/pt\/wp-json\/wp\/v2\/pages\/1541\/revisions"}],"wp:attachment":[{"href":"https:\/\/chemuza.org\/pt\/wp-json\/wp\/v2\/media?parent=1541"}],"curies":[{"name":"wp","href":"https:\/\/api.w.org\/{rel}","templated":true}]}}