{"id":1540,"date":"2023-07-13T21:13:29","date_gmt":"2023-07-13T21:13:29","guid":{"rendered":"https:\/\/chemuza.org\/pt\/um-status\/"},"modified":"2023-07-13T21:13:29","modified_gmt":"2023-07-13T21:13:29","slug":"um-status","status":"publish","type":"page","link":"https:\/\/chemuza.org\/pt\/um-status\/","title":{"rendered":"Astatino"},"content":{"rendered":"<p>O elemento qu\u00edmico Astatine \u00e9 geralmente muito raro na natureza, pois a quantidade total encontrada na crosta terrestre n\u00e3o ultrapassa 30 gramas. Por outro lado, sua meia-vida \u00e9 muito curta, pois apresenta meia-vida inferior a 8 horas. Saiba mais sobre o que \u00e9 o Astatus, quem o descobriu e seus usos.<\/p>\n<h2> <strong>O que \u00e9 status?<\/strong><\/h2>\n<p> Tamb\u00e9m conhecido como astato, \u00e9 um semimetal ou metal\u00f3ide que faz parte da s\u00e9rie qu\u00edmica dos halog\u00eanios. Apresenta alta radioatividade, comportamento met\u00e1lico e aspecto brilhante. Da mesma forma, \u00e9 raro e inst\u00e1vel, bem como o menos eletronegativo, mas o mais pesado de seu grupo. Pode ser encontrado na natureza ou preparado artificialmente.<\/p>\n<h3> <strong>S\u00edmbolo de Astatino<\/strong><\/h3>\n<p> <span class=\"content-chemical-element\" style=\"float: left;width: 65px;height: 65px;border: 3px solid #666; display:flex;\n    justify-content: center;align-items: center;margin-right: 15px;\"><span style=\"font-size: 38px;\">O<\/span><\/span> s\u00edmbolo qu\u00edmico \u00e9 uma abreviatura do seu nome, que vem da palavra grega <em>astatos<\/em> que significa <em>inst\u00e1vel<\/em> . Esta express\u00e3o \u00e9 muito apropriada porque nenhum is\u00f3topo est\u00e1vel \u00e9 conhecido para isso. Al\u00e9m disso, o qu\u00edmico Dmitri Mendeleev j\u00e1 havia previsto a sua exist\u00eancia e batizou-o de <em>eka-iodo<\/em> .<\/p>\n<h2> <strong>Caracter\u00edsticas do astato<\/strong><\/h2>\n<p> Atualmente, todas as caracter\u00edsticas do Astatus s\u00e3o desconhecidas com certeza. No entanto, alguns consideraram a sua composi\u00e7\u00e3o qu\u00edmica semelhante \u00e0 do iodo. Outras vantagens deste metal:<\/p>\n<ul>\n<li> <strong>Modifica\u00e7\u00f5es qu\u00edmicas<\/strong> : Em solu\u00e7\u00e3o \u00e9 oxidado pelo bromo, \u00e9 reduzido pelo di\u00f3xido de enxofre e agentes oxidantes fortes formam o \u00edon astatato.<\/li>\n<li> <strong>Condutividade<\/strong> : \u00c9 um elemento semicondutor.<\/li>\n<li> <strong>Apar\u00eancia<\/strong> : Apresenta aspecto escuro, brilhante e lustroso.<\/li>\n<li> <strong>Estado<\/strong> : O estado de agrega\u00e7\u00e3o comum \u00e9 s\u00f3lido.<\/li>\n<li> <strong>Fus\u00e3o<\/strong> : Seu ponto de fus\u00e3o \u00e9 maior ou maior que o do Iodo.<\/li>\n<li> <strong>Estados de oxida\u00e7\u00e3o<\/strong> : Apresentam caracter\u00edsticas de coprecipita\u00e7\u00e3o semelhantes \u00e0s do iodo livre, do \u00edon iodeto e do \u00edon iodato.<\/li>\n<li> <strong>Radioatividade<\/strong> : Possui alta radioatividade, tanto que os laborat\u00f3rios exigem altas medidas de seguran\u00e7a e cuidados t\u00e9cnicos durante sua produ\u00e7\u00e3o.<\/li>\n<li> <strong>Meia-vida<\/strong> : Sua vida \u00fatil m\u00e9dia \u00e9 de aproximadamente 7,2 horas, embora varie dependendo do is\u00f3topo.<\/li>\n<li> <strong>Comportamento met\u00e1lico<\/strong> : Ao contr\u00e1rio dos halog\u00eanios mais leves, forma c\u00e1tions monoat\u00f4micos est\u00e1veis em solu\u00e7\u00f5es aquosas.<\/li>\n<\/ul>\n<h2> <strong>Propriedades qu\u00edmicas e f\u00edsicas do astato<\/strong><\/h2>\n<ol>\n<li> <strong>N\u00famero at\u00f4mico<\/strong> : 85<\/li>\n<li> <strong>Ferrugem<\/strong> : Desconhecido<\/li>\n<li> <strong>Densidade (g\/ml)<\/strong> : N\u00e3o possui<\/li>\n<li> <strong>Raio covalente (\u00c5)<\/strong> : 127 pm<\/li>\n<li> <strong>Raio at\u00f4mico (\u00c5)<\/strong> : 145 pm<\/li>\n<li> <strong>Ponto de ebuli\u00e7\u00e3o<\/strong> : 337\u00b0C<\/li>\n<li> <strong>Calor espec\u00edfico<\/strong> : N\u00e3o possui<\/li>\n<li> <strong>Massa at\u00f4mica (g\/mol)<\/strong> : 210 u<\/li>\n<li> <strong>Velocidade do som<\/strong> : N\u00e3o possui<\/li>\n<li> <strong>Ponto de fus\u00e3o<\/strong> : 302\u00b0C (575K)<\/li>\n<li> <strong>Entalpia de fus\u00e3o<\/strong> : 114 kJ\/mol<\/li>\n<li> <strong>Estados de oxida\u00e7\u00e3o<\/strong> : \u00b11, 3, 5, 7<\/li>\n<li> <strong>Configura\u00e7\u00e3o eletr\u00f4nica<\/strong> : [Xe]4f <sup>14<\/sup> 5d <sup>10<\/sup> 6s <sup>2<\/sup> 6p <sup>5<\/sup><\/li>\n<li> <strong>El\u00e9trons por n\u00edvel<\/strong> : 2, 8, 18, 32, 18, 7<\/li>\n<li> <strong>Entalpia de vaporiza\u00e7\u00e3o<\/strong> : N\u00e3o possui<\/li>\n<li> <strong>Primeiro potencial de ioniza\u00e7\u00e3o (eV)<\/strong> : 920 kJ\/mol<\/li>\n<li> <strong>Eletronegatividade<\/strong> : 2,2 (escala Pauling)<\/li>\n<\/ol>\n<h2> <strong>Origem de Astatino<\/strong><\/h2>\n<p> Segundo a hist\u00f3ria do Astatus, a primeira vez que ele foi descoberto, ou seja, sintetizado, ocorreu em 1940. Quem realizou esse trabalho foram os americanos Dale R. Corson, Emilio Segr\u00e8 e Kenneth R. Mackenzie da Universidade de Berkeley. , Calif\u00f3rnia. .<\/p>\n<p> Esses tr\u00eas cientistas equipados com part\u00edculas alfa, ou n\u00facleos de h\u00e9lio, bombardearam uma camada do elemento bismuto. Mais tarde, em 1964, McLaughlin analisou uma amostra de is\u00f3topos radioativos produzidos artificialmente. Al\u00e9m disso, este cientista foi o primeiro a visualizar duas linhas espectrais na regi\u00e3o ultravioleta.<\/p>\n<h2> <strong>Para que \u00e9 usado o Astus?<\/strong><\/h2>\n<p> Hoje, nenhuma aplica\u00e7\u00e3o comercial do astato foi descoberta, pois poucas quantidades desse elemento s\u00e3o encontradas no planeta Terra. Por\u00e9m, \u00e9 frequentemente utilizado como potencial tratamento para o c\u00e2ncer, por ser um elemento que cont\u00e9m is\u00f3topos de interesse para a fabrica\u00e7\u00e3o de radiof\u00e1rmacos.<\/p>\n<p> Al\u00e9m disso, os especialistas sugerem que as propriedades do Astatine cont\u00eam valor experimental pr\u00e1tico durante avalia\u00e7\u00f5es te\u00f3ricas. Estes s\u00e3o usados para prever as caracter\u00edsticas at\u00f4micas e qu\u00edmicas de outros elementos, por exemplo, elementos superpesados.<\/p>\n<h2> <strong>Is\u00f3topos de astato<\/strong><\/h2>\n<p> \u00c9 um elemento que cont\u00e9m 41 is\u00f3topos radioativos, dos quais 25 foram preparados por meio de rea\u00e7\u00f5es artificiais de transmuta\u00e7\u00e3o nuclear. A vida mais longa \u00e9 de <sup>210<\/sup> At com uma vida \u00fatil de 8,1 horas.<\/p>\n<p> Pelo contr\u00e1rio, o menos dur\u00e1vel \u00e9 o <sup>213<\/sup> At, cuja meia-vida chega a 125 nanossegundos. Al\u00e9m disso, os is\u00f3topos <sup>215<\/sup> At, <sup>218<\/sup> At e <sup>219<\/sup> At s\u00e3o encontrados em pequenas quantidades nos minerais Ur\u00e2nio e T\u00f3rio.<\/p>\n<h2> <strong>Efeitos do Astatine na sa\u00fade<\/strong><\/h2>\n<p> N\u00e3o tem efeitos na sa\u00fade humana enquanto tal, porque a sua quantidade na crosta terrestre \u00e9 limitada e a sua vida \u00fatil tamb\u00e9m \u00e9 curta. Por\u00e9m, os laborat\u00f3rios que realizam estudos e pesquisas requerem cuidados e t\u00e9cnicas de manuseio especiais porque cont\u00e9m um halog\u00eanio que pode se acumular na gl\u00e2ndula tireoide.<\/p>\n<p> Em resumo, o astato \u00e9 um metal\u00f3ide halogenado que apresenta alta radioatividade, apar\u00eancia escura, vida \u00fatil m\u00e9dia de 7,2 horas e composi\u00e7\u00e3o semelhante ao iodo. \u00c9 inst\u00e1vel, o menos eletronegativo do seu grupo e um semicondutor. Embora n\u00e3o contenha aplica\u00e7\u00f5es comerciais, \u00e9 utilizado em trabalhos investigativos e cient\u00edficos.<\/p>\n","protected":false},"excerpt":{"rendered":"<p>O elemento qu\u00edmico Astatine \u00e9 geralmente muito raro na natureza, pois a quantidade total encontrada na crosta terrestre n\u00e3o ultrapassa 30 gramas. Por outro lado, sua meia-vida \u00e9 muito curta, pois apresenta meia-vida inferior a 8 horas. Saiba mais sobre o que \u00e9 o Astatus, quem o descobriu e seus usos. O que \u00e9 status? &#8230; <a title=\"Astatino\" class=\"read-more\" href=\"https:\/\/chemuza.org\/pt\/um-status\/\" aria-label=\"Mais em Astatino\">Ler mais<\/a><\/p>\n","protected":false},"author":1,"featured_media":0,"parent":0,"menu_order":0,"comment_status":"closed","ping_status":"closed","template":"","meta":{"footnotes":""},"class_list":["post-1540","page","type-page","status-publish"],"yoast_head":"<!-- This site is optimized with the Yoast SEO plugin v21.4 - https:\/\/yoast.com\/wordpress\/plugins\/seo\/ -->\n<title>Astatino - Chemuza<\/title>\n<meta name=\"robots\" content=\"index, follow, max-snippet:-1, max-image-preview:large, max-video-preview:-1\" \/>\n<link rel=\"canonical\" href=\"https:\/\/chemuza.org\/pt\/um-status\/\" \/>\n<meta property=\"og:locale\" content=\"pt_PT\" \/>\n<meta property=\"og:type\" content=\"article\" \/>\n<meta property=\"og:title\" content=\"Astatino - Chemuza\" \/>\n<meta property=\"og:description\" content=\"O elemento qu\u00edmico Astatine \u00e9 geralmente muito raro na natureza, pois a quantidade total encontrada na crosta terrestre n\u00e3o ultrapassa 30 gramas. Por outro lado, sua meia-vida \u00e9 muito curta, pois apresenta meia-vida inferior a 8 horas. Saiba mais sobre o que \u00e9 o Astatus, quem o descobriu e seus usos. O que \u00e9 status? ... Ler mais\" \/>\n<meta property=\"og:url\" content=\"https:\/\/chemuza.org\/pt\/um-status\/\" \/>\n<meta property=\"og:site_name\" content=\"Statorials\" \/>\n<meta name=\"twitter:card\" content=\"summary_large_image\" \/>\n<meta name=\"twitter:label1\" content=\"Tempo estimado de leitura\" \/>\n\t<meta name=\"twitter:data1\" content=\"4 minutos\" \/>\n<script type=\"application\/ld+json\" class=\"yoast-schema-graph\">{\"@context\":\"https:\/\/schema.org\",\"@graph\":[{\"@type\":\"WebPage\",\"@id\":\"https:\/\/chemuza.org\/pt\/um-status\/\",\"url\":\"https:\/\/chemuza.org\/pt\/um-status\/\",\"name\":\"Astatino - Chemuza\",\"isPartOf\":{\"@id\":\"https:\/\/chemuza.org\/pt\/#website\"},\"datePublished\":\"2023-07-13T21:13:29+00:00\",\"dateModified\":\"2023-07-13T21:13:29+00:00\",\"breadcrumb\":{\"@id\":\"https:\/\/chemuza.org\/pt\/um-status\/#breadcrumb\"},\"inLanguage\":\"pt-PT\",\"potentialAction\":[{\"@type\":\"ReadAction\",\"target\":[\"https:\/\/chemuza.org\/pt\/um-status\/\"]}]},{\"@type\":\"BreadcrumbList\",\"@id\":\"https:\/\/chemuza.org\/pt\/um-status\/#breadcrumb\",\"itemListElement\":[{\"@type\":\"ListItem\",\"position\":1,\"name\":\"Lar\",\"item\":\"https:\/\/chemuza.org\/pt\/\"},{\"@type\":\"ListItem\",\"position\":2,\"name\":\"Astatino\"}]},{\"@type\":\"WebSite\",\"@id\":\"https:\/\/chemuza.org\/pt\/#website\",\"url\":\"https:\/\/chemuza.org\/pt\/\",\"name\":\"Chemuza\",\"description\":\"Sua porta de entrada para a descoberta qu\u00edmica!\",\"publisher\":{\"@id\":\"https:\/\/chemuza.org\/pt\/#organization\"},\"potentialAction\":[{\"@type\":\"SearchAction\",\"target\":{\"@type\":\"EntryPoint\",\"urlTemplate\":\"https:\/\/chemuza.org\/pt\/?s={search_term_string}\"},\"query-input\":\"required name=search_term_string\"}],\"inLanguage\":\"pt-PT\"},{\"@type\":\"Organization\",\"@id\":\"https:\/\/chemuza.org\/pt\/#organization\",\"name\":\"Chemuza\",\"url\":\"https:\/\/chemuza.org\/pt\/\",\"logo\":{\"@type\":\"ImageObject\",\"inLanguage\":\"pt-PT\",\"@id\":\"https:\/\/chemuza.org\/pt\/#\/schema\/logo\/image\/\",\"url\":\"https:\/\/chemuza.org\/pt\/wp-content\/uploads\/2023\/10\/chemuza-logo.png\",\"contentUrl\":\"https:\/\/chemuza.org\/pt\/wp-content\/uploads\/2023\/10\/chemuza-logo.png\",\"width\":387,\"height\":70,\"caption\":\"Chemuza\"},\"image\":{\"@id\":\"https:\/\/chemuza.org\/pt\/#\/schema\/logo\/image\/\"}}]}<\/script>\n<!-- \/ Yoast SEO plugin. -->","yoast_head_json":{"title":"Astatino - Chemuza","robots":{"index":"index","follow":"follow","max-snippet":"max-snippet:-1","max-image-preview":"max-image-preview:large","max-video-preview":"max-video-preview:-1"},"canonical":"https:\/\/chemuza.org\/pt\/um-status\/","og_locale":"pt_PT","og_type":"article","og_title":"Astatino - Chemuza","og_description":"O elemento qu\u00edmico Astatine \u00e9 geralmente muito raro na natureza, pois a quantidade total encontrada na crosta terrestre n\u00e3o ultrapassa 30 gramas. Por outro lado, sua meia-vida \u00e9 muito curta, pois apresenta meia-vida inferior a 8 horas. Saiba mais sobre o que \u00e9 o Astatus, quem o descobriu e seus usos. O que \u00e9 status? ... Ler mais","og_url":"https:\/\/chemuza.org\/pt\/um-status\/","og_site_name":"Statorials","twitter_card":"summary_large_image","twitter_misc":{"Tempo estimado de leitura":"4 minutos"},"schema":{"@context":"https:\/\/schema.org","@graph":[{"@type":"WebPage","@id":"https:\/\/chemuza.org\/pt\/um-status\/","url":"https:\/\/chemuza.org\/pt\/um-status\/","name":"Astatino - Chemuza","isPartOf":{"@id":"https:\/\/chemuza.org\/pt\/#website"},"datePublished":"2023-07-13T21:13:29+00:00","dateModified":"2023-07-13T21:13:29+00:00","breadcrumb":{"@id":"https:\/\/chemuza.org\/pt\/um-status\/#breadcrumb"},"inLanguage":"pt-PT","potentialAction":[{"@type":"ReadAction","target":["https:\/\/chemuza.org\/pt\/um-status\/"]}]},{"@type":"BreadcrumbList","@id":"https:\/\/chemuza.org\/pt\/um-status\/#breadcrumb","itemListElement":[{"@type":"ListItem","position":1,"name":"Lar","item":"https:\/\/chemuza.org\/pt\/"},{"@type":"ListItem","position":2,"name":"Astatino"}]},{"@type":"WebSite","@id":"https:\/\/chemuza.org\/pt\/#website","url":"https:\/\/chemuza.org\/pt\/","name":"Chemuza","description":"Sua porta de entrada para a descoberta qu\u00edmica!","publisher":{"@id":"https:\/\/chemuza.org\/pt\/#organization"},"potentialAction":[{"@type":"SearchAction","target":{"@type":"EntryPoint","urlTemplate":"https:\/\/chemuza.org\/pt\/?s={search_term_string}"},"query-input":"required name=search_term_string"}],"inLanguage":"pt-PT"},{"@type":"Organization","@id":"https:\/\/chemuza.org\/pt\/#organization","name":"Chemuza","url":"https:\/\/chemuza.org\/pt\/","logo":{"@type":"ImageObject","inLanguage":"pt-PT","@id":"https:\/\/chemuza.org\/pt\/#\/schema\/logo\/image\/","url":"https:\/\/chemuza.org\/pt\/wp-content\/uploads\/2023\/10\/chemuza-logo.png","contentUrl":"https:\/\/chemuza.org\/pt\/wp-content\/uploads\/2023\/10\/chemuza-logo.png","width":387,"height":70,"caption":"Chemuza"},"image":{"@id":"https:\/\/chemuza.org\/pt\/#\/schema\/logo\/image\/"}}]}},"yoast_meta":{"yoast_wpseo_title":"","yoast_wpseo_metadesc":"","yoast_wpseo_canonical":""},"_links":{"self":[{"href":"https:\/\/chemuza.org\/pt\/wp-json\/wp\/v2\/pages\/1540","targetHints":{"allow":["GET"]}}],"collection":[{"href":"https:\/\/chemuza.org\/pt\/wp-json\/wp\/v2\/pages"}],"about":[{"href":"https:\/\/chemuza.org\/pt\/wp-json\/wp\/v2\/types\/page"}],"author":[{"embeddable":true,"href":"https:\/\/chemuza.org\/pt\/wp-json\/wp\/v2\/users\/1"}],"replies":[{"embeddable":true,"href":"https:\/\/chemuza.org\/pt\/wp-json\/wp\/v2\/comments?post=1540"}],"version-history":[{"count":0,"href":"https:\/\/chemuza.org\/pt\/wp-json\/wp\/v2\/pages\/1540\/revisions"}],"wp:attachment":[{"href":"https:\/\/chemuza.org\/pt\/wp-json\/wp\/v2\/media?parent=1540"}],"curies":[{"name":"wp","href":"https:\/\/api.w.org\/{rel}","templated":true}]}}