{"id":1539,"date":"2023-07-13T21:38:39","date_gmt":"2023-07-13T21:38:39","guid":{"rendered":"https:\/\/chemuza.org\/pt\/polonio\/"},"modified":"2023-07-13T21:38:39","modified_gmt":"2023-07-13T21:38:39","slug":"polonio","status":"publish","type":"page","link":"https:\/\/chemuza.org\/pt\/polonio\/","title":{"rendered":"Pol\u00f4nio"},"content":{"rendered":"<p>O pol\u00f4nio \u00e9 um elemento radioativo presente naturalmente na crosta terrestre em concentra\u00e7\u00f5es m\u00ednimas. \u00c9 muito vol\u00e1til e tem baixo ponto de fus\u00e3o. Al\u00e9m disso, sua composi\u00e7\u00e3o inclui 41 is\u00f3topos t\u00f3xicos, por isso deve ser manuseado com extrema cautela. Saiba mais sobre suas caracter\u00edsticas, quem o descobriu, a origem de seu nome e seus usos modernos.<\/p>\n<h2> <strong>O que \u00e9 pol\u00f4nio?<\/strong><\/h2>\n<p> \u00c9 um metal\u00f3ide ou semimetal da tabela peri\u00f3dica assinado com o n\u00famero at\u00f4mico 84. Sua cor \u00e9 cinza prateado e \u00e9 encontrado no meio ambiente na forma de 2 al\u00f3tropos. \u00c9 um metal muito reativo, com caracter\u00edsticas semelhantes ao bismuto e ao tel\u00fario. Al\u00e9m disso, devido ao seu baixo ponto de fus\u00e3o, possui caracter\u00edsticas de semicondutores est\u00e1veis.<\/p>\n<h3> <strong>S\u00edmbolo de pol\u00f4nio<\/strong><\/h3>\n<p> <span class=\"content-chemical-element\" style=\"float: left;width: 65px;height: 65px;border: 3px solid #666; display:flex;\n    justify-content: center;align-items: center;margin-right: 15px;\"><span style=\"font-size: 38px;\">Po<\/span><\/span> Seu nome vem da Pol\u00f4nia, pa\u00eds de origem de sua descoberta. Foi o local de nascimento da cientista Marie Curie, sua descobridora, e recebeu este nome em sua homenagem.<\/p>\n<h2> <strong>Caracter\u00edsticas do pol\u00f4nio<\/strong><\/h2>\n<p> O elemento Pol\u00f4nio est\u00e1 localizado no grupo 16 sob o s\u00edmbolo Po na tabela peri\u00f3dica. \u00c9 um semimetal que possui propriedades entre metais e n\u00e3o metais e apresenta condutividade el\u00e9trica quando sua temperatura diminui. Al\u00e9m disso, \u00e9 t\u00e3o vol\u00e1til que diminui 50% ap\u00f3s aproximadamente 45 horas no ar a uma temperatura n\u00e3o superior a 54,8\u00b0C. \u00c9 composto por 41 is\u00f3topos, todos inst\u00e1veis. Outros recursos s\u00e3o:<\/p>\n<ul>\n<li> <strong>Condi\u00e7\u00e3o<\/strong> : S\u00f3lido.<\/li>\n<li> <strong>Cor<\/strong> : Cinza prateado.<\/li>\n<li> <strong>Sabor e odor<\/strong> : \u00c9 inodoro, com leve sabor met\u00e1lico.<\/li>\n<li> <strong>Toxicidade<\/strong> : Alta, 10.000 vezes maior que a do veneno de cianeto, alguns microgramas podem ser fatais para humanos.<\/li>\n<li> <strong>Radioatividade<\/strong> : Alta, \u00e9 um dos elementos mais radioativos, emitindo part\u00edculas alfa t\u00f3xicas.<\/li>\n<li> <strong>Reatividade<\/strong> : Moderada, reage suavemente com o ar e n\u00e3o interage com a \u00e1gua.<\/li>\n<li> <strong>Estrutura<\/strong> : \u00c9 monocl\u00ednica, ou seja, composta por um eixo bin\u00e1rio com plano perpendicular. Por\u00e9m, dependendo da temperatura muda, se estiver baixa forma um al\u00f3tropo c\u00fabico amarelo e se estiver alta \u00e9 tetragonal vermelho.<\/li>\n<li> <strong>Solubilidade<\/strong> : Baixa, dissolve-se rapidamente em \u00e1cidos e ligeiramente sol\u00favel em \u00e1lcalis.<\/li>\n<li> <strong>Composi\u00e7\u00e3o<\/strong> : Composta por 84 el\u00e9trons e pr\u00f3tons, acompanhados por 126 el\u00e9trons.<\/li>\n<\/ul>\n<h2> <strong>Propriedades qu\u00edmicas e f\u00edsicas do pol\u00f4nio<\/strong><\/h2>\n<ol>\n<li> <strong>N\u00famero at\u00f4mico<\/strong> : 84<\/li>\n<li> <strong>Per\u00edodo<\/strong> : 6<\/li>\n<li> <strong>Bloquear<\/strong> \ud83d\ude1b<\/li>\n<li> <strong>Grupo<\/strong> : 16<\/li>\n<li> <strong>Raio m\u00e9dio:<\/strong> 190h<\/li>\n<li> <strong>Densidade:<\/strong> 9196 Kg\/m\u00b3<\/li>\n<li> <strong>Ponto de fus\u00e3o:<\/strong> 254<strong> <\/strong>\u00b0C<\/li>\n<li> <strong>Raio at\u00f4mico:<\/strong> 135h<\/li>\n<li> <strong>Eletronegatividade:<\/strong> 2,0<\/li>\n<li> <strong>Estado de oxida\u00e7\u00e3o<\/strong> : 6, 4, 2, -2<\/li>\n<li> <strong>Raio covalente (\u00c5):<\/strong> 146h<\/li>\n<li> <strong>Ponto de ebuli\u00e7\u00e3o:<\/strong> 962\u00b0C<\/li>\n<li> <strong>El\u00e9trons por camada:<\/strong> 2, 8, 18, 32, 18, 6<\/li>\n<li> <strong>Primeiro potencial de ioniza\u00e7\u00e3o<\/strong> (eV): 812,1 kJ\/mol<\/li>\n<li> <strong>Configura\u00e7\u00e3o eletr\u00f4nica:<\/strong> [Xe] 4f14 5d10 6s2 6p4<\/li>\n<li> <strong>Massa at\u00f4mica (g\/mol):<\/strong> 209,9824 u<\/li>\n<li> <strong>Condutividade t\u00e9rmica:<\/strong> 20 W\/(Km)<\/li>\n<li> <strong>Condutividade el\u00e9trica:<\/strong> 2,19 x 106 S\/m<\/li>\n<\/ol>\n<h2> <strong>Origem do pol\u00f4nio<\/strong><\/h2>\n<p> O elemento qu\u00edmico pol\u00f4nio foi descoberto por Marie Curie em 1898. Ela e o marido analisaram as causas da radioatividade do mineral Pechblenda ou Uraninite. Originalmente chamada de R\u00e1dio F, foi renomeada em homenagem ao local de nascimento de Marie Curie, a Pol\u00f4nia. Eles conseguiram isol\u00e1-lo do ur\u00e2nio, r\u00e1dio e bismuto usando um eletrosc\u00f3pio e emiss\u00f5es de radia\u00e7\u00e3o. As amostras mais radioativas vieram do elemento.<\/p>\n<h2> <strong>Para que \u00e9 usado o pol\u00f4nio?<\/strong><\/h2>\n<p> Embora os usos do pol\u00f4nio sejam limitados pela sua alta radioatividade, ele \u00e9 utilizado em dispositivos destinados a remover cargas est\u00e1ticas de artigos t\u00eaxteis. Al\u00e9m disso, se misturado com ber\u00edlio, torna-se uma boa fonte de n\u00eautrons. \u00c9 utilizado em pinc\u00e9is que limpam a poeira de filmes fotogr\u00e1ficos. Al\u00e9m disso, por ser uma fonte de calor leve, \u00e9 utilizado em sat\u00e9lites espaciais, onde \u00e9 capaz de formar altas temperaturas e emitir energia.<\/p>\n<h2> <strong>O que \u00e9 Pol\u00f4nio 210?<\/strong><\/h2>\n<p> \u00c9 um is\u00f3topo de pol\u00f4nio radioativo que possui grande quantidade de energia e \u00e9 utilizado como emissor de calor no setor espacial. Al\u00e9m disso, \u00e9 um elemento altamente t\u00f3xico, presente na crosta terrestre e nas plantas de tabaco em concentra\u00e7\u00f5es m\u00ednimas. \u00c9 capaz de emitir radia\u00e7\u00e3o de curto alcance, que se espalha lentamente pelo ambiente. Ele entra no corpo atrav\u00e9s da ingest\u00e3o de s\u00f3lidos ou l\u00edquidos contaminados.<\/p>\n<h2> <strong>Envenenamento por pol\u00f4nio<\/strong><\/h2>\n<p> A dose letal para humanos \u00e9 inferior a 10 microgramas, tornando o pol\u00f4nio um composto mais t\u00f3xico que o cianeto. Pode entrar no corpo atrav\u00e9s de les\u00f5es, ingest\u00e3o de bebidas, s\u00f3lidos contaminados e inala\u00e7\u00e3o de part\u00edculas alfa emitidas pelo metal. No entanto, o corpo tolera uma dose m\u00ednima que \u00e9 ent\u00e3o rejeitada naturalmente. No entanto, a intoxica\u00e7\u00e3o ocorre quando a exposi\u00e7\u00e3o \u00e9 prolongada e grandes quantidades s\u00e3o ingeridas. Os sintomas e efeitos s\u00e3o:<\/p>\n<ul>\n<li> N\u00e1useas, diarr\u00e9ia e v\u00f4mitos.<\/li>\n<li> Desidrata\u00e7\u00e3o e saliva\u00e7\u00e3o excessiva.<\/li>\n<li> Fadiga intensa e sintomas febris.<\/li>\n<li> Baixa voltagem.<\/li>\n<li> Perda de cabelo.<\/li>\n<li> Forte dor de est\u00f4mago.<\/li>\n<li> Danos graves aos rins e pulm\u00f5es.<\/li>\n<li> Falha do sistema imunol\u00f3gico, que pode at\u00e9 levar \u00e0 morte.<\/li>\n<\/ul>\n<p> Concluindo, este metal\u00f3ide destaca-se pela sua elevada radioatividade, o que significa que tem poucas aplica\u00e7\u00f5es no setor industrial. \u00danico is\u00f3topo utilizado na ind\u00fastria, o pol\u00f4nio 210 \u00e9 utilizado para emitir calor e produzir eletricidade.<\/p>\n","protected":false},"excerpt":{"rendered":"<p>O pol\u00f4nio \u00e9 um elemento radioativo presente naturalmente na crosta terrestre em concentra\u00e7\u00f5es m\u00ednimas. \u00c9 muito vol\u00e1til e tem baixo ponto de fus\u00e3o. Al\u00e9m disso, sua composi\u00e7\u00e3o inclui 41 is\u00f3topos t\u00f3xicos, por isso deve ser manuseado com extrema cautela. Saiba mais sobre suas caracter\u00edsticas, quem o descobriu, a origem de seu nome e seus usos &#8230; <a title=\"Pol\u00f4nio\" class=\"read-more\" href=\"https:\/\/chemuza.org\/pt\/polonio\/\" aria-label=\"Mais em Pol\u00f4nio\">Ler mais<\/a><\/p>\n","protected":false},"author":1,"featured_media":0,"parent":0,"menu_order":0,"comment_status":"closed","ping_status":"closed","template":"","meta":{"footnotes":""},"class_list":["post-1539","page","type-page","status-publish"],"yoast_head":"<!-- This site is optimized with the Yoast SEO plugin v21.4 - https:\/\/yoast.com\/wordpress\/plugins\/seo\/ -->\n<title>Pol\u00f4nio - Chemuza<\/title>\n<meta name=\"robots\" content=\"index, follow, max-snippet:-1, max-image-preview:large, max-video-preview:-1\" \/>\n<link rel=\"canonical\" href=\"https:\/\/chemuza.org\/pt\/polonio\/\" \/>\n<meta property=\"og:locale\" content=\"pt_PT\" \/>\n<meta property=\"og:type\" content=\"article\" \/>\n<meta property=\"og:title\" content=\"Pol\u00f4nio - Chemuza\" \/>\n<meta property=\"og:description\" content=\"O pol\u00f4nio \u00e9 um elemento radioativo presente naturalmente na crosta terrestre em concentra\u00e7\u00f5es m\u00ednimas. \u00c9 muito vol\u00e1til e tem baixo ponto de fus\u00e3o. Al\u00e9m disso, sua composi\u00e7\u00e3o inclui 41 is\u00f3topos t\u00f3xicos, por isso deve ser manuseado com extrema cautela. Saiba mais sobre suas caracter\u00edsticas, quem o descobriu, a origem de seu nome e seus usos ... Ler mais\" \/>\n<meta property=\"og:url\" content=\"https:\/\/chemuza.org\/pt\/polonio\/\" \/>\n<meta property=\"og:site_name\" content=\"Statorials\" \/>\n<meta name=\"twitter:card\" content=\"summary_large_image\" \/>\n<meta name=\"twitter:label1\" content=\"Tempo estimado de leitura\" \/>\n\t<meta name=\"twitter:data1\" content=\"4 minutos\" \/>\n<script type=\"application\/ld+json\" class=\"yoast-schema-graph\">{\"@context\":\"https:\/\/schema.org\",\"@graph\":[{\"@type\":\"WebPage\",\"@id\":\"https:\/\/chemuza.org\/pt\/polonio\/\",\"url\":\"https:\/\/chemuza.org\/pt\/polonio\/\",\"name\":\"Pol\u00f4nio - Chemuza\",\"isPartOf\":{\"@id\":\"https:\/\/chemuza.org\/pt\/#website\"},\"datePublished\":\"2023-07-13T21:38:39+00:00\",\"dateModified\":\"2023-07-13T21:38:39+00:00\",\"breadcrumb\":{\"@id\":\"https:\/\/chemuza.org\/pt\/polonio\/#breadcrumb\"},\"inLanguage\":\"pt-PT\",\"potentialAction\":[{\"@type\":\"ReadAction\",\"target\":[\"https:\/\/chemuza.org\/pt\/polonio\/\"]}]},{\"@type\":\"BreadcrumbList\",\"@id\":\"https:\/\/chemuza.org\/pt\/polonio\/#breadcrumb\",\"itemListElement\":[{\"@type\":\"ListItem\",\"position\":1,\"name\":\"Lar\",\"item\":\"https:\/\/chemuza.org\/pt\/\"},{\"@type\":\"ListItem\",\"position\":2,\"name\":\"Pol\u00f4nio\"}]},{\"@type\":\"WebSite\",\"@id\":\"https:\/\/chemuza.org\/pt\/#website\",\"url\":\"https:\/\/chemuza.org\/pt\/\",\"name\":\"Chemuza\",\"description\":\"Sua porta de entrada para a descoberta qu\u00edmica!\",\"publisher\":{\"@id\":\"https:\/\/chemuza.org\/pt\/#organization\"},\"potentialAction\":[{\"@type\":\"SearchAction\",\"target\":{\"@type\":\"EntryPoint\",\"urlTemplate\":\"https:\/\/chemuza.org\/pt\/?s={search_term_string}\"},\"query-input\":\"required name=search_term_string\"}],\"inLanguage\":\"pt-PT\"},{\"@type\":\"Organization\",\"@id\":\"https:\/\/chemuza.org\/pt\/#organization\",\"name\":\"Chemuza\",\"url\":\"https:\/\/chemuza.org\/pt\/\",\"logo\":{\"@type\":\"ImageObject\",\"inLanguage\":\"pt-PT\",\"@id\":\"https:\/\/chemuza.org\/pt\/#\/schema\/logo\/image\/\",\"url\":\"https:\/\/chemuza.org\/pt\/wp-content\/uploads\/2023\/10\/chemuza-logo.png\",\"contentUrl\":\"https:\/\/chemuza.org\/pt\/wp-content\/uploads\/2023\/10\/chemuza-logo.png\",\"width\":387,\"height\":70,\"caption\":\"Chemuza\"},\"image\":{\"@id\":\"https:\/\/chemuza.org\/pt\/#\/schema\/logo\/image\/\"}}]}<\/script>\n<!-- \/ Yoast SEO plugin. -->","yoast_head_json":{"title":"Pol\u00f4nio - Chemuza","robots":{"index":"index","follow":"follow","max-snippet":"max-snippet:-1","max-image-preview":"max-image-preview:large","max-video-preview":"max-video-preview:-1"},"canonical":"https:\/\/chemuza.org\/pt\/polonio\/","og_locale":"pt_PT","og_type":"article","og_title":"Pol\u00f4nio - Chemuza","og_description":"O pol\u00f4nio \u00e9 um elemento radioativo presente naturalmente na crosta terrestre em concentra\u00e7\u00f5es m\u00ednimas. \u00c9 muito vol\u00e1til e tem baixo ponto de fus\u00e3o. Al\u00e9m disso, sua composi\u00e7\u00e3o inclui 41 is\u00f3topos t\u00f3xicos, por isso deve ser manuseado com extrema cautela. Saiba mais sobre suas caracter\u00edsticas, quem o descobriu, a origem de seu nome e seus usos ... Ler mais","og_url":"https:\/\/chemuza.org\/pt\/polonio\/","og_site_name":"Statorials","twitter_card":"summary_large_image","twitter_misc":{"Tempo estimado de leitura":"4 minutos"},"schema":{"@context":"https:\/\/schema.org","@graph":[{"@type":"WebPage","@id":"https:\/\/chemuza.org\/pt\/polonio\/","url":"https:\/\/chemuza.org\/pt\/polonio\/","name":"Pol\u00f4nio - Chemuza","isPartOf":{"@id":"https:\/\/chemuza.org\/pt\/#website"},"datePublished":"2023-07-13T21:38:39+00:00","dateModified":"2023-07-13T21:38:39+00:00","breadcrumb":{"@id":"https:\/\/chemuza.org\/pt\/polonio\/#breadcrumb"},"inLanguage":"pt-PT","potentialAction":[{"@type":"ReadAction","target":["https:\/\/chemuza.org\/pt\/polonio\/"]}]},{"@type":"BreadcrumbList","@id":"https:\/\/chemuza.org\/pt\/polonio\/#breadcrumb","itemListElement":[{"@type":"ListItem","position":1,"name":"Lar","item":"https:\/\/chemuza.org\/pt\/"},{"@type":"ListItem","position":2,"name":"Pol\u00f4nio"}]},{"@type":"WebSite","@id":"https:\/\/chemuza.org\/pt\/#website","url":"https:\/\/chemuza.org\/pt\/","name":"Chemuza","description":"Sua porta de entrada para a descoberta qu\u00edmica!","publisher":{"@id":"https:\/\/chemuza.org\/pt\/#organization"},"potentialAction":[{"@type":"SearchAction","target":{"@type":"EntryPoint","urlTemplate":"https:\/\/chemuza.org\/pt\/?s={search_term_string}"},"query-input":"required name=search_term_string"}],"inLanguage":"pt-PT"},{"@type":"Organization","@id":"https:\/\/chemuza.org\/pt\/#organization","name":"Chemuza","url":"https:\/\/chemuza.org\/pt\/","logo":{"@type":"ImageObject","inLanguage":"pt-PT","@id":"https:\/\/chemuza.org\/pt\/#\/schema\/logo\/image\/","url":"https:\/\/chemuza.org\/pt\/wp-content\/uploads\/2023\/10\/chemuza-logo.png","contentUrl":"https:\/\/chemuza.org\/pt\/wp-content\/uploads\/2023\/10\/chemuza-logo.png","width":387,"height":70,"caption":"Chemuza"},"image":{"@id":"https:\/\/chemuza.org\/pt\/#\/schema\/logo\/image\/"}}]}},"yoast_meta":{"yoast_wpseo_title":"","yoast_wpseo_metadesc":"","yoast_wpseo_canonical":""},"_links":{"self":[{"href":"https:\/\/chemuza.org\/pt\/wp-json\/wp\/v2\/pages\/1539","targetHints":{"allow":["GET"]}}],"collection":[{"href":"https:\/\/chemuza.org\/pt\/wp-json\/wp\/v2\/pages"}],"about":[{"href":"https:\/\/chemuza.org\/pt\/wp-json\/wp\/v2\/types\/page"}],"author":[{"embeddable":true,"href":"https:\/\/chemuza.org\/pt\/wp-json\/wp\/v2\/users\/1"}],"replies":[{"embeddable":true,"href":"https:\/\/chemuza.org\/pt\/wp-json\/wp\/v2\/comments?post=1539"}],"version-history":[{"count":0,"href":"https:\/\/chemuza.org\/pt\/wp-json\/wp\/v2\/pages\/1539\/revisions"}],"wp:attachment":[{"href":"https:\/\/chemuza.org\/pt\/wp-json\/wp\/v2\/media?parent=1539"}],"curies":[{"name":"wp","href":"https:\/\/api.w.org\/{rel}","templated":true}]}}