{"id":1538,"date":"2023-07-13T22:08:32","date_gmt":"2023-07-13T22:08:32","guid":{"rendered":"https:\/\/chemuza.org\/pt\/bismuto\/"},"modified":"2023-07-13T22:08:32","modified_gmt":"2023-07-13T22:08:32","slug":"bismuto","status":"publish","type":"page","link":"https:\/\/chemuza.org\/pt\/bismuto\/","title":{"rendered":"Bismuto"},"content":{"rendered":"<p>\u00c9 considerado um dos elementos qu\u00edmicos menos t\u00f3xicos, raz\u00e3o pela qual as propriedades do bismuto s\u00e3o utilizadas para m\u00faltiplas aplica\u00e7\u00f5es comerciais. Da mesma forma, \u00e9 encontrado na natureza em estado met\u00e1lico puro e tamb\u00e9m entre forma\u00e7\u00f5es minerais. Veja a origem, caracter\u00edsticas, usos comuns e propriedades.<\/p>\n<h2> <strong>O que \u00e9 bismuto?<\/strong><\/h2>\n<p> O elemento qu\u00edmico Bismuto \u00e9 um metal p\u00f3s-transi\u00e7\u00e3o que faz parte do grupo 15 da tabela peri\u00f3dica, os nitrog\u00eanios. Possui densidade semelhante \u00e0 do Chumbo, baixa radioatividade e m\u00e1 condu\u00e7\u00e3o t\u00e9rmica. Al\u00e9m disso, \u00e9 pesado, monoat\u00f4mico, brilhante, quebradi\u00e7o e de apar\u00eancia cristalina. Al\u00e9m disso, possui excelente resist\u00eancia el\u00e9trica quando em campo magn\u00e9tico, conhecido como efeito Hall.<\/p>\n<h3> <strong>S\u00edmbolo de bismuto<\/strong><\/h3>\n<p> <span class=\"content-chemical-element\" style=\"float: left;width: 65px;height: 65px;border: 3px solid #666; display:flex;\n    justify-content: center;align-items: center;margin-right: 15px;\"><span style=\"font-size: 38px;\">Bi<\/span><\/span> O s\u00edmbolo do Bismuto \u00e9 uma abreviatura do seu nome cuja etimologia \u00e9 incerta. Considera-se que vem do latim <em>Bismutum<\/em> e \u00e9 derivado de <em>Bisemutum<\/em> , palavra latinizada por Georgius Agr\u00edcola. Por sua vez, vem da palavra alem\u00e3 <em>Wismut<\/em> , que vem de <em>Wissemat<\/em> . Aparentemente, em refer\u00eancia \u00e0 cor do elemento, todas estas express\u00f5es referem-se \u00e0 <em>mat\u00e9ria branca<\/em> .<\/p>\n<h2> <strong>Caracter\u00edsticas do bismuto<\/strong><\/h2>\n<p> O bismuto tem meia-vida estimada em 20 trilh\u00f5es de anos, baixa maleabilidade e ductilidade. Al\u00e9m disso, embora esteja rodeado de metais perigosos e t\u00f3xicos, n\u00e3o \u00e9 agressivo nem muito t\u00f3xico. No n\u00edvel at\u00f4mico, \u00e9 composto por 126 n\u00eautrons, 83 pr\u00f3tons e 83 el\u00e9trons. Da mesma forma, uma vez solidificado, sofre expans\u00e3o. Conhe\u00e7a as outras caracter\u00edsticas do bismuto:<\/p>\n<ul>\n<li> <strong>Reatividade Qu\u00edmica<\/strong> : Forma uma camada de \u00f3xido quando oxidado em temperaturas extremas, reage ao Enxofre, Tel\u00fario, Sel\u00eanio, Halog\u00eanios e resiste ao ataque \u00e1cido.<\/li>\n<li> <strong>Condutividade t\u00e9rmica e el\u00e9trica<\/strong> : \u00c9 um dos piores condutores de calor e eletricidade entre todos os metais.<\/li>\n<li> <strong>Cor<\/strong> : Vermelho ou branco acinzentado com tons suaves de rosa.<\/li>\n<li> <strong>Estado<\/strong> : Sua forma comum de agrega\u00e7\u00e3o \u00e9 s\u00f3lida.<\/li>\n<li> <strong>Densidade<\/strong> : Cont\u00e9m 86% da densidade do Chumbo, embora no estado s\u00f3lido possa flutuar sobre um l\u00edquido.<\/li>\n<li> <strong>Evolu\u00e7\u00f5es<\/strong> : Quando seus g\u00eameos ou cristais id\u00eanticos s\u00e3o oxidados, d\u00e1 tons rosados.<\/li>\n<li> <strong>Ordem magn\u00e9tica<\/strong> : Elemento que \u00e9 diamagn\u00e9tico ou tem dificuldade em se magnetizar.<\/li>\n<li> <strong>Dureza<\/strong> : Possui dureza mineral de 2,5 na escala de Mohs.<\/li>\n<li> <strong>Estrutura cristalina<\/strong> : Possui geometria rombo\u00e9drica.<\/li>\n<li> <strong>Estados de oxida\u00e7\u00e3o<\/strong> : a maioria de seus compostos s\u00e3o trivalentes, mas \u00e0s vezes podem ser monovalentes ou pentavalentes.<\/li>\n<\/ul>\n<h2> <strong>Propriedades qu\u00edmicas e f\u00edsicas do bismuto<\/strong><\/h2>\n<ol>\n<li> <strong>N\u00famero at\u00f4mico<\/strong> : 83<\/li>\n<li> <strong>\u00d3xido<\/strong> : Ligeiramente \u00e1cido<\/li>\n<li> <strong>Densidade (g\/ml)<\/strong> : 9,780<\/li>\n<li> <strong>Raio covalente (\u00c5)<\/strong> : 146 pm<\/li>\n<li> <strong>Calor espec\u00edfico<\/strong> : 122 J\/(K-kg)<\/li>\n<li> <strong>Entalpia de fus\u00e3o<\/strong> : 11,3 kJ\/mol<\/li>\n<li> <strong>Ponto de fus\u00e3o<\/strong> : 271\u00b0C (544,4K)<\/li>\n<li> <strong>Estados de oxida\u00e7\u00e3o<\/strong> : -3, -2, -1, +1, +2, +3, +4, +5<\/li>\n<li> <strong>Primeiro potencial de ioniza\u00e7\u00e3o (eV)<\/strong> : 703 kJ\/mol<\/li>\n<li> <strong>Raio at\u00f4mico (\u00c5)<\/strong> : 143 pm (raio de Bohr)<\/li>\n<li> <strong>Ponto de ebuli\u00e7\u00e3o<\/strong> : 1564\u00b0C (1837K)<\/li>\n<li> <strong>Massa at\u00f4mica (g\/mol)<\/strong> : 208,980 u<\/li>\n<li> <strong>Velocidade do som<\/strong> : 1790 m\/s a 293,15 K<\/li>\n<li> <strong>Configura\u00e7\u00e3o eletr\u00f4nica<\/strong> : [Xe]4f <sup>14<\/sup> 5d <sup>10<\/sup> 6s <sup>2<\/sup> 6p <sup>3<\/sup><\/li>\n<li> <strong>El\u00e9trons por n\u00edvel<\/strong> : 2, 8, 18, 32, 18, 5<\/li>\n<li> <strong>Entalpia de vaporiza\u00e7\u00e3o<\/strong> : 104,8 kJ\/mol<\/li>\n<li> <strong>Eletronegatividade<\/strong> : 2,02 (escala Pauling)<\/li>\n<\/ol>\n<h2> <strong>Origem do bismuto<\/strong><\/h2>\n<p> O elemento bismuto \u00e9 conhecido desde a antiguidade, raz\u00e3o pela qual a sua descoberta n\u00e3o \u00e9 atribu\u00edda a nenhum qu\u00edmico em particular. Na verdade, foi um dos primeiros dez metais descobertos. Por outro lado, sua liga com Bronze para fazer facas era reconhecida entre os Incas.<\/p>\n<p> Na era da alquimia, os mineiros deram-lhe o nome de <em>tectum argenti<\/em> , que significa <em>fabrica\u00e7\u00e3o de prata<\/em> . Al\u00e9m disso, a princ\u00edpio foi confundido com chumbo, zinco e estanho. No entanto, os qu\u00edmicos t\u00eam trabalhado desde 1546 para demonstrar a sua diferen\u00e7a em rela\u00e7\u00e3o a outros elementos. Mais tarde, foi o franc\u00eas Claude Fran\u00e7ois Geoffroy quem se encarregou de expressar essas diferen\u00e7as.<\/p>\n<h2> <strong>Para que \u00e9 usado o bismuto?<\/strong><\/h2>\n<p> Na ind\u00fastria farmac\u00eautica, s\u00e3o fabricados medicamentos para tratar doen\u00e7as gastrointestinais, infec\u00e7\u00f5es oculares e bacterianas, flatul\u00eancia, diarreia, s\u00edfilis, entre outros problemas de sa\u00fade. Saiba mais sobre suas utilidades:<\/p>\n<ul>\n<li> No setor industrial, \u00e9 utilizado na produ\u00e7\u00e3o de pigmentos para produtos cosm\u00e9ticos, como sombras, esmaltes e lacas para cabelos.<\/li>\n<li> \u00c9 usado na metalurgia para gerar ligas de baixo ponto de fus\u00e3o, como sistemas de supress\u00e3o de seguran\u00e7a e detectores de inc\u00eandio.<\/li>\n<li> Substitui o chumbo na produ\u00e7\u00e3o de reatores, proj\u00e9teis bal\u00edsticos, chumbadas de pesca, entre outros.<\/li>\n<li> \u00c9 usado em ve\u00edculos que utilizam sistemas de termopares para transportar combust\u00edvel de reatores nucleares.<\/li>\n<li> Serve como revestimento para escudos de l\u00e1tex, usados para prote\u00e7\u00e3o contra raios X durante exames de an\u00e1lises m\u00e9dicas.<\/li>\n<\/ul>\n<h2> <strong>Obten\u00e7\u00e3o de bismuto<\/strong><\/h2>\n<p> \u00c9 um dos poucos elementos qu\u00edmicos encontrados em sua forma pura na natureza, embora geralmente seja mais f\u00e1cil de extrair como subproduto de outros minerais. Por exemplo, na China \u00e9 obtido a partir de tungst\u00eanio, chumbo ou ouro. Al\u00e9m disso, a \u00fanica mina prim\u00e1ria do mundo est\u00e1 na Bol\u00edvia.<\/p>\n<p> Em resumo, o Bismuto \u00e9 um elemento met\u00e1lico p\u00f3s-transi\u00e7\u00e3o, pesado, brilhante, quebradi\u00e7o, diamagn\u00e9tico, mau condutor de calor, muito at\u00f3xico e n\u00e3o agressivo. Al\u00e9m disso, sofre expans\u00f5es durante os processos de solidifica\u00e7\u00e3o, possui baixa ductilidade e maleabilidade. Por outro lado, \u00e9 utilizado nas ind\u00fastrias farmac\u00eautica, metal\u00fargica e cosm\u00e9tica.<\/p>\n","protected":false},"excerpt":{"rendered":"<p>\u00c9 considerado um dos elementos qu\u00edmicos menos t\u00f3xicos, raz\u00e3o pela qual as propriedades do bismuto s\u00e3o utilizadas para m\u00faltiplas aplica\u00e7\u00f5es comerciais. Da mesma forma, \u00e9 encontrado na natureza em estado met\u00e1lico puro e tamb\u00e9m entre forma\u00e7\u00f5es minerais. Veja a origem, caracter\u00edsticas, usos comuns e propriedades. O que \u00e9 bismuto? O elemento qu\u00edmico Bismuto \u00e9 um &#8230; <a title=\"Bismuto\" class=\"read-more\" href=\"https:\/\/chemuza.org\/pt\/bismuto\/\" aria-label=\"Mais em Bismuto\">Ler mais<\/a><\/p>\n","protected":false},"author":1,"featured_media":0,"parent":0,"menu_order":0,"comment_status":"closed","ping_status":"closed","template":"","meta":{"footnotes":""},"class_list":["post-1538","page","type-page","status-publish"],"yoast_head":"<!-- This site is optimized with the Yoast SEO plugin v21.4 - https:\/\/yoast.com\/wordpress\/plugins\/seo\/ -->\n<title>Bismuto - Chemuza<\/title>\n<meta name=\"robots\" content=\"index, follow, max-snippet:-1, max-image-preview:large, max-video-preview:-1\" \/>\n<link rel=\"canonical\" href=\"https:\/\/chemuza.org\/pt\/bismuto\/\" \/>\n<meta property=\"og:locale\" content=\"pt_PT\" \/>\n<meta property=\"og:type\" content=\"article\" \/>\n<meta property=\"og:title\" content=\"Bismuto - Chemuza\" \/>\n<meta property=\"og:description\" content=\"\u00c9 considerado um dos elementos qu\u00edmicos menos t\u00f3xicos, raz\u00e3o pela qual as propriedades do bismuto s\u00e3o utilizadas para m\u00faltiplas aplica\u00e7\u00f5es comerciais. Da mesma forma, \u00e9 encontrado na natureza em estado met\u00e1lico puro e tamb\u00e9m entre forma\u00e7\u00f5es minerais. Veja a origem, caracter\u00edsticas, usos comuns e propriedades. O que \u00e9 bismuto? O elemento qu\u00edmico Bismuto \u00e9 um ... Ler mais\" \/>\n<meta property=\"og:url\" content=\"https:\/\/chemuza.org\/pt\/bismuto\/\" \/>\n<meta property=\"og:site_name\" content=\"Statorials\" \/>\n<meta name=\"twitter:card\" content=\"summary_large_image\" \/>\n<meta name=\"twitter:label1\" content=\"Tempo estimado de leitura\" \/>\n\t<meta name=\"twitter:data1\" content=\"4 minutos\" \/>\n<script type=\"application\/ld+json\" class=\"yoast-schema-graph\">{\"@context\":\"https:\/\/schema.org\",\"@graph\":[{\"@type\":\"WebPage\",\"@id\":\"https:\/\/chemuza.org\/pt\/bismuto\/\",\"url\":\"https:\/\/chemuza.org\/pt\/bismuto\/\",\"name\":\"Bismuto - Chemuza\",\"isPartOf\":{\"@id\":\"https:\/\/chemuza.org\/pt\/#website\"},\"datePublished\":\"2023-07-13T22:08:32+00:00\",\"dateModified\":\"2023-07-13T22:08:32+00:00\",\"breadcrumb\":{\"@id\":\"https:\/\/chemuza.org\/pt\/bismuto\/#breadcrumb\"},\"inLanguage\":\"pt-PT\",\"potentialAction\":[{\"@type\":\"ReadAction\",\"target\":[\"https:\/\/chemuza.org\/pt\/bismuto\/\"]}]},{\"@type\":\"BreadcrumbList\",\"@id\":\"https:\/\/chemuza.org\/pt\/bismuto\/#breadcrumb\",\"itemListElement\":[{\"@type\":\"ListItem\",\"position\":1,\"name\":\"Lar\",\"item\":\"https:\/\/chemuza.org\/pt\/\"},{\"@type\":\"ListItem\",\"position\":2,\"name\":\"Bismuto\"}]},{\"@type\":\"WebSite\",\"@id\":\"https:\/\/chemuza.org\/pt\/#website\",\"url\":\"https:\/\/chemuza.org\/pt\/\",\"name\":\"Chemuza\",\"description\":\"Sua porta de entrada para a descoberta qu\u00edmica!\",\"publisher\":{\"@id\":\"https:\/\/chemuza.org\/pt\/#organization\"},\"potentialAction\":[{\"@type\":\"SearchAction\",\"target\":{\"@type\":\"EntryPoint\",\"urlTemplate\":\"https:\/\/chemuza.org\/pt\/?s={search_term_string}\"},\"query-input\":\"required name=search_term_string\"}],\"inLanguage\":\"pt-PT\"},{\"@type\":\"Organization\",\"@id\":\"https:\/\/chemuza.org\/pt\/#organization\",\"name\":\"Chemuza\",\"url\":\"https:\/\/chemuza.org\/pt\/\",\"logo\":{\"@type\":\"ImageObject\",\"inLanguage\":\"pt-PT\",\"@id\":\"https:\/\/chemuza.org\/pt\/#\/schema\/logo\/image\/\",\"url\":\"https:\/\/chemuza.org\/pt\/wp-content\/uploads\/2023\/10\/chemuza-logo.png\",\"contentUrl\":\"https:\/\/chemuza.org\/pt\/wp-content\/uploads\/2023\/10\/chemuza-logo.png\",\"width\":387,\"height\":70,\"caption\":\"Chemuza\"},\"image\":{\"@id\":\"https:\/\/chemuza.org\/pt\/#\/schema\/logo\/image\/\"}}]}<\/script>\n<!-- \/ Yoast SEO plugin. -->","yoast_head_json":{"title":"Bismuto - Chemuza","robots":{"index":"index","follow":"follow","max-snippet":"max-snippet:-1","max-image-preview":"max-image-preview:large","max-video-preview":"max-video-preview:-1"},"canonical":"https:\/\/chemuza.org\/pt\/bismuto\/","og_locale":"pt_PT","og_type":"article","og_title":"Bismuto - Chemuza","og_description":"\u00c9 considerado um dos elementos qu\u00edmicos menos t\u00f3xicos, raz\u00e3o pela qual as propriedades do bismuto s\u00e3o utilizadas para m\u00faltiplas aplica\u00e7\u00f5es comerciais. Da mesma forma, \u00e9 encontrado na natureza em estado met\u00e1lico puro e tamb\u00e9m entre forma\u00e7\u00f5es minerais. Veja a origem, caracter\u00edsticas, usos comuns e propriedades. O que \u00e9 bismuto? O elemento qu\u00edmico Bismuto \u00e9 um ... Ler mais","og_url":"https:\/\/chemuza.org\/pt\/bismuto\/","og_site_name":"Statorials","twitter_card":"summary_large_image","twitter_misc":{"Tempo estimado de leitura":"4 minutos"},"schema":{"@context":"https:\/\/schema.org","@graph":[{"@type":"WebPage","@id":"https:\/\/chemuza.org\/pt\/bismuto\/","url":"https:\/\/chemuza.org\/pt\/bismuto\/","name":"Bismuto - Chemuza","isPartOf":{"@id":"https:\/\/chemuza.org\/pt\/#website"},"datePublished":"2023-07-13T22:08:32+00:00","dateModified":"2023-07-13T22:08:32+00:00","breadcrumb":{"@id":"https:\/\/chemuza.org\/pt\/bismuto\/#breadcrumb"},"inLanguage":"pt-PT","potentialAction":[{"@type":"ReadAction","target":["https:\/\/chemuza.org\/pt\/bismuto\/"]}]},{"@type":"BreadcrumbList","@id":"https:\/\/chemuza.org\/pt\/bismuto\/#breadcrumb","itemListElement":[{"@type":"ListItem","position":1,"name":"Lar","item":"https:\/\/chemuza.org\/pt\/"},{"@type":"ListItem","position":2,"name":"Bismuto"}]},{"@type":"WebSite","@id":"https:\/\/chemuza.org\/pt\/#website","url":"https:\/\/chemuza.org\/pt\/","name":"Chemuza","description":"Sua porta de entrada para a descoberta qu\u00edmica!","publisher":{"@id":"https:\/\/chemuza.org\/pt\/#organization"},"potentialAction":[{"@type":"SearchAction","target":{"@type":"EntryPoint","urlTemplate":"https:\/\/chemuza.org\/pt\/?s={search_term_string}"},"query-input":"required name=search_term_string"}],"inLanguage":"pt-PT"},{"@type":"Organization","@id":"https:\/\/chemuza.org\/pt\/#organization","name":"Chemuza","url":"https:\/\/chemuza.org\/pt\/","logo":{"@type":"ImageObject","inLanguage":"pt-PT","@id":"https:\/\/chemuza.org\/pt\/#\/schema\/logo\/image\/","url":"https:\/\/chemuza.org\/pt\/wp-content\/uploads\/2023\/10\/chemuza-logo.png","contentUrl":"https:\/\/chemuza.org\/pt\/wp-content\/uploads\/2023\/10\/chemuza-logo.png","width":387,"height":70,"caption":"Chemuza"},"image":{"@id":"https:\/\/chemuza.org\/pt\/#\/schema\/logo\/image\/"}}]}},"yoast_meta":{"yoast_wpseo_title":"","yoast_wpseo_metadesc":"","yoast_wpseo_canonical":""},"_links":{"self":[{"href":"https:\/\/chemuza.org\/pt\/wp-json\/wp\/v2\/pages\/1538","targetHints":{"allow":["GET"]}}],"collection":[{"href":"https:\/\/chemuza.org\/pt\/wp-json\/wp\/v2\/pages"}],"about":[{"href":"https:\/\/chemuza.org\/pt\/wp-json\/wp\/v2\/types\/page"}],"author":[{"embeddable":true,"href":"https:\/\/chemuza.org\/pt\/wp-json\/wp\/v2\/users\/1"}],"replies":[{"embeddable":true,"href":"https:\/\/chemuza.org\/pt\/wp-json\/wp\/v2\/comments?post=1538"}],"version-history":[{"count":0,"href":"https:\/\/chemuza.org\/pt\/wp-json\/wp\/v2\/pages\/1538\/revisions"}],"wp:attachment":[{"href":"https:\/\/chemuza.org\/pt\/wp-json\/wp\/v2\/media?parent=1538"}],"curies":[{"name":"wp","href":"https:\/\/api.w.org\/{rel}","templated":true}]}}