{"id":1537,"date":"2023-07-13T22:34:45","date_gmt":"2023-07-13T22:34:45","guid":{"rendered":"https:\/\/chemuza.org\/pt\/ouro\/"},"modified":"2023-07-13T22:34:45","modified_gmt":"2023-07-13T22:34:45","slug":"ouro","status":"publish","type":"page","link":"https:\/\/chemuza.org\/pt\/ouro\/","title":{"rendered":"Ouro"},"content":{"rendered":"<p>\u00c9 um metal precioso conhecido mundialmente desde a antiguidade. Em condi\u00e7\u00f5es normais \u00e9 encontrado no subsolo na forma de pequenas acumula\u00e7\u00f5es ou pepitas de ouro, seja no estado puro ou tamb\u00e9m com outros minerais. Devido \u00e0s suas propriedades f\u00edsicas e qu\u00edmicas, \u00e9 utilizado na ind\u00fastria, medicina e joalheria. Saiba tudo sobre este metal precioso aqui.<\/p>\n<h2> <strong>O que \u00e9 ouro?<\/strong><\/h2>\n<p> \u00c9 classificado entre os metais de transi\u00e7\u00e3o da tabela peri\u00f3dica. Sua cor caracter\u00edstica \u00e9 o amarelo brilhante, mas pode aparecer roxo, preto ou rubi em divis\u00f5es finas. De todos os metais, \u00e9 o mais macio e male\u00e1vel. Al\u00e9m disso, \u00e9 frequentemente associado a outros minerais, como quartzo e pirita, que tamb\u00e9m cont\u00eam prata e \u00e9 combinado com tel\u00fario em minerais como silvanita, kalgoorlita e calaverita.<\/p>\n<h3> <strong>S\u00edmbolo de ouro<\/strong><\/h3>\n<p> <span class=\"content-chemical-element\" style=\"float: left;width: 65px;height: 65px;border: 3px solid #666; display:flex;\n    justify-content: center;align-items: center;margin-right: 15px;\"><span style=\"font-size: 38px;\">Au<\/span><\/span> Est\u00e1 localizado no grupo 11 da tabela peri\u00f3dica com n\u00famero at\u00f4mico 79 e massa de 196,96. Cont\u00e9m apenas um is\u00f3topo est\u00e1vel, <sup>197<\/sup> Au, e 36 radiois\u00f3topos, sendo o mais est\u00e1vel o <sup>195<\/sup> Au, que tem um per\u00edodo de decaimento de aproximadamente 186 dias. O menos est\u00e1vel \u00e9 o <sup>171<\/sup> Au, que decai por emiss\u00e3o de pr\u00f3tons.<\/p>\n<h3> <strong>Caracter\u00edsticas do ouro<\/strong><\/h3>\n<p> Por ser male\u00e1vel, tem capacidade de se transformar em barras, chapas e fios. N\u00e3o \u00e9 afetado pelo calor nem pela umidade, n\u00e3o queima com o ar e n\u00e3o perde o brilho. Al\u00e9m disso, \u00e9 um bom condutor de eletricidade e calor. Outras caracter\u00edsticas do ouro s\u00e3o:<\/p>\n<ul>\n<li> <strong>Solubilidade<\/strong> : \u00c9 sol\u00favel em \u00e1cido nitrocr\u00eddrico e \u00e1gua r\u00e9gia <strong>.<\/strong><\/li>\n<li> <strong>Status:<\/strong> Comum<\/li>\n<li> <strong>Reatividade:<\/strong> Sua reatividade qu\u00edmica \u00e9 baixa.<\/li>\n<li> <strong>Estrutura Cristalina<\/strong> : Isom\u00e9trica C\u00fabica.<\/li>\n<li> <strong>Brilho:<\/strong> met\u00e1lico.<\/li>\n<li> <strong>Textura:<\/strong> S\u00f3lida e de formato irregular.<\/li>\n<li> <strong>Ponto de ebuli\u00e7\u00e3o:<\/strong> Vol\u00e1til abaixo do seu ponto de ebuli\u00e7\u00e3o.<\/li>\n<\/ul>\n<h2> <strong>Propriedades qu\u00edmicas e f\u00edsicas do ouro<\/strong><\/h2>\n<ol>\n<li> <strong>N\u00famero at\u00f4mico<\/strong> : 79<\/li>\n<li> <strong>Per\u00edodo:<\/strong> 6<\/li>\n<li> <strong>Bloco:<\/strong> d<\/li>\n<li> <strong>Raio covalente:<\/strong> 144<\/li>\n<li> <strong>Raio at\u00f4mico:<\/strong> 174<\/li>\n<li> <strong>Densidade:<\/strong> 19300 kg\/m\u00b3<\/li>\n<li> <strong>Calor espec\u00edfico:<\/strong> 128 J<\/li>\n<li> <strong>Ponto de fus\u00e3o:<\/strong> 1337,33K<\/li>\n<li> <strong>Configura\u00e7\u00e3o eletr\u00f4nica:<\/strong> [Xe] 4f <sup>14<\/sup> 5d <sup>10<\/sup> 6s <sup>1<\/sup><\/li>\n<li> <strong>Entalpia de vaporiza\u00e7\u00e3o:<\/strong> 334,4 kJ\/mol<\/li>\n<li> <strong>Entalpia de fus\u00e3o:<\/strong> 12,55 Kj\/mol<\/li>\n<li> <strong>Velocidade do som:<\/strong> 1740 m\/s a 293,15 K<\/li>\n<li> <strong>Press\u00e3o de vapor:<\/strong> 0,000237 Pa a 1337 K<\/li>\n<li> <strong>Condutividade el\u00e9trica:<\/strong> 4,5 x 10 <sup>7<\/sup> S\/m<\/li>\n<li> <strong>Condutividade t\u00e9rmica:<\/strong> 317 W<\/li>\n<li> <strong>Ponto de ebuli\u00e7\u00e3o:<\/strong> 3129 K<\/li>\n<\/ol>\n<h2> <strong>Origem do ouro<\/strong><\/h2>\n<p> J\u00e1 na \u00e9poca eg\u00edpcia, o fara\u00f3 Dyer tinha em seu t\u00edtulo um hier\u00f3glifo referente ao metal e no Antigo Testamento o ouro \u00e9 mencionado diversas vezes. Em 1848, o americano James Wilson Marshall foi o primeiro a encontrar esta pedra preciosa num rio da Calif\u00f3rnia, o que deu origem ao que \u00e9 conhecido como corrida do ouro.<\/p>\n<h2> <strong>Para que \u00e9 usado o ouro?<\/strong><\/h2>\n<p> Devido \u00e0 sua alta maleabilidade, pode ser confeccionado em finas folhas denominadas folhas de ouro. S\u00e3o utilizados para revestir molduras, m\u00f3veis, molduras e partes de igrejas antigas. Tamb\u00e9m s\u00e3o \u00fateis para revestir sat\u00e9lites, trof\u00e9us e medalhas de ouro. Descubra outras aplica\u00e7\u00f5es deste metal precioso nas seguintes \u00e1reas:<\/p>\n<h3> <strong>Medicamento<\/strong><strong><\/strong><\/h3>\n<p> Tem v\u00e1rios usos terap\u00eauticos, incluindo tiolatos de ouro, que s\u00e3o usados como antiinflamat\u00f3rios no tratamento da artrite reumat\u00f3ide. Assim como a prata, esse metal \u00e9 capaz, com o merc\u00fario, de formar poderosos am\u00e1lgamas utilizados em odontologia e pr\u00f3teses. Al\u00e9m disso, \u00e9 ben\u00e9fico em tratamentos de c\u00e2ncer e o is\u00f3topo <sup>198<\/sup> Au \u00e9 adicionado a alguns cuidados com a pele e cremes faciais.<\/p>\n<h3> <strong>Joalheiro<\/strong><\/h3>\n<p> Um de seus usos mais difundidos \u00e9 na ourivesaria onde s\u00e3o feitas pe\u00e7as como an\u00e9is, colares, pulseiras, an\u00e9is e rel\u00f3gios de alta qualidade. Deste metal s\u00e3o conhecidos sete tipos de ligas, das quais 75% s\u00e3o ouro e o restante s\u00e3o outros metais. O resultado \u00e9 a durabilidade das pe\u00e7as e a grande variedade de formatos, tamanhos e cores poss\u00edveis que v\u00e3o do amarelo, branco, rosa, vermelho, verde, cinza e azul.<\/p>\n<h3> <strong>Finan\u00e7a<\/strong><\/h3>\n<p> Hoje, o valor do ouro \u00e9 muito elevado e \u00e9 utilizado como instrumento transacional, pois n\u00e3o se desvaloriza, raz\u00e3o pela qual poupar em ouro se tornou comum entre grandes, m\u00e9dios e pequenos investidores. Para proteger o valor do dinheiro contra a infla\u00e7\u00e3o, o padr\u00e3o ouro foi usado como garantia do dinheiro. \u00c9 por isso que esse metal \u00e9 utilizado na fabrica\u00e7\u00e3o de moedas de ouro.<strong> <\/strong>e barras de ouro que s\u00e3o utilizadas para garantir reservas nacionais nos bancos centrais de centenas de pa\u00edses.<\/p>\n<h3> <strong>Ind\u00fastrias<\/strong><\/h3>\n<p> Ouro Coloidal \u00e9 uma solu\u00e7\u00e3o colorida usada como tinta dourada em cer\u00e2mica. Al\u00e9m disso, \u00e9 usado para fazer flautas porque aquece mais r\u00e1pido do que outros materiais. Da mesma forma, substitui o cobre nos cabos el\u00e9tricos gra\u00e7as \u00e0 sua excelente condutividade el\u00e9trica. Na NASA, \u00e9 utilizado em ve\u00edculos espaciais e como lubrificante em pe\u00e7as mec\u00e2nicas.<\/p>\n<p> Concluindo, o ouro \u00e9 um metal precioso utilizado em todo o mundo pela sua durabilidade, beleza e versatilidade. Sua bela cor dourada brilhante e sua propriedade de ser male\u00e1vel permitem sua utiliza\u00e7\u00e3o na ind\u00fastria, como reserva da moeda comum e no setor joalheiro de alto valor comercial.<\/p>\n","protected":false},"excerpt":{"rendered":"<p>\u00c9 um metal precioso conhecido mundialmente desde a antiguidade. Em condi\u00e7\u00f5es normais \u00e9 encontrado no subsolo na forma de pequenas acumula\u00e7\u00f5es ou pepitas de ouro, seja no estado puro ou tamb\u00e9m com outros minerais. Devido \u00e0s suas propriedades f\u00edsicas e qu\u00edmicas, \u00e9 utilizado na ind\u00fastria, medicina e joalheria. Saiba tudo sobre este metal precioso aqui. &#8230; <a title=\"Ouro\" class=\"read-more\" href=\"https:\/\/chemuza.org\/pt\/ouro\/\" aria-label=\"Mais em Ouro\">Ler mais<\/a><\/p>\n","protected":false},"author":1,"featured_media":0,"parent":0,"menu_order":0,"comment_status":"closed","ping_status":"closed","template":"","meta":{"footnotes":""},"class_list":["post-1537","page","type-page","status-publish"],"yoast_head":"<!-- This site is optimized with the Yoast SEO plugin v21.4 - https:\/\/yoast.com\/wordpress\/plugins\/seo\/ -->\n<title>Ouro - Chemuza<\/title>\n<meta name=\"robots\" content=\"index, follow, max-snippet:-1, max-image-preview:large, max-video-preview:-1\" \/>\n<link rel=\"canonical\" href=\"https:\/\/chemuza.org\/pt\/ouro\/\" \/>\n<meta property=\"og:locale\" content=\"pt_PT\" \/>\n<meta property=\"og:type\" content=\"article\" \/>\n<meta property=\"og:title\" content=\"Ouro - Chemuza\" \/>\n<meta property=\"og:description\" content=\"\u00c9 um metal precioso conhecido mundialmente desde a antiguidade. Em condi\u00e7\u00f5es normais \u00e9 encontrado no subsolo na forma de pequenas acumula\u00e7\u00f5es ou pepitas de ouro, seja no estado puro ou tamb\u00e9m com outros minerais. Devido \u00e0s suas propriedades f\u00edsicas e qu\u00edmicas, \u00e9 utilizado na ind\u00fastria, medicina e joalheria. Saiba tudo sobre este metal precioso aqui. ... Ler mais\" \/>\n<meta property=\"og:url\" content=\"https:\/\/chemuza.org\/pt\/ouro\/\" \/>\n<meta property=\"og:site_name\" content=\"Statorials\" \/>\n<meta name=\"twitter:card\" content=\"summary_large_image\" \/>\n<meta name=\"twitter:label1\" content=\"Tempo estimado de leitura\" \/>\n\t<meta name=\"twitter:data1\" content=\"4 minutos\" \/>\n<script type=\"application\/ld+json\" class=\"yoast-schema-graph\">{\"@context\":\"https:\/\/schema.org\",\"@graph\":[{\"@type\":\"WebPage\",\"@id\":\"https:\/\/chemuza.org\/pt\/ouro\/\",\"url\":\"https:\/\/chemuza.org\/pt\/ouro\/\",\"name\":\"Ouro - Chemuza\",\"isPartOf\":{\"@id\":\"https:\/\/chemuza.org\/pt\/#website\"},\"datePublished\":\"2023-07-13T22:34:45+00:00\",\"dateModified\":\"2023-07-13T22:34:45+00:00\",\"breadcrumb\":{\"@id\":\"https:\/\/chemuza.org\/pt\/ouro\/#breadcrumb\"},\"inLanguage\":\"pt-PT\",\"potentialAction\":[{\"@type\":\"ReadAction\",\"target\":[\"https:\/\/chemuza.org\/pt\/ouro\/\"]}]},{\"@type\":\"BreadcrumbList\",\"@id\":\"https:\/\/chemuza.org\/pt\/ouro\/#breadcrumb\",\"itemListElement\":[{\"@type\":\"ListItem\",\"position\":1,\"name\":\"Lar\",\"item\":\"https:\/\/chemuza.org\/pt\/\"},{\"@type\":\"ListItem\",\"position\":2,\"name\":\"Ouro\"}]},{\"@type\":\"WebSite\",\"@id\":\"https:\/\/chemuza.org\/pt\/#website\",\"url\":\"https:\/\/chemuza.org\/pt\/\",\"name\":\"Chemuza\",\"description\":\"Sua porta de entrada para a descoberta qu\u00edmica!\",\"publisher\":{\"@id\":\"https:\/\/chemuza.org\/pt\/#organization\"},\"potentialAction\":[{\"@type\":\"SearchAction\",\"target\":{\"@type\":\"EntryPoint\",\"urlTemplate\":\"https:\/\/chemuza.org\/pt\/?s={search_term_string}\"},\"query-input\":\"required name=search_term_string\"}],\"inLanguage\":\"pt-PT\"},{\"@type\":\"Organization\",\"@id\":\"https:\/\/chemuza.org\/pt\/#organization\",\"name\":\"Chemuza\",\"url\":\"https:\/\/chemuza.org\/pt\/\",\"logo\":{\"@type\":\"ImageObject\",\"inLanguage\":\"pt-PT\",\"@id\":\"https:\/\/chemuza.org\/pt\/#\/schema\/logo\/image\/\",\"url\":\"https:\/\/chemuza.org\/pt\/wp-content\/uploads\/2023\/10\/chemuza-logo.png\",\"contentUrl\":\"https:\/\/chemuza.org\/pt\/wp-content\/uploads\/2023\/10\/chemuza-logo.png\",\"width\":387,\"height\":70,\"caption\":\"Chemuza\"},\"image\":{\"@id\":\"https:\/\/chemuza.org\/pt\/#\/schema\/logo\/image\/\"}}]}<\/script>\n<!-- \/ Yoast SEO plugin. -->","yoast_head_json":{"title":"Ouro - Chemuza","robots":{"index":"index","follow":"follow","max-snippet":"max-snippet:-1","max-image-preview":"max-image-preview:large","max-video-preview":"max-video-preview:-1"},"canonical":"https:\/\/chemuza.org\/pt\/ouro\/","og_locale":"pt_PT","og_type":"article","og_title":"Ouro - Chemuza","og_description":"\u00c9 um metal precioso conhecido mundialmente desde a antiguidade. Em condi\u00e7\u00f5es normais \u00e9 encontrado no subsolo na forma de pequenas acumula\u00e7\u00f5es ou pepitas de ouro, seja no estado puro ou tamb\u00e9m com outros minerais. Devido \u00e0s suas propriedades f\u00edsicas e qu\u00edmicas, \u00e9 utilizado na ind\u00fastria, medicina e joalheria. Saiba tudo sobre este metal precioso aqui. ... Ler mais","og_url":"https:\/\/chemuza.org\/pt\/ouro\/","og_site_name":"Statorials","twitter_card":"summary_large_image","twitter_misc":{"Tempo estimado de leitura":"4 minutos"},"schema":{"@context":"https:\/\/schema.org","@graph":[{"@type":"WebPage","@id":"https:\/\/chemuza.org\/pt\/ouro\/","url":"https:\/\/chemuza.org\/pt\/ouro\/","name":"Ouro - Chemuza","isPartOf":{"@id":"https:\/\/chemuza.org\/pt\/#website"},"datePublished":"2023-07-13T22:34:45+00:00","dateModified":"2023-07-13T22:34:45+00:00","breadcrumb":{"@id":"https:\/\/chemuza.org\/pt\/ouro\/#breadcrumb"},"inLanguage":"pt-PT","potentialAction":[{"@type":"ReadAction","target":["https:\/\/chemuza.org\/pt\/ouro\/"]}]},{"@type":"BreadcrumbList","@id":"https:\/\/chemuza.org\/pt\/ouro\/#breadcrumb","itemListElement":[{"@type":"ListItem","position":1,"name":"Lar","item":"https:\/\/chemuza.org\/pt\/"},{"@type":"ListItem","position":2,"name":"Ouro"}]},{"@type":"WebSite","@id":"https:\/\/chemuza.org\/pt\/#website","url":"https:\/\/chemuza.org\/pt\/","name":"Chemuza","description":"Sua porta de entrada para a descoberta qu\u00edmica!","publisher":{"@id":"https:\/\/chemuza.org\/pt\/#organization"},"potentialAction":[{"@type":"SearchAction","target":{"@type":"EntryPoint","urlTemplate":"https:\/\/chemuza.org\/pt\/?s={search_term_string}"},"query-input":"required name=search_term_string"}],"inLanguage":"pt-PT"},{"@type":"Organization","@id":"https:\/\/chemuza.org\/pt\/#organization","name":"Chemuza","url":"https:\/\/chemuza.org\/pt\/","logo":{"@type":"ImageObject","inLanguage":"pt-PT","@id":"https:\/\/chemuza.org\/pt\/#\/schema\/logo\/image\/","url":"https:\/\/chemuza.org\/pt\/wp-content\/uploads\/2023\/10\/chemuza-logo.png","contentUrl":"https:\/\/chemuza.org\/pt\/wp-content\/uploads\/2023\/10\/chemuza-logo.png","width":387,"height":70,"caption":"Chemuza"},"image":{"@id":"https:\/\/chemuza.org\/pt\/#\/schema\/logo\/image\/"}}]}},"yoast_meta":{"yoast_wpseo_title":"","yoast_wpseo_metadesc":"","yoast_wpseo_canonical":""},"_links":{"self":[{"href":"https:\/\/chemuza.org\/pt\/wp-json\/wp\/v2\/pages\/1537","targetHints":{"allow":["GET"]}}],"collection":[{"href":"https:\/\/chemuza.org\/pt\/wp-json\/wp\/v2\/pages"}],"about":[{"href":"https:\/\/chemuza.org\/pt\/wp-json\/wp\/v2\/types\/page"}],"author":[{"embeddable":true,"href":"https:\/\/chemuza.org\/pt\/wp-json\/wp\/v2\/users\/1"}],"replies":[{"embeddable":true,"href":"https:\/\/chemuza.org\/pt\/wp-json\/wp\/v2\/comments?post=1537"}],"version-history":[{"count":0,"href":"https:\/\/chemuza.org\/pt\/wp-json\/wp\/v2\/pages\/1537\/revisions"}],"wp:attachment":[{"href":"https:\/\/chemuza.org\/pt\/wp-json\/wp\/v2\/media?parent=1537"}],"curies":[{"name":"wp","href":"https:\/\/api.w.org\/{rel}","templated":true}]}}