{"id":1536,"date":"2023-07-13T23:15:08","date_gmt":"2023-07-13T23:15:08","guid":{"rendered":"https:\/\/chemuza.org\/pt\/platina\/"},"modified":"2023-07-13T23:15:08","modified_gmt":"2023-07-13T23:15:08","slug":"platina","status":"publish","type":"page","link":"https:\/\/chemuza.org\/pt\/platina\/","title":{"rendered":"Platina"},"content":{"rendered":"<p>\u00c9 um metal raro na Terra, em seu estado natural \u00e9 encontrado unido a outros elementos como Cromo, Cobre e N\u00edquel na forma de pequenos gr\u00e2nulos provenientes de certas minas de rochas \u00edgneas. A platina \u00e9 usada na maioria das ind\u00fastrias e joias devido \u00e0s suas propriedades vers\u00e1teis e outras aplica\u00e7\u00f5es. Descubra tudo o que voc\u00ea precisa sobre este item.<\/p>\n<h2> <strong>O que \u00e9 platina?<\/strong><\/h2>\n<p> \u00c9 um elemento qu\u00edmico da tabela peri\u00f3dica e faz parte dos metais de transi\u00e7\u00e3o. \u00c9 considerado um metal precioso branco-acinzentado, pesado, d\u00factil e male\u00e1vel. Alguns de seus compostos s\u00e3o o di\u00f3xido de platina conhecido como catalisador de Adams, o \u00e1cido cloroplat\u00ednico que \u00e9 o mais importante e o cloreto de platina que \u00e9 insol\u00favel em \u00e1gua.<\/p>\n<h3> <strong>S\u00edmbolo de Platina<\/strong><\/h3>\n<p> <span class=\"content-chemical-element\" style=\"float: left;width: 65px;height: 65px;border: 3px solid #666; display:flex;\n    justify-content: center;align-items: center;margin-right: 15px;\"><span style=\"font-size: 38px;\">Pt<\/span><\/span> pertence ao grupo n\u00famero 10 da tabela peri\u00f3dica e \u00e9 encontrado entre os metais Ouro e Ir\u00eddio, o n\u00famero at\u00f4mico e o peso s\u00e3o 78 e 195,09 respectivamente. S\u00e3o conhecidos sete is\u00f3topos, dos quais 5 s\u00e3o est\u00e1veis e s\u00e3o <sup>192<\/sup> Pt, <sup>194<\/sup> Pt, <sup>195<\/sup> Pt, <sup>196<\/sup> Pt e <sup>198<\/sup> Pt e apenas um radiois\u00f3topo de longa vida.<\/p>\n<h3> <strong>Caracter\u00edsticas da platina<\/strong><\/h3>\n<p> Este metal pode resistir \u00e0 corros\u00e3o e \u00e9 insol\u00favel na maioria dos \u00e1cidos. Por\u00e9m, na \u00e1gua r\u00e9gia pode ser dissolvido, dando origem ao \u00e1cido cloroplat\u00ednico. Al\u00e9m disso, pode absorver grandes quantidades de hidrog\u00eanio e mant\u00ea-las a uma temperatura regular. Outros recursos Platina:<\/p>\n<ul>\n<li> <strong>Brilho:<\/strong> Met\u00e1lico semelhante ao prata.<\/li>\n<li> <strong>Dureza:<\/strong> 4,3 na escala de Mohs.<\/li>\n<li> <strong>Cor:<\/strong> Branco acinzentado, esbranqui\u00e7ado, cinza a\u00e7o.<\/li>\n<li> <strong>Solubilidade:<\/strong> \u00c9 insol\u00favel em \u00e1cido n\u00edtrico e clor\u00eddrico, mas se dissolve em \u00e1gua r\u00e9gia.<\/li>\n<li> <strong>Textura:<\/strong> S\u00f3lida e constitu\u00edda por pequenos indiv\u00edduos irregulares.<\/li>\n<\/ul>\n<ul>\n<li> <strong>Condi\u00e7\u00e3o<\/strong> : Naturalmente \u00e9 s\u00f3lido.<\/li>\n<li> <strong>Estrutura<\/strong> : C\u00fabica centrada nas faces.<\/li>\n<\/ul>\n<h2> <strong>Propriedades qu\u00edmicas e f\u00edsicas da platina<\/strong><\/h2>\n<ol>\n<li> <strong>N\u00famero at\u00f4mico<\/strong> : 78<\/li>\n<li> <strong>Per\u00edodo:<\/strong> 6<\/li>\n<li> <strong>Bloco:<\/strong> d<\/li>\n<li> <strong>Raio covalente:<\/strong> 136 <sup>&nbsp;<\/sup><\/li>\n<li> <strong>Raio at\u00f4mico:<\/strong> 139h<\/li>\n<li> <strong>Eletronegatividade:<\/strong> 2,28<\/li>\n<li> <strong>Ponto de fus\u00e3o:<\/strong> 2042,15K<\/li>\n<li> <strong>Press\u00e3o de vapor:<\/strong> 0,0312<\/li>\n<li> <strong>Densidade:<\/strong> 21450 kg\/m\u00b3<\/li>\n<li> <strong>Ponto de ebuli\u00e7\u00e3o:<\/strong> 4098K<\/li>\n<li> <strong>Condutividade t\u00e9rmica:<\/strong> 71,6 W<\/li>\n<li> <strong>Calor espec\u00edfico:<\/strong> 130 J<\/li>\n<li> <strong>Velocidade do som:<\/strong> 2.680 m\/s a 293,15 K<\/li>\n<li> <strong>Configura\u00e7\u00e3o eletr\u00f4nica:<\/strong> [Xe] 4f <sup>14<\/sup> 5d <sup>9<\/sup> 6s <sup>1<\/sup><\/li>\n<li> <strong>Condutividade el\u00e9trica:<\/strong> 9,5x 10 <sup>6<\/sup> S\/m<\/li>\n<li> <strong>Entalpia de vaporiza\u00e7\u00e3o:<\/strong> 469 kJ\/mol<\/li>\n<li> <strong>Entalpia de fus\u00e3o:<\/strong> 22,17 Kj\/mol<\/li>\n<li> <strong>M\u00f3dulo el\u00e1stico:<\/strong> 168 GPa<\/li>\n<\/ol>\n<h2> <strong>Origem da platina<\/strong><\/h2>\n<p> Antigamente, as civiliza\u00e7\u00f5es eg\u00edpcia e indiana da Col\u00f4mbia consideravam-no um metal muito importante. Na verdade, descobriu-se que o ba\u00fa de Tebas era decorado com ouro, prata e platina. Al\u00e9m disso, na Am\u00e9rica do Sul, os nativos confeccionavam an\u00e9is e outras pe\u00e7as com esse metal.<\/p>\n<p> O descobridor credenciado foi Antonio de Ulloa que, em 1746, retornou \u00e0 Espanha com algumas amostras de platina e not\u00edcias das novas propriedades do metal. Al\u00e9m disso, foi reconhecido em 1751 quando se fundiu e seu nome est\u00e1 ligado ao dinheiro devido \u00e0s suas semelhan\u00e7as.<\/p>\n<h2> <strong>Para que \u00e9 usada a Platina?<\/strong><\/h2>\n<p> \u00c9 usado principalmente como catalisador em escapamentos de autom\u00f3veis e na \u00e1rea de joalheria, \u00e9 um metal muito popular. Al\u00e9m disso, quase metade dos materiais met\u00e1licos usados pelos humanos hoje consiste em alguma platina. Aqui est\u00e3o alguns de seus aplicativos mais populares:<\/p>\n<h3> <strong>Joalheiro<\/strong><\/h3>\n<p> Por ser um metal bonito, resistente \u00e0 corros\u00e3o e male\u00e1vel, \u00e9 um material valioso para a ind\u00fastria joalheira. Na verdade, ele se mistura bem com outros metais para formar ligas que s\u00e3o fortes e se adaptam a v\u00e1rios formatos. Al\u00e9m disso, \u00e9 hipoalerg\u00eanico, discreto, s\u00f3brio, elegante e inalter\u00e1vel, o que deixa um grande mercado para uso na ourivesaria.<\/p>\n<h3> <strong>Medicamento<\/strong><\/h3>\n<p> Existem formas capazes de retardar a divis\u00e3o celular, raz\u00e3o pela qual foram produzidos medicamentos contra certos tipos de c\u00e2ncer. Por exemplo, a cisplatina ajuda a aumentar a efic\u00e1cia dos tratamentos quimioter\u00e1picos. Al\u00e9m disso, \u00e9 usado para fazer elast\u00f4meros de silicone de platina e atuam como agentes de cura. Tamb\u00e9m \u00e9 usado para obtura\u00e7\u00f5es dent\u00e1rias e marca-passos.<\/p>\n<h3> <strong>Vida cotidiana<\/strong><\/h3>\n<p> Os silicones \u00e0 base de platina s\u00e3o utilizados na fabrica\u00e7\u00e3o de produtos de beleza e cuidados pessoais, como xampus, batons e detergentes dom\u00e9sticos.<\/p>\n<h3> <strong>eletr\u00f4nico<\/strong><\/h3>\n<p> Os discos r\u00edgidos s\u00e3o feitos com esse metal para armazenamento do computador porque aumenta as propriedades magn\u00e9ticas da unidade. Tamb\u00e9m \u00e9 utilizado em partes de chips que comp\u00f5em dispositivos eletr\u00f4nicos e como revestimento de cabos de fibra \u00f3ptica.<\/p>\n<h3> <strong>Ind\u00fastria qu\u00edmica<\/strong><\/h3>\n<p> A platina \u00e9 usada para fazer fertilizantes que ajudam a controlar pragas na agricultura, no solo e nas planta\u00e7\u00f5es. Por outro lado, esse metal \u00e9 um aditivo na gasolina como agente redutor das emiss\u00f5es t\u00f3xicas dos motores.<\/p>\n<p> Concluindo, a platina \u00e9 um metal de transi\u00e7\u00e3o que ocorre naturalmente com outros metais. Sua cor \u00e9 branco acinzentado, \u00e9 d\u00factil e male\u00e1vel, por isso \u00e9 utilizado nas ind\u00fastrias joalheira, qu\u00edmica e m\u00e9dica.<\/p>\n","protected":false},"excerpt":{"rendered":"<p>\u00c9 um metal raro na Terra, em seu estado natural \u00e9 encontrado unido a outros elementos como Cromo, Cobre e N\u00edquel na forma de pequenos gr\u00e2nulos provenientes de certas minas de rochas \u00edgneas. A platina \u00e9 usada na maioria das ind\u00fastrias e joias devido \u00e0s suas propriedades vers\u00e1teis e outras aplica\u00e7\u00f5es. Descubra tudo o que &#8230; <a title=\"Platina\" class=\"read-more\" href=\"https:\/\/chemuza.org\/pt\/platina\/\" aria-label=\"Mais em Platina\">Ler mais<\/a><\/p>\n","protected":false},"author":1,"featured_media":0,"parent":0,"menu_order":0,"comment_status":"closed","ping_status":"closed","template":"","meta":{"footnotes":""},"class_list":["post-1536","page","type-page","status-publish"],"yoast_head":"<!-- This site is optimized with the Yoast SEO plugin v21.4 - https:\/\/yoast.com\/wordpress\/plugins\/seo\/ -->\n<title>Platina - Chemuza<\/title>\n<meta name=\"robots\" content=\"index, follow, max-snippet:-1, max-image-preview:large, max-video-preview:-1\" \/>\n<link rel=\"canonical\" href=\"https:\/\/chemuza.org\/pt\/platina\/\" \/>\n<meta property=\"og:locale\" content=\"pt_PT\" \/>\n<meta property=\"og:type\" content=\"article\" \/>\n<meta property=\"og:title\" content=\"Platina - Chemuza\" \/>\n<meta property=\"og:description\" content=\"\u00c9 um metal raro na Terra, em seu estado natural \u00e9 encontrado unido a outros elementos como Cromo, Cobre e N\u00edquel na forma de pequenos gr\u00e2nulos provenientes de certas minas de rochas \u00edgneas. A platina \u00e9 usada na maioria das ind\u00fastrias e joias devido \u00e0s suas propriedades vers\u00e1teis e outras aplica\u00e7\u00f5es. Descubra tudo o que ... Ler mais\" \/>\n<meta property=\"og:url\" content=\"https:\/\/chemuza.org\/pt\/platina\/\" \/>\n<meta property=\"og:site_name\" content=\"Statorials\" \/>\n<meta name=\"twitter:card\" content=\"summary_large_image\" \/>\n<meta name=\"twitter:label1\" content=\"Tempo estimado de leitura\" \/>\n\t<meta name=\"twitter:data1\" content=\"4 minutos\" \/>\n<script type=\"application\/ld+json\" class=\"yoast-schema-graph\">{\"@context\":\"https:\/\/schema.org\",\"@graph\":[{\"@type\":\"WebPage\",\"@id\":\"https:\/\/chemuza.org\/pt\/platina\/\",\"url\":\"https:\/\/chemuza.org\/pt\/platina\/\",\"name\":\"Platina - Chemuza\",\"isPartOf\":{\"@id\":\"https:\/\/chemuza.org\/pt\/#website\"},\"datePublished\":\"2023-07-13T23:15:08+00:00\",\"dateModified\":\"2023-07-13T23:15:08+00:00\",\"breadcrumb\":{\"@id\":\"https:\/\/chemuza.org\/pt\/platina\/#breadcrumb\"},\"inLanguage\":\"pt-PT\",\"potentialAction\":[{\"@type\":\"ReadAction\",\"target\":[\"https:\/\/chemuza.org\/pt\/platina\/\"]}]},{\"@type\":\"BreadcrumbList\",\"@id\":\"https:\/\/chemuza.org\/pt\/platina\/#breadcrumb\",\"itemListElement\":[{\"@type\":\"ListItem\",\"position\":1,\"name\":\"Lar\",\"item\":\"https:\/\/chemuza.org\/pt\/\"},{\"@type\":\"ListItem\",\"position\":2,\"name\":\"Platina\"}]},{\"@type\":\"WebSite\",\"@id\":\"https:\/\/chemuza.org\/pt\/#website\",\"url\":\"https:\/\/chemuza.org\/pt\/\",\"name\":\"Chemuza\",\"description\":\"Sua porta de entrada para a descoberta qu\u00edmica!\",\"publisher\":{\"@id\":\"https:\/\/chemuza.org\/pt\/#organization\"},\"potentialAction\":[{\"@type\":\"SearchAction\",\"target\":{\"@type\":\"EntryPoint\",\"urlTemplate\":\"https:\/\/chemuza.org\/pt\/?s={search_term_string}\"},\"query-input\":\"required name=search_term_string\"}],\"inLanguage\":\"pt-PT\"},{\"@type\":\"Organization\",\"@id\":\"https:\/\/chemuza.org\/pt\/#organization\",\"name\":\"Chemuza\",\"url\":\"https:\/\/chemuza.org\/pt\/\",\"logo\":{\"@type\":\"ImageObject\",\"inLanguage\":\"pt-PT\",\"@id\":\"https:\/\/chemuza.org\/pt\/#\/schema\/logo\/image\/\",\"url\":\"https:\/\/chemuza.org\/pt\/wp-content\/uploads\/2023\/10\/chemuza-logo.png\",\"contentUrl\":\"https:\/\/chemuza.org\/pt\/wp-content\/uploads\/2023\/10\/chemuza-logo.png\",\"width\":387,\"height\":70,\"caption\":\"Chemuza\"},\"image\":{\"@id\":\"https:\/\/chemuza.org\/pt\/#\/schema\/logo\/image\/\"}}]}<\/script>\n<!-- \/ Yoast SEO plugin. -->","yoast_head_json":{"title":"Platina - Chemuza","robots":{"index":"index","follow":"follow","max-snippet":"max-snippet:-1","max-image-preview":"max-image-preview:large","max-video-preview":"max-video-preview:-1"},"canonical":"https:\/\/chemuza.org\/pt\/platina\/","og_locale":"pt_PT","og_type":"article","og_title":"Platina - Chemuza","og_description":"\u00c9 um metal raro na Terra, em seu estado natural \u00e9 encontrado unido a outros elementos como Cromo, Cobre e N\u00edquel na forma de pequenos gr\u00e2nulos provenientes de certas minas de rochas \u00edgneas. A platina \u00e9 usada na maioria das ind\u00fastrias e joias devido \u00e0s suas propriedades vers\u00e1teis e outras aplica\u00e7\u00f5es. Descubra tudo o que ... Ler mais","og_url":"https:\/\/chemuza.org\/pt\/platina\/","og_site_name":"Statorials","twitter_card":"summary_large_image","twitter_misc":{"Tempo estimado de leitura":"4 minutos"},"schema":{"@context":"https:\/\/schema.org","@graph":[{"@type":"WebPage","@id":"https:\/\/chemuza.org\/pt\/platina\/","url":"https:\/\/chemuza.org\/pt\/platina\/","name":"Platina - Chemuza","isPartOf":{"@id":"https:\/\/chemuza.org\/pt\/#website"},"datePublished":"2023-07-13T23:15:08+00:00","dateModified":"2023-07-13T23:15:08+00:00","breadcrumb":{"@id":"https:\/\/chemuza.org\/pt\/platina\/#breadcrumb"},"inLanguage":"pt-PT","potentialAction":[{"@type":"ReadAction","target":["https:\/\/chemuza.org\/pt\/platina\/"]}]},{"@type":"BreadcrumbList","@id":"https:\/\/chemuza.org\/pt\/platina\/#breadcrumb","itemListElement":[{"@type":"ListItem","position":1,"name":"Lar","item":"https:\/\/chemuza.org\/pt\/"},{"@type":"ListItem","position":2,"name":"Platina"}]},{"@type":"WebSite","@id":"https:\/\/chemuza.org\/pt\/#website","url":"https:\/\/chemuza.org\/pt\/","name":"Chemuza","description":"Sua porta de entrada para a descoberta qu\u00edmica!","publisher":{"@id":"https:\/\/chemuza.org\/pt\/#organization"},"potentialAction":[{"@type":"SearchAction","target":{"@type":"EntryPoint","urlTemplate":"https:\/\/chemuza.org\/pt\/?s={search_term_string}"},"query-input":"required name=search_term_string"}],"inLanguage":"pt-PT"},{"@type":"Organization","@id":"https:\/\/chemuza.org\/pt\/#organization","name":"Chemuza","url":"https:\/\/chemuza.org\/pt\/","logo":{"@type":"ImageObject","inLanguage":"pt-PT","@id":"https:\/\/chemuza.org\/pt\/#\/schema\/logo\/image\/","url":"https:\/\/chemuza.org\/pt\/wp-content\/uploads\/2023\/10\/chemuza-logo.png","contentUrl":"https:\/\/chemuza.org\/pt\/wp-content\/uploads\/2023\/10\/chemuza-logo.png","width":387,"height":70,"caption":"Chemuza"},"image":{"@id":"https:\/\/chemuza.org\/pt\/#\/schema\/logo\/image\/"}}]}},"yoast_meta":{"yoast_wpseo_title":"","yoast_wpseo_metadesc":"","yoast_wpseo_canonical":""},"_links":{"self":[{"href":"https:\/\/chemuza.org\/pt\/wp-json\/wp\/v2\/pages\/1536","targetHints":{"allow":["GET"]}}],"collection":[{"href":"https:\/\/chemuza.org\/pt\/wp-json\/wp\/v2\/pages"}],"about":[{"href":"https:\/\/chemuza.org\/pt\/wp-json\/wp\/v2\/types\/page"}],"author":[{"embeddable":true,"href":"https:\/\/chemuza.org\/pt\/wp-json\/wp\/v2\/users\/1"}],"replies":[{"embeddable":true,"href":"https:\/\/chemuza.org\/pt\/wp-json\/wp\/v2\/comments?post=1536"}],"version-history":[{"count":0,"href":"https:\/\/chemuza.org\/pt\/wp-json\/wp\/v2\/pages\/1536\/revisions"}],"wp:attachment":[{"href":"https:\/\/chemuza.org\/pt\/wp-json\/wp\/v2\/media?parent=1536"}],"curies":[{"name":"wp","href":"https:\/\/api.w.org\/{rel}","templated":true}]}}