{"id":1535,"date":"2023-07-13T23:54:53","date_gmt":"2023-07-13T23:54:53","guid":{"rendered":"https:\/\/chemuza.org\/pt\/osmio\/"},"modified":"2023-07-13T23:54:53","modified_gmt":"2023-07-13T23:54:53","slug":"osmio","status":"publish","type":"page","link":"https:\/\/chemuza.org\/pt\/osmio\/","title":{"rendered":"\u00d3smio"},"content":{"rendered":"<p>\u00c9 um dos elementos mais raros existentes na crosta terrestre, conforme indica o Instituto Alem\u00e3o de \u00d3smio, que estima que as reservas de \u00f3smio no subsolo cheguem a 9 m\u00b2. \u00c9 por esta raz\u00e3o que o seu pre\u00e7o atinge a cifra elevada de 1.270 d\u00f3lares por on\u00e7a, um pouco superior ao do ouro. Descubra como ele \u00e9 usado nas ind\u00fastrias qu\u00edmica, m\u00e9dica e de ourivesaria.<\/p>\n<h2> <strong>O que \u00e9 \u00d3smio?<\/strong><strong><\/strong><\/h2>\n<p> O elemento \u00d3smio \u00e9 um metal de transi\u00e7\u00e3o fr\u00e1gil e forte e sua cor \u00e9 branco acinzentado. Pertence ao grupo da platina e \u00e9 utilizado principalmente em ligas com platina. \u00c9 o elemento natural mais denso que existe e muito semelhante ao Iridium. Alguns de seus compostos s\u00e3o: tetrafluoreto de \u00f3smio, tetr\u00f3xido de \u00f3smio ou tetr\u00f3xido de \u00f3smio, dicloreto de \u00f3smio, tricloreto de \u00f3smio e tetracloreto de \u00f3smio.<\/p>\n<h3> <strong>S\u00edmbolo de \u00f3smio<\/strong><\/h3>\n<p> <span class=\"content-chemical-element\" style=\"float: left;width: 65px;height: 65px;border: 3px solid #666; display:flex;\n    justify-content: center;align-items: center;margin-right: 15px;\"><span style=\"font-size: 38px;\">Osso<\/span><\/span> Na tabela peri\u00f3dica, est\u00e1 localizado no grupo n\u00famero 8 com n\u00famero at\u00f4mico 76 e massa de 190,23. Apresenta sete is\u00f3topos naturais, seis dos quais s\u00e3o est\u00e1veis e assinados da seguinte forma: <sup>184<\/sup> Os, <sup>187<\/sup> Os, <sup>188<\/sup> Os, <sup>189<\/sup> Os, <sup>190<\/sup> Os e <sup>192<\/sup> Os. Apenas um dos is\u00f3topos radioativos \u00e9 <sup>o 186 Os que ocorre naturalmente<\/sup> .<\/p>\n<h3> <strong>Caracter\u00edsticas do \u00f3smio<\/strong><\/h3>\n<p> Assim como o rut\u00eanio, atinge seu estado de oxida\u00e7\u00e3o +8 e resiste ao ataque de \u00e1cidos, pois se dissolve por fus\u00e3o alcalina. Al\u00e9m disso, \u00e9 duro, embora seja poss\u00edvel quebr\u00e1-lo e em altas temperaturas mant\u00e9m o brilho intacto. As outras caracter\u00edsticas do Osmium s\u00e3o:<\/p>\n<ul>\n<li> <strong>Brilho:<\/strong> \u00c9 muito brilhante.<\/li>\n<li> <strong>Brilho:<\/strong> met\u00e1lico.<\/li>\n<li> <strong>Condutividade:<\/strong> \u00c9 um bom condutor el\u00e9trico e t\u00e9rmico.<\/li>\n<\/ul>\n<ul>\n<li> <strong>Condi\u00e7\u00e3o<\/strong> : Na forma natural, \u00e9 s\u00f3lido.<\/li>\n<li> <strong>Estrutura:<\/strong> hexagonal.<\/li>\n<li> <strong>Rea\u00e7\u00e3o qu\u00edmica:<\/strong> Reage com cloro, oxig\u00eanio e fl\u00faor. Se for compacto, \u00e9 muito resistente aos \u00e1cidos n\u00e3o oxidantes do ar e da \u00e1gua.<\/li>\n<\/ul>\n<h2> <strong>Propriedades qu\u00edmicas e f\u00edsicas do \u00d3smio<\/strong><\/h2>\n<ol>\n<li> <strong>N\u00famero at\u00f4mico<\/strong> : 76<\/li>\n<li> <strong>Per\u00edodo:<\/strong> 6<\/li>\n<li> <strong>Bloco:<\/strong> d<\/li>\n<li> <strong>Raio covalente:<\/strong> 128<\/li>\n<li> <strong>Raio at\u00f4mico:<\/strong> 185<\/li>\n<li> <strong>Densidade:<\/strong> 22610 Kg\/m\u00b3<\/li>\n<li> <strong>Eletronegatividade:<\/strong> 2,2<\/li>\n<li> <strong>Ponto de fus\u00e3o:<\/strong> 3306 K<\/li>\n<li> <strong>Ponto de ebuli\u00e7\u00e3o:<\/strong> 5285K<\/li>\n<li> <strong>Condutividade t\u00e9rmica:<\/strong> 87,6 W<\/li>\n<li> <strong>Calor espec\u00edfico:<\/strong> 130 J<\/li>\n<li> <strong>Entalpia de fus\u00e3o:<\/strong> 31,8 Kj\/mol<\/li>\n<li> <strong>Configura\u00e7\u00e3o eletr\u00f4nica:<\/strong> [Xe] 4f <sup>14<\/sup> 5d <sup>6<\/sup> 6s <sup>2<\/sup><\/li>\n<li> <strong>Velocidade do som:<\/strong> 4.940 m\/s a 293,15 K<\/li>\n<li> <strong>Entalpia de vaporiza\u00e7\u00e3o:<\/strong> 627,6 kJ\/mol<\/li>\n<li> <strong>Press\u00e3o de vapor:<\/strong> 2,52 Pa a 3300 K<\/li>\n<li> <strong>Condutividade el\u00e9trica:<\/strong> 10,9 10 <sup>-6<\/sup> s\/m<\/li>\n<\/ol>\n<h2> <strong>Origem do \u00d3smio<\/strong><\/h2>\n<p> O elemento \u00d3smio foi descoberto em 1803 pelo qu\u00edmico ingl\u00eas Smithson Tennant e pelo f\u00edsico brit\u00e2nico William Hyde na Inglaterra. Eles analisaram um res\u00edduo negro insol\u00favel de platina com \u00e1gua r\u00e9gia e conclu\u00edram que existia um novo metal. O nome vem do termo Osme que significa cheiro em espanhol. Com isso eles se referem ao cheiro de fuma\u00e7a e cinzas que emana do tetr\u00f3xido de \u00f3smio.<\/p>\n<h2> <strong>Para que \u00e9 usado o \u00f3smio?<\/strong><\/h2>\n<p> O elemento qu\u00edmico \u00d3smio \u00e9 utilizado para formar ligas com platina e tamb\u00e9m como oxidante em processos de colora\u00e7\u00e3o de tecidos para observa\u00e7\u00e3o em microscopia eletr\u00f4nica e outras t\u00e9cnicas biom\u00e9dicas. Entre os usos deste elemento est\u00e3o:<\/p>\n<h3> <strong>Ind\u00fastria<\/strong><strong><\/strong><\/h3>\n<p> \u00c9 usado como aditivo de endurecimento em certas ligas. Junto com a platina, \u00e9 usado para padr\u00f5es de peso e medida. Tamb\u00e9m \u00e9 usado para fazer agulhas de fon\u00f3grafo, canetas-tinteiro e rolamentos de rel\u00f3gios. Al\u00e9m disso, suas ligas s\u00e3o utilizadas em contatos el\u00e9tricos onde \u00e9 necess\u00e1ria enorme resist\u00eancia. Tamb\u00e9m \u00e9 utilizado como catalisador na produ\u00e7\u00e3o de l\u00e2mpadas incandescentes, filamentos e tubos.<\/p>\n<h3> <strong>Medicamento<\/strong><\/h3>\n<p> Em liga com platina, \u00e9 utilizado na fabrica\u00e7\u00e3o de v\u00e1lvulas card\u00edacas artificiais, instrumentos cir\u00fargicos e marca-passos. O tetr\u00f3xido de \u00f3smio \u00e9 usado em medicina forense como agente de detec\u00e7\u00e3o de impress\u00f5es digitais.<\/p>\n<h3> <strong>Joalheiro<\/strong><\/h3>\n<p> As ind\u00fastrias joalheiras indiana e chinesa come\u00e7aram a usar o \u00f3smio porque sua superf\u00edcie cont\u00e9m milhares de cristais brilhantes e sua dureza \u00e9 ideal para a fabrica\u00e7\u00e3o de joias. Na verdade, este material combina bem com Ouro, Prata e Platina devido ao seu brilho e alta refletividade no espectro da luz solar.<\/p>\n<h2> <strong>Onde o \u00f3smio \u00e9 encontrado?<\/strong><\/h2>\n<p> Na natureza, \u00e9 encontrado como metal n\u00e3o combinado ou em ligas naturais, principalmente as do Iridosmium. Tamb\u00e9m \u00e9 poss\u00edvel obt\u00ea-lo em certas jazidas de Cobre e N\u00edquel. Na crosta terrestre, \u00e9 encontrado em certas estruturas geol\u00f3gicas, como crateras de impacto ou dep\u00f3sitos \u00edgneos. Uma de suas reservas mais conhecidas est\u00e1 localizada na \u00c1frica do Sul, no complexo \u00edgneo, mas tamb\u00e9m \u00e9 encontrada na R\u00fassia, Canad\u00e1, Col\u00f4mbia e Estados Unidos.<\/p>\n<p> Resumindo, o \u00d3smio \u00e9 um metal de transi\u00e7\u00e3o e est\u00e1 classificado entre os elementos raros presentes na crosta terrestre. Sua cor \u00e9 branco acinzentado e suas ligas s\u00e3o utilizadas em aplica\u00e7\u00f5es como ind\u00fastria, medicina e joalheria.<\/p>\n","protected":false},"excerpt":{"rendered":"<p>\u00c9 um dos elementos mais raros existentes na crosta terrestre, conforme indica o Instituto Alem\u00e3o de \u00d3smio, que estima que as reservas de \u00f3smio no subsolo cheguem a 9 m\u00b2. \u00c9 por esta raz\u00e3o que o seu pre\u00e7o atinge a cifra elevada de 1.270 d\u00f3lares por on\u00e7a, um pouco superior ao do ouro. Descubra como &#8230; <a title=\"\u00d3smio\" class=\"read-more\" href=\"https:\/\/chemuza.org\/pt\/osmio\/\" aria-label=\"Mais em \u00d3smio\">Ler mais<\/a><\/p>\n","protected":false},"author":1,"featured_media":0,"parent":0,"menu_order":0,"comment_status":"closed","ping_status":"closed","template":"","meta":{"footnotes":""},"class_list":["post-1535","page","type-page","status-publish"],"yoast_head":"<!-- This site is optimized with the Yoast SEO plugin v21.4 - https:\/\/yoast.com\/wordpress\/plugins\/seo\/ -->\n<title>\u00d3smio - Chemuza<\/title>\n<meta name=\"robots\" content=\"index, follow, max-snippet:-1, max-image-preview:large, max-video-preview:-1\" \/>\n<link rel=\"canonical\" href=\"https:\/\/chemuza.org\/pt\/osmio\/\" \/>\n<meta property=\"og:locale\" content=\"pt_PT\" \/>\n<meta property=\"og:type\" content=\"article\" \/>\n<meta property=\"og:title\" content=\"\u00d3smio - Chemuza\" \/>\n<meta property=\"og:description\" content=\"\u00c9 um dos elementos mais raros existentes na crosta terrestre, conforme indica o Instituto Alem\u00e3o de \u00d3smio, que estima que as reservas de \u00f3smio no subsolo cheguem a 9 m\u00b2. \u00c9 por esta raz\u00e3o que o seu pre\u00e7o atinge a cifra elevada de 1.270 d\u00f3lares por on\u00e7a, um pouco superior ao do ouro. Descubra como ... Ler mais\" \/>\n<meta property=\"og:url\" content=\"https:\/\/chemuza.org\/pt\/osmio\/\" \/>\n<meta property=\"og:site_name\" content=\"Statorials\" \/>\n<meta name=\"twitter:card\" content=\"summary_large_image\" \/>\n<meta name=\"twitter:label1\" content=\"Tempo estimado de leitura\" \/>\n\t<meta name=\"twitter:data1\" content=\"4 minutos\" \/>\n<script type=\"application\/ld+json\" class=\"yoast-schema-graph\">{\"@context\":\"https:\/\/schema.org\",\"@graph\":[{\"@type\":\"WebPage\",\"@id\":\"https:\/\/chemuza.org\/pt\/osmio\/\",\"url\":\"https:\/\/chemuza.org\/pt\/osmio\/\",\"name\":\"\u00d3smio - Chemuza\",\"isPartOf\":{\"@id\":\"https:\/\/chemuza.org\/pt\/#website\"},\"datePublished\":\"2023-07-13T23:54:53+00:00\",\"dateModified\":\"2023-07-13T23:54:53+00:00\",\"breadcrumb\":{\"@id\":\"https:\/\/chemuza.org\/pt\/osmio\/#breadcrumb\"},\"inLanguage\":\"pt-PT\",\"potentialAction\":[{\"@type\":\"ReadAction\",\"target\":[\"https:\/\/chemuza.org\/pt\/osmio\/\"]}]},{\"@type\":\"BreadcrumbList\",\"@id\":\"https:\/\/chemuza.org\/pt\/osmio\/#breadcrumb\",\"itemListElement\":[{\"@type\":\"ListItem\",\"position\":1,\"name\":\"Lar\",\"item\":\"https:\/\/chemuza.org\/pt\/\"},{\"@type\":\"ListItem\",\"position\":2,\"name\":\"\u00d3smio\"}]},{\"@type\":\"WebSite\",\"@id\":\"https:\/\/chemuza.org\/pt\/#website\",\"url\":\"https:\/\/chemuza.org\/pt\/\",\"name\":\"Chemuza\",\"description\":\"Sua porta de entrada para a descoberta qu\u00edmica!\",\"publisher\":{\"@id\":\"https:\/\/chemuza.org\/pt\/#organization\"},\"potentialAction\":[{\"@type\":\"SearchAction\",\"target\":{\"@type\":\"EntryPoint\",\"urlTemplate\":\"https:\/\/chemuza.org\/pt\/?s={search_term_string}\"},\"query-input\":\"required name=search_term_string\"}],\"inLanguage\":\"pt-PT\"},{\"@type\":\"Organization\",\"@id\":\"https:\/\/chemuza.org\/pt\/#organization\",\"name\":\"Chemuza\",\"url\":\"https:\/\/chemuza.org\/pt\/\",\"logo\":{\"@type\":\"ImageObject\",\"inLanguage\":\"pt-PT\",\"@id\":\"https:\/\/chemuza.org\/pt\/#\/schema\/logo\/image\/\",\"url\":\"https:\/\/chemuza.org\/pt\/wp-content\/uploads\/2023\/10\/chemuza-logo.png\",\"contentUrl\":\"https:\/\/chemuza.org\/pt\/wp-content\/uploads\/2023\/10\/chemuza-logo.png\",\"width\":387,\"height\":70,\"caption\":\"Chemuza\"},\"image\":{\"@id\":\"https:\/\/chemuza.org\/pt\/#\/schema\/logo\/image\/\"}}]}<\/script>\n<!-- \/ Yoast SEO plugin. -->","yoast_head_json":{"title":"\u00d3smio - Chemuza","robots":{"index":"index","follow":"follow","max-snippet":"max-snippet:-1","max-image-preview":"max-image-preview:large","max-video-preview":"max-video-preview:-1"},"canonical":"https:\/\/chemuza.org\/pt\/osmio\/","og_locale":"pt_PT","og_type":"article","og_title":"\u00d3smio - Chemuza","og_description":"\u00c9 um dos elementos mais raros existentes na crosta terrestre, conforme indica o Instituto Alem\u00e3o de \u00d3smio, que estima que as reservas de \u00f3smio no subsolo cheguem a 9 m\u00b2. \u00c9 por esta raz\u00e3o que o seu pre\u00e7o atinge a cifra elevada de 1.270 d\u00f3lares por on\u00e7a, um pouco superior ao do ouro. Descubra como ... Ler mais","og_url":"https:\/\/chemuza.org\/pt\/osmio\/","og_site_name":"Statorials","twitter_card":"summary_large_image","twitter_misc":{"Tempo estimado de leitura":"4 minutos"},"schema":{"@context":"https:\/\/schema.org","@graph":[{"@type":"WebPage","@id":"https:\/\/chemuza.org\/pt\/osmio\/","url":"https:\/\/chemuza.org\/pt\/osmio\/","name":"\u00d3smio - Chemuza","isPartOf":{"@id":"https:\/\/chemuza.org\/pt\/#website"},"datePublished":"2023-07-13T23:54:53+00:00","dateModified":"2023-07-13T23:54:53+00:00","breadcrumb":{"@id":"https:\/\/chemuza.org\/pt\/osmio\/#breadcrumb"},"inLanguage":"pt-PT","potentialAction":[{"@type":"ReadAction","target":["https:\/\/chemuza.org\/pt\/osmio\/"]}]},{"@type":"BreadcrumbList","@id":"https:\/\/chemuza.org\/pt\/osmio\/#breadcrumb","itemListElement":[{"@type":"ListItem","position":1,"name":"Lar","item":"https:\/\/chemuza.org\/pt\/"},{"@type":"ListItem","position":2,"name":"\u00d3smio"}]},{"@type":"WebSite","@id":"https:\/\/chemuza.org\/pt\/#website","url":"https:\/\/chemuza.org\/pt\/","name":"Chemuza","description":"Sua porta de entrada para a descoberta qu\u00edmica!","publisher":{"@id":"https:\/\/chemuza.org\/pt\/#organization"},"potentialAction":[{"@type":"SearchAction","target":{"@type":"EntryPoint","urlTemplate":"https:\/\/chemuza.org\/pt\/?s={search_term_string}"},"query-input":"required name=search_term_string"}],"inLanguage":"pt-PT"},{"@type":"Organization","@id":"https:\/\/chemuza.org\/pt\/#organization","name":"Chemuza","url":"https:\/\/chemuza.org\/pt\/","logo":{"@type":"ImageObject","inLanguage":"pt-PT","@id":"https:\/\/chemuza.org\/pt\/#\/schema\/logo\/image\/","url":"https:\/\/chemuza.org\/pt\/wp-content\/uploads\/2023\/10\/chemuza-logo.png","contentUrl":"https:\/\/chemuza.org\/pt\/wp-content\/uploads\/2023\/10\/chemuza-logo.png","width":387,"height":70,"caption":"Chemuza"},"image":{"@id":"https:\/\/chemuza.org\/pt\/#\/schema\/logo\/image\/"}}]}},"yoast_meta":{"yoast_wpseo_title":"","yoast_wpseo_metadesc":"","yoast_wpseo_canonical":""},"_links":{"self":[{"href":"https:\/\/chemuza.org\/pt\/wp-json\/wp\/v2\/pages\/1535","targetHints":{"allow":["GET"]}}],"collection":[{"href":"https:\/\/chemuza.org\/pt\/wp-json\/wp\/v2\/pages"}],"about":[{"href":"https:\/\/chemuza.org\/pt\/wp-json\/wp\/v2\/types\/page"}],"author":[{"embeddable":true,"href":"https:\/\/chemuza.org\/pt\/wp-json\/wp\/v2\/users\/1"}],"replies":[{"embeddable":true,"href":"https:\/\/chemuza.org\/pt\/wp-json\/wp\/v2\/comments?post=1535"}],"version-history":[{"count":0,"href":"https:\/\/chemuza.org\/pt\/wp-json\/wp\/v2\/pages\/1535\/revisions"}],"wp:attachment":[{"href":"https:\/\/chemuza.org\/pt\/wp-json\/wp\/v2\/media?parent=1535"}],"curies":[{"name":"wp","href":"https:\/\/api.w.org\/{rel}","templated":true}]}}