{"id":1534,"date":"2023-07-14T00:22:54","date_gmt":"2023-07-14T00:22:54","guid":{"rendered":"https:\/\/chemuza.org\/pt\/torio\/"},"modified":"2023-07-14T00:22:54","modified_gmt":"2023-07-14T00:22:54","slug":"torio","status":"publish","type":"page","link":"https:\/\/chemuza.org\/pt\/torio\/","title":{"rendered":"T\u00f3rio"},"content":{"rendered":"<p>Como elemento \u00e9 altamente radioativo e \u00e9 encontrado naturalmente em areias minerais em grandes quantidades. Al\u00e9m disso, \u00e9 poss\u00edvel encontr\u00e1-lo em animais, plantas e \u00e1gua. Como o t\u00f3rio \u00e9 muito ativo quimicamente, \u00e9 utilizado no setor nuclear em ligas e outras aplica\u00e7\u00f5es. Saiba mais sobre suas caracter\u00edsticas, origem e propriedades.<\/p>\n<h2> <strong>O que \u00e9 T\u00f3rio?<\/strong><\/h2>\n<p> \u00c9 um elemento qu\u00edmico marcado com o n\u00famero at\u00f4mico 90 localizado no grupo actin\u00eddeo da tabela peri\u00f3dica. \u00c9 comum encontr\u00e1-lo nos minerais Thorita, Monacita e Thorianita em seu estado natural, com tonalidade entre o branco ou o prateado de consist\u00eancia macia. Al\u00e9m disso, oxida lentamente e quando esmagado pelo calor \u00e9 inflam\u00e1vel e emite luz branca.<\/p>\n<h3> <strong>S\u00edmbolo de t\u00f3rio<\/strong><\/h3>\n<p> <span class=\"content-chemical-element\" style=\"float: left;width: 65px;height: 65px;border: 3px solid #666; display:flex;\n    justify-content: center;align-items: center;margin-right: 15px;\"><span style=\"font-size: 38px;\">Seu<\/span><\/span> nome vem do deus n\u00f3rdico do rel\u00e2mpago Thor, da mitologia escandinava. Recebeu este nome em homenagem a esta divindade m\u00edtica.<\/p>\n<h2> <strong>Caracter\u00edsticas do t\u00f3rio<\/strong><\/h2>\n<p> \u00c9 um metal t\u00f3xico com massa at\u00f4mica de 232,0381, com tonalidade prateada brilhante. \u00c9 capaz de reter seu brilho, mas ao entrar em contato com o ar torna-se opaco e acinzentado. Descubra os outros recursos:<\/p>\n<ul>\n<li> <strong>Condi\u00e7\u00e3o<\/strong> : Metal s\u00f3lido.<\/li>\n<li> <strong>Cor<\/strong> : Prateado brilhante, mas com o passar do tempo na atmosfera torna-se cinza ou preto.<\/li>\n<li> <strong>Sabor e odor<\/strong> : \u00c9 inodoro e ins\u00edpido.<\/li>\n<li> <strong>Ductilidade<\/strong> : Em seu estado natural \u00e9 d\u00factil.<\/li>\n<li> <strong>Toxicidade<\/strong> : \u00c9 alta, afeta consideravelmente o ser humano, a ponto de causar intoxica\u00e7\u00f5es.<\/li>\n<li> <strong>Radioatividade<\/strong> : Alta, porque tem uma longa vida radioativa que dura 1,4\u00d71010 anos.<\/li>\n<li> <strong>Estrutura<\/strong> : C\u00fabica centrada em suas faces.<\/li>\n<li> <strong>Composi\u00e7\u00e3o<\/strong> : Composto por 90 el\u00e9trons e pr\u00f3tons, acompanhados por 141 n\u00eautrons est\u00e1veis.<\/li>\n<li> <strong>Solubilidade<\/strong> : \u00c9 sol\u00favel em \u00e1gua.<\/li>\n<\/ul>\n<h2> <strong>Propriedades qu\u00edmicas e f\u00edsicas do T\u00f3rio<\/strong><\/h2>\n<ol>\n<li> <strong>N\u00famero at\u00f4mico<\/strong> : 90<\/li>\n<li> <strong>Per\u00edodo<\/strong> : 7<\/li>\n<li> <strong>Bloco<\/strong> : F<\/li>\n<li> <strong>Grupo<\/strong> : 3<\/li>\n<li> <strong>Estado de oxida\u00e7\u00e3o<\/strong> : 4, 3, 2<\/li>\n<li> <strong>Raio covalente (\u00c5):<\/strong> 206<strong> <\/strong>tarde<\/li>\n<li> <strong>Raio m\u00e9dio:<\/strong> 180h<\/li>\n<li> <strong>Densidade:<\/strong> 11724 Kg\/m3<\/li>\n<li> <strong>Ponto de fus\u00e3o:<\/strong> 1755<strong> <\/strong>\u00b0C<\/li>\n<li> <strong>Raio at\u00f4mico:<\/strong> 179h<\/li>\n<li> <strong>Eletronegatividade:<\/strong> 1,3<\/li>\n<li> <strong>Calor espec\u00edfico:<\/strong> 120 J \/ (K kg)<\/li>\n<li> <strong>Condutividade el\u00e9trica:<\/strong> 6,53 x 106 S\/m<\/li>\n<li> <strong>Primeiro potencial de ioniza\u00e7\u00e3o<\/strong> (eV): 587<\/li>\n<li> <strong>El\u00e9trons por camada:<\/strong> 2, 8, 18, 32, 18, 10, 2<\/li>\n<li> <strong>Configura\u00e7\u00e3o eletr\u00f4nica:<\/strong> [Rn] 7s2 5f2<\/li>\n<li> <strong>Massa at\u00f4mica (g\/mol):<\/strong> 232,0381 u<\/li>\n<li> <strong>Condutividade t\u00e9rmica:<\/strong> 54 W\/(Km)<\/li>\n<li> <strong>Ponto de ebuli\u00e7\u00e3o:<\/strong> 4788\u00b0C<\/li>\n<\/ol>\n<h2> <strong>Origem do T\u00f3rio<\/strong><\/h2>\n<p> O elemento foi descoberto em 1828 por J\u00f6ns Jakob Berzelius na Noruega, enquanto investigava um mineral negro, que isolou com sucesso. Por\u00e9m, em 1890, os qu\u00edmicos Pierre e Marie Curie realizaram experimentos e confirmaram suas caracter\u00edsticas radioativas, que o classificaram como T\u00f3rio radioativo.<\/p>\n<h2> <strong>Para que \u00e9 usado o T\u00f3rio?<\/strong><\/h2>\n<p> O uso do t\u00f3rio se estende principalmente ao campo nuclear como combust\u00edvel em ligas met\u00e1licas. \u00c9 usado como catalisador em rea\u00e7\u00f5es org\u00e2nicas com outros compostos. Al\u00e9m disso, o \u00f3xido de t\u00f3rio \u00e9 incorporado ao metal de tungst\u00eanio na produ\u00e7\u00e3o de filamentos de l\u00e2mpadas el\u00e9tricas. Outros usos s\u00e3o:<\/p>\n<ul>\n<li> \u00c9 usado como agente aleat\u00f3rio em diversas estruturas mec\u00e2nicas.<\/li>\n<li> Seus \u00f3xidos s\u00e3o utilizados como ingredientes na produ\u00e7\u00e3o de lentes de alta precis\u00e3o, pois melhoram suas caracter\u00edsticas difrativas.<\/li>\n<li> \u00c9 utilizado na fabrica\u00e7\u00e3o de eletrodos para soldagem de tungst\u00eanio.<\/li>\n<li> \u00c9 utilizado em liga de tungst\u00eanio, o que facilita a emiss\u00e3o de el\u00e9trons nos eletrodos, para perfeita igni\u00e7\u00e3o.<\/li>\n<li> \u00c9 utilizado como material de revestimento em lanternas devido ao brilho que proporciona.<\/li>\n<li> Suas propriedades corantes s\u00e3o utilizadas na produ\u00e7\u00e3o de esmaltes para vidro e cer\u00e2mica.<\/li>\n<li> O di\u00f3xido de t\u00f3rio \u00e9 utilizado como agente de contraste no setor de radiologia m\u00e9dica.<\/li>\n<\/ul>\n<h2> <strong>Onde o T\u00f3rio \u00e9 encontrado e como \u00e9 obtido?<\/strong><\/h2>\n<p> O t\u00f3rio \u00e9 encontrado no meio ambiente no solo, nas rochas, nos animais e na \u00e1gua e prov\u00e9m da decomposi\u00e7\u00e3o radioativa do ur\u00e2nio. Al\u00e9m disso, os minerais Torita, Torianita e Monacita s\u00e3o fontes puras do elemento, que s\u00e3o explorados at\u00e9 obt\u00ea-lo em sua forma met\u00e1lica.<\/p>\n<p> Para obt\u00ea-lo realizamos uma redu\u00e7\u00e3o do \u00d3xido de T\u00f3rio com C\u00e1lcio. Al\u00e9m disso, com a eletr\u00f3lise do dicloreto de t\u00f3rio liquefeito com s\u00f3dio e pot\u00e1ssio, \u00e9 poss\u00edvel obter uma amostra pura do metal.<\/p>\n<h2> <strong>Efeitos do t\u00f3rio na sa\u00fade<\/strong><\/h2>\n<p> Este elemento chega ao meio ambiente em quantidades abundantes atrav\u00e9s dos gases de exaust\u00e3o das instala\u00e7\u00f5es industriais onde \u00e9 processado. A alta exposi\u00e7\u00e3o leva ao desenvolvimento de doen\u00e7as respirat\u00f3rias e c\u00e2ncer de pulm\u00e3o ou p\u00e2ncreas. Al\u00e9m disso, afeta significativamente o DNA e o material gen\u00e9tico.<\/p>\n<p> O uso excessivo em aplica\u00e7\u00f5es de raios X pode causar doen\u00e7as hep\u00e1ticas. At\u00e9 o is\u00f3topo do t\u00f3rio se aloja nos ossos com exposi\u00e7\u00e3o prolongada e \u00e9 respons\u00e1vel pelo c\u00e2ncer \u00f3sseo.<\/p>\n<p> Concluindo, este actin\u00eddeo se diferencia pela radioatividade em sua forma natural e met\u00e1lica, amplamente utilizada em usinas nucleares, em substitui\u00e7\u00e3o ao Ur\u00e2nio. Al\u00e9m disso, dada a sua toxicidade, deve ser utilizado com cautela, pois causa morte por envenenamento.<\/p>\n","protected":false},"excerpt":{"rendered":"<p>Como elemento \u00e9 altamente radioativo e \u00e9 encontrado naturalmente em areias minerais em grandes quantidades. Al\u00e9m disso, \u00e9 poss\u00edvel encontr\u00e1-lo em animais, plantas e \u00e1gua. Como o t\u00f3rio \u00e9 muito ativo quimicamente, \u00e9 utilizado no setor nuclear em ligas e outras aplica\u00e7\u00f5es. Saiba mais sobre suas caracter\u00edsticas, origem e propriedades. O que \u00e9 T\u00f3rio? \u00c9 &#8230; <a title=\"T\u00f3rio\" class=\"read-more\" href=\"https:\/\/chemuza.org\/pt\/torio\/\" aria-label=\"Mais em T\u00f3rio\">Ler mais<\/a><\/p>\n","protected":false},"author":1,"featured_media":0,"parent":0,"menu_order":0,"comment_status":"closed","ping_status":"closed","template":"","meta":{"footnotes":""},"class_list":["post-1534","page","type-page","status-publish"],"yoast_head":"<!-- This site is optimized with the Yoast SEO plugin v21.4 - https:\/\/yoast.com\/wordpress\/plugins\/seo\/ -->\n<title>T\u00f3rio - Chemuza<\/title>\n<meta name=\"robots\" content=\"index, follow, max-snippet:-1, max-image-preview:large, max-video-preview:-1\" \/>\n<link rel=\"canonical\" href=\"https:\/\/chemuza.org\/pt\/torio\/\" \/>\n<meta property=\"og:locale\" content=\"pt_PT\" \/>\n<meta property=\"og:type\" content=\"article\" \/>\n<meta property=\"og:title\" content=\"T\u00f3rio - Chemuza\" \/>\n<meta property=\"og:description\" content=\"Como elemento \u00e9 altamente radioativo e \u00e9 encontrado naturalmente em areias minerais em grandes quantidades. Al\u00e9m disso, \u00e9 poss\u00edvel encontr\u00e1-lo em animais, plantas e \u00e1gua. Como o t\u00f3rio \u00e9 muito ativo quimicamente, \u00e9 utilizado no setor nuclear em ligas e outras aplica\u00e7\u00f5es. Saiba mais sobre suas caracter\u00edsticas, origem e propriedades. O que \u00e9 T\u00f3rio? \u00c9 ... Ler mais\" \/>\n<meta property=\"og:url\" content=\"https:\/\/chemuza.org\/pt\/torio\/\" \/>\n<meta property=\"og:site_name\" content=\"Statorials\" \/>\n<meta name=\"twitter:card\" content=\"summary_large_image\" \/>\n<meta name=\"twitter:label1\" content=\"Tempo estimado de leitura\" \/>\n\t<meta name=\"twitter:data1\" content=\"4 minutos\" \/>\n<script type=\"application\/ld+json\" class=\"yoast-schema-graph\">{\"@context\":\"https:\/\/schema.org\",\"@graph\":[{\"@type\":\"WebPage\",\"@id\":\"https:\/\/chemuza.org\/pt\/torio\/\",\"url\":\"https:\/\/chemuza.org\/pt\/torio\/\",\"name\":\"T\u00f3rio - Chemuza\",\"isPartOf\":{\"@id\":\"https:\/\/chemuza.org\/pt\/#website\"},\"datePublished\":\"2023-07-14T00:22:54+00:00\",\"dateModified\":\"2023-07-14T00:22:54+00:00\",\"breadcrumb\":{\"@id\":\"https:\/\/chemuza.org\/pt\/torio\/#breadcrumb\"},\"inLanguage\":\"pt-PT\",\"potentialAction\":[{\"@type\":\"ReadAction\",\"target\":[\"https:\/\/chemuza.org\/pt\/torio\/\"]}]},{\"@type\":\"BreadcrumbList\",\"@id\":\"https:\/\/chemuza.org\/pt\/torio\/#breadcrumb\",\"itemListElement\":[{\"@type\":\"ListItem\",\"position\":1,\"name\":\"Lar\",\"item\":\"https:\/\/chemuza.org\/pt\/\"},{\"@type\":\"ListItem\",\"position\":2,\"name\":\"T\u00f3rio\"}]},{\"@type\":\"WebSite\",\"@id\":\"https:\/\/chemuza.org\/pt\/#website\",\"url\":\"https:\/\/chemuza.org\/pt\/\",\"name\":\"Chemuza\",\"description\":\"Sua porta de entrada para a descoberta qu\u00edmica!\",\"publisher\":{\"@id\":\"https:\/\/chemuza.org\/pt\/#organization\"},\"potentialAction\":[{\"@type\":\"SearchAction\",\"target\":{\"@type\":\"EntryPoint\",\"urlTemplate\":\"https:\/\/chemuza.org\/pt\/?s={search_term_string}\"},\"query-input\":\"required name=search_term_string\"}],\"inLanguage\":\"pt-PT\"},{\"@type\":\"Organization\",\"@id\":\"https:\/\/chemuza.org\/pt\/#organization\",\"name\":\"Chemuza\",\"url\":\"https:\/\/chemuza.org\/pt\/\",\"logo\":{\"@type\":\"ImageObject\",\"inLanguage\":\"pt-PT\",\"@id\":\"https:\/\/chemuza.org\/pt\/#\/schema\/logo\/image\/\",\"url\":\"https:\/\/chemuza.org\/pt\/wp-content\/uploads\/2023\/10\/chemuza-logo.png\",\"contentUrl\":\"https:\/\/chemuza.org\/pt\/wp-content\/uploads\/2023\/10\/chemuza-logo.png\",\"width\":387,\"height\":70,\"caption\":\"Chemuza\"},\"image\":{\"@id\":\"https:\/\/chemuza.org\/pt\/#\/schema\/logo\/image\/\"}}]}<\/script>\n<!-- \/ Yoast SEO plugin. -->","yoast_head_json":{"title":"T\u00f3rio - Chemuza","robots":{"index":"index","follow":"follow","max-snippet":"max-snippet:-1","max-image-preview":"max-image-preview:large","max-video-preview":"max-video-preview:-1"},"canonical":"https:\/\/chemuza.org\/pt\/torio\/","og_locale":"pt_PT","og_type":"article","og_title":"T\u00f3rio - Chemuza","og_description":"Como elemento \u00e9 altamente radioativo e \u00e9 encontrado naturalmente em areias minerais em grandes quantidades. Al\u00e9m disso, \u00e9 poss\u00edvel encontr\u00e1-lo em animais, plantas e \u00e1gua. Como o t\u00f3rio \u00e9 muito ativo quimicamente, \u00e9 utilizado no setor nuclear em ligas e outras aplica\u00e7\u00f5es. Saiba mais sobre suas caracter\u00edsticas, origem e propriedades. O que \u00e9 T\u00f3rio? \u00c9 ... Ler mais","og_url":"https:\/\/chemuza.org\/pt\/torio\/","og_site_name":"Statorials","twitter_card":"summary_large_image","twitter_misc":{"Tempo estimado de leitura":"4 minutos"},"schema":{"@context":"https:\/\/schema.org","@graph":[{"@type":"WebPage","@id":"https:\/\/chemuza.org\/pt\/torio\/","url":"https:\/\/chemuza.org\/pt\/torio\/","name":"T\u00f3rio - Chemuza","isPartOf":{"@id":"https:\/\/chemuza.org\/pt\/#website"},"datePublished":"2023-07-14T00:22:54+00:00","dateModified":"2023-07-14T00:22:54+00:00","breadcrumb":{"@id":"https:\/\/chemuza.org\/pt\/torio\/#breadcrumb"},"inLanguage":"pt-PT","potentialAction":[{"@type":"ReadAction","target":["https:\/\/chemuza.org\/pt\/torio\/"]}]},{"@type":"BreadcrumbList","@id":"https:\/\/chemuza.org\/pt\/torio\/#breadcrumb","itemListElement":[{"@type":"ListItem","position":1,"name":"Lar","item":"https:\/\/chemuza.org\/pt\/"},{"@type":"ListItem","position":2,"name":"T\u00f3rio"}]},{"@type":"WebSite","@id":"https:\/\/chemuza.org\/pt\/#website","url":"https:\/\/chemuza.org\/pt\/","name":"Chemuza","description":"Sua porta de entrada para a descoberta qu\u00edmica!","publisher":{"@id":"https:\/\/chemuza.org\/pt\/#organization"},"potentialAction":[{"@type":"SearchAction","target":{"@type":"EntryPoint","urlTemplate":"https:\/\/chemuza.org\/pt\/?s={search_term_string}"},"query-input":"required name=search_term_string"}],"inLanguage":"pt-PT"},{"@type":"Organization","@id":"https:\/\/chemuza.org\/pt\/#organization","name":"Chemuza","url":"https:\/\/chemuza.org\/pt\/","logo":{"@type":"ImageObject","inLanguage":"pt-PT","@id":"https:\/\/chemuza.org\/pt\/#\/schema\/logo\/image\/","url":"https:\/\/chemuza.org\/pt\/wp-content\/uploads\/2023\/10\/chemuza-logo.png","contentUrl":"https:\/\/chemuza.org\/pt\/wp-content\/uploads\/2023\/10\/chemuza-logo.png","width":387,"height":70,"caption":"Chemuza"},"image":{"@id":"https:\/\/chemuza.org\/pt\/#\/schema\/logo\/image\/"}}]}},"yoast_meta":{"yoast_wpseo_title":"","yoast_wpseo_metadesc":"","yoast_wpseo_canonical":""},"_links":{"self":[{"href":"https:\/\/chemuza.org\/pt\/wp-json\/wp\/v2\/pages\/1534","targetHints":{"allow":["GET"]}}],"collection":[{"href":"https:\/\/chemuza.org\/pt\/wp-json\/wp\/v2\/pages"}],"about":[{"href":"https:\/\/chemuza.org\/pt\/wp-json\/wp\/v2\/types\/page"}],"author":[{"embeddable":true,"href":"https:\/\/chemuza.org\/pt\/wp-json\/wp\/v2\/users\/1"}],"replies":[{"embeddable":true,"href":"https:\/\/chemuza.org\/pt\/wp-json\/wp\/v2\/comments?post=1534"}],"version-history":[{"count":0,"href":"https:\/\/chemuza.org\/pt\/wp-json\/wp\/v2\/pages\/1534\/revisions"}],"wp:attachment":[{"href":"https:\/\/chemuza.org\/pt\/wp-json\/wp\/v2\/media?parent=1534"}],"curies":[{"name":"wp","href":"https:\/\/api.w.org\/{rel}","templated":true}]}}