{"id":1533,"date":"2023-07-14T00:44:55","date_gmt":"2023-07-14T00:44:55","guid":{"rendered":"https:\/\/chemuza.org\/pt\/liderar\/"},"modified":"2023-07-14T00:44:55","modified_gmt":"2023-07-14T00:44:55","slug":"liderar","status":"publish","type":"page","link":"https:\/\/chemuza.org\/pt\/liderar\/","title":{"rendered":"Liderar"},"content":{"rendered":"<p>Esse metal \u00e9 encontrado no ambiente da crosta terrestre na forma de sulfeto de chumbo e como parte do mineral denominado galena, embora em estado elementar seja raro. Al\u00e9m disso, pode ser encontrado com outros minerais como Anglesita e Cerussita. Saiba tudo sobre esse elemento qu\u00edmico utilizado em diversas ind\u00fastrias e atividades humanas.<\/p>\n<h2> <strong>O que \u00e9 chumbo?<\/strong><\/h2>\n<p> \u00c9 um elemento met\u00e1lico encontrado ao lado de semimetais e metal\u00f3ides na tabela peri\u00f3dica. \u00c9 s\u00f3lido, pesado, brilhante, de cor branco azulado e quando emba\u00e7a adquire uma cor cinza opaca. Alguns de seus compostos mais importantes s\u00e3o o chumbo tetraetila e o \u00f3xido de chumbo e formam ligas com metais como cobre, bismuto, s\u00f3dio, c\u00e1dmio, estanho, antim\u00f4nio e ars\u00eanico.<\/p>\n<h3> <strong>S\u00edmbolo de chumbo<\/strong><\/h3>\n<p> <span class=\"content-chemical-element\" style=\"float: left;width: 65px;height: 65px;border: 3px solid #666; display:flex;\n    justify-content: center;align-items: center;margin-right: 15px;\"><span style=\"font-size: 38px;\">Pb<\/span><\/span> Est\u00e1 localizado no grupo 14 da tabela peri\u00f3dica com n\u00famero at\u00f4mico 82 e peso at\u00f4mico de 207,19. \u00c9 composto por 27 is\u00f3topos, sendo quatro deles est\u00e1veis, como <sup>204<\/sup> Pb, <sup>206<\/sup> Pb, <sup>207<\/sup> Pb e <sup>208<\/sup> Pb.<\/p>\n<h2> <strong>Caracter\u00edsticas do lead<\/strong><\/h2>\n<p> \u00c9 resistente ao \u00e1cido clor\u00eddrico e ao \u00e1cido sulf\u00farico, mas dissolve-se lentamente no \u00e1cido n\u00edtrico. Pode ser facilmente fundido, \u00e9 inel\u00e1stico e flex\u00edvel e \u00e9 considerado um dos metais mais fortes. Pode ser t\u00f3xico e perigoso para a sa\u00fade se inalado ou ingerido. Outros recursos s\u00e3o:<\/p>\n<ul>\n<li> <strong>Brilho:<\/strong> Met\u00e1lico.<\/li>\n<li> <strong>Transpar\u00eancia:<\/strong> Opaco.<\/li>\n<li> <strong>Resist\u00eancia:<\/strong> Male\u00e1vel.<\/li>\n<li> <strong>Estrutura cristalina:<\/strong> C\u00fabica centrada nas faces.<\/li>\n<li> <strong>Flexibilidade:<\/strong> \u00c9 um elemento flex\u00edvel e pode derreter facilmente a 327,4\u00b0C e ferver a 1725\u00b0C.<\/li>\n<li> <strong>Magnetismo<\/strong> : \u00c9 um metal fracamente diamagn\u00e9tico.<\/li>\n<li> <strong>Condi\u00e7\u00e3o<\/strong> : Naturalmente \u00e9 s\u00f3lido.<\/li>\n<\/ul>\n<h2> <strong>Propriedades qu\u00edmicas e f\u00edsicas do chumbo<\/strong><\/h2>\n<ol>\n<li> <strong>N\u00famero at\u00f4mico<\/strong> : 82<\/li>\n<li> <strong>Per\u00edodo:<\/strong> 6<\/li>\n<li> <strong>bloco:<\/strong> p<\/li>\n<li> <strong>Raio covalente (\u00c5):<\/strong> 147<\/li>\n<li> <strong>Raio at\u00f4mico:<\/strong> 154<\/li>\n<li> <strong>Ponto de fus\u00e3o:<\/strong> 600,61K<\/li>\n<li> <strong>Ponto de ebuli\u00e7\u00e3o:<\/strong> 2022K<\/li>\n<li> <strong>Densidade:<\/strong> 11340 kg\/m\u00b3<\/li>\n<li> <strong>Configura\u00e7\u00e3o eletr\u00f4nica:<\/strong> [Xe] 6s <sup>2<\/sup> 4f <sup>14<\/sup> 5d <sup>10<\/sup> 6p <sup>2<\/sup><\/li>\n<li> <strong>Entalpia de vaporiza\u00e7\u00e3o:<\/strong> 177,7 kJ\/mol<\/li>\n<li> <strong>Entalpia de fus\u00e3o:<\/strong> 4.799 Kj\/mol<\/li>\n<li> <strong>Velocidade do som:<\/strong> 1260 m\/s a 293,15 K<\/li>\n<li> <strong>Press\u00e3o de vapor:<\/strong> 4,21 x 10 <sup>-7<\/sup> Pa a 600 K<\/li>\n<li> <strong>Condutividade el\u00e9trica:<\/strong> 4,81 x 10 <sup>6<\/sup><\/li>\n<li> <strong>Condutividade t\u00e9rmica:<\/strong> 35,3W<\/li>\n<li> <strong>Calor espec\u00edfico:<\/strong> 129 J<\/li>\n<\/ol>\n<h2> <strong>Origem do lead<\/strong><\/h2>\n<p> Os primeiros a trabalhar este metal foram os eg\u00edpcios que o obtiveram simultaneamente com a prata e o ferro. Al\u00e9m disso, \u00e9 conhecido desde a Antiguidade pelos romanos que o utilizavam em grandes quantidades para conduzir \u00e1gua. O nome desse metal vem da palavra latina plumbum, que significa obras hidr\u00e1ulicas. Os romanos chamavam-no de Plumbum nigrum para distingui-lo do estanho.<\/p>\n<h2> <strong>Para que \u00e9 usado o chumbo?<\/strong><\/h2>\n<p> Da China antiga \u00e0 Mesopot\u00e2mia e at\u00e9 hoje, tem sido usado em aplica\u00e7\u00f5es que v\u00e3o desde cosm\u00e9ticos e baterias de autom\u00f3veis at\u00e9 balas de armas e materiais decorativos. \u00c9 um dos metais mais importantes do mundo pelos seus usos industriais descritos aqui:<\/p>\n<h3> <strong>Ind\u00fastria<\/strong><strong><\/strong><\/h3>\n<p> Antes de 1900, era utilizado para revestir jazidas funer\u00e1rias, tintas ou esmaltes para cer\u00e2mica. Al\u00e9m disso, foi utilizado na fabrica\u00e7\u00e3o de baterias de autom\u00f3veis e como principal aditivo na gasolina. Hoje \u00e9 usado para algumas muni\u00e7\u00f5es, al\u00e9m de cer\u00e2micas.<\/p>\n<p> Tamb\u00e9m \u00e9 usado na fabrica\u00e7\u00e3o de baterias, pigmentos, elementos de constru\u00e7\u00e3o e soldas. Por ser d\u00factil, o que significa que pode ser esticado para formar uma bainha em torno de condutores internos, \u00e9 utilizado na fabrica\u00e7\u00e3o de bainhas para cabos de televis\u00e3o, telefone, el\u00e9tricos e outros. da internet. Tamb\u00e9m \u00e9 usado como tela protetora em m\u00e1quinas de raios X.<\/p>\n<p> Por sua vez, o carbonato de chumbo, os sais de \u00e1cidos org\u00e2nicos e os silicatos s\u00e3o utilizados como estabilizadores contra a luz e o calor em certos pl\u00e1sticos. O chumbo azul \u00e9 usado para explosivos. O arseniato de chumbo \u00e9 usado como inseticida e para proteger as planta\u00e7\u00f5es de mosquitos, baratas e outros animais. Finalmente, o \u00f3xido de chumbo \u00e9 usado para melhorar o magnetismo dos \u00edm\u00e3s cer\u00e2micos.<\/p>\n<h2> <strong>Doen\u00e7as causadas pelo chumbo<\/strong><\/h2>\n<p> A exposi\u00e7\u00e3o ocupacional nas ind\u00fastrias pode ter efeitos nocivos ao organismo. Alguns dos efeitos t\u00f3xicos do chumbo no corpo humano:<\/p>\n<ul>\n<li> Diminui\u00e7\u00e3o da fertilidade masculina.<\/li>\n<li> Problemas de equil\u00edbrio e audi\u00e7\u00e3o.<\/li>\n<\/ul>\n<ul>\n<li> Danos ao sistema nervoso perif\u00e9rico e central.<\/li>\n<li> Abortos espont\u00e2neos.<\/li>\n<li> Altera\u00e7\u00e3o da press\u00e3o arterial.<\/li>\n<li> Forma\u00e7\u00e3o de dep\u00f3sitos de chumbo nas gengivas.<\/li>\n<li> Anemia.<\/li>\n<li> Danos \u00e0 fun\u00e7\u00e3o renal.<\/li>\n<li> Perturba\u00e7\u00e3o no comportamento das crian\u00e7as, como hipersensibilidade e agressividade.<\/li>\n<\/ul>\n<p> Concluindo, esse metal \u00e9 encontrado na crosta terrestre na forma de sulfeto de chumbo. Sua cor \u00e9 branco azulado e quando emba\u00e7a \u00e9 cinza fosco e seu estado natural \u00e9 s\u00f3lido. Al\u00e9m disso, \u00e9 utilizado principalmente nas ind\u00fastrias e a alta exposi\u00e7\u00e3o pode causar s\u00e9rios danos ao organismo, tanto f\u00edsicos quanto cognitivos.<\/p>\n","protected":false},"excerpt":{"rendered":"<p>Esse metal \u00e9 encontrado no ambiente da crosta terrestre na forma de sulfeto de chumbo e como parte do mineral denominado galena, embora em estado elementar seja raro. Al\u00e9m disso, pode ser encontrado com outros minerais como Anglesita e Cerussita. Saiba tudo sobre esse elemento qu\u00edmico utilizado em diversas ind\u00fastrias e atividades humanas. O que &#8230; <a title=\"Liderar\" class=\"read-more\" href=\"https:\/\/chemuza.org\/pt\/liderar\/\" aria-label=\"Mais em Liderar\">Ler mais<\/a><\/p>\n","protected":false},"author":1,"featured_media":0,"parent":0,"menu_order":0,"comment_status":"closed","ping_status":"closed","template":"","meta":{"footnotes":""},"class_list":["post-1533","page","type-page","status-publish"],"yoast_head":"<!-- This site is optimized with the Yoast SEO plugin v21.4 - https:\/\/yoast.com\/wordpress\/plugins\/seo\/ -->\n<title>L\u00edder - Chemuza<\/title>\n<meta name=\"robots\" content=\"index, follow, max-snippet:-1, max-image-preview:large, max-video-preview:-1\" \/>\n<link rel=\"canonical\" href=\"https:\/\/chemuza.org\/pt\/liderar\/\" \/>\n<meta property=\"og:locale\" content=\"pt_PT\" \/>\n<meta property=\"og:type\" content=\"article\" \/>\n<meta property=\"og:title\" content=\"L\u00edder - Chemuza\" \/>\n<meta property=\"og:description\" content=\"Esse metal \u00e9 encontrado no ambiente da crosta terrestre na forma de sulfeto de chumbo e como parte do mineral denominado galena, embora em estado elementar seja raro. Al\u00e9m disso, pode ser encontrado com outros minerais como Anglesita e Cerussita. Saiba tudo sobre esse elemento qu\u00edmico utilizado em diversas ind\u00fastrias e atividades humanas. O que ... Ler mais\" \/>\n<meta property=\"og:url\" content=\"https:\/\/chemuza.org\/pt\/liderar\/\" \/>\n<meta property=\"og:site_name\" content=\"Statorials\" \/>\n<meta name=\"twitter:card\" content=\"summary_large_image\" \/>\n<meta name=\"twitter:label1\" content=\"Tempo estimado de leitura\" \/>\n\t<meta name=\"twitter:data1\" content=\"4 minutos\" \/>\n<script type=\"application\/ld+json\" class=\"yoast-schema-graph\">{\"@context\":\"https:\/\/schema.org\",\"@graph\":[{\"@type\":\"WebPage\",\"@id\":\"https:\/\/chemuza.org\/pt\/liderar\/\",\"url\":\"https:\/\/chemuza.org\/pt\/liderar\/\",\"name\":\"L\u00edder - Chemuza\",\"isPartOf\":{\"@id\":\"https:\/\/chemuza.org\/pt\/#website\"},\"datePublished\":\"2023-07-14T00:44:55+00:00\",\"dateModified\":\"2023-07-14T00:44:55+00:00\",\"breadcrumb\":{\"@id\":\"https:\/\/chemuza.org\/pt\/liderar\/#breadcrumb\"},\"inLanguage\":\"pt-PT\",\"potentialAction\":[{\"@type\":\"ReadAction\",\"target\":[\"https:\/\/chemuza.org\/pt\/liderar\/\"]}]},{\"@type\":\"BreadcrumbList\",\"@id\":\"https:\/\/chemuza.org\/pt\/liderar\/#breadcrumb\",\"itemListElement\":[{\"@type\":\"ListItem\",\"position\":1,\"name\":\"Lar\",\"item\":\"https:\/\/chemuza.org\/pt\/\"},{\"@type\":\"ListItem\",\"position\":2,\"name\":\"Liderar\"}]},{\"@type\":\"WebSite\",\"@id\":\"https:\/\/chemuza.org\/pt\/#website\",\"url\":\"https:\/\/chemuza.org\/pt\/\",\"name\":\"Chemuza\",\"description\":\"Sua porta de entrada para a descoberta qu\u00edmica!\",\"publisher\":{\"@id\":\"https:\/\/chemuza.org\/pt\/#organization\"},\"potentialAction\":[{\"@type\":\"SearchAction\",\"target\":{\"@type\":\"EntryPoint\",\"urlTemplate\":\"https:\/\/chemuza.org\/pt\/?s={search_term_string}\"},\"query-input\":\"required name=search_term_string\"}],\"inLanguage\":\"pt-PT\"},{\"@type\":\"Organization\",\"@id\":\"https:\/\/chemuza.org\/pt\/#organization\",\"name\":\"Chemuza\",\"url\":\"https:\/\/chemuza.org\/pt\/\",\"logo\":{\"@type\":\"ImageObject\",\"inLanguage\":\"pt-PT\",\"@id\":\"https:\/\/chemuza.org\/pt\/#\/schema\/logo\/image\/\",\"url\":\"https:\/\/chemuza.org\/pt\/wp-content\/uploads\/2023\/10\/chemuza-logo.png\",\"contentUrl\":\"https:\/\/chemuza.org\/pt\/wp-content\/uploads\/2023\/10\/chemuza-logo.png\",\"width\":387,\"height\":70,\"caption\":\"Chemuza\"},\"image\":{\"@id\":\"https:\/\/chemuza.org\/pt\/#\/schema\/logo\/image\/\"}}]}<\/script>\n<!-- \/ Yoast SEO plugin. -->","yoast_head_json":{"title":"L\u00edder - Chemuza","robots":{"index":"index","follow":"follow","max-snippet":"max-snippet:-1","max-image-preview":"max-image-preview:large","max-video-preview":"max-video-preview:-1"},"canonical":"https:\/\/chemuza.org\/pt\/liderar\/","og_locale":"pt_PT","og_type":"article","og_title":"L\u00edder - Chemuza","og_description":"Esse metal \u00e9 encontrado no ambiente da crosta terrestre na forma de sulfeto de chumbo e como parte do mineral denominado galena, embora em estado elementar seja raro. Al\u00e9m disso, pode ser encontrado com outros minerais como Anglesita e Cerussita. Saiba tudo sobre esse elemento qu\u00edmico utilizado em diversas ind\u00fastrias e atividades humanas. O que ... Ler mais","og_url":"https:\/\/chemuza.org\/pt\/liderar\/","og_site_name":"Statorials","twitter_card":"summary_large_image","twitter_misc":{"Tempo estimado de leitura":"4 minutos"},"schema":{"@context":"https:\/\/schema.org","@graph":[{"@type":"WebPage","@id":"https:\/\/chemuza.org\/pt\/liderar\/","url":"https:\/\/chemuza.org\/pt\/liderar\/","name":"L\u00edder - Chemuza","isPartOf":{"@id":"https:\/\/chemuza.org\/pt\/#website"},"datePublished":"2023-07-14T00:44:55+00:00","dateModified":"2023-07-14T00:44:55+00:00","breadcrumb":{"@id":"https:\/\/chemuza.org\/pt\/liderar\/#breadcrumb"},"inLanguage":"pt-PT","potentialAction":[{"@type":"ReadAction","target":["https:\/\/chemuza.org\/pt\/liderar\/"]}]},{"@type":"BreadcrumbList","@id":"https:\/\/chemuza.org\/pt\/liderar\/#breadcrumb","itemListElement":[{"@type":"ListItem","position":1,"name":"Lar","item":"https:\/\/chemuza.org\/pt\/"},{"@type":"ListItem","position":2,"name":"Liderar"}]},{"@type":"WebSite","@id":"https:\/\/chemuza.org\/pt\/#website","url":"https:\/\/chemuza.org\/pt\/","name":"Chemuza","description":"Sua porta de entrada para a descoberta qu\u00edmica!","publisher":{"@id":"https:\/\/chemuza.org\/pt\/#organization"},"potentialAction":[{"@type":"SearchAction","target":{"@type":"EntryPoint","urlTemplate":"https:\/\/chemuza.org\/pt\/?s={search_term_string}"},"query-input":"required name=search_term_string"}],"inLanguage":"pt-PT"},{"@type":"Organization","@id":"https:\/\/chemuza.org\/pt\/#organization","name":"Chemuza","url":"https:\/\/chemuza.org\/pt\/","logo":{"@type":"ImageObject","inLanguage":"pt-PT","@id":"https:\/\/chemuza.org\/pt\/#\/schema\/logo\/image\/","url":"https:\/\/chemuza.org\/pt\/wp-content\/uploads\/2023\/10\/chemuza-logo.png","contentUrl":"https:\/\/chemuza.org\/pt\/wp-content\/uploads\/2023\/10\/chemuza-logo.png","width":387,"height":70,"caption":"Chemuza"},"image":{"@id":"https:\/\/chemuza.org\/pt\/#\/schema\/logo\/image\/"}}]}},"yoast_meta":{"yoast_wpseo_title":"","yoast_wpseo_metadesc":"","yoast_wpseo_canonical":""},"_links":{"self":[{"href":"https:\/\/chemuza.org\/pt\/wp-json\/wp\/v2\/pages\/1533","targetHints":{"allow":["GET"]}}],"collection":[{"href":"https:\/\/chemuza.org\/pt\/wp-json\/wp\/v2\/pages"}],"about":[{"href":"https:\/\/chemuza.org\/pt\/wp-json\/wp\/v2\/types\/page"}],"author":[{"embeddable":true,"href":"https:\/\/chemuza.org\/pt\/wp-json\/wp\/v2\/users\/1"}],"replies":[{"embeddable":true,"href":"https:\/\/chemuza.org\/pt\/wp-json\/wp\/v2\/comments?post=1533"}],"version-history":[{"count":0,"href":"https:\/\/chemuza.org\/pt\/wp-json\/wp\/v2\/pages\/1533\/revisions"}],"wp:attachment":[{"href":"https:\/\/chemuza.org\/pt\/wp-json\/wp\/v2\/media?parent=1533"}],"curies":[{"name":"wp","href":"https:\/\/api.w.org\/{rel}","templated":true}]}}