{"id":1532,"date":"2023-07-14T00:59:46","date_gmt":"2023-07-14T00:59:46","guid":{"rendered":"https:\/\/chemuza.org\/pt\/talio\/"},"modified":"2023-07-14T00:59:46","modified_gmt":"2023-07-14T00:59:46","slug":"talio","status":"publish","type":"page","link":"https:\/\/chemuza.org\/pt\/talio\/","title":{"rendered":"T\u00e1lio"},"content":{"rendered":"<p>Em seu estado natural, o t\u00e1lio \u00e9 um metal macio, branco-azulado, distribu\u00eddo em pequenas por\u00e7\u00f5es na crosta terrestre. Pode ser encontrado sozinho ou combinado com outros metais em ligas. Al\u00e9m disso, combina-se com Cloro, Iodo, Fl\u00faor e Bromo para formar sais incolores. Saiba mais sobre seus recursos interessantes e aplicativos modernos.<\/p>\n<h2> <strong>O que \u00e9 t\u00e1lio?<\/strong><\/h2>\n<p> \u00c9 um elemento qu\u00edmico localizado no grupo met\u00e1lico do bloco P da tabela peri\u00f3dica. Com o n\u00famero at\u00f4mico 81, \u00e9 um metal macio, cinza e male\u00e1vel que perde a cor em contato com o ar. No entanto, permanece na natureza porque n\u00e3o se desintegra facilmente. Al\u00e9m disso, devido \u00e0 sua alta toxicidade, \u00e9 utilizado na produ\u00e7\u00e3o de inseticidas e rodenticidas.<\/p>\n<h3> <strong>S\u00edmbolo de t\u00e1lio<\/strong><\/h3>\n<p> <span class=\"content-chemical-element\" style=\"float: left;width: 65px;height: 65px;border: 3px solid #666; display:flex;\n    justify-content: center;align-items: center;margin-right: 15px;\"><span style=\"font-size: 38px;\">Ti<\/span><\/span> Seu nome vem do grego thallos, que significa galho ou broto verde. Recebeu esse nome porque emite uma esp\u00e9cie de brilho verde nas linhas espectrosc\u00f3picas.<\/p>\n<h2> <strong>Caracter\u00edsticas do t\u00e1lio<\/strong><\/h2>\n<p> O elemento T\u00e1lio est\u00e1 localizado no grupo 13, bloco P da tabela peri\u00f3dica sob o s\u00edmbolo Ti. \u00c9 um metal pesado que apresenta 2 estados qu\u00edmicos, t\u00e1lico e t\u00e1lico, vis\u00edveis em compostos naturais do ar, da \u00e1gua e do solo. Outros recursos s\u00e3o:<\/p>\n<ul>\n<li> <strong>Condi\u00e7\u00e3o<\/strong> : S\u00f3lido pesado, mas em altas temperaturas se transforma em l\u00edquido.<\/li>\n<li> <strong>Cor<\/strong> : Cinza met\u00e1lico brilhante, que se transforma em cinza azulado na presen\u00e7a de ar.<\/li>\n<li> <strong>Maleabilidade<\/strong> : Alta, \u00e9 muito macia o que permite ser cortada em l\u00e2minas finas.<\/li>\n<li> <strong>Dureza<\/strong> : \u00c9 1,2 na escala de Mohs.<\/li>\n<li> <strong>Sabor e odor<\/strong> : \u00c9 inodoro, sem sabor caracter\u00edstico. <strong>&nbsp;<\/strong><\/li>\n<li> <strong>Toxicidade<\/strong> : Alta, em altas doses causa c\u00e2ncer em humanos.<\/li>\n<li> <strong>Reatividade<\/strong> : Muito reativo, oxida rapidamente no ar, reage com a \u00e1gua formando hidr\u00f3xido.<\/li>\n<li> <strong>Estrutura<\/strong> : Hexagonal.<\/li>\n<li> <strong>Composi\u00e7\u00e3o<\/strong> : Composta por 81 el\u00e9trons e pr\u00f3tons, 124 n\u00eautrons.<\/li>\n<li> <strong>Solubilidade<\/strong> : Possui solubilidade parcial em \u00e1gua e solubilidade completa em \u00e1cido sulf\u00farico, n\u00edtrico e clor\u00eddrico.<\/li>\n<\/ul>\n<h2> <strong>Propriedades qu\u00edmicas e f\u00edsicas do t\u00e1lio<\/strong><\/h2>\n<ol>\n<li> <strong>N\u00famero at\u00f4mico<\/strong> : 81<\/li>\n<li> <strong>Per\u00edodo<\/strong> : 6<\/li>\n<li> <strong>Bloquear<\/strong> \ud83d\ude1b<\/li>\n<li> <strong>Grupo<\/strong> : 13<\/li>\n<li> <strong>Estado de oxida\u00e7\u00e3o<\/strong> : 3.1<\/li>\n<li> <strong>Raio m\u00e9dio:<\/strong> 190h<\/li>\n<li> <strong>Densidade:<\/strong> 11850 Kg\/m3<\/li>\n<li> <strong>Ponto de fus\u00e3o:<\/strong> 304<strong> <\/strong>\u00b0C<\/li>\n<li> <strong>Raio at\u00f4mico:<\/strong> 170h<\/li>\n<li> <strong>Eletronegatividade:<\/strong> 1,62<\/li>\n<li> <strong>Calor espec\u00edfico:<\/strong> 129 J \/ (K kg)<\/li>\n<li> <strong>Raio covalente (\u00c5):<\/strong> 145,7 pm<\/li>\n<li> <strong>Configura\u00e7\u00e3o eletr\u00f4nica:<\/strong> [Xe] 4f145d10 6s2 6p1<\/li>\n<li> <strong>Massa at\u00f4mica (g\/mol):<\/strong> 204,3833 u<\/li>\n<li> <strong>Condutividade t\u00e9rmica:<\/strong> 46,1 W\/(Km)<\/li>\n<li> <strong>Condutividade el\u00e9trica:<\/strong> 6,17 106 m<\/li>\n<li> <strong>Primeiro potencial de ioniza\u00e7\u00e3o<\/strong> (eV): 589,4<\/li>\n<li> <strong>El\u00e9trons por camada:<\/strong> 2 8, 18, 32, 18, 3<\/li>\n<li> <strong>Ponto de ebuli\u00e7\u00e3o:<\/strong> 1473\u00b0C<\/li>\n<\/ol>\n<h2> <strong>Origem do t\u00e1lio<\/strong><\/h2>\n<p> O elemento qu\u00edmico T\u00e1lio foi descoberto pelo famoso f\u00edsico Sir William Crookes em 1861. Ele estava na Inglaterra conduzindo experimentos de espectroscopia de chama. Ent\u00e3o o cientista Claude Auguste Lamy analisou de forma independente um experimento com sel\u00eanio e linhas verdes brilhantes formadas no espectro. Deduziu que se tratava de outro elemento, conseguiu isol\u00e1-lo e verificou suas propriedades qu\u00edmicas.<\/p>\n<h2> <strong>Para que \u00e9 usado o t\u00e1lio?<\/strong><\/h2>\n<p> Um dos primeiros usos do t\u00e1lio foi para a produ\u00e7\u00e3o de pesticidas e venenos contra pragas ou ratos. No entanto, dada a sua toxicidade, deixou de ser utilizado nesta \u00e1rea. Al\u00e9m disso, \u00e9 utilizado na cria\u00e7\u00e3o de ligas de baixo ponto de fus\u00e3o, no projeto de lentes e gaxetas de vidro. Conhe\u00e7a outras aplica\u00e7\u00f5es do elemento:<\/p>\n<h3> <strong>\u00d3ptico<\/strong><\/h3>\n<p> O iodeto de t\u00e1lio \u00e9 utilizado na fabrica\u00e7\u00e3o de cristais infravermelhos devido \u00e0 sua alta resist\u00eancia e capacidade de transmitir longas ondas longitudinais. Al\u00e9m disso, o \u00f3xido de t\u00e1lio \u00e9 usado durante a produ\u00e7\u00e3o de lentes porque possui um alto \u00edndice de refra\u00e7\u00e3o.<\/p>\n<h3> <strong>eletr\u00f4nico<\/strong><\/h3>\n<p> O sulfeto de t\u00e1lio \u00e9 usado em compostos fotorresistores ou componentes eletr\u00f4nicos que ajustam o brilho. Al\u00e9m disso, suas misturas com selenetos s\u00e3o utilizadas como bol\u00f4metro que detecta luzes infravermelhas.<\/p>\n<h3> <strong>Medicamento<\/strong><\/h3>\n<p> Este elemento \u00e9 utilizado em cintilografia ou em procedimento para detec\u00e7\u00e3o de malforma\u00e7\u00f5es \u00f3sseas. Em baixas concentra\u00e7\u00f5es, \u00e9 utilizado em terapias antic\u00e2ncer. Seus sais s\u00e3o ainda utilizados no tratamento de doen\u00e7as de pele e para minimizar a transpira\u00e7\u00e3o em pacientes que sofrem de tuberculose.<\/p>\n<h3> <strong>\u00c1rea em que o t\u00e1lio 201 \u00e9 usado<\/strong><\/h3>\n<p> O t\u00e1lio 201 \u00e9 um medicamento radiofarmac\u00eautico para uso diagn\u00f3stico. O tratamento envolve receber uma dose m\u00ednima de radioatividade em \u00f3rg\u00e3os vitais, como o cora\u00e7\u00e3o e as gl\u00e2ndulas paratireoides, e monitor\u00e1-los com c\u00e2meras especiais. O resultado mostra ent\u00e3o uma imagem completa do \u00f3rg\u00e3o em quest\u00e3o e localiza os tumores que est\u00e3o sendo tratados.<\/p>\n<p> Concluindo, este metal \u00e9 extremamente t\u00f3xico e reativo com outros compostos. \u00c9 encontrada em pequenas concentra\u00e7\u00f5es na natureza, no seu estado natural. Al\u00e9m disso, suas combina\u00e7\u00f5es com outros elementos o tornam muito \u00fatil em \u00e1reas como medicina, \u00f3ptica e eletr\u00f4nica.<\/p>\n<h2> <strong>Como o t\u00e1lio \u00e9 obtido?<\/strong><\/h2>\n<p> \u00c9 obtido principalmente a partir de pequenas amostras dos minerais em que est\u00e1 presente. Al\u00e9m disso, \u00e9 extra\u00eddo como subproduto do setor de \u00e1cido sulf\u00farico atrav\u00e9s da lama dos dep\u00f3sitos de chumbo que \u00e9 precipitada com cloreto de t\u00e1lio. Ent\u00e3o, a amostra pura \u00e9 obtida por eletr\u00f3lise.<\/p>\n","protected":false},"excerpt":{"rendered":"<p>Em seu estado natural, o t\u00e1lio \u00e9 um metal macio, branco-azulado, distribu\u00eddo em pequenas por\u00e7\u00f5es na crosta terrestre. Pode ser encontrado sozinho ou combinado com outros metais em ligas. Al\u00e9m disso, combina-se com Cloro, Iodo, Fl\u00faor e Bromo para formar sais incolores. Saiba mais sobre seus recursos interessantes e aplicativos modernos. O que \u00e9 t\u00e1lio? &#8230; <a title=\"T\u00e1lio\" class=\"read-more\" href=\"https:\/\/chemuza.org\/pt\/talio\/\" aria-label=\"Mais em T\u00e1lio\">Ler mais<\/a><\/p>\n","protected":false},"author":1,"featured_media":0,"parent":0,"menu_order":0,"comment_status":"closed","ping_status":"closed","template":"","meta":{"footnotes":""},"class_list":["post-1532","page","type-page","status-publish"],"yoast_head":"<!-- This site is optimized with the Yoast SEO plugin v21.4 - https:\/\/yoast.com\/wordpress\/plugins\/seo\/ -->\n<title>T\u00e1lio - Chemuza<\/title>\n<meta name=\"robots\" content=\"index, follow, max-snippet:-1, max-image-preview:large, max-video-preview:-1\" \/>\n<link rel=\"canonical\" href=\"https:\/\/chemuza.org\/pt\/talio\/\" \/>\n<meta property=\"og:locale\" content=\"pt_PT\" \/>\n<meta property=\"og:type\" content=\"article\" \/>\n<meta property=\"og:title\" content=\"T\u00e1lio - Chemuza\" \/>\n<meta property=\"og:description\" content=\"Em seu estado natural, o t\u00e1lio \u00e9 um metal macio, branco-azulado, distribu\u00eddo em pequenas por\u00e7\u00f5es na crosta terrestre. Pode ser encontrado sozinho ou combinado com outros metais em ligas. Al\u00e9m disso, combina-se com Cloro, Iodo, Fl\u00faor e Bromo para formar sais incolores. Saiba mais sobre seus recursos interessantes e aplicativos modernos. O que \u00e9 t\u00e1lio? ... Ler mais\" \/>\n<meta property=\"og:url\" content=\"https:\/\/chemuza.org\/pt\/talio\/\" \/>\n<meta property=\"og:site_name\" content=\"Statorials\" \/>\n<meta name=\"twitter:card\" content=\"summary_large_image\" \/>\n<meta name=\"twitter:label1\" content=\"Tempo estimado de leitura\" \/>\n\t<meta name=\"twitter:data1\" content=\"4 minutos\" \/>\n<script type=\"application\/ld+json\" class=\"yoast-schema-graph\">{\"@context\":\"https:\/\/schema.org\",\"@graph\":[{\"@type\":\"WebPage\",\"@id\":\"https:\/\/chemuza.org\/pt\/talio\/\",\"url\":\"https:\/\/chemuza.org\/pt\/talio\/\",\"name\":\"T\u00e1lio - Chemuza\",\"isPartOf\":{\"@id\":\"https:\/\/chemuza.org\/pt\/#website\"},\"datePublished\":\"2023-07-14T00:59:46+00:00\",\"dateModified\":\"2023-07-14T00:59:46+00:00\",\"breadcrumb\":{\"@id\":\"https:\/\/chemuza.org\/pt\/talio\/#breadcrumb\"},\"inLanguage\":\"pt-PT\",\"potentialAction\":[{\"@type\":\"ReadAction\",\"target\":[\"https:\/\/chemuza.org\/pt\/talio\/\"]}]},{\"@type\":\"BreadcrumbList\",\"@id\":\"https:\/\/chemuza.org\/pt\/talio\/#breadcrumb\",\"itemListElement\":[{\"@type\":\"ListItem\",\"position\":1,\"name\":\"Lar\",\"item\":\"https:\/\/chemuza.org\/pt\/\"},{\"@type\":\"ListItem\",\"position\":2,\"name\":\"T\u00e1lio\"}]},{\"@type\":\"WebSite\",\"@id\":\"https:\/\/chemuza.org\/pt\/#website\",\"url\":\"https:\/\/chemuza.org\/pt\/\",\"name\":\"Chemuza\",\"description\":\"Sua porta de entrada para a descoberta qu\u00edmica!\",\"publisher\":{\"@id\":\"https:\/\/chemuza.org\/pt\/#organization\"},\"potentialAction\":[{\"@type\":\"SearchAction\",\"target\":{\"@type\":\"EntryPoint\",\"urlTemplate\":\"https:\/\/chemuza.org\/pt\/?s={search_term_string}\"},\"query-input\":\"required name=search_term_string\"}],\"inLanguage\":\"pt-PT\"},{\"@type\":\"Organization\",\"@id\":\"https:\/\/chemuza.org\/pt\/#organization\",\"name\":\"Chemuza\",\"url\":\"https:\/\/chemuza.org\/pt\/\",\"logo\":{\"@type\":\"ImageObject\",\"inLanguage\":\"pt-PT\",\"@id\":\"https:\/\/chemuza.org\/pt\/#\/schema\/logo\/image\/\",\"url\":\"https:\/\/chemuza.org\/pt\/wp-content\/uploads\/2023\/10\/chemuza-logo.png\",\"contentUrl\":\"https:\/\/chemuza.org\/pt\/wp-content\/uploads\/2023\/10\/chemuza-logo.png\",\"width\":387,\"height\":70,\"caption\":\"Chemuza\"},\"image\":{\"@id\":\"https:\/\/chemuza.org\/pt\/#\/schema\/logo\/image\/\"}}]}<\/script>\n<!-- \/ Yoast SEO plugin. -->","yoast_head_json":{"title":"T\u00e1lio - Chemuza","robots":{"index":"index","follow":"follow","max-snippet":"max-snippet:-1","max-image-preview":"max-image-preview:large","max-video-preview":"max-video-preview:-1"},"canonical":"https:\/\/chemuza.org\/pt\/talio\/","og_locale":"pt_PT","og_type":"article","og_title":"T\u00e1lio - Chemuza","og_description":"Em seu estado natural, o t\u00e1lio \u00e9 um metal macio, branco-azulado, distribu\u00eddo em pequenas por\u00e7\u00f5es na crosta terrestre. Pode ser encontrado sozinho ou combinado com outros metais em ligas. Al\u00e9m disso, combina-se com Cloro, Iodo, Fl\u00faor e Bromo para formar sais incolores. Saiba mais sobre seus recursos interessantes e aplicativos modernos. O que \u00e9 t\u00e1lio? ... Ler mais","og_url":"https:\/\/chemuza.org\/pt\/talio\/","og_site_name":"Statorials","twitter_card":"summary_large_image","twitter_misc":{"Tempo estimado de leitura":"4 minutos"},"schema":{"@context":"https:\/\/schema.org","@graph":[{"@type":"WebPage","@id":"https:\/\/chemuza.org\/pt\/talio\/","url":"https:\/\/chemuza.org\/pt\/talio\/","name":"T\u00e1lio - Chemuza","isPartOf":{"@id":"https:\/\/chemuza.org\/pt\/#website"},"datePublished":"2023-07-14T00:59:46+00:00","dateModified":"2023-07-14T00:59:46+00:00","breadcrumb":{"@id":"https:\/\/chemuza.org\/pt\/talio\/#breadcrumb"},"inLanguage":"pt-PT","potentialAction":[{"@type":"ReadAction","target":["https:\/\/chemuza.org\/pt\/talio\/"]}]},{"@type":"BreadcrumbList","@id":"https:\/\/chemuza.org\/pt\/talio\/#breadcrumb","itemListElement":[{"@type":"ListItem","position":1,"name":"Lar","item":"https:\/\/chemuza.org\/pt\/"},{"@type":"ListItem","position":2,"name":"T\u00e1lio"}]},{"@type":"WebSite","@id":"https:\/\/chemuza.org\/pt\/#website","url":"https:\/\/chemuza.org\/pt\/","name":"Chemuza","description":"Sua porta de entrada para a descoberta qu\u00edmica!","publisher":{"@id":"https:\/\/chemuza.org\/pt\/#organization"},"potentialAction":[{"@type":"SearchAction","target":{"@type":"EntryPoint","urlTemplate":"https:\/\/chemuza.org\/pt\/?s={search_term_string}"},"query-input":"required name=search_term_string"}],"inLanguage":"pt-PT"},{"@type":"Organization","@id":"https:\/\/chemuza.org\/pt\/#organization","name":"Chemuza","url":"https:\/\/chemuza.org\/pt\/","logo":{"@type":"ImageObject","inLanguage":"pt-PT","@id":"https:\/\/chemuza.org\/pt\/#\/schema\/logo\/image\/","url":"https:\/\/chemuza.org\/pt\/wp-content\/uploads\/2023\/10\/chemuza-logo.png","contentUrl":"https:\/\/chemuza.org\/pt\/wp-content\/uploads\/2023\/10\/chemuza-logo.png","width":387,"height":70,"caption":"Chemuza"},"image":{"@id":"https:\/\/chemuza.org\/pt\/#\/schema\/logo\/image\/"}}]}},"yoast_meta":{"yoast_wpseo_title":"","yoast_wpseo_metadesc":"","yoast_wpseo_canonical":""},"_links":{"self":[{"href":"https:\/\/chemuza.org\/pt\/wp-json\/wp\/v2\/pages\/1532","targetHints":{"allow":["GET"]}}],"collection":[{"href":"https:\/\/chemuza.org\/pt\/wp-json\/wp\/v2\/pages"}],"about":[{"href":"https:\/\/chemuza.org\/pt\/wp-json\/wp\/v2\/types\/page"}],"author":[{"embeddable":true,"href":"https:\/\/chemuza.org\/pt\/wp-json\/wp\/v2\/users\/1"}],"replies":[{"embeddable":true,"href":"https:\/\/chemuza.org\/pt\/wp-json\/wp\/v2\/comments?post=1532"}],"version-history":[{"count":0,"href":"https:\/\/chemuza.org\/pt\/wp-json\/wp\/v2\/pages\/1532\/revisions"}],"wp:attachment":[{"href":"https:\/\/chemuza.org\/pt\/wp-json\/wp\/v2\/media?parent=1532"}],"curies":[{"name":"wp","href":"https:\/\/api.w.org\/{rel}","templated":true}]}}