{"id":1531,"date":"2023-07-14T01:18:48","date_gmt":"2023-07-14T01:18:48","guid":{"rendered":"https:\/\/chemuza.org\/pt\/iridio\/"},"modified":"2023-07-14T01:18:48","modified_gmt":"2023-07-14T01:18:48","slug":"iridio","status":"publish","type":"page","link":"https:\/\/chemuza.org\/pt\/iridio\/","title":{"rendered":"Ir\u00eddio"},"content":{"rendered":"<p>Voc\u00ea sabia que o elemento Iridium \u00e9 t\u00e3o raro que \u00e9 considerado extraterrestre? Isto se deve \u00e0 sua abund\u00e2ncia em meteoritos como o Willamette. Por outro lado, cerca de 350 mil rochas que o contenham devem ser processadas para obter apenas 1 kg, pois para cada bilh\u00e3o de \u00e1tomos existe um desse metal. Descubra a origem, propriedades e caracter\u00edsticas deste composto da tabela peri\u00f3dica.<\/p>\n<h2> <strong>O que \u00e9 ir\u00eddio?<\/strong><\/h2>\n<p> \u00c9 um metal de transi\u00e7\u00e3o que faz parte do grupo Platina, pois possuem semelhan\u00e7as entre si, a ponto de serem confundidos. \u00c9 o elemento qu\u00edmico com maior resist\u00eancia \u00e0 corros\u00e3o e \u00e0s altas temperaturas. Al\u00e9m disso, possui alta densidade, dureza, ponto de fus\u00e3o e ponto de ebuli\u00e7\u00e3o. Al\u00e9m disso, \u00e9 fr\u00e1gil, de apar\u00eancia branco-prateada e pesado.<\/p>\n<h3> <strong>S\u00edmbolo de ir\u00eddio<\/strong><\/h3>\n<p> <span class=\"content-chemical-element\" style=\"float: left;width: 65px;height: 65px;border: 3px solid #666; display:flex;\n    justify-content: center;align-items: center;margin-right: 15px;\"><span style=\"font-size: 38px;\">Ir<\/span><\/span> O s\u00edmbolo Iridium \u00e9 uma abreviatura que etimologicamente deriva da palavra grega <em>iris<\/em> , que significa <em>arco-\u00edris<\/em> . Recebe este nome em homenagem \u00e0 deusa grega \u00cdris, tamb\u00e9m pela grande variedade de cores que seus compostos possu\u00edam.<\/p>\n<h2> <strong>Caracter\u00edsticas do ir\u00eddio<\/strong><\/h2>\n<p> Algumas de suas propriedades incluem ser o segundo elemento em termos de m\u00f3dulo de elasticidade, supercondutividade a -273\u00b0C e boas propriedades mec\u00e2nicas. Al\u00e9m disso, \u00e9 duro, inodoro, pesado, de textura met\u00e1lica, anticorrosivo e n\u00e3o desbota. No entanto, em altas temperaturas reage com fl\u00faor, oxig\u00eanio e sais fundidos. Al\u00e9m disso, devido \u00e0 sua resist\u00eancia \u00e0 deforma\u00e7\u00e3o, \u00e9 dif\u00edcil mold\u00e1-lo. Outros recursos s\u00e3o:<\/p>\n<ul>\n<li> <strong>Reatividade Qu\u00edmica<\/strong> : Cont\u00e9m excelente in\u00e9rcia, pois geralmente n\u00e3o \u00e9 atacado por \u00e1cidos, \u00e1gua r\u00e9gia, silicatos ou metais fundidos.<\/li>\n<li> <strong>Derretimento e ebuli\u00e7\u00e3o<\/strong> : Possui o nono ponto de fus\u00e3o mais alto entre outros elementos e o d\u00e9cimo ponto de ebuli\u00e7\u00e3o mais alto.<\/li>\n<li> <strong>Cor<\/strong> : Possui colora\u00e7\u00e3o branca, prateada e com tons amarelados em estado puro.<\/li>\n<li> <strong>Condi\u00e7\u00e3o<\/strong> : Tem uma condi\u00e7\u00e3o s\u00f3lida comum.<\/li>\n<li> <strong>Densidade<\/strong> : \u00c9 o elemento mais denso depois do \u00d3smio, por uma inferioridade de 0,1%.<\/li>\n<li> <strong>Desenvolvimentos<\/strong> : Uma pel\u00edcula muito fina de \u00f3xido aderente se forma a 600\u00b0C.<\/li>\n<li> <strong>Condutividade t\u00e9rmica e el\u00e9trica<\/strong> : \u00c9 um bom condutor de eletricidade e calor.<\/li>\n<li> <strong>Temperatura<\/strong> : Resiste muito bem a temperaturas extremas ou acima de 1600\u00b0C.<\/li>\n<li> <strong>Ductilidade<\/strong> : Possui pouca ductilidade.<\/li>\n<li> <strong>Dureza<\/strong> : Na escala de Mohs, possui dureza mineral de 2,7.<\/li>\n<\/ul>\n<h2> <strong>Propriedades qu\u00edmicas e f\u00edsicas do ir\u00eddio<\/strong><\/h2>\n<ol>\n<li> <strong>N\u00famero at\u00f4mico<\/strong> : 77<\/li>\n<li> <strong>\u00d3xido<\/strong> : Basicidade m\u00e9dia<\/li>\n<li> <strong>Densidade (g\/ml)<\/strong> : 22.560<\/li>\n<li> <strong>Raio covalente (\u00c5)<\/strong> : 141 pm<\/li>\n<li> <strong>Calor espec\u00edfico<\/strong> : N\u00e3o possui<\/li>\n<li> <strong>Ponto de fus\u00e3o<\/strong> : 2466\u00b0C (2739K)<\/li>\n<li> <strong>Massa at\u00f4mica (g\/mol)<\/strong> : 192,217 u<\/li>\n<li> <strong>Entalpia de fus\u00e3o<\/strong> : 41,12 kJ\/mol<\/li>\n<li> <strong>El\u00e9trons por n\u00edvel<\/strong> : 2, 8, 18, 32, 15, 2<\/li>\n<li> <strong>Entalpia de vaporiza\u00e7\u00e3o<\/strong> : 563 kJ\/mol<\/li>\n<li> <strong>Ponto de ebuli\u00e7\u00e3o<\/strong> : 4428 \u00b0C (4701 K)<\/li>\n<li> <strong>Configura\u00e7\u00e3o eletr\u00f4nica<\/strong> : [Xe] 4f <sup>14<\/sup> 5d <sup>7<\/sup> 6s <sup>2<\/sup><\/li>\n<li> <strong>Velocidade do som<\/strong> : 4825 m\/s a 293,15 K<\/li>\n<li> <strong>Primeiro potencial de ioniza\u00e7\u00e3o (eV)<\/strong> : 880 kJ\/mol<\/li>\n<li> <strong>Raio at\u00f4mico (\u00c5)<\/strong> : 136 pm (raio de Bohr)<\/li>\n<li> <strong>Estados de oxida\u00e7\u00e3o<\/strong> : -3, -1, 0, 1, 2, 3, 4, 5, 6, 9<\/li>\n<li> <strong>Eletronegatividade<\/strong> : 2,20 (escala Pauling)<\/li>\n<\/ol>\n<h2> <strong>Origem do ir\u00eddio<\/strong><\/h2>\n<p> Segundo a hist\u00f3ria do elemento Iridium, sua descoberta ocorreu com o metal Platina, desde a antiguidade se acreditava que se tratava apenas de uma liga deste \u00faltimo. Por\u00e9m, essa ideia mudou a partir de 1804, quando foi considerado um novo elemento qu\u00edmico. Mais tarde, em 1803, os primeiros qu\u00edmicos a analisar a platina descobriram que, ap\u00f3s sua dissolu\u00e7\u00e3o, formava-se um res\u00edduo de cor escura. A princ\u00edpio, o franc\u00eas Joseph Louis Proust pensou erroneamente que se tratava de grafite.<\/p>\n<p> Da mesma forma, o qu\u00edmico Smithson Tennant analisou este res\u00edduo e identificou dois novos elementos e por isso \u00e9 reconhecido como o descobridor do Iridium. Mais tarde, em 1813, o cientista John George Children conseguiu derreter o metal pela primeira vez. Mais tarde, em 1842, Robert Hare obteve o metal puro, n\u00e3o male\u00e1vel e duro.<\/p>\n<h2> <strong>Para que \u00e9 usado o Ir\u00eddio?<\/strong><\/h2>\n<p> \u00c9 um metal que cont\u00e9m aplica\u00e7\u00f5es nas ind\u00fastrias medicinal, cient\u00edfica, qu\u00edmica e metal\u00fargica. Por exemplo, ligas deste elemento s\u00e3o frequentemente usadas para fabricar pe\u00e7as resistentes para aeronaves. Veja outros usos do elemento:<\/p>\n<ul>\n<li> As propriedades do ir\u00eddio s\u00e3o utilizadas na medicina, principalmente durante um tratamento de c\u00e2ncer denominado braquiterapia.<\/li>\n<li> \u00c9 utilizado na fabrica\u00e7\u00e3o de contatos el\u00e9tricos para velas de igni\u00e7\u00e3o.<\/li>\n<li> Foi utilizado como material na cria\u00e7\u00e3o do prot\u00f3tipo internacional da unidade <em>quilograma<\/em> e <em>metro<\/em> , devido \u00e0 sua excelente resist\u00eancia \u00e0 corros\u00e3o.<\/li>\n<li> Na mec\u00e2nica qu\u00e2ntica, \u00e9 usado para formar antipr\u00f3tons, que s\u00e3o uma esp\u00e9cie de antimat\u00e9ria.<\/li>\n<li> Usado como catalisador durante a produ\u00e7\u00e3o de \u00e1cido n\u00edtrico.<\/li>\n<li> Na joalheria, \u00e9 utilizado como material de fabrica\u00e7\u00e3o de determinadas pe\u00e7as.<\/li>\n<li> Forma ligas com platina, \u00f3smio e rut\u00eanio para obter maior dureza e resist\u00eancia, por exemplo, em canetas-tinteiro e aberturas de barril.<\/li>\n<li> Outra utiliza\u00e7\u00e3o do Iridium \u00e9 sua contribui\u00e7\u00e3o na fabrica\u00e7\u00e3o de fornos industriais, cadinhos e pe\u00e7as expostas a altas temperaturas.<\/li>\n<\/ul>\n<p> Resumidamente, o ir\u00eddio \u00e9 um elemento de metal de transi\u00e7\u00e3o encontrado no grupo da platina. Possui a maior resist\u00eancia \u00e0 corros\u00e3o entre os elementos. \u00c9 denso, pesado, duro e quebradi\u00e7o. Al\u00e9m disso, cont\u00e9m uma tonalidade branco prateada, altos pontos de fus\u00e3o e ebuli\u00e7\u00e3o e in\u00e9rcia.<\/p>\n","protected":false},"excerpt":{"rendered":"<p>Voc\u00ea sabia que o elemento Iridium \u00e9 t\u00e3o raro que \u00e9 considerado extraterrestre? Isto se deve \u00e0 sua abund\u00e2ncia em meteoritos como o Willamette. Por outro lado, cerca de 350 mil rochas que o contenham devem ser processadas para obter apenas 1 kg, pois para cada bilh\u00e3o de \u00e1tomos existe um desse metal. Descubra a &#8230; <a title=\"Ir\u00eddio\" class=\"read-more\" href=\"https:\/\/chemuza.org\/pt\/iridio\/\" aria-label=\"Mais em Ir\u00eddio\">Ler mais<\/a><\/p>\n","protected":false},"author":1,"featured_media":0,"parent":0,"menu_order":0,"comment_status":"closed","ping_status":"closed","template":"","meta":{"footnotes":""},"class_list":["post-1531","page","type-page","status-publish"],"yoast_head":"<!-- This site is optimized with the Yoast SEO plugin v21.4 - https:\/\/yoast.com\/wordpress\/plugins\/seo\/ -->\n<title>Ir\u00eddio - Chemuza<\/title>\n<meta name=\"robots\" content=\"index, follow, max-snippet:-1, max-image-preview:large, max-video-preview:-1\" \/>\n<link rel=\"canonical\" href=\"https:\/\/chemuza.org\/pt\/iridio\/\" \/>\n<meta property=\"og:locale\" content=\"pt_PT\" \/>\n<meta property=\"og:type\" content=\"article\" \/>\n<meta property=\"og:title\" content=\"Ir\u00eddio - Chemuza\" \/>\n<meta property=\"og:description\" content=\"Voc\u00ea sabia que o elemento Iridium \u00e9 t\u00e3o raro que \u00e9 considerado extraterrestre? Isto se deve \u00e0 sua abund\u00e2ncia em meteoritos como o Willamette. Por outro lado, cerca de 350 mil rochas que o contenham devem ser processadas para obter apenas 1 kg, pois para cada bilh\u00e3o de \u00e1tomos existe um desse metal. Descubra a ... Ler mais\" \/>\n<meta property=\"og:url\" content=\"https:\/\/chemuza.org\/pt\/iridio\/\" \/>\n<meta property=\"og:site_name\" content=\"Statorials\" \/>\n<meta name=\"twitter:card\" content=\"summary_large_image\" \/>\n<meta name=\"twitter:label1\" content=\"Tempo estimado de leitura\" \/>\n\t<meta name=\"twitter:data1\" content=\"4 minutos\" \/>\n<script type=\"application\/ld+json\" class=\"yoast-schema-graph\">{\"@context\":\"https:\/\/schema.org\",\"@graph\":[{\"@type\":\"WebPage\",\"@id\":\"https:\/\/chemuza.org\/pt\/iridio\/\",\"url\":\"https:\/\/chemuza.org\/pt\/iridio\/\",\"name\":\"Ir\u00eddio - Chemuza\",\"isPartOf\":{\"@id\":\"https:\/\/chemuza.org\/pt\/#website\"},\"datePublished\":\"2023-07-14T01:18:48+00:00\",\"dateModified\":\"2023-07-14T01:18:48+00:00\",\"breadcrumb\":{\"@id\":\"https:\/\/chemuza.org\/pt\/iridio\/#breadcrumb\"},\"inLanguage\":\"pt-PT\",\"potentialAction\":[{\"@type\":\"ReadAction\",\"target\":[\"https:\/\/chemuza.org\/pt\/iridio\/\"]}]},{\"@type\":\"BreadcrumbList\",\"@id\":\"https:\/\/chemuza.org\/pt\/iridio\/#breadcrumb\",\"itemListElement\":[{\"@type\":\"ListItem\",\"position\":1,\"name\":\"Lar\",\"item\":\"https:\/\/chemuza.org\/pt\/\"},{\"@type\":\"ListItem\",\"position\":2,\"name\":\"Ir\u00eddio\"}]},{\"@type\":\"WebSite\",\"@id\":\"https:\/\/chemuza.org\/pt\/#website\",\"url\":\"https:\/\/chemuza.org\/pt\/\",\"name\":\"Chemuza\",\"description\":\"Sua porta de entrada para a descoberta qu\u00edmica!\",\"publisher\":{\"@id\":\"https:\/\/chemuza.org\/pt\/#organization\"},\"potentialAction\":[{\"@type\":\"SearchAction\",\"target\":{\"@type\":\"EntryPoint\",\"urlTemplate\":\"https:\/\/chemuza.org\/pt\/?s={search_term_string}\"},\"query-input\":\"required name=search_term_string\"}],\"inLanguage\":\"pt-PT\"},{\"@type\":\"Organization\",\"@id\":\"https:\/\/chemuza.org\/pt\/#organization\",\"name\":\"Chemuza\",\"url\":\"https:\/\/chemuza.org\/pt\/\",\"logo\":{\"@type\":\"ImageObject\",\"inLanguage\":\"pt-PT\",\"@id\":\"https:\/\/chemuza.org\/pt\/#\/schema\/logo\/image\/\",\"url\":\"https:\/\/chemuza.org\/pt\/wp-content\/uploads\/2023\/10\/chemuza-logo.png\",\"contentUrl\":\"https:\/\/chemuza.org\/pt\/wp-content\/uploads\/2023\/10\/chemuza-logo.png\",\"width\":387,\"height\":70,\"caption\":\"Chemuza\"},\"image\":{\"@id\":\"https:\/\/chemuza.org\/pt\/#\/schema\/logo\/image\/\"}}]}<\/script>\n<!-- \/ Yoast SEO plugin. -->","yoast_head_json":{"title":"Ir\u00eddio - Chemuza","robots":{"index":"index","follow":"follow","max-snippet":"max-snippet:-1","max-image-preview":"max-image-preview:large","max-video-preview":"max-video-preview:-1"},"canonical":"https:\/\/chemuza.org\/pt\/iridio\/","og_locale":"pt_PT","og_type":"article","og_title":"Ir\u00eddio - Chemuza","og_description":"Voc\u00ea sabia que o elemento Iridium \u00e9 t\u00e3o raro que \u00e9 considerado extraterrestre? Isto se deve \u00e0 sua abund\u00e2ncia em meteoritos como o Willamette. Por outro lado, cerca de 350 mil rochas que o contenham devem ser processadas para obter apenas 1 kg, pois para cada bilh\u00e3o de \u00e1tomos existe um desse metal. Descubra a ... Ler mais","og_url":"https:\/\/chemuza.org\/pt\/iridio\/","og_site_name":"Statorials","twitter_card":"summary_large_image","twitter_misc":{"Tempo estimado de leitura":"4 minutos"},"schema":{"@context":"https:\/\/schema.org","@graph":[{"@type":"WebPage","@id":"https:\/\/chemuza.org\/pt\/iridio\/","url":"https:\/\/chemuza.org\/pt\/iridio\/","name":"Ir\u00eddio - Chemuza","isPartOf":{"@id":"https:\/\/chemuza.org\/pt\/#website"},"datePublished":"2023-07-14T01:18:48+00:00","dateModified":"2023-07-14T01:18:48+00:00","breadcrumb":{"@id":"https:\/\/chemuza.org\/pt\/iridio\/#breadcrumb"},"inLanguage":"pt-PT","potentialAction":[{"@type":"ReadAction","target":["https:\/\/chemuza.org\/pt\/iridio\/"]}]},{"@type":"BreadcrumbList","@id":"https:\/\/chemuza.org\/pt\/iridio\/#breadcrumb","itemListElement":[{"@type":"ListItem","position":1,"name":"Lar","item":"https:\/\/chemuza.org\/pt\/"},{"@type":"ListItem","position":2,"name":"Ir\u00eddio"}]},{"@type":"WebSite","@id":"https:\/\/chemuza.org\/pt\/#website","url":"https:\/\/chemuza.org\/pt\/","name":"Chemuza","description":"Sua porta de entrada para a descoberta qu\u00edmica!","publisher":{"@id":"https:\/\/chemuza.org\/pt\/#organization"},"potentialAction":[{"@type":"SearchAction","target":{"@type":"EntryPoint","urlTemplate":"https:\/\/chemuza.org\/pt\/?s={search_term_string}"},"query-input":"required name=search_term_string"}],"inLanguage":"pt-PT"},{"@type":"Organization","@id":"https:\/\/chemuza.org\/pt\/#organization","name":"Chemuza","url":"https:\/\/chemuza.org\/pt\/","logo":{"@type":"ImageObject","inLanguage":"pt-PT","@id":"https:\/\/chemuza.org\/pt\/#\/schema\/logo\/image\/","url":"https:\/\/chemuza.org\/pt\/wp-content\/uploads\/2023\/10\/chemuza-logo.png","contentUrl":"https:\/\/chemuza.org\/pt\/wp-content\/uploads\/2023\/10\/chemuza-logo.png","width":387,"height":70,"caption":"Chemuza"},"image":{"@id":"https:\/\/chemuza.org\/pt\/#\/schema\/logo\/image\/"}}]}},"yoast_meta":{"yoast_wpseo_title":"","yoast_wpseo_metadesc":"","yoast_wpseo_canonical":""},"_links":{"self":[{"href":"https:\/\/chemuza.org\/pt\/wp-json\/wp\/v2\/pages\/1531","targetHints":{"allow":["GET"]}}],"collection":[{"href":"https:\/\/chemuza.org\/pt\/wp-json\/wp\/v2\/pages"}],"about":[{"href":"https:\/\/chemuza.org\/pt\/wp-json\/wp\/v2\/types\/page"}],"author":[{"embeddable":true,"href":"https:\/\/chemuza.org\/pt\/wp-json\/wp\/v2\/users\/1"}],"replies":[{"embeddable":true,"href":"https:\/\/chemuza.org\/pt\/wp-json\/wp\/v2\/comments?post=1531"}],"version-history":[{"count":0,"href":"https:\/\/chemuza.org\/pt\/wp-json\/wp\/v2\/pages\/1531\/revisions"}],"wp:attachment":[{"href":"https:\/\/chemuza.org\/pt\/wp-json\/wp\/v2\/media?parent=1531"}],"curies":[{"name":"wp","href":"https:\/\/api.w.org\/{rel}","templated":true}]}}