{"id":1530,"date":"2023-07-14T01:58:01","date_gmt":"2023-07-14T01:58:01","guid":{"rendered":"https:\/\/chemuza.org\/pt\/lutecio\/"},"modified":"2023-07-14T01:58:01","modified_gmt":"2023-07-14T01:58:01","slug":"lutecio","status":"publish","type":"page","link":"https:\/\/chemuza.org\/pt\/lutecio\/","title":{"rendered":"Lut\u00e9cio"},"content":{"rendered":"<p>O elemento qu\u00edmico de s\u00edmbolo Lu \u00e9 considerado um metal raro do grupo dos lantan\u00eddeos. Tem sido usado para definir a idade dos meteor\u00f3ides. Al\u00e9m disso, o lut\u00e9cio \u00e9 fundamental no estudo do magnetismo, \u00e9 um dos mais pesados e complexos de isolar. Nesta se\u00e7\u00e3o voc\u00ea conhecer\u00e1 a origem, suas propriedades e a utilidade deste componente.<\/p>\n<h2> <strong>O que \u00e9 lut\u00e9cio?<\/strong><\/h2>\n<p> \u00c9 um elemento met\u00e1lico trivalente que ocupa a posi\u00e7\u00e3o 71 na tabela peri\u00f3dica. Al\u00e9m disso, foi considerado o mais pesado e o de maior resist\u00eancia entre os que fazem parte das terras raras.<\/p>\n<h3> <strong>S\u00edmbolo de lut\u00e9cio<\/strong><\/h3>\n<p> <span class=\"content-chemical-element\" style=\"float: left;width: 65px;height: 65px;border: 3px solid #666; display:flex;\n    justify-content: center;align-items: center;margin-right: 15px;\"><span style=\"font-size: 38px;\">Lu<\/span><\/span> Sua simbologia vem da palavra Luttetia, cujo t\u00edtulo foi o primeiro a ser dado \u00e0 cidade hoje conhecida como Paris. Local onde o metal\u00f3ide foi descoberto e identificado por Georges Urbain por volta de 1907.<\/p>\n<h2> <strong>Caracter\u00edsticas do Lut\u00e9cio<\/strong><\/h2>\n<p> Embora esteja posicionado pr\u00f3ximo aos componentes do bloco D, \u00e9 um dos elementos classificados como lantan\u00eddeos. Pelas suas caracter\u00edsticas inusitadas e variadas, provou ser um composto complexo que pode pertencer a 2 grupos diferentes. Suas caracter\u00edsticas s\u00e3o resumidas da seguinte forma:<\/p>\n<ul>\n<li> <strong>Condi\u00e7\u00e3o:<\/strong> \u00c9 um metal s\u00f3lido que possui muita densidade e dureza.<\/li>\n<li> <strong>Cor:<\/strong> Tom acinzentado com \u00e1reas prateadas.<\/li>\n<li> <strong>Solubilidade:<\/strong> Gera uma variedade de sais, enquanto alguns s\u00e3o sol\u00faveis, outros n\u00e3o se dissolvem.<\/li>\n<li> <strong>Toxicidade:<\/strong> Possui baixa magnitude t\u00f3xica. S\u00e3o os compostos que produz que s\u00e3o manuseados com o maior cuidado. Por exemplo, os seus sais sol\u00faveis podem tornar-se perigosos.<\/li>\n<li> <strong>Reatividade:<\/strong> Por ser um metal resistente ao desgaste, \u00e9 comum reagir de forma extremamente lenta com ar ou H\u2082O e \u00e1cidos.<\/li>\n<li> <strong>Radioatividade:<\/strong> Em seu estado natural \u00e9 composto por um \u00fanico is\u00f3topo est\u00e1vel, seus 33 compostos restantes chamados radiois\u00f3topos s\u00e3o radioativos.<\/li>\n<li> <strong>Estrutura:<\/strong> Sua conforma\u00e7\u00e3o cristalina \u00e9 hexagonal. <strong>&nbsp;<\/strong><\/li>\n<li> <strong>Composi\u00e7\u00e3o:<\/strong> No n\u00edvel at\u00f4mico, \u00e9 composto por 71 el\u00e9trons e pr\u00f3tons.<\/li>\n<\/ul>\n<h2> <strong>Propriedades qu\u00edmicas e f\u00edsicas do lut\u00e9cio<\/strong><\/h2>\n<ol>\n<li> <strong>N\u00famero at\u00f4mico<\/strong> : 71<\/li>\n<li> <strong>Per\u00edodo<\/strong> : 6<\/li>\n<li> <strong>Bloco<\/strong> : D<\/li>\n<li> <strong>Grupo<\/strong> : 3<\/li>\n<li> <strong>Raio covalente (\u00c5):<\/strong> 13h60<\/li>\n<li> <strong>Massa at\u00f4mica (g\/mol):<\/strong> 174,97<\/li>\n<li> <strong>Densidade:<\/strong> 9.841 kg\/m\u00b3<\/li>\n<li> <strong>Ponto de ebuli\u00e7\u00e3o:<\/strong> 3327\u00b0C<\/li>\n<li> <strong>Ponto de fus\u00e3o:<\/strong> 1652\u00b0C<\/li>\n<li> <strong>Raio at\u00f4mico:<\/strong> 217h<\/li>\n<li> <strong>Raio m\u00e9dio:<\/strong> 175h<\/li>\n<li> <strong>Calor espec\u00edfico:<\/strong> 150 J\/ (K kg)<\/li>\n<li> <strong>El\u00e9trons por camada:<\/strong> 2, 8, 18, 32, 9, 2<\/li>\n<li> <strong>Primeiro potencial de ioniza\u00e7\u00e3o eV:<\/strong> 5,02<\/li>\n<li> <strong>Configura\u00e7\u00e3o eletr\u00f4nica:<\/strong> [Xe]4f <sup>14<\/sup> 5d <sup>1<\/sup> 6s <sup>2<\/sup><\/li>\n<li> <strong>Condutividade t\u00e9rmica:<\/strong> 16,4 W\/(K\u2022m)<\/li>\n<li> <strong>Condutividade el\u00e9trica:<\/strong> 1,85 106 S\/m<\/li>\n<li> <strong>Eletronegatividade:<\/strong> 1, 2<\/li>\n<li> <strong>Estado de oxida\u00e7\u00e3o:<\/strong> +3<\/li>\n<li> <strong>\u00d3xido:<\/strong> base fraca<\/li>\n<\/ol>\n<h2> <strong>Origem do lut\u00e9cio<\/strong><\/h2>\n<p> Foi descoberto simultaneamente, mas de forma independente, pelo mineral\u00f3grafo Carl Auer, pelo americano Charles James e pelo mais eminente Georges Urbain. Este trio de cientistas foi encarregado de investigar impurezas encontradas no metal It\u00e9rbio, encontrado na Su\u00e9cia.<\/p>\n<p> Atrav\u00e9s dos estudos de todos, obteve-se o novo elemento e concluiu-se que a leg\u00edtima descoberta deveria ser atribu\u00edda a Georges Urbain. At\u00e9 porque a sua publica\u00e7\u00e3o foi de qualidade e de primeira entrega. Assim, este qu\u00edmico teve a oportunidade de nomear o componente Lut\u00e9cio, em homenagem ao antigo nome da bela cidade hoje chamada Paris.<\/p>\n<h2> <strong>Para que \u00e9 usado o Lut\u00e9cio?<\/strong><\/h2>\n<p> Os usos do lut\u00e9cio s\u00e3o limitados no ambiente comercial, mas em algumas \u00e1reas demonstrou ser extremamente ben\u00e9fico. Por exemplo, \u00e9 utilizado em v\u00e1rios processos qu\u00edmicos reativos, incluindo polimeriza\u00e7\u00e3o e hidrogena\u00e7\u00e3o. Porque seus nucl\u00eddeos est\u00e1veis, quando irradiados, produzem uma fonte pura de radia\u00e7\u00e3o ou emiss\u00e3o beta.<\/p>\n<p> Al\u00e9m disso, \u00e9 utilizado pelas refinarias como um catalisador eficaz para o craqueamento de petr\u00f3leo. Ainda hoje, seus radiois\u00f3topos s\u00e3o estudados com o objetivo de testar sua utilidade na medicina nuclear.<\/p>\n<h2> <strong>Onde o lut\u00e9cio \u00e9 encontrado?<\/strong><\/h2>\n<p> \u00c9 o composto met\u00e1lico menos abundante no meio ambiente, o estado comum em que \u00e9 obtido na natureza \u00e9 o s\u00f3lido. Quanto ao seu min\u00e9rio principal, ou seja, do qual o composto \u00e9 extra\u00eddo, \u00e9 a rocha Monzonita, da qual geralmente se obt\u00e9m at\u00e9 0,003% de lut\u00e9cio.<\/p>\n<h2> <strong>Como \u00e9 obtido o lut\u00e9cio?<\/strong><\/h2>\n<p> \u00c9 conhecido como o metal mais complicado de isolar do grupo dos lantan\u00eddeos. O m\u00e9todo mais comum de obten\u00e7\u00e3o \u00e9 a redu\u00e7\u00e3o do trifluoreto anidro ou tricloreto de lut\u00e9cio, em combina\u00e7\u00e3o com um metal que pode ser alcalino-terroso ou alcalino. Por\u00e9m, esta prepara\u00e7\u00e3o pura s\u00f3 p\u00f4de ser feita no final do s\u00e9culo XX devido \u00e0 sua grande complexidade.<\/p>\n<p> Concluindo, o lut\u00e9cio \u00e9 um metal muito raro, dif\u00edcil de encontrar na natureza e muito complexo de obter. Distingue-se pela sua maior densidade e \u00e9 geralmente encontrado em pedra monzonita. Al\u00e9m disso, \u00e9 utilizado em diversos processos qu\u00edmicos e como catalisador em refinarias.<\/p>\n","protected":false},"excerpt":{"rendered":"<p>O elemento qu\u00edmico de s\u00edmbolo Lu \u00e9 considerado um metal raro do grupo dos lantan\u00eddeos. Tem sido usado para definir a idade dos meteor\u00f3ides. Al\u00e9m disso, o lut\u00e9cio \u00e9 fundamental no estudo do magnetismo, \u00e9 um dos mais pesados e complexos de isolar. Nesta se\u00e7\u00e3o voc\u00ea conhecer\u00e1 a origem, suas propriedades e a utilidade deste &#8230; <a title=\"Lut\u00e9cio\" class=\"read-more\" href=\"https:\/\/chemuza.org\/pt\/lutecio\/\" aria-label=\"Mais em Lut\u00e9cio\">Ler mais<\/a><\/p>\n","protected":false},"author":1,"featured_media":0,"parent":0,"menu_order":0,"comment_status":"closed","ping_status":"closed","template":"","meta":{"footnotes":""},"class_list":["post-1530","page","type-page","status-publish"],"yoast_head":"<!-- This site is optimized with the Yoast SEO plugin v21.4 - https:\/\/yoast.com\/wordpress\/plugins\/seo\/ -->\n<title>Lut\u00e9cio - Chemuza<\/title>\n<meta name=\"robots\" content=\"index, follow, max-snippet:-1, max-image-preview:large, max-video-preview:-1\" \/>\n<link rel=\"canonical\" href=\"https:\/\/chemuza.org\/pt\/lutecio\/\" \/>\n<meta property=\"og:locale\" content=\"pt_PT\" \/>\n<meta property=\"og:type\" content=\"article\" \/>\n<meta property=\"og:title\" content=\"Lut\u00e9cio - Chemuza\" \/>\n<meta property=\"og:description\" content=\"O elemento qu\u00edmico de s\u00edmbolo Lu \u00e9 considerado um metal raro do grupo dos lantan\u00eddeos. Tem sido usado para definir a idade dos meteor\u00f3ides. Al\u00e9m disso, o lut\u00e9cio \u00e9 fundamental no estudo do magnetismo, \u00e9 um dos mais pesados e complexos de isolar. Nesta se\u00e7\u00e3o voc\u00ea conhecer\u00e1 a origem, suas propriedades e a utilidade deste ... Ler mais\" \/>\n<meta property=\"og:url\" content=\"https:\/\/chemuza.org\/pt\/lutecio\/\" \/>\n<meta property=\"og:site_name\" content=\"Statorials\" \/>\n<meta name=\"twitter:card\" content=\"summary_large_image\" \/>\n<meta name=\"twitter:label1\" content=\"Tempo estimado de leitura\" \/>\n\t<meta name=\"twitter:data1\" content=\"4 minutos\" \/>\n<script type=\"application\/ld+json\" class=\"yoast-schema-graph\">{\"@context\":\"https:\/\/schema.org\",\"@graph\":[{\"@type\":\"WebPage\",\"@id\":\"https:\/\/chemuza.org\/pt\/lutecio\/\",\"url\":\"https:\/\/chemuza.org\/pt\/lutecio\/\",\"name\":\"Lut\u00e9cio - Chemuza\",\"isPartOf\":{\"@id\":\"https:\/\/chemuza.org\/pt\/#website\"},\"datePublished\":\"2023-07-14T01:58:01+00:00\",\"dateModified\":\"2023-07-14T01:58:01+00:00\",\"breadcrumb\":{\"@id\":\"https:\/\/chemuza.org\/pt\/lutecio\/#breadcrumb\"},\"inLanguage\":\"pt-PT\",\"potentialAction\":[{\"@type\":\"ReadAction\",\"target\":[\"https:\/\/chemuza.org\/pt\/lutecio\/\"]}]},{\"@type\":\"BreadcrumbList\",\"@id\":\"https:\/\/chemuza.org\/pt\/lutecio\/#breadcrumb\",\"itemListElement\":[{\"@type\":\"ListItem\",\"position\":1,\"name\":\"Lar\",\"item\":\"https:\/\/chemuza.org\/pt\/\"},{\"@type\":\"ListItem\",\"position\":2,\"name\":\"Lut\u00e9cio\"}]},{\"@type\":\"WebSite\",\"@id\":\"https:\/\/chemuza.org\/pt\/#website\",\"url\":\"https:\/\/chemuza.org\/pt\/\",\"name\":\"Chemuza\",\"description\":\"Sua porta de entrada para a descoberta qu\u00edmica!\",\"publisher\":{\"@id\":\"https:\/\/chemuza.org\/pt\/#organization\"},\"potentialAction\":[{\"@type\":\"SearchAction\",\"target\":{\"@type\":\"EntryPoint\",\"urlTemplate\":\"https:\/\/chemuza.org\/pt\/?s={search_term_string}\"},\"query-input\":\"required name=search_term_string\"}],\"inLanguage\":\"pt-PT\"},{\"@type\":\"Organization\",\"@id\":\"https:\/\/chemuza.org\/pt\/#organization\",\"name\":\"Chemuza\",\"url\":\"https:\/\/chemuza.org\/pt\/\",\"logo\":{\"@type\":\"ImageObject\",\"inLanguage\":\"pt-PT\",\"@id\":\"https:\/\/chemuza.org\/pt\/#\/schema\/logo\/image\/\",\"url\":\"https:\/\/chemuza.org\/pt\/wp-content\/uploads\/2023\/10\/chemuza-logo.png\",\"contentUrl\":\"https:\/\/chemuza.org\/pt\/wp-content\/uploads\/2023\/10\/chemuza-logo.png\",\"width\":387,\"height\":70,\"caption\":\"Chemuza\"},\"image\":{\"@id\":\"https:\/\/chemuza.org\/pt\/#\/schema\/logo\/image\/\"}}]}<\/script>\n<!-- \/ Yoast SEO plugin. -->","yoast_head_json":{"title":"Lut\u00e9cio - Chemuza","robots":{"index":"index","follow":"follow","max-snippet":"max-snippet:-1","max-image-preview":"max-image-preview:large","max-video-preview":"max-video-preview:-1"},"canonical":"https:\/\/chemuza.org\/pt\/lutecio\/","og_locale":"pt_PT","og_type":"article","og_title":"Lut\u00e9cio - Chemuza","og_description":"O elemento qu\u00edmico de s\u00edmbolo Lu \u00e9 considerado um metal raro do grupo dos lantan\u00eddeos. Tem sido usado para definir a idade dos meteor\u00f3ides. Al\u00e9m disso, o lut\u00e9cio \u00e9 fundamental no estudo do magnetismo, \u00e9 um dos mais pesados e complexos de isolar. Nesta se\u00e7\u00e3o voc\u00ea conhecer\u00e1 a origem, suas propriedades e a utilidade deste ... Ler mais","og_url":"https:\/\/chemuza.org\/pt\/lutecio\/","og_site_name":"Statorials","twitter_card":"summary_large_image","twitter_misc":{"Tempo estimado de leitura":"4 minutos"},"schema":{"@context":"https:\/\/schema.org","@graph":[{"@type":"WebPage","@id":"https:\/\/chemuza.org\/pt\/lutecio\/","url":"https:\/\/chemuza.org\/pt\/lutecio\/","name":"Lut\u00e9cio - Chemuza","isPartOf":{"@id":"https:\/\/chemuza.org\/pt\/#website"},"datePublished":"2023-07-14T01:58:01+00:00","dateModified":"2023-07-14T01:58:01+00:00","breadcrumb":{"@id":"https:\/\/chemuza.org\/pt\/lutecio\/#breadcrumb"},"inLanguage":"pt-PT","potentialAction":[{"@type":"ReadAction","target":["https:\/\/chemuza.org\/pt\/lutecio\/"]}]},{"@type":"BreadcrumbList","@id":"https:\/\/chemuza.org\/pt\/lutecio\/#breadcrumb","itemListElement":[{"@type":"ListItem","position":1,"name":"Lar","item":"https:\/\/chemuza.org\/pt\/"},{"@type":"ListItem","position":2,"name":"Lut\u00e9cio"}]},{"@type":"WebSite","@id":"https:\/\/chemuza.org\/pt\/#website","url":"https:\/\/chemuza.org\/pt\/","name":"Chemuza","description":"Sua porta de entrada para a descoberta qu\u00edmica!","publisher":{"@id":"https:\/\/chemuza.org\/pt\/#organization"},"potentialAction":[{"@type":"SearchAction","target":{"@type":"EntryPoint","urlTemplate":"https:\/\/chemuza.org\/pt\/?s={search_term_string}"},"query-input":"required name=search_term_string"}],"inLanguage":"pt-PT"},{"@type":"Organization","@id":"https:\/\/chemuza.org\/pt\/#organization","name":"Chemuza","url":"https:\/\/chemuza.org\/pt\/","logo":{"@type":"ImageObject","inLanguage":"pt-PT","@id":"https:\/\/chemuza.org\/pt\/#\/schema\/logo\/image\/","url":"https:\/\/chemuza.org\/pt\/wp-content\/uploads\/2023\/10\/chemuza-logo.png","contentUrl":"https:\/\/chemuza.org\/pt\/wp-content\/uploads\/2023\/10\/chemuza-logo.png","width":387,"height":70,"caption":"Chemuza"},"image":{"@id":"https:\/\/chemuza.org\/pt\/#\/schema\/logo\/image\/"}}]}},"yoast_meta":{"yoast_wpseo_title":"","yoast_wpseo_metadesc":"","yoast_wpseo_canonical":""},"_links":{"self":[{"href":"https:\/\/chemuza.org\/pt\/wp-json\/wp\/v2\/pages\/1530","targetHints":{"allow":["GET"]}}],"collection":[{"href":"https:\/\/chemuza.org\/pt\/wp-json\/wp\/v2\/pages"}],"about":[{"href":"https:\/\/chemuza.org\/pt\/wp-json\/wp\/v2\/types\/page"}],"author":[{"embeddable":true,"href":"https:\/\/chemuza.org\/pt\/wp-json\/wp\/v2\/users\/1"}],"replies":[{"embeddable":true,"href":"https:\/\/chemuza.org\/pt\/wp-json\/wp\/v2\/comments?post=1530"}],"version-history":[{"count":0,"href":"https:\/\/chemuza.org\/pt\/wp-json\/wp\/v2\/pages\/1530\/revisions"}],"wp:attachment":[{"href":"https:\/\/chemuza.org\/pt\/wp-json\/wp\/v2\/media?parent=1530"}],"curies":[{"name":"wp","href":"https:\/\/api.w.org\/{rel}","templated":true}]}}