{"id":1528,"date":"2023-07-14T02:46:59","date_gmt":"2023-07-14T02:46:59","guid":{"rendered":"https:\/\/chemuza.org\/pt\/tungstenio\/"},"modified":"2023-07-14T02:46:59","modified_gmt":"2023-07-14T02:46:59","slug":"tungstenio","status":"publish","type":"page","link":"https:\/\/chemuza.org\/pt\/tungstenio\/","title":{"rendered":"Tungst\u00eanio"},"content":{"rendered":"<p>O tungst\u00eanio \u00e9 o 74\u00ba elemento qu\u00edmico da tabela peri\u00f3dica e o metal mais pesado. \u00c9 encontrada naturalmente no solo, em dois tipos de minerais chamados Scheelita e Volframita, na propor\u00e7\u00e3o de 1,38 ppm. Suas propriedades \u00fanicas tornam este metal\u00f3ide muito \u00fatil na ind\u00fastria de tecnologia. Ent\u00e3o conhe\u00e7a todos os detalhes desse metal.<\/p>\n<h2> <strong>O que \u00e9 tungst\u00eanio?<\/strong><\/h2>\n<p> \u00c9 um elemento natural, de aspecto muito duro e denso, branco acinzentado e brilhante. Possui o maior ponto de fus\u00e3o entre os elementos de transi\u00e7\u00e3o, com temperatura de 3422\u00ba C para passar de s\u00f3lido para l\u00edquido. Al\u00e9m disso, por meio de processos qu\u00edmicos, pode ser transformado em sal sol\u00favel, p\u00f3 e \u00f3xido de tungst\u00eanio.<\/p>\n<h3> <strong>S\u00edmbolo de tungst\u00eanio<\/strong><\/h3>\n<p> <span class=\"content-chemical-element\" style=\"float: left;width: 65px;height: 65px;border: 3px solid #666; display:flex;\n    justify-content: center;align-items: center;margin-right: 15px;\"><span style=\"font-size: 38px;\">W<\/span><\/span> Seu nome refere-se \u00e0s caracter\u00edsticas mais marcantes do metal\u00f3ide. Vem da palavra sueca tungst\u00eanio, que se traduz em <em>tung,<\/em> que significa pedra pesada, e pedra <em>esteno<\/em> , que significa pedra pesada. Os qu\u00edmicos suecos Tobern Bergman e Carl Wilhelm estudaram o tungst\u00eanio e descobriram um novo elemento, embora n\u00e3o tenham conseguido separ\u00e1-lo, chamaram-no de tungst\u00eanio.<\/p>\n<p> Por outro lado, Wolfram vem da l\u00edngua alem\u00e3 e seu significado tem pouco valor. Este \u00faltimo nome foi dado pelo espanhol Juan Jos\u00e9 Elhuyar, quando conseguiu isolar o elemento em estado puro da Wolframita. Por\u00e9m, at\u00e9 hoje seu nome tem sido motivo de pol\u00eamica em rela\u00e7\u00e3o ao nome do elemento, embora muitos acreditem que ambas as formas devam ser oficiais. Por enquanto, Wolfram representa o metal\u00f3ide.<\/p>\n<h2> <strong>Recursos do Wolfram<\/strong><\/h2>\n<p> O tungst\u00eanio caracteriza-se pela versatilidade para ser trabalhado em estado puro ou misturado com outros elementos. Al\u00e9m disso, possui o menor coeficiente de dilata\u00e7\u00e3o t\u00e9rmica em estado puro de todos os metais e \u00e9 o que apresenta maior resist\u00eancia ao atrito. Ele tamb\u00e9m possui outras especifica\u00e7\u00f5es valiosas e est\u00e3o descritas abaixo:<\/p>\n<ul>\n<li> <strong>Condi\u00e7\u00e3o<\/strong> : S\u00f3lido e extremamente duro.<\/li>\n<li> <strong>Cor<\/strong> : O metal em estado puro \u00e9 branco e acinzentado quando cont\u00e9m impurezas.<\/li>\n<li> <strong>Solubilidade<\/strong> : \u00c9 insol\u00favel em \u00e1gua.<\/li>\n<li> <strong>Toxicidade<\/strong> : Baixa, s\u00f3 se torna t\u00f3xico em grandes quantidades para o ser humano, n\u00e3o foi detectada forte contamina\u00e7\u00e3o por tungst\u00eanio no meio ambiente.<\/li>\n<li> <strong>Reatividade<\/strong> : Reage em alta temperatura com Carbono, Enxofre, Cloro, Iodo e Di\u00f3xido de Carbono.<\/li>\n<li> <strong>Estrutura<\/strong> : Cristalina c\u00fabica centrada.<\/li>\n<li> <strong>Composi\u00e7\u00e3o<\/strong> : 74 el\u00e9trons, 108 n\u00eautrons e 74 pr\u00f3tons.<\/li>\n<\/ul>\n<h2> <strong>Propriedades qu\u00edmicas e f\u00edsicas do tungst\u00eanio<\/strong><\/h2>\n<ol>\n<li> <strong>N\u00famero at\u00f4mico<\/strong> : 74<\/li>\n<li> <strong>Per\u00edodo<\/strong> : 6<\/li>\n<li> <strong>Bloco<\/strong> : D<\/li>\n<li> <strong>Grupo<\/strong> : 6<\/li>\n<li> <strong>Raio covalente (\u00c5):<\/strong> 146 pm<\/li>\n<li> <strong>Densidade:<\/strong> 19.250 kg\/m\u00b3<\/li>\n<li> <strong>Ponto de ebuli\u00e7\u00e3o:<\/strong> 5.555<strong> <\/strong>\u00b0C<\/li>\n<li> <strong>Ponto de fus\u00e3o:<\/strong> 3.420\u00b0C<\/li>\n<li> <strong>Raio at\u00f4mico:<\/strong> 193<\/li>\n<li> <strong>Raio m\u00e9dio:<\/strong> 135h<\/li>\n<li> <strong>Eletronegatividade:<\/strong> 2,36<\/li>\n<li> <strong>Estado de oxida\u00e7\u00e3o:<\/strong> 6, 5, 4, 3, 2<\/li>\n<li> <strong>Primeiro potencial de ioniza\u00e7\u00e3o eV:<\/strong> kJ\/mol<\/li>\n<li> <strong>Configura\u00e7\u00e3o eletr\u00f4nica:<\/strong> [Xe]4f14 5d4 6s2<\/li>\n<li> <strong>Condutividade t\u00e9rmica:<\/strong> 174 W\/(Km)<\/li>\n<li> <strong>Condutividade el\u00e9trica:<\/strong> 18,9 \u00d7 10 <sup>6<\/sup> m <sup>-1<\/sup> \u00b7\u03a9 <sup>-1<\/sup><\/li>\n<li> <strong>Massa at\u00f4mica (g\/mol):<\/strong> 182,84 u<\/li>\n<li> <strong>El\u00e9trons por camada:<\/strong> 2, 8, 18, 32, 12, 2<\/li>\n<li> <strong>\u00d3xido:<\/strong> Ligeiramente \u00e1cido<\/li>\n<li> <strong>Calor espec\u00edfico:<\/strong> 130 J\/(K.kg)<\/li>\n<\/ol>\n<h2> <strong>Origem do tungst\u00eanio<\/strong><\/h2>\n<p> Os qu\u00edmicos suecos Carl Wilhelm e Bergman Tobern conduziram pesquisas com tungst\u00eanio, um mineral at\u00e9 ent\u00e3o pouco conhecido. Chegam \u00e0 conclus\u00e3o de que existe um elemento novo, mas sem conseguir identific\u00e1-lo ou separ\u00e1-lo do mineral em sua totalidade.<\/p>\n<p> Mais tarde, em 1783, o famoso qu\u00edmico espanhol Juan Jos\u00e9 Elhuyar e seu irm\u00e3o Fasto conseguiram extrair o novo elemento puro que chamaram de Wolfram ou Tungst\u00eanio. A descoberta ocorreu em minas localizadas entre a Rep\u00fablica Tcheca e a Alemanha. Pode ser encontrada na natureza entre rochas ou em misturas com certos minerais.<\/p>\n<h2> <strong>Para que serve o Wolfram?<\/strong><\/h2>\n<p> \u00c9 usado como material para fazer ferramentas de corte duras que exigem velocidade. Desde ent\u00e3o, este elemento cria uma composi\u00e7\u00e3o forte como ligas ferrosas com ferro ou a\u00e7o e carboneto Wolfram. Este \u00faltimo substitui o diamante na fabrica\u00e7\u00e3o de matrizes e perfuradores.<\/p>\n<p> Por outro lado, os cristais de tungst\u00eanio s\u00e3o usados como escudo protetor para evitar diferentes tipos de radia\u00e7\u00e3o, como emiss\u00f5es de n\u00eautrons e raios gama. Al\u00e9m disso, \u00e9 utilizado na fabrica\u00e7\u00e3o das seguintes ferramentas:<\/p>\n<ul>\n<li> Hastes de soldagem.<\/li>\n<li> C\u00e1todos para v\u00e1lvulas de pot\u00eancia.<\/li>\n<li> Alvos de raios X.<\/li>\n<li> Placas para distribuidores de aeronaves e autom\u00f3veis.<\/li>\n<li> L\u00e2mpadas el\u00e9tricas.<\/li>\n<li> Equipamento eletr\u00f4nico.<\/li>\n<li> Instrumentos para dentistas.<\/li>\n<li> Ferramentas met\u00e1licas.<\/li>\n<li> M\u00fasicas malucas.<\/li>\n<\/ul>\n<h2> <strong>\u00f3xido de tungst\u00eanio<\/strong><\/h2>\n<p> O tungst\u00eanio produz os estados de oxida\u00e7\u00e3o do elemento mais est\u00e1veis entre 2+ e 6+. Ocupa o subgrupo da tabela peri\u00f3dica, junto com o cromo e o molibd\u00eanio devido \u00e0s suas caracter\u00edsticas qu\u00edmicas muito semelhantes. Os quatro \u00f3xidos s\u00e3o muito espec\u00edficos, mais dois carbonetos. Por outro lado, forma compostos de carbonita, siliceto, boreto, sulfeto e nitreto.<\/p>\n<p> Em resumo, devido \u00e0 alta resist\u00eancia \u00e0 corros\u00e3o, dureza e alto ponto de fus\u00e3o do tungst\u00eanio, \u00e9 utilizado na fabrica\u00e7\u00e3o de uma s\u00e9rie de ferramentas de corte e instrumentos odontol\u00f3gicos. \u00c9 tamb\u00e9m um excelente protetor contra a radia\u00e7\u00e3o, sem produzir altos n\u00edveis de toxicidade como o chumbo.<\/p>\n","protected":false},"excerpt":{"rendered":"<p>O tungst\u00eanio \u00e9 o 74\u00ba elemento qu\u00edmico da tabela peri\u00f3dica e o metal mais pesado. \u00c9 encontrada naturalmente no solo, em dois tipos de minerais chamados Scheelita e Volframita, na propor\u00e7\u00e3o de 1,38 ppm. Suas propriedades \u00fanicas tornam este metal\u00f3ide muito \u00fatil na ind\u00fastria de tecnologia. Ent\u00e3o conhe\u00e7a todos os detalhes desse metal. O que &#8230; <a title=\"Tungst\u00eanio\" class=\"read-more\" href=\"https:\/\/chemuza.org\/pt\/tungstenio\/\" aria-label=\"Mais em Tungst\u00eanio\">Ler mais<\/a><\/p>\n","protected":false},"author":1,"featured_media":0,"parent":0,"menu_order":0,"comment_status":"closed","ping_status":"closed","template":"","meta":{"footnotes":""},"class_list":["post-1528","page","type-page","status-publish"],"yoast_head":"<!-- This site is optimized with the Yoast SEO plugin v21.4 - https:\/\/yoast.com\/wordpress\/plugins\/seo\/ -->\n<title>Tungst\u00eanio - Chemuza<\/title>\n<meta name=\"robots\" content=\"index, follow, max-snippet:-1, max-image-preview:large, max-video-preview:-1\" \/>\n<link rel=\"canonical\" href=\"https:\/\/chemuza.org\/pt\/tungstenio\/\" \/>\n<meta property=\"og:locale\" content=\"pt_PT\" \/>\n<meta property=\"og:type\" content=\"article\" \/>\n<meta property=\"og:title\" content=\"Tungst\u00eanio - Chemuza\" \/>\n<meta property=\"og:description\" content=\"O tungst\u00eanio \u00e9 o 74\u00ba elemento qu\u00edmico da tabela peri\u00f3dica e o metal mais pesado. \u00c9 encontrada naturalmente no solo, em dois tipos de minerais chamados Scheelita e Volframita, na propor\u00e7\u00e3o de 1,38 ppm. Suas propriedades \u00fanicas tornam este metal\u00f3ide muito \u00fatil na ind\u00fastria de tecnologia. Ent\u00e3o conhe\u00e7a todos os detalhes desse metal. O que ... Ler mais\" \/>\n<meta property=\"og:url\" content=\"https:\/\/chemuza.org\/pt\/tungstenio\/\" \/>\n<meta property=\"og:site_name\" content=\"Statorials\" \/>\n<meta name=\"twitter:card\" content=\"summary_large_image\" \/>\n<meta name=\"twitter:label1\" content=\"Tempo estimado de leitura\" \/>\n\t<meta name=\"twitter:data1\" content=\"4 minutos\" \/>\n<script type=\"application\/ld+json\" class=\"yoast-schema-graph\">{\"@context\":\"https:\/\/schema.org\",\"@graph\":[{\"@type\":\"WebPage\",\"@id\":\"https:\/\/chemuza.org\/pt\/tungstenio\/\",\"url\":\"https:\/\/chemuza.org\/pt\/tungstenio\/\",\"name\":\"Tungst\u00eanio - Chemuza\",\"isPartOf\":{\"@id\":\"https:\/\/chemuza.org\/pt\/#website\"},\"datePublished\":\"2023-07-14T02:46:59+00:00\",\"dateModified\":\"2023-07-14T02:46:59+00:00\",\"breadcrumb\":{\"@id\":\"https:\/\/chemuza.org\/pt\/tungstenio\/#breadcrumb\"},\"inLanguage\":\"pt-PT\",\"potentialAction\":[{\"@type\":\"ReadAction\",\"target\":[\"https:\/\/chemuza.org\/pt\/tungstenio\/\"]}]},{\"@type\":\"BreadcrumbList\",\"@id\":\"https:\/\/chemuza.org\/pt\/tungstenio\/#breadcrumb\",\"itemListElement\":[{\"@type\":\"ListItem\",\"position\":1,\"name\":\"Lar\",\"item\":\"https:\/\/chemuza.org\/pt\/\"},{\"@type\":\"ListItem\",\"position\":2,\"name\":\"Tungst\u00eanio\"}]},{\"@type\":\"WebSite\",\"@id\":\"https:\/\/chemuza.org\/pt\/#website\",\"url\":\"https:\/\/chemuza.org\/pt\/\",\"name\":\"Chemuza\",\"description\":\"Sua porta de entrada para a descoberta qu\u00edmica!\",\"publisher\":{\"@id\":\"https:\/\/chemuza.org\/pt\/#organization\"},\"potentialAction\":[{\"@type\":\"SearchAction\",\"target\":{\"@type\":\"EntryPoint\",\"urlTemplate\":\"https:\/\/chemuza.org\/pt\/?s={search_term_string}\"},\"query-input\":\"required name=search_term_string\"}],\"inLanguage\":\"pt-PT\"},{\"@type\":\"Organization\",\"@id\":\"https:\/\/chemuza.org\/pt\/#organization\",\"name\":\"Chemuza\",\"url\":\"https:\/\/chemuza.org\/pt\/\",\"logo\":{\"@type\":\"ImageObject\",\"inLanguage\":\"pt-PT\",\"@id\":\"https:\/\/chemuza.org\/pt\/#\/schema\/logo\/image\/\",\"url\":\"https:\/\/chemuza.org\/pt\/wp-content\/uploads\/2023\/10\/chemuza-logo.png\",\"contentUrl\":\"https:\/\/chemuza.org\/pt\/wp-content\/uploads\/2023\/10\/chemuza-logo.png\",\"width\":387,\"height\":70,\"caption\":\"Chemuza\"},\"image\":{\"@id\":\"https:\/\/chemuza.org\/pt\/#\/schema\/logo\/image\/\"}}]}<\/script>\n<!-- \/ Yoast SEO plugin. -->","yoast_head_json":{"title":"Tungst\u00eanio - Chemuza","robots":{"index":"index","follow":"follow","max-snippet":"max-snippet:-1","max-image-preview":"max-image-preview:large","max-video-preview":"max-video-preview:-1"},"canonical":"https:\/\/chemuza.org\/pt\/tungstenio\/","og_locale":"pt_PT","og_type":"article","og_title":"Tungst\u00eanio - Chemuza","og_description":"O tungst\u00eanio \u00e9 o 74\u00ba elemento qu\u00edmico da tabela peri\u00f3dica e o metal mais pesado. \u00c9 encontrada naturalmente no solo, em dois tipos de minerais chamados Scheelita e Volframita, na propor\u00e7\u00e3o de 1,38 ppm. Suas propriedades \u00fanicas tornam este metal\u00f3ide muito \u00fatil na ind\u00fastria de tecnologia. Ent\u00e3o conhe\u00e7a todos os detalhes desse metal. O que ... Ler mais","og_url":"https:\/\/chemuza.org\/pt\/tungstenio\/","og_site_name":"Statorials","twitter_card":"summary_large_image","twitter_misc":{"Tempo estimado de leitura":"4 minutos"},"schema":{"@context":"https:\/\/schema.org","@graph":[{"@type":"WebPage","@id":"https:\/\/chemuza.org\/pt\/tungstenio\/","url":"https:\/\/chemuza.org\/pt\/tungstenio\/","name":"Tungst\u00eanio - Chemuza","isPartOf":{"@id":"https:\/\/chemuza.org\/pt\/#website"},"datePublished":"2023-07-14T02:46:59+00:00","dateModified":"2023-07-14T02:46:59+00:00","breadcrumb":{"@id":"https:\/\/chemuza.org\/pt\/tungstenio\/#breadcrumb"},"inLanguage":"pt-PT","potentialAction":[{"@type":"ReadAction","target":["https:\/\/chemuza.org\/pt\/tungstenio\/"]}]},{"@type":"BreadcrumbList","@id":"https:\/\/chemuza.org\/pt\/tungstenio\/#breadcrumb","itemListElement":[{"@type":"ListItem","position":1,"name":"Lar","item":"https:\/\/chemuza.org\/pt\/"},{"@type":"ListItem","position":2,"name":"Tungst\u00eanio"}]},{"@type":"WebSite","@id":"https:\/\/chemuza.org\/pt\/#website","url":"https:\/\/chemuza.org\/pt\/","name":"Chemuza","description":"Sua porta de entrada para a descoberta qu\u00edmica!","publisher":{"@id":"https:\/\/chemuza.org\/pt\/#organization"},"potentialAction":[{"@type":"SearchAction","target":{"@type":"EntryPoint","urlTemplate":"https:\/\/chemuza.org\/pt\/?s={search_term_string}"},"query-input":"required name=search_term_string"}],"inLanguage":"pt-PT"},{"@type":"Organization","@id":"https:\/\/chemuza.org\/pt\/#organization","name":"Chemuza","url":"https:\/\/chemuza.org\/pt\/","logo":{"@type":"ImageObject","inLanguage":"pt-PT","@id":"https:\/\/chemuza.org\/pt\/#\/schema\/logo\/image\/","url":"https:\/\/chemuza.org\/pt\/wp-content\/uploads\/2023\/10\/chemuza-logo.png","contentUrl":"https:\/\/chemuza.org\/pt\/wp-content\/uploads\/2023\/10\/chemuza-logo.png","width":387,"height":70,"caption":"Chemuza"},"image":{"@id":"https:\/\/chemuza.org\/pt\/#\/schema\/logo\/image\/"}}]}},"yoast_meta":{"yoast_wpseo_title":"","yoast_wpseo_metadesc":"","yoast_wpseo_canonical":""},"_links":{"self":[{"href":"https:\/\/chemuza.org\/pt\/wp-json\/wp\/v2\/pages\/1528","targetHints":{"allow":["GET"]}}],"collection":[{"href":"https:\/\/chemuza.org\/pt\/wp-json\/wp\/v2\/pages"}],"about":[{"href":"https:\/\/chemuza.org\/pt\/wp-json\/wp\/v2\/types\/page"}],"author":[{"embeddable":true,"href":"https:\/\/chemuza.org\/pt\/wp-json\/wp\/v2\/users\/1"}],"replies":[{"embeddable":true,"href":"https:\/\/chemuza.org\/pt\/wp-json\/wp\/v2\/comments?post=1528"}],"version-history":[{"count":0,"href":"https:\/\/chemuza.org\/pt\/wp-json\/wp\/v2\/pages\/1528\/revisions"}],"wp:attachment":[{"href":"https:\/\/chemuza.org\/pt\/wp-json\/wp\/v2\/media?parent=1528"}],"curies":[{"name":"wp","href":"https:\/\/api.w.org\/{rel}","templated":true}]}}