{"id":1527,"date":"2023-07-14T02:55:09","date_gmt":"2023-07-14T02:55:09","guid":{"rendered":"https:\/\/chemuza.org\/pt\/holmio\/"},"modified":"2023-07-14T02:55:09","modified_gmt":"2023-07-14T02:55:09","slug":"holmio","status":"publish","type":"page","link":"https:\/\/chemuza.org\/pt\/holmio\/","title":{"rendered":"H\u00f3lmio"},"content":{"rendered":"<p>Esse composto, pertencente ao grupo denominado terras raras, est\u00e1 presente em pequenas quantidades apenas em minerais como Monazita e Gadolinita. \u00c9 amplamente utilizado na produ\u00e7\u00e3o de diversos dispositivos eletr\u00f4nicos. Al\u00e9m disso, possui propriedades qu\u00edmicas e f\u00edsicas bastante espec\u00edficas.<\/p>\n<h2> <strong>O que \u00e9 H\u00f3lmio?<\/strong><\/h2>\n<p> \u00c9 um metal\u00f3ide designado no grupo dos lantan\u00eddeos, que geralmente ocorrem na forma de \u00f3xidos. \u00c9 male\u00e1vel, macio e apresenta uma tonalidade cinza prateada. Al\u00e9m disso, n\u00e3o apresenta grande risco aos seres vivos devido \u00e0 sua baixa toxicidade.<\/p>\n<h3> <strong>S\u00edmbolo de h\u00f3lmio<\/strong><\/h3>\n<p> <span class=\"content-chemical-element\" style=\"float: left;width: 65px;height: 65px;border: 3px solid #666; display:flex;\n    justify-content: center;align-items: center;margin-right: 15px;\"><span style=\"font-size: 38px;\">Ho<\/span><\/span> Nomeado em homenagem ao derivado do nome latino Holmia, conhecido em espanhol como Estocolmo, capital onde o composto qu\u00edmico foi descoberto oficialmente em 1878.<\/p>\n<h2> <strong>Caracter\u00edsticas do h\u00f3lmio<\/strong><\/h2>\n<p> \u00c9 um elemento paramagn\u00e9tico que reage \u00e0s mudan\u00e7as de temperatura, tornando-se antiferromagn\u00e9tico e depois ferromagn\u00e9tico. Al\u00e9m disso, possui os seguintes recursos:<\/p>\n<ul>\n<li> <strong>Condi\u00e7\u00e3o:<\/strong> Na sua forma normal, \u00e9 s\u00f3lido, d\u00factil e male\u00e1vel.<\/li>\n<li> <strong>Cor:<\/strong> Aspecto de tom prateado brilhante.<\/li>\n<li> <strong>Solubilidade:<\/strong> \u00c9 sol\u00favel em \u00e1cidos.<\/li>\n<li> <strong>Toxicidade:<\/strong> N\u00e3o \u00e9 prejudicial se n\u00e3o for exposto ou manuseado em grandes quantidades e de forma consistente.<\/li>\n<li> <strong>Reatividade:<\/strong> Permanece est\u00e1vel em climas secos, pelo contr\u00e1rio, mostra-se reativo quando o tempo fica \u00famido ou as temperaturas s\u00e3o altas.<\/li>\n<li> <strong>Radioatividade:<\/strong> O h\u00f3lmio natural em si n\u00e3o \u00e9 radioativo; pelo contr\u00e1rio, alguns dos seus is\u00f3topos conhecidos o s\u00e3o.<\/li>\n<li> <strong>Estrutura:<\/strong> Cristalina, hexagonal e compacta.<\/li>\n<li> <strong>Composi\u00e7\u00e3o:<\/strong> Apresenta 67 pr\u00f3tons e el\u00e9trons.<\/li>\n<\/ul>\n<h2> <strong>Propriedades qu\u00edmicas e f\u00edsicas do H\u00f3lmio<\/strong><\/h2>\n<ol>\n<li> <strong>N\u00famero at\u00f4mico:<\/strong> 67<\/li>\n<li> <strong>Per\u00edodo:<\/strong> 6<\/li>\n<li> <strong>Bloco:<\/strong> F<\/li>\n<li> <strong>Grupo:<\/strong> Lantan\u00eddeos<\/li>\n<li> <strong>Raio covalente (\u00c5):<\/strong> 13h58<\/li>\n<li> <strong>Densidade:<\/strong> 8.800 kg\/ <sup>m3<\/sup><\/li>\n<li> <strong>Ponto de ebuli\u00e7\u00e3o:<\/strong> 2600\u00baC<\/li>\n<li> <strong>Ponto de fus\u00e3o:<\/strong> 1461\u00baC<\/li>\n<li> <strong>Raio at\u00f4mico:<\/strong> 13h76<\/li>\n<li> <strong>Raio i\u00f4nico (\u00c5):<\/strong> 0,96 pm<\/li>\n<li> <strong>Raio m\u00e9dio:<\/strong> 247h<\/li>\n<li> <strong>Eletronegatividade:<\/strong> 1,2<\/li>\n<li> <strong>Configura\u00e7\u00e3o eletr\u00f4nica:<\/strong> [Xe]4f115d06s2<\/li>\n<li> <strong>Massa at\u00f4mica (g\/mol):<\/strong> 164,930 u<\/li>\n<li> <strong>Condutividade t\u00e9rmica:<\/strong> 16,2 W\/(K m)<\/li>\n<li> <strong>Condutividade el\u00e9trica:<\/strong> 1,24 S\/m<\/li>\n<li> <strong>El\u00e9trons por camada:<\/strong> 2, 8, 18, 29, 8, 2<\/li>\n<li> <strong>Estado de oxida\u00e7\u00e3o:<\/strong> +3<\/li>\n<li> <strong>\u00d3xido:<\/strong> B\u00e1sico<\/li>\n<li> <strong>Calor espec\u00edfico:<\/strong> 160 J \/ (K kg)<\/li>\n<\/ol>\n<h2> <strong>Origem do H\u00f3lmio<\/strong><\/h2>\n<p> M. Delafontaine e JL Soret foram as duas primeiras pessoas a visualizar as bandas de absor\u00e7\u00e3o espectrogr\u00e1fica \u00fanicas deste metal. Mais tarde, ainda no ano de 1878, Per Teodor Cleve descobriu o H\u00f3lmio por acaso, na mesma \u00e9poca em que trabalhava com o \u00f3xido de \u00c9rbio.<\/p>\n<p> Na verdade, este qu\u00edmico sueco consegue isso gra\u00e7as ao m\u00e9todo inventado por Carl Mosander. Assim, obt\u00e9m 2 componentes, um dos quais \u00e9 castanho, a que chama Holmia, nome latino da capital do seu pa\u00eds. Desta forma, ele se torna a primeira pessoa a identificar de forma independente o metal\u00f3ide.<\/p>\n<h2> <strong>Para que \u00e9 utilizado o H\u00f3lmio?<\/strong><\/h2>\n<p> Tem sido usado em rea\u00e7\u00f5es qu\u00edmicas limitadas em n\u00edvel industrial. \u00c9 utilizado na fabrica\u00e7\u00e3o de l\u00e2mpadas ou l\u00e2mpadas fluorescentes, televisores e outros aparelhos eletr\u00f4nicos, sendo tamb\u00e9m eficaz no polimento de vidros. Ele \u00e9 apreciado especialmente por sua contribui\u00e7\u00e3o \u00e0 medicina, onde o laser Holmium \u00e9 utilizado. Instrumento utilizado na realiza\u00e7\u00e3o de prostatectomias, no tratamento do glaucoma e tamb\u00e9m na repara\u00e7\u00e3o de opera\u00e7\u00f5es malsucedidas desta doen\u00e7a. Al\u00e9m disso, para tratar anormalidades relacionadas \u00e0 press\u00e3o ocular.<\/p>\n<p> Apesar disso, \u00e9 um metal\u00f3ide de baixa produ\u00e7\u00e3o, pois seu uso na \u00e1rea comercial \u00e9 raro. N\u00e3o gera compostos excepcionais, por isso h\u00e1 uma demanda consider\u00e1vel. Por\u00e9m, devido \u00e0s suas interessantes propriedades magn\u00e9ticas, acredita-se que poder\u00e1 ser muito \u00fatil no futuro.<\/p>\n<h2> <strong>M\u00e9todos para obter H\u00f3lmio<\/strong><\/h2>\n<p> Por ser encontrado em pequenas quantidades, raramente \u00e9 encontrado na natureza. Na verdade, \u00e9 encontrado em 2 tipos diferentes de minerais, Gadolinita e Monacita. Para a obten\u00e7\u00e3o do metal, ele \u00e9 isolado pela redu\u00e7\u00e3o do fluoreto e do cloreto de h\u00f3lmio anidro com c\u00e1lcio. Atualmente, isso \u00e9 conseguido principalmente atrav\u00e9s de um procedimento de troca i\u00f4nica envolvendo o mineral Monazita. Desta forma, pode-se obter at\u00e9 0,05% de H\u00f3lmio.<\/p>\n<h2> <strong>Efeitos nocivos do H\u00f3lmio nos seres vivos e no meio ambiente<\/strong><\/h2>\n<p> Devido \u00e0 sua baixa toxicidade, n\u00e3o \u00e9 prejudicial \u00e0 sa\u00fade, embora a exposi\u00e7\u00e3o e o manuseio prolongados possam afetar os pulm\u00f5es e o f\u00edgado. No caso do meio ambiente, o elemento entra em contato com a natureza durante o descarte de aparelhos el\u00e9tricos. Tamb\u00e9m quando despejados diretamente pelas ind\u00fastrias petrol\u00edferas.<\/p>\n<p> Como resultado, o h\u00f3lmio se acumula e aumenta sua concentra\u00e7\u00e3o nas part\u00edculas do solo, inclusive em humanos e animais. Na verdade, os seres marinhos s\u00e3o os mais afetados, pois danifica as membranas celulares, o sistema nervoso e a pr\u00f3pria reprodu\u00e7\u00e3o.<\/p>\n<p> Concluindo, \u00e9 um elemento met\u00e1lico d\u00factil, conhecido em 1878. Desde ent\u00e3o, descobriu-se que \u00e9 \u00fatil como catalisador de rea\u00e7\u00f5es qu\u00edmicas e, para promover o campo da medicina, foi criado um laser especializado de H\u00f3lmio. .<\/p>\n","protected":false},"excerpt":{"rendered":"<p>Esse composto, pertencente ao grupo denominado terras raras, est\u00e1 presente em pequenas quantidades apenas em minerais como Monazita e Gadolinita. \u00c9 amplamente utilizado na produ\u00e7\u00e3o de diversos dispositivos eletr\u00f4nicos. Al\u00e9m disso, possui propriedades qu\u00edmicas e f\u00edsicas bastante espec\u00edficas. O que \u00e9 H\u00f3lmio? \u00c9 um metal\u00f3ide designado no grupo dos lantan\u00eddeos, que geralmente ocorrem na forma &#8230; <a title=\"H\u00f3lmio\" class=\"read-more\" href=\"https:\/\/chemuza.org\/pt\/holmio\/\" aria-label=\"Mais em H\u00f3lmio\">Ler mais<\/a><\/p>\n","protected":false},"author":1,"featured_media":0,"parent":0,"menu_order":0,"comment_status":"closed","ping_status":"closed","template":"","meta":{"footnotes":""},"class_list":["post-1527","page","type-page","status-publish"],"yoast_head":"<!-- This site is optimized with the Yoast SEO plugin v21.4 - https:\/\/yoast.com\/wordpress\/plugins\/seo\/ -->\n<title>H\u00f3lmio - Chemuza<\/title>\n<meta name=\"robots\" content=\"index, follow, max-snippet:-1, max-image-preview:large, max-video-preview:-1\" \/>\n<link rel=\"canonical\" href=\"https:\/\/chemuza.org\/pt\/holmio\/\" \/>\n<meta property=\"og:locale\" content=\"pt_PT\" \/>\n<meta property=\"og:type\" content=\"article\" \/>\n<meta property=\"og:title\" content=\"H\u00f3lmio - Chemuza\" \/>\n<meta property=\"og:description\" content=\"Esse composto, pertencente ao grupo denominado terras raras, est\u00e1 presente em pequenas quantidades apenas em minerais como Monazita e Gadolinita. \u00c9 amplamente utilizado na produ\u00e7\u00e3o de diversos dispositivos eletr\u00f4nicos. Al\u00e9m disso, possui propriedades qu\u00edmicas e f\u00edsicas bastante espec\u00edficas. O que \u00e9 H\u00f3lmio? \u00c9 um metal\u00f3ide designado no grupo dos lantan\u00eddeos, que geralmente ocorrem na forma ... Ler mais\" \/>\n<meta property=\"og:url\" content=\"https:\/\/chemuza.org\/pt\/holmio\/\" \/>\n<meta property=\"og:site_name\" content=\"Statorials\" \/>\n<meta name=\"twitter:card\" content=\"summary_large_image\" \/>\n<meta name=\"twitter:label1\" content=\"Tempo estimado de leitura\" \/>\n\t<meta name=\"twitter:data1\" content=\"4 minutos\" \/>\n<script type=\"application\/ld+json\" class=\"yoast-schema-graph\">{\"@context\":\"https:\/\/schema.org\",\"@graph\":[{\"@type\":\"WebPage\",\"@id\":\"https:\/\/chemuza.org\/pt\/holmio\/\",\"url\":\"https:\/\/chemuza.org\/pt\/holmio\/\",\"name\":\"H\u00f3lmio - Chemuza\",\"isPartOf\":{\"@id\":\"https:\/\/chemuza.org\/pt\/#website\"},\"datePublished\":\"2023-07-14T02:55:09+00:00\",\"dateModified\":\"2023-07-14T02:55:09+00:00\",\"breadcrumb\":{\"@id\":\"https:\/\/chemuza.org\/pt\/holmio\/#breadcrumb\"},\"inLanguage\":\"pt-PT\",\"potentialAction\":[{\"@type\":\"ReadAction\",\"target\":[\"https:\/\/chemuza.org\/pt\/holmio\/\"]}]},{\"@type\":\"BreadcrumbList\",\"@id\":\"https:\/\/chemuza.org\/pt\/holmio\/#breadcrumb\",\"itemListElement\":[{\"@type\":\"ListItem\",\"position\":1,\"name\":\"Lar\",\"item\":\"https:\/\/chemuza.org\/pt\/\"},{\"@type\":\"ListItem\",\"position\":2,\"name\":\"H\u00f3lmio\"}]},{\"@type\":\"WebSite\",\"@id\":\"https:\/\/chemuza.org\/pt\/#website\",\"url\":\"https:\/\/chemuza.org\/pt\/\",\"name\":\"Chemuza\",\"description\":\"Sua porta de entrada para a descoberta qu\u00edmica!\",\"publisher\":{\"@id\":\"https:\/\/chemuza.org\/pt\/#organization\"},\"potentialAction\":[{\"@type\":\"SearchAction\",\"target\":{\"@type\":\"EntryPoint\",\"urlTemplate\":\"https:\/\/chemuza.org\/pt\/?s={search_term_string}\"},\"query-input\":\"required name=search_term_string\"}],\"inLanguage\":\"pt-PT\"},{\"@type\":\"Organization\",\"@id\":\"https:\/\/chemuza.org\/pt\/#organization\",\"name\":\"Chemuza\",\"url\":\"https:\/\/chemuza.org\/pt\/\",\"logo\":{\"@type\":\"ImageObject\",\"inLanguage\":\"pt-PT\",\"@id\":\"https:\/\/chemuza.org\/pt\/#\/schema\/logo\/image\/\",\"url\":\"https:\/\/chemuza.org\/pt\/wp-content\/uploads\/2023\/10\/chemuza-logo.png\",\"contentUrl\":\"https:\/\/chemuza.org\/pt\/wp-content\/uploads\/2023\/10\/chemuza-logo.png\",\"width\":387,\"height\":70,\"caption\":\"Chemuza\"},\"image\":{\"@id\":\"https:\/\/chemuza.org\/pt\/#\/schema\/logo\/image\/\"}}]}<\/script>\n<!-- \/ Yoast SEO plugin. -->","yoast_head_json":{"title":"H\u00f3lmio - Chemuza","robots":{"index":"index","follow":"follow","max-snippet":"max-snippet:-1","max-image-preview":"max-image-preview:large","max-video-preview":"max-video-preview:-1"},"canonical":"https:\/\/chemuza.org\/pt\/holmio\/","og_locale":"pt_PT","og_type":"article","og_title":"H\u00f3lmio - Chemuza","og_description":"Esse composto, pertencente ao grupo denominado terras raras, est\u00e1 presente em pequenas quantidades apenas em minerais como Monazita e Gadolinita. \u00c9 amplamente utilizado na produ\u00e7\u00e3o de diversos dispositivos eletr\u00f4nicos. Al\u00e9m disso, possui propriedades qu\u00edmicas e f\u00edsicas bastante espec\u00edficas. O que \u00e9 H\u00f3lmio? \u00c9 um metal\u00f3ide designado no grupo dos lantan\u00eddeos, que geralmente ocorrem na forma ... Ler mais","og_url":"https:\/\/chemuza.org\/pt\/holmio\/","og_site_name":"Statorials","twitter_card":"summary_large_image","twitter_misc":{"Tempo estimado de leitura":"4 minutos"},"schema":{"@context":"https:\/\/schema.org","@graph":[{"@type":"WebPage","@id":"https:\/\/chemuza.org\/pt\/holmio\/","url":"https:\/\/chemuza.org\/pt\/holmio\/","name":"H\u00f3lmio - Chemuza","isPartOf":{"@id":"https:\/\/chemuza.org\/pt\/#website"},"datePublished":"2023-07-14T02:55:09+00:00","dateModified":"2023-07-14T02:55:09+00:00","breadcrumb":{"@id":"https:\/\/chemuza.org\/pt\/holmio\/#breadcrumb"},"inLanguage":"pt-PT","potentialAction":[{"@type":"ReadAction","target":["https:\/\/chemuza.org\/pt\/holmio\/"]}]},{"@type":"BreadcrumbList","@id":"https:\/\/chemuza.org\/pt\/holmio\/#breadcrumb","itemListElement":[{"@type":"ListItem","position":1,"name":"Lar","item":"https:\/\/chemuza.org\/pt\/"},{"@type":"ListItem","position":2,"name":"H\u00f3lmio"}]},{"@type":"WebSite","@id":"https:\/\/chemuza.org\/pt\/#website","url":"https:\/\/chemuza.org\/pt\/","name":"Chemuza","description":"Sua porta de entrada para a descoberta qu\u00edmica!","publisher":{"@id":"https:\/\/chemuza.org\/pt\/#organization"},"potentialAction":[{"@type":"SearchAction","target":{"@type":"EntryPoint","urlTemplate":"https:\/\/chemuza.org\/pt\/?s={search_term_string}"},"query-input":"required name=search_term_string"}],"inLanguage":"pt-PT"},{"@type":"Organization","@id":"https:\/\/chemuza.org\/pt\/#organization","name":"Chemuza","url":"https:\/\/chemuza.org\/pt\/","logo":{"@type":"ImageObject","inLanguage":"pt-PT","@id":"https:\/\/chemuza.org\/pt\/#\/schema\/logo\/image\/","url":"https:\/\/chemuza.org\/pt\/wp-content\/uploads\/2023\/10\/chemuza-logo.png","contentUrl":"https:\/\/chemuza.org\/pt\/wp-content\/uploads\/2023\/10\/chemuza-logo.png","width":387,"height":70,"caption":"Chemuza"},"image":{"@id":"https:\/\/chemuza.org\/pt\/#\/schema\/logo\/image\/"}}]}},"yoast_meta":{"yoast_wpseo_title":"","yoast_wpseo_metadesc":"","yoast_wpseo_canonical":""},"_links":{"self":[{"href":"https:\/\/chemuza.org\/pt\/wp-json\/wp\/v2\/pages\/1527","targetHints":{"allow":["GET"]}}],"collection":[{"href":"https:\/\/chemuza.org\/pt\/wp-json\/wp\/v2\/pages"}],"about":[{"href":"https:\/\/chemuza.org\/pt\/wp-json\/wp\/v2\/types\/page"}],"author":[{"embeddable":true,"href":"https:\/\/chemuza.org\/pt\/wp-json\/wp\/v2\/users\/1"}],"replies":[{"embeddable":true,"href":"https:\/\/chemuza.org\/pt\/wp-json\/wp\/v2\/comments?post=1527"}],"version-history":[{"count":0,"href":"https:\/\/chemuza.org\/pt\/wp-json\/wp\/v2\/pages\/1527\/revisions"}],"wp:attachment":[{"href":"https:\/\/chemuza.org\/pt\/wp-json\/wp\/v2\/media?parent=1527"}],"curies":[{"name":"wp","href":"https:\/\/api.w.org\/{rel}","templated":true}]}}