{"id":1525,"date":"2023-07-14T03:55:03","date_gmt":"2023-07-14T03:55:03","guid":{"rendered":"https:\/\/chemuza.org\/pt\/hafnio\/"},"modified":"2023-07-14T03:55:03","modified_gmt":"2023-07-14T03:55:03","slug":"hafnio","status":"publish","type":"page","link":"https:\/\/chemuza.org\/pt\/hafnio\/","title":{"rendered":"H\u00e1fnio"},"content":{"rendered":"<p>\u00c9 considerado um dos poucos elementos met\u00e1licos existentes no mundo, possui composi\u00e7\u00e3o muito semelhante ao zirc\u00f4nio. Na verdade, sua extra\u00e7\u00e3o \u00e9 feita com ele, pois est\u00e1 presente em seus minerais e derivados. Abaixo, conhe\u00e7a brevemente as propriedades, caracter\u00edsticas e utiliza\u00e7\u00f5es do H\u00e1fnio.<\/p>\n<h2> <strong>O que \u00e9 h\u00e1fnio?<\/strong><\/h2>\n<p> \u00c9 um metal que possui abund\u00e2ncia terrena de 5,3 ppm, \u00e9 obtido pela redu\u00e7\u00e3o do tetrahalogeneto com magn\u00e9sio, esse processo \u00e9 realizado com certas medidas, pois pode ser misturado com outros gases. Possui aspecto prateado e brilhante, geralmente fundido em torno de 2.222\u00b0C, geralmente utilizado para fabrica\u00e7\u00e3o de reatores nucleares.<\/p>\n<h3> <strong>S\u00edmbolo de h\u00e1fnio<\/strong><\/h3>\n<p> <span class=\"content-chemical-element\" style=\"float: left;width: 65px;height: 65px;border: 3px solid #666; display:flex;\n    justify-content: center;align-items: center;margin-right: 15px;\"><span style=\"font-size: 38px;\">Hf<\/span><\/span> Possui n\u00famero at\u00f4mico 72 na tabela e peso at\u00f4mico de 178,49. O seu nome vem do latim <em>Hafnia<\/em> , que significa Copenhague, cidade onde ocorreu a sua descoberta, pelo qu\u00edmico D. Coster em colabora\u00e7\u00e3o com J. Hevesy. Desde ent\u00e3o, sabemos que o Zirc\u00f3nio est\u00e1 intimamente relacionado com o H\u00e1fnio.<\/p>\n<h2> <strong>Caracter\u00edsticas do h\u00e1fnio<\/strong><\/h2>\n<p> Entre as caracter\u00edsticas mais not\u00e1veis deste composto est\u00e1 o conte\u00fado de part\u00edculas explosivas que podem causar inc\u00eandios. Al\u00e9m disso, outros pontos que o identificam s\u00e3o:<\/p>\n<ul>\n<li> <strong>Condi\u00e7\u00e3o<\/strong> : Pertence \u00e0 textura s\u00f3lida e pulverulenta.<\/li>\n<li> <strong>Cor<\/strong> : \u00c9 um cinza prateado brilhante.<\/li>\n<li> <strong>Sabor e odor<\/strong> : Carece de sabor e n\u00e3o possui odor espec\u00edfico.<\/li>\n<li> <strong>Solubilidade<\/strong> : N\u00e3o sol\u00favel em \u00e1gua, produtos qu\u00edmicos corporais ou solu\u00e7\u00f5es salinas.<\/li>\n<li> <strong>Toxicidade<\/strong> : N\u00e3o possui n\u00edvel de toxicidade conhecido.<\/li>\n<li> <strong>Reatividade<\/strong> : Existe possibilidade de rea\u00e7\u00e3o com boro, oxig\u00eanio, enxofre, sil\u00edcio, nitrog\u00eanio e carbono, desde que em temperaturas elevadas.<\/li>\n<li> <strong>Estrutura<\/strong> : \u00c9 transparente, semelhante a um diamante.<\/li>\n<li> <strong>Composi\u00e7\u00e3o<\/strong> : 72 el\u00e9trons e o mesmo n\u00famero de pr\u00f3tons.<\/li>\n<\/ul>\n<h2> <strong>Propriedades qu\u00edmicas e f\u00edsicas do H\u00e1fnio<\/strong><\/h2>\n<ol>\n<li> <strong>N\u00famero at\u00f4mico<\/strong> : 72<\/li>\n<li> <strong>Per\u00edodo<\/strong> : 6<\/li>\n<li> <strong>Bloquear<\/strong> \ud83d\ude00<\/li>\n<li> <strong>Grupo<\/strong> : 4<\/li>\n<li> <strong>Densidade<\/strong> : 13,1 kg\/m\u00b3<\/li>\n<li> <strong>Ponto de ebuli\u00e7\u00e3o<\/strong> : 5400\u00b0C<\/li>\n<li> <strong>Ponto de fus\u00e3o<\/strong> : 2222\u00b0C<\/li>\n<li> <strong>Raio at\u00f4mico<\/strong> : 125h<\/li>\n<li> <strong>Raio m\u00e9dio<\/strong> : 155h<\/li>\n<li> <strong>Raio i\u00f4nico (\u00c5)<\/strong> : 0,81<\/li>\n<li> <strong>Eletronegatividade<\/strong> : 1,3<\/li>\n<li> <strong>Estado de oxida\u00e7\u00e3o<\/strong> : +4<\/li>\n<li> <strong>\u00d3xido<\/strong> : Anfot\u00e9rico<\/li>\n<li> <strong>Calor espec\u00edfico<\/strong> : 24,06 kJ\/mol<\/li>\n<li> <strong>Raio covalente (\u00c5)<\/strong> : 13h50<\/li>\n<li> <strong>Configura\u00e7\u00e3o eletr\u00f4nica<\/strong> : [Xe]4f <sup>14<\/sup> 5d <sup>2<\/sup> 6s <sup>2<\/sup><\/li>\n<li> <strong>Massa at\u00f4mica (g\/mol)<\/strong> : 178,49 u<\/li>\n<li> <strong>El\u00e9trons por camada<\/strong> : 2, 8, 18, 32, 12, 2<\/li>\n<li> <strong>Estrutura cristalina<\/strong> : Hexagonal<\/li>\n<li> <strong>Primeiro potencial de ioniza\u00e7\u00e3o eV<\/strong> : 5,54 kJ\/mol<\/li>\n<li> <strong>Condutividade t\u00e9rmica<\/strong> : 23 W\/(m\u00b7K)<\/li>\n<li> <strong>Condutividade el\u00e9trica<\/strong> : 3,12 \u00d7 106 m-1 \u03a9-1<\/li>\n<\/ol>\n<h2> <strong>Origem do H\u00e1fnio<\/strong><\/h2>\n<p> Foi descoberto em 1923 pelo pesquisador qu\u00edmico h\u00fangaro Dirk Coster, juntamente com George Von de Hevesey, na cidade de Copenhague, na Dinamarca. Ao lado deles estava um conhecido profissional noruegu\u00eas, que ajudou a investigar a complexa separa\u00e7\u00e3o entre h\u00e1fnio e zirc\u00f4nio. Este elemento \u00e9 encontrado na Am\u00e9rica do Sul e na Austr\u00e1lia. Existem reservas de at\u00e9 um milh\u00e3o de toneladas.<\/p>\n<p> Foi inicialmente utilizado para cortar a\u00e7o espesso e seu uso se expandiu para a cria\u00e7\u00e3o de estruturas met\u00e1licas e constru\u00e7\u00f5es. Atualmente, este procedimento \u00e9 realizado utilizando um cortador de plasma incluindo eletrodos de h\u00e1fnio.<\/p>\n<h2> <strong>Para que \u00e9 usado o H\u00e1fnio?<\/strong><\/h2>\n<p> \u00c9 um elemento raro e seus usos s\u00e3o muito espec\u00edficos, para fus\u00f5es com tungst\u00eanio em eletrodos e filamentos. Da mesma forma, \u00e9 utilizado para o desenvolvimento de hastes de controle para reatores nucleares. Seu uso nuclear se deve \u00e0 sua capacidade de absor\u00e7\u00e3o de n\u00eautrons e \u00e0 sua resist\u00eancia \u00e0 corros\u00e3o. Da mesma forma, \u00e9 usado por empresas como Intel e IBM para fabricar transistores para processadores.<\/p>\n<p> Tamb\u00e9m \u00e9 utilizado para a produ\u00e7\u00e3o de submarinos nucleares e l\u00e2mpadas a g\u00e1s. Elimine a presen\u00e7a de nitrog\u00eanio e oxig\u00eanio em dutos e ligamentos vazios com ferro, ni\u00f3bio, tit\u00e2nio, entre outros minerais met\u00e1licos.<\/p>\n<h2> <strong>Como o h\u00e1fnio \u00e9 obtido?<\/strong><\/h2>\n<p> \u00c9 sempre encontrado com Zirc\u00f4nio, indicando que n\u00e3o existe de forma independente dentro do sistema. O h\u00e1fnio est\u00e1 imerso entre os elementos Zirc\u00e3o e seus derivados na propor\u00e7\u00e3o de 1% a 5%. O processo de separa\u00e7\u00e3o apresenta grandes dificuldades porque ambos cont\u00eam caracter\u00edsticas qu\u00edmicas quase id\u00eanticas. Para obter este metal\u00f3ide deve ser realizado um processo de purifica\u00e7\u00e3o do Zirc\u00f4nio, por redu\u00e7\u00e3o do tetracloreto de H\u00e1fnio, utilizando S\u00f3dio ou Magn\u00e9sio.<\/p>\n<h2> <strong>Cuidado no uso de H\u00e1fnio<\/strong><\/h2>\n<p> Sempre que esse elemento for manuseado, \u00e9 fundamental ter cautela, pois ap\u00f3s passar por um processo de separa\u00e7\u00e3o de outros compostos, torna-se pirof\u00f3rico, indicando a possibilidade de combust\u00e3o espont\u00e2nea. No entanto, se o H\u00e1fnio n\u00e3o for utilizado com as medidas adequadas, pode causar ligeira irrita\u00e7\u00e3o nas mucosas, olhos e pele. Por\u00e9m, at\u00e9 o momento, nenhuma consequ\u00eancia cr\u00f4nica foi detectada no organismo devido \u00e0 sua exposi\u00e7\u00e3o.<\/p>\n<p> Concluindo, a utiliza\u00e7\u00e3o deste metal\u00f3ide \u00e9 essencial para a fabrica\u00e7\u00e3o de muitos elementos nucleares, devido \u00e0 filtra\u00e7\u00e3o de pr\u00f3tons e aos usos mec\u00e2nicos que o H\u00e1fnio possui, ideal para o desenvolvimento de diversos projetos.<\/p>\n","protected":false},"excerpt":{"rendered":"<p>\u00c9 considerado um dos poucos elementos met\u00e1licos existentes no mundo, possui composi\u00e7\u00e3o muito semelhante ao zirc\u00f4nio. Na verdade, sua extra\u00e7\u00e3o \u00e9 feita com ele, pois est\u00e1 presente em seus minerais e derivados. Abaixo, conhe\u00e7a brevemente as propriedades, caracter\u00edsticas e utiliza\u00e7\u00f5es do H\u00e1fnio. O que \u00e9 h\u00e1fnio? \u00c9 um metal que possui abund\u00e2ncia terrena de 5,3 &#8230; <a title=\"H\u00e1fnio\" class=\"read-more\" href=\"https:\/\/chemuza.org\/pt\/hafnio\/\" aria-label=\"Mais em H\u00e1fnio\">Ler mais<\/a><\/p>\n","protected":false},"author":1,"featured_media":0,"parent":0,"menu_order":0,"comment_status":"closed","ping_status":"closed","template":"","meta":{"footnotes":""},"class_list":["post-1525","page","type-page","status-publish"],"yoast_head":"<!-- This site is optimized with the Yoast SEO plugin v21.4 - https:\/\/yoast.com\/wordpress\/plugins\/seo\/ -->\n<title>H\u00e1fnio - Chemuza<\/title>\n<meta name=\"robots\" content=\"index, follow, max-snippet:-1, max-image-preview:large, max-video-preview:-1\" \/>\n<link rel=\"canonical\" href=\"https:\/\/chemuza.org\/pt\/hafnio\/\" \/>\n<meta property=\"og:locale\" content=\"pt_PT\" \/>\n<meta property=\"og:type\" content=\"article\" \/>\n<meta property=\"og:title\" content=\"H\u00e1fnio - Chemuza\" \/>\n<meta property=\"og:description\" content=\"\u00c9 considerado um dos poucos elementos met\u00e1licos existentes no mundo, possui composi\u00e7\u00e3o muito semelhante ao zirc\u00f4nio. Na verdade, sua extra\u00e7\u00e3o \u00e9 feita com ele, pois est\u00e1 presente em seus minerais e derivados. Abaixo, conhe\u00e7a brevemente as propriedades, caracter\u00edsticas e utiliza\u00e7\u00f5es do H\u00e1fnio. O que \u00e9 h\u00e1fnio? \u00c9 um metal que possui abund\u00e2ncia terrena de 5,3 ... Ler mais\" \/>\n<meta property=\"og:url\" content=\"https:\/\/chemuza.org\/pt\/hafnio\/\" \/>\n<meta property=\"og:site_name\" content=\"Statorials\" \/>\n<meta name=\"twitter:card\" content=\"summary_large_image\" \/>\n<meta name=\"twitter:label1\" content=\"Tempo estimado de leitura\" \/>\n\t<meta name=\"twitter:data1\" content=\"4 minutos\" \/>\n<script type=\"application\/ld+json\" class=\"yoast-schema-graph\">{\"@context\":\"https:\/\/schema.org\",\"@graph\":[{\"@type\":\"WebPage\",\"@id\":\"https:\/\/chemuza.org\/pt\/hafnio\/\",\"url\":\"https:\/\/chemuza.org\/pt\/hafnio\/\",\"name\":\"H\u00e1fnio - Chemuza\",\"isPartOf\":{\"@id\":\"https:\/\/chemuza.org\/pt\/#website\"},\"datePublished\":\"2023-07-14T03:55:03+00:00\",\"dateModified\":\"2023-07-14T03:55:03+00:00\",\"breadcrumb\":{\"@id\":\"https:\/\/chemuza.org\/pt\/hafnio\/#breadcrumb\"},\"inLanguage\":\"pt-PT\",\"potentialAction\":[{\"@type\":\"ReadAction\",\"target\":[\"https:\/\/chemuza.org\/pt\/hafnio\/\"]}]},{\"@type\":\"BreadcrumbList\",\"@id\":\"https:\/\/chemuza.org\/pt\/hafnio\/#breadcrumb\",\"itemListElement\":[{\"@type\":\"ListItem\",\"position\":1,\"name\":\"Lar\",\"item\":\"https:\/\/chemuza.org\/pt\/\"},{\"@type\":\"ListItem\",\"position\":2,\"name\":\"H\u00e1fnio\"}]},{\"@type\":\"WebSite\",\"@id\":\"https:\/\/chemuza.org\/pt\/#website\",\"url\":\"https:\/\/chemuza.org\/pt\/\",\"name\":\"Chemuza\",\"description\":\"Sua porta de entrada para a descoberta qu\u00edmica!\",\"publisher\":{\"@id\":\"https:\/\/chemuza.org\/pt\/#organization\"},\"potentialAction\":[{\"@type\":\"SearchAction\",\"target\":{\"@type\":\"EntryPoint\",\"urlTemplate\":\"https:\/\/chemuza.org\/pt\/?s={search_term_string}\"},\"query-input\":\"required name=search_term_string\"}],\"inLanguage\":\"pt-PT\"},{\"@type\":\"Organization\",\"@id\":\"https:\/\/chemuza.org\/pt\/#organization\",\"name\":\"Chemuza\",\"url\":\"https:\/\/chemuza.org\/pt\/\",\"logo\":{\"@type\":\"ImageObject\",\"inLanguage\":\"pt-PT\",\"@id\":\"https:\/\/chemuza.org\/pt\/#\/schema\/logo\/image\/\",\"url\":\"https:\/\/chemuza.org\/pt\/wp-content\/uploads\/2023\/10\/chemuza-logo.png\",\"contentUrl\":\"https:\/\/chemuza.org\/pt\/wp-content\/uploads\/2023\/10\/chemuza-logo.png\",\"width\":387,\"height\":70,\"caption\":\"Chemuza\"},\"image\":{\"@id\":\"https:\/\/chemuza.org\/pt\/#\/schema\/logo\/image\/\"}}]}<\/script>\n<!-- \/ Yoast SEO plugin. -->","yoast_head_json":{"title":"H\u00e1fnio - Chemuza","robots":{"index":"index","follow":"follow","max-snippet":"max-snippet:-1","max-image-preview":"max-image-preview:large","max-video-preview":"max-video-preview:-1"},"canonical":"https:\/\/chemuza.org\/pt\/hafnio\/","og_locale":"pt_PT","og_type":"article","og_title":"H\u00e1fnio - Chemuza","og_description":"\u00c9 considerado um dos poucos elementos met\u00e1licos existentes no mundo, possui composi\u00e7\u00e3o muito semelhante ao zirc\u00f4nio. Na verdade, sua extra\u00e7\u00e3o \u00e9 feita com ele, pois est\u00e1 presente em seus minerais e derivados. Abaixo, conhe\u00e7a brevemente as propriedades, caracter\u00edsticas e utiliza\u00e7\u00f5es do H\u00e1fnio. O que \u00e9 h\u00e1fnio? \u00c9 um metal que possui abund\u00e2ncia terrena de 5,3 ... Ler mais","og_url":"https:\/\/chemuza.org\/pt\/hafnio\/","og_site_name":"Statorials","twitter_card":"summary_large_image","twitter_misc":{"Tempo estimado de leitura":"4 minutos"},"schema":{"@context":"https:\/\/schema.org","@graph":[{"@type":"WebPage","@id":"https:\/\/chemuza.org\/pt\/hafnio\/","url":"https:\/\/chemuza.org\/pt\/hafnio\/","name":"H\u00e1fnio - Chemuza","isPartOf":{"@id":"https:\/\/chemuza.org\/pt\/#website"},"datePublished":"2023-07-14T03:55:03+00:00","dateModified":"2023-07-14T03:55:03+00:00","breadcrumb":{"@id":"https:\/\/chemuza.org\/pt\/hafnio\/#breadcrumb"},"inLanguage":"pt-PT","potentialAction":[{"@type":"ReadAction","target":["https:\/\/chemuza.org\/pt\/hafnio\/"]}]},{"@type":"BreadcrumbList","@id":"https:\/\/chemuza.org\/pt\/hafnio\/#breadcrumb","itemListElement":[{"@type":"ListItem","position":1,"name":"Lar","item":"https:\/\/chemuza.org\/pt\/"},{"@type":"ListItem","position":2,"name":"H\u00e1fnio"}]},{"@type":"WebSite","@id":"https:\/\/chemuza.org\/pt\/#website","url":"https:\/\/chemuza.org\/pt\/","name":"Chemuza","description":"Sua porta de entrada para a descoberta qu\u00edmica!","publisher":{"@id":"https:\/\/chemuza.org\/pt\/#organization"},"potentialAction":[{"@type":"SearchAction","target":{"@type":"EntryPoint","urlTemplate":"https:\/\/chemuza.org\/pt\/?s={search_term_string}"},"query-input":"required name=search_term_string"}],"inLanguage":"pt-PT"},{"@type":"Organization","@id":"https:\/\/chemuza.org\/pt\/#organization","name":"Chemuza","url":"https:\/\/chemuza.org\/pt\/","logo":{"@type":"ImageObject","inLanguage":"pt-PT","@id":"https:\/\/chemuza.org\/pt\/#\/schema\/logo\/image\/","url":"https:\/\/chemuza.org\/pt\/wp-content\/uploads\/2023\/10\/chemuza-logo.png","contentUrl":"https:\/\/chemuza.org\/pt\/wp-content\/uploads\/2023\/10\/chemuza-logo.png","width":387,"height":70,"caption":"Chemuza"},"image":{"@id":"https:\/\/chemuza.org\/pt\/#\/schema\/logo\/image\/"}}]}},"yoast_meta":{"yoast_wpseo_title":"","yoast_wpseo_metadesc":"","yoast_wpseo_canonical":""},"_links":{"self":[{"href":"https:\/\/chemuza.org\/pt\/wp-json\/wp\/v2\/pages\/1525","targetHints":{"allow":["GET"]}}],"collection":[{"href":"https:\/\/chemuza.org\/pt\/wp-json\/wp\/v2\/pages"}],"about":[{"href":"https:\/\/chemuza.org\/pt\/wp-json\/wp\/v2\/types\/page"}],"author":[{"embeddable":true,"href":"https:\/\/chemuza.org\/pt\/wp-json\/wp\/v2\/users\/1"}],"replies":[{"embeddable":true,"href":"https:\/\/chemuza.org\/pt\/wp-json\/wp\/v2\/comments?post=1525"}],"version-history":[{"count":0,"href":"https:\/\/chemuza.org\/pt\/wp-json\/wp\/v2\/pages\/1525\/revisions"}],"wp:attachment":[{"href":"https:\/\/chemuza.org\/pt\/wp-json\/wp\/v2\/media?parent=1525"}],"curies":[{"name":"wp","href":"https:\/\/api.w.org\/{rel}","templated":true}]}}