{"id":1524,"date":"2023-07-14T04:06:18","date_gmt":"2023-07-14T04:06:18","guid":{"rendered":"https:\/\/chemuza.org\/pt\/iterbio\/"},"modified":"2023-07-14T04:06:18","modified_gmt":"2023-07-14T04:06:18","slug":"iterbio","status":"publish","type":"page","link":"https:\/\/chemuza.org\/pt\/iterbio\/","title":{"rendered":"It\u00e9rbio"},"content":{"rendered":"<p>\u00c9 encontrada na Ilha dos Elementos, assim apelidada, j\u00e1 que em suas terras foram encontrados 7 compostos qu\u00edmicos, entre eles o It\u00e9rbio. Este metal macio desgasta-se na presen\u00e7a de \u00e1gua ou ar e \u00e9 semelhante \u00e0s s\u00e9ries Estr\u00f4ncio e C\u00e1lcio. Abaixo, descubra o que \u00e9, sua origem, o valor dos im\u00f3veis que o comp\u00f5em e muito mais.<\/p>\n<h2> <strong>O que \u00e9 it\u00e9rbio?<\/strong><\/h2>\n<p> \u00c9 um elemento met\u00e1lico que no seu estado natural \u00e9 constitu\u00eddo por uma combina\u00e7\u00e3o de 7 is\u00f3topos est\u00e1veis dispon\u00edveis na natureza. Apresenta cor prateada, \u00e9 macio, d\u00factil e corresponde \u00e0 categoria dos lantan\u00eddeos.<\/p>\n<h3> <strong>S\u00edmbolo de it\u00e9rbio<\/strong><\/h3>\n<p> <span class=\"content-chemical-element\" style=\"float: left;width: 65px;height: 65px;border: 3px solid #666; display:flex;\n    justify-content: center;align-items: center;margin-right: 15px;\"><span style=\"font-size: 38px;\">Yb<\/span><\/span> Ytterbium deve o seu nome \u00e0 cidade sueca chamada Ytterby. Porque foi na Su\u00e9cia que o famoso qu\u00edmico Jean de Marignac descobriu este metal\u00f3ide. No entanto, foi posteriormente revelado que em vez de um metal, as amostras analisadas continham dois compostos. Assim, para obter o elemento puro, uma nova prepara\u00e7\u00e3o foi desenhada cerca de 70 anos depois.<\/p>\n<h2> <strong>Caracter\u00edsticas do it\u00e9rbio<\/strong><\/h2>\n<p> O metal\u00f3ide possui 3 al\u00f3tropos chamados alfa, gama e beta. Este \u00faltimo existe \u00e0 temperatura ambiente, mas quando submetido a calor intenso torna-se um semicondutor. Os outros aspectos que o comp\u00f5em s\u00e3o:<\/p>\n<ul>\n<li> <strong>Condi\u00e7\u00e3o:<\/strong> \u00c9 um s\u00f3lido macio e male\u00e1vel.<\/li>\n<li> <strong>Cor:<\/strong> Cinza e prata, pois possui \u00e1reas opacas e brilhantes. <strong>&nbsp;<\/strong><\/li>\n<li> <strong>Solubilidade:<\/strong> Os sais divalentes que gera s\u00e3o sol\u00faveis em \u00e1gua. Da mesma forma, seu \u00f3xido mais comum, Yb <sub>2<\/sub> O <sub>3<\/sub> , dissolve-se facilmente com \u00e1cidos minerais.<\/li>\n<li> <strong>Toxicidade:<\/strong> Seus compostos assumem n\u00edvel t\u00f3xico baixo a moderado. \u00c9 por esta raz\u00e3o que \u00e9 manuseado e armazenado com o maior cuidado.<\/li>\n<li> <strong>Reatividade:<\/strong> Reage gradualmente com a \u00e1gua e oxida ou corr\u00f3i na presen\u00e7a de ar.<\/li>\n<li> <strong>Radioatividade:<\/strong> At\u00e9 agora, apenas 7 is\u00f3topos est\u00e1veis e 27 radioativos s\u00e3o conhecidos.<\/li>\n<li> <strong>Estrutura:<\/strong> C\u00fabica centralizada nas faces.<\/li>\n<li> <strong>Composi\u00e7\u00e3o:<\/strong> \u00c9 composto por 70 el\u00e9trons e o mesmo n\u00famero de pr\u00f3tons.<\/li>\n<\/ul>\n<h2> <strong>Propriedades qu\u00edmicas e f\u00edsicas do it\u00e9rbio<\/strong><\/h2>\n<ol>\n<li> <strong>N\u00famero at\u00f4mico<\/strong> : 70<\/li>\n<li> <strong>Per\u00edodo<\/strong> : 6<\/li>\n<li> <strong>Bloco<\/strong> : F<\/li>\n<li> <strong>Grupo<\/strong> : 3<\/li>\n<li> <strong>Densidade:<\/strong> 6965 kg\/m\u00b3<\/li>\n<li> <strong>Ponto de ebuli\u00e7\u00e3o:<\/strong> 1467K<\/li>\n<li> <strong>Ponto de fus\u00e3o:<\/strong> 1097K<\/li>\n<li> <strong>Raio at\u00f4mico:<\/strong> 1,92<strong> <\/strong>tarde<\/li>\n<li> <strong>Raio m\u00e9dio:<\/strong> 175h<\/li>\n<li> <strong>Ferrugem:<\/strong> B\u00e1sico<\/li>\n<li> <strong>Eletronegatividade:<\/strong> 1,1<\/li>\n<li> <strong>Estado de oxida\u00e7\u00e3o:<\/strong> +2, +3<\/li>\n<li> <strong>Configura\u00e7\u00e3o eletr\u00f4nica:<\/strong> [Xe] 4f <sup>14<\/sup> 6s <sup>2<\/sup><\/li>\n<li> <strong>Massa at\u00f4mica (g\/mol):<\/strong> 173,04 u<\/li>\n<li> <strong>Primeiro potencial de ioniza\u00e7\u00e3o eV:<\/strong> 6,24<\/li>\n<li> <strong>Calor espec\u00edfico:<\/strong> 146,30 J\/kg\u00ba K<\/li>\n<li> <strong>El\u00e9trons por camada:<\/strong> 2, 8, 18, 32, 8, 2<\/li>\n<li> <strong>Condutividade t\u00e9rmica:<\/strong> 34,90 J\/m s\u00ba C<\/li>\n<li> <strong>Condutividade el\u00e9trica:<\/strong> 35,7 (mOhm.cm)-1<\/li>\n<li> <strong>Raio covalente (\u00c5):<\/strong> 13h74<\/li>\n<\/ol>\n<h2> <strong>Origem do It\u00e9rbio<\/strong><\/h2>\n<p> A descoberta do it\u00e9rbio foi o resultado de um esfor\u00e7o colaborativo que durou d\u00e9cadas. O primeiro respons\u00e1vel \u00e9 Carl Gustaf Mosander, que revelou a exist\u00eancia do elemento \u00c9rbio. Foi portanto com base nesta descoberta que Jean de Marignac decidiu investigar este metal da Su\u00e9cia, porque pensou que poderia encontrar outra coisa.<\/p>\n<p> Na verdade, ele obteve 2 \u00f3xidos e um deles chamou de It\u00e9rbio, em 1878, em homenagem ao local chamado Ytterby, na Su\u00e9cia. No entanto, foi somente em 1953 que Spedding e Daane Dennison implementaram um processo para obter o elemento puro na sua totalidade.<\/p>\n<h2> <strong>Para que \u00e9 usado o it\u00e9rbio?<\/strong><\/h2>\n<p> Os usos do it\u00e9rbio em rela\u00e7\u00e3o ao mundo comercial e \u00e0s atividades humanas s\u00e3o limitados. Contudo, quando s\u00e3o feitas certas ligas e misturas com outros compostos, podem ocorrer as seguintes aplica\u00e7\u00f5es ou utilidades:<\/p>\n<ul>\n<li> Quando ligados, os componentes de it\u00e9rbio podem aumentar a resist\u00eancia do a\u00e7o e refinar outras de suas propriedades mec\u00e2nicas.<\/li>\n<li> O Fluoreto de It\u00e9rbio \u00e9 utilizado em odontologia, seja para obtura\u00e7\u00f5es dent\u00e1rias ou como produto de contraste para radiografias, pois otimiza a visualiza\u00e7\u00e3o das imagens produzidas.<\/li>\n<li> O cloreto de it\u00e9rbio \u00e9 usado como catalisador para 2 rea\u00e7\u00f5es qu\u00edmicas que geram novas liga\u00e7\u00f5es carbono-carbono. E estas s\u00e3o a rea\u00e7\u00e3o de Aldol e a rea\u00e7\u00e3o de Diels-Alder.<\/li>\n<li> Um de seus is\u00f3topos foi usado como fonte de radia\u00e7\u00e3o para uma m\u00e1quina de raios X quando a energia el\u00e9trica n\u00e3o estava dispon\u00edvel.<\/li>\n<\/ul>\n<h2> <strong>Onde o it\u00e9rbio \u00e9 encontrado e como \u00e9 obtido?<\/strong><\/h2>\n<p> Obtemos 0,03% de monazita, componente mineral. Da mesma forma, pode ser obtido de outras classes de terras raras, como Xenotime ou Gadolinita e \u00e0s vezes de Euxenite. Al\u00e9m disso, 7 de seus is\u00f3topos s\u00e3o encontrados dispersos no meio ambiente, por exemplo o encontrado em maior quantidade \u00e9 o Yb-174. Quanto aos procedimentos de obten\u00e7\u00e3o, utiliza-se a t\u00e9cnica de extra\u00e7\u00e3o por solvente e o conhecido processo de troca i\u00f4nica.<\/p>\n<p> Finalmente, gra\u00e7as \u00e0 colabora\u00e7\u00e3o de qu\u00edmicos como Marignac, Dennison e Spedding, podemos agora conhecer o it\u00e9rbio, um elemento da Su\u00e9cia. Apesar de sua toxicidade moderada, seu uso tem sido poss\u00edvel na \u00e1rea odontol\u00f3gica. Da mesma forma, \u00e9 \u00fatil para melhorar as propriedades do a\u00e7o ou como catalisador de rea\u00e7\u00f5es.<\/p>\n","protected":false},"excerpt":{"rendered":"<p>\u00c9 encontrada na Ilha dos Elementos, assim apelidada, j\u00e1 que em suas terras foram encontrados 7 compostos qu\u00edmicos, entre eles o It\u00e9rbio. Este metal macio desgasta-se na presen\u00e7a de \u00e1gua ou ar e \u00e9 semelhante \u00e0s s\u00e9ries Estr\u00f4ncio e C\u00e1lcio. Abaixo, descubra o que \u00e9, sua origem, o valor dos im\u00f3veis que o comp\u00f5em e &#8230; <a title=\"It\u00e9rbio\" class=\"read-more\" href=\"https:\/\/chemuza.org\/pt\/iterbio\/\" aria-label=\"Mais em It\u00e9rbio\">Ler mais<\/a><\/p>\n","protected":false},"author":1,"featured_media":0,"parent":0,"menu_order":0,"comment_status":"closed","ping_status":"closed","template":"","meta":{"footnotes":""},"class_list":["post-1524","page","type-page","status-publish"],"yoast_head":"<!-- This site is optimized with the Yoast SEO plugin v21.4 - https:\/\/yoast.com\/wordpress\/plugins\/seo\/ -->\n<title>It\u00e9rbio - Chemuza<\/title>\n<meta name=\"robots\" content=\"index, follow, max-snippet:-1, max-image-preview:large, max-video-preview:-1\" \/>\n<link rel=\"canonical\" href=\"https:\/\/chemuza.org\/pt\/iterbio\/\" \/>\n<meta property=\"og:locale\" content=\"pt_PT\" \/>\n<meta property=\"og:type\" content=\"article\" \/>\n<meta property=\"og:title\" content=\"It\u00e9rbio - Chemuza\" \/>\n<meta property=\"og:description\" content=\"\u00c9 encontrada na Ilha dos Elementos, assim apelidada, j\u00e1 que em suas terras foram encontrados 7 compostos qu\u00edmicos, entre eles o It\u00e9rbio. Este metal macio desgasta-se na presen\u00e7a de \u00e1gua ou ar e \u00e9 semelhante \u00e0s s\u00e9ries Estr\u00f4ncio e C\u00e1lcio. Abaixo, descubra o que \u00e9, sua origem, o valor dos im\u00f3veis que o comp\u00f5em e ... Ler mais\" \/>\n<meta property=\"og:url\" content=\"https:\/\/chemuza.org\/pt\/iterbio\/\" \/>\n<meta property=\"og:site_name\" content=\"Statorials\" \/>\n<meta name=\"twitter:card\" content=\"summary_large_image\" \/>\n<meta name=\"twitter:label1\" content=\"Tempo estimado de leitura\" \/>\n\t<meta name=\"twitter:data1\" content=\"4 minutos\" \/>\n<script type=\"application\/ld+json\" class=\"yoast-schema-graph\">{\"@context\":\"https:\/\/schema.org\",\"@graph\":[{\"@type\":\"WebPage\",\"@id\":\"https:\/\/chemuza.org\/pt\/iterbio\/\",\"url\":\"https:\/\/chemuza.org\/pt\/iterbio\/\",\"name\":\"It\u00e9rbio - Chemuza\",\"isPartOf\":{\"@id\":\"https:\/\/chemuza.org\/pt\/#website\"},\"datePublished\":\"2023-07-14T04:06:18+00:00\",\"dateModified\":\"2023-07-14T04:06:18+00:00\",\"breadcrumb\":{\"@id\":\"https:\/\/chemuza.org\/pt\/iterbio\/#breadcrumb\"},\"inLanguage\":\"pt-PT\",\"potentialAction\":[{\"@type\":\"ReadAction\",\"target\":[\"https:\/\/chemuza.org\/pt\/iterbio\/\"]}]},{\"@type\":\"BreadcrumbList\",\"@id\":\"https:\/\/chemuza.org\/pt\/iterbio\/#breadcrumb\",\"itemListElement\":[{\"@type\":\"ListItem\",\"position\":1,\"name\":\"Lar\",\"item\":\"https:\/\/chemuza.org\/pt\/\"},{\"@type\":\"ListItem\",\"position\":2,\"name\":\"It\u00e9rbio\"}]},{\"@type\":\"WebSite\",\"@id\":\"https:\/\/chemuza.org\/pt\/#website\",\"url\":\"https:\/\/chemuza.org\/pt\/\",\"name\":\"Chemuza\",\"description\":\"Sua porta de entrada para a descoberta qu\u00edmica!\",\"publisher\":{\"@id\":\"https:\/\/chemuza.org\/pt\/#organization\"},\"potentialAction\":[{\"@type\":\"SearchAction\",\"target\":{\"@type\":\"EntryPoint\",\"urlTemplate\":\"https:\/\/chemuza.org\/pt\/?s={search_term_string}\"},\"query-input\":\"required name=search_term_string\"}],\"inLanguage\":\"pt-PT\"},{\"@type\":\"Organization\",\"@id\":\"https:\/\/chemuza.org\/pt\/#organization\",\"name\":\"Chemuza\",\"url\":\"https:\/\/chemuza.org\/pt\/\",\"logo\":{\"@type\":\"ImageObject\",\"inLanguage\":\"pt-PT\",\"@id\":\"https:\/\/chemuza.org\/pt\/#\/schema\/logo\/image\/\",\"url\":\"https:\/\/chemuza.org\/pt\/wp-content\/uploads\/2023\/10\/chemuza-logo.png\",\"contentUrl\":\"https:\/\/chemuza.org\/pt\/wp-content\/uploads\/2023\/10\/chemuza-logo.png\",\"width\":387,\"height\":70,\"caption\":\"Chemuza\"},\"image\":{\"@id\":\"https:\/\/chemuza.org\/pt\/#\/schema\/logo\/image\/\"}}]}<\/script>\n<!-- \/ Yoast SEO plugin. -->","yoast_head_json":{"title":"It\u00e9rbio - Chemuza","robots":{"index":"index","follow":"follow","max-snippet":"max-snippet:-1","max-image-preview":"max-image-preview:large","max-video-preview":"max-video-preview:-1"},"canonical":"https:\/\/chemuza.org\/pt\/iterbio\/","og_locale":"pt_PT","og_type":"article","og_title":"It\u00e9rbio - Chemuza","og_description":"\u00c9 encontrada na Ilha dos Elementos, assim apelidada, j\u00e1 que em suas terras foram encontrados 7 compostos qu\u00edmicos, entre eles o It\u00e9rbio. Este metal macio desgasta-se na presen\u00e7a de \u00e1gua ou ar e \u00e9 semelhante \u00e0s s\u00e9ries Estr\u00f4ncio e C\u00e1lcio. Abaixo, descubra o que \u00e9, sua origem, o valor dos im\u00f3veis que o comp\u00f5em e ... Ler mais","og_url":"https:\/\/chemuza.org\/pt\/iterbio\/","og_site_name":"Statorials","twitter_card":"summary_large_image","twitter_misc":{"Tempo estimado de leitura":"4 minutos"},"schema":{"@context":"https:\/\/schema.org","@graph":[{"@type":"WebPage","@id":"https:\/\/chemuza.org\/pt\/iterbio\/","url":"https:\/\/chemuza.org\/pt\/iterbio\/","name":"It\u00e9rbio - Chemuza","isPartOf":{"@id":"https:\/\/chemuza.org\/pt\/#website"},"datePublished":"2023-07-14T04:06:18+00:00","dateModified":"2023-07-14T04:06:18+00:00","breadcrumb":{"@id":"https:\/\/chemuza.org\/pt\/iterbio\/#breadcrumb"},"inLanguage":"pt-PT","potentialAction":[{"@type":"ReadAction","target":["https:\/\/chemuza.org\/pt\/iterbio\/"]}]},{"@type":"BreadcrumbList","@id":"https:\/\/chemuza.org\/pt\/iterbio\/#breadcrumb","itemListElement":[{"@type":"ListItem","position":1,"name":"Lar","item":"https:\/\/chemuza.org\/pt\/"},{"@type":"ListItem","position":2,"name":"It\u00e9rbio"}]},{"@type":"WebSite","@id":"https:\/\/chemuza.org\/pt\/#website","url":"https:\/\/chemuza.org\/pt\/","name":"Chemuza","description":"Sua porta de entrada para a descoberta qu\u00edmica!","publisher":{"@id":"https:\/\/chemuza.org\/pt\/#organization"},"potentialAction":[{"@type":"SearchAction","target":{"@type":"EntryPoint","urlTemplate":"https:\/\/chemuza.org\/pt\/?s={search_term_string}"},"query-input":"required name=search_term_string"}],"inLanguage":"pt-PT"},{"@type":"Organization","@id":"https:\/\/chemuza.org\/pt\/#organization","name":"Chemuza","url":"https:\/\/chemuza.org\/pt\/","logo":{"@type":"ImageObject","inLanguage":"pt-PT","@id":"https:\/\/chemuza.org\/pt\/#\/schema\/logo\/image\/","url":"https:\/\/chemuza.org\/pt\/wp-content\/uploads\/2023\/10\/chemuza-logo.png","contentUrl":"https:\/\/chemuza.org\/pt\/wp-content\/uploads\/2023\/10\/chemuza-logo.png","width":387,"height":70,"caption":"Chemuza"},"image":{"@id":"https:\/\/chemuza.org\/pt\/#\/schema\/logo\/image\/"}}]}},"yoast_meta":{"yoast_wpseo_title":"","yoast_wpseo_metadesc":"","yoast_wpseo_canonical":""},"_links":{"self":[{"href":"https:\/\/chemuza.org\/pt\/wp-json\/wp\/v2\/pages\/1524","targetHints":{"allow":["GET"]}}],"collection":[{"href":"https:\/\/chemuza.org\/pt\/wp-json\/wp\/v2\/pages"}],"about":[{"href":"https:\/\/chemuza.org\/pt\/wp-json\/wp\/v2\/types\/page"}],"author":[{"embeddable":true,"href":"https:\/\/chemuza.org\/pt\/wp-json\/wp\/v2\/users\/1"}],"replies":[{"embeddable":true,"href":"https:\/\/chemuza.org\/pt\/wp-json\/wp\/v2\/comments?post=1524"}],"version-history":[{"count":0,"href":"https:\/\/chemuza.org\/pt\/wp-json\/wp\/v2\/pages\/1524\/revisions"}],"wp:attachment":[{"href":"https:\/\/chemuza.org\/pt\/wp-json\/wp\/v2\/media?parent=1524"}],"curies":[{"name":"wp","href":"https:\/\/api.w.org\/{rel}","templated":true}]}}