{"id":1523,"date":"2023-07-14T04:24:29","date_gmt":"2023-07-14T04:24:29","guid":{"rendered":"https:\/\/chemuza.org\/pt\/tulio\/"},"modified":"2023-07-14T04:24:29","modified_gmt":"2023-07-14T04:24:29","slug":"tulio","status":"publish","type":"page","link":"https:\/\/chemuza.org\/pt\/tulio\/","title":{"rendered":"T\u00falio"},"content":{"rendered":"<p>O metal T\u00falio est\u00e1 presente na tabela peri\u00f3dica relativa \u00e0 s\u00e9rie de terras raras. Uma das particularidades deste elemento \u00e9 que n\u00e3o corr\u00f3i facilmente e \u00e9 um bom condutor de eletricidade. Ent\u00e3o descubra as caracter\u00edsticas e utiliza\u00e7\u00f5es deste importante metal\u00f3ide.<\/p>\n<h2> <strong>O que \u00e9 t\u00falio?<\/strong><\/h2>\n<p> \u00c9 um elemento qu\u00edmico cinza prateado brilhante, um lantan\u00eddeo que n\u00e3o \u00e9 abundante na superf\u00edcie da Terra. Suas solu\u00e7\u00f5es e sais adquirem um leve aspecto esverdeado ap\u00f3s o processo de transforma\u00e7\u00e3o a que \u00e9 submetido. Quanto \u00e0 sua textura, \u00e9 um s\u00f3lido macio que, apesar do processo qu\u00edmico que deve ser seguido para extra\u00ed-lo, pode ser trabalhado sem dificuldade.<\/p>\n<h3> <strong>S\u00edmbolo de t\u00falio<\/strong><\/h3>\n<p> <span class=\"content-chemical-element\" style=\"float: left;width: 65px;height: 65px;border: 3px solid #666; display:flex;\n    justify-content: center;align-items: center;margin-right: 15px;\"><span style=\"font-size: 38px;\">Tm<\/span><\/span> O nome que leva vem da regi\u00e3o onde foi descoberto na Su\u00e9cia, chamada <em>Escandin\u00e1via<\/em> ou o que \u00e9 igual em latim, <em>Thule<\/em> . O qu\u00edmico que primeiro o detectou chama-se Cleve e anuncia como curioso que este metal \u00e9 o menos reproduz\u00edvel dos lantan\u00eddeos.<\/p>\n<h2> <strong>Caracter\u00edsticas do T\u00falio<\/strong><\/h2>\n<p> O t\u00falio tem um custo elevado porque \u00e9 raro e tem uma utiliza\u00e7\u00e3o importante no mundo radioativo. Pode queimar facilmente quando submetido a altas temperaturas acima de 150\u00b0C e oxida lentamente no ar. Outros recursos est\u00e3o resumidos:<\/p>\n<ul>\n<li> <strong>Condi\u00e7\u00e3o:<\/strong> S\u00f3lido, mas com textura male\u00e1vel.<\/li>\n<li> <strong>Cor:<\/strong> Cinza prateado brilhante.<\/li>\n<li> <strong>Sabor e odor:<\/strong> Possui sabor levemente amargo e \u00e9 inodoro.<\/li>\n<li> <strong>Solubilidade:<\/strong> \u00c9 sol\u00favel em \u00e1cido sulf\u00farico.<\/li>\n<li> <strong>Toxicidade:<\/strong> Baixa. Pode ser t\u00f3xico com uso prolongado.<\/li>\n<li> <strong>Reatividade:<\/strong> Reage com halog\u00eanios, \u00e1gua e ar.<\/li>\n<li> <strong>Estrutura:<\/strong> Cristalina em forma de hex\u00e1gono.<\/li>\n<li> <strong>Composi\u00e7\u00e3o:<\/strong> A estrutura at\u00f4mica do T\u00falio \u00e9 de 69 pr\u00f3tons e 69 el\u00e9trons.<\/li>\n<\/ul>\n<h2> <strong>Propriedades qu\u00edmicas e f\u00edsicas do T\u00falio<\/strong><\/h2>\n<ol>\n<li> <strong>N\u00famero at\u00f4mico<\/strong> : 69<\/li>\n<li> <strong>Per\u00edodo<\/strong> : 6<\/li>\n<li> <strong>Bloco<\/strong> : F<\/li>\n<li> <strong>Grupo<\/strong> : 3<\/li>\n<li> <strong>Raio covalente (\u00c5):<\/strong> 1,56 \u00c5<\/li>\n<li> <strong>Densidade:<\/strong> 9321 kg\/m\u00b3 <strong>&nbsp;<\/strong><\/li>\n<li> <strong>Ponto de ebuli\u00e7\u00e3o:<\/strong> 2220K<\/li>\n<li> <strong>Ponto de fus\u00e3o:<\/strong> 1818K<\/li>\n<li> <strong>Raio at\u00f4mico:<\/strong> 222 horas<\/li>\n<li> <strong>Raio m\u00e9dio:<\/strong> 175h<\/li>\n<li> <strong>\u00d3xido:<\/strong> B\u00e1sico.<\/li>\n<li> <strong>Calor espec\u00edfico:<\/strong> 160 J\/(kg K)<\/li>\n<li> <strong>El\u00e9trons por camada:<\/strong> 2, 8, 18, 31, 8, 2<\/li>\n<li> <strong>Eletronegatividade:<\/strong> 1,25 (Pauling)<\/li>\n<li> <strong>Estado de oxida\u00e7\u00e3o:<\/strong> 3 (b\u00e1sico)<\/li>\n<li> <strong>Primeiro potencial de ioniza\u00e7\u00e3o eV:<\/strong> 596,7 kJ\/mol<\/li>\n<li> <strong>Configura\u00e7\u00e3o eletr\u00f4nica:<\/strong> [Xe]6s <sup>2<\/sup> 4f <sup>13<\/sup><\/li>\n<li> <strong>Massa at\u00f4mica (g\/mol):<\/strong> 168,93421 u<\/li>\n<li> <strong>Condutividade t\u00e9rmica:<\/strong> 16,8 W\/(mK)<\/li>\n<li> <strong>Condutividade el\u00e9trica:<\/strong> 1,5 \u00d7 106 m-1 \u03a9-1<\/li>\n<\/ol>\n<h2> <strong>Origem do T\u00falio<\/strong><\/h2>\n<p> Sua descoberta foi feita em 1879 pelo qu\u00edmico Per Theodore Cleve durante sua busca por \u00f3xidos em diversos elementos, na cidade da Escandin\u00e1via, na Su\u00e9cia. Ao serem detectados, conseguiram observar que se tratava de um metal eletropositivo, com peso at\u00f4mico de 168,934 e estado de val\u00eancia de +2, +3 e +4.<\/p>\n<h2> <strong>Para que \u00e9 usado o T\u00falio?<\/strong><\/h2>\n<p> \u00c9 usado para o desenvolvimento de pequenas unidades de raios X. Al\u00e9m disso, \u00e9 utilizado na cria\u00e7\u00e3o de lasers de alto alcance e na fabrica\u00e7\u00e3o de materiais cer\u00e2micos magn\u00e9ticos, comuns em microondas. Al\u00e9m disso, \u00e9 \u00fatil nas seguintes \u00e1reas:<\/p>\n<ul>\n<li> Na fabrica\u00e7\u00e3o de televisores e l\u00e2mpadas fluorescentes.<\/li>\n<li> Para trabalhar, refinando certos cristais.<\/li>\n<li> \u00c9 usado como fonte de energia.<\/li>\n<li> Comumente usado na produ\u00e7\u00e3o de euros para dar um efeito de luminesc\u00eancia.<\/li>\n<\/ul>\n<h2> <strong>Como o T\u00falio \u00e9 obtido?<\/strong><\/h2>\n<p> O t\u00falio n\u00e3o \u00e9 obtido naturalmente, mas est\u00e1 inclu\u00eddo em por\u00e7\u00f5es reduzidas em certos minerais. A principal forma de conseguir isso \u00e9 por meio da monazita, encontrada nas areias dos rios e obtida por meio de um processo de troca i\u00f4nica. Por exemplo, no sudeste da China encontramos argilas que cont\u00eam este metal.<\/p>\n<p> Atualmente \u00e9 realizado de forma que n\u00e3o envolve custos elevados, pois \u00e9 isolado apenas pela redu\u00e7\u00e3o do seu \u00f3xido e por uma t\u00e9cnica que consiste na extra\u00e7\u00e3o de solventes. Isso \u00e9 feito em local herm\u00e9tico, utilizando \u00f3xido de c\u00e1lcio ou \u00f3xido met\u00e1lico de lant\u00e2nio.<\/p>\n<h2> <strong>Efeitos do t\u00falio na sa\u00fade<\/strong><\/h2>\n<p> Seu uso tem se tornado mais comum \u00e0 medida que \u00e9 utilizado na produ\u00e7\u00e3o de catalisadores utilizados para diversos fins. Por\u00e9m, o T\u00falio \u00e9 considerado um elemento nocivo no local de trabalho quando manuseado com frequ\u00eancia. Porque, uma vez integrados aos procedimentos, seus gases e umidade podem se espalhar pelo ar e serem absorvidos pelas pessoas.<\/p>\n<p> O ac\u00famulo desse tipo de material no organismo costuma causar les\u00f5es irrepar\u00e1veis como les\u00f5es hep\u00e1ticas, embolia pulmonar, entre outras. Por\u00e9m, isso acontece se o trabalho com esse metal ficar exposto por muitas horas.<\/p>\n<p> Concluindo, embora este metal\u00f3ide seja muito \u00fatil no mundo da medicina e na fabrica\u00e7\u00e3o de certos eletrodom\u00e9sticos, deve-se ter cautela. Portanto, antes de trabalhar com o elemento, deve-se considerar suas propriedades, benef\u00edcios e efeitos.<\/p>\n","protected":false},"excerpt":{"rendered":"<p>O metal T\u00falio est\u00e1 presente na tabela peri\u00f3dica relativa \u00e0 s\u00e9rie de terras raras. Uma das particularidades deste elemento \u00e9 que n\u00e3o corr\u00f3i facilmente e \u00e9 um bom condutor de eletricidade. Ent\u00e3o descubra as caracter\u00edsticas e utiliza\u00e7\u00f5es deste importante metal\u00f3ide. O que \u00e9 t\u00falio? \u00c9 um elemento qu\u00edmico cinza prateado brilhante, um lantan\u00eddeo que n\u00e3o &#8230; <a title=\"T\u00falio\" class=\"read-more\" href=\"https:\/\/chemuza.org\/pt\/tulio\/\" aria-label=\"Mais em T\u00falio\">Ler mais<\/a><\/p>\n","protected":false},"author":1,"featured_media":0,"parent":0,"menu_order":0,"comment_status":"closed","ping_status":"closed","template":"","meta":{"footnotes":""},"class_list":["post-1523","page","type-page","status-publish"],"yoast_head":"<!-- This site is optimized with the Yoast SEO plugin v21.4 - https:\/\/yoast.com\/wordpress\/plugins\/seo\/ -->\n<title>T\u00falio - Chemuza<\/title>\n<meta name=\"robots\" content=\"index, follow, max-snippet:-1, max-image-preview:large, max-video-preview:-1\" \/>\n<link rel=\"canonical\" href=\"https:\/\/chemuza.org\/pt\/tulio\/\" \/>\n<meta property=\"og:locale\" content=\"pt_PT\" \/>\n<meta property=\"og:type\" content=\"article\" \/>\n<meta property=\"og:title\" content=\"T\u00falio - Chemuza\" \/>\n<meta property=\"og:description\" content=\"O metal T\u00falio est\u00e1 presente na tabela peri\u00f3dica relativa \u00e0 s\u00e9rie de terras raras. Uma das particularidades deste elemento \u00e9 que n\u00e3o corr\u00f3i facilmente e \u00e9 um bom condutor de eletricidade. Ent\u00e3o descubra as caracter\u00edsticas e utiliza\u00e7\u00f5es deste importante metal\u00f3ide. O que \u00e9 t\u00falio? \u00c9 um elemento qu\u00edmico cinza prateado brilhante, um lantan\u00eddeo que n\u00e3o ... Ler mais\" \/>\n<meta property=\"og:url\" content=\"https:\/\/chemuza.org\/pt\/tulio\/\" \/>\n<meta property=\"og:site_name\" content=\"Statorials\" \/>\n<meta name=\"twitter:card\" content=\"summary_large_image\" \/>\n<meta name=\"twitter:label1\" content=\"Tempo estimado de leitura\" \/>\n\t<meta name=\"twitter:data1\" content=\"4 minutos\" \/>\n<script type=\"application\/ld+json\" class=\"yoast-schema-graph\">{\"@context\":\"https:\/\/schema.org\",\"@graph\":[{\"@type\":\"WebPage\",\"@id\":\"https:\/\/chemuza.org\/pt\/tulio\/\",\"url\":\"https:\/\/chemuza.org\/pt\/tulio\/\",\"name\":\"T\u00falio - Chemuza\",\"isPartOf\":{\"@id\":\"https:\/\/chemuza.org\/pt\/#website\"},\"datePublished\":\"2023-07-14T04:24:29+00:00\",\"dateModified\":\"2023-07-14T04:24:29+00:00\",\"breadcrumb\":{\"@id\":\"https:\/\/chemuza.org\/pt\/tulio\/#breadcrumb\"},\"inLanguage\":\"pt-PT\",\"potentialAction\":[{\"@type\":\"ReadAction\",\"target\":[\"https:\/\/chemuza.org\/pt\/tulio\/\"]}]},{\"@type\":\"BreadcrumbList\",\"@id\":\"https:\/\/chemuza.org\/pt\/tulio\/#breadcrumb\",\"itemListElement\":[{\"@type\":\"ListItem\",\"position\":1,\"name\":\"Lar\",\"item\":\"https:\/\/chemuza.org\/pt\/\"},{\"@type\":\"ListItem\",\"position\":2,\"name\":\"T\u00falio\"}]},{\"@type\":\"WebSite\",\"@id\":\"https:\/\/chemuza.org\/pt\/#website\",\"url\":\"https:\/\/chemuza.org\/pt\/\",\"name\":\"Chemuza\",\"description\":\"Sua porta de entrada para a descoberta qu\u00edmica!\",\"publisher\":{\"@id\":\"https:\/\/chemuza.org\/pt\/#organization\"},\"potentialAction\":[{\"@type\":\"SearchAction\",\"target\":{\"@type\":\"EntryPoint\",\"urlTemplate\":\"https:\/\/chemuza.org\/pt\/?s={search_term_string}\"},\"query-input\":\"required name=search_term_string\"}],\"inLanguage\":\"pt-PT\"},{\"@type\":\"Organization\",\"@id\":\"https:\/\/chemuza.org\/pt\/#organization\",\"name\":\"Chemuza\",\"url\":\"https:\/\/chemuza.org\/pt\/\",\"logo\":{\"@type\":\"ImageObject\",\"inLanguage\":\"pt-PT\",\"@id\":\"https:\/\/chemuza.org\/pt\/#\/schema\/logo\/image\/\",\"url\":\"https:\/\/chemuza.org\/pt\/wp-content\/uploads\/2023\/10\/chemuza-logo.png\",\"contentUrl\":\"https:\/\/chemuza.org\/pt\/wp-content\/uploads\/2023\/10\/chemuza-logo.png\",\"width\":387,\"height\":70,\"caption\":\"Chemuza\"},\"image\":{\"@id\":\"https:\/\/chemuza.org\/pt\/#\/schema\/logo\/image\/\"}}]}<\/script>\n<!-- \/ Yoast SEO plugin. -->","yoast_head_json":{"title":"T\u00falio - Chemuza","robots":{"index":"index","follow":"follow","max-snippet":"max-snippet:-1","max-image-preview":"max-image-preview:large","max-video-preview":"max-video-preview:-1"},"canonical":"https:\/\/chemuza.org\/pt\/tulio\/","og_locale":"pt_PT","og_type":"article","og_title":"T\u00falio - Chemuza","og_description":"O metal T\u00falio est\u00e1 presente na tabela peri\u00f3dica relativa \u00e0 s\u00e9rie de terras raras. Uma das particularidades deste elemento \u00e9 que n\u00e3o corr\u00f3i facilmente e \u00e9 um bom condutor de eletricidade. Ent\u00e3o descubra as caracter\u00edsticas e utiliza\u00e7\u00f5es deste importante metal\u00f3ide. O que \u00e9 t\u00falio? \u00c9 um elemento qu\u00edmico cinza prateado brilhante, um lantan\u00eddeo que n\u00e3o ... Ler mais","og_url":"https:\/\/chemuza.org\/pt\/tulio\/","og_site_name":"Statorials","twitter_card":"summary_large_image","twitter_misc":{"Tempo estimado de leitura":"4 minutos"},"schema":{"@context":"https:\/\/schema.org","@graph":[{"@type":"WebPage","@id":"https:\/\/chemuza.org\/pt\/tulio\/","url":"https:\/\/chemuza.org\/pt\/tulio\/","name":"T\u00falio - Chemuza","isPartOf":{"@id":"https:\/\/chemuza.org\/pt\/#website"},"datePublished":"2023-07-14T04:24:29+00:00","dateModified":"2023-07-14T04:24:29+00:00","breadcrumb":{"@id":"https:\/\/chemuza.org\/pt\/tulio\/#breadcrumb"},"inLanguage":"pt-PT","potentialAction":[{"@type":"ReadAction","target":["https:\/\/chemuza.org\/pt\/tulio\/"]}]},{"@type":"BreadcrumbList","@id":"https:\/\/chemuza.org\/pt\/tulio\/#breadcrumb","itemListElement":[{"@type":"ListItem","position":1,"name":"Lar","item":"https:\/\/chemuza.org\/pt\/"},{"@type":"ListItem","position":2,"name":"T\u00falio"}]},{"@type":"WebSite","@id":"https:\/\/chemuza.org\/pt\/#website","url":"https:\/\/chemuza.org\/pt\/","name":"Chemuza","description":"Sua porta de entrada para a descoberta qu\u00edmica!","publisher":{"@id":"https:\/\/chemuza.org\/pt\/#organization"},"potentialAction":[{"@type":"SearchAction","target":{"@type":"EntryPoint","urlTemplate":"https:\/\/chemuza.org\/pt\/?s={search_term_string}"},"query-input":"required name=search_term_string"}],"inLanguage":"pt-PT"},{"@type":"Organization","@id":"https:\/\/chemuza.org\/pt\/#organization","name":"Chemuza","url":"https:\/\/chemuza.org\/pt\/","logo":{"@type":"ImageObject","inLanguage":"pt-PT","@id":"https:\/\/chemuza.org\/pt\/#\/schema\/logo\/image\/","url":"https:\/\/chemuza.org\/pt\/wp-content\/uploads\/2023\/10\/chemuza-logo.png","contentUrl":"https:\/\/chemuza.org\/pt\/wp-content\/uploads\/2023\/10\/chemuza-logo.png","width":387,"height":70,"caption":"Chemuza"},"image":{"@id":"https:\/\/chemuza.org\/pt\/#\/schema\/logo\/image\/"}}]}},"yoast_meta":{"yoast_wpseo_title":"","yoast_wpseo_metadesc":"","yoast_wpseo_canonical":""},"_links":{"self":[{"href":"https:\/\/chemuza.org\/pt\/wp-json\/wp\/v2\/pages\/1523","targetHints":{"allow":["GET"]}}],"collection":[{"href":"https:\/\/chemuza.org\/pt\/wp-json\/wp\/v2\/pages"}],"about":[{"href":"https:\/\/chemuza.org\/pt\/wp-json\/wp\/v2\/types\/page"}],"author":[{"embeddable":true,"href":"https:\/\/chemuza.org\/pt\/wp-json\/wp\/v2\/users\/1"}],"replies":[{"embeddable":true,"href":"https:\/\/chemuza.org\/pt\/wp-json\/wp\/v2\/comments?post=1523"}],"version-history":[{"count":0,"href":"https:\/\/chemuza.org\/pt\/wp-json\/wp\/v2\/pages\/1523\/revisions"}],"wp:attachment":[{"href":"https:\/\/chemuza.org\/pt\/wp-json\/wp\/v2\/media?parent=1523"}],"curies":[{"name":"wp","href":"https:\/\/api.w.org\/{rel}","templated":true}]}}