{"id":1522,"date":"2023-07-14T05:08:33","date_gmt":"2023-07-14T05:08:33","guid":{"rendered":"https:\/\/chemuza.org\/pt\/erbio\/"},"modified":"2023-07-14T05:08:33","modified_gmt":"2023-07-14T05:08:33","slug":"erbio","status":"publish","type":"page","link":"https:\/\/chemuza.org\/pt\/erbio\/","title":{"rendered":"\u00c9rbio"},"content":{"rendered":"<p>Entre os metais de terras raras est\u00e1 o \u00c9rbio, com caracter\u00edsticas bastante male\u00e1veis devido \u00e0 sua composi\u00e7\u00e3o estrutural. \u00c9 combinado com outros elementos como o Van\u00e1dio para melhorar a f\u00f3rmula e utiliz\u00e1-lo em diversas aplica\u00e7\u00f5es nas ind\u00fastrias metal\u00fargica, nuclear e de tecnologia eletr\u00f4nica.<\/p>\n<h2> <strong>O que \u00e9 \u00e9rbio?<\/strong><\/h2>\n<p> \u00c9 um metal composto quimicamente macio, de cor prateada brilhante e seus sais amplamente utilizados s\u00e3o rosa. O \u00e9rbio \u00e9 encontrado na maioria dos minerais que cont\u00eam terras raras, notadamente Euxenite e Xenotime em uma propor\u00e7\u00e3o de 2,2 ppm. Suas propriedades variam dependendo da quantidade e variedade de impurezas que cont\u00e9m, al\u00e9m disso, seu magnetismo pode ser modificado pela mudan\u00e7a de temperatura.<\/p>\n<h2> <strong>S\u00edmbolo de \u00e9rbio<\/strong><\/h2>\n<p> <span class=\"content-chemical-element\" style=\"float: left;width: 65px;height: 65px;border: 3px solid #666; display:flex;\n    justify-content: center;align-items: center;margin-right: 15px;\"><span style=\"font-size: 38px;\">Uh<\/span><\/span> A palavra Erbium vem do nome de uma cidade na Su\u00e9cia chamada Ytterby, onde foram descobertos grandes dep\u00f3sitos deste metal.<\/p>\n<h2> <strong>Caracter\u00edsticas do \u00c9rbio<\/strong><\/h2>\n<p> O \u00e9rbio, como outros lantan\u00eddeos, exibe bandas de absor\u00e7\u00e3o na categoria vis\u00edvel, no infravermelho pr\u00f3ximo e no ultravioleta. Al\u00e9m disso, destaca-se entre os demais elementos de seu grupo pela lenta oxida\u00e7\u00e3o. Al\u00e9m disso, possui os seguintes recursos:<\/p>\n<ul>\n<li> <strong>Condi\u00e7\u00e3o<\/strong> : Macio, male\u00e1vel.<\/li>\n<li> <strong>Cor<\/strong> : Prata brilhante e seus sais rosados.<\/li>\n<li> <strong>Solubilidade<\/strong> : Em \u00e1gua e \u00e1cidos minerais.<\/li>\n<li> <strong>Toxicidade<\/strong> : Moderada.<\/li>\n<li> <strong>Reactividade<\/strong> : Mant\u00e9m a estabilidade \u00e0 temperatura ambiente.<\/li>\n<li> <strong>Estrutura<\/strong> : Cristalina, hexagonal.<\/li>\n<li> <strong>Composi\u00e7\u00e3o<\/strong> : Possui 68 el\u00e9trons.<\/li>\n<\/ul>\n<h2> <strong>Propriedades qu\u00edmicas e f\u00edsicas do \u00c9rbio<\/strong><\/h2>\n<ol>\n<li> <strong>N\u00famero at\u00f4mico<\/strong> : 68<\/li>\n<li> <strong>Per\u00edodo<\/strong> : 6<\/li>\n<li> <strong>bloco<\/strong> : f<\/li>\n<li> <strong>Grupo<\/strong> : Lantan\u00eddeos<\/li>\n<li> <strong>Raio covalente (\u00c5):<\/strong> 1,57<\/li>\n<li> <strong>Densidade:<\/strong> 9,05 (g\/ml)<\/li>\n<li> <strong>Ponto de ebuli\u00e7\u00e3o:<\/strong> 2900\u00baC<\/li>\n<li> <strong>Ponto de fus\u00e3o:<\/strong> 1497\u00b0C<\/li>\n<li> <strong>Raio at\u00f4mico:<\/strong> 1,75 A<\/li>\n<li> <strong>Raio i\u00f4nico:<\/strong> 0,96<\/li>\n<li> <strong>Eletronegatividade:<\/strong> 1,2<\/li>\n<li> <strong>Estado de oxida\u00e7\u00e3o:<\/strong> 3<\/li>\n<li> <strong>El\u00e9trons por camada:<\/strong> 2, 8, 18, 30, 8, 2<\/li>\n<li> <strong>Configura\u00e7\u00e3o eletr\u00f4nica:<\/strong> [Xe] 4f <sup>12<\/sup> 5d <sup>0<\/sup> 6s <sup>2<\/sup><\/li>\n<li> <strong>Primeiro potencial de ioniza\u00e7\u00e3o eV:<\/strong> 589,3 KJ\/mol<\/li>\n<li> <strong>Condutividade t\u00e9rmica:<\/strong> 15 W\/ (m *K)<\/li>\n<li> <strong>Condutividade el\u00e9trica:<\/strong> 1,16*10 (6)A \/ (V*m)<\/li>\n<li> <strong>Massa at\u00f4mica (g\/mol):<\/strong> 167,26<\/li>\n<li> <strong>Calor de fus\u00e3o:<\/strong> 19,9 KJ\/mol<\/li>\n<li> <strong>\u00d3xido:<\/strong> B\u00e1sico.<\/li>\n<\/ol>\n<h2> <strong>Origem do \u00c9rbio<\/strong><\/h2>\n<p> Nas minas de Ytterby, na Su\u00e9cia, o elemento \u00c9rbio foi descoberto pela primeira vez atrav\u00e9s de processos de separa\u00e7\u00e3o qu\u00edmica do mineral Gadolinita. Esta descoberta foi feita pelo qu\u00edmico Carl Gustaf Mosander em 1843. Ele separou tr\u00eas elementos que chamou de Itira, Terbia e Erbia. Embora no in\u00edcio ele tenha tido muita confus\u00e3o com os dois \u00faltimos itens, pois foi dif\u00edcil para ele determinar que os dois tinham propriedades diferentes.<\/p>\n<p> Em 1934, os qu\u00edmicos alem\u00e3es Heinrich Bommer e Wilhelm Klemm conseguiram pela primeira vez obter o \u00c9rbio puro. Atrav\u00e9s da redu\u00e7\u00e3o do cloreto de \u00e9rbio anidro em vapor de pot\u00e1ssio.<\/p>\n<h2> <strong>Para que \u00e9 usado o \u00c9rbio?<\/strong><\/h2>\n<p> Este metal\u00f3ide possui grande capacidade de maleabilidade e liga com outros elementos, por isso \u00e9 utilizado para diversos fins industriais e tecnol\u00f3gicos, tais como:<\/p>\n<ul>\n<li> A estabilidade do metal\u00f3ide proporciona amortecimento de n\u00eautrons ideal para rea\u00e7\u00f5es nucleares em hastes de controle de reatores.<\/li>\n<li> A alta capacidade t\u00e9rmica das ligas de \u00c9rbio \u00e9 usada em refrigeradores criog\u00eanicos com temperaturas de h\u00e9lio l\u00edquido.<\/li>\n<li> O \u00e9rbio dopado com ouro gera um calor\u00edmetro magn\u00e9tico usado em sensores detectores de part\u00edculas de alta resolu\u00e7\u00e3o em engenharia e f\u00edsica.<\/li>\n<li> A liga de sil\u00edcio e \u00e9rbio em amplificadores \u00f3pticos e fibras laser.<\/li>\n<li> Na medicina, \u00e9 usado como laser para remover certas les\u00f5es benignas da pele, ossos e tratamentos dent\u00e1rios.<\/li>\n<li> Laser de It\u00e9rbio-\u00c9rbio de maior resist\u00eancia para corte de soldas.<\/li>\n<li> Serve para facilitar a maleabilidade do van\u00e1dio.<\/li>\n<\/ul>\n<h2> <strong>\u00c9rbio: usos e aplica\u00e7\u00f5es em cores<\/strong><\/h2>\n<p> Possui aplica\u00e7\u00f5es decorativas quando presentes no estado de oxida\u00e7\u00e3o, os c\u00e1tions +3 e Er3 criam uma solu\u00e7\u00e3o rosada em \u00e1gua e seus sais s\u00f3lidos. Portanto, este \u00f3xido de \u00e9rbio \u00e9 utilizado na colora\u00e7\u00e3o de porcelanas e diversos cristais ou vidros. Al\u00e9m disso, esse tom \u00e9 utilizado como corante para esmaltes e vernizes. Tamb\u00e9m \u00e9 utilizado como filtro fotogr\u00e1fico, em televisores, \u00f3culos de sol, l\u00e2mpadas fluorescentes e em joias.<\/p>\n<h2> <strong>De onde vem o \u00c9rbio?<\/strong><\/h2>\n<p> Este metal\u00f3ide n\u00e3o \u00e9 encontrado em forma pura na natureza, mas sim com minerais enriquecidos com outros elementos de terras raras. Mais especificamente, \u00e9 encontrado em Galodinita, Euxenita, Xenotima, Bastnasita e Monazita. Atualmente, a separa\u00e7\u00e3o do metal\u00f3ide \u00e9 conseguida por um procedimento de troca i\u00f4nica. Os pa\u00edses que extraem o \u00c9rbio s\u00e3o China, Estados Unidos, \u00cdndia e Austr\u00e1lia.<\/p>\n<p> Resumindo, o \u00c9rbio \u00e9 um \u00f3xido encontrado no grupo dos lantan\u00eddeos da tabela peri\u00f3dica. Suas propriedades f\u00edsicas e qu\u00edmicas permitem que este metal\u00f3ide seja um componente principal na fabrica\u00e7\u00e3o de reatores nucleares, na ind\u00fastria metal\u00fargica e d\u00ea cor a muitos esmaltes e vidrarias.<\/p>\n","protected":false},"excerpt":{"rendered":"<p>Entre os metais de terras raras est\u00e1 o \u00c9rbio, com caracter\u00edsticas bastante male\u00e1veis devido \u00e0 sua composi\u00e7\u00e3o estrutural. \u00c9 combinado com outros elementos como o Van\u00e1dio para melhorar a f\u00f3rmula e utiliz\u00e1-lo em diversas aplica\u00e7\u00f5es nas ind\u00fastrias metal\u00fargica, nuclear e de tecnologia eletr\u00f4nica. O que \u00e9 \u00e9rbio? \u00c9 um metal composto quimicamente macio, de cor &#8230; <a title=\"\u00c9rbio\" class=\"read-more\" href=\"https:\/\/chemuza.org\/pt\/erbio\/\" aria-label=\"Mais em \u00c9rbio\">Ler mais<\/a><\/p>\n","protected":false},"author":1,"featured_media":0,"parent":0,"menu_order":0,"comment_status":"closed","ping_status":"closed","template":"","meta":{"footnotes":""},"class_list":["post-1522","page","type-page","status-publish"],"yoast_head":"<!-- This site is optimized with the Yoast SEO plugin v21.4 - https:\/\/yoast.com\/wordpress\/plugins\/seo\/ -->\n<title>\u00c9rbio - Chemuza<\/title>\n<meta name=\"robots\" content=\"index, follow, max-snippet:-1, max-image-preview:large, max-video-preview:-1\" \/>\n<link rel=\"canonical\" href=\"https:\/\/chemuza.org\/pt\/erbio\/\" \/>\n<meta property=\"og:locale\" content=\"pt_PT\" \/>\n<meta property=\"og:type\" content=\"article\" \/>\n<meta property=\"og:title\" content=\"\u00c9rbio - Chemuza\" \/>\n<meta property=\"og:description\" content=\"Entre os metais de terras raras est\u00e1 o \u00c9rbio, com caracter\u00edsticas bastante male\u00e1veis devido \u00e0 sua composi\u00e7\u00e3o estrutural. \u00c9 combinado com outros elementos como o Van\u00e1dio para melhorar a f\u00f3rmula e utiliz\u00e1-lo em diversas aplica\u00e7\u00f5es nas ind\u00fastrias metal\u00fargica, nuclear e de tecnologia eletr\u00f4nica. O que \u00e9 \u00e9rbio? \u00c9 um metal composto quimicamente macio, de cor ... Ler mais\" \/>\n<meta property=\"og:url\" content=\"https:\/\/chemuza.org\/pt\/erbio\/\" \/>\n<meta property=\"og:site_name\" content=\"Statorials\" \/>\n<meta name=\"twitter:card\" content=\"summary_large_image\" \/>\n<meta name=\"twitter:label1\" content=\"Tempo estimado de leitura\" \/>\n\t<meta name=\"twitter:data1\" content=\"4 minutos\" \/>\n<script type=\"application\/ld+json\" class=\"yoast-schema-graph\">{\"@context\":\"https:\/\/schema.org\",\"@graph\":[{\"@type\":\"WebPage\",\"@id\":\"https:\/\/chemuza.org\/pt\/erbio\/\",\"url\":\"https:\/\/chemuza.org\/pt\/erbio\/\",\"name\":\"\u00c9rbio - Chemuza\",\"isPartOf\":{\"@id\":\"https:\/\/chemuza.org\/pt\/#website\"},\"datePublished\":\"2023-07-14T05:08:33+00:00\",\"dateModified\":\"2023-07-14T05:08:33+00:00\",\"breadcrumb\":{\"@id\":\"https:\/\/chemuza.org\/pt\/erbio\/#breadcrumb\"},\"inLanguage\":\"pt-PT\",\"potentialAction\":[{\"@type\":\"ReadAction\",\"target\":[\"https:\/\/chemuza.org\/pt\/erbio\/\"]}]},{\"@type\":\"BreadcrumbList\",\"@id\":\"https:\/\/chemuza.org\/pt\/erbio\/#breadcrumb\",\"itemListElement\":[{\"@type\":\"ListItem\",\"position\":1,\"name\":\"Lar\",\"item\":\"https:\/\/chemuza.org\/pt\/\"},{\"@type\":\"ListItem\",\"position\":2,\"name\":\"\u00c9rbio\"}]},{\"@type\":\"WebSite\",\"@id\":\"https:\/\/chemuza.org\/pt\/#website\",\"url\":\"https:\/\/chemuza.org\/pt\/\",\"name\":\"Chemuza\",\"description\":\"Sua porta de entrada para a descoberta qu\u00edmica!\",\"publisher\":{\"@id\":\"https:\/\/chemuza.org\/pt\/#organization\"},\"potentialAction\":[{\"@type\":\"SearchAction\",\"target\":{\"@type\":\"EntryPoint\",\"urlTemplate\":\"https:\/\/chemuza.org\/pt\/?s={search_term_string}\"},\"query-input\":\"required name=search_term_string\"}],\"inLanguage\":\"pt-PT\"},{\"@type\":\"Organization\",\"@id\":\"https:\/\/chemuza.org\/pt\/#organization\",\"name\":\"Chemuza\",\"url\":\"https:\/\/chemuza.org\/pt\/\",\"logo\":{\"@type\":\"ImageObject\",\"inLanguage\":\"pt-PT\",\"@id\":\"https:\/\/chemuza.org\/pt\/#\/schema\/logo\/image\/\",\"url\":\"https:\/\/chemuza.org\/pt\/wp-content\/uploads\/2023\/10\/chemuza-logo.png\",\"contentUrl\":\"https:\/\/chemuza.org\/pt\/wp-content\/uploads\/2023\/10\/chemuza-logo.png\",\"width\":387,\"height\":70,\"caption\":\"Chemuza\"},\"image\":{\"@id\":\"https:\/\/chemuza.org\/pt\/#\/schema\/logo\/image\/\"}}]}<\/script>\n<!-- \/ Yoast SEO plugin. -->","yoast_head_json":{"title":"\u00c9rbio - Chemuza","robots":{"index":"index","follow":"follow","max-snippet":"max-snippet:-1","max-image-preview":"max-image-preview:large","max-video-preview":"max-video-preview:-1"},"canonical":"https:\/\/chemuza.org\/pt\/erbio\/","og_locale":"pt_PT","og_type":"article","og_title":"\u00c9rbio - Chemuza","og_description":"Entre os metais de terras raras est\u00e1 o \u00c9rbio, com caracter\u00edsticas bastante male\u00e1veis devido \u00e0 sua composi\u00e7\u00e3o estrutural. \u00c9 combinado com outros elementos como o Van\u00e1dio para melhorar a f\u00f3rmula e utiliz\u00e1-lo em diversas aplica\u00e7\u00f5es nas ind\u00fastrias metal\u00fargica, nuclear e de tecnologia eletr\u00f4nica. O que \u00e9 \u00e9rbio? \u00c9 um metal composto quimicamente macio, de cor ... Ler mais","og_url":"https:\/\/chemuza.org\/pt\/erbio\/","og_site_name":"Statorials","twitter_card":"summary_large_image","twitter_misc":{"Tempo estimado de leitura":"4 minutos"},"schema":{"@context":"https:\/\/schema.org","@graph":[{"@type":"WebPage","@id":"https:\/\/chemuza.org\/pt\/erbio\/","url":"https:\/\/chemuza.org\/pt\/erbio\/","name":"\u00c9rbio - Chemuza","isPartOf":{"@id":"https:\/\/chemuza.org\/pt\/#website"},"datePublished":"2023-07-14T05:08:33+00:00","dateModified":"2023-07-14T05:08:33+00:00","breadcrumb":{"@id":"https:\/\/chemuza.org\/pt\/erbio\/#breadcrumb"},"inLanguage":"pt-PT","potentialAction":[{"@type":"ReadAction","target":["https:\/\/chemuza.org\/pt\/erbio\/"]}]},{"@type":"BreadcrumbList","@id":"https:\/\/chemuza.org\/pt\/erbio\/#breadcrumb","itemListElement":[{"@type":"ListItem","position":1,"name":"Lar","item":"https:\/\/chemuza.org\/pt\/"},{"@type":"ListItem","position":2,"name":"\u00c9rbio"}]},{"@type":"WebSite","@id":"https:\/\/chemuza.org\/pt\/#website","url":"https:\/\/chemuza.org\/pt\/","name":"Chemuza","description":"Sua porta de entrada para a descoberta qu\u00edmica!","publisher":{"@id":"https:\/\/chemuza.org\/pt\/#organization"},"potentialAction":[{"@type":"SearchAction","target":{"@type":"EntryPoint","urlTemplate":"https:\/\/chemuza.org\/pt\/?s={search_term_string}"},"query-input":"required name=search_term_string"}],"inLanguage":"pt-PT"},{"@type":"Organization","@id":"https:\/\/chemuza.org\/pt\/#organization","name":"Chemuza","url":"https:\/\/chemuza.org\/pt\/","logo":{"@type":"ImageObject","inLanguage":"pt-PT","@id":"https:\/\/chemuza.org\/pt\/#\/schema\/logo\/image\/","url":"https:\/\/chemuza.org\/pt\/wp-content\/uploads\/2023\/10\/chemuza-logo.png","contentUrl":"https:\/\/chemuza.org\/pt\/wp-content\/uploads\/2023\/10\/chemuza-logo.png","width":387,"height":70,"caption":"Chemuza"},"image":{"@id":"https:\/\/chemuza.org\/pt\/#\/schema\/logo\/image\/"}}]}},"yoast_meta":{"yoast_wpseo_title":"","yoast_wpseo_metadesc":"","yoast_wpseo_canonical":""},"_links":{"self":[{"href":"https:\/\/chemuza.org\/pt\/wp-json\/wp\/v2\/pages\/1522","targetHints":{"allow":["GET"]}}],"collection":[{"href":"https:\/\/chemuza.org\/pt\/wp-json\/wp\/v2\/pages"}],"about":[{"href":"https:\/\/chemuza.org\/pt\/wp-json\/wp\/v2\/types\/page"}],"author":[{"embeddable":true,"href":"https:\/\/chemuza.org\/pt\/wp-json\/wp\/v2\/users\/1"}],"replies":[{"embeddable":true,"href":"https:\/\/chemuza.org\/pt\/wp-json\/wp\/v2\/comments?post=1522"}],"version-history":[{"count":0,"href":"https:\/\/chemuza.org\/pt\/wp-json\/wp\/v2\/pages\/1522\/revisions"}],"wp:attachment":[{"href":"https:\/\/chemuza.org\/pt\/wp-json\/wp\/v2\/media?parent=1522"}],"curies":[{"name":"wp","href":"https:\/\/api.w.org\/{rel}","templated":true}]}}