{"id":1521,"date":"2023-07-14T05:18:05","date_gmt":"2023-07-14T05:18:05","guid":{"rendered":"https:\/\/chemuza.org\/pt\/disprosio\/"},"modified":"2023-07-14T05:18:05","modified_gmt":"2023-07-14T05:18:05","slug":"disprosio","status":"publish","type":"page","link":"https:\/\/chemuza.org\/pt\/disprosio\/","title":{"rendered":"Dispr\u00f3sio"},"content":{"rendered":"<p>Este metal de transi\u00e7\u00e3o faz parte do grupo dos elementos terras raras, podemos citar tamb\u00e9m que \u00e9 composto por 7 is\u00f3topos. Da mesma forma, o dispr\u00f3sio \u00e9 um metal\u00f3ide que n\u00e3o se encontra isolado na terra, mas sim com outros lantan\u00eddeos existentes. As principais caracter\u00edsticas, propriedades e utiliza\u00e7\u00f5es s\u00e3o descritas a seguir.<\/p>\n<h2> <strong>O que \u00e9 dispr\u00f3sio?<\/strong><\/h2>\n<p> \u00c9 um metal de cor prateada met\u00e1lica brilhante, pode ser armazenado em temperatura ambiente, mas se dissolve sem dificuldade em \u00e1cidos minerais. Da mesma forma, sua estrutura solta permite seu manuseio sem gerar fa\u00edscas ao utilizar um processador.<\/p>\n<h3> <strong>S\u00edmbolo de dispr\u00f3sio<\/strong><\/h3>\n<p> <span class=\"content-chemical-element\" style=\"float: left;width: 65px;height: 65px;border: 3px solid #666; display:flex;\n    justify-content: center;align-items: center;margin-right: 15px;\"><span style=\"font-size: 38px;\">Dy<\/span><\/span> Seu nome vem do grego <em>dispr\u00f3sitos,<\/em> cujo significado \u00e9 <em>de dif\u00edcil compreens\u00e3o.<\/em> Isso se deve ao rigoroso processo envolvido na extra\u00e7\u00e3o do referido metal\u00f3ide, uma vez que uma s\u00e9rie de produtos qu\u00edmicos devem ser utilizados para sua dissolu\u00e7\u00e3o.<\/p>\n<h2> <strong>Caracter\u00edsticas do dispr\u00f3sio<\/strong><\/h2>\n<p> Seu n\u00famero at\u00f4mico na tabela peri\u00f3dica \u00e9 66 e todos os seus compostos s\u00e3o paramagn\u00e9ticos. Estes incluem iodeto, brometo, cloreto e fl\u00faor. Al\u00e9m disso, possui outras caracter\u00edsticas not\u00e1veis:<\/p>\n<ul>\n<li> <strong>Condi\u00e7\u00e3o:<\/strong> Forte, mas f\u00e1cil de cortar.<\/li>\n<li> <strong>Cor:<\/strong> Branco prateado.<\/li>\n<li> <strong>Sabor e cheiro:<\/strong> Odor desagrad\u00e1vel e leve.<\/li>\n<li> <strong>Solubilidade:<\/strong> \u00c9 sol\u00favel em \u00e1cidos minerais.<\/li>\n<li> <strong>Toxicidade:<\/strong> Leve. Se n\u00e3o for manuseado adequadamente, pode ser t\u00f3xico.<\/li>\n<li> <strong>Reatividade:<\/strong> \u00c9 reativo em altas temperaturas.<\/li>\n<li> <strong>Estrutura:<\/strong> P\u00f3, feito de areia rara.<\/li>\n<li> <strong>Composi\u00e7\u00e3o:<\/strong> Consiste em 56 el\u00e9trons distribu\u00eddos em camadas de 6.<\/li>\n<\/ul>\n<h2> <strong>Propriedades qu\u00edmicas e f\u00edsicas do dispr\u00f3sio<\/strong><\/h2>\n<ol>\n<li> <strong>N\u00famero at\u00f4mico:<\/strong> 66<\/li>\n<li> <strong>Per\u00edodo:<\/strong> 6<\/li>\n<li> <strong>Bloco:<\/strong> F<\/li>\n<li> <strong>Grupo:<\/strong> 3<\/li>\n<li> <strong>Densidade:<\/strong> 8551 kg\/m\u00b3<\/li>\n<li> <strong>Raio at\u00f4mico:<\/strong> 228 pm<\/li>\n<li> <strong>Raio m\u00e9dio:<\/strong> 175h<\/li>\n<li> <strong>Calor espec\u00edfico:<\/strong> 170 J\/(kg K)<\/li>\n<li> <strong>Configura\u00e7\u00e3o eletr\u00f4nica:<\/strong> [Xe] 4f <sup>10<\/sup> 6s <sup>2<\/sup><\/li>\n<li> <strong>Massa at\u00f4mica (g\/mol)<\/strong> : 162.500(1)u<\/li>\n<li> <strong>Ponto de ebuli\u00e7\u00e3o:<\/strong> 2840 K (2207 \u00b0C)<\/li>\n<li> <strong>Ponto de fus\u00e3o:<\/strong> 1680 K (1407 \u00b0C)<\/li>\n<li> <strong>El\u00e9trons por camada:<\/strong> 2, 8, 18, 28, 8, 2.<\/li>\n<li> <strong>Eletronegatividade:<\/strong> 1,22 (Pauling)<\/li>\n<li> <strong>Estado de oxida\u00e7\u00e3o:<\/strong> 3 (base baixa)<\/li>\n<li> <strong>Primeiro potencial de ioniza\u00e7\u00e3o eV:<\/strong> 573,0 kJ\/mol<\/li>\n<li> <strong>Condutividade t\u00e9rmica:<\/strong> 10,7 W\/(m*K)20.<\/li>\n<li> <strong>Condutividade el\u00e9trica:<\/strong> 1,08 \u00d7 106 m-1 \u03a9-1<\/li>\n<\/ol>\n<h2> <strong>Origem do dispr\u00f3sio<\/strong><\/h2>\n<p> Foi descoberto em 1886 pelo qu\u00edmico franc\u00eas Paul \u00c9mile Lecoq de Boisbaudran. Um dia, enquanto manipulava o \u00f3xido de h\u00f3lmio, conseguiu obter o \u00f3xido de dispr\u00f3sio dissolvendo-o num \u00e1cido e adicionando am\u00f4nia.<\/p>\n<p> Por\u00e9m, conta-se que foi na 30\u00aa tentativa que este famoso qu\u00edmico conseguiu obter o Dispr\u00f3sio, mais distintamente dos restantes elementos em que esteve imerso. No entanto, foi em 1950 que o profissional Frank Spedding, da Universidade Estadual de Iowa, conseguiu encontr\u00e1-lo puro usando t\u00e9cnicas de troca ionizada.<\/p>\n<h2> <strong>Para que \u00e9 utilizado o Dispr\u00f3sio?<\/strong><\/h2>\n<p> \u00c9 muito utilizado com outros elementos como o Van\u00e1dio, como recurso em componentes de laser, devido \u00e0 sua a\u00e7\u00e3o de filtragem de n\u00eautrons t\u00e9rmicos. Tamb\u00e9m \u00e9 valioso na produ\u00e7\u00e3o de barras de controle nuclear, devido \u00e0 sua capacidade de fus\u00e3o. Outro uso comum \u00e9 na fabrica\u00e7\u00e3o de CDs, l\u00e2mpadas, televisores e vidrarias.<\/p>\n<p> Por outro lado, \u00e9 utilizado no desenvolvimento de hastes de controle para reatores nucleares, pois, ao misturar n\u00edquel com esse elemento, elas n\u00e3o se expandem nem se contraem sob bombardeio. Al\u00e9m disso, \u00e9 utilizado no estudo de rea\u00e7\u00f5es qu\u00edmicas porque, junto com o c\u00e1dmio, provoca irradia\u00e7\u00e3o infravermelha.<\/p>\n<h2> <strong>Os efeitos negativos do dispr\u00f3sio na sa\u00fade<\/strong><\/h2>\n<p> \u00c9 conhecido como um elemento raro encontrado naturalmente em pequenas quantidades. Por\u00e9m, com o passar dos anos seu uso tornou-se muito comum em trabalhos espec\u00edficos de polimento de cristais, como no desenvolvimento de catalisadores. Por isso, seu efeito negativo est\u00e1 presente em ambientes onde \u00e9 utilizado com frequ\u00eancia. Desde ent\u00e3o, sua presen\u00e7a excessiva pode representar um perigo para o f\u00edgado, criando dep\u00f3sitos no corpo, bem como causando embolias pulmonares.<\/p>\n<h2> <strong>Efeitos do dispr\u00f3sio no meio ambiente<\/strong><\/h2>\n<p> \u00c0s vezes, o meio ambiente recebe res\u00edduos desse metal quando ele \u00e9 utilizado na fabrica\u00e7\u00e3o de aparelhos e na ind\u00fastria petrol\u00edfera. Da mesma forma, pode ser recebido no solo quando os dispositivos que o cont\u00eam s\u00e3o descartados.<\/p>\n<p> Quando esse tipo de ac\u00famulo de dispr\u00f3sio ocorre no meio ambiente, \u00e9 prejudicial a todos os seres vivos e at\u00e9 mesmo \u00e0 terra. No caso das esp\u00e9cies marinhas, isso danifica suas membranas celulares e, portanto, afeta o sistema nervoso em geral e at\u00e9 mesmo a reprodu\u00e7\u00e3o efetiva desses animais.<\/p>\n<p> Por fim, o dispr\u00f3sio \u00e9 um elemento interessante utilizado na fabrica\u00e7\u00e3o de vidros, televisores e l\u00e2mpadas. \u00c9 raro na natureza, mas deve ser utilizado com responsabilidade, caso contr\u00e1rio \u00e9 t\u00f3xico quando combinado com gases e umidade.<\/p>\n","protected":false},"excerpt":{"rendered":"<p>Este metal de transi\u00e7\u00e3o faz parte do grupo dos elementos terras raras, podemos citar tamb\u00e9m que \u00e9 composto por 7 is\u00f3topos. Da mesma forma, o dispr\u00f3sio \u00e9 um metal\u00f3ide que n\u00e3o se encontra isolado na terra, mas sim com outros lantan\u00eddeos existentes. As principais caracter\u00edsticas, propriedades e utiliza\u00e7\u00f5es s\u00e3o descritas a seguir. O que \u00e9 &#8230; <a title=\"Dispr\u00f3sio\" class=\"read-more\" href=\"https:\/\/chemuza.org\/pt\/disprosio\/\" aria-label=\"Mais em Dispr\u00f3sio\">Ler mais<\/a><\/p>\n","protected":false},"author":1,"featured_media":0,"parent":0,"menu_order":0,"comment_status":"closed","ping_status":"closed","template":"","meta":{"footnotes":""},"class_list":["post-1521","page","type-page","status-publish"],"yoast_head":"<!-- This site is optimized with the Yoast SEO plugin v21.4 - https:\/\/yoast.com\/wordpress\/plugins\/seo\/ -->\n<title>Dispr\u00f3sio - Chemuza<\/title>\n<meta name=\"robots\" content=\"index, follow, max-snippet:-1, max-image-preview:large, max-video-preview:-1\" \/>\n<link rel=\"canonical\" href=\"https:\/\/chemuza.org\/pt\/disprosio\/\" \/>\n<meta property=\"og:locale\" content=\"pt_PT\" \/>\n<meta property=\"og:type\" content=\"article\" \/>\n<meta property=\"og:title\" content=\"Dispr\u00f3sio - Chemuza\" \/>\n<meta property=\"og:description\" content=\"Este metal de transi\u00e7\u00e3o faz parte do grupo dos elementos terras raras, podemos citar tamb\u00e9m que \u00e9 composto por 7 is\u00f3topos. Da mesma forma, o dispr\u00f3sio \u00e9 um metal\u00f3ide que n\u00e3o se encontra isolado na terra, mas sim com outros lantan\u00eddeos existentes. As principais caracter\u00edsticas, propriedades e utiliza\u00e7\u00f5es s\u00e3o descritas a seguir. O que \u00e9 ... Ler mais\" \/>\n<meta property=\"og:url\" content=\"https:\/\/chemuza.org\/pt\/disprosio\/\" \/>\n<meta property=\"og:site_name\" content=\"Statorials\" \/>\n<meta name=\"twitter:card\" content=\"summary_large_image\" \/>\n<meta name=\"twitter:label1\" content=\"Tempo estimado de leitura\" \/>\n\t<meta name=\"twitter:data1\" content=\"4 minutos\" \/>\n<script type=\"application\/ld+json\" class=\"yoast-schema-graph\">{\"@context\":\"https:\/\/schema.org\",\"@graph\":[{\"@type\":\"WebPage\",\"@id\":\"https:\/\/chemuza.org\/pt\/disprosio\/\",\"url\":\"https:\/\/chemuza.org\/pt\/disprosio\/\",\"name\":\"Dispr\u00f3sio - Chemuza\",\"isPartOf\":{\"@id\":\"https:\/\/chemuza.org\/pt\/#website\"},\"datePublished\":\"2023-07-14T05:18:05+00:00\",\"dateModified\":\"2023-07-14T05:18:05+00:00\",\"breadcrumb\":{\"@id\":\"https:\/\/chemuza.org\/pt\/disprosio\/#breadcrumb\"},\"inLanguage\":\"pt-PT\",\"potentialAction\":[{\"@type\":\"ReadAction\",\"target\":[\"https:\/\/chemuza.org\/pt\/disprosio\/\"]}]},{\"@type\":\"BreadcrumbList\",\"@id\":\"https:\/\/chemuza.org\/pt\/disprosio\/#breadcrumb\",\"itemListElement\":[{\"@type\":\"ListItem\",\"position\":1,\"name\":\"Lar\",\"item\":\"https:\/\/chemuza.org\/pt\/\"},{\"@type\":\"ListItem\",\"position\":2,\"name\":\"Dispr\u00f3sio\"}]},{\"@type\":\"WebSite\",\"@id\":\"https:\/\/chemuza.org\/pt\/#website\",\"url\":\"https:\/\/chemuza.org\/pt\/\",\"name\":\"Chemuza\",\"description\":\"Sua porta de entrada para a descoberta qu\u00edmica!\",\"publisher\":{\"@id\":\"https:\/\/chemuza.org\/pt\/#organization\"},\"potentialAction\":[{\"@type\":\"SearchAction\",\"target\":{\"@type\":\"EntryPoint\",\"urlTemplate\":\"https:\/\/chemuza.org\/pt\/?s={search_term_string}\"},\"query-input\":\"required name=search_term_string\"}],\"inLanguage\":\"pt-PT\"},{\"@type\":\"Organization\",\"@id\":\"https:\/\/chemuza.org\/pt\/#organization\",\"name\":\"Chemuza\",\"url\":\"https:\/\/chemuza.org\/pt\/\",\"logo\":{\"@type\":\"ImageObject\",\"inLanguage\":\"pt-PT\",\"@id\":\"https:\/\/chemuza.org\/pt\/#\/schema\/logo\/image\/\",\"url\":\"https:\/\/chemuza.org\/pt\/wp-content\/uploads\/2023\/10\/chemuza-logo.png\",\"contentUrl\":\"https:\/\/chemuza.org\/pt\/wp-content\/uploads\/2023\/10\/chemuza-logo.png\",\"width\":387,\"height\":70,\"caption\":\"Chemuza\"},\"image\":{\"@id\":\"https:\/\/chemuza.org\/pt\/#\/schema\/logo\/image\/\"}}]}<\/script>\n<!-- \/ Yoast SEO plugin. -->","yoast_head_json":{"title":"Dispr\u00f3sio - Chemuza","robots":{"index":"index","follow":"follow","max-snippet":"max-snippet:-1","max-image-preview":"max-image-preview:large","max-video-preview":"max-video-preview:-1"},"canonical":"https:\/\/chemuza.org\/pt\/disprosio\/","og_locale":"pt_PT","og_type":"article","og_title":"Dispr\u00f3sio - Chemuza","og_description":"Este metal de transi\u00e7\u00e3o faz parte do grupo dos elementos terras raras, podemos citar tamb\u00e9m que \u00e9 composto por 7 is\u00f3topos. Da mesma forma, o dispr\u00f3sio \u00e9 um metal\u00f3ide que n\u00e3o se encontra isolado na terra, mas sim com outros lantan\u00eddeos existentes. As principais caracter\u00edsticas, propriedades e utiliza\u00e7\u00f5es s\u00e3o descritas a seguir. O que \u00e9 ... Ler mais","og_url":"https:\/\/chemuza.org\/pt\/disprosio\/","og_site_name":"Statorials","twitter_card":"summary_large_image","twitter_misc":{"Tempo estimado de leitura":"4 minutos"},"schema":{"@context":"https:\/\/schema.org","@graph":[{"@type":"WebPage","@id":"https:\/\/chemuza.org\/pt\/disprosio\/","url":"https:\/\/chemuza.org\/pt\/disprosio\/","name":"Dispr\u00f3sio - Chemuza","isPartOf":{"@id":"https:\/\/chemuza.org\/pt\/#website"},"datePublished":"2023-07-14T05:18:05+00:00","dateModified":"2023-07-14T05:18:05+00:00","breadcrumb":{"@id":"https:\/\/chemuza.org\/pt\/disprosio\/#breadcrumb"},"inLanguage":"pt-PT","potentialAction":[{"@type":"ReadAction","target":["https:\/\/chemuza.org\/pt\/disprosio\/"]}]},{"@type":"BreadcrumbList","@id":"https:\/\/chemuza.org\/pt\/disprosio\/#breadcrumb","itemListElement":[{"@type":"ListItem","position":1,"name":"Lar","item":"https:\/\/chemuza.org\/pt\/"},{"@type":"ListItem","position":2,"name":"Dispr\u00f3sio"}]},{"@type":"WebSite","@id":"https:\/\/chemuza.org\/pt\/#website","url":"https:\/\/chemuza.org\/pt\/","name":"Chemuza","description":"Sua porta de entrada para a descoberta qu\u00edmica!","publisher":{"@id":"https:\/\/chemuza.org\/pt\/#organization"},"potentialAction":[{"@type":"SearchAction","target":{"@type":"EntryPoint","urlTemplate":"https:\/\/chemuza.org\/pt\/?s={search_term_string}"},"query-input":"required name=search_term_string"}],"inLanguage":"pt-PT"},{"@type":"Organization","@id":"https:\/\/chemuza.org\/pt\/#organization","name":"Chemuza","url":"https:\/\/chemuza.org\/pt\/","logo":{"@type":"ImageObject","inLanguage":"pt-PT","@id":"https:\/\/chemuza.org\/pt\/#\/schema\/logo\/image\/","url":"https:\/\/chemuza.org\/pt\/wp-content\/uploads\/2023\/10\/chemuza-logo.png","contentUrl":"https:\/\/chemuza.org\/pt\/wp-content\/uploads\/2023\/10\/chemuza-logo.png","width":387,"height":70,"caption":"Chemuza"},"image":{"@id":"https:\/\/chemuza.org\/pt\/#\/schema\/logo\/image\/"}}]}},"yoast_meta":{"yoast_wpseo_title":"","yoast_wpseo_metadesc":"","yoast_wpseo_canonical":""},"_links":{"self":[{"href":"https:\/\/chemuza.org\/pt\/wp-json\/wp\/v2\/pages\/1521","targetHints":{"allow":["GET"]}}],"collection":[{"href":"https:\/\/chemuza.org\/pt\/wp-json\/wp\/v2\/pages"}],"about":[{"href":"https:\/\/chemuza.org\/pt\/wp-json\/wp\/v2\/types\/page"}],"author":[{"embeddable":true,"href":"https:\/\/chemuza.org\/pt\/wp-json\/wp\/v2\/users\/1"}],"replies":[{"embeddable":true,"href":"https:\/\/chemuza.org\/pt\/wp-json\/wp\/v2\/comments?post=1521"}],"version-history":[{"count":0,"href":"https:\/\/chemuza.org\/pt\/wp-json\/wp\/v2\/pages\/1521\/revisions"}],"wp:attachment":[{"href":"https:\/\/chemuza.org\/pt\/wp-json\/wp\/v2\/media?parent=1521"}],"curies":[{"name":"wp","href":"https:\/\/api.w.org\/{rel}","templated":true}]}}