{"id":1520,"date":"2023-07-14T05:59:12","date_gmt":"2023-07-14T05:59:12","guid":{"rendered":"https:\/\/chemuza.org\/pt\/terbio\/"},"modified":"2023-07-14T05:59:12","modified_gmt":"2023-07-14T05:59:12","slug":"terbio","status":"publish","type":"page","link":"https:\/\/chemuza.org\/pt\/terbio\/","title":{"rendered":"T\u00e9rbio"},"content":{"rendered":"<p>Este metal\u00f3ide tem n\u00famero at\u00f4mico 65 na tabela peri\u00f3dica. Al\u00e9m disso, \u00e9 conhecido por ser um material de transi\u00e7\u00e3o interna, identificado como origin\u00e1rio de terras raras na forma de \u00f3xido. Sua concentra\u00e7\u00e3o na crosta terrestre \u00e9 de 0,09 ppm. A seguir, conhe\u00e7a um pouco mais sobre os fatos qu\u00edmicos do T\u00e9rbio.<\/p>\n<h2> <strong>O que \u00e9 T\u00e9rbio?<\/strong><\/h2>\n<p> \u00c9 um elemento s\u00f3lido, de cor branca, com reflexos prateados, mas uma vez dissolvido torna-se incolor. Da mesma forma, este material \u00e9 d\u00factil ou male\u00e1vel em sua totalidade, n\u00e3o \u00e9 um material independente, mas \u00e9 encontrado com outros elementos lantan\u00eddeos. Al\u00e9m disso, reage lentamente em \u00e1gua quente.<\/p>\n<h3> <strong>S\u00edmbolo de t\u00e9rbio<\/strong><\/h3>\n<p> <span class=\"content-chemical-element\" style=\"float: left;width: 65px;height: 65px;border: 3px solid #666; display:flex;\n    justify-content: center;align-items: center;margin-right: 15px;\"><span style=\"font-size: 38px;\">Tb<\/span><\/span> Seu nome vem da cidade sueca de <em>Ytterby<\/em> , onde foi visto pela primeira vez por Mosander, qu\u00edmico que o detectou e desenvolveu seu estudo. Nesta investiga\u00e7\u00e3o, o T\u00e9rbio foi descrito como um elemento textural fraco, capaz de ser cortado com objeto pontiagudo.<\/p>\n<h2> <strong>Caracter\u00edsticas do t\u00e9rbio<\/strong><\/h2>\n<p> Uma de suas particularidades \u00e9 que pode ficar exposto ao ar por muito tempo e permanecer est\u00e1vel \u00e0 temperatura ambiente. Sua cor branca com reflexos prateados, quando oxidada, torna-se marrom intensa. Outros recursos importantes incluem:<\/p>\n<ul>\n<li> <strong>Condi\u00e7\u00e3o<\/strong> : Textura s\u00f3lida e pulverizada.<\/li>\n<li> <strong>Cor<\/strong> : Apresenta um aspecto entre o branco e o prateado.<\/li>\n<li> <strong>Sabor e cheiro<\/strong> : Amargo e sem odor espec\u00edfico.<\/li>\n<li> <strong>Solubilidade<\/strong> : \u00c9 sol\u00favel em \u00e1cidos definidos.<\/li>\n<li> <strong>Toxicidade<\/strong> : Moderada se seu uso for peri\u00f3dico.<\/li>\n<li> <strong>Reatividade<\/strong> : Geralmente \u00e9 reativo com oxig\u00eanio e \u00e1cidos.<\/li>\n<li> <strong>Estrutura<\/strong> : Cristalino hexagonal.<\/li>\n<li> <strong>Composi\u00e7\u00e3o<\/strong> : A estrutura at\u00f4mica do T\u00e9rbio \u00e9 de 65 pr\u00f3tons e 65 el\u00e9trons.<\/li>\n<\/ul>\n<h2> <strong>Propriedades qu\u00edmicas e f\u00edsicas do T\u00e9rbio<\/strong><\/h2>\n<ol>\n<li> <strong>N\u00famero at\u00f4mico<\/strong> : 65<\/li>\n<li> <strong>Per\u00edodo<\/strong> : 6<\/li>\n<li> <strong>Bloco<\/strong> : F<\/li>\n<li> <strong>Grupo<\/strong> : 3<\/li>\n<li> <strong>Densidade:<\/strong> 8219kg\/m\u00b3<\/li>\n<li> <strong>Ponto de fus\u00e3o:<\/strong> 1356\u00b0C<\/li>\n<li> <strong>Raio at\u00f4mico:<\/strong> 1,80<\/li>\n<li> <strong>Raio m\u00e9dio:<\/strong> 175h<\/li>\n<li> <strong>Eletronegatividade:<\/strong> 1,2<\/li>\n<li> <strong>Estado de oxida\u00e7\u00e3o:<\/strong> +3<\/li>\n<li> <strong>\u00d3xido:<\/strong> Ligeiramente b\u00e1sico.<\/li>\n<li> <strong>Calor espec\u00edfico:<\/strong> 10,8 kJ\/mol<\/li>\n<li> <strong>Configura\u00e7\u00e3o eletr\u00f4nica:<\/strong> [Xe] 4f <sup>9<\/sup> 6s <sup>2<\/sup><\/li>\n<li> <strong>Massa at\u00f4mica (g\/mol):<\/strong> 158,924 u<\/li>\n<li> <strong>El\u00e9trons por camada:<\/strong> 2, 8, 18, 27, 8, 2<\/li>\n<li> <strong>Primeiro potencial de ioniza\u00e7\u00e3o eV:<\/strong> 6,76 kJ\/mol<\/li>\n<li> <strong>Condutividade t\u00e9rmica:<\/strong> 11,1 W\/(K\u00b7m)<\/li>\n<li> <strong>Condutividade el\u00e9trica:<\/strong> 0,889 \u00d7 106S\/m<\/li>\n<li> <strong>Raio covalente (\u00c5):<\/strong> 13h59<\/li>\n<li> <strong>Ponto de ebuli\u00e7\u00e3o:<\/strong> 2800\u00b0C<\/li>\n<\/ol>\n<h2> <strong>Origem do T\u00e9rbio<\/strong><\/h2>\n<p> Foi revelado em 1843 pelo sueco Carl Gustaf Mosander na forma de um res\u00edduo presente no mineral \u00edtrio. Sua identifica\u00e7\u00e3o se deve \u00e0 cidade de Ytterby, na Su\u00e9cia, onde foi detectado pela primeira vez. Por\u00e9m, s\u00f3 em 1905 \u00e9 que foi separado de forma pura com a aplica\u00e7\u00e3o de diferentes t\u00e9cnicas para este processo, por Georges Urbain. O t\u00e9rbio \u00e9 um metal encontrado em elementos como prata e merc\u00fario.<\/p>\n<h2> <strong>Para que \u00e9 usado o T\u00e9rbio?<\/strong><\/h2>\n<p> \u00c9 utilizado para adulterar os componentes utilizados em minerais como tungst\u00eanio ou fluoreto de c\u00e1lcio, entre outros, utilizados para realizar diversos procedimentos ou fabrica\u00e7\u00e3o. Da mesma forma, seu uso com oxossulfato \u00e9 um dos principais nas atividades radiol\u00f3gicas. Al\u00e9m disso, possui outras utilidades:<\/p>\n<ul>\n<li> No desenvolvimento da mat\u00e9ria eletr\u00f4nica, gra\u00e7as \u00e0 sua uni\u00e3o com o \u00f3xido de zirc\u00f4nio.<\/li>\n<li> Como vidro estabilizador, na cria\u00e7\u00e3o de materiais combust\u00edveis a altas temperaturas.<\/li>\n<li> Muito \u00fatil na fabrica\u00e7\u00e3o de l\u00e2mpadas fluorescentes e tubos para transmiss\u00e3o de imagens em telas de televis\u00e3o, gra\u00e7as ao uso de seu \u00f3xido e de seus f\u00f3sforos verdes.<\/li>\n<li> Juntamente com o borato de s\u00f3dio, \u00e9 ideal para produzir luz laser de boa qualidade e alcance adequado.<\/li>\n<li> \u00c9 absoluto para constru\u00e7\u00f5es magn\u00e9ticas, devido aos componentes que possui.<\/li>\n<li> Usado para \u00edm\u00e3s de alta pot\u00eancia, utilizando boro e metal.<\/li>\n<\/ul>\n<h2> <strong>Como obter o T\u00e9rbio?<\/strong><\/h2>\n<p> Pode ser detectado em certos minerais como Monazita, Gadolinita e Auxenida, mesmo quando cont\u00eam apenas 15% deste metal\u00f3ide. Este composto met\u00e1lico \u00e9 mais procurado no sul da China. Por outro lado, em 2011 v\u00e1rios estudos revelaram que existem reservas significativas deste metal no fundo do mar muito pr\u00f3ximo do Havai, onde existem v\u00e1rias jazidas ideais para a sua produ\u00e7\u00e3o.<\/p>\n<h2> <strong>Import\u00e2ncia da produ\u00e7\u00e3o de T\u00e9rbio<\/strong><\/h2>\n<p> Este metal\u00f3ide \u00e9 de grande import\u00e2ncia a n\u00edvel industrial porque, juntamente com outros elementos, \u00e9 utilizado em diversos processos produtivos. Em meados de 2012, foi publicado um relat\u00f3rio identificando o T\u00e9rbio como um dos metais em risco de desaparecer da superf\u00edcie terrestre, devido \u00e0 sua baixa concentra\u00e7\u00e3o. No entanto, seu uso para polir cristais e criar catalisadores aumenta a cada dia.<\/p>\n<p> Em resumo, o T\u00e9rbio \u00e9 um metal bastante conhecido e de utiliza\u00e7\u00e3o essencial para diversos processos a n\u00edvel industrial. No entanto, o acesso e a disponibilidade deste metal s\u00e3o raros, representando uma preocupa\u00e7\u00e3o global.<\/p>\n","protected":false},"excerpt":{"rendered":"<p>Este metal\u00f3ide tem n\u00famero at\u00f4mico 65 na tabela peri\u00f3dica. Al\u00e9m disso, \u00e9 conhecido por ser um material de transi\u00e7\u00e3o interna, identificado como origin\u00e1rio de terras raras na forma de \u00f3xido. Sua concentra\u00e7\u00e3o na crosta terrestre \u00e9 de 0,09 ppm. A seguir, conhe\u00e7a um pouco mais sobre os fatos qu\u00edmicos do T\u00e9rbio. O que \u00e9 T\u00e9rbio? &#8230; <a title=\"T\u00e9rbio\" class=\"read-more\" href=\"https:\/\/chemuza.org\/pt\/terbio\/\" aria-label=\"Mais em T\u00e9rbio\">Ler mais<\/a><\/p>\n","protected":false},"author":1,"featured_media":0,"parent":0,"menu_order":0,"comment_status":"closed","ping_status":"closed","template":"","meta":{"footnotes":""},"class_list":["post-1520","page","type-page","status-publish"],"yoast_head":"<!-- This site is optimized with the Yoast SEO plugin v21.4 - https:\/\/yoast.com\/wordpress\/plugins\/seo\/ -->\n<title>T\u00e9rbio - Chemuza<\/title>\n<meta name=\"robots\" content=\"index, follow, max-snippet:-1, max-image-preview:large, max-video-preview:-1\" \/>\n<link rel=\"canonical\" href=\"https:\/\/chemuza.org\/pt\/terbio\/\" \/>\n<meta property=\"og:locale\" content=\"pt_PT\" \/>\n<meta property=\"og:type\" content=\"article\" \/>\n<meta property=\"og:title\" content=\"T\u00e9rbio - Chemuza\" \/>\n<meta property=\"og:description\" content=\"Este metal\u00f3ide tem n\u00famero at\u00f4mico 65 na tabela peri\u00f3dica. Al\u00e9m disso, \u00e9 conhecido por ser um material de transi\u00e7\u00e3o interna, identificado como origin\u00e1rio de terras raras na forma de \u00f3xido. Sua concentra\u00e7\u00e3o na crosta terrestre \u00e9 de 0,09 ppm. A seguir, conhe\u00e7a um pouco mais sobre os fatos qu\u00edmicos do T\u00e9rbio. O que \u00e9 T\u00e9rbio? ... Ler mais\" \/>\n<meta property=\"og:url\" content=\"https:\/\/chemuza.org\/pt\/terbio\/\" \/>\n<meta property=\"og:site_name\" content=\"Statorials\" \/>\n<meta name=\"twitter:card\" content=\"summary_large_image\" \/>\n<meta name=\"twitter:label1\" content=\"Tempo estimado de leitura\" \/>\n\t<meta name=\"twitter:data1\" content=\"4 minutos\" \/>\n<script type=\"application\/ld+json\" class=\"yoast-schema-graph\">{\"@context\":\"https:\/\/schema.org\",\"@graph\":[{\"@type\":\"WebPage\",\"@id\":\"https:\/\/chemuza.org\/pt\/terbio\/\",\"url\":\"https:\/\/chemuza.org\/pt\/terbio\/\",\"name\":\"T\u00e9rbio - Chemuza\",\"isPartOf\":{\"@id\":\"https:\/\/chemuza.org\/pt\/#website\"},\"datePublished\":\"2023-07-14T05:59:12+00:00\",\"dateModified\":\"2023-07-14T05:59:12+00:00\",\"breadcrumb\":{\"@id\":\"https:\/\/chemuza.org\/pt\/terbio\/#breadcrumb\"},\"inLanguage\":\"pt-PT\",\"potentialAction\":[{\"@type\":\"ReadAction\",\"target\":[\"https:\/\/chemuza.org\/pt\/terbio\/\"]}]},{\"@type\":\"BreadcrumbList\",\"@id\":\"https:\/\/chemuza.org\/pt\/terbio\/#breadcrumb\",\"itemListElement\":[{\"@type\":\"ListItem\",\"position\":1,\"name\":\"Lar\",\"item\":\"https:\/\/chemuza.org\/pt\/\"},{\"@type\":\"ListItem\",\"position\":2,\"name\":\"T\u00e9rbio\"}]},{\"@type\":\"WebSite\",\"@id\":\"https:\/\/chemuza.org\/pt\/#website\",\"url\":\"https:\/\/chemuza.org\/pt\/\",\"name\":\"Chemuza\",\"description\":\"Sua porta de entrada para a descoberta qu\u00edmica!\",\"publisher\":{\"@id\":\"https:\/\/chemuza.org\/pt\/#organization\"},\"potentialAction\":[{\"@type\":\"SearchAction\",\"target\":{\"@type\":\"EntryPoint\",\"urlTemplate\":\"https:\/\/chemuza.org\/pt\/?s={search_term_string}\"},\"query-input\":\"required name=search_term_string\"}],\"inLanguage\":\"pt-PT\"},{\"@type\":\"Organization\",\"@id\":\"https:\/\/chemuza.org\/pt\/#organization\",\"name\":\"Chemuza\",\"url\":\"https:\/\/chemuza.org\/pt\/\",\"logo\":{\"@type\":\"ImageObject\",\"inLanguage\":\"pt-PT\",\"@id\":\"https:\/\/chemuza.org\/pt\/#\/schema\/logo\/image\/\",\"url\":\"https:\/\/chemuza.org\/pt\/wp-content\/uploads\/2023\/10\/chemuza-logo.png\",\"contentUrl\":\"https:\/\/chemuza.org\/pt\/wp-content\/uploads\/2023\/10\/chemuza-logo.png\",\"width\":387,\"height\":70,\"caption\":\"Chemuza\"},\"image\":{\"@id\":\"https:\/\/chemuza.org\/pt\/#\/schema\/logo\/image\/\"}}]}<\/script>\n<!-- \/ Yoast SEO plugin. -->","yoast_head_json":{"title":"T\u00e9rbio - Chemuza","robots":{"index":"index","follow":"follow","max-snippet":"max-snippet:-1","max-image-preview":"max-image-preview:large","max-video-preview":"max-video-preview:-1"},"canonical":"https:\/\/chemuza.org\/pt\/terbio\/","og_locale":"pt_PT","og_type":"article","og_title":"T\u00e9rbio - Chemuza","og_description":"Este metal\u00f3ide tem n\u00famero at\u00f4mico 65 na tabela peri\u00f3dica. Al\u00e9m disso, \u00e9 conhecido por ser um material de transi\u00e7\u00e3o interna, identificado como origin\u00e1rio de terras raras na forma de \u00f3xido. Sua concentra\u00e7\u00e3o na crosta terrestre \u00e9 de 0,09 ppm. A seguir, conhe\u00e7a um pouco mais sobre os fatos qu\u00edmicos do T\u00e9rbio. O que \u00e9 T\u00e9rbio? ... Ler mais","og_url":"https:\/\/chemuza.org\/pt\/terbio\/","og_site_name":"Statorials","twitter_card":"summary_large_image","twitter_misc":{"Tempo estimado de leitura":"4 minutos"},"schema":{"@context":"https:\/\/schema.org","@graph":[{"@type":"WebPage","@id":"https:\/\/chemuza.org\/pt\/terbio\/","url":"https:\/\/chemuza.org\/pt\/terbio\/","name":"T\u00e9rbio - Chemuza","isPartOf":{"@id":"https:\/\/chemuza.org\/pt\/#website"},"datePublished":"2023-07-14T05:59:12+00:00","dateModified":"2023-07-14T05:59:12+00:00","breadcrumb":{"@id":"https:\/\/chemuza.org\/pt\/terbio\/#breadcrumb"},"inLanguage":"pt-PT","potentialAction":[{"@type":"ReadAction","target":["https:\/\/chemuza.org\/pt\/terbio\/"]}]},{"@type":"BreadcrumbList","@id":"https:\/\/chemuza.org\/pt\/terbio\/#breadcrumb","itemListElement":[{"@type":"ListItem","position":1,"name":"Lar","item":"https:\/\/chemuza.org\/pt\/"},{"@type":"ListItem","position":2,"name":"T\u00e9rbio"}]},{"@type":"WebSite","@id":"https:\/\/chemuza.org\/pt\/#website","url":"https:\/\/chemuza.org\/pt\/","name":"Chemuza","description":"Sua porta de entrada para a descoberta qu\u00edmica!","publisher":{"@id":"https:\/\/chemuza.org\/pt\/#organization"},"potentialAction":[{"@type":"SearchAction","target":{"@type":"EntryPoint","urlTemplate":"https:\/\/chemuza.org\/pt\/?s={search_term_string}"},"query-input":"required name=search_term_string"}],"inLanguage":"pt-PT"},{"@type":"Organization","@id":"https:\/\/chemuza.org\/pt\/#organization","name":"Chemuza","url":"https:\/\/chemuza.org\/pt\/","logo":{"@type":"ImageObject","inLanguage":"pt-PT","@id":"https:\/\/chemuza.org\/pt\/#\/schema\/logo\/image\/","url":"https:\/\/chemuza.org\/pt\/wp-content\/uploads\/2023\/10\/chemuza-logo.png","contentUrl":"https:\/\/chemuza.org\/pt\/wp-content\/uploads\/2023\/10\/chemuza-logo.png","width":387,"height":70,"caption":"Chemuza"},"image":{"@id":"https:\/\/chemuza.org\/pt\/#\/schema\/logo\/image\/"}}]}},"yoast_meta":{"yoast_wpseo_title":"","yoast_wpseo_metadesc":"","yoast_wpseo_canonical":""},"_links":{"self":[{"href":"https:\/\/chemuza.org\/pt\/wp-json\/wp\/v2\/pages\/1520","targetHints":{"allow":["GET"]}}],"collection":[{"href":"https:\/\/chemuza.org\/pt\/wp-json\/wp\/v2\/pages"}],"about":[{"href":"https:\/\/chemuza.org\/pt\/wp-json\/wp\/v2\/types\/page"}],"author":[{"embeddable":true,"href":"https:\/\/chemuza.org\/pt\/wp-json\/wp\/v2\/users\/1"}],"replies":[{"embeddable":true,"href":"https:\/\/chemuza.org\/pt\/wp-json\/wp\/v2\/comments?post=1520"}],"version-history":[{"count":0,"href":"https:\/\/chemuza.org\/pt\/wp-json\/wp\/v2\/pages\/1520\/revisions"}],"wp:attachment":[{"href":"https:\/\/chemuza.org\/pt\/wp-json\/wp\/v2\/media?parent=1520"}],"curies":[{"name":"wp","href":"https:\/\/api.w.org\/{rel}","templated":true}]}}