{"id":1518,"date":"2023-07-14T06:42:28","date_gmt":"2023-07-14T06:42:28","guid":{"rendered":"https:\/\/chemuza.org\/pt\/europio\/"},"modified":"2023-07-14T06:42:28","modified_gmt":"2023-07-14T06:42:28","slug":"europio","status":"publish","type":"page","link":"https:\/\/chemuza.org\/pt\/europio\/","title":{"rendered":"Eur\u00f3pio"},"content":{"rendered":"<p>O eur\u00f3pio \u00e9 um dos elementos qu\u00edmicos lantan\u00eddeos menos abundantes encontrados na crosta terrestre, a um n\u00edvel de 0,3 ppm. Destaca-se por ser o mais reativo e o segundo mais vol\u00e1til que existe, al\u00e9m disso, gera consider\u00e1vel press\u00e3o de vapor no seu ponto de fus\u00e3o. \u00c9 utilizado na \u00e1rea nuclear e \u00e9 a principal fonte de outros processos industriais. Conhe\u00e7a nesta se\u00e7\u00e3o todos os benef\u00edcios que produz.<\/p>\n<h2> <strong>O que \u00e9 Eur\u00f3pio?<\/strong><\/h2>\n<p> Este metal\u00f3ide est\u00e1 localizado no per\u00edodo 6 da tabela peri\u00f3dica. De consist\u00eancia dura, mas facilmente male\u00e1vel, sua cor em seu estado natural \u00e9 prata esbranqui\u00e7ada ou fosca devido ao seu grande poder oxidante. Reage facilmente com o oxig\u00eanio do ar e da \u00e1gua. Al\u00e9m disso, possui is\u00f3topos est\u00e1veis e naturais.<\/p>\n<h3> <strong>S\u00edmbolo da Europa<\/strong><\/h3>\n<p> <span class=\"content-chemical-element\" style=\"float: left;width: 65px;height: 65px;border: 3px solid #666; display:flex;\n    justify-content: center;align-items: center;margin-right: 15px;\"><span style=\"font-size: 38px;\">Eu<\/span><\/span> A palavra Eur\u00f3pio homenageia a Europa, designada pelo seu descobridor Eug\u00e8ne Antole Demarcay, qu\u00edmico franc\u00eas, porque prov\u00e9m deste continente e o elemento qu\u00edmico foi localizado pela primeira vez na Su\u00e9cia.<\/p>\n<h2> <strong>Caracter\u00edsticas do Eur\u00f3pio<\/strong><\/h2>\n<p> Possui caracter\u00edsticas paramagn\u00e9ticas, com composi\u00e7\u00e3o terrestre com vida \u00fatil m\u00e9dia e longa entre 5 x 10 anos. Sua cor permite que certos minerais como a fluorita e outros elementos qu\u00edmicos fiquem fluorescentes. Observamos tamb\u00e9m outra s\u00e9rie de caracter\u00edsticas distintivas:<\/p>\n<ul>\n<li> <strong>Condi\u00e7\u00e3o<\/strong> : S\u00f3lido.<\/li>\n<li> <strong>Cor<\/strong> : Esbranqui\u00e7ada, prateada sem brilho.<\/li>\n<li> <strong>Solubilidade<\/strong> : O \u00f3xido de eur\u00f3pio \u00e9 insol\u00favel em \u00e1gua.<\/li>\n<li> <strong>Toxicidade<\/strong> : A exposi\u00e7\u00e3o baixa e frequente \u00e0 inala\u00e7\u00e3o dos seus gases \u00e9 t\u00f3xica.<\/li>\n<li> <strong>Reatividade<\/strong> : Reage com o oxig\u00eanio do ar ou com a \u00e1gua para criar hidr\u00f3xidos.<\/li>\n<li> <strong>Estrutura<\/strong> : Forma c\u00fabica cristalina e centrada.<\/li>\n<li> <strong>Composi\u00e7\u00e3o<\/strong> : Possui 63 el\u00e9trons e 88 n\u00eautrons.<\/li>\n<\/ul>\n<h2> <strong>Propriedades qu\u00edmicas e f\u00edsicas do eur\u00f3pio<\/strong><\/h2>\n<ol>\n<li> <strong>N\u00famero at\u00f4mico<\/strong> : 63<\/li>\n<li> <strong>Per\u00edodo<\/strong> : 6<\/li>\n<li> <strong>Bloco<\/strong> : F<\/li>\n<li> <strong>Grupo<\/strong> : Lantan\u00eddeos<\/li>\n<li> <strong>Val\u00eancia:<\/strong> 2,3<\/li>\n<li> <strong>Raio covalente (\u00c5):<\/strong> 1,85<\/li>\n<li> <strong>Densidade:<\/strong> 5244 kg\/m\u00b3<\/li>\n<li> <strong>Ponto de fus\u00e3o:<\/strong> 826\u00b0C<\/li>\n<li> <strong>Raio at\u00f4mico:<\/strong> 2,04 \u00c5<\/li>\n<li> <strong>Raio i\u00f4nico:<\/strong> 1,12 \u00c5<\/li>\n<li> <strong>Eletronegatividade:<\/strong> 1,2<\/li>\n<li> <strong>Estado de oxida\u00e7\u00e3o:<\/strong> +2<\/li>\n<li> <strong>Ferrugem:<\/strong> Ligeiramente b\u00e1sico.<\/li>\n<li> <strong>Calor espec\u00edfico:<\/strong> 180 J\/(K.kg)<\/li>\n<li> <strong>Ponto de ebuli\u00e7\u00e3o:<\/strong> 1439\u00b0C<\/li>\n<li> <strong>El\u00e9trons por camada:<\/strong> 2, 8, 18, 25, 8, 2<\/li>\n<li> <strong>Configura\u00e7\u00e3o eletr\u00f4nica:<\/strong> [Xe]6s <sup>2<\/sup> 4f <sup>7<\/sup><\/li>\n<li> <strong>Massa at\u00f4mica (g\/mol):<\/strong> 151,964 g\/mol<\/li>\n<li> <strong>Primeiro potencial de ioniza\u00e7\u00e3o eV:<\/strong> 547,1 kJ\/mol<\/li>\n<li> <strong>Condutividade t\u00e9rmica:<\/strong> 13,9 W\/(Km)<\/li>\n<li> <strong>Condutividade el\u00e9trica:<\/strong> 1,12 S\/m<\/li>\n<\/ol>\n<h2> <strong>Origem do Eur\u00f3pio<\/strong><\/h2>\n<p> Foi descoberto em 1896 ap\u00f3s uma s\u00e9rie de processos qu\u00edmicos realizados por Eug\u00e8ne-Antole Demarcay. Mais tarde, Sir Willian Crookes descobriu um novo elemento atrav\u00e9s da an\u00e1lise espectrosc\u00f3pica dos minerais Sam\u00e1rio e T\u00e9rbio, sem conseguir identific\u00e1-lo claramente. No entanto, em 1901, o pr\u00f3prio Demarcay conseguiu isolar o metal\u00f3ide sintetizando o sal de Eur\u00f3pio e nomeando-o pelo m\u00e9rito de sua descoberta.<\/p>\n<h2> <strong>Para que \u00e9 utilizado o Eur\u00f3pio?<\/strong><\/h2>\n<p> Esse elemento possui alto grau de reatividade, por isso \u00e9 utilizado na fabrica\u00e7\u00e3o de um veneno nuclear que ajuda a equilibrar o excesso de energia reativa em reatores nucleares. Outros usos s\u00e3o:<\/p>\n<ul>\n<li> Produ\u00e7\u00e3o de raios laser.<\/li>\n<li> Produz radionucl\u00eddeos terap\u00eauticos para met\u00e1stases \u00f3sseas.<\/li>\n<li> Equipamento para calibra\u00e7\u00e3o de espectr\u00f4metros de raios gama.<\/li>\n<li> Em geoqu\u00edmica, \u00e9 utilizado para identificar processos geol\u00f3gicos.<\/li>\n<\/ul>\n<p> Al\u00e9m disso, este metal\u00f3ide \u00e9 frequentemente usado em ligas met\u00e1licas e cer\u00e2micas.<\/p>\n<h2> <strong>Usos do Eur\u00f3pio no doping<\/strong><\/h2>\n<p> \u00c9 particularmente utilizado em dopagem, ou seja, uma pequena quantidade de metal\u00f3ide \u00e9 colocada num mineral para modificar a sua estrutura. Um exemplo \u00e9 a combina\u00e7\u00e3o de eur\u00f3pio e f\u00f3sforo para dar cor e brilho a este \u00faltimo elemento, utilizado em telas de televisores e monitores de plasma.<\/p>\n<p> Da mesma forma, o eur\u00f3pio vermelho ou em estado de oxida\u00e7\u00e3o +3 \u00e9 misturado com uma parte de cor +2 ou azul e f\u00f3sforo, o que gera luz branca fluorescente. Atrav\u00e9s deste procedimento obt\u00e9m-se a fluoresc\u00eancia da fluorita, bem como de l\u00e2mpadas e bulbos.<\/p>\n<p> Al\u00e9m disso, o eur\u00f3pio \u00e9 misturado com compostos de ortovanadato de \u00edtrio para dar cor vermelha e brilho aos televisores. Al\u00e9m disso, \u00e9 utilizado em bancos europeus para marca\u00e7\u00e3o antifalsifica\u00e7\u00e3o.<\/p>\n<h2> <strong>Pa\u00edses produtores do elemento qu\u00edmico Eur\u00f3pio<\/strong><\/h2>\n<p> O principal produtor deste metal\u00f3ide \u00e9 a China, que, juntamente com outros elementos de terras raras, mant\u00e9m o mercado global com 95% da produ\u00e7\u00e3o. Isto \u00e9 seguido pelos Estados Unidos e pa\u00edses como R\u00fassia, Vietn\u00e3, Mal\u00e1sia, \u00cdndia e Austr\u00e1lia.<\/p>\n<p> O eur\u00f3pio \u00e9 encontrado principalmente na areia dos minerais bastnasita e monazita, \u00e9 a combina\u00e7\u00e3o de fosfatos de c\u00e1lcio, c\u00e9rio e t\u00f3rio. Embora exista em pequenas quantidades e a sua extrac\u00e7\u00e3o envolva um procedimento rigoroso e dispendioso, este metal\u00f3ide \u00e9 muito procurado devido \u00e0s diversas aplica\u00e7\u00f5es e utiliza\u00e7\u00f5es que lhe s\u00e3o dadas hoje.<\/p>\n<p> Finalmente, o eur\u00f3pio est\u00e1 entre os metal\u00f3ides de terras raras mais reativos existentes, com liga male\u00e1vel e caracter\u00edsticas de f\u00e1cil dopagem com outros elementos e minerais. \u00c9 usado para obter cores vivas de televisores, monitores e a fluoresc\u00eancia de muitas luzes.<\/p>\n","protected":false},"excerpt":{"rendered":"<p>O eur\u00f3pio \u00e9 um dos elementos qu\u00edmicos lantan\u00eddeos menos abundantes encontrados na crosta terrestre, a um n\u00edvel de 0,3 ppm. Destaca-se por ser o mais reativo e o segundo mais vol\u00e1til que existe, al\u00e9m disso, gera consider\u00e1vel press\u00e3o de vapor no seu ponto de fus\u00e3o. \u00c9 utilizado na \u00e1rea nuclear e \u00e9 a principal fonte &#8230; <a title=\"Eur\u00f3pio\" class=\"read-more\" href=\"https:\/\/chemuza.org\/pt\/europio\/\" aria-label=\"Mais em Eur\u00f3pio\">Ler mais<\/a><\/p>\n","protected":false},"author":1,"featured_media":0,"parent":0,"menu_order":0,"comment_status":"closed","ping_status":"closed","template":"","meta":{"footnotes":""},"class_list":["post-1518","page","type-page","status-publish"],"yoast_head":"<!-- This site is optimized with the Yoast SEO plugin v21.4 - https:\/\/yoast.com\/wordpress\/plugins\/seo\/ -->\n<title>Eur\u00f3pio - Chemuza<\/title>\n<meta name=\"robots\" content=\"index, follow, max-snippet:-1, max-image-preview:large, max-video-preview:-1\" \/>\n<link rel=\"canonical\" href=\"https:\/\/chemuza.org\/pt\/europio\/\" \/>\n<meta property=\"og:locale\" content=\"pt_PT\" \/>\n<meta property=\"og:type\" content=\"article\" \/>\n<meta property=\"og:title\" content=\"Eur\u00f3pio - Chemuza\" \/>\n<meta property=\"og:description\" content=\"O eur\u00f3pio \u00e9 um dos elementos qu\u00edmicos lantan\u00eddeos menos abundantes encontrados na crosta terrestre, a um n\u00edvel de 0,3 ppm. Destaca-se por ser o mais reativo e o segundo mais vol\u00e1til que existe, al\u00e9m disso, gera consider\u00e1vel press\u00e3o de vapor no seu ponto de fus\u00e3o. \u00c9 utilizado na \u00e1rea nuclear e \u00e9 a principal fonte ... Ler mais\" \/>\n<meta property=\"og:url\" content=\"https:\/\/chemuza.org\/pt\/europio\/\" \/>\n<meta property=\"og:site_name\" content=\"Statorials\" \/>\n<meta name=\"twitter:card\" content=\"summary_large_image\" \/>\n<meta name=\"twitter:label1\" content=\"Tempo estimado de leitura\" \/>\n\t<meta name=\"twitter:data1\" content=\"4 minutos\" \/>\n<script type=\"application\/ld+json\" class=\"yoast-schema-graph\">{\"@context\":\"https:\/\/schema.org\",\"@graph\":[{\"@type\":\"WebPage\",\"@id\":\"https:\/\/chemuza.org\/pt\/europio\/\",\"url\":\"https:\/\/chemuza.org\/pt\/europio\/\",\"name\":\"Eur\u00f3pio - Chemuza\",\"isPartOf\":{\"@id\":\"https:\/\/chemuza.org\/pt\/#website\"},\"datePublished\":\"2023-07-14T06:42:28+00:00\",\"dateModified\":\"2023-07-14T06:42:28+00:00\",\"breadcrumb\":{\"@id\":\"https:\/\/chemuza.org\/pt\/europio\/#breadcrumb\"},\"inLanguage\":\"pt-PT\",\"potentialAction\":[{\"@type\":\"ReadAction\",\"target\":[\"https:\/\/chemuza.org\/pt\/europio\/\"]}]},{\"@type\":\"BreadcrumbList\",\"@id\":\"https:\/\/chemuza.org\/pt\/europio\/#breadcrumb\",\"itemListElement\":[{\"@type\":\"ListItem\",\"position\":1,\"name\":\"Lar\",\"item\":\"https:\/\/chemuza.org\/pt\/\"},{\"@type\":\"ListItem\",\"position\":2,\"name\":\"Eur\u00f3pio\"}]},{\"@type\":\"WebSite\",\"@id\":\"https:\/\/chemuza.org\/pt\/#website\",\"url\":\"https:\/\/chemuza.org\/pt\/\",\"name\":\"Chemuza\",\"description\":\"Sua porta de entrada para a descoberta qu\u00edmica!\",\"publisher\":{\"@id\":\"https:\/\/chemuza.org\/pt\/#organization\"},\"potentialAction\":[{\"@type\":\"SearchAction\",\"target\":{\"@type\":\"EntryPoint\",\"urlTemplate\":\"https:\/\/chemuza.org\/pt\/?s={search_term_string}\"},\"query-input\":\"required name=search_term_string\"}],\"inLanguage\":\"pt-PT\"},{\"@type\":\"Organization\",\"@id\":\"https:\/\/chemuza.org\/pt\/#organization\",\"name\":\"Chemuza\",\"url\":\"https:\/\/chemuza.org\/pt\/\",\"logo\":{\"@type\":\"ImageObject\",\"inLanguage\":\"pt-PT\",\"@id\":\"https:\/\/chemuza.org\/pt\/#\/schema\/logo\/image\/\",\"url\":\"https:\/\/chemuza.org\/pt\/wp-content\/uploads\/2023\/10\/chemuza-logo.png\",\"contentUrl\":\"https:\/\/chemuza.org\/pt\/wp-content\/uploads\/2023\/10\/chemuza-logo.png\",\"width\":387,\"height\":70,\"caption\":\"Chemuza\"},\"image\":{\"@id\":\"https:\/\/chemuza.org\/pt\/#\/schema\/logo\/image\/\"}}]}<\/script>\n<!-- \/ Yoast SEO plugin. -->","yoast_head_json":{"title":"Eur\u00f3pio - Chemuza","robots":{"index":"index","follow":"follow","max-snippet":"max-snippet:-1","max-image-preview":"max-image-preview:large","max-video-preview":"max-video-preview:-1"},"canonical":"https:\/\/chemuza.org\/pt\/europio\/","og_locale":"pt_PT","og_type":"article","og_title":"Eur\u00f3pio - Chemuza","og_description":"O eur\u00f3pio \u00e9 um dos elementos qu\u00edmicos lantan\u00eddeos menos abundantes encontrados na crosta terrestre, a um n\u00edvel de 0,3 ppm. Destaca-se por ser o mais reativo e o segundo mais vol\u00e1til que existe, al\u00e9m disso, gera consider\u00e1vel press\u00e3o de vapor no seu ponto de fus\u00e3o. \u00c9 utilizado na \u00e1rea nuclear e \u00e9 a principal fonte ... Ler mais","og_url":"https:\/\/chemuza.org\/pt\/europio\/","og_site_name":"Statorials","twitter_card":"summary_large_image","twitter_misc":{"Tempo estimado de leitura":"4 minutos"},"schema":{"@context":"https:\/\/schema.org","@graph":[{"@type":"WebPage","@id":"https:\/\/chemuza.org\/pt\/europio\/","url":"https:\/\/chemuza.org\/pt\/europio\/","name":"Eur\u00f3pio - Chemuza","isPartOf":{"@id":"https:\/\/chemuza.org\/pt\/#website"},"datePublished":"2023-07-14T06:42:28+00:00","dateModified":"2023-07-14T06:42:28+00:00","breadcrumb":{"@id":"https:\/\/chemuza.org\/pt\/europio\/#breadcrumb"},"inLanguage":"pt-PT","potentialAction":[{"@type":"ReadAction","target":["https:\/\/chemuza.org\/pt\/europio\/"]}]},{"@type":"BreadcrumbList","@id":"https:\/\/chemuza.org\/pt\/europio\/#breadcrumb","itemListElement":[{"@type":"ListItem","position":1,"name":"Lar","item":"https:\/\/chemuza.org\/pt\/"},{"@type":"ListItem","position":2,"name":"Eur\u00f3pio"}]},{"@type":"WebSite","@id":"https:\/\/chemuza.org\/pt\/#website","url":"https:\/\/chemuza.org\/pt\/","name":"Chemuza","description":"Sua porta de entrada para a descoberta qu\u00edmica!","publisher":{"@id":"https:\/\/chemuza.org\/pt\/#organization"},"potentialAction":[{"@type":"SearchAction","target":{"@type":"EntryPoint","urlTemplate":"https:\/\/chemuza.org\/pt\/?s={search_term_string}"},"query-input":"required name=search_term_string"}],"inLanguage":"pt-PT"},{"@type":"Organization","@id":"https:\/\/chemuza.org\/pt\/#organization","name":"Chemuza","url":"https:\/\/chemuza.org\/pt\/","logo":{"@type":"ImageObject","inLanguage":"pt-PT","@id":"https:\/\/chemuza.org\/pt\/#\/schema\/logo\/image\/","url":"https:\/\/chemuza.org\/pt\/wp-content\/uploads\/2023\/10\/chemuza-logo.png","contentUrl":"https:\/\/chemuza.org\/pt\/wp-content\/uploads\/2023\/10\/chemuza-logo.png","width":387,"height":70,"caption":"Chemuza"},"image":{"@id":"https:\/\/chemuza.org\/pt\/#\/schema\/logo\/image\/"}}]}},"yoast_meta":{"yoast_wpseo_title":"","yoast_wpseo_metadesc":"","yoast_wpseo_canonical":""},"_links":{"self":[{"href":"https:\/\/chemuza.org\/pt\/wp-json\/wp\/v2\/pages\/1518","targetHints":{"allow":["GET"]}}],"collection":[{"href":"https:\/\/chemuza.org\/pt\/wp-json\/wp\/v2\/pages"}],"about":[{"href":"https:\/\/chemuza.org\/pt\/wp-json\/wp\/v2\/types\/page"}],"author":[{"embeddable":true,"href":"https:\/\/chemuza.org\/pt\/wp-json\/wp\/v2\/users\/1"}],"replies":[{"embeddable":true,"href":"https:\/\/chemuza.org\/pt\/wp-json\/wp\/v2\/comments?post=1518"}],"version-history":[{"count":0,"href":"https:\/\/chemuza.org\/pt\/wp-json\/wp\/v2\/pages\/1518\/revisions"}],"wp:attachment":[{"href":"https:\/\/chemuza.org\/pt\/wp-json\/wp\/v2\/media?parent=1518"}],"curies":[{"name":"wp","href":"https:\/\/api.w.org\/{rel}","templated":true}]}}