{"id":1517,"date":"2023-07-14T07:03:27","date_gmt":"2023-07-14T07:03:27","guid":{"rendered":"https:\/\/chemuza.org\/pt\/samario\/"},"modified":"2023-07-14T07:03:27","modified_gmt":"2023-07-14T07:03:27","slug":"samario","status":"publish","type":"page","link":"https:\/\/chemuza.org\/pt\/samario\/","title":{"rendered":"Sam\u00e1rio"},"content":{"rendered":"<p>Este elemento qu\u00edmico possui estrutura rombo\u00e9drica transparente, pertencente ao grupo dos lantan\u00eddeos. Composto por 7 is\u00f3topos de natureza inerte. Portanto, facilita a captura de n\u00eautrons, tornando-o um metal muito \u00fatil. Ent\u00e3o descubra as propriedades e utiliza\u00e7\u00f5es do Sam\u00e1rio.<\/p>\n<h2> <strong>O que \u00e9 Sam\u00e1rio?<\/strong><\/h2>\n<p> \u00c9 um metal que se apresenta na forma de \u00f3xido, de cor entre o prateado e o perolado, sol\u00favel em \u00e1cidos. Possui textura dura e quebradi\u00e7a e, quando oxidado, torna-se amarelado p\u00e1lido. N\u00e3o se encontra de forma independente no ambiente, mas sim imerso em outros elementos, por isso deve passar por um processo de separa\u00e7\u00e3o para seu estudo e utiliza\u00e7\u00e3o.<\/p>\n<h3> <strong>S\u00edmbolo do Sam\u00e1rio<\/strong><\/h3>\n<p> <span class=\"content-chemical-element\" style=\"float: left;width: 65px;height: 65px;border: 3px solid #666; display:flex;\n    justify-content: center;align-items: center;margin-right: 15px;\"><span style=\"font-size: 38px;\">Sm<\/span><\/span> Seu nome \u00e9 devido a Samarskita no condado de Mitchell, Carolina do Norte. Embora o metal tenha aparecido pela primeira vez nos Montes Urais, seu nome foi escolhido em homenagem a um coronel local chamado Samarsky.<\/p>\n<h2> <strong>Caracter\u00edsticas do Sam\u00e1rio<\/strong><strong><\/strong><\/h2>\n<p> Uma particularidade deste elemento \u00e9 que tem a capacidade de ser est\u00e1vel na presen\u00e7a de ar. Aqui est\u00e3o outros detalhes deste metal\u00f3ide:<\/p>\n<ul>\n<li> <strong>Condi\u00e7\u00e3o:<\/strong> S\u00f3lido.<\/li>\n<li> <strong>Cor:<\/strong> Branco prateado.<\/li>\n<li> <strong>Sabor e odor:<\/strong> N\u00e3o possui odor ou sabor espec\u00edfico.<\/li>\n<li> <strong>Solubilidade:<\/strong> \u00c9 facilmente sol\u00favel em \u00e1cidos.<\/li>\n<li> <strong>Toxicidade:<\/strong> Baixa.<\/li>\n<li> <strong>Reatividade:<\/strong> Ativa-se rapidamente, unindo-se \u00e0 \u00e1gua em altas temperaturas.<\/li>\n<li> <strong>Estrutura:<\/strong> Cristalina com formato rombo\u00e9drico.<\/li>\n<li> <strong>Composi\u00e7\u00e3o:<\/strong> Em sua estrutura at\u00f4mica possui 62 pr\u00f3tons e 62 el\u00e9trons.<\/li>\n<\/ul>\n<h2> <strong>Propriedades qu\u00edmicas e f\u00edsicas do Sam\u00e1rio<\/strong><\/h2>\n<ol>\n<li> <strong>N\u00famero at\u00f4mico:<\/strong> 62<\/li>\n<li> <strong>Per\u00edodo:<\/strong> 6<\/li>\n<li> <strong>Bloco:<\/strong> F<\/li>\n<li> <strong>Grupo:<\/strong> 3<\/li>\n<li> <strong>Densidade:<\/strong> 7353 kg\/m3<\/li>\n<li> <strong>Raio at\u00f4mico:<\/strong> 238 pm<\/li>\n<li> <strong>Raio m\u00e9dio:<\/strong> 185h<\/li>\n<li> <strong>Estado de oxida\u00e7\u00e3o:<\/strong> 2, 3<\/li>\n<li> <strong>Ponto de ebuli\u00e7\u00e3o:<\/strong> 2076 K ( <sup>1803<\/sup> C)<\/li>\n<li> <strong>Ponto de fus\u00e3o:<\/strong> 1345 K (1072\u00b0C)<\/li>\n<li> <strong>Configura\u00e7\u00e3o eletr\u00f4nica:<\/strong> [Xe]6s <sup>2<\/sup> 4f <sup>6<\/sup><\/li>\n<li> <strong>El\u00e9trons por camada:<\/strong> 2, 8, 18, 24, 8, 2<\/li>\n<li> <strong>Eletronegatividade:<\/strong> 1,17 (Pauling)<\/li>\n<li> <strong>Primeiro potencial de ioniza\u00e7\u00e3o eV<\/strong> : 544,5 kJ\/mol<\/li>\n<li> <strong>Condutividade t\u00e9rmica:<\/strong> 13,3 W\/(m\u00b7K)<\/li>\n<li> <strong>Condutividade el\u00e9trica:<\/strong> 0,956 \u00d7 106 m-1 \u03a9-1<\/li>\n<li> <strong>Ferrugem:<\/strong> Ligeiramente b\u00e1sico.<\/li>\n<li> <strong>Raio covalente (\u00c5):<\/strong> 13h66<\/li>\n<li> <strong>Calor espec\u00edfico:<\/strong> 200 J\/(kg K)<\/li>\n<li> <strong>Massa at\u00f4mica (g\/mol):<\/strong> 150,36(3) u<\/li>\n<\/ol>\n<h2> <strong>Origem do Sam\u00e1rio<\/strong><\/h2>\n<p> A sua origem remonta a 1853, quando o investigador qu\u00edmico su\u00ed\u00e7o Jean Charles Galissard de Marignac fez a sua descoberta. Por\u00e9m, foi em 1879 que o cientista franc\u00eas Paul Emile Lecoq de Boisbaudran conseguiu separ\u00e1-lo do mineral Samarskita. Atualmente, a China possui a maior quantidade desse metal raro na superf\u00edcie da Terra. Em seguida v\u00eam a R\u00fassia e a Mal\u00e1sia, onde esse tipo de metal\u00f3ide \u00e9 extra\u00eddo.<\/p>\n<h2> <strong>Para que serve o Sam\u00e1rio?<\/strong><\/h2>\n<p> \u00c9 frequentemente utilizado como catalisador em processos que envolvem transforma\u00e7\u00f5es org\u00e2nicas. O Sam\u00e1rio tem a vantagem de ter a\u00e7\u00e3o pirof\u00f3rica em dispositivos de igni\u00e7\u00e3o, por isso \u00e9 utilizado em t\u00e9cnicas de embalagem para conserva\u00e7\u00e3o do A\u00e7o. Outros usos incluem:<\/p>\n<ul>\n<li> Fabrica\u00e7\u00e3o de l\u00e2mpadas incandescentes e de arco de carbono, comumente utilizadas em cinemas para ilumina\u00e7\u00e3o de projetores e est\u00fadios.<\/li>\n<li> Junto com o metal Misch, \u00e9 utilizado para a produ\u00e7\u00e3o de pedras mais leves.<\/li>\n<li> Ao criar um \u00edman muito mais potente e resistente que qualquer outro, isto consegue-se combinando este elemento com o Cobalto.<\/li>\n<li> O \u00f3xido emitido pelo Sam\u00e1rio \u00e9 utilizado como material para a produ\u00e7\u00e3o de cristais, utilizados para absorver raios infravermelhos, a\u00e7\u00e3o comum em \u00f3ptica.<\/li>\n<li> \u00c9 um material manipulado em pacientes com c\u00e2ncer porque, junto com o estr\u00f4ncio, \u00e9 eficaz na radioterapia moderada para reduzir a dor.<\/li>\n<li> \u00c9 utilizado como fermento para desidrogenar e desidratar o etanol, coadjuvante na produ\u00e7\u00e3o de bebidas alco\u00f3licas.<\/li>\n<li> O sam\u00e1rio \u00e9 comum na produ\u00e7\u00e3o de cristais de fluoreto de c\u00e1lcio para lasers e geradores.<\/li>\n<li> \u00datil em atividades topol\u00f3gicas, pois atua como isolante, conduz corrente na superf\u00edcie e ao mesmo tempo neutraliza internamente.<\/li>\n<li> O desenvolvimento de el\u00e9trons com esse composto possibilitou a cria\u00e7\u00e3o de transistores qu\u00e2nticos, impulsionando novas computa\u00e7\u00f5es.<\/li>\n<li> Para o desenvolvimento de eletrodom\u00e9sticos, como micro-ondas, fornos, televisores, l\u00e2mpadas, entre outros.<\/li>\n<\/ul>\n<h2> <strong>Onde voc\u00ea consegue sam\u00e1rio?<\/strong><\/h2>\n<p> O sam\u00e1rio est\u00e1 contido em minerais como a areia monazita em 2,8%, al\u00e9m de estar imerso em outros como Cerita, Bastnasita, Samarsquita e Gadolinita em menor propor\u00e7\u00e3o. Por outro lado, os elementos pertencentes ao grupo dos lantan\u00eddeos tendem a ser semelhantes, por isso devem passar por um processo de troca i\u00f4nica para distingui-los.<\/p>\n<p> Por fim, o Sam\u00e1rio \u00e9 um metal\u00f3ide que proporciona muitos benef\u00edcios em diversos processos industriais, para que sejam eficientes. Por\u00e9m, \u00e9 importante ter cuidado para n\u00e3o se expor ao uso excessivo do elemento sem as medidas necess\u00e1rias, pois \u00e9 prejudicial ao ser humano e ao meio ambiente.<\/p>\n","protected":false},"excerpt":{"rendered":"<p>Este elemento qu\u00edmico possui estrutura rombo\u00e9drica transparente, pertencente ao grupo dos lantan\u00eddeos. Composto por 7 is\u00f3topos de natureza inerte. Portanto, facilita a captura de n\u00eautrons, tornando-o um metal muito \u00fatil. Ent\u00e3o descubra as propriedades e utiliza\u00e7\u00f5es do Sam\u00e1rio. O que \u00e9 Sam\u00e1rio? \u00c9 um metal que se apresenta na forma de \u00f3xido, de cor entre &#8230; <a title=\"Sam\u00e1rio\" class=\"read-more\" href=\"https:\/\/chemuza.org\/pt\/samario\/\" aria-label=\"Mais em Sam\u00e1rio\">Ler mais<\/a><\/p>\n","protected":false},"author":1,"featured_media":0,"parent":0,"menu_order":0,"comment_status":"closed","ping_status":"closed","template":"","meta":{"footnotes":""},"class_list":["post-1517","page","type-page","status-publish"],"yoast_head":"<!-- This site is optimized with the Yoast SEO plugin v21.4 - https:\/\/yoast.com\/wordpress\/plugins\/seo\/ -->\n<title>Sam\u00e1rio - Chemuza<\/title>\n<meta name=\"robots\" content=\"index, follow, max-snippet:-1, max-image-preview:large, max-video-preview:-1\" \/>\n<link rel=\"canonical\" href=\"https:\/\/chemuza.org\/pt\/samario\/\" \/>\n<meta property=\"og:locale\" content=\"pt_PT\" \/>\n<meta property=\"og:type\" content=\"article\" \/>\n<meta property=\"og:title\" content=\"Sam\u00e1rio - Chemuza\" \/>\n<meta property=\"og:description\" content=\"Este elemento qu\u00edmico possui estrutura rombo\u00e9drica transparente, pertencente ao grupo dos lantan\u00eddeos. Composto por 7 is\u00f3topos de natureza inerte. Portanto, facilita a captura de n\u00eautrons, tornando-o um metal muito \u00fatil. Ent\u00e3o descubra as propriedades e utiliza\u00e7\u00f5es do Sam\u00e1rio. O que \u00e9 Sam\u00e1rio? \u00c9 um metal que se apresenta na forma de \u00f3xido, de cor entre ... Ler mais\" \/>\n<meta property=\"og:url\" content=\"https:\/\/chemuza.org\/pt\/samario\/\" \/>\n<meta property=\"og:site_name\" content=\"Statorials\" \/>\n<meta name=\"twitter:card\" content=\"summary_large_image\" \/>\n<meta name=\"twitter:label1\" content=\"Tempo estimado de leitura\" \/>\n\t<meta name=\"twitter:data1\" content=\"4 minutos\" \/>\n<script type=\"application\/ld+json\" class=\"yoast-schema-graph\">{\"@context\":\"https:\/\/schema.org\",\"@graph\":[{\"@type\":\"WebPage\",\"@id\":\"https:\/\/chemuza.org\/pt\/samario\/\",\"url\":\"https:\/\/chemuza.org\/pt\/samario\/\",\"name\":\"Sam\u00e1rio - Chemuza\",\"isPartOf\":{\"@id\":\"https:\/\/chemuza.org\/pt\/#website\"},\"datePublished\":\"2023-07-14T07:03:27+00:00\",\"dateModified\":\"2023-07-14T07:03:27+00:00\",\"breadcrumb\":{\"@id\":\"https:\/\/chemuza.org\/pt\/samario\/#breadcrumb\"},\"inLanguage\":\"pt-PT\",\"potentialAction\":[{\"@type\":\"ReadAction\",\"target\":[\"https:\/\/chemuza.org\/pt\/samario\/\"]}]},{\"@type\":\"BreadcrumbList\",\"@id\":\"https:\/\/chemuza.org\/pt\/samario\/#breadcrumb\",\"itemListElement\":[{\"@type\":\"ListItem\",\"position\":1,\"name\":\"Lar\",\"item\":\"https:\/\/chemuza.org\/pt\/\"},{\"@type\":\"ListItem\",\"position\":2,\"name\":\"Sam\u00e1rio\"}]},{\"@type\":\"WebSite\",\"@id\":\"https:\/\/chemuza.org\/pt\/#website\",\"url\":\"https:\/\/chemuza.org\/pt\/\",\"name\":\"Chemuza\",\"description\":\"Sua porta de entrada para a descoberta qu\u00edmica!\",\"publisher\":{\"@id\":\"https:\/\/chemuza.org\/pt\/#organization\"},\"potentialAction\":[{\"@type\":\"SearchAction\",\"target\":{\"@type\":\"EntryPoint\",\"urlTemplate\":\"https:\/\/chemuza.org\/pt\/?s={search_term_string}\"},\"query-input\":\"required name=search_term_string\"}],\"inLanguage\":\"pt-PT\"},{\"@type\":\"Organization\",\"@id\":\"https:\/\/chemuza.org\/pt\/#organization\",\"name\":\"Chemuza\",\"url\":\"https:\/\/chemuza.org\/pt\/\",\"logo\":{\"@type\":\"ImageObject\",\"inLanguage\":\"pt-PT\",\"@id\":\"https:\/\/chemuza.org\/pt\/#\/schema\/logo\/image\/\",\"url\":\"https:\/\/chemuza.org\/pt\/wp-content\/uploads\/2023\/10\/chemuza-logo.png\",\"contentUrl\":\"https:\/\/chemuza.org\/pt\/wp-content\/uploads\/2023\/10\/chemuza-logo.png\",\"width\":387,\"height\":70,\"caption\":\"Chemuza\"},\"image\":{\"@id\":\"https:\/\/chemuza.org\/pt\/#\/schema\/logo\/image\/\"}}]}<\/script>\n<!-- \/ Yoast SEO plugin. -->","yoast_head_json":{"title":"Sam\u00e1rio - Chemuza","robots":{"index":"index","follow":"follow","max-snippet":"max-snippet:-1","max-image-preview":"max-image-preview:large","max-video-preview":"max-video-preview:-1"},"canonical":"https:\/\/chemuza.org\/pt\/samario\/","og_locale":"pt_PT","og_type":"article","og_title":"Sam\u00e1rio - Chemuza","og_description":"Este elemento qu\u00edmico possui estrutura rombo\u00e9drica transparente, pertencente ao grupo dos lantan\u00eddeos. Composto por 7 is\u00f3topos de natureza inerte. Portanto, facilita a captura de n\u00eautrons, tornando-o um metal muito \u00fatil. Ent\u00e3o descubra as propriedades e utiliza\u00e7\u00f5es do Sam\u00e1rio. O que \u00e9 Sam\u00e1rio? \u00c9 um metal que se apresenta na forma de \u00f3xido, de cor entre ... Ler mais","og_url":"https:\/\/chemuza.org\/pt\/samario\/","og_site_name":"Statorials","twitter_card":"summary_large_image","twitter_misc":{"Tempo estimado de leitura":"4 minutos"},"schema":{"@context":"https:\/\/schema.org","@graph":[{"@type":"WebPage","@id":"https:\/\/chemuza.org\/pt\/samario\/","url":"https:\/\/chemuza.org\/pt\/samario\/","name":"Sam\u00e1rio - Chemuza","isPartOf":{"@id":"https:\/\/chemuza.org\/pt\/#website"},"datePublished":"2023-07-14T07:03:27+00:00","dateModified":"2023-07-14T07:03:27+00:00","breadcrumb":{"@id":"https:\/\/chemuza.org\/pt\/samario\/#breadcrumb"},"inLanguage":"pt-PT","potentialAction":[{"@type":"ReadAction","target":["https:\/\/chemuza.org\/pt\/samario\/"]}]},{"@type":"BreadcrumbList","@id":"https:\/\/chemuza.org\/pt\/samario\/#breadcrumb","itemListElement":[{"@type":"ListItem","position":1,"name":"Lar","item":"https:\/\/chemuza.org\/pt\/"},{"@type":"ListItem","position":2,"name":"Sam\u00e1rio"}]},{"@type":"WebSite","@id":"https:\/\/chemuza.org\/pt\/#website","url":"https:\/\/chemuza.org\/pt\/","name":"Chemuza","description":"Sua porta de entrada para a descoberta qu\u00edmica!","publisher":{"@id":"https:\/\/chemuza.org\/pt\/#organization"},"potentialAction":[{"@type":"SearchAction","target":{"@type":"EntryPoint","urlTemplate":"https:\/\/chemuza.org\/pt\/?s={search_term_string}"},"query-input":"required name=search_term_string"}],"inLanguage":"pt-PT"},{"@type":"Organization","@id":"https:\/\/chemuza.org\/pt\/#organization","name":"Chemuza","url":"https:\/\/chemuza.org\/pt\/","logo":{"@type":"ImageObject","inLanguage":"pt-PT","@id":"https:\/\/chemuza.org\/pt\/#\/schema\/logo\/image\/","url":"https:\/\/chemuza.org\/pt\/wp-content\/uploads\/2023\/10\/chemuza-logo.png","contentUrl":"https:\/\/chemuza.org\/pt\/wp-content\/uploads\/2023\/10\/chemuza-logo.png","width":387,"height":70,"caption":"Chemuza"},"image":{"@id":"https:\/\/chemuza.org\/pt\/#\/schema\/logo\/image\/"}}]}},"yoast_meta":{"yoast_wpseo_title":"","yoast_wpseo_metadesc":"","yoast_wpseo_canonical":""},"_links":{"self":[{"href":"https:\/\/chemuza.org\/pt\/wp-json\/wp\/v2\/pages\/1517","targetHints":{"allow":["GET"]}}],"collection":[{"href":"https:\/\/chemuza.org\/pt\/wp-json\/wp\/v2\/pages"}],"about":[{"href":"https:\/\/chemuza.org\/pt\/wp-json\/wp\/v2\/types\/page"}],"author":[{"embeddable":true,"href":"https:\/\/chemuza.org\/pt\/wp-json\/wp\/v2\/users\/1"}],"replies":[{"embeddable":true,"href":"https:\/\/chemuza.org\/pt\/wp-json\/wp\/v2\/comments?post=1517"}],"version-history":[{"count":0,"href":"https:\/\/chemuza.org\/pt\/wp-json\/wp\/v2\/pages\/1517\/revisions"}],"wp:attachment":[{"href":"https:\/\/chemuza.org\/pt\/wp-json\/wp\/v2\/media?parent=1517"}],"curies":[{"name":"wp","href":"https:\/\/api.w.org\/{rel}","templated":true}]}}