{"id":1516,"date":"2023-07-14T07:32:29","date_gmt":"2023-07-14T07:32:29","guid":{"rendered":"https:\/\/chemuza.org\/pt\/prometido\/"},"modified":"2023-07-14T07:32:29","modified_gmt":"2023-07-14T07:32:29","slug":"prometido","status":"publish","type":"page","link":"https:\/\/chemuza.org\/pt\/prometido\/","title":{"rendered":"Promessa"},"content":{"rendered":"<p>\u00c9 extremamente raro e n\u00e3o \u00e9 encontrado no manto terrestre, por\u00e9m \u00e9 abundante na enorme constela\u00e7\u00e3o de Andr\u00f4meda. Por esta raz\u00e3o, \u00e9 produzido artificialmente pela fiss\u00e3o de 2 elementos. Para entender melhor a composi\u00e7\u00e3o do metal Prom\u00e9cio, este artigo apresenta os conceitos mais importantes que voc\u00ea precisa entender.<\/p>\n<h2> <strong>O que \u00e9 Prom\u00e9cio?<\/strong><\/h2>\n<p> O prom\u00e9cio \u00e9 encontrado na caixa n\u00famero 61 da tabela peri\u00f3dica e foi designado como um componente sint\u00e9tico de metal de transi\u00e7\u00e3o h\u00e1 cerca de 75 anos. Bem, isso se encaixa tanto na categoria dos actin\u00eddeos quanto na s\u00e9rie dos lantan\u00eddeos.<\/p>\n<h3> <strong>S\u00edmbolo de prom\u00e9cio<\/strong><\/h3>\n<p> <span class=\"content-chemical-element\" style=\"float: left;width: 65px;height: 65px;border: 3px solid #666; display:flex;\n    justify-content: center;align-items: center;margin-right: 15px;\"><span style=\"font-size: 38px;\">Pm<\/span><\/span> Seu adjetivo vem do termo grego prometheus, que acaba sendo o nome de um Tit\u00e3 mitol\u00f3gico. De acordo com a mitologia grega, Prometeu planejou um estratagema tortuoso para roubar o fogo dos deuses e depois mostr\u00e1-lo aos humanos. O metal emite uma luminesc\u00eancia \u00fanica semelhante ao fogo citado na f\u00e1bula grega, acredita-se que por isso tal nome foi escolhido.<\/p>\n<h2> <strong>Caracter\u00edsticas do prom\u00e9cio<\/strong><\/h2>\n<p> Por ser um componente radioativo e emissor beta moderado, caracteriza-se pela irradia\u00e7\u00e3o luminosa que exp\u00f5e. Isso pode adquirir uma tonalidade azul esbranqui\u00e7ada e ficar verde claro no escuro. Outros recursos not\u00e1veis s\u00e3o:<\/p>\n<ul>\n<li> <strong>Condi\u00e7\u00e3o:<\/strong> \u00c9 um item s\u00f3lido, mas comparado aos outros itens do seu grupo, \u00e9 um pouco macio. <strong>&nbsp;<\/strong><\/li>\n<li> <strong>Cor:<\/strong> De aspecto azul esbranqui\u00e7ado com \u00e1reas prateadas, embora no escuro irradie um brilho esverdeado.<\/li>\n<li> <strong>Toxicidade:<\/strong> moderada. Gera res\u00edduos radioativos t\u00f3xicos e deve, portanto, ser manuseado com cautela.<\/li>\n<li> <strong>Reatividade:<\/strong> \u00c9 referido como o elemento mais reativo de todos.<\/li>\n<li> <strong>Radioatividade:<\/strong> Cada um dos is\u00f3topos conhecidos deste metal\u00f3ide \u00e9 radioativo.<\/li>\n<li> <strong>Estrutura:<\/strong> Possui arranjo cristalino hexagonal.<\/li>\n<li> <strong>Composi\u00e7\u00e3o:<\/strong> Sua conforma\u00e7\u00e3o at\u00f4mica \u00e9 de 61 el\u00e9trons e o mesmo n\u00famero de pr\u00f3tons.<\/li>\n<\/ul>\n<h2> <strong>Propriedades qu\u00edmicas e f\u00edsicas do Prom\u00e9cio<\/strong><\/h2>\n<ol>\n<li> <strong>N\u00famero at\u00f4mico<\/strong> : 61<\/li>\n<li> <strong>Per\u00edodo<\/strong> : 6<\/li>\n<li> <strong>Bloco<\/strong> : F<\/li>\n<li> <strong>Grupo<\/strong> : 3<\/li>\n<li> <strong>Raio covalente (\u00c5):<\/strong> Sem dados<\/li>\n<li> <strong>Massa at\u00f4mica (g\/mol):<\/strong> 147 u<\/li>\n<li> <strong>Densidade:<\/strong> 7264 kg\/m\u00b3<\/li>\n<li> <strong>Ponto de ebuli\u00e7\u00e3o:<\/strong> 3273<strong> <\/strong>\u00b0C<\/li>\n<li> <strong>Ponto de fus\u00e3o:<\/strong> 1373<strong> <\/strong>\u00b0C<\/li>\n<li> <strong>Raio at\u00f4mico:<\/strong> 145<\/li>\n<li> <strong>Raio m\u00e9dio:<\/strong> 185h<\/li>\n<li> <strong>Calor espec\u00edfico:<\/strong> 180 J \/ (K kg)<\/li>\n<li> <strong>El\u00e9trons por camada:<\/strong> 2, 8, 18, 23, 8, 2<\/li>\n<li> <strong>Configura\u00e7\u00e3o eletr\u00f4nica:<\/strong> Xe]4f <sup>5<\/sup> 6s <sup>2<\/sup><\/li>\n<li> <strong>Primeiro potencial de ioniza\u00e7\u00e3o eV:<\/strong> 540 kJ\/mol<\/li>\n<li> <strong>Condutividade t\u00e9rmica:<\/strong> 17,9 W\/(K m)<\/li>\n<li> <strong>Eletronegatividade:<\/strong> 1,13<\/li>\n<li> <strong>Estado de oxida\u00e7\u00e3o:<\/strong> +3<\/li>\n<li> <strong>Ferrugem:<\/strong> Ligeiramente b\u00e1sico<\/li>\n<li> <strong>Condutividade el\u00e9trica:<\/strong> Sem dados<\/li>\n<\/ol>\n<h2> <strong>Origem do Prom\u00e9cio<\/strong><\/h2>\n<p> A exist\u00eancia do elemento foi prevista por Bohuslav Brauner em 1902. Mais de uma d\u00e9cada depois, em 1914, este evento foi confirmado pelo f\u00edsico Henry Moseley. Por\u00e9m, as pesquisas realizadas para obten\u00e7\u00e3o do componente em terra n\u00e3o deram frutos.<\/p>\n<p> Algum tempo depois, na Universidade de Ohio, em 1941, foi descoberto um conjunto de compostos radioativos, entre eles o elemento Prom\u00e9cio. Por\u00e9m, a veracidade dos achados n\u00e3o p\u00f4de ser confirmada devido \u00e0 enorme dificuldade em isol\u00e1-lo de outros componentes.<\/p>\n<p> Foram finalmente Charles Corywell, Lawrence Glendenin e o mais famoso Jacob Marinsky que, em 1944, conseguiram fornecer uma pequena prova da exist\u00eancia do elemento. E em 1946, reivindicaram sua descoberta nos Laborat\u00f3rios Clinton localizados no Tennessee, tendo conseguido isol\u00e1-la ap\u00f3s estudar os subprodutos obtidos da fiss\u00e3o do ur\u00e2nio.<\/p>\n<h2> <strong>Para que \u00e9 usado o Prom\u00e9cio?<\/strong><\/h2>\n<p> A utiliza\u00e7\u00e3o dada a este metal\u00f3ide diz respeito ao n\u00edvel nuclear e industrial. Setores onde, gra\u00e7as \u00e0s suas propriedades radioativas, as suas aplica\u00e7\u00f5es t\u00eam sido de grande valor. Portanto, os principais usos do Prom\u00e9cio s\u00e3o:<\/p>\n<ul>\n<li> Serve como fonte m\u00f3vel de raios X, \u00e9 utilizado em produtores termoel\u00e9tricos de radiois\u00f3topos. Por sua vez, a energia obtida \u00e9 destinada \u00e0 comunica\u00e7\u00e3o de masers com submarinos.<\/li>\n<li> Fornece energia auxiliar para diversas sondas espaciais e sat\u00e9lites.<\/li>\n<li> Muitos marca-passos s\u00e3o feitos com este componente met\u00e1lico. Com a energia gerada por apenas uma pequena parte dele, voc\u00ea pode operar esses dispositivos mesmo por uma d\u00e9cada inteira.<\/li>\n<li> \u00c9 usado principalmente como fonte beta, especialmente para medidores de espessura de v\u00e1rios compostos e materiais.<\/li>\n<li> \u00c9 usado como uma bateria poderosa, ideal para propuls\u00e3o ou tra\u00e7\u00e3o nuclear.<\/li>\n<\/ul>\n<h2> <strong>Onde o Prom\u00e9cio \u00e9 encontrado e como \u00e9 produzido?<\/strong><\/h2>\n<p> \u00c9 o \u00fanico metal pertencente \u00e0 categoria dos lantan\u00eddeos que n\u00e3o existe na natureza. Na verdade, s\u00f3 \u00e9 encontrado no espectro estelar da constela\u00e7\u00e3o de Andr\u00f4meda. Quanto \u00e0 sua obten\u00e7\u00e3o e produ\u00e7\u00e3o, \u00e9 comum que seja recuperado a partir de subprodutos da decomposi\u00e7\u00e3o do Ur\u00e2nio ou do Plut\u00f4nio. Al\u00e9m disso, pode ser gerado bombardeando ou metralhando o neod\u00edmio 146 com n\u00eautrons.<\/p>\n<p> Concluindo, este elemento sint\u00e9tico espec\u00edfico s\u00f3 \u00e9 encontrado no espa\u00e7o e, portanto, \u00e9 produzido artificialmente. Por outro lado, o Prom\u00e9cio \u00e9 o metal mais reativo e o mais dif\u00edcil de isolar. Quanto \u00e0 sua utilidade no setor nuclear, \u00e9 utilizado como fonte beta e para alimentar sondas espaciais e sat\u00e9lites.<\/p>\n","protected":false},"excerpt":{"rendered":"<p>\u00c9 extremamente raro e n\u00e3o \u00e9 encontrado no manto terrestre, por\u00e9m \u00e9 abundante na enorme constela\u00e7\u00e3o de Andr\u00f4meda. Por esta raz\u00e3o, \u00e9 produzido artificialmente pela fiss\u00e3o de 2 elementos. Para entender melhor a composi\u00e7\u00e3o do metal Prom\u00e9cio, este artigo apresenta os conceitos mais importantes que voc\u00ea precisa entender. O que \u00e9 Prom\u00e9cio? O prom\u00e9cio \u00e9 &#8230; <a title=\"Promessa\" class=\"read-more\" href=\"https:\/\/chemuza.org\/pt\/prometido\/\" aria-label=\"Mais em Promessa\">Ler mais<\/a><\/p>\n","protected":false},"author":1,"featured_media":0,"parent":0,"menu_order":0,"comment_status":"closed","ping_status":"closed","template":"","meta":{"footnotes":""},"class_list":["post-1516","page","type-page","status-publish"],"yoast_head":"<!-- This site is optimized with the Yoast SEO plugin v21.4 - https:\/\/yoast.com\/wordpress\/plugins\/seo\/ -->\n<title>Promessa - Chemuza<\/title>\n<meta name=\"robots\" content=\"index, follow, max-snippet:-1, max-image-preview:large, max-video-preview:-1\" \/>\n<link rel=\"canonical\" href=\"https:\/\/chemuza.org\/pt\/prometido\/\" \/>\n<meta property=\"og:locale\" content=\"pt_PT\" \/>\n<meta property=\"og:type\" content=\"article\" \/>\n<meta property=\"og:title\" content=\"Promessa - Chemuza\" \/>\n<meta property=\"og:description\" content=\"\u00c9 extremamente raro e n\u00e3o \u00e9 encontrado no manto terrestre, por\u00e9m \u00e9 abundante na enorme constela\u00e7\u00e3o de Andr\u00f4meda. Por esta raz\u00e3o, \u00e9 produzido artificialmente pela fiss\u00e3o de 2 elementos. Para entender melhor a composi\u00e7\u00e3o do metal Prom\u00e9cio, este artigo apresenta os conceitos mais importantes que voc\u00ea precisa entender. O que \u00e9 Prom\u00e9cio? O prom\u00e9cio \u00e9 ... Ler mais\" \/>\n<meta property=\"og:url\" content=\"https:\/\/chemuza.org\/pt\/prometido\/\" \/>\n<meta property=\"og:site_name\" content=\"Statorials\" \/>\n<meta name=\"twitter:card\" content=\"summary_large_image\" \/>\n<meta name=\"twitter:label1\" content=\"Tempo estimado de leitura\" \/>\n\t<meta name=\"twitter:data1\" content=\"4 minutos\" \/>\n<script type=\"application\/ld+json\" class=\"yoast-schema-graph\">{\"@context\":\"https:\/\/schema.org\",\"@graph\":[{\"@type\":\"WebPage\",\"@id\":\"https:\/\/chemuza.org\/pt\/prometido\/\",\"url\":\"https:\/\/chemuza.org\/pt\/prometido\/\",\"name\":\"Promessa - Chemuza\",\"isPartOf\":{\"@id\":\"https:\/\/chemuza.org\/pt\/#website\"},\"datePublished\":\"2023-07-14T07:32:29+00:00\",\"dateModified\":\"2023-07-14T07:32:29+00:00\",\"breadcrumb\":{\"@id\":\"https:\/\/chemuza.org\/pt\/prometido\/#breadcrumb\"},\"inLanguage\":\"pt-PT\",\"potentialAction\":[{\"@type\":\"ReadAction\",\"target\":[\"https:\/\/chemuza.org\/pt\/prometido\/\"]}]},{\"@type\":\"BreadcrumbList\",\"@id\":\"https:\/\/chemuza.org\/pt\/prometido\/#breadcrumb\",\"itemListElement\":[{\"@type\":\"ListItem\",\"position\":1,\"name\":\"Lar\",\"item\":\"https:\/\/chemuza.org\/pt\/\"},{\"@type\":\"ListItem\",\"position\":2,\"name\":\"Promessa\"}]},{\"@type\":\"WebSite\",\"@id\":\"https:\/\/chemuza.org\/pt\/#website\",\"url\":\"https:\/\/chemuza.org\/pt\/\",\"name\":\"Chemuza\",\"description\":\"Sua porta de entrada para a descoberta qu\u00edmica!\",\"publisher\":{\"@id\":\"https:\/\/chemuza.org\/pt\/#organization\"},\"potentialAction\":[{\"@type\":\"SearchAction\",\"target\":{\"@type\":\"EntryPoint\",\"urlTemplate\":\"https:\/\/chemuza.org\/pt\/?s={search_term_string}\"},\"query-input\":\"required name=search_term_string\"}],\"inLanguage\":\"pt-PT\"},{\"@type\":\"Organization\",\"@id\":\"https:\/\/chemuza.org\/pt\/#organization\",\"name\":\"Chemuza\",\"url\":\"https:\/\/chemuza.org\/pt\/\",\"logo\":{\"@type\":\"ImageObject\",\"inLanguage\":\"pt-PT\",\"@id\":\"https:\/\/chemuza.org\/pt\/#\/schema\/logo\/image\/\",\"url\":\"https:\/\/chemuza.org\/pt\/wp-content\/uploads\/2023\/10\/chemuza-logo.png\",\"contentUrl\":\"https:\/\/chemuza.org\/pt\/wp-content\/uploads\/2023\/10\/chemuza-logo.png\",\"width\":387,\"height\":70,\"caption\":\"Chemuza\"},\"image\":{\"@id\":\"https:\/\/chemuza.org\/pt\/#\/schema\/logo\/image\/\"}}]}<\/script>\n<!-- \/ Yoast SEO plugin. -->","yoast_head_json":{"title":"Promessa - Chemuza","robots":{"index":"index","follow":"follow","max-snippet":"max-snippet:-1","max-image-preview":"max-image-preview:large","max-video-preview":"max-video-preview:-1"},"canonical":"https:\/\/chemuza.org\/pt\/prometido\/","og_locale":"pt_PT","og_type":"article","og_title":"Promessa - Chemuza","og_description":"\u00c9 extremamente raro e n\u00e3o \u00e9 encontrado no manto terrestre, por\u00e9m \u00e9 abundante na enorme constela\u00e7\u00e3o de Andr\u00f4meda. Por esta raz\u00e3o, \u00e9 produzido artificialmente pela fiss\u00e3o de 2 elementos. Para entender melhor a composi\u00e7\u00e3o do metal Prom\u00e9cio, este artigo apresenta os conceitos mais importantes que voc\u00ea precisa entender. O que \u00e9 Prom\u00e9cio? O prom\u00e9cio \u00e9 ... Ler mais","og_url":"https:\/\/chemuza.org\/pt\/prometido\/","og_site_name":"Statorials","twitter_card":"summary_large_image","twitter_misc":{"Tempo estimado de leitura":"4 minutos"},"schema":{"@context":"https:\/\/schema.org","@graph":[{"@type":"WebPage","@id":"https:\/\/chemuza.org\/pt\/prometido\/","url":"https:\/\/chemuza.org\/pt\/prometido\/","name":"Promessa - Chemuza","isPartOf":{"@id":"https:\/\/chemuza.org\/pt\/#website"},"datePublished":"2023-07-14T07:32:29+00:00","dateModified":"2023-07-14T07:32:29+00:00","breadcrumb":{"@id":"https:\/\/chemuza.org\/pt\/prometido\/#breadcrumb"},"inLanguage":"pt-PT","potentialAction":[{"@type":"ReadAction","target":["https:\/\/chemuza.org\/pt\/prometido\/"]}]},{"@type":"BreadcrumbList","@id":"https:\/\/chemuza.org\/pt\/prometido\/#breadcrumb","itemListElement":[{"@type":"ListItem","position":1,"name":"Lar","item":"https:\/\/chemuza.org\/pt\/"},{"@type":"ListItem","position":2,"name":"Promessa"}]},{"@type":"WebSite","@id":"https:\/\/chemuza.org\/pt\/#website","url":"https:\/\/chemuza.org\/pt\/","name":"Chemuza","description":"Sua porta de entrada para a descoberta qu\u00edmica!","publisher":{"@id":"https:\/\/chemuza.org\/pt\/#organization"},"potentialAction":[{"@type":"SearchAction","target":{"@type":"EntryPoint","urlTemplate":"https:\/\/chemuza.org\/pt\/?s={search_term_string}"},"query-input":"required name=search_term_string"}],"inLanguage":"pt-PT"},{"@type":"Organization","@id":"https:\/\/chemuza.org\/pt\/#organization","name":"Chemuza","url":"https:\/\/chemuza.org\/pt\/","logo":{"@type":"ImageObject","inLanguage":"pt-PT","@id":"https:\/\/chemuza.org\/pt\/#\/schema\/logo\/image\/","url":"https:\/\/chemuza.org\/pt\/wp-content\/uploads\/2023\/10\/chemuza-logo.png","contentUrl":"https:\/\/chemuza.org\/pt\/wp-content\/uploads\/2023\/10\/chemuza-logo.png","width":387,"height":70,"caption":"Chemuza"},"image":{"@id":"https:\/\/chemuza.org\/pt\/#\/schema\/logo\/image\/"}}]}},"yoast_meta":{"yoast_wpseo_title":"","yoast_wpseo_metadesc":"","yoast_wpseo_canonical":""},"_links":{"self":[{"href":"https:\/\/chemuza.org\/pt\/wp-json\/wp\/v2\/pages\/1516","targetHints":{"allow":["GET"]}}],"collection":[{"href":"https:\/\/chemuza.org\/pt\/wp-json\/wp\/v2\/pages"}],"about":[{"href":"https:\/\/chemuza.org\/pt\/wp-json\/wp\/v2\/types\/page"}],"author":[{"embeddable":true,"href":"https:\/\/chemuza.org\/pt\/wp-json\/wp\/v2\/users\/1"}],"replies":[{"embeddable":true,"href":"https:\/\/chemuza.org\/pt\/wp-json\/wp\/v2\/comments?post=1516"}],"version-history":[{"count":0,"href":"https:\/\/chemuza.org\/pt\/wp-json\/wp\/v2\/pages\/1516\/revisions"}],"wp:attachment":[{"href":"https:\/\/chemuza.org\/pt\/wp-json\/wp\/v2\/media?parent=1516"}],"curies":[{"name":"wp","href":"https:\/\/api.w.org\/{rel}","templated":true}]}}