{"id":1515,"date":"2023-07-14T07:59:06","date_gmt":"2023-07-14T07:59:06","guid":{"rendered":"https:\/\/chemuza.org\/pt\/cesio\/"},"modified":"2023-07-14T07:59:06","modified_gmt":"2023-07-14T07:59:06","slug":"cesio","status":"publish","type":"page","link":"https:\/\/chemuza.org\/pt\/cesio\/","title":{"rendered":"C\u00e9sio"},"content":{"rendered":"<p>O c\u00e9sio est\u00e1 presente nos minerais polucita e lepidolita, na poeira e nas rochas em concentra\u00e7\u00f5es m\u00ednimas devido \u00e0 sua alta reatividade. \u00c9 encontrado em estado natural est\u00e1vel apenas com seu is\u00f3topo 133. Al\u00e9m disso, seus compostos s\u00e3o muito apreciados nos setores eletr\u00f4nico, qu\u00edmico, m\u00e9dico e el\u00e9trico. Informamos sobre suas propriedades, utiliza\u00e7\u00f5es e outros aspectos neste artigo.<\/p>\n<h2> <strong>O que \u00e9 c\u00e9sio?<\/strong><\/h2>\n<p> \u00c9 um metal alcalino localizado no grupo 1 com n\u00famero at\u00f4mico 55 na tabela peri\u00f3dica. \u00c9 o mais pesado dos elementos alcalinos e se distingue pela forma\u00e7\u00e3o de compostos inorg\u00e2nicos. Al\u00e9m disso, \u00e9 de cor branco prateado brilhante, que oxida rapidamente na presen\u00e7a de ar \u00famido.<\/p>\n<h3> <strong>S\u00edmbolo de c\u00e9sio<\/strong><\/h3>\n<p> <span class=\"content-chemical-element\" style=\"float: left;width: 65px;height: 65px;border: 3px solid #666; display:flex;\n    justify-content: center;align-items: center;margin-right: 15px;\"><span style=\"font-size: 38px;\">Cs<\/span><\/span> Seu nome vem do latim <em>caesius<\/em> , que significa c\u00e9u azul. Recebe esse nome porque durante sua descoberta refletiu 2 linhas espectrosc\u00f3picas azuis em uma amostra de \u00e1gua mineral.<\/p>\n<h2> <strong>Caracter\u00edsticas do c\u00e9sio<\/strong><\/h2>\n<p> Corresponde a um metal pesado, muito macio, que possui baixo ponto de fus\u00e3o. \u00c9 um dos \u00e1lcalis mais reativos do seu grupo, \u00e9 pirof\u00f3rico, ou seja, inflam\u00e1vel no ar \u00famido. Al\u00e9m disso, em altas temperaturas, reage com o hidrog\u00eanio para formar compostos de hidrog\u00eanio. Mais recursos est\u00e3o listados abaixo:<\/p>\n<ul>\n<li> <strong>Estado<\/strong> : S\u00f3lido e l\u00edquido a baixa temperatura.<\/li>\n<li> <strong>Sabor e odor<\/strong> : \u00c9 inodoro e sem sabor caracter\u00edstico.<\/li>\n<li> <strong>Composi\u00e7\u00e3o<\/strong> : Composta por 55 el\u00e9trons e pr\u00f3tons, 78 n\u00eautrons. No n\u00facleo, os el\u00e9trons t\u00eam n\u00edvel de energia 6.<\/li>\n<li> <strong>Toxicidade<\/strong> : Moderada. Por\u00e9m, a exposi\u00e7\u00e3o excessiva a esse elemento causa doen\u00e7as digestivas, sangramentos e morte.<\/li>\n<li> <strong>Reatividade:<\/strong> Alta, reage violentamente com a \u00e1gua, onde forma hidr\u00f3xido de c\u00e9sio, com halog\u00eanios, gelo, mon\u00f3xido de carbono e am\u00f4nia.<\/li>\n<li> <strong>Solubilidade<\/strong> : O elemento e seus compostos s\u00e3o sol\u00faveis em \u00e1gua.<\/li>\n<li> <strong>Cristaliza\u00e7\u00e3o<\/strong> : C\u00fabica centrada em todo o corpo.<\/li>\n<li> <strong>Condutividade<\/strong> : Apresenta boa condutividade el\u00e9trica.<\/li>\n<\/ul>\n<h2> <strong>Propriedades qu\u00edmicas e f\u00edsicas do c\u00e9sio<\/strong><\/h2>\n<ol>\n<li> <strong>N\u00famero at\u00f4mico<\/strong> : 55<\/li>\n<li> <strong>Per\u00edodo<\/strong> : 6<\/li>\n<li> <strong>Bloco<\/strong> : S<\/li>\n<li> <strong>Grupo<\/strong> : 1<\/li>\n<li> <strong>Estado de oxida\u00e7\u00e3o<\/strong> : 1<\/li>\n<li> <strong>Energia de ioniza\u00e7\u00e3o:<\/strong> 375,7<\/li>\n<li> <strong>Ferrugem:<\/strong> Forte<\/li>\n<li> <strong>Massa at\u00f4mica (g\/mol):<\/strong> 132,90545<strong> <\/strong>Ouro<\/li>\n<li> <strong>Densidade:<\/strong> 1879 Kg\/m3<\/li>\n<li> <strong>Ponto de ebuli\u00e7\u00e3o:<\/strong> 671<strong> <\/strong>\u00b0C<\/li>\n<li> <strong>Ponto de fus\u00e3o:<\/strong> 28<strong> <\/strong>\u00b0C<\/li>\n<li> <strong>Raio covalente:<\/strong> 225 horas<\/li>\n<li> <strong>Raio at\u00f4mico:<\/strong> 298 pm<\/li>\n<li> <strong>Raio m\u00e9dio:<\/strong> 260h<\/li>\n<li> <strong>Eletronegatividade:<\/strong> 0,79<\/li>\n<li> <strong>Calor espec\u00edfico:<\/strong> 240 J \/ (K kg)<\/li>\n<li> <strong>Configura\u00e7\u00e3o eletr\u00f4nica:<\/strong> [Xe] 6s1<\/li>\n<li> <strong>El\u00e9trons por camada:<\/strong> 2, 8, 18, 18, 8,<strong> <\/strong>1<\/li>\n<li> <strong>Condutividade t\u00e9rmica:<\/strong> 35,9 W\/(Km)<\/li>\n<li> <strong>Condutividade el\u00e9trica:<\/strong> 4,89 x 106 S\/m<\/li>\n<\/ol>\n<h2> <strong>Origem do c\u00e9sio<\/strong><\/h2>\n<p> Este elemento foi descoberto por Gustav Kirchhoff e Robert Bunsen em 1860 usando um espectrosc\u00f3pio. No equipamento foram refletidas 2 linhas azuis brilhantes, que eram dois sais met\u00e1licos. Bunsen conseguiu isol\u00e1-los com \u00e1gua mineral, mas n\u00e3o com o elemento em estado met\u00e1lico. Somente em 1862 Carl Setterberg o isolou por eletr\u00f3lise com cianeto de c\u00e9sio.<\/p>\n<h2> <strong>Para que \u00e9 usado o C\u00e9sio?<\/strong><\/h2>\n<p> \u00c9 utilizado na fabrica\u00e7\u00e3o de fotoc\u00e9lulas, contadores de cintila\u00e7\u00e3o, l\u00e2mpadas infravermelhas militares, equipamentos espectrogr\u00e1ficos, dispositivos \u00f3pticos e de detec\u00e7\u00e3o. \u00c9 utilizado na fabrica\u00e7\u00e3o de cristais, cer\u00e2micas e como absorvente em plantas de purifica\u00e7\u00e3o de di\u00f3xido de carbono. Outros usos s\u00e3o:<\/p>\n<h3> <strong>Medicamento<\/strong><\/h3>\n<p> O c\u00e9sio-137 \u00e9 utilizado em tratamentos de radioterapia para o c\u00e2ncer, em um procedimento denominado braquiterapia. O material utilizado consiste em esferas colocadas em pacientes com tumores e livres de efeitos adversos. Al\u00e9m disso, os sais do elemento s\u00e3o usados como anti-choque t\u00f3pico ap\u00f3s a administra\u00e7\u00e3o de medicamentos contendo ars\u00eanico.<\/p>\n<h3> <strong>Ci\u00eancia<\/strong><\/h3>\n<p> No setor cient\u00edfico, esse elemento \u00e9 utilizado no desenvolvimento de rel\u00f3gios at\u00f4micos, respons\u00e1veis por medir o tempo com base na energia dos \u00e1tomos de c\u00e9sio 133. Al\u00e9m disso, \u00e9 utilizado para especificar as unidades do Sistema Internacional ou SI, composto por 7 escalas de medida. . .<\/p>\n<h3> <strong>Industrial<\/strong><\/h3>\n<p> Nos geradores term\u00f4nicos, o vapor do elemento \u00e9 utilizado na transforma\u00e7\u00e3o do calor em energia el\u00e9trica de baixa pot\u00eancia. Outras propriedades do c\u00e9sio s\u00e3o utilizadas na calibra\u00e7\u00e3o de magnet\u00f4metros que medem a for\u00e7a de um campo magn\u00e9tico.<\/p>\n<h2> <strong>Onde o c\u00e9sio \u00e9 encontrado?<\/strong><\/h2>\n<p> \u00c9 eliminado no meio ambiente misturado com minerais na propor\u00e7\u00e3o de 7 ppm. N\u00e3o \u00e9 comum em sua forma met\u00e1lica na crosta terrestre, mas pequenas amostras puras v\u00eam de eros\u00e3o e rochas. Al\u00e9m disso, durante a minera\u00e7\u00e3o e britagem de minerais, o elemento \u00e9 liberado no ar, no solo e na \u00e1gua. Na sua forma radioativa, \u00e9 encontrado na natureza atrav\u00e9s de usinas nucleares, detona\u00e7\u00f5es de armas e acidentes nucleares.<\/p>\n<h2> <strong>Como o c\u00e9sio \u00e9 obtido?<\/strong><\/h2>\n<p> \u00c9 obtido a partir do seu composto principal, nomeadamente a polucite, atrav\u00e9s da digest\u00e3o deste mineral em \u00e1cidos fortes. Os mais utilizados s\u00e3o o clor\u00eddrico, o brom\u00eddrico, o fluor\u00eddrico e o sulf\u00farico. M\u00e9todos de decomposi\u00e7\u00e3o alcalina e redu\u00e7\u00e3o direta s\u00e3o usados no processo. Finalmente, a eletr\u00f3lise com cianeto de c\u00e9sio \u00e9 aplicada para obter o metal puro.<\/p>\n<p> Em resumo, este metal alcalino distingue-se pelo seu car\u00e1ter pesado e o mais reativo do seu grupo. Os usos e aplica\u00e7\u00f5es do c\u00e9sio estendem-se \u00e0 \u00e1rea m\u00e9dica e cient\u00edfica, devido ao seu baixo ponto de fus\u00e3o e condutividade.<\/p>\n","protected":false},"excerpt":{"rendered":"<p>O c\u00e9sio est\u00e1 presente nos minerais polucita e lepidolita, na poeira e nas rochas em concentra\u00e7\u00f5es m\u00ednimas devido \u00e0 sua alta reatividade. \u00c9 encontrado em estado natural est\u00e1vel apenas com seu is\u00f3topo 133. Al\u00e9m disso, seus compostos s\u00e3o muito apreciados nos setores eletr\u00f4nico, qu\u00edmico, m\u00e9dico e el\u00e9trico. Informamos sobre suas propriedades, utiliza\u00e7\u00f5es e outros aspectos &#8230; <a title=\"C\u00e9sio\" class=\"read-more\" href=\"https:\/\/chemuza.org\/pt\/cesio\/\" aria-label=\"Mais em C\u00e9sio\">Ler mais<\/a><\/p>\n","protected":false},"author":1,"featured_media":0,"parent":0,"menu_order":0,"comment_status":"closed","ping_status":"closed","template":"","meta":{"footnotes":""},"class_list":["post-1515","page","type-page","status-publish"],"yoast_head":"<!-- This site is optimized with the Yoast SEO plugin v21.4 - https:\/\/yoast.com\/wordpress\/plugins\/seo\/ -->\n<title>C\u00e9sio - Quimuza<\/title>\n<meta name=\"robots\" content=\"index, follow, max-snippet:-1, max-image-preview:large, max-video-preview:-1\" \/>\n<link rel=\"canonical\" href=\"https:\/\/chemuza.org\/pt\/cesio\/\" \/>\n<meta property=\"og:locale\" content=\"pt_PT\" \/>\n<meta property=\"og:type\" content=\"article\" \/>\n<meta property=\"og:title\" content=\"C\u00e9sio - Quimuza\" \/>\n<meta property=\"og:description\" content=\"O c\u00e9sio est\u00e1 presente nos minerais polucita e lepidolita, na poeira e nas rochas em concentra\u00e7\u00f5es m\u00ednimas devido \u00e0 sua alta reatividade. \u00c9 encontrado em estado natural est\u00e1vel apenas com seu is\u00f3topo 133. Al\u00e9m disso, seus compostos s\u00e3o muito apreciados nos setores eletr\u00f4nico, qu\u00edmico, m\u00e9dico e el\u00e9trico. Informamos sobre suas propriedades, utiliza\u00e7\u00f5es e outros aspectos ... Ler mais\" \/>\n<meta property=\"og:url\" content=\"https:\/\/chemuza.org\/pt\/cesio\/\" \/>\n<meta property=\"og:site_name\" content=\"Statorials\" \/>\n<meta name=\"twitter:card\" content=\"summary_large_image\" \/>\n<meta name=\"twitter:label1\" content=\"Tempo estimado de leitura\" \/>\n\t<meta name=\"twitter:data1\" content=\"4 minutos\" \/>\n<script type=\"application\/ld+json\" class=\"yoast-schema-graph\">{\"@context\":\"https:\/\/schema.org\",\"@graph\":[{\"@type\":\"WebPage\",\"@id\":\"https:\/\/chemuza.org\/pt\/cesio\/\",\"url\":\"https:\/\/chemuza.org\/pt\/cesio\/\",\"name\":\"C\u00e9sio - Quimuza\",\"isPartOf\":{\"@id\":\"https:\/\/chemuza.org\/pt\/#website\"},\"datePublished\":\"2023-07-14T07:59:06+00:00\",\"dateModified\":\"2023-07-14T07:59:06+00:00\",\"breadcrumb\":{\"@id\":\"https:\/\/chemuza.org\/pt\/cesio\/#breadcrumb\"},\"inLanguage\":\"pt-PT\",\"potentialAction\":[{\"@type\":\"ReadAction\",\"target\":[\"https:\/\/chemuza.org\/pt\/cesio\/\"]}]},{\"@type\":\"BreadcrumbList\",\"@id\":\"https:\/\/chemuza.org\/pt\/cesio\/#breadcrumb\",\"itemListElement\":[{\"@type\":\"ListItem\",\"position\":1,\"name\":\"Lar\",\"item\":\"https:\/\/chemuza.org\/pt\/\"},{\"@type\":\"ListItem\",\"position\":2,\"name\":\"C\u00e9sio\"}]},{\"@type\":\"WebSite\",\"@id\":\"https:\/\/chemuza.org\/pt\/#website\",\"url\":\"https:\/\/chemuza.org\/pt\/\",\"name\":\"Chemuza\",\"description\":\"Sua porta de entrada para a descoberta qu\u00edmica!\",\"publisher\":{\"@id\":\"https:\/\/chemuza.org\/pt\/#organization\"},\"potentialAction\":[{\"@type\":\"SearchAction\",\"target\":{\"@type\":\"EntryPoint\",\"urlTemplate\":\"https:\/\/chemuza.org\/pt\/?s={search_term_string}\"},\"query-input\":\"required name=search_term_string\"}],\"inLanguage\":\"pt-PT\"},{\"@type\":\"Organization\",\"@id\":\"https:\/\/chemuza.org\/pt\/#organization\",\"name\":\"Chemuza\",\"url\":\"https:\/\/chemuza.org\/pt\/\",\"logo\":{\"@type\":\"ImageObject\",\"inLanguage\":\"pt-PT\",\"@id\":\"https:\/\/chemuza.org\/pt\/#\/schema\/logo\/image\/\",\"url\":\"https:\/\/chemuza.org\/pt\/wp-content\/uploads\/2023\/10\/chemuza-logo.png\",\"contentUrl\":\"https:\/\/chemuza.org\/pt\/wp-content\/uploads\/2023\/10\/chemuza-logo.png\",\"width\":387,\"height\":70,\"caption\":\"Chemuza\"},\"image\":{\"@id\":\"https:\/\/chemuza.org\/pt\/#\/schema\/logo\/image\/\"}}]}<\/script>\n<!-- \/ Yoast SEO plugin. -->","yoast_head_json":{"title":"C\u00e9sio - Quimuza","robots":{"index":"index","follow":"follow","max-snippet":"max-snippet:-1","max-image-preview":"max-image-preview:large","max-video-preview":"max-video-preview:-1"},"canonical":"https:\/\/chemuza.org\/pt\/cesio\/","og_locale":"pt_PT","og_type":"article","og_title":"C\u00e9sio - Quimuza","og_description":"O c\u00e9sio est\u00e1 presente nos minerais polucita e lepidolita, na poeira e nas rochas em concentra\u00e7\u00f5es m\u00ednimas devido \u00e0 sua alta reatividade. \u00c9 encontrado em estado natural est\u00e1vel apenas com seu is\u00f3topo 133. Al\u00e9m disso, seus compostos s\u00e3o muito apreciados nos setores eletr\u00f4nico, qu\u00edmico, m\u00e9dico e el\u00e9trico. Informamos sobre suas propriedades, utiliza\u00e7\u00f5es e outros aspectos ... Ler mais","og_url":"https:\/\/chemuza.org\/pt\/cesio\/","og_site_name":"Statorials","twitter_card":"summary_large_image","twitter_misc":{"Tempo estimado de leitura":"4 minutos"},"schema":{"@context":"https:\/\/schema.org","@graph":[{"@type":"WebPage","@id":"https:\/\/chemuza.org\/pt\/cesio\/","url":"https:\/\/chemuza.org\/pt\/cesio\/","name":"C\u00e9sio - Quimuza","isPartOf":{"@id":"https:\/\/chemuza.org\/pt\/#website"},"datePublished":"2023-07-14T07:59:06+00:00","dateModified":"2023-07-14T07:59:06+00:00","breadcrumb":{"@id":"https:\/\/chemuza.org\/pt\/cesio\/#breadcrumb"},"inLanguage":"pt-PT","potentialAction":[{"@type":"ReadAction","target":["https:\/\/chemuza.org\/pt\/cesio\/"]}]},{"@type":"BreadcrumbList","@id":"https:\/\/chemuza.org\/pt\/cesio\/#breadcrumb","itemListElement":[{"@type":"ListItem","position":1,"name":"Lar","item":"https:\/\/chemuza.org\/pt\/"},{"@type":"ListItem","position":2,"name":"C\u00e9sio"}]},{"@type":"WebSite","@id":"https:\/\/chemuza.org\/pt\/#website","url":"https:\/\/chemuza.org\/pt\/","name":"Chemuza","description":"Sua porta de entrada para a descoberta qu\u00edmica!","publisher":{"@id":"https:\/\/chemuza.org\/pt\/#organization"},"potentialAction":[{"@type":"SearchAction","target":{"@type":"EntryPoint","urlTemplate":"https:\/\/chemuza.org\/pt\/?s={search_term_string}"},"query-input":"required name=search_term_string"}],"inLanguage":"pt-PT"},{"@type":"Organization","@id":"https:\/\/chemuza.org\/pt\/#organization","name":"Chemuza","url":"https:\/\/chemuza.org\/pt\/","logo":{"@type":"ImageObject","inLanguage":"pt-PT","@id":"https:\/\/chemuza.org\/pt\/#\/schema\/logo\/image\/","url":"https:\/\/chemuza.org\/pt\/wp-content\/uploads\/2023\/10\/chemuza-logo.png","contentUrl":"https:\/\/chemuza.org\/pt\/wp-content\/uploads\/2023\/10\/chemuza-logo.png","width":387,"height":70,"caption":"Chemuza"},"image":{"@id":"https:\/\/chemuza.org\/pt\/#\/schema\/logo\/image\/"}}]}},"yoast_meta":{"yoast_wpseo_title":"","yoast_wpseo_metadesc":"","yoast_wpseo_canonical":""},"_links":{"self":[{"href":"https:\/\/chemuza.org\/pt\/wp-json\/wp\/v2\/pages\/1515","targetHints":{"allow":["GET"]}}],"collection":[{"href":"https:\/\/chemuza.org\/pt\/wp-json\/wp\/v2\/pages"}],"about":[{"href":"https:\/\/chemuza.org\/pt\/wp-json\/wp\/v2\/types\/page"}],"author":[{"embeddable":true,"href":"https:\/\/chemuza.org\/pt\/wp-json\/wp\/v2\/users\/1"}],"replies":[{"embeddable":true,"href":"https:\/\/chemuza.org\/pt\/wp-json\/wp\/v2\/comments?post=1515"}],"version-history":[{"count":0,"href":"https:\/\/chemuza.org\/pt\/wp-json\/wp\/v2\/pages\/1515\/revisions"}],"wp:attachment":[{"href":"https:\/\/chemuza.org\/pt\/wp-json\/wp\/v2\/media?parent=1515"}],"curies":[{"name":"wp","href":"https:\/\/api.w.org\/{rel}","templated":true}]}}