{"id":1513,"date":"2023-07-14T08:29:47","date_gmt":"2023-07-14T08:29:47","guid":{"rendered":"https:\/\/chemuza.org\/pt\/xenonio\/"},"modified":"2023-07-14T08:29:47","modified_gmt":"2023-07-14T08:29:47","slug":"xenonio","status":"publish","type":"page","link":"https:\/\/chemuza.org\/pt\/xenonio\/","title":{"rendered":"Xen\u00f4nio"},"content":{"rendered":"<p>O xen\u00f4nio \u00e9 encontrado na atmosfera terrestre em pequenas quantidades, mas tamb\u00e9m est\u00e1 presente na forma gasosa em certas fontes minerais e em meteoritos. Para os humanos \u00e9 classificado como g\u00e1s asfixiante, embora n\u00e3o seja t\u00f3xico. O ar \u00e9 a fonte comercial deste elemento. Conhe\u00e7a abaixo suas propriedades, aplica\u00e7\u00f5es e caracter\u00edsticas.<\/p>\n<h2> <strong>O que \u00e9 xen\u00f4nio?<\/strong><\/h2>\n<p> \u00c9 um dos elementos qu\u00edmicos da tabela peri\u00f3dica e \u00e9 considerado um g\u00e1s pesado. Aproximadamente um litro de Xenon pesa 5.842 gramas. \u00c9 o \u00fanico g\u00e1s nobre que, \u00e0 temperatura ambiente, \u00e9 capaz de formar compostos qu\u00edmicos est\u00e1veis, como tetrafluoreto de xen\u00f4nio, hexafluoreto de xen\u00f4nio e perxenato de s\u00f3dio.<\/p>\n<h3> <strong>S\u00edmbolo de xen\u00f4nio<\/strong><\/h3>\n<p> <span class=\"content-chemical-element\" style=\"float: left;width: 65px;height: 65px;border: 3px solid #666; display:flex;\n    justify-content: center;align-items: center;margin-right: 15px;\"><span style=\"font-size: 38px;\">Xe<\/span><\/span> Este elemento est\u00e1 localizado no grupo 18 da tabela peri\u00f3dica com massa at\u00f4mica de 131.293 e n\u00famero at\u00f4mico 54. Possui nove is\u00f3topos est\u00e1veis e 20 inst\u00e1veis.<\/p>\n<h2> <strong>Caracter\u00edsticas do xen\u00f4nio<\/strong><\/h2>\n<p> Compartilha algumas qualidades com os demais gases nobres, como ter val\u00eancia zero, ser muito pesado e n\u00e3o ter cor nem odor. Al\u00e9m disso, quando encerrado em um tubo e sujeito a um choque el\u00e9trico, \u00e9 capaz de emitir luz azul. Outras caracter\u00edsticas do Xenon:<\/p>\n<ul>\n<li> <strong>Reatividade Qu\u00edmica<\/strong> : Em condi\u00e7\u00f5es normais, apresenta reatividade muito baixa.<\/li>\n<li> <strong>Apar\u00eancia<\/strong> : \u00c9 incolor e inodoro.<\/li>\n<li> <strong>Estado<\/strong> : Seu estado natural \u00e9 g\u00e1s n\u00e3o magn\u00e9tico.<\/li>\n<li> <strong>Estrutura<\/strong> : C\u00fabica centrada nas faces.<\/li>\n<\/ul>\n<h2> <strong>Propriedades qu\u00edmicas e f\u00edsicas do xen\u00f4nio<\/strong><\/h2>\n<ol>\n<li> <strong>N\u00famero at\u00f4mico<\/strong> : 54<\/li>\n<li> <strong>S\u00e9rie qu\u00edmica:<\/strong> Gases nobres<\/li>\n<li> <strong>Per\u00edodo:<\/strong> 5<\/li>\n<li> <strong>bloco:<\/strong> p<\/li>\n<li> <strong>Densidade:<\/strong> 5,9 kg\/m\u00b3<\/li>\n<li> <strong>Calor espec\u00edfico:<\/strong> 158 J<\/li>\n<li> <strong>Raio covalente (\u00c5):<\/strong> 130<\/li>\n<li> <strong>Raio at\u00f4mico:<\/strong> 108<\/li>\n<li> <strong>Eletronegatividade:<\/strong> 2,6<\/li>\n<li> <strong>Estado de oxida\u00e7\u00e3o:<\/strong> 0<\/li>\n<li> <strong>Ponto de fus\u00e3o:<\/strong> 161,4K<\/li>\n<li> <strong>Ponto de ebuli\u00e7\u00e3o:<\/strong> 165,1K<\/li>\n<li> <strong>Velocidade do som:<\/strong> 1090 m\/s a 293,15 K<\/li>\n<li> <strong>Entalpia de fus\u00e3o:<\/strong> 2.297 Kj\/mol<\/li>\n<li> <strong>Entalpia de vaporiza\u00e7\u00e3o:<\/strong> 12.636 kJ\/mol<\/li>\n<li> <strong>Configura\u00e7\u00e3o eletr\u00f4nica:<\/strong> [Kr] 5s <sup>2<\/sup> 4d <sup>10<\/sup> 5p <sup>6<\/sup><\/li>\n<li> <strong>Massa at\u00f4mica (g\/mol):<\/strong> 131.293<\/li>\n<\/ol>\n<h2> <strong>Origem do Xen\u00f4nio<\/strong><\/h2>\n<p> O nome deriva da palavra grega <em>xenos<\/em> , que tem um significado estranho e foi o primeiro g\u00e1s sintetizado. Foi descoberto em 1898 pelos qu\u00edmicos brit\u00e2nicos Morris Travers e William Ramsay quando obtiveram res\u00edduos ap\u00f3s a evapora\u00e7\u00e3o de componentes do ar l\u00edquido.<\/p>\n<h2> <strong>Para que \u00e9 usado o xen\u00f4nio?<\/strong><\/h2>\n<p> Esse g\u00e1s \u00e9 utilizado na fabrica\u00e7\u00e3o de dispositivos eletroluminescentes, como luzes estrobosc\u00f3picas, bactericidas e tubos eletr\u00f4nicos. Da mesma forma, em l\u00e2mpadas usadas para causar lasers de rubi, que geram luz coerente. Conhe\u00e7a mais aplica\u00e7\u00f5es deste g\u00e1s inerte:<\/p>\n<h3> <strong>G\u00e1s<\/strong><\/h3>\n<p> No estado gasoso \u00e9 um dos componentes das l\u00e2mpadas de xen\u00f4nio, pois ao receber uma descarga el\u00e9trica gera uma esp\u00e9cie de ilumina\u00e7\u00e3o semelhante \u00e0 luz do dia. Al\u00e9m disso, \u00e9 utilizado para minimizar os riscos de explos\u00f5es associados \u00e0 propuls\u00e3o qu\u00edmica. Al\u00e9m disso, para enchimento de tubos de r\u00e1dio e televis\u00e3o, bem como em usinas nucleares.<\/p>\n<h3> <strong>combust\u00edvel e ind\u00fastria<\/strong><\/h3>\n<p> Como combust\u00edvel, \u00e9 ideal em sistemas de propuls\u00e3o el\u00e9trica utilizados em viagens espaciais. Al\u00e9m disso, \u00e9 utilizado na fabrica\u00e7\u00e3o de far\u00f3is de ve\u00edculos, bem como em fotocopiadoras e impressoras como agente que permite que a tinta sele a folha.<\/p>\n<h3> <strong>L\u00edquido<\/strong><\/h3>\n<p> No estado l\u00edquido, \u00e9 utilizado como solvente em rea\u00e7\u00f5es qu\u00edmicas e espectroscopia infravermelha. Tamb\u00e9m \u00e9 usado em sondas de usinas nucleares e c\u00e2maras de bolhas.<\/p>\n<h3> <strong>Gases anest\u00e9sicos e medicinais<\/strong><\/h3>\n<p> Em 1951, o Xenon foi identificado como anest\u00e9sico. Quando administrado com oxig\u00eanio a 30%, \u00e9 capaz de gerar anestesia potente, mas n\u00e3o est\u00e1 aprovado para uso em humanos. \u00c9 insol\u00favel nos tecidos do corpo e no sangue, o que influencia a r\u00e1pida indu\u00e7\u00e3o e a r\u00e1pida recupera\u00e7\u00e3o.<\/p>\n<p> Al\u00e9m disso, \u00e9 usado em alguns dispositivos para fazer imagens m\u00e9dicas, como raios X e resson\u00e2ncias magn\u00e9ticas. Al\u00e9m disso, eles o utilizam em certos medicamentos para tratar certos tipos de c\u00e2ncer. Por outro lado, \u00e9 utilizado na \u00e1rea da oftalmologia para terapias a laser e na \u00e1rea da dermatologia para eliminar les\u00f5es cut\u00e2neas.<\/p>\n<h3> <strong>Luzes de xen\u00f4nio<\/strong><\/h3>\n<p> O g\u00e1s xen\u00f4nio \u00e9 muito popular na fabrica\u00e7\u00e3o de far\u00f3is de autom\u00f3veis, embora seu custo seja elevado. Esses tipos de lumin\u00e1rias consistem em uma l\u00e2mpada de vidro com g\u00e1s xen\u00f4nio em seu interior, em vez de um filamento. O resultado \u00e9 uma ilumina\u00e7\u00e3o potente e de baixo consumo, perfeita para dirigir em condi\u00e7\u00f5es de neblina.<\/p>\n<p> Resumindo, o xen\u00f4nio \u00e9 um g\u00e1s inerte que, junto com outros gases, faz parte da tabela peri\u00f3dica. \u00c9 encontrado como pequenos vest\u00edgios em meteoritos e minerais e pode ser obtido comercialmente por extra\u00e7\u00e3o de ar l\u00edquido. Embora n\u00e3o seja muito reativo, pode formar compostos qu\u00edmicos.<\/p>\n","protected":false},"excerpt":{"rendered":"<p>O xen\u00f4nio \u00e9 encontrado na atmosfera terrestre em pequenas quantidades, mas tamb\u00e9m est\u00e1 presente na forma gasosa em certas fontes minerais e em meteoritos. Para os humanos \u00e9 classificado como g\u00e1s asfixiante, embora n\u00e3o seja t\u00f3xico. O ar \u00e9 a fonte comercial deste elemento. Conhe\u00e7a abaixo suas propriedades, aplica\u00e7\u00f5es e caracter\u00edsticas. O que \u00e9 xen\u00f4nio? &#8230; <a title=\"Xen\u00f4nio\" class=\"read-more\" href=\"https:\/\/chemuza.org\/pt\/xenonio\/\" aria-label=\"Mais em Xen\u00f4nio\">Ler mais<\/a><\/p>\n","protected":false},"author":1,"featured_media":0,"parent":0,"menu_order":0,"comment_status":"closed","ping_status":"closed","template":"","meta":{"footnotes":""},"class_list":["post-1513","page","type-page","status-publish"],"yoast_head":"<!-- This site is optimized with the Yoast SEO plugin v21.4 - https:\/\/yoast.com\/wordpress\/plugins\/seo\/ -->\n<title>Xen\u00f4nio - Chemuza<\/title>\n<meta name=\"robots\" content=\"index, follow, max-snippet:-1, max-image-preview:large, max-video-preview:-1\" \/>\n<link rel=\"canonical\" href=\"https:\/\/chemuza.org\/pt\/xenonio\/\" \/>\n<meta property=\"og:locale\" content=\"pt_PT\" \/>\n<meta property=\"og:type\" content=\"article\" \/>\n<meta property=\"og:title\" content=\"Xen\u00f4nio - Chemuza\" \/>\n<meta property=\"og:description\" content=\"O xen\u00f4nio \u00e9 encontrado na atmosfera terrestre em pequenas quantidades, mas tamb\u00e9m est\u00e1 presente na forma gasosa em certas fontes minerais e em meteoritos. Para os humanos \u00e9 classificado como g\u00e1s asfixiante, embora n\u00e3o seja t\u00f3xico. O ar \u00e9 a fonte comercial deste elemento. Conhe\u00e7a abaixo suas propriedades, aplica\u00e7\u00f5es e caracter\u00edsticas. O que \u00e9 xen\u00f4nio? ... Ler mais\" \/>\n<meta property=\"og:url\" content=\"https:\/\/chemuza.org\/pt\/xenonio\/\" \/>\n<meta property=\"og:site_name\" content=\"Statorials\" \/>\n<meta name=\"twitter:card\" content=\"summary_large_image\" \/>\n<meta name=\"twitter:label1\" content=\"Tempo estimado de leitura\" \/>\n\t<meta name=\"twitter:data1\" content=\"4 minutos\" \/>\n<script type=\"application\/ld+json\" class=\"yoast-schema-graph\">{\"@context\":\"https:\/\/schema.org\",\"@graph\":[{\"@type\":\"WebPage\",\"@id\":\"https:\/\/chemuza.org\/pt\/xenonio\/\",\"url\":\"https:\/\/chemuza.org\/pt\/xenonio\/\",\"name\":\"Xen\u00f4nio - Chemuza\",\"isPartOf\":{\"@id\":\"https:\/\/chemuza.org\/pt\/#website\"},\"datePublished\":\"2023-07-14T08:29:47+00:00\",\"dateModified\":\"2023-07-14T08:29:47+00:00\",\"breadcrumb\":{\"@id\":\"https:\/\/chemuza.org\/pt\/xenonio\/#breadcrumb\"},\"inLanguage\":\"pt-PT\",\"potentialAction\":[{\"@type\":\"ReadAction\",\"target\":[\"https:\/\/chemuza.org\/pt\/xenonio\/\"]}]},{\"@type\":\"BreadcrumbList\",\"@id\":\"https:\/\/chemuza.org\/pt\/xenonio\/#breadcrumb\",\"itemListElement\":[{\"@type\":\"ListItem\",\"position\":1,\"name\":\"Lar\",\"item\":\"https:\/\/chemuza.org\/pt\/\"},{\"@type\":\"ListItem\",\"position\":2,\"name\":\"Xen\u00f4nio\"}]},{\"@type\":\"WebSite\",\"@id\":\"https:\/\/chemuza.org\/pt\/#website\",\"url\":\"https:\/\/chemuza.org\/pt\/\",\"name\":\"Chemuza\",\"description\":\"Sua porta de entrada para a descoberta qu\u00edmica!\",\"publisher\":{\"@id\":\"https:\/\/chemuza.org\/pt\/#organization\"},\"potentialAction\":[{\"@type\":\"SearchAction\",\"target\":{\"@type\":\"EntryPoint\",\"urlTemplate\":\"https:\/\/chemuza.org\/pt\/?s={search_term_string}\"},\"query-input\":\"required name=search_term_string\"}],\"inLanguage\":\"pt-PT\"},{\"@type\":\"Organization\",\"@id\":\"https:\/\/chemuza.org\/pt\/#organization\",\"name\":\"Chemuza\",\"url\":\"https:\/\/chemuza.org\/pt\/\",\"logo\":{\"@type\":\"ImageObject\",\"inLanguage\":\"pt-PT\",\"@id\":\"https:\/\/chemuza.org\/pt\/#\/schema\/logo\/image\/\",\"url\":\"https:\/\/chemuza.org\/pt\/wp-content\/uploads\/2023\/10\/chemuza-logo.png\",\"contentUrl\":\"https:\/\/chemuza.org\/pt\/wp-content\/uploads\/2023\/10\/chemuza-logo.png\",\"width\":387,\"height\":70,\"caption\":\"Chemuza\"},\"image\":{\"@id\":\"https:\/\/chemuza.org\/pt\/#\/schema\/logo\/image\/\"}}]}<\/script>\n<!-- \/ Yoast SEO plugin. -->","yoast_head_json":{"title":"Xen\u00f4nio - Chemuza","robots":{"index":"index","follow":"follow","max-snippet":"max-snippet:-1","max-image-preview":"max-image-preview:large","max-video-preview":"max-video-preview:-1"},"canonical":"https:\/\/chemuza.org\/pt\/xenonio\/","og_locale":"pt_PT","og_type":"article","og_title":"Xen\u00f4nio - Chemuza","og_description":"O xen\u00f4nio \u00e9 encontrado na atmosfera terrestre em pequenas quantidades, mas tamb\u00e9m est\u00e1 presente na forma gasosa em certas fontes minerais e em meteoritos. Para os humanos \u00e9 classificado como g\u00e1s asfixiante, embora n\u00e3o seja t\u00f3xico. O ar \u00e9 a fonte comercial deste elemento. Conhe\u00e7a abaixo suas propriedades, aplica\u00e7\u00f5es e caracter\u00edsticas. O que \u00e9 xen\u00f4nio? ... Ler mais","og_url":"https:\/\/chemuza.org\/pt\/xenonio\/","og_site_name":"Statorials","twitter_card":"summary_large_image","twitter_misc":{"Tempo estimado de leitura":"4 minutos"},"schema":{"@context":"https:\/\/schema.org","@graph":[{"@type":"WebPage","@id":"https:\/\/chemuza.org\/pt\/xenonio\/","url":"https:\/\/chemuza.org\/pt\/xenonio\/","name":"Xen\u00f4nio - Chemuza","isPartOf":{"@id":"https:\/\/chemuza.org\/pt\/#website"},"datePublished":"2023-07-14T08:29:47+00:00","dateModified":"2023-07-14T08:29:47+00:00","breadcrumb":{"@id":"https:\/\/chemuza.org\/pt\/xenonio\/#breadcrumb"},"inLanguage":"pt-PT","potentialAction":[{"@type":"ReadAction","target":["https:\/\/chemuza.org\/pt\/xenonio\/"]}]},{"@type":"BreadcrumbList","@id":"https:\/\/chemuza.org\/pt\/xenonio\/#breadcrumb","itemListElement":[{"@type":"ListItem","position":1,"name":"Lar","item":"https:\/\/chemuza.org\/pt\/"},{"@type":"ListItem","position":2,"name":"Xen\u00f4nio"}]},{"@type":"WebSite","@id":"https:\/\/chemuza.org\/pt\/#website","url":"https:\/\/chemuza.org\/pt\/","name":"Chemuza","description":"Sua porta de entrada para a descoberta qu\u00edmica!","publisher":{"@id":"https:\/\/chemuza.org\/pt\/#organization"},"potentialAction":[{"@type":"SearchAction","target":{"@type":"EntryPoint","urlTemplate":"https:\/\/chemuza.org\/pt\/?s={search_term_string}"},"query-input":"required name=search_term_string"}],"inLanguage":"pt-PT"},{"@type":"Organization","@id":"https:\/\/chemuza.org\/pt\/#organization","name":"Chemuza","url":"https:\/\/chemuza.org\/pt\/","logo":{"@type":"ImageObject","inLanguage":"pt-PT","@id":"https:\/\/chemuza.org\/pt\/#\/schema\/logo\/image\/","url":"https:\/\/chemuza.org\/pt\/wp-content\/uploads\/2023\/10\/chemuza-logo.png","contentUrl":"https:\/\/chemuza.org\/pt\/wp-content\/uploads\/2023\/10\/chemuza-logo.png","width":387,"height":70,"caption":"Chemuza"},"image":{"@id":"https:\/\/chemuza.org\/pt\/#\/schema\/logo\/image\/"}}]}},"yoast_meta":{"yoast_wpseo_title":"","yoast_wpseo_metadesc":"","yoast_wpseo_canonical":""},"_links":{"self":[{"href":"https:\/\/chemuza.org\/pt\/wp-json\/wp\/v2\/pages\/1513","targetHints":{"allow":["GET"]}}],"collection":[{"href":"https:\/\/chemuza.org\/pt\/wp-json\/wp\/v2\/pages"}],"about":[{"href":"https:\/\/chemuza.org\/pt\/wp-json\/wp\/v2\/types\/page"}],"author":[{"embeddable":true,"href":"https:\/\/chemuza.org\/pt\/wp-json\/wp\/v2\/users\/1"}],"replies":[{"embeddable":true,"href":"https:\/\/chemuza.org\/pt\/wp-json\/wp\/v2\/comments?post=1513"}],"version-history":[{"count":0,"href":"https:\/\/chemuza.org\/pt\/wp-json\/wp\/v2\/pages\/1513\/revisions"}],"wp:attachment":[{"href":"https:\/\/chemuza.org\/pt\/wp-json\/wp\/v2\/media?parent=1513"}],"curies":[{"name":"wp","href":"https:\/\/api.w.org\/{rel}","templated":true}]}}