{"id":1512,"date":"2023-07-14T08:56:42","date_gmt":"2023-07-14T08:56:42","guid":{"rendered":"https:\/\/chemuza.org\/pt\/neodimio\/"},"modified":"2023-07-14T08:56:42","modified_gmt":"2023-07-14T08:56:42","slug":"neodimio","status":"publish","type":"page","link":"https:\/\/chemuza.org\/pt\/neodimio\/","title":{"rendered":"Neod\u00edmio"},"content":{"rendered":"<p>Voc\u00ea sabia que Mischmetall ou Misch metal \u00e9 uma liga composta por 18% de neod\u00edmio? Est\u00e1 presente em eletrodom\u00e9sticos como televisores, vidrarias diversas e l\u00e2mpadas fluorescentes. Por\u00e9m, \u00e9 um elemento qu\u00edmico que n\u00e3o existe livremente no planeta Terra. Descubra suas propriedades, caracter\u00edsticas e aplica\u00e7\u00f5es.<\/p>\n<h2> <strong>O que \u00e9<\/strong> <strong>neod\u00edmio<\/strong> <strong>?<\/strong><\/h2>\n<p> O elemento qu\u00edmico Neod\u00edmio \u00e9 um metal que faz parte da s\u00e9rie dos Lantan\u00eddeos e pertence ao grupo das terras raras. Geralmente \u00e9 muito reativo, corr\u00f3i facilmente e possui um brilho met\u00e1lico usado para fazer solu\u00e7\u00f5es roxo-avermelhadas. Por outro lado, possui 6 is\u00f3topos est\u00e1veis diferentes encontrados na natureza, 60 el\u00e9trons e peso at\u00f4mico de 144,24.<\/p>\n<h3> <strong>S\u00edmbolo de neod\u00edmio<\/strong><\/h3>\n<p> <span class=\"content-chemical-element\" style=\"float: left;width: 65px;height: 65px;border: 3px solid #666; display:flex;\n    justify-content: center;align-items: center;margin-right: 15px;\"><span style=\"font-size: 38px;\">Nd<\/span><\/span> A abreviatura do elemento vem das express\u00f5es gregas <em>neos<\/em> e <em>didymos<\/em> , que passam a ter o <em>novo significado de g\u00eameo<\/em> . Recebe esse nome porque o elemento foi descoberto junto com o praseod\u00edmio, e tamb\u00e9m por ser a fra\u00e7\u00e3o que continha maior abund\u00e2ncia de did\u00edmio.<\/p>\n<h2> <strong>Caracter\u00edsticas do neod\u00edmio<\/strong><\/h2>\n<p> Este metal tem a capacidade de emitir um som semelhante ao do bronze quando atingido. Al\u00e9m disso, seus \u00e1tomos interagem entre si por meio de uma liga\u00e7\u00e3o met\u00e1lica. Da mesma forma, possui maleabilidade e densidade de 6,89 g\/cm\u00b3 at\u00e9 o ponto de fus\u00e3o. Observe outros recursos especiais abaixo:<\/p>\n<ul>\n<li> <strong>Reatividade Qu\u00edmica:<\/strong> Reage rapidamente com oxig\u00eanio, subst\u00e2ncias \u00e1cidas e \u00e1gua quente.<\/li>\n<li> <strong>Condi\u00e7\u00e3o<\/strong> : \u00c9 s\u00f3lido \u00e0 temperatura ambiente.<\/li>\n<li> <strong>Cor<\/strong> : Apresenta aspecto branco prateado amarelado brilhante e forma compostos rosados ou roxos.<\/li>\n<li> <strong>Altera\u00e7\u00f5es<\/strong> : Escurece facilmente na presen\u00e7a de oxig\u00eanio. Solu\u00e7\u00f5es aquosas iluminadas por luz fluorescente ficam amarelas.<\/li>\n<li> <strong>Estrutura qu\u00edmica<\/strong> : Possui estrutura cristalina dupla hexagonal compacta, mas quando aquecido a 863\u00ba C se transforma em um corpo c\u00fabico centrado.<\/li>\n<li> <strong>Condutor<\/strong> : Conduz bem calor e eletricidade.<\/li>\n<li> <strong>Dureza<\/strong> : Possui dureza semelhante \u00e0 do ferro.<\/li>\n<li> <strong>Ordem magn\u00e9tica<\/strong> : \u00c9 paramagn\u00e9tica. Pode adquirir satura\u00e7\u00e3o magn\u00e9tica a -253,15\u00b0C e tornar-se antiferromagn\u00e9tico.<\/li>\n<li> <strong>Estados de Oxida\u00e7\u00e3o<\/strong> : Seus compostos participam dos estados de oxida\u00e7\u00e3o 0, +1, +2, +3 e +4, embora o mais comum e est\u00e1vel seja o +3.<\/li>\n<\/ul>\n<h2> <strong>Propriedades<\/strong> <strong>qu\u00edmicas<\/strong> e f\u00edsicas <strong>do neod\u00edmio<\/strong><\/h2>\n<ol>\n<li> <strong>N\u00famero at\u00f4mico<\/strong> : 60<\/li>\n<li> <strong>Estados de oxida\u00e7\u00e3o<\/strong> : +3<\/li>\n<li> <strong>Raio covalente (\u00c5)<\/strong> : 164 pm<\/li>\n<li> <strong>Calor espec\u00edfico<\/strong> : 190 J\/(K-kg)<\/li>\n<li> <strong>El\u00e9trons por n\u00edvel<\/strong> : 2, 8, 18, 22, 8, 2<\/li>\n<li> <strong>Entalpia de vaporiza\u00e7\u00e3o<\/strong> : 273 kJ\/mol<\/li>\n<li> <strong>Configura\u00e7\u00e3o eletr\u00f4nica<\/strong> : [Xe]4f <sup>4<\/sup> 6s <sup>2<\/sup><\/li>\n<li> <strong>Ponto de ebuli\u00e7\u00e3o<\/strong> : 3100 \u00b0C (3373 K)<\/li>\n<li> <strong>Massa at\u00f4mica (g\/mol)<\/strong> : 144,24 u<\/li>\n<li> <strong>Primeiro potencial de ioniza\u00e7\u00e3o (eV)<\/strong> : 533,1 kJ\/mol<\/li>\n<li> <strong>Eletronegatividade<\/strong> : 1,14 (escala Pauling)<\/li>\n<li> <strong>Velocidade do som<\/strong> : 2330 m\/s a 293,15 K<\/li>\n<li> <strong>Entalpia de fus\u00e3o<\/strong> : 7,14 kJ\/mol<\/li>\n<li> <strong>Condi\u00e7\u00e3o normal<\/strong> : S\u00f3lido.<\/li>\n<li> <strong>Densidade<\/strong> : 7,00g\/ml<\/li>\n<li> <strong>\u00d3xido<\/strong> : Ligeiramente b\u00e1sico.<\/li>\n<li> <strong>Raio at\u00f4mico (\u00c5)<\/strong> : 206 pm (raio de Bohr)<\/li>\n<li> <strong>Ponto de fus\u00e3o<\/strong> : 1024\u00b0C (1297K)<\/li>\n<\/ol>\n<h2> <strong>Origem do<\/strong> <strong>neod\u00edmio<\/strong><\/h2>\n<p> Segundo a hist\u00f3ria, sua descoberta come\u00e7ou gra\u00e7as ao Did\u00edmio, at\u00e9 ent\u00e3o considerado erroneamente como elemento qu\u00edmico. Isso aconteceu especificamente em 1885 pelas m\u00e3os de Carl Auer von Welsbach. Este qu\u00edmico conseguiu fracionar o Didymium usando an\u00e1lise espectrosc\u00f3pica.<\/p>\n<p> Posteriormente, o Bar\u00e3o Welsbach, ap\u00f3s realizar dif\u00edceis cristaliza\u00e7\u00f5es fracionadas em sais de am\u00f4nio e nitrato, conseguiu separar o elemento Neod\u00edmio do Praseod\u00edmio, pois ambos constitu\u00edam o Did\u00edmio. O sal do primeiro tinha uma cor rosada, enquanto o segundo tinha um tom esverdeado. Finalmente, o estado puro foi isolado pouco antes de 1925.<\/p>\n<h2> <strong>Para que \u00e9 usado o Neod\u00edmio?<\/strong><\/h2>\n<p> \u00c9 um elemento utilizado na confec\u00e7\u00e3o de lentes de prote\u00e7\u00e3o, pois pode absorver luzes incandescentes amareladas durante a soldagem. Al\u00e9m disso, isso d\u00e1 aos cristais cores diferentes que mudam dependendo da luz incidente. Outros usos do neod\u00edmio s\u00e3o:<\/p>\n<ul>\n<li> \u00c9 recicl\u00e1vel e a ind\u00fastria de ve\u00edculos el\u00e9tricos utiliza-o para fazer \u00edm\u00e3s poderosos.<\/li>\n<li> O \u00f3xido de neod\u00edmio \u00e9 usado em lasers de alta pot\u00eancia, como radia\u00e7\u00e3o infravermelha e c\u00e2meras.<\/li>\n<li> \u00c9 utilizado como substituto da pintura met\u00e1lica em autom\u00f3veis.<\/li>\n<li> Seus sais s\u00e3o utilizados como corante para esmaltes.<\/li>\n<li> \u00c9 usado como fertilizante para aumentar o crescimento das plantas.<\/li>\n<li> Gra\u00e7as ao seu bom comportamento eletr\u00f4nico, \u00e9 frequentemente utilizado como material para captadores de guitarra.<\/li>\n<\/ul>\n<h2> O que \u00e9 um <strong>\u00edm\u00e3<\/strong> <strong>de neod\u00edmio<\/strong> <strong>?<\/strong><\/h2>\n<p> \u00c9 um tipo de \u00edm\u00e3 permanente de terras raras, feito de uma liga de neod\u00edmio, ferro e boro. Foi criado pela empresa General Motors e pela fabricante Sumitomo Metal Industries. \u00c9 utilizado para diversas aplica\u00e7\u00f5es na ind\u00fastria moderna, por exemplo, para ferramentas sem fio, almofadas magn\u00e9ticas e discos r\u00edgidos.<\/p>\n<p> Em resumo, o neod\u00edmio \u00e9 um elemento met\u00e1lico da s\u00e9rie dos lantan\u00eddeos e pertence ao grupo das terras raras. \u00c9 male\u00e1vel, reativo, s\u00f3lido, branco prateado, paramagn\u00e9tico, bom condutor t\u00e9rmico e el\u00e9trico. Algumas de suas aplica\u00e7\u00f5es s\u00e3o \u00edm\u00e3s de neod\u00edmio, colora\u00e7\u00e3o de vidros e substituto de tintas met\u00e1licas.<\/p>\n","protected":false},"excerpt":{"rendered":"<p>Voc\u00ea sabia que Mischmetall ou Misch metal \u00e9 uma liga composta por 18% de neod\u00edmio? Est\u00e1 presente em eletrodom\u00e9sticos como televisores, vidrarias diversas e l\u00e2mpadas fluorescentes. Por\u00e9m, \u00e9 um elemento qu\u00edmico que n\u00e3o existe livremente no planeta Terra. Descubra suas propriedades, caracter\u00edsticas e aplica\u00e7\u00f5es. O que \u00e9 neod\u00edmio ? O elemento qu\u00edmico Neod\u00edmio \u00e9 um &#8230; <a title=\"Neod\u00edmio\" class=\"read-more\" href=\"https:\/\/chemuza.org\/pt\/neodimio\/\" aria-label=\"Mais em Neod\u00edmio\">Ler mais<\/a><\/p>\n","protected":false},"author":1,"featured_media":0,"parent":0,"menu_order":0,"comment_status":"closed","ping_status":"closed","template":"","meta":{"footnotes":""},"class_list":["post-1512","page","type-page","status-publish"],"yoast_head":"<!-- This site is optimized with the Yoast SEO plugin v21.4 - https:\/\/yoast.com\/wordpress\/plugins\/seo\/ -->\n<title>Neod\u00edmio - Chemuza<\/title>\n<meta name=\"robots\" content=\"index, follow, max-snippet:-1, max-image-preview:large, max-video-preview:-1\" \/>\n<link rel=\"canonical\" href=\"https:\/\/chemuza.org\/pt\/neodimio\/\" \/>\n<meta property=\"og:locale\" content=\"pt_PT\" \/>\n<meta property=\"og:type\" content=\"article\" \/>\n<meta property=\"og:title\" content=\"Neod\u00edmio - Chemuza\" \/>\n<meta property=\"og:description\" content=\"Voc\u00ea sabia que Mischmetall ou Misch metal \u00e9 uma liga composta por 18% de neod\u00edmio? Est\u00e1 presente em eletrodom\u00e9sticos como televisores, vidrarias diversas e l\u00e2mpadas fluorescentes. Por\u00e9m, \u00e9 um elemento qu\u00edmico que n\u00e3o existe livremente no planeta Terra. Descubra suas propriedades, caracter\u00edsticas e aplica\u00e7\u00f5es. O que \u00e9 neod\u00edmio ? O elemento qu\u00edmico Neod\u00edmio \u00e9 um ... Ler mais\" \/>\n<meta property=\"og:url\" content=\"https:\/\/chemuza.org\/pt\/neodimio\/\" \/>\n<meta property=\"og:site_name\" content=\"Statorials\" \/>\n<meta name=\"twitter:card\" content=\"summary_large_image\" \/>\n<meta name=\"twitter:label1\" content=\"Tempo estimado de leitura\" \/>\n\t<meta name=\"twitter:data1\" content=\"4 minutos\" \/>\n<script type=\"application\/ld+json\" class=\"yoast-schema-graph\">{\"@context\":\"https:\/\/schema.org\",\"@graph\":[{\"@type\":\"WebPage\",\"@id\":\"https:\/\/chemuza.org\/pt\/neodimio\/\",\"url\":\"https:\/\/chemuza.org\/pt\/neodimio\/\",\"name\":\"Neod\u00edmio - Chemuza\",\"isPartOf\":{\"@id\":\"https:\/\/chemuza.org\/pt\/#website\"},\"datePublished\":\"2023-07-14T08:56:42+00:00\",\"dateModified\":\"2023-07-14T08:56:42+00:00\",\"breadcrumb\":{\"@id\":\"https:\/\/chemuza.org\/pt\/neodimio\/#breadcrumb\"},\"inLanguage\":\"pt-PT\",\"potentialAction\":[{\"@type\":\"ReadAction\",\"target\":[\"https:\/\/chemuza.org\/pt\/neodimio\/\"]}]},{\"@type\":\"BreadcrumbList\",\"@id\":\"https:\/\/chemuza.org\/pt\/neodimio\/#breadcrumb\",\"itemListElement\":[{\"@type\":\"ListItem\",\"position\":1,\"name\":\"Lar\",\"item\":\"https:\/\/chemuza.org\/pt\/\"},{\"@type\":\"ListItem\",\"position\":2,\"name\":\"Neod\u00edmio\"}]},{\"@type\":\"WebSite\",\"@id\":\"https:\/\/chemuza.org\/pt\/#website\",\"url\":\"https:\/\/chemuza.org\/pt\/\",\"name\":\"Chemuza\",\"description\":\"Sua porta de entrada para a descoberta qu\u00edmica!\",\"publisher\":{\"@id\":\"https:\/\/chemuza.org\/pt\/#organization\"},\"potentialAction\":[{\"@type\":\"SearchAction\",\"target\":{\"@type\":\"EntryPoint\",\"urlTemplate\":\"https:\/\/chemuza.org\/pt\/?s={search_term_string}\"},\"query-input\":\"required name=search_term_string\"}],\"inLanguage\":\"pt-PT\"},{\"@type\":\"Organization\",\"@id\":\"https:\/\/chemuza.org\/pt\/#organization\",\"name\":\"Chemuza\",\"url\":\"https:\/\/chemuza.org\/pt\/\",\"logo\":{\"@type\":\"ImageObject\",\"inLanguage\":\"pt-PT\",\"@id\":\"https:\/\/chemuza.org\/pt\/#\/schema\/logo\/image\/\",\"url\":\"https:\/\/chemuza.org\/pt\/wp-content\/uploads\/2023\/10\/chemuza-logo.png\",\"contentUrl\":\"https:\/\/chemuza.org\/pt\/wp-content\/uploads\/2023\/10\/chemuza-logo.png\",\"width\":387,\"height\":70,\"caption\":\"Chemuza\"},\"image\":{\"@id\":\"https:\/\/chemuza.org\/pt\/#\/schema\/logo\/image\/\"}}]}<\/script>\n<!-- \/ Yoast SEO plugin. -->","yoast_head_json":{"title":"Neod\u00edmio - Chemuza","robots":{"index":"index","follow":"follow","max-snippet":"max-snippet:-1","max-image-preview":"max-image-preview:large","max-video-preview":"max-video-preview:-1"},"canonical":"https:\/\/chemuza.org\/pt\/neodimio\/","og_locale":"pt_PT","og_type":"article","og_title":"Neod\u00edmio - Chemuza","og_description":"Voc\u00ea sabia que Mischmetall ou Misch metal \u00e9 uma liga composta por 18% de neod\u00edmio? Est\u00e1 presente em eletrodom\u00e9sticos como televisores, vidrarias diversas e l\u00e2mpadas fluorescentes. Por\u00e9m, \u00e9 um elemento qu\u00edmico que n\u00e3o existe livremente no planeta Terra. Descubra suas propriedades, caracter\u00edsticas e aplica\u00e7\u00f5es. O que \u00e9 neod\u00edmio ? O elemento qu\u00edmico Neod\u00edmio \u00e9 um ... Ler mais","og_url":"https:\/\/chemuza.org\/pt\/neodimio\/","og_site_name":"Statorials","twitter_card":"summary_large_image","twitter_misc":{"Tempo estimado de leitura":"4 minutos"},"schema":{"@context":"https:\/\/schema.org","@graph":[{"@type":"WebPage","@id":"https:\/\/chemuza.org\/pt\/neodimio\/","url":"https:\/\/chemuza.org\/pt\/neodimio\/","name":"Neod\u00edmio - Chemuza","isPartOf":{"@id":"https:\/\/chemuza.org\/pt\/#website"},"datePublished":"2023-07-14T08:56:42+00:00","dateModified":"2023-07-14T08:56:42+00:00","breadcrumb":{"@id":"https:\/\/chemuza.org\/pt\/neodimio\/#breadcrumb"},"inLanguage":"pt-PT","potentialAction":[{"@type":"ReadAction","target":["https:\/\/chemuza.org\/pt\/neodimio\/"]}]},{"@type":"BreadcrumbList","@id":"https:\/\/chemuza.org\/pt\/neodimio\/#breadcrumb","itemListElement":[{"@type":"ListItem","position":1,"name":"Lar","item":"https:\/\/chemuza.org\/pt\/"},{"@type":"ListItem","position":2,"name":"Neod\u00edmio"}]},{"@type":"WebSite","@id":"https:\/\/chemuza.org\/pt\/#website","url":"https:\/\/chemuza.org\/pt\/","name":"Chemuza","description":"Sua porta de entrada para a descoberta qu\u00edmica!","publisher":{"@id":"https:\/\/chemuza.org\/pt\/#organization"},"potentialAction":[{"@type":"SearchAction","target":{"@type":"EntryPoint","urlTemplate":"https:\/\/chemuza.org\/pt\/?s={search_term_string}"},"query-input":"required name=search_term_string"}],"inLanguage":"pt-PT"},{"@type":"Organization","@id":"https:\/\/chemuza.org\/pt\/#organization","name":"Chemuza","url":"https:\/\/chemuza.org\/pt\/","logo":{"@type":"ImageObject","inLanguage":"pt-PT","@id":"https:\/\/chemuza.org\/pt\/#\/schema\/logo\/image\/","url":"https:\/\/chemuza.org\/pt\/wp-content\/uploads\/2023\/10\/chemuza-logo.png","contentUrl":"https:\/\/chemuza.org\/pt\/wp-content\/uploads\/2023\/10\/chemuza-logo.png","width":387,"height":70,"caption":"Chemuza"},"image":{"@id":"https:\/\/chemuza.org\/pt\/#\/schema\/logo\/image\/"}}]}},"yoast_meta":{"yoast_wpseo_title":"","yoast_wpseo_metadesc":"","yoast_wpseo_canonical":""},"_links":{"self":[{"href":"https:\/\/chemuza.org\/pt\/wp-json\/wp\/v2\/pages\/1512","targetHints":{"allow":["GET"]}}],"collection":[{"href":"https:\/\/chemuza.org\/pt\/wp-json\/wp\/v2\/pages"}],"about":[{"href":"https:\/\/chemuza.org\/pt\/wp-json\/wp\/v2\/types\/page"}],"author":[{"embeddable":true,"href":"https:\/\/chemuza.org\/pt\/wp-json\/wp\/v2\/users\/1"}],"replies":[{"embeddable":true,"href":"https:\/\/chemuza.org\/pt\/wp-json\/wp\/v2\/comments?post=1512"}],"version-history":[{"count":0,"href":"https:\/\/chemuza.org\/pt\/wp-json\/wp\/v2\/pages\/1512\/revisions"}],"wp:attachment":[{"href":"https:\/\/chemuza.org\/pt\/wp-json\/wp\/v2\/media?parent=1512"}],"curies":[{"name":"wp","href":"https:\/\/api.w.org\/{rel}","templated":true}]}}