{"id":1511,"date":"2023-07-14T09:34:11","date_gmt":"2023-07-14T09:34:11","guid":{"rendered":"https:\/\/chemuza.org\/pt\/praseodimio\/"},"modified":"2023-07-14T09:34:11","modified_gmt":"2023-07-14T09:34:11","slug":"praseodimio","status":"publish","type":"page","link":"https:\/\/chemuza.org\/pt\/praseodimio\/","title":{"rendered":"Praseod\u00edmio"},"content":{"rendered":"<p>O praseod\u00edmio \u00e9 um dos elementos raros da tabela peri\u00f3dica porque \u00e9 raro como elemento e s\u00f3 \u00e9 encontrado em dois tipos de minerais. Entre suas aplica\u00e7\u00f5es, \u00e9 utilizado em l\u00e2mpadas fluorescentes, vidros e televisores coloridos, polimento de vidros e fabrica\u00e7\u00e3o de catalisadores. Veja outras utiliza\u00e7\u00f5es e descubra o que este metal acarreta com suas propriedades e caracter\u00edsticas.<\/p>\n<h2> <strong>O que \u00e9 praseod\u00edmio?<\/strong><\/h2>\n<p> \u00c9 um elemento met\u00e1lico branco prateado amarelado suave. Quando exposto ao ar, reage muito lentamente com o oxig\u00eanio e cria um \u00f3xido verde que n\u00e3o o protege da oxida\u00e7\u00e3o. Comparado com outros metais raros, pode resistir mais \u00e0 corros\u00e3o do ar.<\/p>\n<p> Possui apenas um is\u00f3topo est\u00e1vel, <sup>o 141<\/sup> Pr, s\u00e3o conhecidos 38 radiois\u00f3topos, sendo os mais longos o <sup>143<\/sup> Pr e <sup>o 142<\/sup> Pr, com vida \u00fatil de pouco mais de 13 dias. Al\u00e9m disso, alguns de seus compostos incluem cloretos, brometos, \u00f3xidos, iodetos, selenetos, fluoretos, sulfetos, nitretos e tel\u00faricos.<\/p>\n<h3> <strong>S\u00edmbolo de praseod\u00edmio<\/strong><\/h3>\n<p> <span class=\"content-chemical-element\" style=\"float: left;width: 65px;height: 65px;border: 3px solid #666; display:flex;\n    justify-content: center;align-items: center;margin-right: 15px;\"><span style=\"font-size: 38px;\">Pr<\/span><\/span> Como elemento qu\u00edmico, pertence ao grupo dos lantan\u00eddeos ou elementos de terras raras mais conhecidos, dispon\u00edveis na forma de \u00f3xido. Seu n\u00famero at\u00f4mico \u00e9 59 e seu peso at\u00f4mico \u00e9 140,907.<\/p>\n<h2> <strong>Caracter\u00edsticas do praseod\u00edmio<\/strong><\/h2>\n<p> Este metal \u00e9 mais resistente \u00e0 corros\u00e3o do ar que o lant\u00e2nio, o neod\u00edmio, o eur\u00f3pio e o c\u00e9rio. \u00c9 um bom condutor de eletricidade e calor, al\u00e9m de outras caracter\u00edsticas aqui resumidas:<\/p>\n<ul>\n<li> <strong>Reatividade:<\/strong> A \u00e1gua reage para criar hidrog\u00eanio, o que n\u00e3o ocorre na presen\u00e7a de ar seco.<\/li>\n<li> <strong>Apar\u00eancia<\/strong> : \u00c9 liso e prateado.<\/li>\n<li> <strong>Condi\u00e7\u00e3o<\/strong> : S\u00f3lido.<\/li>\n<li> <strong>Magnetismo<\/strong> : Em todas as temperaturas acima de 1 K, \u00e9 paramagn\u00e9tico.<\/li>\n<li> <strong>Estrutura<\/strong> : \u00c0 temperatura ambiente \u00e9 duplamente hexagonal e quando a temperatura ultrapassa 560\u00b0C \u00e9 c\u00fabica centrada.<\/li>\n<\/ul>\n<h2> <strong>Propriedades qu\u00edmicas e f\u00edsicas do praseod\u00edmio<\/strong><\/h2>\n<ol>\n<li> <strong>N\u00famero at\u00f4mico<\/strong> : 59<\/li>\n<li> <strong>Massa at\u00f4mica:<\/strong> 140,90765 voc\u00ea<\/li>\n<li> <strong>Per\u00edodo:<\/strong> 6<\/li>\n<li> <strong>bloco:<\/strong> f<\/li>\n<li> <strong>Raio covalente (\u00c5):<\/strong> 165<\/li>\n<li> <strong>Raio at\u00f4mico:<\/strong> 247<\/li>\n<li> <strong>Eletronegatividade:<\/strong> 1,13<\/li>\n<li> <strong>Densidade:<\/strong> 6640 kg\/m\u00b3<\/li>\n<li> <strong>Entalpia de fus\u00e3o:<\/strong> 6,89 Kj\/mol<\/li>\n<li> <strong>Estado de oxida\u00e7\u00e3o:<\/strong> 3<\/li>\n<li> <strong>Ponto de fus\u00e3o:<\/strong> 1204K<\/li>\n<li> <strong>Ponto de ebuli\u00e7\u00e3o:<\/strong> 3793K<\/li>\n<li> <strong>Configura\u00e7\u00e3o eletr\u00f4nica:<\/strong> [Xe] 6s <sup>2<\/sup> 4f <sup>3<\/sup><\/li>\n<li> <strong>Velocidade do som:<\/strong> 2.280 m\/s a 293,15 K<\/li>\n<li> <strong>Press\u00e3o de vapor:<\/strong> 1,333224 10 <sup>-6<\/sup> Pa a 1070 K<\/li>\n<li> <strong>Entalpia de vaporiza\u00e7\u00e3o:<\/strong> 269,8 kJ\/mol<\/li>\n<li> <strong>Condutividade el\u00e9trica:<\/strong> 1,48 10 <sup>6<\/sup> S\/m<\/li>\n<li> <strong>Condutividade t\u00e9rmica:<\/strong> 12,5W<\/li>\n<\/ol>\n<h2> <strong>Origem do praseod\u00edmio<\/strong><\/h2>\n<p> O nome vem das palavras gregas <em>prasios<\/em> <em>didymos<\/em> , que significa g\u00eameos verdes, pois foi descoberto com o neod\u00edmio. Em 1841, o qu\u00edmico sueco Carl Gustaf Mosander extraiu um elemento conhecido como Didyma, embora sempre se tenha pensado que n\u00e3o era um elemento puro. No entanto, em 1885, o qu\u00edmico austr\u00edaco Carl Auer von Welsbach descobriu que poderia separar o did\u00edmio em subst\u00e2ncias mais simples. Embora tenha levado muitos anos, ele desenvolveu um m\u00e9todo que o ajudou a dividir o Did\u00edmio em dois elementos diferentes, incluindo o Praseod\u00edmio.<\/p>\n<h2> <strong>Para que \u00e9 usado o praseod\u00edmio?<\/strong><\/h2>\n<p> Por ser um elemento raro, n\u00e3o est\u00e1 muito presente na atividade humana. Na verdade, o uso biol\u00f3gico explor\u00e1vel n\u00e3o \u00e9 conhecido. O maior uso que lhe \u00e9 dado hoje \u00e9 na ind\u00fastria aeron\u00e1utica. Este metal forma uma liga com magn\u00e9sio e resulta em um metal de alta resist\u00eancia, perfeito para motores de aeronaves. Conhe\u00e7a mais aplica\u00e7\u00f5es do elemento:<\/p>\n<ul>\n<li> \u00c9 usado na fabrica\u00e7\u00e3o de pederneira para isqueiros e l\u00e2mpadas de arco de carbono, que iluminam est\u00fadios de grava\u00e7\u00e3o e projetores.<\/li>\n<li> \u00c9 utilizado para amplificar sinais, este elemento \u00e9 adicionado aos cabos de fibra \u00f3ptica.<\/li>\n<li> O vidro did\u00edmio, cujo principal ingrediente \u00e9 o praseod\u00edmio, \u00e9 um corante utilizado na fabrica\u00e7\u00e3o de \u00f3culos de seguran\u00e7a para sopradores de vidro.<\/li>\n<li> Seus compostos s\u00e3o \u00fateis para tingir vidros e esmaltes de amarelo.<\/li>\n<li> Com \u00f3xido de zirc\u00f4nio, imitam a pedra preciosa peridoto.<\/li>\n<li> Ligado ao N\u00edquel, proporciona um efeito magnetocal\u00f3rico, que permite chegar a um mil\u00e9simo de grau do zero absoluto.<\/li>\n<\/ul>\n<h2> <strong>Praseod\u00edmio e sa\u00fade<\/strong><\/h2>\n<p> O perigo deste elemento \u00e9 representado pela inala\u00e7\u00e3o dos seus gases em ambientes de trabalho industriais. Nestes casos, pode causar embolia pulmonar e danos ao f\u00edgado. Por outro lado, a exposi\u00e7\u00e3o em casa \u00e9 m\u00ednima gra\u00e7as \u00e0s l\u00e2mpadas fluorescentes e ao vidro.<\/p>\n<h2> <strong>Onde o praseod\u00edmio \u00e9 encontrado?<\/strong><\/h2>\n<p> Na crosta terrestre \u00e9 encontrado em pequenas quantidades, sob minerais como Bastnasita e Monacita. Tamb\u00e9m entra no meio ambiente atrav\u00e9s das ind\u00fastrias petrol\u00edferas e do descarte de eletrodom\u00e9sticos defeituosos. Al\u00e9m disso, as principais \u00e1reas de minera\u00e7\u00e3o de Praseod\u00edmio est\u00e3o localizadas nos Estados Unidos, China, Sri Lanka, Austr\u00e1lia e Brasil.<\/p>\n<p> Resumindo, o praseod\u00edmio \u00e9 um elemento qu\u00edmico da tabela peri\u00f3dica encontrado em pequenas propor\u00e7\u00f5es na crosta terrestre. Pode ser obtido atrav\u00e9s de modernas t\u00e9cnicas de extra\u00e7\u00e3o, por exemplo, uso de compostos solventes e troca i\u00f4nica.<\/p>\n","protected":false},"excerpt":{"rendered":"<p>O praseod\u00edmio \u00e9 um dos elementos raros da tabela peri\u00f3dica porque \u00e9 raro como elemento e s\u00f3 \u00e9 encontrado em dois tipos de minerais. Entre suas aplica\u00e7\u00f5es, \u00e9 utilizado em l\u00e2mpadas fluorescentes, vidros e televisores coloridos, polimento de vidros e fabrica\u00e7\u00e3o de catalisadores. Veja outras utiliza\u00e7\u00f5es e descubra o que este metal acarreta com suas &#8230; <a title=\"Praseod\u00edmio\" class=\"read-more\" href=\"https:\/\/chemuza.org\/pt\/praseodimio\/\" aria-label=\"Mais em Praseod\u00edmio\">Ler mais<\/a><\/p>\n","protected":false},"author":1,"featured_media":0,"parent":0,"menu_order":0,"comment_status":"closed","ping_status":"closed","template":"","meta":{"footnotes":""},"class_list":["post-1511","page","type-page","status-publish"],"yoast_head":"<!-- This site is optimized with the Yoast SEO plugin v21.4 - https:\/\/yoast.com\/wordpress\/plugins\/seo\/ -->\n<title>Praseod\u00edmio - Chemuza<\/title>\n<meta name=\"robots\" content=\"index, follow, max-snippet:-1, max-image-preview:large, max-video-preview:-1\" \/>\n<link rel=\"canonical\" href=\"https:\/\/chemuza.org\/pt\/praseodimio\/\" \/>\n<meta property=\"og:locale\" content=\"pt_PT\" \/>\n<meta property=\"og:type\" content=\"article\" \/>\n<meta property=\"og:title\" content=\"Praseod\u00edmio - Chemuza\" \/>\n<meta property=\"og:description\" content=\"O praseod\u00edmio \u00e9 um dos elementos raros da tabela peri\u00f3dica porque \u00e9 raro como elemento e s\u00f3 \u00e9 encontrado em dois tipos de minerais. Entre suas aplica\u00e7\u00f5es, \u00e9 utilizado em l\u00e2mpadas fluorescentes, vidros e televisores coloridos, polimento de vidros e fabrica\u00e7\u00e3o de catalisadores. Veja outras utiliza\u00e7\u00f5es e descubra o que este metal acarreta com suas ... Ler mais\" \/>\n<meta property=\"og:url\" content=\"https:\/\/chemuza.org\/pt\/praseodimio\/\" \/>\n<meta property=\"og:site_name\" content=\"Statorials\" \/>\n<meta name=\"twitter:card\" content=\"summary_large_image\" \/>\n<meta name=\"twitter:label1\" content=\"Tempo estimado de leitura\" \/>\n\t<meta name=\"twitter:data1\" content=\"4 minutos\" \/>\n<script type=\"application\/ld+json\" class=\"yoast-schema-graph\">{\"@context\":\"https:\/\/schema.org\",\"@graph\":[{\"@type\":\"WebPage\",\"@id\":\"https:\/\/chemuza.org\/pt\/praseodimio\/\",\"url\":\"https:\/\/chemuza.org\/pt\/praseodimio\/\",\"name\":\"Praseod\u00edmio - Chemuza\",\"isPartOf\":{\"@id\":\"https:\/\/chemuza.org\/pt\/#website\"},\"datePublished\":\"2023-07-14T09:34:11+00:00\",\"dateModified\":\"2023-07-14T09:34:11+00:00\",\"breadcrumb\":{\"@id\":\"https:\/\/chemuza.org\/pt\/praseodimio\/#breadcrumb\"},\"inLanguage\":\"pt-PT\",\"potentialAction\":[{\"@type\":\"ReadAction\",\"target\":[\"https:\/\/chemuza.org\/pt\/praseodimio\/\"]}]},{\"@type\":\"BreadcrumbList\",\"@id\":\"https:\/\/chemuza.org\/pt\/praseodimio\/#breadcrumb\",\"itemListElement\":[{\"@type\":\"ListItem\",\"position\":1,\"name\":\"Lar\",\"item\":\"https:\/\/chemuza.org\/pt\/\"},{\"@type\":\"ListItem\",\"position\":2,\"name\":\"Praseod\u00edmio\"}]},{\"@type\":\"WebSite\",\"@id\":\"https:\/\/chemuza.org\/pt\/#website\",\"url\":\"https:\/\/chemuza.org\/pt\/\",\"name\":\"Chemuza\",\"description\":\"Sua porta de entrada para a descoberta qu\u00edmica!\",\"publisher\":{\"@id\":\"https:\/\/chemuza.org\/pt\/#organization\"},\"potentialAction\":[{\"@type\":\"SearchAction\",\"target\":{\"@type\":\"EntryPoint\",\"urlTemplate\":\"https:\/\/chemuza.org\/pt\/?s={search_term_string}\"},\"query-input\":\"required name=search_term_string\"}],\"inLanguage\":\"pt-PT\"},{\"@type\":\"Organization\",\"@id\":\"https:\/\/chemuza.org\/pt\/#organization\",\"name\":\"Chemuza\",\"url\":\"https:\/\/chemuza.org\/pt\/\",\"logo\":{\"@type\":\"ImageObject\",\"inLanguage\":\"pt-PT\",\"@id\":\"https:\/\/chemuza.org\/pt\/#\/schema\/logo\/image\/\",\"url\":\"https:\/\/chemuza.org\/pt\/wp-content\/uploads\/2023\/10\/chemuza-logo.png\",\"contentUrl\":\"https:\/\/chemuza.org\/pt\/wp-content\/uploads\/2023\/10\/chemuza-logo.png\",\"width\":387,\"height\":70,\"caption\":\"Chemuza\"},\"image\":{\"@id\":\"https:\/\/chemuza.org\/pt\/#\/schema\/logo\/image\/\"}}]}<\/script>\n<!-- \/ Yoast SEO plugin. -->","yoast_head_json":{"title":"Praseod\u00edmio - Chemuza","robots":{"index":"index","follow":"follow","max-snippet":"max-snippet:-1","max-image-preview":"max-image-preview:large","max-video-preview":"max-video-preview:-1"},"canonical":"https:\/\/chemuza.org\/pt\/praseodimio\/","og_locale":"pt_PT","og_type":"article","og_title":"Praseod\u00edmio - Chemuza","og_description":"O praseod\u00edmio \u00e9 um dos elementos raros da tabela peri\u00f3dica porque \u00e9 raro como elemento e s\u00f3 \u00e9 encontrado em dois tipos de minerais. Entre suas aplica\u00e7\u00f5es, \u00e9 utilizado em l\u00e2mpadas fluorescentes, vidros e televisores coloridos, polimento de vidros e fabrica\u00e7\u00e3o de catalisadores. Veja outras utiliza\u00e7\u00f5es e descubra o que este metal acarreta com suas ... Ler mais","og_url":"https:\/\/chemuza.org\/pt\/praseodimio\/","og_site_name":"Statorials","twitter_card":"summary_large_image","twitter_misc":{"Tempo estimado de leitura":"4 minutos"},"schema":{"@context":"https:\/\/schema.org","@graph":[{"@type":"WebPage","@id":"https:\/\/chemuza.org\/pt\/praseodimio\/","url":"https:\/\/chemuza.org\/pt\/praseodimio\/","name":"Praseod\u00edmio - Chemuza","isPartOf":{"@id":"https:\/\/chemuza.org\/pt\/#website"},"datePublished":"2023-07-14T09:34:11+00:00","dateModified":"2023-07-14T09:34:11+00:00","breadcrumb":{"@id":"https:\/\/chemuza.org\/pt\/praseodimio\/#breadcrumb"},"inLanguage":"pt-PT","potentialAction":[{"@type":"ReadAction","target":["https:\/\/chemuza.org\/pt\/praseodimio\/"]}]},{"@type":"BreadcrumbList","@id":"https:\/\/chemuza.org\/pt\/praseodimio\/#breadcrumb","itemListElement":[{"@type":"ListItem","position":1,"name":"Lar","item":"https:\/\/chemuza.org\/pt\/"},{"@type":"ListItem","position":2,"name":"Praseod\u00edmio"}]},{"@type":"WebSite","@id":"https:\/\/chemuza.org\/pt\/#website","url":"https:\/\/chemuza.org\/pt\/","name":"Chemuza","description":"Sua porta de entrada para a descoberta qu\u00edmica!","publisher":{"@id":"https:\/\/chemuza.org\/pt\/#organization"},"potentialAction":[{"@type":"SearchAction","target":{"@type":"EntryPoint","urlTemplate":"https:\/\/chemuza.org\/pt\/?s={search_term_string}"},"query-input":"required name=search_term_string"}],"inLanguage":"pt-PT"},{"@type":"Organization","@id":"https:\/\/chemuza.org\/pt\/#organization","name":"Chemuza","url":"https:\/\/chemuza.org\/pt\/","logo":{"@type":"ImageObject","inLanguage":"pt-PT","@id":"https:\/\/chemuza.org\/pt\/#\/schema\/logo\/image\/","url":"https:\/\/chemuza.org\/pt\/wp-content\/uploads\/2023\/10\/chemuza-logo.png","contentUrl":"https:\/\/chemuza.org\/pt\/wp-content\/uploads\/2023\/10\/chemuza-logo.png","width":387,"height":70,"caption":"Chemuza"},"image":{"@id":"https:\/\/chemuza.org\/pt\/#\/schema\/logo\/image\/"}}]}},"yoast_meta":{"yoast_wpseo_title":"","yoast_wpseo_metadesc":"","yoast_wpseo_canonical":""},"_links":{"self":[{"href":"https:\/\/chemuza.org\/pt\/wp-json\/wp\/v2\/pages\/1511","targetHints":{"allow":["GET"]}}],"collection":[{"href":"https:\/\/chemuza.org\/pt\/wp-json\/wp\/v2\/pages"}],"about":[{"href":"https:\/\/chemuza.org\/pt\/wp-json\/wp\/v2\/types\/page"}],"author":[{"embeddable":true,"href":"https:\/\/chemuza.org\/pt\/wp-json\/wp\/v2\/users\/1"}],"replies":[{"embeddable":true,"href":"https:\/\/chemuza.org\/pt\/wp-json\/wp\/v2\/comments?post=1511"}],"version-history":[{"count":0,"href":"https:\/\/chemuza.org\/pt\/wp-json\/wp\/v2\/pages\/1511\/revisions"}],"wp:attachment":[{"href":"https:\/\/chemuza.org\/pt\/wp-json\/wp\/v2\/media?parent=1511"}],"curies":[{"name":"wp","href":"https:\/\/api.w.org\/{rel}","templated":true}]}}